{"id":1032,"date":"2016-11-24T06:36:56","date_gmt":"2016-11-24T06:36:56","guid":{"rendered":"http:\/\/moverdb.com\/?page_id=1032"},"modified":"2026-01-08T14:47:59","modified_gmt":"2026-01-08T14:47:59","slug":"coleman-worldwide-moving","status":"publish","type":"page","link":"https:\/\/moverdb.com\/fr\/coleman-worldwide-moving\/","title":{"rendered":"Coleman Worldwide Moving : Critiques sur les d\u00e9m\u00e9nagements internationaux"},"content":{"rendered":"<p>Coleman Worldwide Moving, \u00e9galement connu sous le nom de Coleman American Moving Services et Coleman Allied, offre de nombreux services de d\u00e9m\u00e9nagement international. Ceux-ci sont \u00e9num\u00e9r\u00e9s ci-dessous, ainsi qu'un profil de la soci\u00e9t\u00e9 et des commentaires.<\/p>\n<p><strong>D\u00e9m\u00e9nageurs internationaux<\/strong><\/p>\n<ul>\n<li> Service complet d'emballage<\/li>\n<li> Coordinateur de d\u00e9m\u00e9nagement personnel<\/li>\n<li> Mise en caisse personnalis\u00e9e<\/li>\n<li> <a href=\"https:\/\/moverdb.com\/fr\/voiture-transport-expedition\/\">Exp\u00e9dition de v\u00e9hicules<\/a><\/li>\n<li> Suivi en ligne des exp\u00e9ditions<\/li>\n<li> Stockage \u00e0 court et \u00e0 long terme<\/li>\n<li> D\u00e9ballage<\/li>\n<li> Enl\u00e8vement des d\u00e9bris<\/li>\n<\/ul>\n<p><strong>D\u00e9m\u00e9nagement d'entreprise<\/strong><\/p>\n<ul>\n<li> Service complet d'emballage<\/li>\n<li> Coordinateur de d\u00e9m\u00e9nagement personnel<\/li>\n<li> D'un employ\u00e9 \u00e0 l'ensemble du personnel<\/li>\n<li> D\u00e9ballage<\/li>\n<li> <a href=\"https:\/\/moverdb.com\/fr\/car-transport-shipping\/\" data-internallinksmanager029f6b8e52c=\"2\" title=\"2026 Devis pour le transport international de voitures et l&#039;exp\u00e9dition de v\u00e9hicules\">Exp\u00e9dition de v\u00e9hicules<\/a><\/li>\n<li> D\u00e9ballage et enl\u00e8vement des d\u00e9bris<\/li>\n<li> Suivi en ligne des exp\u00e9ditions<\/li>\n<\/ul>\n<p><strong>D\u00e9m\u00e9nageurs commerciaux<\/strong><\/p>\n<ul>\n<li> D\u00e9m\u00e9nagement industriel<\/li>\n<li> D\u00e9m\u00e9nagement du gouvernement<\/li>\n<li> D\u00e9m\u00e9nagement de bureaux<\/li>\n<li> D\u00e9m\u00e9nagement d'ordinateurs et d'appareils \u00e9lectroniques<\/li>\n<li> D\u00e9placement d'entreprise<\/li>\n<\/ul>\n<p><strong>D\u00e9m\u00e9nageurs gouvernementaux et militaires<\/strong><\/p>\n<ul>\n<li> Coordinateur de d\u00e9m\u00e9nagement personnel<\/li>\n<li> Service complet d'emballage<\/li>\n<li> Suivre des protocoles de mouvement stricts<\/li>\n<\/ul>\n<p><strong>D\u00e9m\u00e9nageurs domestiques<\/strong><\/p>\n<ul>\n<li> Coordinateur de d\u00e9m\u00e9nagement personnel<\/li>\n<li> Tout type de travail<\/li>\n<li> Service complet offert<\/li>\n<li> Emballage et d\u00e9ballage<\/li>\n<li> Stockage \u00e0 court et \u00e0 long terme<\/li>\n<\/ul>\n<h2>Profil de la soci\u00e9t\u00e9 Coleman Worldwide Moving<\/h2>\n<p>Coleman Worldwide Moving existe depuis 1914 et fait d\u00e9sormais partie du groupe Coleman World. Elle a d\u00e9but\u00e9 avec 8 chevaux et deux chariots, et se concentre aujourd'hui sur les d\u00e9m\u00e9nagements internationaux, longue distance, locaux et nationaux pour les particuliers et les entreprises.<\/p>\n<p>Elle est \u00e9galement connue sous le nom de Coleman American Moving Services et fait partie de l'entreprise <a href=\"https:\/\/moverdb.com\/fr\/allied-van-lines\/\">Allied Moving<\/a> les soci\u00e9t\u00e9s affili\u00e9es du groupe.<\/p>\n<p>Coleman dispose de plus de 50 bureaux appartenant \u00e0 la soci\u00e9t\u00e9 dans les pays suivants <a href=\"https:\/\/moverdb.com\/fr\/moving-to-the-united-states\/\" data-internallinksmanager029f6b8e52c=\"94\" title=\"Vous partez aux \u00c9tats-Unis ? 2026 Co\u00fbt de la vie et conseils de relocalisation\">US<\/a> et plus de 400 agents dans 175 pays du monde. Il s'agit d'une soci\u00e9t\u00e9 familiale qui est d\u00e9termin\u00e9e \u00e0 offrir le m\u00eame service que ses fondateurs en 1914. <\/p>\n<p>Coleman Worldwide Moving poss\u00e8de les accr\u00e9ditations et affiliations suivantes :<\/p>\n<ul>\n<li> <a href=\"https:\/\/moverdb.com\/fr\/jante-promoteur\/\">ProMover<\/a><\/li>\n<li> <a href=\"https:\/\/moverdb.com\/fr\/amsa\/\">AMSA<\/a><\/li>\n<li> Accr\u00e9dit\u00e9 par le BBB<\/li>\n<li> Laur\u00e9at du prix Allied Quality<\/li>\n<li> Bouger pour la faim<\/li>\n<\/ul>\n<p><strong>Commentaires sur Coleman Worldwide Moving<\/strong><\/p>\n<p><strong>Positif :<\/strong><\/p>\n<ul>\n<li> <em>\"Excellent service... D\u00e9m\u00e9nagement facile... sans stress. A fourni une estimation pr\u00e9cise du d\u00e9m\u00e9nagement. Personnel professionnel dans tous les domaines. De l'estimation \u00e0 la livraison. Ramassage, transport et livraison professionnels et amicaux. Merci beaucoup\".<\/em>  - Anthony via <a href=\"http:\/\/www.colemanallied.com\/moving-reviews\/\" target=\"_blank\" rel=\"noopener\">site web de l'entreprise<\/a><\/li>\n<li> <em>\"Mon p\u00e8re de 90 ans et moi ne pourrions pas \u00eatre plus satisfaits de Coleman Worldwide Moving.\"<\/em> - Tori via <a href=\"https:\/\/www.yelp.com\/biz\/coleman-american-moving-services-san-diego?hrid=Ofenf__KAOD4xnvo73xHNw&#038;utm_campaign=www_review_share_popup&#038;utm_medium=copy_link&#038;utm_source=(direct)\" target=\"_blank\" rel=\"noopener\">Yelp<\/a> (pour Coleman American Moving Services)<\/li>\n<li> <em>\"J'ai travaill\u00e9 dans le secteur du d\u00e9m\u00e9nagement, mais c'\u00e9tait la premi\u00e8re fois que j'\u00e9tais client. Les gars envoy\u00e9s pour le chargement \u00e9taient courtois, bien \u00e9lev\u00e9s et travaillaient dur. Exactement le type de gars que j'aurais moi-m\u00eame engag\u00e9 lorsque je cherchais une aide locale.\"<\/em> - Donna via <a href=\"https:\/\/www.facebook.com\/pg\/colemanallied\/reviews\/\" target=\"_blank\" rel=\"noopener\">Page Facebook<\/a><\/li>\n<li> <em>\"J'ai toujours eu de bonnes exp\u00e9riences de d\u00e9m\u00e9nagement avec Allied, mais ce d\u00e9m\u00e9nagement a d\u00e9pass\u00e9 de loin les autres ! C'\u00e9tait vraiment un d\u00e9m\u00e9nagement sans stress pour moi. \"<\/em> - Marlena via <a href=\"http:\/\/www.mymovingreviews.com\/movers\/coleman-worldwide-moving-3905#59102\" target=\"_blank\" rel=\"noopener\">MyMovingReviews<\/a><\/li>\n<\/ul>\n<p><strong>N\u00e9gatif :<\/strong><\/p>\n<ul>\n<li> <em>\"Notre exp\u00e9rience avec Coleman\/Allied Worldwide pour la prise en charge de notre d\u00e9m\u00e9nagement \u00e0 l'autre bout de l'\u00c9tat (<a href=\"https:\/\/moverdb.com\/fr\/moving-to-the-united-states\/moving-to-alabama\/\" data-internallinksmanager029f6b8e52c=\"448\" title=\"D\u00e9m\u00e9nager en Alabama ? 2024 Co\u00fbts de la vie et conseils de relocalisation\">Alabama<\/a> \u00e0 <a href=\"https:\/\/moverdb.com\/fr\/moving-to-the-united-states\/moving-to-north-carolina\/\" data-internallinksmanager029f6b8e52c=\"411\" title=\"D\u00e9m\u00e9nager en Caroline du Nord ? 2026 Co\u00fbts de la vie et conseils de relocalisation\">Caroline du Nord<\/a>) \u00e9tait truff\u00e9 de probl\u00e8mes\".<\/em> - Sarah via <a href=\"https:\/\/www.bbb.org\/csal\/business-reviews\/movers\/coleman-worldwide-moving-in-midland-city-al-4001673\/reviews-and-complaints\" target=\"_blank\" rel=\"noopener\">BBB<\/a><\/li>\n<li> <em>\"Je n'ai m\u00eame pas effleur\u00e9 la surface avec cette exp\u00e9rience. Il y a tellement plus \u00e0 raconter mais je voulais au moins que le pire du pire soit d\u00e9clar\u00e9.\"<\/em> - Kristin via <a href=\"https:\/\/www.consumeraffairs.com\/movers\/allied_van_lines.htm\" target=\"_blank\" rel=\"noopener\">ConsumerAffairs<\/a><\/li>\n<li> <em>\"N'UTILISEZ PAS CE <a href=\"https:\/\/moverdb.com\/fr\/moving-companies\/\" data-internallinksmanager029f6b8e52c=\"79\" title=\"Les 25 meilleures soci\u00e9t\u00e9s de d\u00e9m\u00e9nagement international en ligne\">SOCI\u00c9T\u00c9 DE MOUVEMENT<\/a>.  Ils ont insist\u00e9 pour nous installer pendant une temp\u00eate tropicale \u00e0 St Pete, apr\u00e8s un d\u00e9part tr\u00e8s retard\u00e9 \u00e0... <a href=\"https:\/\/moverdb.com\/fr\/demenagement-a-atlanta\/\">Atlanta<\/a>.\"<\/em> - Becky via <a href=\"https:\/\/www.yelp.com\/biz\/coleman-worldwide-moving-fairburn\" target=\"_blank\" rel=\"noopener\">Yelp<\/a><\/li>\n<li> <em>\"L'arm\u00e9e doit retirer cette soci\u00e9t\u00e9 en tant que transporteur. J'ai personnellement rencontr\u00e9 des probl\u00e8mes avec cette soci\u00e9t\u00e9, de l'emballage de ma maison \u00e0 la livraison et aux re\u00e7us.\"<\/em> - Shawni via <a href=\"https:\/\/www.facebook.com\/pg\/colemanallied\/reviews\/\" target=\"_blank\" rel=\"noopener\">Page Facebook<\/a><\/li>\n<\/ul>\n<div itemprop=\"review\" itemscope itemtype=\"http:\/\/schema.org\/Review\">\n<span itemprop=\"author\" itemscope=\"\" itemtype=\"http:\/\/schema.org\/Organization\"><span itemprop=\"name\">MoverDB.com<\/span><\/span> Examen en ligne du site Web pour <span itemprop=\"itemreviewed\" itemscope=\"\" itemtype=\"http:\/\/schema.org\/Brand\"><span itemprop=\"name\">Coleman Worldwide Moving<\/span><\/span>:<\/p>\n<ol>\n<li> Coordonn\u00e9es claires sur le site web (y compris le num\u00e9ro de t\u00e9l\u00e9phone) : <strong>Oui<\/strong><\/li>\n<li> Facile \u00e0 obtenir <a href=\"https:\/\/moverdb.com\/fr\/citations\/\">devis de d\u00e9m\u00e9nagement international<\/a>? (Formulaire de demande de devis en ligne) : <strong>Oui<\/strong><\/li>\n<li> Informations claires sur le site web : <strong>Quelques<\/strong>Il y a des informations sur leurs services, mais rien de plus.<\/li>\n<li> Adh\u00e9sion \u00e0 des organisations internationales de d\u00e9m\u00e9nagement reconnues : <strong>Oui<\/strong>mais pas autant que d'autres entreprises de d\u00e9m\u00e9nagement.<\/li>\n<li> Liste de clients et\/ou t\u00e9moignages de clients pr\u00e9c\u00e9dents : <strong>Oui<\/strong>Il y a de nombreux t\u00e9moignages positifs de clients sur le site web, mais les avis du reste du web sont un peu plus mitig\u00e9s.<\/li>\n<\/ol>\n<div itemprop=\"reviewRating\" itemscope itemtype=\"http:\/\/schema.org\/Rating\"><meta itemprop=\"worstRating\" content = \"0\" \/><meta itemprop=\"bestRating\" content=\"5\" \/><meta itemprop=\"ratingValue\" content=\"4\"><\/div>\n<p><strong>Note globale : 4\/5<\/strong><br \/>\n<strong>Date de r\u00e9vision :<\/strong> <span itemprop=\"datePublished\" content=\"2016-11-24\">24\/11\/2016<\/span>\n<\/div>\n<p>Plus d'informations sur <a href=\"https:\/\/moverdb.com\/fr\/entreprises-de-demenagement\/\">les meilleurs d\u00e9m\u00e9nageurs internationaux<\/a>, <a href=\"https:\/\/moverdb.com\/fr\/demenageurs-us-canada\/\">d\u00e9m\u00e9nageurs aux \u00c9tats-Unis<\/a> et notre <a href=\"https:\/\/moverdb.com\/fr\/revues\/\">processus de r\u00e9vision<\/a>.<\/p>\n<p><strong>Site web :<\/strong> <a href=\"http:\/\/www.colemanallied.com\/\" target=\"_blank\" rel=\"noopener\">http:\/\/www.colemanallied.com\/<\/a><\/p>","protected":false},"excerpt":{"rendered":"<p>Coleman Worldwide Moving also known as Coleman American Moving Services &#038; Coleman Allied offers many international moving services. These are listed below, together with a company profile and reviews. International Movers Full service packing Personal move coordinator Custom crating Vehicle shipping On line shipment tracking Long and short term storage Unpacking Debris removal Corporate Relocation [&hellip;]<\/p>\n","protected":false},"author":1,"featured_media":0,"parent":0,"menu_order":0,"comment_status":"closed","ping_status":"closed","template":"","meta":{"_genesis_hide_title":false,"_genesis_hide_breadcrumbs":false,"_genesis_hide_singular_image":false,"_genesis_hide_footer_widgets":false,"_genesis_custom_body_class":"","_genesis_custom_post_class":"","_genesis_layout":"","footnotes":""},"class_list":{"0":"post-1032","1":"page","2":"type-page","3":"status-publish","5":"entry"},"_links":{"self":[{"href":"https:\/\/moverdb.com\/fr\/wp-json\/wp\/v2\/pages\/1032","targetHints":{"allow":["GET"]}}],"collection":[{"href":"https:\/\/moverdb.com\/fr\/wp-json\/wp\/v2\/pages"}],"about":[{"href":"https:\/\/moverdb.com\/fr\/wp-json\/wp\/v2\/types\/page"}],"author":[{"embeddable":true,"href":"https:\/\/moverdb.com\/fr\/wp-json\/wp\/v2\/users\/1"}],"replies":[{"embeddable":true,"href":"https:\/\/moverdb.com\/fr\/wp-json\/wp\/v2\/comments?post=1032"}],"version-history":[{"count":5,"href":"https:\/\/moverdb.com\/fr\/wp-json\/wp\/v2\/pages\/1032\/revisions"}],"predecessor-version":[{"id":6193,"href":"https:\/\/moverdb.com\/fr\/wp-json\/wp\/v2\/pages\/1032\/revisions\/6193"}],"wp:attachment":[{"href":"https:\/\/moverdb.com\/fr\/wp-json\/wp\/v2\/media?parent=1032"}],"curies":[{"name":"wp","href":"https:\/\/api.w.org\/{rel}","templated":true}]}}