{"id":10263,"date":"2023-06-22T15:31:17","date_gmt":"2023-06-22T15:31:17","guid":{"rendered":"https:\/\/moverdb.com\/?page_id=10263"},"modified":"2026-01-08T15:24:56","modified_gmt":"2026-01-08T15:24:56","slug":"moving-companies-zimbabwe","status":"publish","type":"page","link":"https:\/\/moverdb.com\/fr\/moving-companies\/moving-companies-zimbabwe\/","title":{"rendered":"4 meilleures entreprises de d\u00e9m\u00e9nagements internationaux au Zimbabwe"},"content":{"rendered":"<p>Lorsque vous planifiez un d\u00e9m\u00e9nagement, en particulier d'un pays \u00e0 l'autre, vous pouvez \u00eatre submerg\u00e9 par tant de choses \u00e0 faire. Employer un <a href=\"https:\/\/moverdb.com\/fr\/moving-companies\/\" data-internallinksmanager029f6b8e52c=\"79\" title=\"Les 25 meilleures soci\u00e9t\u00e9s de d\u00e9m\u00e9nagement international en ligne\">soci\u00e9t\u00e9 de d\u00e9m\u00e9nagement<\/a> peut all\u00e9ger ce fardeau et faciliter votre d\u00e9m\u00e9nagement. Nous avons dress\u00e9 ci-dessous une liste d'entreprises bas\u00e9es au Zimbabwe. <a href=\"https:\/\/moverdb.com\/fr\/international-removals\/\" data-internallinksmanager029f6b8e52c=\"27\" title=\"36 meilleures entreprises de d\u00e9m\u00e9nagements internationaux au Royaume-Uni\">entreprises de d\u00e9m\u00e9nagement<\/a> qui sont membres de la <a href=\"https:\/\/moverdb.com\/fr\/iam\/\" data-internallinksmanager029f6b8e52c=\"23\" title=\"L&#039;Association internationale des d\u00e9m\u00e9nageurs (IAM) expliqu\u00e9e\">Association internationale des d\u00e9m\u00e9nageurs<\/a> (IAM) et\/ou <a href=\"https:\/\/moverdb.com\/fr\/fidi-faim\/\" data-internallinksmanager029f6b8e52c=\"16\" title=\"Explication de la FIDI et du FAIM (FIDI Accredited International Mover)\">FIDI<\/a> D\u00e9m\u00e9nageur international accr\u00e9dit\u00e9 (FAIM) qui pourrait vous aider dans votre d\u00e9m\u00e9nagement.<\/p>\n<div id=\"ez-toc-container\" class=\"ez-toc-v2_0_82_2 ez-toc-wrap-left counter-hierarchy ez-toc-counter ez-toc-transparent ez-toc-container-direction\">\n<div class=\"ez-toc-title-container\">\n<p class=\"ez-toc-title\" style=\"cursor:inherit\">Sections<\/p>\n<span class=\"ez-toc-title-toggle\"><a href=\"#\" class=\"ez-toc-pull-right ez-toc-btn ez-toc-btn-xs ez-toc-btn-default ez-toc-toggle\" aria-label=\"Toggle Table des mati\u00e8res\"><span class=\"ez-toc-js-icon-con\"><span class=\"\"><span class=\"eztoc-hide\" style=\"display:none;\">Toggle<\/span><span class=\"ez-toc-icon-toggle-span\"><svg style=\"fill: #999;color:#999\" xmlns=\"http:\/\/www.w3.org\/2000\/svg\" class=\"list-377408\" width=\"20px\" height=\"20px\" viewbox=\"0 0 24 24\" fill=\"none\"><path d=\"M6 6H4v2h2V6zm14 0H8v2h12V6zM4 11h2v2H4v-2zm16 0H8v2h12v-2zM4 16h2v2H4v-2zm16 0H8v2h12v-2z\" fill=\"currentColor\"><\/path><\/svg><svg style=\"fill: #999;color:#999\" class=\"arrow-unsorted-368013\" xmlns=\"http:\/\/www.w3.org\/2000\/svg\" width=\"10px\" height=\"10px\" viewbox=\"0 0 24 24\" version=\"1.2\" baseprofile=\"tiny\"><path d=\"M18.2 9.3l-6.2-6.3-6.2 6.3c-.2.2-.3.4-.3.7s.1.5.3.7c.2.2.4.3.7.3h11c.3 0 .5-.1.7-.3.2-.2.3-.5.3-.7s-.1-.5-.3-.7zM5.8 14.7l6.2 6.3 6.2-6.3c.2-.2.3-.5.3-.7s-.1-.5-.3-.7c-.2-.2-.4-.3-.7-.3h-11c-.3 0-.5.1-.7.3-.2.2-.3.5-.3.7s.1.5.3.7z\"\/><\/svg><\/span><\/span><\/span><\/a><\/span><\/div>\n<nav><ul class='ez-toc-list ez-toc-list-level-1 eztoc-toggle-hide-by-default' ><li class='ez-toc-page-1 ez-toc-heading-level-2'><a class=\"ez-toc-link ez-toc-heading-1\" href=\"https:\/\/moverdb.com\/fr\/moving-companies\/moving-companies-zimbabwe\/#1_Biddulphs_International\" >1. Biddulphs International<\/a><\/li><li class='ez-toc-page-1 ez-toc-heading-level-2'><a class=\"ez-toc-link ez-toc-heading-2\" href=\"https:\/\/moverdb.com\/fr\/moving-companies\/moving-companies-zimbabwe\/#2_Chavilon_International_Movers_Logistics\" >2. Chavilon International Movers &amp; Logistics<\/a><\/li><li class='ez-toc-page-1 ez-toc-heading-level-2'><a class=\"ez-toc-link ez-toc-heading-3\" href=\"https:\/\/moverdb.com\/fr\/moving-companies\/moving-companies-zimbabwe\/#3_Glens_Removal_Storage\" >3. Glens Removal &amp; Storage<\/a><\/li><li class='ez-toc-page-1 ez-toc-heading-level-2'><a class=\"ez-toc-link ez-toc-heading-4\" href=\"https:\/\/moverdb.com\/fr\/moving-companies\/moving-companies-zimbabwe\/#4_Stuttafords\" >4. Stuttafords<\/a><\/li><\/ul><\/nav><\/div>\n<h2><span class=\"ez-toc-section\" id=\"1_Biddulphs_International\"><\/span><strong>1. Biddulphs International<\/strong><img loading=\"lazy\" decoding=\"async\" class=\"alignnone size-full wp-image-10090\" style=\"font-size: 16px;\" src=\"https:\/\/moverdb.com\/wp-content\/uploads\/Biddulphs-International-Zimbabwe-moving-company.png\" alt=\"Biddulphs International Entreprise de d\u00e9m\u00e9nagement au Zimbabwe\" width=\"1440\" height=\"670\" data-wp-pid=\"10090\" srcset=\"https:\/\/moverdb.com\/wp-content\/uploads\/Biddulphs-International-Zimbabwe-moving-company.png 1440w, https:\/\/moverdb.com\/wp-content\/uploads\/Biddulphs-International-Zimbabwe-moving-company-300x140.png 300w, https:\/\/moverdb.com\/wp-content\/uploads\/Biddulphs-International-Zimbabwe-moving-company-1024x476.png 1024w, https:\/\/moverdb.com\/wp-content\/uploads\/Biddulphs-International-Zimbabwe-moving-company-18x8.png 18w, https:\/\/moverdb.com\/wp-content\/uploads\/Biddulphs-International-Zimbabwe-moving-company-600x279.png 600w\" sizes=\"auto, (max-width: 1440px) 100vw, 1440px\" \/><span class=\"ez-toc-section-end\"><\/span><\/h2>\n<ul>\n<li>D\u00e9placements locaux<\/li>\n<li>D\u00e9m\u00e9nagements internationaux<\/li>\n<li>D\u00e9m\u00e9nagements de m\u00e9nages<\/li>\n<li>D\u00e9localisations d'entreprises<\/li>\n<li>Service d'emballage<\/li>\n<li>Transports terrestres, a\u00e9riens et maritimes<\/li>\n<li>Options des conteneurs<\/li>\n<li>D\u00e9douanement<\/li>\n<li>Assurance transit<\/li>\n<li>Installations de stockage<\/li>\n<\/ul>\n<p>Biddulphs International est une soci\u00e9t\u00e9 de d\u00e9m\u00e9nagement international cr\u00e9\u00e9e en 1928 et bas\u00e9e \u00e0 Harare. Elle dispose d'un r\u00e9seau mondial de partenaires qui respectent les normes de qualit\u00e9 internationales pour l'assister dans ses d\u00e9m\u00e9nagements internationaux. Elle est membre de l'IAM et compte 87 ans d'exp\u00e9rience.<\/p>\n<p>Les consultants en d\u00e9m\u00e9nagement de Biddulphs International vous conseilleront sur les options les plus \u00e9conomiques pour votre d\u00e9m\u00e9nagement. Ils mettent \u00e0 votre disposition des emballeurs professionnels qui prot\u00e9geront vos articles pendant le transport. Ils organiseront le transport et superviseront le d\u00e9douanement, tout en fournissant une assurance transit. Ils proposent un choix de conteneurs complets, de conteneurs partiels et de groupage.<\/p>\n<p>Site web : <a href=\"https:\/\/www.biddulphs.co.zw\/\" target=\"_blank\" rel=\"noopener\">https:\/\/www.biddulphs.co.zw\/<\/a><\/p>\n<h2><span class=\"ez-toc-section\" id=\"2_Chavilon_International_Movers_Logistics\"><\/span><strong>2. Chavilon International Movers &amp; Logistics<\/strong><span class=\"ez-toc-section-end\"><\/span><\/h2>\n<p><img loading=\"lazy\" decoding=\"async\" class=\"alignnone size-full wp-image-10093\" src=\"https:\/\/moverdb.com\/wp-content\/uploads\/Chavilon-International-moving-company.png\" alt=\"Chavilon International entreprise de d\u00e9m\u00e9nagement\" width=\"1440\" height=\"679\" data-wp-pid=\"10093\" srcset=\"https:\/\/moverdb.com\/wp-content\/uploads\/Chavilon-International-moving-company.png 1440w, https:\/\/moverdb.com\/wp-content\/uploads\/Chavilon-International-moving-company-300x141.png 300w, https:\/\/moverdb.com\/wp-content\/uploads\/Chavilon-International-moving-company-1024x483.png 1024w, https:\/\/moverdb.com\/wp-content\/uploads\/Chavilon-International-moving-company-18x8.png 18w, https:\/\/moverdb.com\/wp-content\/uploads\/Chavilon-International-moving-company-600x283.png 600w\" sizes=\"auto, (max-width: 1440px) 100vw, 1440px\" \/><\/p>\n<ul>\n<li>Mouvements nationaux<\/li>\n<li>D\u00e9m\u00e9nagements internationaux<\/li>\n<li>D\u00e9m\u00e9nagements de m\u00e9nages<\/li>\n<li>D\u00e9m\u00e9nagement d'entreprises et de bureaux<\/li>\n<li>Service d'emballage<\/li>\n<li>Fret routier, ferroviaire, a\u00e9rien et maritime<\/li>\n<li>D\u00e9douanement<\/li>\n<li>D\u00e9m\u00e9nagement d'objets d'art et d'antiquit\u00e9s<\/li>\n<li>D\u00e9m\u00e9nagement de voitures<\/li>\n<li>Installations de stockage<\/li>\n<\/ul>\n<p>Chavilon International Movers &amp; Logistics est une soci\u00e9t\u00e9 de relocalisation et de logistique bas\u00e9e \u00e0 Harare et dont les soci\u00e9t\u00e9s m\u00e8res et s\u0153urs sont situ\u00e9es \u00e0 <a href=\"https:\/\/moverdb.com\/fr\/moving-companies\/moving-companies-mozambique\/\" data-internallinksmanager029f6b8e52c=\"286\" title=\"4 meilleures entreprises de d\u00e9m\u00e9nagements internationaux au Mozambique\">Mozambique<\/a>, Angola, <a href=\"https:\/\/moverdb.com\/fr\/moving-companies\/botswana-moving-companies\/\" data-internallinksmanager029f6b8e52c=\"167\" title=\"Les meilleures soci\u00e9t\u00e9s de d\u00e9m\u00e9nagement international au Botswana\">Botswana<\/a>, <a href=\"https:\/\/moverdb.com\/fr\/moving-companies\/moving-companies-malawi\/\" data-internallinksmanager029f6b8e52c=\"295\" title=\"Meilleures entreprises de d\u00e9m\u00e9nagements internationaux au Malawi\">Malawi<\/a> et la Zambie. Elle a \u00e9galement acc\u00e8s \u00e0 un r\u00e9seau international d'entreprises de d\u00e9m\u00e9nagement pour fournir des services dans le monde entier. Ils sont membres de l'IAM et ont sept ans d'exp\u00e9rience.<\/p>\n<p>Chavilon International Movers &amp; Logistics offre un service personnalis\u00e9 de d\u00e9m\u00e9nagement porte \u00e0 porte \u00e0 l'int\u00e9rieur, \u00e0 destination et en provenance du Zimbabwe. L'entreprise propose \u00e9galement des services de d\u00e9m\u00e9nagement de porte \u00e0 porte \u00e0 l'int\u00e9rieur et \u00e0 l'ext\u00e9rieur du Zimbabwe.<a href=\"https:\/\/moverdb.com\/fr\/top-49-container-ports\/\" data-internallinksmanager029f6b8e52c=\"80\" title=\"Les 49 ports \u00e0 conteneurs les plus importants et les plus fr\u00e9quent\u00e9s en 2025\">port<\/a> et des services de port \u00e0 port qui vous permettent de vous occuper vous-m\u00eame d'une partie du d\u00e9m\u00e9nagement, comme l'emballage et le d\u00e9ballage. Leur service d'emballage utilise des mat\u00e9riaux internationalement reconnus pour prot\u00e9ger vos objets pendant le transport.<\/p>\n<p>Site web : <a href=\"http:\/\/www.chavilonmovers.com\/\" target=\"_blank\" rel=\"noopener\">http:\/\/www.chavilonmovers.com\/<\/a><\/p>\n<h2><span class=\"ez-toc-section\" id=\"3_Glens_Removal_Storage\"><\/span><strong>3. Glens Removal &amp; Storage<\/strong><span class=\"ez-toc-section-end\"><\/span><\/h2>\n<p><img loading=\"lazy\" decoding=\"async\" class=\"alignnone size-full wp-image-10128\" src=\"https:\/\/moverdb.com\/wp-content\/uploads\/Glens-Removals-Storage-international-moving-company.png\" alt=\"Glens Removals &amp; Storage soci\u00e9t\u00e9 de d\u00e9m\u00e9nagement international\" width=\"1440\" height=\"680\" data-wp-pid=\"10128\" srcset=\"https:\/\/moverdb.com\/wp-content\/uploads\/Glens-Removals-Storage-international-moving-company.png 1440w, https:\/\/moverdb.com\/wp-content\/uploads\/Glens-Removals-Storage-international-moving-company-300x142.png 300w, https:\/\/moverdb.com\/wp-content\/uploads\/Glens-Removals-Storage-international-moving-company-1024x484.png 1024w, https:\/\/moverdb.com\/wp-content\/uploads\/Glens-Removals-Storage-international-moving-company-18x9.png 18w, https:\/\/moverdb.com\/wp-content\/uploads\/Glens-Removals-Storage-international-moving-company-600x283.png 600w\" sizes=\"auto, (max-width: 1440px) 100vw, 1440px\" \/><\/p>\n<ul>\n<li>D\u00e9m\u00e9nagements locaux et nationaux<\/li>\n<li>D\u00e9m\u00e9nagements internationaux<\/li>\n<li>D\u00e9m\u00e9nagements de m\u00e9nages<\/li>\n<li>D\u00e9m\u00e9nagements de bureaux<\/li>\n<li>D\u00e9m\u00e9nagements porte-\u00e0-porte<\/li>\n<li>Service d'emballage<\/li>\n<li>Exp\u00e9dition<\/li>\n<li>D\u00e9douanement<\/li>\n<li>Assurance<\/li>\n<li>Stockage \u00e0 court et \u00e0 long terme<\/li>\n<\/ul>\n<p>Glens Removal &amp; Storage est une entreprise de d\u00e9m\u00e9nagement qui op\u00e8re depuis 1952 et poss\u00e8de des bureaux et des entrep\u00f4ts dans tout le Zimbabwe ainsi que des succursales dans les pays suivants <a href=\"https:\/\/moverdb.com\/fr\/moving-to-south-africa\/\" data-internallinksmanager029f6b8e52c=\"347\" title=\"D\u00e9m\u00e9nager en Afrique du Sud ? 2026 Co\u00fbts de la vie et conseils de relocalisation\">Afrique du Sud<\/a>Ils travaillent avec des agents internationaux et des soci\u00e9t\u00e9s de fret pour fournir des services dans le monde entier. Elle travaille avec des agents internationaux et des soci\u00e9t\u00e9s de fret pour fournir des services dans le monde entier. Ils sont membres de l'IAM, avec 71 ans d'exp\u00e9rience, et sont accr\u00e9dit\u00e9s par la FIDI.<\/p>\n<p>Glens Removal &amp; Storage propose des services de porte \u00e0 porte qui r\u00e9pondent aux normes internationales en mati\u00e8re de d\u00e9m\u00e9nagement. Ils fournissent des services d'emballage professionnels, y compris la mise en caisse, afin d'acheminer vos biens en toute s\u00e9curit\u00e9 jusqu'\u00e0 votre destination. Ils organisent le transport des biens et offrent un choix de <a href=\"https:\/\/moverdb.com\/fr\/shipping-container-sizes-and-dimensions\/\" data-internallinksmanager029f6b8e52c=\"247\" title=\"Le guide ultime des tailles et dimensions des conteneurs d&#039;exp\u00e9dition\">tailles des conteneurs<\/a> et de consolidation pour votre d\u00e9m\u00e9nagement.<\/p>\n<p>Site web : <a href=\"http:\/\/www.glensremovals.com\" target=\"_blank\" rel=\"noopener\">http:\/\/www.glensremovals.com<\/a><\/p>\n<h2><span class=\"ez-toc-section\" id=\"4_Stuttafords\"><\/span><strong>4. Stuttafords<\/strong><span class=\"ez-toc-section-end\"><\/span><\/h2>\n<p><img loading=\"lazy\" decoding=\"async\" class=\"alignnone size-full wp-image-10188\" src=\"https:\/\/moverdb.com\/wp-content\/uploads\/Stuttafords-Zimbabwe-international-moving-company.png\" alt=\"Stuttafords Zimbabwe soci\u00e9t\u00e9 de d\u00e9m\u00e9nagement international\" width=\"1440\" height=\"681\" data-wp-pid=\"10188\" srcset=\"https:\/\/moverdb.com\/wp-content\/uploads\/Stuttafords-Zimbabwe-international-moving-company.png 1440w, https:\/\/moverdb.com\/wp-content\/uploads\/Stuttafords-Zimbabwe-international-moving-company-300x142.png 300w, https:\/\/moverdb.com\/wp-content\/uploads\/Stuttafords-Zimbabwe-international-moving-company-1024x484.png 1024w, https:\/\/moverdb.com\/wp-content\/uploads\/Stuttafords-Zimbabwe-international-moving-company-18x9.png 18w, https:\/\/moverdb.com\/wp-content\/uploads\/Stuttafords-Zimbabwe-international-moving-company-600x284.png 600w\" sizes=\"auto, (max-width: 1440px) 100vw, 1440px\" \/><\/p>\n<ul>\n<li>D\u00e9localisations locales et nationales<\/li>\n<li>D\u00e9localisations internationales<\/li>\n<li>D\u00e9m\u00e9nagements r\u00e9sidentiels<\/li>\n<li>D\u00e9localisations d'entreprises<\/li>\n<li>D\u00e9m\u00e9nagements porte-\u00e0-porte<\/li>\n<li>Service d'emballage<\/li>\n<li>Fret routier, a\u00e9rien et maritime<\/li>\n<li>Choix de la taille des conteneurs<\/li>\n<li>D\u00e9douanement<\/li>\n<li>Installations de stockage<\/li>\n<\/ul>\n<p>Stuttafords est une entreprise de logistique et de fret qui poss\u00e8de des succursales au Zimbabwe, au Malawi et en Zambie. Ses bureaux au Zimbabwe sont situ\u00e9s \u00e0 Harare et \u00e0 Bulawayo. Elle est membre de l'IAM, avec 66 ans d'exp\u00e9rience, et est accr\u00e9dit\u00e9e par la FIDI, ce qui signifie qu'elle fournit ses services selon des normes internationales et qu'elle dispose d'un r\u00e9seau d'entreprises de d\u00e9m\u00e9nagement qui offrent les m\u00eames normes.<\/p>\n<p>Stuttafords propose des services de d\u00e9m\u00e9nagement et de r\u00e9installation porte \u00e0 porte pour les particuliers et les entreprises \u00e0 l'int\u00e9rieur, \u00e0 destination et en provenance du Zimbabwe. Ils fournissent un service d'emballage professionnel qui garantit que vos biens ne seront pas endommag\u00e9s pendant le transport. Ils organisent le transport et le d\u00e9douanement.<\/p>\n<p>Site web : <a href=\"http:\/\/www.stuttafordszim.com\" target=\"_blank\" rel=\"noopener\">http:\/\/www.stuttafordszim.com<\/a><\/p>","protected":false},"excerpt":{"rendered":"<p>When you are planning a move, especially between countries it can be overwhelming with so much to do. Employing a moving company can ease this burden and make your move smoother. Below we have compiled a list of Zimbabwe based removal companies that are members of the International Association of Movers (IAM) and\/or FIDI Accredited [&hellip;]<\/p>\n","protected":false},"author":4,"featured_media":10090,"parent":190,"menu_order":0,"comment_status":"closed","ping_status":"closed","template":"","meta":{"_genesis_hide_title":false,"_genesis_hide_breadcrumbs":false,"_genesis_hide_singular_image":false,"_genesis_hide_footer_widgets":false,"_genesis_custom_body_class":"","_genesis_custom_post_class":"","_genesis_layout":"","footnotes":""},"class_list":{"0":"post-10263","1":"page","2":"type-page","3":"status-publish","4":"has-post-thumbnail","6":"entry"},"_links":{"self":[{"href":"https:\/\/moverdb.com\/fr\/wp-json\/wp\/v2\/pages\/10263","targetHints":{"allow":["GET"]}}],"collection":[{"href":"https:\/\/moverdb.com\/fr\/wp-json\/wp\/v2\/pages"}],"about":[{"href":"https:\/\/moverdb.com\/fr\/wp-json\/wp\/v2\/types\/page"}],"author":[{"embeddable":true,"href":"https:\/\/moverdb.com\/fr\/wp-json\/wp\/v2\/users\/4"}],"replies":[{"embeddable":true,"href":"https:\/\/moverdb.com\/fr\/wp-json\/wp\/v2\/comments?post=10263"}],"version-history":[{"count":2,"href":"https:\/\/moverdb.com\/fr\/wp-json\/wp\/v2\/pages\/10263\/revisions"}],"predecessor-version":[{"id":10265,"href":"https:\/\/moverdb.com\/fr\/wp-json\/wp\/v2\/pages\/10263\/revisions\/10265"}],"up":[{"embeddable":true,"href":"https:\/\/moverdb.com\/fr\/wp-json\/wp\/v2\/pages\/190"}],"wp:featuredmedia":[{"embeddable":true,"href":"https:\/\/moverdb.com\/fr\/wp-json\/wp\/v2\/media\/10090"}],"wp:attachment":[{"href":"https:\/\/moverdb.com\/fr\/wp-json\/wp\/v2\/media?parent=10263"}],"curies":[{"name":"wp","href":"https:\/\/api.w.org\/{rel}","templated":true}]}}