{"id":10260,"date":"2023-06-22T15:32:42","date_gmt":"2023-06-22T15:32:42","guid":{"rendered":"https:\/\/moverdb.com\/?page_id=10260"},"modified":"2026-01-08T15:30:25","modified_gmt":"2026-01-08T15:30:25","slug":"moving-companies-zambia","status":"publish","type":"page","link":"https:\/\/moverdb.com\/fr\/moving-companies\/moving-companies-zambia\/","title":{"rendered":"Les meilleures entreprises de d\u00e9m\u00e9nagements internationaux en Zambie"},"content":{"rendered":"<p>Le d\u00e9m\u00e9nagement peut \u00eatre l'une des choses les plus stressantes que vous ayez \u00e0 faire. <a href=\"https:\/\/moverdb.com\/fr\/moving-companies\/\" data-internallinksmanager029f6b8e52c=\"79\" title=\"Les 25 meilleures soci\u00e9t\u00e9s de d\u00e9m\u00e9nagement international en ligne\">soci\u00e9t\u00e9 de d\u00e9m\u00e9nagement<\/a> peut r\u00e9duire la pression et simplifier le d\u00e9m\u00e9nagement. Nous avons dress\u00e9 ci-dessous une liste d'entreprises bas\u00e9es en Zambie. <a href=\"https:\/\/moverdb.com\/fr\/international-removals\/\" data-internallinksmanager029f6b8e52c=\"27\" title=\"36 meilleures entreprises de d\u00e9m\u00e9nagements internationaux au Royaume-Uni\">entreprises de d\u00e9m\u00e9nagement<\/a> qui sont membres de la <a href=\"https:\/\/moverdb.com\/fr\/iam\/\" data-internallinksmanager029f6b8e52c=\"23\" title=\"L&#039;Association internationale des d\u00e9m\u00e9nageurs (IAM) expliqu\u00e9e\">Association internationale des d\u00e9m\u00e9nageurs<\/a> (IAM) et\/ou <a href=\"https:\/\/moverdb.com\/fr\/fidi-faim\/\" data-internallinksmanager029f6b8e52c=\"16\" title=\"Explication de la FIDI et du FAIM (FIDI Accredited International Mover)\">FIDI<\/a> D\u00e9m\u00e9nageur international accr\u00e9dit\u00e9 (FAIM) qui pourrait vous aider dans votre d\u00e9m\u00e9nagement.<\/p>\n<h2><strong>Stuttafords D\u00e9m\u00e9nagements <\/strong><\/h2>\n<p><img loading=\"lazy\" decoding=\"async\" class=\"alignnone size-full wp-image-10261\" src=\"https:\/\/moverdb.com\/wp-content\/uploads\/Stuttafords-Removals-Zambia-international-moving-company.png\" alt=\"Stuttafords Removals Zambie entreprise de d\u00e9m\u00e9nagement international\" width=\"1440\" height=\"708\" data-wp-pid=\"10261\" srcset=\"https:\/\/moverdb.com\/wp-content\/uploads\/Stuttafords-Removals-Zambia-international-moving-company.png 1440w, https:\/\/moverdb.com\/wp-content\/uploads\/Stuttafords-Removals-Zambia-international-moving-company-300x148.png 300w, https:\/\/moverdb.com\/wp-content\/uploads\/Stuttafords-Removals-Zambia-international-moving-company-1024x503.png 1024w, https:\/\/moverdb.com\/wp-content\/uploads\/Stuttafords-Removals-Zambia-international-moving-company-18x9.png 18w, https:\/\/moverdb.com\/wp-content\/uploads\/Stuttafords-Removals-Zambia-international-moving-company-600x295.png 600w\" sizes=\"auto, (max-width: 1440px) 100vw, 1440px\" \/><\/p>\n<ul>\n<li>D\u00e9placements locaux<\/li>\n<li>D\u00e9m\u00e9nagements internationaux<\/li>\n<li>D\u00e9m\u00e9nagements de m\u00e9nages<\/li>\n<li>D\u00e9m\u00e9nagements commerciaux<\/li>\n<li>Porte-\u00e0-porte et porte-\u00e0<a href=\"https:\/\/moverdb.com\/fr\/top-49-container-ports\/\" data-internallinksmanager029f6b8e52c=\"80\" title=\"Les 49 ports \u00e0 conteneurs les plus importants et les plus fr\u00e9quent\u00e9s en 2025\">port<\/a> service<\/li>\n<li>Service d'emballage<\/li>\n<li>Fret a\u00e9rien et maritime<\/li>\n<li>D\u00e9douanement<\/li>\n<li>Transport de v\u00e9hicules<\/li>\n<li>Stockage \u00e0 court et \u00e0 long terme<\/li>\n<\/ul>\n<p>Stuttafords Removals est une entreprise ind\u00e9pendante de d\u00e9m\u00e9nagements internationaux fond\u00e9e en 1993 et bas\u00e9e \u00e0 Lusaka. Elle fait partie du groupe d'entreprises SGI qui poss\u00e8de des succursales dans toute l'Afrique. Elle dispose d'un r\u00e9seau d'agences de d\u00e9m\u00e9nagement, de partenariats industriels et d'affiliations dans le monde entier pour fournir ses services. Elle est membre de l'IAM, avec 30 ans d'exp\u00e9rience, et est accr\u00e9dit\u00e9e par la FIDI.<\/p>\n<p>Stuttafords Removals propose des services de d\u00e9m\u00e9nagement porte-\u00e0-porte et porte-\u00e0-port qui commencent par une consultation et un devis gratuits sur place. Ils fournissent un service d'emballage conforme aux normes internationales, qui comprend l'emballage et la mise en caisse des articles. Vos biens, y compris les v\u00e9hicules, seront exp\u00e9di\u00e9s apr\u00e8s avoir \u00e9t\u00e9 d\u00e9douan\u00e9s.<\/p>\n<p>Site web : <a href=\"http:\/\/www.stuttafordsremovalszambia.com\" target=\"_blank\" rel=\"noopener\">http:\/\/www.stuttafordsremovalszambia.com<\/a><\/p>","protected":false},"excerpt":{"rendered":"<p>Moving can be one of the most stressful things you do so enlisting the services of a moving company can reduce the pressure and make moving simpler. Below we have compiled a list of Zambia based removal companies that are members of the International Association of Movers (IAM) and\/or FIDI Accredited International Mover (FAIM) who [&hellip;]<\/p>\n","protected":false},"author":4,"featured_media":10261,"parent":190,"menu_order":0,"comment_status":"closed","ping_status":"closed","template":"","meta":{"_genesis_hide_title":false,"_genesis_hide_breadcrumbs":false,"_genesis_hide_singular_image":false,"_genesis_hide_footer_widgets":false,"_genesis_custom_body_class":"","_genesis_custom_post_class":"","_genesis_layout":"","footnotes":""},"class_list":{"0":"post-10260","1":"page","2":"type-page","3":"status-publish","4":"has-post-thumbnail","6":"entry"},"_links":{"self":[{"href":"https:\/\/moverdb.com\/fr\/wp-json\/wp\/v2\/pages\/10260","targetHints":{"allow":["GET"]}}],"collection":[{"href":"https:\/\/moverdb.com\/fr\/wp-json\/wp\/v2\/pages"}],"about":[{"href":"https:\/\/moverdb.com\/fr\/wp-json\/wp\/v2\/types\/page"}],"author":[{"embeddable":true,"href":"https:\/\/moverdb.com\/fr\/wp-json\/wp\/v2\/users\/4"}],"replies":[{"embeddable":true,"href":"https:\/\/moverdb.com\/fr\/wp-json\/wp\/v2\/comments?post=10260"}],"version-history":[{"count":1,"href":"https:\/\/moverdb.com\/fr\/wp-json\/wp\/v2\/pages\/10260\/revisions"}],"predecessor-version":[{"id":10262,"href":"https:\/\/moverdb.com\/fr\/wp-json\/wp\/v2\/pages\/10260\/revisions\/10262"}],"up":[{"embeddable":true,"href":"https:\/\/moverdb.com\/fr\/wp-json\/wp\/v2\/pages\/190"}],"wp:featuredmedia":[{"embeddable":true,"href":"https:\/\/moverdb.com\/fr\/wp-json\/wp\/v2\/media\/10261"}],"wp:attachment":[{"href":"https:\/\/moverdb.com\/fr\/wp-json\/wp\/v2\/media?parent=10260"}],"curies":[{"name":"wp","href":"https:\/\/api.w.org\/{rel}","templated":true}]}}