{"id":10257,"date":"2023-06-22T15:34:17","date_gmt":"2023-06-22T15:34:17","guid":{"rendered":"https:\/\/moverdb.com\/?page_id=10257"},"modified":"2026-01-08T15:29:05","modified_gmt":"2026-01-08T15:29:05","slug":"moving-companies-vietnam","status":"publish","type":"page","link":"https:\/\/moverdb.com\/fr\/moving-companies\/moving-companies-vietnam\/","title":{"rendered":"5 meilleures entreprises de d\u00e9m\u00e9nagements internationaux au Vietnam"},"content":{"rendered":"<p>Vous envisagez de d\u00e9m\u00e9nager vers, depuis ou \u00e0 l'int\u00e9rieur d'un pays ? <a href=\"https:\/\/moverdb.com\/fr\/moving-to-vietnam\/\" data-internallinksmanager029f6b8e52c=\"390\" title=\"D\u00e9m\u00e9nager au Vietnam ? 2026 Co\u00fbts de la vie et conseils de relocalisation\">Vietnam<\/a>? Obtenir un <a href=\"https:\/\/moverdb.com\/fr\/moving-companies\/\" data-internallinksmanager029f6b8e52c=\"79\" title=\"Les 25 meilleures soci\u00e9t\u00e9s de d\u00e9m\u00e9nagement international en ligne\">soci\u00e9t\u00e9 de d\u00e9m\u00e9nagement<\/a> Pour vous aider, vous pouvez faire emballer vos effets, organiser le transport et g\u00e9rer les proc\u00e9dures douani\u00e8res. Nous avons dress\u00e9 ci-dessous une liste de soci\u00e9t\u00e9s bas\u00e9es au Vi\u00eat Nam <a href=\"https:\/\/moverdb.com\/fr\/international-removals\/\" data-internallinksmanager029f6b8e52c=\"27\" title=\"36 meilleures entreprises de d\u00e9m\u00e9nagements internationaux au Royaume-Uni\">entreprises de d\u00e9m\u00e9nagement<\/a> qui sont membres de la <a href=\"https:\/\/moverdb.com\/fr\/iam\/\" data-internallinksmanager029f6b8e52c=\"23\" title=\"L&#039;Association internationale des d\u00e9m\u00e9nageurs (IAM) expliqu\u00e9e\">Association internationale des d\u00e9m\u00e9nageurs<\/a> (IAM) et\/ou <a href=\"https:\/\/moverdb.com\/fr\/fidi-faim\/\" data-internallinksmanager029f6b8e52c=\"16\" title=\"Explication de la FIDI et du FAIM (FIDI Accredited International Mover)\">FIDI<\/a> D\u00e9m\u00e9nageur international accr\u00e9dit\u00e9 (FAIM) qui pourrait vous aider dans votre d\u00e9m\u00e9nagement.<\/p>\n<div id=\"ez-toc-container\" class=\"ez-toc-v2_0_82_2 ez-toc-wrap-left counter-hierarchy ez-toc-counter ez-toc-transparent ez-toc-container-direction\">\n<div class=\"ez-toc-title-container\">\n<p class=\"ez-toc-title\" style=\"cursor:inherit\">Sections<\/p>\n<span class=\"ez-toc-title-toggle\"><a href=\"#\" class=\"ez-toc-pull-right ez-toc-btn ez-toc-btn-xs ez-toc-btn-default ez-toc-toggle\" aria-label=\"Toggle Table des mati\u00e8res\"><span class=\"ez-toc-js-icon-con\"><span class=\"\"><span class=\"eztoc-hide\" style=\"display:none;\">Toggle<\/span><span class=\"ez-toc-icon-toggle-span\"><svg style=\"fill: #999;color:#999\" xmlns=\"http:\/\/www.w3.org\/2000\/svg\" class=\"list-377408\" width=\"20px\" height=\"20px\" viewbox=\"0 0 24 24\" fill=\"none\"><path d=\"M6 6H4v2h2V6zm14 0H8v2h12V6zM4 11h2v2H4v-2zm16 0H8v2h12v-2zM4 16h2v2H4v-2zm16 0H8v2h12v-2z\" fill=\"currentColor\"><\/path><\/svg><svg style=\"fill: #999;color:#999\" class=\"arrow-unsorted-368013\" xmlns=\"http:\/\/www.w3.org\/2000\/svg\" width=\"10px\" height=\"10px\" viewbox=\"0 0 24 24\" version=\"1.2\" baseprofile=\"tiny\"><path d=\"M18.2 9.3l-6.2-6.3-6.2 6.3c-.2.2-.3.4-.3.7s.1.5.3.7c.2.2.4.3.7.3h11c.3 0 .5-.1.7-.3.2-.2.3-.5.3-.7s-.1-.5-.3-.7zM5.8 14.7l6.2 6.3 6.2-6.3c.2-.2.3-.5.3-.7s-.1-.5-.3-.7c-.2-.2-.4-.3-.7-.3h-11c-.3 0-.5.1-.7.3-.2.2-.3.5-.3.7s.1.5.3.7z\"\/><\/svg><\/span><\/span><\/span><\/a><\/span><\/div>\n<nav><ul class='ez-toc-list ez-toc-list-level-1 eztoc-toggle-hide-by-default' ><li class='ez-toc-page-1 ez-toc-heading-level-2'><a class=\"ez-toc-link ez-toc-heading-1\" href=\"https:\/\/moverdb.com\/fr\/moving-companies\/moving-companies-vietnam\/#1_EVo_Moves\" >1. Mouvements EVo<\/a><\/li><li class='ez-toc-page-1 ez-toc-heading-level-2'><a class=\"ez-toc-link ez-toc-heading-2\" href=\"https:\/\/moverdb.com\/fr\/moving-companies\/moving-companies-vietnam\/#2_Prime_Relocations_Asia\" >2. Prime Relocations Asia<\/a><\/li><li class='ez-toc-page-1 ez-toc-heading-level-2'><a class=\"ez-toc-link ez-toc-heading-3\" href=\"https:\/\/moverdb.com\/fr\/moving-companies\/moving-companies-vietnam\/#3_Logical_Moves\" >3. Mouvements logiques<\/a><\/li><li class='ez-toc-page-1 ez-toc-heading-level-2'><a class=\"ez-toc-link ez-toc-heading-4\" href=\"https:\/\/moverdb.com\/fr\/moving-companies\/moving-companies-vietnam\/#4_Santa_Fe_Relocation\" >4. D\u00e9placement de Santa Fe<\/a><\/li><li class='ez-toc-page-1 ez-toc-heading-level-2'><a class=\"ez-toc-link ez-toc-heading-5\" href=\"https:\/\/moverdb.com\/fr\/moving-companies\/moving-companies-vietnam\/#5_Saigon_Van\" >5. Saigon Van<\/a><\/li><li class='ez-toc-page-1 ez-toc-heading-level-2'><a class=\"ez-toc-link ez-toc-heading-6\" href=\"https:\/\/moverdb.com\/fr\/moving-companies\/moving-companies-vietnam\/#Other_Useful_Guides_to_Vietnam\" >Autres guides utiles sur le Vietnam<\/a><\/li><\/ul><\/nav><\/div>\n<h2><span class=\"ez-toc-section\" id=\"1_EVo_Moves\"><\/span><strong>1. Mouvements EVo<\/strong><span class=\"ez-toc-section-end\"><\/span><\/h2>\n<p><img loading=\"lazy\" decoding=\"async\" class=\"alignnone size-full wp-image-10115\" src=\"https:\/\/moverdb.com\/wp-content\/uploads\/EVo-Moves-international-moving-company.png\" alt=\"EVo Moves soci\u00e9t\u00e9 de d\u00e9m\u00e9nagement international\" width=\"1440\" height=\"683\" data-wp-pid=\"10115\" srcset=\"https:\/\/moverdb.com\/wp-content\/uploads\/EVo-Moves-international-moving-company.png 1440w, https:\/\/moverdb.com\/wp-content\/uploads\/EVo-Moves-international-moving-company-300x142.png 300w, https:\/\/moverdb.com\/wp-content\/uploads\/EVo-Moves-international-moving-company-1024x486.png 1024w, https:\/\/moverdb.com\/wp-content\/uploads\/EVo-Moves-international-moving-company-18x9.png 18w, https:\/\/moverdb.com\/wp-content\/uploads\/EVo-Moves-international-moving-company-600x285.png 600w\" sizes=\"auto, (max-width: 1440px) 100vw, 1440px\" \/><\/p>\n<ul>\n<li>Mouvements nationaux<\/li>\n<li>D\u00e9m\u00e9nagements internationaux<\/li>\n<li>D\u00e9m\u00e9nagements de m\u00e9nages<\/li>\n<li>D\u00e9m\u00e9nagements de bureaux<\/li>\n<li>Service porte-\u00e0-porte<\/li>\n<li>Emballage pour l'exportation<\/li>\n<li>D\u00e9douanement<\/li>\n<li>Transport d'animaux<\/li>\n<li>Assurance<\/li>\n<li>Stockage \u00e0 court et \u00e0 long terme<\/li>\n<\/ul>\n<p>EVo Moves est une soci\u00e9t\u00e9 de d\u00e9m\u00e9nagement international bas\u00e9e \u00e0 Ho Chi Minh Ville. Elle est membre de l'IAM et a quatre ans d'exp\u00e9rience, ce qui signifie qu'elle a acc\u00e8s \u00e0 un r\u00e9seau international d'entreprises de d\u00e9m\u00e9nagement qui peuvent l'aider.<\/p>\n<p>EVo Moves propose une \u00e9tude gratuite pr\u00e9alable au d\u00e9m\u00e9nagement pour les personnes r\u00e9sidant au Vi\u00eat Nam afin d'\u00e9valuer leurs besoins en mati\u00e8re de d\u00e9m\u00e9nagement et de leur fournir un devis porte \u00e0 porte. Ils fournissent un service d'emballage qui r\u00e9pond aux normes internationales et \u00e0 la qualit\u00e9 pour prot\u00e9ger vos articles pendant le transport. Ils organisent le transport international par voie maritime ou a\u00e9rienne, avec une assurance maritime tous risques et un service de d\u00e9douanement. Les services suppl\u00e9mentaires comprennent le transport d'animaux domestiques, la fumigation et le stockage.<\/p>\n<p>Site web : <a href=\"http:\/\/www.evomoves.com\" target=\"_blank\" rel=\"noopener\">http:\/\/www.evomoves.com<\/a><\/p>\n<h2><span class=\"ez-toc-section\" id=\"2_Prime_Relocations_Asia\"><\/span><strong>2. Prime Relocations Asia<\/strong><span class=\"ez-toc-section-end\"><\/span><\/h2>\n<p><img loading=\"lazy\" decoding=\"async\" class=\"alignnone size-full wp-image-10170\" src=\"https:\/\/moverdb.com\/wp-content\/uploads\/Prime-Relocations-Asia-international-moving-company.png\" alt=\"Prime Relocations Asia soci\u00e9t\u00e9 de d\u00e9m\u00e9nagement international\" width=\"1440\" height=\"680\" data-wp-pid=\"10170\" srcset=\"https:\/\/moverdb.com\/wp-content\/uploads\/Prime-Relocations-Asia-international-moving-company.png 1440w, https:\/\/moverdb.com\/wp-content\/uploads\/Prime-Relocations-Asia-international-moving-company-300x142.png 300w, https:\/\/moverdb.com\/wp-content\/uploads\/Prime-Relocations-Asia-international-moving-company-1024x484.png 1024w, https:\/\/moverdb.com\/wp-content\/uploads\/Prime-Relocations-Asia-international-moving-company-18x9.png 18w, https:\/\/moverdb.com\/wp-content\/uploads\/Prime-Relocations-Asia-international-moving-company-600x283.png 600w\" sizes=\"auto, (max-width: 1440px) 100vw, 1440px\" \/><\/p>\n<ul>\n<li>D\u00e9m\u00e9nagements locaux et nationaux<\/li>\n<li>D\u00e9m\u00e9nagements internationaux<\/li>\n<li>D\u00e9m\u00e9nagements de m\u00e9nages<\/li>\n<li>D\u00e9m\u00e9nagements d'entreprises<\/li>\n<li>Service porte-\u00e0-porte<\/li>\n<li>Paquet de d\u00e9m\u00e9nagement complet<\/li>\n<li>D\u00e9m\u00e9nagement d'animaux et de v\u00e9hicules<\/li>\n<li>Service d'homme \u00e0 tout faire<\/li>\n<li>Assurance<\/li>\n<li>Installations de stockage \u00e0 court et \u00e0 long terme<\/li>\n<\/ul>\n<p>Prime Relocations Asia est une soci\u00e9t\u00e9 de d\u00e9m\u00e9nagement international qui poss\u00e8de des bureaux au Vietnam \u00e0 Hanoi et Ho Chi Minh Ville, ainsi que des bureaux au Laos et en Chine. <a href=\"https:\/\/moverdb.com\/fr\/moving-to-cambodia\/\" data-internallinksmanager029f6b8e52c=\"340\" title=\"D\u00e9m\u00e9nager au Cambodge ? 2026 Co\u00fbts de la vie et conseils de relocalisation\">Cambodge<\/a>. Elle dispose d'un r\u00e9seau de partenaires et d'affili\u00e9s privil\u00e9gi\u00e9s pour effectuer les d\u00e9m\u00e9nagements \u00e0 l'\u00e9tranger et g\u00e9rer les r\u00e9glementations douani\u00e8res. Ils sont membres de l'IAM et ont 15 ans d'exp\u00e9rience.<\/p>\n<p>Prime Relocations Asia offre un point de contact unique pour g\u00e9rer votre d\u00e9m\u00e9nagement, qui peut inclure le d\u00e9m\u00e9nagement de votre maison ou de votre entreprise, de vos animaux domestiques et de vos v\u00e9hicules, avec une assurance transit compl\u00e8te. Ils proposent des services suppl\u00e9mentaires, notamment un service d'homme \u00e0 tout faire, un service de valet, un service de m\u00e9nage, la recherche d'un logement, l'orientation, l'aide au d\u00e9part et \u00e0 l'arriv\u00e9e.<\/p>\n<p>Site web : <a href=\"http:\/\/www.primerelo.asia\" target=\"_blank\" rel=\"noopener\">http:\/\/www.primerelo.asia<\/a><\/p>\n<h2><span class=\"ez-toc-section\" id=\"3_Logical_Moves\"><\/span><strong>3. Mouvements logiques<\/strong><span class=\"ez-toc-section-end\"><\/span><\/h2>\n<p><img loading=\"lazy\" decoding=\"async\" class=\"alignnone size-full wp-image-10149\" src=\"https:\/\/moverdb.com\/wp-content\/uploads\/Logical-Moves-international-moving-company.png\" alt=\"Logical Moves, soci\u00e9t\u00e9 de d\u00e9m\u00e9nagement international\" width=\"1440\" height=\"670\" data-wp-pid=\"10149\" srcset=\"https:\/\/moverdb.com\/wp-content\/uploads\/Logical-Moves-international-moving-company.png 1440w, https:\/\/moverdb.com\/wp-content\/uploads\/Logical-Moves-international-moving-company-300x140.png 300w, https:\/\/moverdb.com\/wp-content\/uploads\/Logical-Moves-international-moving-company-1024x476.png 1024w, https:\/\/moverdb.com\/wp-content\/uploads\/Logical-Moves-international-moving-company-18x8.png 18w, https:\/\/moverdb.com\/wp-content\/uploads\/Logical-Moves-international-moving-company-600x279.png 600w\" sizes=\"auto, (max-width: 1440px) 100vw, 1440px\" \/><\/p>\n<ul>\n<li>D\u00e9placements locaux<\/li>\n<li>D\u00e9m\u00e9nagements internationaux<\/li>\n<li>D\u00e9m\u00e9nagements de m\u00e9nages<\/li>\n<li>D\u00e9m\u00e9nagements d'entreprises<\/li>\n<li>Services de relocalisation<\/li>\n<li>Service d'emballage<\/li>\n<li>D\u00e9douanement<\/li>\n<li>Services de d\u00e9part et d'installation<\/li>\n<li>Mouvements d'animaux<\/li>\n<li>Stockage s\u00e9curis\u00e9<\/li>\n<\/ul>\n<p>Logical Moves est une entreprise ind\u00e9pendante de d\u00e9m\u00e9nagements internationaux fond\u00e9e en 2005 et bas\u00e9e \u00e0 Ho Chi Minh Ville. Elle dispose d'un r\u00e9seau mondial et de ressources locales qui lui permettent de fournir des services de haute qualit\u00e9 pour les d\u00e9m\u00e9nagements locaux et internationaux. Elle est membre de l'IAM et compte 18 ans d'exp\u00e9rience.<\/p>\n<p>Logical Moves propose une consultation pr\u00e9alable au d\u00e9m\u00e9nagement et une \u00e9tude du domicile afin de d\u00e9terminer vos besoins en mati\u00e8re de d\u00e9m\u00e9nagement. Ils offrent un service d'emballage pour assurer la livraison en toute s\u00e9curit\u00e9 de vos biens et assurent la protection de l'exp\u00e9dition et le d\u00e9douanement, et \u00e0 l'arriv\u00e9e, ils d\u00e9ballent les affaires. Elle propose des services suppl\u00e9mentaires, notamment une aide \u00e0 l'obtention de visas et \u00e0 l'immigration, la recherche d'un logement et d'une \u00e9cole, une aide au d\u00e9part, un service de bricolage et des services d'installation.<\/p>\n<p>Site web : <a href=\"http:\/\/www.logicalmoves.net\" target=\"_blank\" rel=\"noopener\">http:\/\/www.logicalmoves.net<\/a><\/p>\n<h2><span class=\"ez-toc-section\" id=\"4_Santa_Fe_Relocation\"><\/span><strong>4. D\u00e9placement de Santa Fe<\/strong><span class=\"ez-toc-section-end\"><\/span><\/h2>\n<p><img loading=\"lazy\" decoding=\"async\" class=\"alignnone size-full wp-image-10181\" src=\"https:\/\/moverdb.com\/wp-content\/uploads\/Santa-Fe-Relocations-Vietnam-international-moving-company.png\" alt=\"Santa Fe Relocations Entreprise de d\u00e9m\u00e9nagement international au Vietnam\" width=\"1440\" height=\"681\" data-wp-pid=\"10181\" srcset=\"https:\/\/moverdb.com\/wp-content\/uploads\/Santa-Fe-Relocations-Vietnam-international-moving-company.png 1440w, https:\/\/moverdb.com\/wp-content\/uploads\/Santa-Fe-Relocations-Vietnam-international-moving-company-300x142.png 300w, https:\/\/moverdb.com\/wp-content\/uploads\/Santa-Fe-Relocations-Vietnam-international-moving-company-1024x484.png 1024w, https:\/\/moverdb.com\/wp-content\/uploads\/Santa-Fe-Relocations-Vietnam-international-moving-company-18x9.png 18w, https:\/\/moverdb.com\/wp-content\/uploads\/Santa-Fe-Relocations-Vietnam-international-moving-company-600x284.png 600w\" sizes=\"auto, (max-width: 1440px) 100vw, 1440px\" \/><\/p>\n<ul>\n<li>D\u00e9localisations locales et nationales<\/li>\n<li>D\u00e9localisations internationales<\/li>\n<li>D\u00e9m\u00e9nagements de m\u00e9nages<\/li>\n<li>D\u00e9localisations d'entreprises<\/li>\n<li>Service porte-\u00e0-porte<\/li>\n<li>Emballage sp\u00e9cialis\u00e9<\/li>\n<li>D\u00e9douanement<\/li>\n<li>Visas et immigration<\/li>\n<li>Services \u00e0 destination<\/li>\n<li>Stockage s\u00e9curis\u00e9<\/li>\n<\/ul>\n<p>Santa Fe Relocation est une soci\u00e9t\u00e9 internationale de d\u00e9m\u00e9nagement et de r\u00e9installation qui compte plus de 130 ans d'exp\u00e9rience et 64 bureaux dans 38 pays, dont Hanoi et Ho Chi Minh Ville au Vi\u00eat Nam. Elle est membre de l'IAM avec 17 ans d'exp\u00e9rience et est accr\u00e9dit\u00e9e par la FIDI.<\/p>\n<p>Santa Fe Relocation propose des services de d\u00e9m\u00e9nagement de porte \u00e0 porte avec une \u00e9quipe professionnelle pour vous aider tout au long de votre d\u00e9m\u00e9nagement. Ils fournissent un service d'emballage sp\u00e9cialis\u00e9 pour prot\u00e9ger vos biens pendant le d\u00e9m\u00e9nagement, mais proposent \u00e9galement des plans complets de protection des exp\u00e9ditions. Elle offre des services suppl\u00e9mentaires, notamment des services de visa et d'immigration, de recherche de logement et d'autres services de destination.<\/p>\n<p>Site web : <a href=\"https:\/\/www.santaferelo.com\/en\/contact\/our-offices\/vietnam-ho-chi-minh\/\" target=\"_blank\" rel=\"noopener\">https:\/\/www.santaferelo.com\/en\/contact\/our-offices\/vietnam-ho-chi-minh\/<\/a><\/p>\n<h2><span class=\"ez-toc-section\" id=\"5_Saigon_Van\"><\/span><strong>5. Saigon Van<\/strong><span class=\"ez-toc-section-end\"><\/span><\/h2>\n<p><img loading=\"lazy\" decoding=\"async\" class=\"alignnone size-full wp-image-10258\" src=\"https:\/\/moverdb.com\/wp-content\/uploads\/Saigon-Van-international-moving-company.png\" alt=\"Saigon Van, soci\u00e9t\u00e9 de d\u00e9m\u00e9nagement international\" width=\"1440\" height=\"700\" data-wp-pid=\"10258\" srcset=\"https:\/\/moverdb.com\/wp-content\/uploads\/Saigon-Van-international-moving-company.png 1440w, https:\/\/moverdb.com\/wp-content\/uploads\/Saigon-Van-international-moving-company-300x146.png 300w, https:\/\/moverdb.com\/wp-content\/uploads\/Saigon-Van-international-moving-company-1024x498.png 1024w, https:\/\/moverdb.com\/wp-content\/uploads\/Saigon-Van-international-moving-company-18x9.png 18w, https:\/\/moverdb.com\/wp-content\/uploads\/Saigon-Van-international-moving-company-600x292.png 600w\" sizes=\"auto, (max-width: 1440px) 100vw, 1440px\" \/><\/p>\n<ul>\n<li>D\u00e9m\u00e9nagements locaux et nationaux<\/li>\n<li>D\u00e9m\u00e9nagements internationaux<\/li>\n<li>D\u00e9m\u00e9nagements de m\u00e9nages<\/li>\n<li>D\u00e9m\u00e9nagements de bureaux<\/li>\n<li>Service d'emballage<\/li>\n<li>D\u00e9douanement<\/li>\n<li>D\u00e9placement d'animaux de compagnie<\/li>\n<li>Service d'homme \u00e0 tout faire<\/li>\n<li>Assurance<\/li>\n<li>Stockage<\/li>\n<\/ul>\n<p>Saigon Van est une soci\u00e9t\u00e9 de relocation internationale cr\u00e9\u00e9e en 1990 et bas\u00e9e \u00e0 Ho Chi Minh Ville avec une succursale \u00e0 Ha Noi. Elle travaille avec des coll\u00e8gues internationaux pour l'aider \u00e0 fournir des services en dehors du Vi\u00eat Nam. Elle est membre de l'IAM, avec 33 ans d'exp\u00e9rience, et est accr\u00e9dit\u00e9e par la FIDI.<\/p>\n<p>Saigon Van propose des services de d\u00e9m\u00e9nagement et de r\u00e9installation locaux, nationaux et internationaux qui commencent par une \u00e9tude pr\u00e9alable au d\u00e9m\u00e9nagement. Ils mettent \u00e0 disposition une \u00e9quipe d'emballage exp\u00e9riment\u00e9e pour emballer et prot\u00e9ger vos biens. Ils organisent le transport avec d\u00e9douanement et assurance. Les services de relocation comprennent les visas, l'inscription \u00e0 l'\u00e9cole, les services de bricolage, les services de nettoyage et le stockage.<\/p>\n<p>Site web : <a href=\"http:\/\/www.saigonvan.com\/\" target=\"_blank\" rel=\"noopener\">http:\/\/www.saigonvan.com\/<\/a><\/p>\n<h2><span class=\"ez-toc-section\" id=\"Other_Useful_Guides_to_Vietnam\"><\/span>Autres guides utiles sur le Vietnam<span class=\"ez-toc-section-end\"><\/span><\/h2>\n<ul>\n<li> <a href=\"https:\/\/moverdb.com\/fr\/expedition-par-conteneur\/vietnam\/\">2024 Tarifs d'exp\u00e9dition de conteneurs de fret maritime \u00e0 destination et en provenance du Vietnam<\/a><\/li>\n<li> <a href=\"https:\/\/moverdb.com\/fr\/moving-to-vietnam\/\">D\u00e9m\u00e9nager au Vietnam ? 2026 Co\u00fbts de la vie et conseils de relocalisation<\/a><\/li>\n<li> <a href=\"https:\/\/moverdb.com\/fr\/moving-to-vietnam\/best-places-to-live-vietnam\/\">12 meilleurs endroits pour vivre au Vi\u00eat Nam<\/a><\/li>\n<\/ul>","protected":false},"excerpt":{"rendered":"<p>Are you thinking of moving to, from or within Vietnam? Getting a moving company to assist you can help ease the process as they can pack your effects, arrange transportation and manage customs procedures. Below we have compiled a list of Vietnam based removal companies that are members of the International Association of Movers (IAM) [&hellip;]<\/p>\n","protected":false},"author":4,"featured_media":10115,"parent":190,"menu_order":0,"comment_status":"closed","ping_status":"closed","template":"","meta":{"_genesis_hide_title":false,"_genesis_hide_breadcrumbs":false,"_genesis_hide_singular_image":false,"_genesis_hide_footer_widgets":false,"_genesis_custom_body_class":"","_genesis_custom_post_class":"","_genesis_layout":"","footnotes":""},"class_list":{"0":"post-10257","1":"page","2":"type-page","3":"status-publish","4":"has-post-thumbnail","6":"entry"},"_links":{"self":[{"href":"https:\/\/moverdb.com\/fr\/wp-json\/wp\/v2\/pages\/10257","targetHints":{"allow":["GET"]}}],"collection":[{"href":"https:\/\/moverdb.com\/fr\/wp-json\/wp\/v2\/pages"}],"about":[{"href":"https:\/\/moverdb.com\/fr\/wp-json\/wp\/v2\/types\/page"}],"author":[{"embeddable":true,"href":"https:\/\/moverdb.com\/fr\/wp-json\/wp\/v2\/users\/4"}],"replies":[{"embeddable":true,"href":"https:\/\/moverdb.com\/fr\/wp-json\/wp\/v2\/comments?post=10257"}],"version-history":[{"count":3,"href":"https:\/\/moverdb.com\/fr\/wp-json\/wp\/v2\/pages\/10257\/revisions"}],"predecessor-version":[{"id":16500,"href":"https:\/\/moverdb.com\/fr\/wp-json\/wp\/v2\/pages\/10257\/revisions\/16500"}],"up":[{"embeddable":true,"href":"https:\/\/moverdb.com\/fr\/wp-json\/wp\/v2\/pages\/190"}],"wp:featuredmedia":[{"embeddable":true,"href":"https:\/\/moverdb.com\/fr\/wp-json\/wp\/v2\/media\/10115"}],"wp:attachment":[{"href":"https:\/\/moverdb.com\/fr\/wp-json\/wp\/v2\/media?parent=10257"}],"curies":[{"name":"wp","href":"https:\/\/api.w.org\/{rel}","templated":true}]}}