{"id":10255,"date":"2023-11-22T15:17:48","date_gmt":"2023-11-22T15:17:48","guid":{"rendered":"https:\/\/moverdb.com\/?page_id=10255"},"modified":"2026-01-08T15:29:27","modified_gmt":"2026-01-08T15:29:27","slug":"moving-companies-venezuela","status":"publish","type":"page","link":"https:\/\/moverdb.com\/fr\/moving-companies\/moving-companies-venezuela\/","title":{"rendered":"6 meilleures entreprises de d\u00e9m\u00e9nagements internationaux au Venezuela"},"content":{"rendered":"<p>D\u00e9m\u00e9nager peut s'av\u00e9rer complexe, surtout s'il s'agit d'un changement de pays. Par cons\u00e9quent, si vous envisagez de d\u00e9m\u00e9nager \u00e0 l'int\u00e9rieur, \u00e0 destination ou en provenance du Venezuela, il peut \u00eatre utile de faire appel \u00e0 une entreprise de d\u00e9m\u00e9nagement. <a href=\"https:\/\/moverdb.com\/fr\/moving-companies\/\" data-internallinksmanager029f6b8e52c=\"79\" title=\"Les 25 meilleures soci\u00e9t\u00e9s de d\u00e9m\u00e9nagement international en ligne\">soci\u00e9t\u00e9 de d\u00e9m\u00e9nagement<\/a> pour vous aider dans votre d\u00e9m\u00e9nagement. Nous avons dress\u00e9 ci-dessous une liste de soci\u00e9t\u00e9s bas\u00e9es au Venezuela. <a href=\"https:\/\/moverdb.com\/fr\/international-removals\/\" data-internallinksmanager029f6b8e52c=\"27\" title=\"36 meilleures entreprises de d\u00e9m\u00e9nagements internationaux au Royaume-Uni\">entreprises de d\u00e9m\u00e9nagement<\/a> qui sont membres de la <a href=\"https:\/\/moverdb.com\/fr\/iam\/\" data-internallinksmanager029f6b8e52c=\"23\" title=\"L&#039;Association internationale des d\u00e9m\u00e9nageurs (IAM) expliqu\u00e9e\">Association internationale des d\u00e9m\u00e9nageurs<\/a> (IAM) et\/ou <a href=\"https:\/\/moverdb.com\/fr\/fidi-faim\/\" data-internallinksmanager029f6b8e52c=\"16\" title=\"Explication de la FIDI et du FAIM (FIDI Accredited International Mover)\">FIDI<\/a> D\u00e9m\u00e9nageur international accr\u00e9dit\u00e9 (FAIM) qui pourrait vous aider dans votre d\u00e9m\u00e9nagement.<\/p>\n<div id=\"ez-toc-container\" class=\"ez-toc-v2_0_82_2 ez-toc-wrap-left counter-hierarchy ez-toc-counter ez-toc-transparent ez-toc-container-direction\">\n<div class=\"ez-toc-title-container\">\n<p class=\"ez-toc-title\" style=\"cursor:inherit\">Sections<\/p>\n<span class=\"ez-toc-title-toggle\"><a href=\"#\" class=\"ez-toc-pull-right ez-toc-btn ez-toc-btn-xs ez-toc-btn-default ez-toc-toggle\" aria-label=\"Toggle Table des mati\u00e8res\"><span class=\"ez-toc-js-icon-con\"><span class=\"\"><span class=\"eztoc-hide\" style=\"display:none;\">Toggle<\/span><span class=\"ez-toc-icon-toggle-span\"><svg style=\"fill: #999;color:#999\" xmlns=\"http:\/\/www.w3.org\/2000\/svg\" class=\"list-377408\" width=\"20px\" height=\"20px\" viewbox=\"0 0 24 24\" fill=\"none\"><path d=\"M6 6H4v2h2V6zm14 0H8v2h12V6zM4 11h2v2H4v-2zm16 0H8v2h12v-2zM4 16h2v2H4v-2zm16 0H8v2h12v-2z\" fill=\"currentColor\"><\/path><\/svg><svg style=\"fill: #999;color:#999\" class=\"arrow-unsorted-368013\" xmlns=\"http:\/\/www.w3.org\/2000\/svg\" width=\"10px\" height=\"10px\" viewbox=\"0 0 24 24\" version=\"1.2\" baseprofile=\"tiny\"><path d=\"M18.2 9.3l-6.2-6.3-6.2 6.3c-.2.2-.3.4-.3.7s.1.5.3.7c.2.2.4.3.7.3h11c.3 0 .5-.1.7-.3.2-.2.3-.5.3-.7s-.1-.5-.3-.7zM5.8 14.7l6.2 6.3 6.2-6.3c.2-.2.3-.5.3-.7s-.1-.5-.3-.7c-.2-.2-.4-.3-.7-.3h-11c-.3 0-.5.1-.7.3-.2.2-.3.5-.3.7s.1.5.3.7z\"\/><\/svg><\/span><\/span><\/span><\/a><\/span><\/div>\n<nav><ul class='ez-toc-list ez-toc-list-level-1 eztoc-toggle-hide-by-default' ><li class='ez-toc-page-1 ez-toc-heading-level-2'><a class=\"ez-toc-link ez-toc-heading-1\" href=\"https:\/\/moverdb.com\/fr\/moving-companies\/moving-companies-venezuela\/#1_AMP_Movers_International\" >1. AMP Movers International<\/a><\/li><li class='ez-toc-page-1 ez-toc-heading-level-2'><a class=\"ez-toc-link ez-toc-heading-2\" href=\"https:\/\/moverdb.com\/fr\/moving-companies\/moving-companies-venezuela\/#2_Clover_International\" >2. Clover International<\/a><\/li><li class='ez-toc-page-1 ez-toc-heading-level-2'><a class=\"ez-toc-link ez-toc-heading-3\" href=\"https:\/\/moverdb.com\/fr\/moving-companies\/moving-companies-venezuela\/#3_Equixpress\" >3. Equixpress<\/a><\/li><li class='ez-toc-page-1 ez-toc-heading-level-2'><a class=\"ez-toc-link ez-toc-heading-4\" href=\"https:\/\/moverdb.com\/fr\/moving-companies\/moving-companies-venezuela\/#4_JJ_Mari_International_Movers\" >4. JJ Mari International Movers<\/a><\/li><li class='ez-toc-page-1 ez-toc-heading-level-2'><a class=\"ez-toc-link ez-toc-heading-5\" href=\"https:\/\/moverdb.com\/fr\/moving-companies\/moving-companies-venezuela\/#5_Moving_Life\" >5. La vie en mouvement<\/a><\/li><li class='ez-toc-page-1 ez-toc-heading-level-2'><a class=\"ez-toc-link ez-toc-heading-6\" href=\"https:\/\/moverdb.com\/fr\/moving-companies\/moving-companies-venezuela\/#6_Mudanzas_Internacionales_Global\" >6. Mudanzas Internacionales Global<\/a><\/li><\/ul><\/nav><\/div>\n<h2><span class=\"ez-toc-section\" id=\"1_AMP_Movers_International\"><\/span><strong>1. AMP Movers International<\/strong><span class=\"ez-toc-section-end\"><\/span><\/h2>\n<p><img loading=\"lazy\" decoding=\"async\" class=\"alignnone size-full wp-image-10077\" src=\"https:\/\/moverdb.com\/wp-content\/uploads\/AMP-Movers-International-moving-company.png\" alt=\"AMP Movers soci\u00e9t\u00e9 de d\u00e9m\u00e9nagement international\" width=\"1440\" height=\"680\" data-wp-pid=\"10077\" srcset=\"https:\/\/moverdb.com\/wp-content\/uploads\/AMP-Movers-International-moving-company.png 1440w, https:\/\/moverdb.com\/wp-content\/uploads\/AMP-Movers-International-moving-company-300x142.png 300w, https:\/\/moverdb.com\/wp-content\/uploads\/AMP-Movers-International-moving-company-1024x484.png 1024w, https:\/\/moverdb.com\/wp-content\/uploads\/AMP-Movers-International-moving-company-18x9.png 18w, https:\/\/moverdb.com\/wp-content\/uploads\/AMP-Movers-International-moving-company-600x283.png 600w\" sizes=\"auto, (max-width: 1440px) 100vw, 1440px\" \/><\/p>\n<ul>\n<li>Mouvements nationaux<\/li>\n<li>D\u00e9m\u00e9nagements internationaux<\/li>\n<li>D\u00e9m\u00e9nagements de m\u00e9nages<\/li>\n<li>Service d'emballage<\/li>\n<li>Organisation du transport<\/li>\n<li>Proc\u00e9dures douani\u00e8res<\/li>\n<li>Manipulation d'\u0153uvres d'art<\/li>\n<li>Transport de v\u00e9hicules<\/li>\n<li>Assurance<\/li>\n<li>Installations de stockage<\/li>\n<\/ul>\n<p>AMP Movers International est une entreprise de d\u00e9m\u00e9nagement national et international qui a plus de 10 ans d'exp\u00e9rience et qui est bas\u00e9e \u00e0 Caracas. Elle dispose d'un r\u00e9seau d'agents de d\u00e9m\u00e9nagement dans le monde entier qui l'aide \u00e0 fournir ses services \u00e0 l'\u00e9chelle internationale. Elle est membre de l'IAM.<\/p>\n<p>AMP Movers International propose un service de d\u00e9m\u00e9nagement personnalis\u00e9 qui commence par une \u00e9tude et un devis avant le d\u00e9m\u00e9nagement. Ils fournissent un service d'emballage professionnel qui utilise des mat\u00e9riaux d'emballage sp\u00e9ciaux con\u00e7us pour le contenu, y compris une protection suppl\u00e9mentaire pour les objets fragiles. \u00c0 l'arriv\u00e9e, ils vous aideront \u00e0 d\u00e9baller, \u00e0 placer les meubles et \u00e0 enlever les mat\u00e9riaux. Ils proposent \u00e9galement des services de gestion des \u0153uvres d'art et des antiquit\u00e9s, de transfert de v\u00e9hicules et de stockage.<\/p>\n<p>Site web : <a href=\"http:\/\/www.ampmovers.com\" target=\"_blank\" rel=\"noopener\">http:\/\/www.ampmovers.com<\/a><\/p>\n<h2><span class=\"ez-toc-section\" id=\"2_Clover_International\"><\/span><strong>2. Clover International<\/strong><span class=\"ez-toc-section-end\"><\/span><\/h2>\n<p><img loading=\"lazy\" decoding=\"async\" class=\"alignnone size-full wp-image-10094\" src=\"https:\/\/moverdb.com\/wp-content\/uploads\/Clover-International-moving-company.png\" alt=\"Clover International entreprise de d\u00e9m\u00e9nagement\" width=\"1440\" height=\"684\" data-wp-pid=\"10094\" srcset=\"https:\/\/moverdb.com\/wp-content\/uploads\/Clover-International-moving-company.png 1440w, https:\/\/moverdb.com\/wp-content\/uploads\/Clover-International-moving-company-300x143.png 300w, https:\/\/moverdb.com\/wp-content\/uploads\/Clover-International-moving-company-1024x486.png 1024w, https:\/\/moverdb.com\/wp-content\/uploads\/Clover-International-moving-company-18x9.png 18w, https:\/\/moverdb.com\/wp-content\/uploads\/Clover-International-moving-company-600x285.png 600w\" sizes=\"auto, (max-width: 1440px) 100vw, 1440px\" \/><\/p>\n<ul>\n<li>Mouvements nationaux<\/li>\n<li>D\u00e9m\u00e9nagements internationaux<\/li>\n<li>D\u00e9m\u00e9nagements r\u00e9sidentiels<\/li>\n<li>D\u00e9m\u00e9nagement d'entreprises et de bureaux<\/li>\n<li>Service d'emballage<\/li>\n<li>Gestion douani\u00e8re<\/li>\n<li>Transport d'animaux et de v\u00e9hicules<\/li>\n<li>Services de nettoyage<\/li>\n<li>Assurance<\/li>\n<li>Installations de stockage<\/li>\n<\/ul>\n<p>Clover International est une entreprise de logistique et de d\u00e9m\u00e9nagement qui a pr\u00e8s de 60 ans d'exp\u00e9rience et qui est bas\u00e9e \u00e0 Caracas. Elle est membre de l'IAM avec 59 ans d'exp\u00e9rience et est accr\u00e9dit\u00e9e par la FIDI, ce qui signifie qu'elle travaille selon des normes \u00e9lev\u00e9es et qu'elle dispose d'un r\u00e9seau d'agents de d\u00e9m\u00e9nagement qui op\u00e8rent \u00e9galement \u00e0 ce niveau.<\/p>\n<p>Clover International propose des services de d\u00e9m\u00e9nagement sp\u00e9cialis\u00e9s pour les articles m\u00e9nagers et professionnels, ainsi que pour les animaux domestiques et les v\u00e9hicules \u00e0 l'int\u00e9rieur, \u00e0 destination et en provenance du Venezuela. Ils organisent le transport et la gestion douani\u00e8re de vos biens jusqu'\u00e0 votre destination, avec une assurance. Ils utilisent des mat\u00e9riaux de haute qualit\u00e9 et des normes de s\u00e9curit\u00e9 pour prot\u00e9ger vos objets.<\/p>\n<p>Site web : <a href=\"https:\/\/www.cloverve.com\/\" target=\"_blank\" rel=\"noopener\">https:\/\/www.cloverve.com\/<\/a><\/p>\n<h2><span class=\"ez-toc-section\" id=\"3_Equixpress\"><\/span><strong>3. Equixpress<\/strong><span class=\"ez-toc-section-end\"><\/span><\/h2>\n<p><img loading=\"lazy\" decoding=\"async\" class=\"alignnone size-full wp-image-10112\" src=\"https:\/\/moverdb.com\/wp-content\/uploads\/Equixpress-international-moving-company.png\" alt=\"Equixpress, soci\u00e9t\u00e9 de d\u00e9m\u00e9nagement international\" width=\"1440\" height=\"680\" data-wp-pid=\"10112\" srcset=\"https:\/\/moverdb.com\/wp-content\/uploads\/Equixpress-international-moving-company.png 1440w, https:\/\/moverdb.com\/wp-content\/uploads\/Equixpress-international-moving-company-300x142.png 300w, https:\/\/moverdb.com\/wp-content\/uploads\/Equixpress-international-moving-company-1024x484.png 1024w, https:\/\/moverdb.com\/wp-content\/uploads\/Equixpress-international-moving-company-18x9.png 18w, https:\/\/moverdb.com\/wp-content\/uploads\/Equixpress-international-moving-company-600x283.png 600w\" sizes=\"auto, (max-width: 1440px) 100vw, 1440px\" \/><\/p>\n<ul>\n<li>Mouvements nationaux<\/li>\n<li>D\u00e9m\u00e9nagements internationaux<\/li>\n<li>D\u00e9m\u00e9nagements de m\u00e9nages<\/li>\n<li>Logistique commerciale<\/li>\n<li>Service d'emballage<\/li>\n<li>Transports a\u00e9riens, maritimes et terrestres<\/li>\n<li>Courtage en douane<\/li>\n<li><a href=\"https:\/\/moverdb.com\/fr\/car-transport-shipping\/\" data-internallinksmanager029f6b8e52c=\"2\" title=\"2026 Devis pour le transport international de voitures et l&#039;exp\u00e9dition de v\u00e9hicules\">Exp\u00e9dition de v\u00e9hicules<\/a><\/li>\n<li>Assurance tous risques<\/li>\n<li>Installations de stockage<\/li>\n<\/ul>\n<p>Equixpress est une soci\u00e9t\u00e9 de d\u00e9m\u00e9nagement international fond\u00e9e en 1963 et bas\u00e9e \u00e0 Caracas. Elle est membre de l'IAM et poss\u00e8de 60 ans d'exp\u00e9rience, ce qui lui permet d'acc\u00e9der \u00e0 un r\u00e9seau international d'agents de d\u00e9m\u00e9nagement pour fournir des services partout dans le monde.<\/p>\n<p>Equixpress propose un service de d\u00e9m\u00e9nagement personnalis\u00e9 qui prend en charge tous les aspects du processus de d\u00e9m\u00e9nagement. Ils emballeront vos effets en toute s\u00e9curit\u00e9 et organiseront le transport par voie a\u00e9rienne, maritime ou routi\u00e8re jusqu'\u00e0 votre destination, en s'occupant du courtage en douane et en souscrivant une assurance tous risques. Ils utilisent des mat\u00e9riaux d'emballage et des cartons de la plus haute qualit\u00e9 et accordent une attention particuli\u00e8re aux objets fragiles, notamment en fabriquant des caisses en bois sur mesure.<\/p>\n<p>Site web : <a href=\"http:\/\/www.equixpress.com\" target=\"_blank\" rel=\"noopener\">http:\/\/www.equixpress.com<\/a><\/p>\n<h2><span class=\"ez-toc-section\" id=\"4_JJ_Mari_International_Movers\"><\/span><strong>4. JJ Mari International Movers<\/strong><span class=\"ez-toc-section-end\"><\/span><\/h2>\n<p><img loading=\"lazy\" decoding=\"async\" class=\"alignnone size-full wp-image-10142\" src=\"https:\/\/moverdb.com\/wp-content\/uploads\/JJ-Mari-International-Movers-moving-company.png\" alt=\"JJ Mari International Movers entreprise de d\u00e9m\u00e9nagement\" width=\"1440\" height=\"680\" data-wp-pid=\"10142\" srcset=\"https:\/\/moverdb.com\/wp-content\/uploads\/JJ-Mari-International-Movers-moving-company.png 1440w, https:\/\/moverdb.com\/wp-content\/uploads\/JJ-Mari-International-Movers-moving-company-300x142.png 300w, https:\/\/moverdb.com\/wp-content\/uploads\/JJ-Mari-International-Movers-moving-company-1024x484.png 1024w, https:\/\/moverdb.com\/wp-content\/uploads\/JJ-Mari-International-Movers-moving-company-18x9.png 18w, https:\/\/moverdb.com\/wp-content\/uploads\/JJ-Mari-International-Movers-moving-company-600x283.png 600w\" sizes=\"auto, (max-width: 1440px) 100vw, 1440px\" \/><\/p>\n<ul>\n<li>D\u00e9m\u00e9nagements locaux<\/li>\n<li>D\u00e9m\u00e9nagements internationaux<\/li>\n<li>D\u00e9m\u00e9nagements de m\u00e9nages<\/li>\n<li>D\u00e9m\u00e9nagements d'entreprises<\/li>\n<li>Service d'emballage<\/li>\n<li>Fret a\u00e9rien et maritime<\/li>\n<li>Courtage en douane<\/li>\n<li>Manipulation d'\u0153uvres d'art<\/li>\n<li>Transferts de v\u00e9hicules<\/li>\n<li>Installations de stockage<\/li>\n<\/ul>\n<p>JJ Mari International Movers est une entreprise de logistique et de transport international qui a plus de 35 ans d'exp\u00e9rience et qui est bas\u00e9e \u00e0 Caracas. Elle est membre de l'IAM avec 23 ans d'exp\u00e9rience et est accr\u00e9dit\u00e9e par la FIDI, ce qui lui donne acc\u00e8s \u00e0 des r\u00e9seaux internationaux d'agents de d\u00e9m\u00e9nagement op\u00e9rant selon des normes \u00e9lev\u00e9es.<\/p>\n<p>JJ Mari International Movers propose des services de d\u00e9m\u00e9nagement porte-\u00e0-porte pour les m\u00e9nages, les entreprises et les diplomates. Elle met \u00e0 votre disposition un personnel hautement qualifi\u00e9 qui emballera et d\u00e9ballera vos effets personnels et prendra un soin particulier pour les objets fragiles, y compris les objets d'art et les antiquit\u00e9s. Ils organisent le transport international par voie a\u00e9rienne ou maritime avec courtage en douane, ce qui peut \u00e9galement inclure le transfert de v\u00e9hicules.<\/p>\n<p>Site web : <a href=\"http:\/\/www.jjmarimovers.net\" target=\"_blank\" rel=\"noopener\">http:\/\/www.jjmarimovers.net<\/a><\/p>\n<h2><span class=\"ez-toc-section\" id=\"5_Moving_Life\"><\/span><strong>5. La vie en mouvement<\/strong><span class=\"ez-toc-section-end\"><\/span><\/h2>\n<p><img loading=\"lazy\" decoding=\"async\" class=\"alignnone size-full wp-image-10160\" src=\"https:\/\/moverdb.com\/wp-content\/uploads\/Moving-Life-international-moving-company.png\" alt=\"Moving Life entreprise de d\u00e9m\u00e9nagement international\" width=\"1440\" height=\"679\" data-wp-pid=\"10160\" srcset=\"https:\/\/moverdb.com\/wp-content\/uploads\/Moving-Life-international-moving-company.png 1440w, https:\/\/moverdb.com\/wp-content\/uploads\/Moving-Life-international-moving-company-300x141.png 300w, https:\/\/moverdb.com\/wp-content\/uploads\/Moving-Life-international-moving-company-1024x483.png 1024w, https:\/\/moverdb.com\/wp-content\/uploads\/Moving-Life-international-moving-company-18x8.png 18w, https:\/\/moverdb.com\/wp-content\/uploads\/Moving-Life-international-moving-company-600x283.png 600w\" sizes=\"auto, (max-width: 1440px) 100vw, 1440px\" \/><\/p>\n<ul>\n<li>D\u00e9m\u00e9nagements locaux et nationaux<\/li>\n<li>D\u00e9m\u00e9nagements internationaux<\/li>\n<li>D\u00e9m\u00e9nagements de m\u00e9nages<\/li>\n<li>D\u00e9m\u00e9nagements de bureaux<\/li>\n<li>Service porte-\u00e0-porte<\/li>\n<li>Service d'emballage<\/li>\n<li>Transport a\u00e9rien et maritime<\/li>\n<li>Proc\u00e9dures douani\u00e8res<\/li>\n<li>Manipulation de l'art<\/li>\n<li>Transferts de v\u00e9hicules<\/li>\n<\/ul>\n<p>Moving Life est une entreprise de d\u00e9m\u00e9nagement international qui a plus de 19 ans d'exp\u00e9rience et qui est bas\u00e9e \u00e0 Caracas. Elle s'appuie sur un r\u00e9seau de plus de 2 000 membres couvrant 170 pays pour fournir des services dans le monde entier. Elle est membre de l'IAM et compte huit ans d'exp\u00e9rience.<\/p>\n<p>Moving Life propose des services de d\u00e9m\u00e9nagement porte-\u00e0-porte qui commencent par une visite de pr\u00e9-d\u00e9m\u00e9nagement afin de d\u00e9terminer vos besoins en mati\u00e8re de d\u00e9m\u00e9nagement. Ils emballeront vos biens en utilisant des techniques professionnelles reconnues par les normes internationales et dresseront un inventaire. Ils chargeront vos articles emball\u00e9s dans des fourgons en bois sur mesure pour le transport a\u00e9rien ou dans des conteneurs m\u00e9talliques pour le transport maritime, et effectueront les formalit\u00e9s douani\u00e8res.<\/p>\n<p>Site web : <a href=\"http:\/\/www.movinglife.com.ve\" target=\"_blank\" rel=\"noopener\">http:\/\/www.movinglife.com.ve<\/a><\/p>\n<h2><span class=\"ez-toc-section\" id=\"6_Mudanzas_Internacionales_Global\"><\/span><strong>6. Mudanzas Internacionales Global<\/strong><span class=\"ez-toc-section-end\"><\/span><\/h2>\n<p><img loading=\"lazy\" decoding=\"async\" class=\"alignnone size-full wp-image-10162\" src=\"https:\/\/moverdb.com\/wp-content\/uploads\/Mudanzas-Internacionales-Global-moving-company.png\" alt=\"Mudanzas Internacionales Entreprise mondiale de d\u00e9m\u00e9nagement\" width=\"1440\" height=\"682\" data-wp-pid=\"10162\" srcset=\"https:\/\/moverdb.com\/wp-content\/uploads\/Mudanzas-Internacionales-Global-moving-company.png 1440w, https:\/\/moverdb.com\/wp-content\/uploads\/Mudanzas-Internacionales-Global-moving-company-300x142.png 300w, https:\/\/moverdb.com\/wp-content\/uploads\/Mudanzas-Internacionales-Global-moving-company-1024x485.png 1024w, https:\/\/moverdb.com\/wp-content\/uploads\/Mudanzas-Internacionales-Global-moving-company-18x9.png 18w, https:\/\/moverdb.com\/wp-content\/uploads\/Mudanzas-Internacionales-Global-moving-company-600x284.png 600w\" sizes=\"auto, (max-width: 1440px) 100vw, 1440px\" \/><\/p>\n<ul>\n<li>D\u00e9m\u00e9nagements locaux et nationaux<\/li>\n<li>D\u00e9m\u00e9nagements internationaux<\/li>\n<li>D\u00e9m\u00e9nagements r\u00e9sidentiels<\/li>\n<li>Enqu\u00eate pr\u00e9alable au d\u00e9m\u00e9nagement<\/li>\n<li>Service d'emballage<\/li>\n<li>Dispositions en mati\u00e8re de transport<\/li>\n<li>Soutien douanier<\/li>\n<li>Suivi des d\u00e9placements<\/li>\n<li>Respecter les normes internationales<\/li>\n<li>Stockage temporaire<\/li>\n<\/ul>\n<p>Mudanzas Internacionales Global est une soci\u00e9t\u00e9 de d\u00e9m\u00e9nagement fond\u00e9e en 1988 et bas\u00e9e \u00e0 Caracas. Elle est membre de l'IAM, avec 35 ans d'exp\u00e9rience, et est accr\u00e9dit\u00e9e par la FIDI. Ces adh\u00e9sions leur permettent de travailler avec un r\u00e9seau d'entreprises de d\u00e9m\u00e9nagements internationaux pour les aider dans leurs d\u00e9m\u00e9nagements \u00e0 travers le monde.<\/p>\n<p>Mudanzas Internacionales Global propose un service de d\u00e9m\u00e9nagement personnalis\u00e9 r\u00e9pondant aux normes internationales. Ils proposent une \u00e9tude pr\u00e9liminaire pour \u00e9valuer vos besoins en mati\u00e8re de d\u00e9m\u00e9nagement et vous recommander les meilleures options de d\u00e9m\u00e9nagement. Ses emballeurs exp\u00e9riment\u00e9s utiliseront des mat\u00e9riaux d'emballage de la meilleure qualit\u00e9, conformes aux r\u00e9glementations internationales, pour prot\u00e9ger vos objets.<\/p>\n<p>Site web : <a href=\"http:\/\/www.miglobal.com\" target=\"_blank\" rel=\"noopener\">http:\/\/www.miglobal.com<\/a><\/p>","protected":false},"excerpt":{"rendered":"<p>Moving can be complex especially if you are moving country. So, if you are planning on moving within, to or from Venezuela, then you may want to engage a moving company to assist you with your move. Below we have compiled a list of Venezuela based removal companies that are members of the International Association [&hellip;]<\/p>\n","protected":false},"author":4,"featured_media":10077,"parent":190,"menu_order":0,"comment_status":"closed","ping_status":"closed","template":"","meta":{"_genesis_hide_title":false,"_genesis_hide_breadcrumbs":false,"_genesis_hide_singular_image":false,"_genesis_hide_footer_widgets":false,"_genesis_custom_body_class":"","_genesis_custom_post_class":"","_genesis_layout":"","footnotes":""},"class_list":{"0":"post-10255","1":"page","2":"type-page","3":"status-publish","4":"has-post-thumbnail","6":"entry"},"_links":{"self":[{"href":"https:\/\/moverdb.com\/fr\/wp-json\/wp\/v2\/pages\/10255","targetHints":{"allow":["GET"]}}],"collection":[{"href":"https:\/\/moverdb.com\/fr\/wp-json\/wp\/v2\/pages"}],"about":[{"href":"https:\/\/moverdb.com\/fr\/wp-json\/wp\/v2\/types\/page"}],"author":[{"embeddable":true,"href":"https:\/\/moverdb.com\/fr\/wp-json\/wp\/v2\/users\/4"}],"replies":[{"embeddable":true,"href":"https:\/\/moverdb.com\/fr\/wp-json\/wp\/v2\/comments?post=10255"}],"version-history":[{"count":1,"href":"https:\/\/moverdb.com\/fr\/wp-json\/wp\/v2\/pages\/10255\/revisions"}],"predecessor-version":[{"id":10256,"href":"https:\/\/moverdb.com\/fr\/wp-json\/wp\/v2\/pages\/10255\/revisions\/10256"}],"up":[{"embeddable":true,"href":"https:\/\/moverdb.com\/fr\/wp-json\/wp\/v2\/pages\/190"}],"wp:featuredmedia":[{"embeddable":true,"href":"https:\/\/moverdb.com\/fr\/wp-json\/wp\/v2\/media\/10077"}],"wp:attachment":[{"href":"https:\/\/moverdb.com\/fr\/wp-json\/wp\/v2\/media?parent=10255"}],"curies":[{"name":"wp","href":"https:\/\/api.w.org\/{rel}","templated":true}]}}