{"id":10253,"date":"2023-06-22T15:36:35","date_gmt":"2023-06-22T15:36:35","guid":{"rendered":"https:\/\/moverdb.com\/?page_id=10253"},"modified":"2026-01-08T15:23:53","modified_gmt":"2026-01-08T15:23:53","slug":"moving-companies-uzbekistan","status":"publish","type":"page","link":"https:\/\/moverdb.com\/fr\/moving-companies\/moving-companies-uzbekistan\/","title":{"rendered":"2 meilleures entreprises de d\u00e9m\u00e9nagements internationaux en Ouzb\u00e9kistan"},"content":{"rendered":"<p>Vous envisagez de d\u00e9m\u00e9nager en Ouzb\u00e9kistan, \u00e0 destination ou en provenance de ce pays ? Dans ce cas, engagez un <a href=\"https:\/\/moverdb.com\/fr\/moving-companies\/\" data-internallinksmanager029f6b8e52c=\"79\" title=\"Les 25 meilleures soci\u00e9t\u00e9s de d\u00e9m\u00e9nagement international en ligne\">soci\u00e9t\u00e9 de d\u00e9m\u00e9nagement<\/a> La pr\u00e9sence d'une soci\u00e9t\u00e9 de d\u00e9m\u00e9nagement en Ouzb\u00e9kistan qui peut vous aider \u00e0 emballer, organiser le transport et s'occuper des formalit\u00e9s douani\u00e8res pour les d\u00e9m\u00e9nagements internationaux peut vraiment faciliter votre d\u00e9m\u00e9nagement. Nous avons dress\u00e9 ci-dessous une liste de d\u00e9m\u00e9nageurs bas\u00e9s en Ouzb\u00e9kistan. <a href=\"https:\/\/moverdb.com\/fr\/international-removals\/\" data-internallinksmanager029f6b8e52c=\"27\" title=\"36 meilleures entreprises de d\u00e9m\u00e9nagements internationaux au Royaume-Uni\">entreprises de d\u00e9m\u00e9nagement<\/a> qui sont membres de la <a href=\"https:\/\/moverdb.com\/fr\/iam\/\" data-internallinksmanager029f6b8e52c=\"23\" title=\"L&#039;Association internationale des d\u00e9m\u00e9nageurs (IAM) expliqu\u00e9e\">Association internationale des d\u00e9m\u00e9nageurs<\/a> (IAM) et\/ou <a href=\"https:\/\/moverdb.com\/fr\/fidi-faim\/\" data-internallinksmanager029f6b8e52c=\"16\" title=\"Explication de la FIDI et du FAIM (FIDI Accredited International Mover)\">FIDI<\/a> D\u00e9m\u00e9nageur international accr\u00e9dit\u00e9 (FAIM) qui pourrait vous aider dans votre d\u00e9m\u00e9nagement.<\/p>\n<h2><strong>1. D\u00e9placer le premier<\/strong><\/h2>\n<p><img loading=\"lazy\" decoding=\"async\" class=\"alignnone size-full wp-image-10159\" src=\"https:\/\/moverdb.com\/wp-content\/uploads\/Move-One-international-moving-company-1.png\" alt=\"Move One, soci\u00e9t\u00e9 de d\u00e9m\u00e9nagement international\" width=\"1440\" height=\"676\" data-wp-pid=\"10159\" srcset=\"https:\/\/moverdb.com\/wp-content\/uploads\/Move-One-international-moving-company-1.png 1440w, https:\/\/moverdb.com\/wp-content\/uploads\/Move-One-international-moving-company-1-300x141.png 300w, https:\/\/moverdb.com\/wp-content\/uploads\/Move-One-international-moving-company-1-1024x481.png 1024w, https:\/\/moverdb.com\/wp-content\/uploads\/Move-One-international-moving-company-1-18x8.png 18w, https:\/\/moverdb.com\/wp-content\/uploads\/Move-One-international-moving-company-1-600x282.png 600w\" sizes=\"auto, (max-width: 1440px) 100vw, 1440px\" \/><\/p>\n<ul>\n<li>Mouvements nationaux<\/li>\n<li>D\u00e9m\u00e9nagements internationaux<\/li>\n<li>D\u00e9m\u00e9nagements de m\u00e9nages<\/li>\n<li>Logistique commerciale<\/li>\n<li>Services de relocalisation<\/li>\n<li>Service d'emballage<\/li>\n<li>Organisation du transport<\/li>\n<li>Soutien douanier<\/li>\n<li>Transport d'animaux et de v\u00e9hicules<\/li>\n<li>Installations de stockage<\/li>\n<\/ul>\n<p>Move One est une soci\u00e9t\u00e9 de logistique, de d\u00e9m\u00e9nagement et de solutions de mobilit\u00e9 globale cr\u00e9\u00e9e en 1992 et comptant plus de 80 bureaux en Europe de l'Est, en Afrique, au Moyen-Orient, dans les Balkans et dans la CEI. Le bureau d'Ouzb\u00e9kistan se trouve \u00e0 Tachkent. Elle dispose d'un r\u00e9seau de bureaux et d'agents pour fournir des services internationaux. Elle est membre de l'IAM depuis sept ans.<\/p>\n<p>Move One coordonnera votre d\u00e9m\u00e9nagement en veillant \u00e0 ce qu'il se d\u00e9roule sans encombre, en fournissant un service d'emballage, en organisant le transport et en apportant une aide en mati\u00e8re de douane. Il propose des services suppl\u00e9mentaires, notamment en mati\u00e8re de permis et de visas, d'exp\u00e9dition d'animaux, d'exp\u00e9dition de voitures, d'exc\u00e9dent de bagages et d'entreposage. Les services de relocalisation comprennent la recherche de logement et d'\u00e9cole, l'h\u00e9bergement temporaire, l'orientation et l'aide \u00e0 l'installation.<\/p>\n<p>Site web : <a href=\"https:\/\/www.moveoneinc.com\" target=\"_blank\" rel=\"noopener\">https:\/\/www.moveoneinc.com<\/a><\/p>\n<h2><strong>2. Gosselin<\/strong><\/h2>\n<p><img loading=\"lazy\" decoding=\"async\" class=\"alignnone size-full wp-image-10132\" src=\"https:\/\/moverdb.com\/wp-content\/uploads\/Gosselin-Uzbekistan-international-moving-company.png\" alt=\"Gosselin Uzbekistan entreprise de d\u00e9m\u00e9nagement international\" width=\"1440\" height=\"680\" data-wp-pid=\"10132\" srcset=\"https:\/\/moverdb.com\/wp-content\/uploads\/Gosselin-Uzbekistan-international-moving-company.png 1440w, https:\/\/moverdb.com\/wp-content\/uploads\/Gosselin-Uzbekistan-international-moving-company-300x142.png 300w, https:\/\/moverdb.com\/wp-content\/uploads\/Gosselin-Uzbekistan-international-moving-company-1024x484.png 1024w, https:\/\/moverdb.com\/wp-content\/uploads\/Gosselin-Uzbekistan-international-moving-company-18x9.png 18w, https:\/\/moverdb.com\/wp-content\/uploads\/Gosselin-Uzbekistan-international-moving-company-600x283.png 600w\" sizes=\"auto, (max-width: 1440px) 100vw, 1440px\" \/><\/p>\n<ul>\n<li>Mouvements nationaux<\/li>\n<li>D\u00e9m\u00e9nagements internationaux<\/li>\n<li>D\u00e9m\u00e9nagements de m\u00e9nages<\/li>\n<li>D\u00e9m\u00e9nagements de bureaux<\/li>\n<li>Service porte-\u00e0-porte<\/li>\n<li>Service d'emballage<\/li>\n<li>Dispositions en mati\u00e8re de transport<\/li>\n<li>Les mouvements d'art<\/li>\n<li>D\u00e9m\u00e9nagement de voitures et d'animaux<\/li>\n<li>Solutions de stockage<\/li>\n<\/ul>\n<p>Fond\u00e9e en 1930, Gosselin est une soci\u00e9t\u00e9 de d\u00e9m\u00e9nagement international qui poss\u00e8de des bureaux dans 34 pays d'Europe, du Caucase et d'Asie centrale, y compris \u00e0 Tachkent, en Ouzb\u00e9kistan. Elle utilise ses propres bureaux et un r\u00e9seau de partenaires dans le monde entier pour fournir des services internationaux. Elle est membre de l'IAM.<\/p>\n<p>Gosselin propose un service de d\u00e9m\u00e9nagement porte \u00e0 porte avec des d\u00e9m\u00e9nageurs professionnels pour vous aider \u00e0 d\u00e9m\u00e9nager partout dans le monde. Ils emballeront vos effets en toute s\u00e9curit\u00e9, d\u00e9monteront et monteront les meubles et les d\u00e9balleront \u00e0 l'arriv\u00e9e. Ils utilisent des mat\u00e9riaux d'emballage respectueux de l'environnement et incluent une assurance transport. Ils proposent des services suppl\u00e9mentaires, notamment la manutention d'objets d'art, <a href=\"https:\/\/moverdb.com\/fr\/car-transport-shipping\/\" data-internallinksmanager029f6b8e52c=\"2\" title=\"2026 Devis pour le transport international de voitures et l&#039;exp\u00e9dition de v\u00e9hicules\">exp\u00e9dition de voitures<\/a>Le d\u00e9m\u00e9nagement et l'entreposage d'animaux de compagnie.<\/p>\n<p>Site web : <a href=\"https:\/\/gosselin-moving.com\/uzbekistan\" target=\"_blank\" rel=\"noopener\">https:\/\/gosselin-moving.com\/uzbekistan<\/a><\/p>","protected":false},"excerpt":{"rendered":"<p>Are you planning on moving within, to or from Uzbekistan? Then engaging a moving company who can assist you with packing, arranging transport and handling customs for international moves can really ease your move. Below we have compiled a list of Uzbekistan based removal companies that are members of the International Association of Movers (IAM) [&hellip;]<\/p>\n","protected":false},"author":4,"featured_media":10159,"parent":190,"menu_order":0,"comment_status":"closed","ping_status":"closed","template":"","meta":{"_genesis_hide_title":false,"_genesis_hide_breadcrumbs":false,"_genesis_hide_singular_image":false,"_genesis_hide_footer_widgets":false,"_genesis_custom_body_class":"","_genesis_custom_post_class":"","_genesis_layout":"","footnotes":""},"class_list":{"0":"post-10253","1":"page","2":"type-page","3":"status-publish","4":"has-post-thumbnail","6":"entry"},"_links":{"self":[{"href":"https:\/\/moverdb.com\/fr\/wp-json\/wp\/v2\/pages\/10253","targetHints":{"allow":["GET"]}}],"collection":[{"href":"https:\/\/moverdb.com\/fr\/wp-json\/wp\/v2\/pages"}],"about":[{"href":"https:\/\/moverdb.com\/fr\/wp-json\/wp\/v2\/types\/page"}],"author":[{"embeddable":true,"href":"https:\/\/moverdb.com\/fr\/wp-json\/wp\/v2\/users\/4"}],"replies":[{"embeddable":true,"href":"https:\/\/moverdb.com\/fr\/wp-json\/wp\/v2\/comments?post=10253"}],"version-history":[{"count":1,"href":"https:\/\/moverdb.com\/fr\/wp-json\/wp\/v2\/pages\/10253\/revisions"}],"predecessor-version":[{"id":10254,"href":"https:\/\/moverdb.com\/fr\/wp-json\/wp\/v2\/pages\/10253\/revisions\/10254"}],"up":[{"embeddable":true,"href":"https:\/\/moverdb.com\/fr\/wp-json\/wp\/v2\/pages\/190"}],"wp:featuredmedia":[{"embeddable":true,"href":"https:\/\/moverdb.com\/fr\/wp-json\/wp\/v2\/media\/10159"}],"wp:attachment":[{"href":"https:\/\/moverdb.com\/fr\/wp-json\/wp\/v2\/media?parent=10253"}],"curies":[{"name":"wp","href":"https:\/\/api.w.org\/{rel}","templated":true}]}}