{"id":10249,"date":"2023-06-22T15:38:39","date_gmt":"2023-06-22T15:38:39","guid":{"rendered":"https:\/\/moverdb.com\/?page_id=10249"},"modified":"2026-01-08T15:24:29","modified_gmt":"2026-01-08T15:24:29","slug":"moving-companies-uruguay","status":"publish","type":"page","link":"https:\/\/moverdb.com\/fr\/moving-companies\/moving-companies-uruguay\/","title":{"rendered":"3 meilleures entreprises de d\u00e9m\u00e9nagements internationaux en Uruguay"},"content":{"rendered":"<p>Le d\u00e9m\u00e9nagement d'une maison ou d'une entreprise peut \u00eatre une p\u00e9riode mouvement\u00e9e et stressante, avec beaucoup de choses \u00e0 faire et \u00e0 organiser. C'est l\u00e0 qu'un <a href=\"https:\/\/moverdb.com\/fr\/moving-companies\/\" data-internallinksmanager029f6b8e52c=\"79\" title=\"Les 25 meilleures soci\u00e9t\u00e9s de d\u00e9m\u00e9nagement international en ligne\">soci\u00e9t\u00e9 de d\u00e9m\u00e9nagement<\/a> peut vous aider en prenant en charge de nombreuses t\u00e2ches telles que l'emballage, l'organisation du transport et les formalit\u00e9s douani\u00e8res pour les d\u00e9m\u00e9nagements entre pays. Nous avons dress\u00e9 ci-dessous une liste de soci\u00e9t\u00e9s de d\u00e9m\u00e9nagement bas\u00e9es en Uruguay. <a href=\"https:\/\/moverdb.com\/fr\/international-removals\/\" data-internallinksmanager029f6b8e52c=\"27\" title=\"36 meilleures entreprises de d\u00e9m\u00e9nagements internationaux au Royaume-Uni\">entreprises de d\u00e9m\u00e9nagement<\/a> qui sont membres de la <a href=\"https:\/\/moverdb.com\/fr\/iam\/\" data-internallinksmanager029f6b8e52c=\"23\" title=\"L&#039;Association internationale des d\u00e9m\u00e9nageurs (IAM) expliqu\u00e9e\">Association internationale des d\u00e9m\u00e9nageurs<\/a> (IAM) et\/ou <a href=\"https:\/\/moverdb.com\/fr\/fidi-faim\/\" data-internallinksmanager029f6b8e52c=\"16\" title=\"Explication de la FIDI et du FAIM (FIDI Accredited International Mover)\">FIDI<\/a> D\u00e9m\u00e9nageur international accr\u00e9dit\u00e9 (FAIM) qui pourrait vous aider dans votre d\u00e9m\u00e9nagement.<\/p>\n<h2><strong>1. AB Moving<\/strong><\/h2>\n<p><img loading=\"lazy\" decoding=\"async\" class=\"alignnone size-full wp-image-10064\" src=\"https:\/\/moverdb.com\/wp-content\/uploads\/AB-Moving-international-moving-company.png\" alt=\"AB Moving entreprise de d\u00e9m\u00e9nagement international\" width=\"1440\" height=\"679\" data-wp-pid=\"10064\" srcset=\"https:\/\/moverdb.com\/wp-content\/uploads\/AB-Moving-international-moving-company.png 1440w, https:\/\/moverdb.com\/wp-content\/uploads\/AB-Moving-international-moving-company-300x141.png 300w, https:\/\/moverdb.com\/wp-content\/uploads\/AB-Moving-international-moving-company-1024x483.png 1024w, https:\/\/moverdb.com\/wp-content\/uploads\/AB-Moving-international-moving-company-18x8.png 18w, https:\/\/moverdb.com\/wp-content\/uploads\/AB-Moving-international-moving-company-600x283.png 600w\" sizes=\"auto, (max-width: 1440px) 100vw, 1440px\" \/><\/p>\n<ul>\n<li>Mouvements nationaux<\/li>\n<li>D\u00e9m\u00e9nagements internationaux<\/li>\n<li>D\u00e9m\u00e9nagements de m\u00e9nages<\/li>\n<li>Mouvements de l'entreprise<\/li>\n<li>Services de relocalisation<\/li>\n<li>Emballage professionnel<\/li>\n<li>Transports a\u00e9riens, maritimes et terrestres<\/li>\n<li>Manipulation de l'art<\/li>\n<li>D\u00e9placement d'animaux de compagnie<\/li>\n<li>Stockage s\u00e9curis\u00e9<\/li>\n<\/ul>\n<p>AB Moving est une soci\u00e9t\u00e9 internationale de d\u00e9m\u00e9nagement et de relocation qui a plus de 25 ans d'exp\u00e9rience et qui est bas\u00e9e \u00e0 Montevideo. Elle dispose d'un r\u00e9seau d'agents dans le monde entier qui lui permet d'effectuer des d\u00e9m\u00e9nagements partout dans le monde. Elle est membre de l'IAM et compte 15 ans d'anciennet\u00e9.<\/p>\n<p>AB Moving propose des services personnalis\u00e9s, adapt\u00e9s \u00e0 vos besoins, et offre un service de porte \u00e0 porte. Ils fournissent un service d'emballage professionnel qui utilise des mat\u00e9riaux de haute qualit\u00e9 et des squelettes en bois faits sur mesure pour prot\u00e9ger vos objets. Ils organisent le transport par voie a\u00e9rienne, maritime ou routi\u00e8re avec tous les documents n\u00e9cessaires.<\/p>\n<p>Site web : <a href=\"http:\/\/www.ab.com.uy\" target=\"_blank\" rel=\"noopener\">http:\/\/www.ab.com.uy<\/a><\/p>\n<h2><strong>2. Autogiro<\/strong><\/h2>\n<p><img loading=\"lazy\" decoding=\"async\" class=\"alignnone size-full wp-image-10085\" src=\"https:\/\/moverdb.com\/wp-content\/uploads\/Autogiro-international-moving-company.png\" alt=\"Autogiro international moving company\" width=\"1440\" height=\"682\" data-wp-pid=\"10085\" srcset=\"https:\/\/moverdb.com\/wp-content\/uploads\/Autogiro-international-moving-company.png 1440w, https:\/\/moverdb.com\/wp-content\/uploads\/Autogiro-international-moving-company-300x142.png 300w, https:\/\/moverdb.com\/wp-content\/uploads\/Autogiro-international-moving-company-1024x485.png 1024w, https:\/\/moverdb.com\/wp-content\/uploads\/Autogiro-international-moving-company-18x9.png 18w, https:\/\/moverdb.com\/wp-content\/uploads\/Autogiro-international-moving-company-600x284.png 600w\" sizes=\"auto, (max-width: 1440px) 100vw, 1440px\" \/><\/p>\n<ul>\n<li>Mouvements nationaux<\/li>\n<li>D\u00e9m\u00e9nagements internationaux<\/li>\n<li>D\u00e9m\u00e9nagements r\u00e9sidentiels<\/li>\n<li>D\u00e9m\u00e9nagements d'entreprises<\/li>\n<li>Services de relocalisation<\/li>\n<li>Service d'emballage<\/li>\n<li>Organisation du transport<\/li>\n<li>Traitement des \u0153uvres d'art<\/li>\n<li>Transport des animaux<\/li>\n<li>Stockage s\u00e9curis\u00e9<\/li>\n<\/ul>\n<p>Autogiro est une soci\u00e9t\u00e9 de d\u00e9m\u00e9nagement et de transport de marchandises fond\u00e9e en 1925 et bas\u00e9e \u00e0 Montevideo. Elle a nou\u00e9 des liens avec des agents du monde entier qui respectent des normes \u00e9lev\u00e9es afin de l'aider \u00e0 fournir des services internationaux. Elle est membre de l'IAM, avec 98 ans de service, et est accr\u00e9dit\u00e9e par la FIDI.<\/p>\n<p>Autogiro \u00e9valuera d'abord le volume de votre d\u00e9m\u00e9nagement et vous fournira un devis pour un d\u00e9m\u00e9nagement porte \u00e0 porte avec des conseils en mati\u00e8re de douane. Ils emballeront vos effets et les prot\u00e9geront dans des tiroirs en MDF et respecteront les normes internationales pour les objets fragiles. Ils les chargeront dans un conteneur ou des caisses en bois et les transporteront jusqu'\u00e0 votre destination en fournissant un inventaire.<\/p>\n<p>Site web : <a href=\"http:\/\/www.autogiro.com.uy\" target=\"_blank\" rel=\"noopener\">http:\/\/www.autogiro.com.uy<\/a><\/p>\n<h2><strong>3. Uruvan<\/strong><\/h2>\n<p><img loading=\"lazy\" decoding=\"async\" class=\"alignnone size-full wp-image-10251\" src=\"https:\/\/moverdb.com\/wp-content\/uploads\/Uruvan-international-moving-company-1.png\" alt=\"Entreprise de d\u00e9m\u00e9nagement international Uruvan\" width=\"1440\" height=\"709\" data-wp-pid=\"10251\" srcset=\"https:\/\/moverdb.com\/wp-content\/uploads\/Uruvan-international-moving-company-1.png 1440w, https:\/\/moverdb.com\/wp-content\/uploads\/Uruvan-international-moving-company-1-300x148.png 300w, https:\/\/moverdb.com\/wp-content\/uploads\/Uruvan-international-moving-company-1-1024x504.png 1024w, https:\/\/moverdb.com\/wp-content\/uploads\/Uruvan-international-moving-company-1-18x9.png 18w, https:\/\/moverdb.com\/wp-content\/uploads\/Uruvan-international-moving-company-1-600x295.png 600w\" sizes=\"auto, (max-width: 1440px) 100vw, 1440px\" \/><\/p>\n<ul>\n<li>D\u00e9m\u00e9nagements nationaux<\/li>\n<li>D\u00e9m\u00e9nagements internationaux<\/li>\n<li>D\u00e9m\u00e9nagements de m\u00e9nages<\/li>\n<li>D\u00e9m\u00e9nagements d'entreprises<\/li>\n<li>Services de relocalisation<\/li>\n<li>Service d'emballage<\/li>\n<li>D\u00e9douanement<\/li>\n<li>Transport de l'art<\/li>\n<li>Transport d'animaux<\/li>\n<li>Installations de stockage<\/li>\n<\/ul>\n<p>Uruvan est une entreprise de d\u00e9m\u00e9nagements nationaux et internationaux qui propose des services d'exp\u00e9dition de fret et de stockage. Cr\u00e9\u00e9e en 1982, elle est bas\u00e9e \u00e0 Montevideo et dispose d'un bureau \u00e0 Punta del Etse. Elle travaille avec des agences du monde entier pour fournir des services en Uruguay et \u00e0 l'international. Elle est membre de l'IAM, avec 41 ans de service, et est accr\u00e9dit\u00e9e par la FIDI.<\/p>\n<p>Uruvan propose des services de d\u00e9m\u00e9nagement de porte \u00e0 porte, en commen\u00e7ant par une visite de votre domicile pour \u00e9valuer vos besoins et \u00e9tablir un devis. Ils coordonneront votre d\u00e9m\u00e9nagement et s'occuperont du transport, de l'emballage et du d\u00e9douanement. Son \u00e9quipe de d\u00e9m\u00e9nageurs professionnels emballera vos effets avec des mat\u00e9riaux appropri\u00e9s pour les prot\u00e9ger pendant le transport jusqu'\u00e0 votre nouveau domicile.<\/p>\n<p>Site web : <a href=\"http:\/\/www.uruvan.com.uy\" target=\"_blank\" rel=\"noopener\">http:\/\/www.uruvan.com.uy<\/a><\/p>","protected":false},"excerpt":{"rendered":"<p>Moving home or your business can be a hectic and stressful time with a lot to do and arrange. This is where a moving company can help you by taking on many of the tasks such as packing, arranging transportation and handling customs arrangements for inter-country moves. Below we have compiled a list of Uruguay [&hellip;]<\/p>\n","protected":false},"author":4,"featured_media":10064,"parent":190,"menu_order":0,"comment_status":"closed","ping_status":"closed","template":"","meta":{"_genesis_hide_title":false,"_genesis_hide_breadcrumbs":false,"_genesis_hide_singular_image":false,"_genesis_hide_footer_widgets":false,"_genesis_custom_body_class":"","_genesis_custom_post_class":"","_genesis_layout":"","footnotes":""},"class_list":{"0":"post-10249","1":"page","2":"type-page","3":"status-publish","4":"has-post-thumbnail","6":"entry"},"_links":{"self":[{"href":"https:\/\/moverdb.com\/fr\/wp-json\/wp\/v2\/pages\/10249","targetHints":{"allow":["GET"]}}],"collection":[{"href":"https:\/\/moverdb.com\/fr\/wp-json\/wp\/v2\/pages"}],"about":[{"href":"https:\/\/moverdb.com\/fr\/wp-json\/wp\/v2\/types\/page"}],"author":[{"embeddable":true,"href":"https:\/\/moverdb.com\/fr\/wp-json\/wp\/v2\/users\/4"}],"replies":[{"embeddable":true,"href":"https:\/\/moverdb.com\/fr\/wp-json\/wp\/v2\/comments?post=10249"}],"version-history":[{"count":1,"href":"https:\/\/moverdb.com\/fr\/wp-json\/wp\/v2\/pages\/10249\/revisions"}],"predecessor-version":[{"id":10252,"href":"https:\/\/moverdb.com\/fr\/wp-json\/wp\/v2\/pages\/10249\/revisions\/10252"}],"up":[{"embeddable":true,"href":"https:\/\/moverdb.com\/fr\/wp-json\/wp\/v2\/pages\/190"}],"wp:featuredmedia":[{"embeddable":true,"href":"https:\/\/moverdb.com\/fr\/wp-json\/wp\/v2\/media\/10064"}],"wp:attachment":[{"href":"https:\/\/moverdb.com\/fr\/wp-json\/wp\/v2\/media?parent=10249"}],"curies":[{"name":"wp","href":"https:\/\/api.w.org\/{rel}","templated":true}]}}