{"id":10244,"date":"2023-06-22T15:42:03","date_gmt":"2023-06-22T15:42:03","guid":{"rendered":"https:\/\/moverdb.com\/?page_id=10244"},"modified":"2026-01-08T15:24:55","modified_gmt":"2026-01-08T15:24:55","slug":"moving-companies-ukraine","status":"publish","type":"page","link":"https:\/\/moverdb.com\/fr\/moving-companies\/moving-companies-ukraine\/","title":{"rendered":"4 meilleures entreprises de d\u00e9m\u00e9nagements internationaux en Ukraine"},"content":{"rendered":"<p>Les d\u00e9m\u00e9nagements sont complexes \u00e0 tout moment. Si vous pr\u00e9voyez de d\u00e9m\u00e9nager depuis, vers ou \u00e0 l'int\u00e9rieur de l'Ukraine, vous pouvez envisager de vous procurer un <a href=\"https:\/\/moverdb.com\/fr\/moving-companies\/\" data-internallinksmanager029f6b8e52c=\"79\" title=\"Les 25 meilleures soci\u00e9t\u00e9s de d\u00e9m\u00e9nagement international en ligne\">soci\u00e9t\u00e9 de d\u00e9m\u00e9nagement<\/a>. Ils peuvent aider \u00e0 la planification, \u00e0 l'emballage et \u00e0 la logistique. Nous avons dress\u00e9 ci-dessous une liste d'entreprises ukrainiennes. <a href=\"https:\/\/moverdb.com\/fr\/international-removals\/\" data-internallinksmanager029f6b8e52c=\"27\" title=\"36 meilleures entreprises de d\u00e9m\u00e9nagements internationaux au Royaume-Uni\">entreprises de d\u00e9m\u00e9nagement<\/a> qui sont membres de la <a href=\"https:\/\/moverdb.com\/fr\/iam\/\" data-internallinksmanager029f6b8e52c=\"23\" title=\"L&#039;Association internationale des d\u00e9m\u00e9nageurs (IAM) expliqu\u00e9e\">Association internationale des d\u00e9m\u00e9nageurs<\/a> (IAM) et\/ou <a href=\"https:\/\/moverdb.com\/fr\/fidi-faim\/\" data-internallinksmanager029f6b8e52c=\"16\" title=\"Explication de la FIDI et du FAIM (FIDI Accredited International Mover)\">FIDI<\/a> D\u00e9m\u00e9nageur international accr\u00e9dit\u00e9 (FAIM) qui pourrait vous aider dans votre d\u00e9m\u00e9nagement.<\/p>\n<div id=\"ez-toc-container\" class=\"ez-toc-v2_0_82_2 ez-toc-wrap-left counter-hierarchy ez-toc-counter ez-toc-transparent ez-toc-container-direction\">\n<div class=\"ez-toc-title-container\">\n<p class=\"ez-toc-title\" style=\"cursor:inherit\">Sections<\/p>\n<span class=\"ez-toc-title-toggle\"><a href=\"#\" class=\"ez-toc-pull-right ez-toc-btn ez-toc-btn-xs ez-toc-btn-default ez-toc-toggle\" aria-label=\"Toggle Table des mati\u00e8res\"><span class=\"ez-toc-js-icon-con\"><span class=\"\"><span class=\"eztoc-hide\" style=\"display:none;\">Toggle<\/span><span class=\"ez-toc-icon-toggle-span\"><svg style=\"fill: #999;color:#999\" xmlns=\"http:\/\/www.w3.org\/2000\/svg\" class=\"list-377408\" width=\"20px\" height=\"20px\" viewbox=\"0 0 24 24\" fill=\"none\"><path d=\"M6 6H4v2h2V6zm14 0H8v2h12V6zM4 11h2v2H4v-2zm16 0H8v2h12v-2zM4 16h2v2H4v-2zm16 0H8v2h12v-2z\" fill=\"currentColor\"><\/path><\/svg><svg style=\"fill: #999;color:#999\" class=\"arrow-unsorted-368013\" xmlns=\"http:\/\/www.w3.org\/2000\/svg\" width=\"10px\" height=\"10px\" viewbox=\"0 0 24 24\" version=\"1.2\" baseprofile=\"tiny\"><path d=\"M18.2 9.3l-6.2-6.3-6.2 6.3c-.2.2-.3.4-.3.7s.1.5.3.7c.2.2.4.3.7.3h11c.3 0 .5-.1.7-.3.2-.2.3-.5.3-.7s-.1-.5-.3-.7zM5.8 14.7l6.2 6.3 6.2-6.3c.2-.2.3-.5.3-.7s-.1-.5-.3-.7c-.2-.2-.4-.3-.7-.3h-11c-.3 0-.5.1-.7.3-.2.2-.3.5-.3.7s.1.5.3.7z\"\/><\/svg><\/span><\/span><\/span><\/a><\/span><\/div>\n<nav><ul class='ez-toc-list ez-toc-list-level-1 eztoc-toggle-hide-by-default' ><li class='ez-toc-page-1 ez-toc-heading-level-2'><a class=\"ez-toc-link ez-toc-heading-1\" href=\"https:\/\/moverdb.com\/fr\/moving-companies\/moving-companies-ukraine\/#1_Eurodean_International_Movers\" >1. D\u00e9m\u00e9nagements internationaux Eurodean<\/a><\/li><li class='ez-toc-page-1 ez-toc-heading-level-2'><a class=\"ez-toc-link ez-toc-heading-2\" href=\"https:\/\/moverdb.com\/fr\/moving-companies\/moving-companies-ukraine\/#2_Gosselin\" >2. Gosselin<\/a><\/li><li class='ez-toc-page-1 ez-toc-heading-level-2'><a class=\"ez-toc-link ez-toc-heading-3\" href=\"https:\/\/moverdb.com\/fr\/moving-companies\/moving-companies-ukraine\/#3_KLS\" >3. KLS<\/a><\/li><li class='ez-toc-page-1 ez-toc-heading-level-2'><a class=\"ez-toc-link ez-toc-heading-4\" href=\"https:\/\/moverdb.com\/fr\/moving-companies\/moving-companies-ukraine\/#4_Santa_Fe_Relocation\" >4. D\u00e9placement de Santa Fe<\/a><\/li><\/ul><\/nav><\/div>\n<h2><span class=\"ez-toc-section\" id=\"1_Eurodean_International_Movers\"><\/span><strong>1. D\u00e9m\u00e9nagements internationaux Eurodean<\/strong><span class=\"ez-toc-section-end\"><\/span><\/h2>\n<p><img loading=\"lazy\" decoding=\"async\" class=\"alignnone size-full wp-image-10114\" src=\"https:\/\/moverdb.com\/wp-content\/uploads\/Eurodean-International-Movers-moving-company.png\" alt=\"Eurodean International Movers entreprise de d\u00e9m\u00e9nagement\" width=\"1440\" height=\"680\" data-wp-pid=\"10114\" srcset=\"https:\/\/moverdb.com\/wp-content\/uploads\/Eurodean-International-Movers-moving-company.png 1440w, https:\/\/moverdb.com\/wp-content\/uploads\/Eurodean-International-Movers-moving-company-300x142.png 300w, https:\/\/moverdb.com\/wp-content\/uploads\/Eurodean-International-Movers-moving-company-1024x484.png 1024w, https:\/\/moverdb.com\/wp-content\/uploads\/Eurodean-International-Movers-moving-company-18x9.png 18w, https:\/\/moverdb.com\/wp-content\/uploads\/Eurodean-International-Movers-moving-company-600x283.png 600w\" sizes=\"auto, (max-width: 1440px) 100vw, 1440px\" \/><\/p>\n<ul>\n<li>D\u00e9m\u00e9nagements internationaux<\/li>\n<li>D\u00e9m\u00e9nagements de m\u00e9nages<\/li>\n<li>D\u00e9m\u00e9nagements de bureaux<\/li>\n<li>Service d'emballage<\/li>\n<li>Fret terrestre, maritime et a\u00e9rien<\/li>\n<li>Service des douanes<\/li>\n<li>Traitement des \u0153uvres d'art<\/li>\n<li>D\u00e9placement d'un animal de compagnie<\/li>\n<li>Assurance<\/li>\n<li>Installations de stockage<\/li>\n<\/ul>\n<p>Eurodean International Movers est une soci\u00e9t\u00e9 de d\u00e9m\u00e9nagement international qui op\u00e8re en Ukraine depuis 2000. Elle est membre de l'IAM et compte 16 ann\u00e9es de service, ce qui signifie qu'elle a acc\u00e8s \u00e0 un r\u00e9seau international d'entreprises de d\u00e9m\u00e9nagement pour soutenir les d\u00e9m\u00e9nagements dans le monde entier.<\/p>\n<p>Eurodean International Movers propose des services de d\u00e9m\u00e9nagement de porte \u00e0 porte, y compris la mise \u00e0 disposition d'emballeurs hautement qualifi\u00e9s qui utiliseront des emballages sp\u00e9cialement con\u00e7us pour les objets. Ils fabriquent \u00e9galement des caisses en bois sur mesure pour les objets fragiles. Ils organisent le transport de vos biens par voie terrestre, maritime ou a\u00e9rienne, avec d\u00e9douanement et traitement des permis. Ils proposent des services suppl\u00e9mentaires, notamment le d\u00e9placement d'animaux domestiques et la manipulation d'\u0153uvres d'art.<\/p>\n<p>Site web : <a href=\"https:\/\/eurodean.ua\/\" target=\"_blank\" rel=\"noopener\">https:\/\/eurodean.ua\/<\/a><\/p>\n<h2><span class=\"ez-toc-section\" id=\"2_Gosselin\"><\/span><strong>2. Gosselin<\/strong><span class=\"ez-toc-section-end\"><\/span><\/h2>\n<p><img loading=\"lazy\" decoding=\"async\" class=\"alignnone size-full wp-image-10131\" src=\"https:\/\/moverdb.com\/wp-content\/uploads\/Gosselin-Ukraine-international-moving-company.png\" alt=\"Gosselin Ukraine entreprise de d\u00e9m\u00e9nagement international\" width=\"1440\" height=\"681\" data-wp-pid=\"10131\" srcset=\"https:\/\/moverdb.com\/wp-content\/uploads\/Gosselin-Ukraine-international-moving-company.png 1440w, https:\/\/moverdb.com\/wp-content\/uploads\/Gosselin-Ukraine-international-moving-company-300x142.png 300w, https:\/\/moverdb.com\/wp-content\/uploads\/Gosselin-Ukraine-international-moving-company-1024x484.png 1024w, https:\/\/moverdb.com\/wp-content\/uploads\/Gosselin-Ukraine-international-moving-company-18x9.png 18w, https:\/\/moverdb.com\/wp-content\/uploads\/Gosselin-Ukraine-international-moving-company-600x284.png 600w\" sizes=\"auto, (max-width: 1440px) 100vw, 1440px\" \/><\/p>\n<ul>\n<li>D\u00e9m\u00e9nagements internationaux<\/li>\n<li>D\u00e9m\u00e9nagements r\u00e9sidentiels<\/li>\n<li>D\u00e9m\u00e9nagements d'entreprises<\/li>\n<li>Service porte-\u00e0-porte<\/li>\n<li>Service d'emballage<\/li>\n<li>Organisation du transport<\/li>\n<li>Traitement douanier<\/li>\n<li>Animaux de compagnie et <a href=\"https:\/\/moverdb.com\/fr\/car-transport-shipping\/\" data-internallinksmanager029f6b8e52c=\"2\" title=\"2026 Devis pour le transport international de voitures et l&#039;exp\u00e9dition de v\u00e9hicules\">transport de voitures<\/a><\/li>\n<li>Assurance transport<\/li>\n<li>Service de stockage<\/li>\n<\/ul>\n<p>Gosselin est une soci\u00e9t\u00e9 de d\u00e9m\u00e9nagement international qui poss\u00e8de des bureaux dans 34 pays d'Europe, du Caucase et d'Asie centrale, ainsi qu'un bureau en Ukraine \u00e0 Kiev. Elle dispose \u00e9galement d'un r\u00e9seau de partenaires de qualit\u00e9 qui compl\u00e8te son propre r\u00e9seau et lui permet d'effectuer des d\u00e9m\u00e9nagements dans presque tous les pays. Elle est membre de l'IAM.<\/p>\n<p>Gosselin propose un service de d\u00e9m\u00e9nagement porte-\u00e0-porte depuis et vers l'Ukraine avec des d\u00e9m\u00e9nageurs professionnels. Leur service d'emballage comprend l'emballage en toute s\u00e9curit\u00e9 de vos biens pour le transport, le d\u00e9montage et le remontage des meubles et le d\u00e9ballage \u00e0 l'arriv\u00e9e. Ils utilisent des mat\u00e9riaux d'emballage respectueux de l'environnement et fournissent une assurance transport ainsi qu'une assistance pour les formalit\u00e9s douani\u00e8res.<\/p>\n<p>Site web : <a href=\"https:\/\/gosselin-moving.com\/en\/moving-to-ukraine\" target=\"_blank\" rel=\"noopener\">https:\/\/gosselin-moving.com\/en\/moving-to-ukraine<\/a><\/p>\n<h2><span class=\"ez-toc-section\" id=\"3_KLS\"><\/span><strong>3. KLS<\/strong><span class=\"ez-toc-section-end\"><\/span><\/h2>\n<p><img loading=\"lazy\" decoding=\"async\" class=\"alignnone size-full wp-image-10147\" src=\"https:\/\/moverdb.com\/wp-content\/uploads\/KLS-Ukraine-international-moving-company.png\" alt=\"KLS Ukraine soci\u00e9t\u00e9 de d\u00e9m\u00e9nagement international\" width=\"1440\" height=\"683\" data-wp-pid=\"10147\" srcset=\"https:\/\/moverdb.com\/wp-content\/uploads\/KLS-Ukraine-international-moving-company.png 1440w, https:\/\/moverdb.com\/wp-content\/uploads\/KLS-Ukraine-international-moving-company-300x142.png 300w, https:\/\/moverdb.com\/wp-content\/uploads\/KLS-Ukraine-international-moving-company-1024x486.png 1024w, https:\/\/moverdb.com\/wp-content\/uploads\/KLS-Ukraine-international-moving-company-18x9.png 18w, https:\/\/moverdb.com\/wp-content\/uploads\/KLS-Ukraine-international-moving-company-600x285.png 600w\" sizes=\"auto, (max-width: 1440px) 100vw, 1440px\" \/><\/p>\n<ul>\n<li>D\u00e9m\u00e9nagements locaux et nationaux<\/li>\n<li>D\u00e9localisations internationales<\/li>\n<li>Transport r\u00e9sidentiel<\/li>\n<li>Transport de bureau<\/li>\n<li>Transport porte-\u00e0-porte<\/li>\n<li>Services d'emballage<\/li>\n<li>Transport routier, maritime et a\u00e9rien<\/li>\n<li>Courtage en douane<\/li>\n<li>Services de nettoyage<\/li>\n<li>Installations de stockage<\/li>\n<\/ul>\n<p>KLS est un sp\u00e9cialiste du d\u00e9m\u00e9nagement bas\u00e9 \u00e0 Kiev et disposant de bureaux de repr\u00e9sentation dans d'autres r\u00e9gions d'Ukraine et dans des capitales du monde entier. Elle dispose de partenaires strat\u00e9giques dans le monde entier pour l'aider \u00e0 fournir ses services. Elle est membre de l'IAM depuis 22 ans.<\/p>\n<p>KLS \u00e9valuera et planifiera votre d\u00e9m\u00e9nagement avec l'un de ses sp\u00e9cialistes du d\u00e9part et offrira un service porte-\u00e0-porte soutenu par un gestionnaire personnel. Ils offrent un service d'emballage qui comprend l'emballage en toute s\u00e9curit\u00e9 de vos biens, le d\u00e9montage des meubles et, \u00e0 l'arriv\u00e9e, le montage des meubles et le d\u00e9ballage. Ils organisent le transport par route, par mer ou par air avec le courtage en douane.<\/p>\n<p>Site web : <a href=\"http:\/\/www.kls.ua\/\" target=\"_blank\" rel=\"noopener\">http:\/\/www.kls.ua\/<\/a><\/p>\n<h2><span class=\"ez-toc-section\" id=\"4_Santa_Fe_Relocation\"><\/span><strong>4. D\u00e9placement de Santa Fe<\/strong><span class=\"ez-toc-section-end\"><\/span><\/h2>\n<p><img loading=\"lazy\" decoding=\"async\" class=\"alignnone size-full wp-image-10179\" src=\"https:\/\/moverdb.com\/wp-content\/uploads\/Santa-Fe-Relocation-Ukraine-international-moving-company.png\" alt=\"Santa Fe Relocation Ukraine entreprise de d\u00e9m\u00e9nagement international\" width=\"1440\" height=\"681\" data-wp-pid=\"10179\" srcset=\"https:\/\/moverdb.com\/wp-content\/uploads\/Santa-Fe-Relocation-Ukraine-international-moving-company.png 1440w, https:\/\/moverdb.com\/wp-content\/uploads\/Santa-Fe-Relocation-Ukraine-international-moving-company-300x142.png 300w, https:\/\/moverdb.com\/wp-content\/uploads\/Santa-Fe-Relocation-Ukraine-international-moving-company-1024x484.png 1024w, https:\/\/moverdb.com\/wp-content\/uploads\/Santa-Fe-Relocation-Ukraine-international-moving-company-18x9.png 18w, https:\/\/moverdb.com\/wp-content\/uploads\/Santa-Fe-Relocation-Ukraine-international-moving-company-600x284.png 600w\" sizes=\"auto, (max-width: 1440px) 100vw, 1440px\" \/><\/p>\n<ul>\n<li>D\u00e9m\u00e9nagements locaux et nationaux<\/li>\n<li>D\u00e9localisations internationales<\/li>\n<li>D\u00e9m\u00e9nagements de m\u00e9nages<\/li>\n<li>D\u00e9localisations d'entreprises<\/li>\n<li>Service porte-\u00e0-porte<\/li>\n<li>Service d'emballage<\/li>\n<li>Dispositions en mati\u00e8re de transport<\/li>\n<li>D\u00e9douanement<\/li>\n<li>Visas et services d'immigration<\/li>\n<li>Installations de stockage<\/li>\n<\/ul>\n<p>Santa Fe Relocation est une soci\u00e9t\u00e9 de relocalisation internationale qui compte 64 bureaux dans 38 pays, dont un bureau \u00e0 Kiev qui a ouvert en 2002, mais qui fournit des services en Ukraine depuis 1992. Son r\u00e9seau s'\u00e9tend \u00e0 de nombreux pays et elle a des partenaires qui l'aident \u00e0 fournir des services dans d'autres pays. Elle est accr\u00e9dit\u00e9e par la FIDI.<\/p>\n<p>Santa Fe Relocation propose des services de d\u00e9m\u00e9nagement et de r\u00e9installation en porte-\u00e0-porte \u00e0 l'int\u00e9rieur, \u00e0 destination et en provenance de l'Ukraine. Ils fournissent un service d'emballage pour prot\u00e9ger vos biens pendant le transport et organisent le transport de vos biens avec d\u00e9douanement. Ils peuvent \u00e9galement vous aider \u00e0 obtenir des visas, des permis de travail et d'autres documents.<\/p>\n<p>Site web : <a href=\"https:\/\/www.santaferelo.com\/en\/contact\/our-offices\/ukraine-kyiv\/\" target=\"_blank\" rel=\"noopener\">https:\/\/www.santaferelo.com\/en\/contact\/our-offices\/ukraine-kyiv\/<\/a><\/p>","protected":false},"excerpt":{"rendered":"<p>Moving is complex at any time so if you are planning a move from, to or within the Ukraine, you may want to consider getting a moving company. They can assist with planning, packing and logistics. Below we have compiled a list of Ukrainian removal companies that are members of the International Association of Movers [&hellip;]<\/p>\n","protected":false},"author":4,"featured_media":10114,"parent":190,"menu_order":0,"comment_status":"closed","ping_status":"closed","template":"","meta":{"_genesis_hide_title":false,"_genesis_hide_breadcrumbs":false,"_genesis_hide_singular_image":false,"_genesis_hide_footer_widgets":false,"_genesis_custom_body_class":"","_genesis_custom_post_class":"","_genesis_layout":"","footnotes":""},"class_list":{"0":"post-10244","1":"page","2":"type-page","3":"status-publish","4":"has-post-thumbnail","6":"entry"},"_links":{"self":[{"href":"https:\/\/moverdb.com\/fr\/wp-json\/wp\/v2\/pages\/10244","targetHints":{"allow":["GET"]}}],"collection":[{"href":"https:\/\/moverdb.com\/fr\/wp-json\/wp\/v2\/pages"}],"about":[{"href":"https:\/\/moverdb.com\/fr\/wp-json\/wp\/v2\/types\/page"}],"author":[{"embeddable":true,"href":"https:\/\/moverdb.com\/fr\/wp-json\/wp\/v2\/users\/4"}],"replies":[{"embeddable":true,"href":"https:\/\/moverdb.com\/fr\/wp-json\/wp\/v2\/comments?post=10244"}],"version-history":[{"count":1,"href":"https:\/\/moverdb.com\/fr\/wp-json\/wp\/v2\/pages\/10244\/revisions"}],"predecessor-version":[{"id":10245,"href":"https:\/\/moverdb.com\/fr\/wp-json\/wp\/v2\/pages\/10244\/revisions\/10245"}],"up":[{"embeddable":true,"href":"https:\/\/moverdb.com\/fr\/wp-json\/wp\/v2\/pages\/190"}],"wp:featuredmedia":[{"embeddable":true,"href":"https:\/\/moverdb.com\/fr\/wp-json\/wp\/v2\/media\/10114"}],"wp:attachment":[{"href":"https:\/\/moverdb.com\/fr\/wp-json\/wp\/v2\/media?parent=10244"}],"curies":[{"name":"wp","href":"https:\/\/api.w.org\/{rel}","templated":true}]}}