{"id":10238,"date":"2023-06-22T15:45:17","date_gmt":"2023-06-22T15:45:17","guid":{"rendered":"https:\/\/moverdb.com\/?page_id=10238"},"modified":"2026-01-08T15:30:24","modified_gmt":"2026-01-08T15:30:24","slug":"moving-companies-tunisia","status":"publish","type":"page","link":"https:\/\/moverdb.com\/fr\/moving-companies\/moving-companies-tunisia\/","title":{"rendered":"Les meilleures entreprises de d\u00e9m\u00e9nagements internationaux en Tunisie"},"content":{"rendered":"<p>La gestion d'un d\u00e9m\u00e9nagement national ou international peut s'av\u00e9rer complexe et stressante, tant les t\u00e2ches \u00e0 accomplir sont nombreuses. Faire appel aux services d'un <a href=\"https:\/\/moverdb.com\/fr\/moving-companies\/\" data-internallinksmanager029f6b8e52c=\"79\" title=\"Les 25 meilleures soci\u00e9t\u00e9s de d\u00e9m\u00e9nagement international en ligne\">soci\u00e9t\u00e9 de d\u00e9m\u00e9nagement<\/a> peut vous aider dans tous les aspects de votre d\u00e9m\u00e9nagement. Nous avons compil\u00e9 ci-dessous une liste de soci\u00e9t\u00e9s bas\u00e9es en Tunisie. <a href=\"https:\/\/moverdb.com\/fr\/international-removals\/\" data-internallinksmanager029f6b8e52c=\"27\" title=\"36 meilleures entreprises de d\u00e9m\u00e9nagements internationaux au Royaume-Uni\">entreprises de d\u00e9m\u00e9nagement<\/a> qui sont membres de la <a href=\"https:\/\/moverdb.com\/fr\/iam\/\" data-internallinksmanager029f6b8e52c=\"23\" title=\"L&#039;Association internationale des d\u00e9m\u00e9nageurs (IAM) expliqu\u00e9e\">Association internationale des d\u00e9m\u00e9nageurs<\/a> (IAM) et\/ou <a href=\"https:\/\/moverdb.com\/fr\/fidi-faim\/\" data-internallinksmanager029f6b8e52c=\"16\" title=\"Explication de la FIDI et du FAIM (FIDI Accredited International Mover)\">FIDI<\/a> D\u00e9m\u00e9nageur international accr\u00e9dit\u00e9 (FAIM) qui pourrait vous aider dans votre d\u00e9m\u00e9nagement.<\/p>\n<h2><strong>Dar Inter<\/strong><\/h2>\n<p><img loading=\"lazy\" decoding=\"async\" class=\"alignnone size-full wp-image-10097\" src=\"https:\/\/moverdb.com\/wp-content\/uploads\/Dar-Inter-international-moving-company.png\" alt=\"Dar Inter international move company\" width=\"1440\" height=\"683\" data-wp-pid=\"10097\" srcset=\"https:\/\/moverdb.com\/wp-content\/uploads\/Dar-Inter-international-moving-company.png 1440w, https:\/\/moverdb.com\/wp-content\/uploads\/Dar-Inter-international-moving-company-300x142.png 300w, https:\/\/moverdb.com\/wp-content\/uploads\/Dar-Inter-international-moving-company-1024x486.png 1024w, https:\/\/moverdb.com\/wp-content\/uploads\/Dar-Inter-international-moving-company-18x9.png 18w, https:\/\/moverdb.com\/wp-content\/uploads\/Dar-Inter-international-moving-company-600x285.png 600w\" sizes=\"auto, (max-width: 1440px) 100vw, 1440px\" \/><\/p>\n<ul>\n<li>Mouvements nationaux<\/li>\n<li>D\u00e9m\u00e9nagements internationaux<\/li>\n<li>D\u00e9m\u00e9nagements de m\u00e9nages<\/li>\n<li>Des solutions sur mesure<\/li>\n<li>Service porte-\u00e0-porte<\/li>\n<li>Service d'emballage<\/li>\n<li>Emballage sp\u00e9cial<\/li>\n<li>Transport par voie terrestre, a\u00e9rienne ou maritime<\/li>\n<li>D\u00e9douanement<\/li>\n<li>Installations de stockage<\/li>\n<\/ul>\n<p>Dar Inter est une soci\u00e9t\u00e9 de d\u00e9m\u00e9nagement international fond\u00e9e en 1998 et bas\u00e9e \u00e0 Tunis. Elle dispose d'un r\u00e9seau d'agents s\u00e9lectionn\u00e9s dans le monde entier, couvrant les cinq continents, qui l'aide \u00e0 fournir des services \u00e0 l'\u00e9chelle internationale. Elle est membre de l'IAM et compte 25 ans d'exp\u00e9rience.<\/p>\n<p>Dar Inter propose un devis gratuit sur place pour votre d\u00e9m\u00e9nagement et pour \u00e9valuer vos besoins. Ils offrent un service porte-\u00e0-porte qui comprend l'emballage de vos biens en toute s\u00e9curit\u00e9 pour un transit partout dans le monde par conteneur, camion ou remorque. Ils organisent un transport personnalis\u00e9 par camion, par avion ou par bateau, en chargements partiels ou complets, avec d\u00e9douanement.<\/p>\n<p>Site web : <a href=\"http:\/\/www.dar-inter.com\" target=\"_blank\" rel=\"noopener\">http:\/\/www.dar-inter.com<\/a><\/p>","protected":false},"excerpt":{"rendered":"<p>Managing your move nationally or internationally can be complex and stressful as there is so much to do. Engaging the services of a moving company can help you in every aspect of your move. Below we have compiled a list of Tunisia based removal companies that are members of the International Association of Movers (IAM) [&hellip;]<\/p>\n","protected":false},"author":4,"featured_media":10097,"parent":190,"menu_order":0,"comment_status":"closed","ping_status":"closed","template":"","meta":{"_genesis_hide_title":false,"_genesis_hide_breadcrumbs":false,"_genesis_hide_singular_image":false,"_genesis_hide_footer_widgets":false,"_genesis_custom_body_class":"","_genesis_custom_post_class":"","_genesis_layout":"","footnotes":""},"class_list":{"0":"post-10238","1":"page","2":"type-page","3":"status-publish","4":"has-post-thumbnail","6":"entry"},"_links":{"self":[{"href":"https:\/\/moverdb.com\/fr\/wp-json\/wp\/v2\/pages\/10238","targetHints":{"allow":["GET"]}}],"collection":[{"href":"https:\/\/moverdb.com\/fr\/wp-json\/wp\/v2\/pages"}],"about":[{"href":"https:\/\/moverdb.com\/fr\/wp-json\/wp\/v2\/types\/page"}],"author":[{"embeddable":true,"href":"https:\/\/moverdb.com\/fr\/wp-json\/wp\/v2\/users\/4"}],"replies":[{"embeddable":true,"href":"https:\/\/moverdb.com\/fr\/wp-json\/wp\/v2\/comments?post=10238"}],"version-history":[{"count":1,"href":"https:\/\/moverdb.com\/fr\/wp-json\/wp\/v2\/pages\/10238\/revisions"}],"predecessor-version":[{"id":10239,"href":"https:\/\/moverdb.com\/fr\/wp-json\/wp\/v2\/pages\/10238\/revisions\/10239"}],"up":[{"embeddable":true,"href":"https:\/\/moverdb.com\/fr\/wp-json\/wp\/v2\/pages\/190"}],"wp:featuredmedia":[{"embeddable":true,"href":"https:\/\/moverdb.com\/fr\/wp-json\/wp\/v2\/media\/10097"}],"wp:attachment":[{"href":"https:\/\/moverdb.com\/fr\/wp-json\/wp\/v2\/media?parent=10238"}],"curies":[{"name":"wp","href":"https:\/\/api.w.org\/{rel}","templated":true}]}}