{"id":10236,"date":"2023-06-22T15:46:14","date_gmt":"2023-06-22T15:46:14","guid":{"rendered":"https:\/\/moverdb.com\/?page_id=10236"},"modified":"2026-01-08T15:23:51","modified_gmt":"2026-01-08T15:23:51","slug":"moving-companies-trinidad-and-tobago","status":"publish","type":"page","link":"https:\/\/moverdb.com\/fr\/moving-companies\/moving-companies-trinidad-and-tobago\/","title":{"rendered":"2 meilleures entreprises de d\u00e9m\u00e9nagements internationaux \u00e0 Trinit\u00e9-et-Tobago"},"content":{"rendered":"<p>Vous envisagez de d\u00e9m\u00e9nager \u00e0 l'int\u00e9rieur, \u00e0 destination ou en provenance de la Trinit\u00e9-et-Tobago ? Faire appel aux services d'un <a href=\"https:\/\/moverdb.com\/fr\/moving-companies\/\" data-internallinksmanager029f6b8e52c=\"79\" title=\"Les 25 meilleures soci\u00e9t\u00e9s de d\u00e9m\u00e9nagement international en ligne\">soci\u00e9t\u00e9 de d\u00e9m\u00e9nagement<\/a> peut faciliter le processus de d\u00e9m\u00e9nagement et r\u00e9duire le stress qu'il engendre. Nous avons dress\u00e9 ci-dessous une liste d'entreprises bas\u00e9es \u00e0 Trinit\u00e9-et-Tobago. <a href=\"https:\/\/moverdb.com\/fr\/international-removals\/\" data-internallinksmanager029f6b8e52c=\"27\" title=\"36 meilleures entreprises de d\u00e9m\u00e9nagements internationaux au Royaume-Uni\">entreprises de d\u00e9m\u00e9nagement<\/a> qui sont membres de la <a href=\"https:\/\/moverdb.com\/fr\/iam\/\" data-internallinksmanager029f6b8e52c=\"23\" title=\"L&#039;Association internationale des d\u00e9m\u00e9nageurs (IAM) expliqu\u00e9e\">Association internationale des d\u00e9m\u00e9nageurs<\/a> (IAM) et\/ou <a href=\"https:\/\/moverdb.com\/fr\/fidi-faim\/\" data-internallinksmanager029f6b8e52c=\"16\" title=\"Explication de la FIDI et du FAIM (FIDI Accredited International Mover)\">FIDI<\/a> D\u00e9m\u00e9nageur international accr\u00e9dit\u00e9 (FAIM) qui pourrait vous aider dans votre d\u00e9m\u00e9nagement.<\/p>\n<h2><strong>1. AJ Mauritzen<\/strong><\/h2>\n<p><img loading=\"lazy\" decoding=\"async\" class=\"alignnone size-full wp-image-10072\" src=\"https:\/\/moverdb.com\/wp-content\/uploads\/AJ-Mauritzen-international-moving-company.png\" alt=\"AJ Mauritzen entreprise de d\u00e9m\u00e9nagement international\" width=\"1440\" height=\"680\" data-wp-pid=\"10072\" srcset=\"https:\/\/moverdb.com\/wp-content\/uploads\/AJ-Mauritzen-international-moving-company.png 1440w, https:\/\/moverdb.com\/wp-content\/uploads\/AJ-Mauritzen-international-moving-company-300x142.png 300w, https:\/\/moverdb.com\/wp-content\/uploads\/AJ-Mauritzen-international-moving-company-1024x484.png 1024w, https:\/\/moverdb.com\/wp-content\/uploads\/AJ-Mauritzen-international-moving-company-18x9.png 18w, https:\/\/moverdb.com\/wp-content\/uploads\/AJ-Mauritzen-international-moving-company-600x283.png 600w\" sizes=\"auto, (max-width: 1440px) 100vw, 1440px\" \/><\/p>\n<ul>\n<li>D\u00e9m\u00e9nagements internationaux<\/li>\n<li>D\u00e9m\u00e9nagements de m\u00e9nages<\/li>\n<li>D\u00e9m\u00e9nagements commerciaux<\/li>\n<li>Services de relocalisation<\/li>\n<li>Service d'emballage<\/li>\n<li>Transports terrestres, maritimes et a\u00e9riens<\/li>\n<li>D\u00e9douanement<\/li>\n<li>Assurance<\/li>\n<li>Transport des animaux<\/li>\n<li>Installations de stockage<\/li>\n<\/ul>\n<p>AJ Mauritzen est une soci\u00e9t\u00e9 de d\u00e9m\u00e9nagement internationale fond\u00e9e en 1948 et bas\u00e9e aux Pays-Bas. <a href=\"https:\/\/moverdb.com\/fr\/top-49-container-ports\/\" data-internallinksmanager029f6b8e52c=\"80\" title=\"Les 49 ports \u00e0 conteneurs les plus importants et les plus fr\u00e9quent\u00e9s en 2025\">Port<\/a> de <a href=\"https:\/\/moverdb.com\/fr\/moving-to-spain\/\" data-internallinksmanager029f6b8e52c=\"266\" title=\"Vous partez en Espagne ? 2026 Co\u00fbt de la vie et conseils de relocalisation\">Espagne<\/a>. Ils ont acc\u00e8s \u00e0 environ 600 organisations internationales de d\u00e9m\u00e9nagement qui peuvent les aider \u00e0 fournir des services de d\u00e9m\u00e9nagement dans le monde entier. Ils sont membres de l'IAM et sont accr\u00e9dit\u00e9s par la FIDI.<\/p>\n<p>AJ Mauritzen offre un service d'emballage qui comprend la protection de vos articles et un soin particulier pour les articles fragiles, comme des caisses et des cageots faits sur mesure. Ils assurent le transport par voie terrestre, maritime ou a\u00e9rienne avec d\u00e9douanement. Elle propose \u00e9galement des services de relocalisation d'animaux domestiques et de gestion de la relocalisation \u00e0 destination, y compris la recherche de logement et d'\u00e9cole, l'orientation, les visas et les permis.<\/p>\n<p>Site web : <a href=\"http:\/\/www.ajmauritzen.com\" target=\"_blank\" rel=\"noopener\">http:\/\/www.ajmauritzen.com<\/a><\/p>\n<h2><strong>2. Azee Shipping &amp; Trading<\/strong><\/h2>\n<p><img loading=\"lazy\" decoding=\"async\" class=\"alignnone size-full wp-image-10086\" src=\"https:\/\/moverdb.com\/wp-content\/uploads\/Azee-Shipping-international-moving-company.png\" alt=\"Azee Shipping entreprise de d\u00e9m\u00e9nagement international\" width=\"1440\" height=\"680\" data-wp-pid=\"10086\" srcset=\"https:\/\/moverdb.com\/wp-content\/uploads\/Azee-Shipping-international-moving-company.png 1440w, https:\/\/moverdb.com\/wp-content\/uploads\/Azee-Shipping-international-moving-company-300x142.png 300w, https:\/\/moverdb.com\/wp-content\/uploads\/Azee-Shipping-international-moving-company-1024x484.png 1024w, https:\/\/moverdb.com\/wp-content\/uploads\/Azee-Shipping-international-moving-company-18x9.png 18w, https:\/\/moverdb.com\/wp-content\/uploads\/Azee-Shipping-international-moving-company-600x283.png 600w\" sizes=\"auto, (max-width: 1440px) 100vw, 1440px\" \/><\/p>\n<ul>\n<li>Mouvements nationaux<\/li>\n<li>D\u00e9m\u00e9nagements internationaux<\/li>\n<li>D\u00e9m\u00e9nagements de m\u00e9nages<\/li>\n<li>Service porte-\u00e0-porte ou porte-\u00e0-port<\/li>\n<li>Emballage sp\u00e9cialis\u00e9<\/li>\n<li>Transport a\u00e9rien, maritime et terrestre<\/li>\n<li>Courtage en douane<\/li>\n<li><a href=\"https:\/\/moverdb.com\/fr\/car-transport-shipping\/\" data-internallinksmanager029f6b8e52c=\"2\" title=\"2026 Devis pour le transport international de voitures et l&#039;exp\u00e9dition de v\u00e9hicules\">Transport de v\u00e9hicules<\/a><\/li>\n<li>D\u00e9placement d'un animal de compagnie<\/li>\n<li>Installations de stockage<\/li>\n<\/ul>\n<p>Azee Shipping &amp; Trading est un <a href=\"https:\/\/moverdb.com\/fr\/freight-forwarder\/\" data-internallinksmanager029f6b8e52c=\"17\" title=\"Guide des co\u00fbts et des entreprises des transitaires et NVOCC internationaux\">commissionnaire de transport<\/a> et agent de d\u00e9m\u00e9nagement qui agit pour le compte d'autres entreprises de d\u00e9m\u00e9nagement et qui est bas\u00e9 \u00e0 San Juan. Elle fait partie d'un r\u00e9seau international d'agents de d\u00e9m\u00e9nagement qui travaillent ensemble pour fournir des services dans le monde entier. Elle est membre de l'IAM.<\/p>\n<p>Azee Shipping &amp; Trading propose des services de d\u00e9m\u00e9nagement de porte \u00e0 porte ou de porte \u00e0 port qui comprennent des services sp\u00e9cialis\u00e9s d'emballage et de mise en caisse fournis par un personnel form\u00e9 \u00e0 l'emballage. Ils emballent vos biens de mani\u00e8re appropri\u00e9e pour le mode de transport choisi, qu'il s'agisse du transport a\u00e9rien, maritime ou routier. Elle propose des services de relocalisation pour les employ\u00e9s et les diplomates.<\/p>\n<p>Site web : <a href=\"http:\/\/www.azeeshipping.com\" target=\"_blank\" rel=\"noopener\">http:\/\/www.azeeshipping.com<\/a><\/p>","protected":false},"excerpt":{"rendered":"<p>Are you planning on moving within, to or from Trinidad and Tobago? Enlisting the services of a moving company can ease the moving process and reduce the stress involved. Below we have compiled a list of Trinidad and Tobago based removal companies that are members of the International Association of Movers (IAM) and\/or FIDI Accredited [&hellip;]<\/p>\n","protected":false},"author":4,"featured_media":10072,"parent":190,"menu_order":0,"comment_status":"closed","ping_status":"closed","template":"","meta":{"_genesis_hide_title":false,"_genesis_hide_breadcrumbs":false,"_genesis_hide_singular_image":false,"_genesis_hide_footer_widgets":false,"_genesis_custom_body_class":"","_genesis_custom_post_class":"","_genesis_layout":"","footnotes":""},"class_list":{"0":"post-10236","1":"page","2":"type-page","3":"status-publish","4":"has-post-thumbnail","6":"entry"},"_links":{"self":[{"href":"https:\/\/moverdb.com\/fr\/wp-json\/wp\/v2\/pages\/10236","targetHints":{"allow":["GET"]}}],"collection":[{"href":"https:\/\/moverdb.com\/fr\/wp-json\/wp\/v2\/pages"}],"about":[{"href":"https:\/\/moverdb.com\/fr\/wp-json\/wp\/v2\/types\/page"}],"author":[{"embeddable":true,"href":"https:\/\/moverdb.com\/fr\/wp-json\/wp\/v2\/users\/4"}],"replies":[{"embeddable":true,"href":"https:\/\/moverdb.com\/fr\/wp-json\/wp\/v2\/comments?post=10236"}],"version-history":[{"count":3,"href":"https:\/\/moverdb.com\/fr\/wp-json\/wp\/v2\/pages\/10236\/revisions"}],"predecessor-version":[{"id":10284,"href":"https:\/\/moverdb.com\/fr\/wp-json\/wp\/v2\/pages\/10236\/revisions\/10284"}],"up":[{"embeddable":true,"href":"https:\/\/moverdb.com\/fr\/wp-json\/wp\/v2\/pages\/190"}],"wp:featuredmedia":[{"embeddable":true,"href":"https:\/\/moverdb.com\/fr\/wp-json\/wp\/v2\/media\/10072"}],"wp:attachment":[{"href":"https:\/\/moverdb.com\/fr\/wp-json\/wp\/v2\/media?parent=10236"}],"curies":[{"name":"wp","href":"https:\/\/api.w.org\/{rel}","templated":true}]}}