{"id":10225,"date":"2023-06-22T15:49:55","date_gmt":"2023-06-22T15:49:55","guid":{"rendered":"https:\/\/moverdb.com\/?page_id=10225"},"modified":"2026-01-08T15:30:18","modified_gmt":"2026-01-08T15:30:18","slug":"moving-companies-taiwan","status":"publish","type":"page","link":"https:\/\/moverdb.com\/fr\/moving-companies\/moving-companies-taiwan\/","title":{"rendered":"Les meilleures entreprises de d\u00e9m\u00e9nagements internationaux \u00e0 Ta\u00efwan"},"content":{"rendered":"<p>Si vous envisagez de d\u00e9m\u00e9nager, vous pourriez envisager de faire appel aux services d'un <a href=\"https:\/\/moverdb.com\/fr\/moving-companies\/\" data-internallinksmanager029f6b8e52c=\"79\" title=\"Les 25 meilleures soci\u00e9t\u00e9s de d\u00e9m\u00e9nagement international en ligne\">soci\u00e9t\u00e9 de d\u00e9m\u00e9nagement<\/a> pour vous aider \u00e0 emballer, \u00e0 organiser le transport et \u00e0 r\u00e9pondre aux exigences en mati\u00e8re d'exportation et d'importation si vous d\u00e9m\u00e9nagez \u00e0 l'\u00e9tranger. Nous avons dress\u00e9 ci-dessous une liste de soci\u00e9t\u00e9s bas\u00e9es \u00e0 Ta\u00efwan. <a href=\"https:\/\/moverdb.com\/fr\/international-removals\/\" data-internallinksmanager029f6b8e52c=\"27\" title=\"36 meilleures entreprises de d\u00e9m\u00e9nagements internationaux au Royaume-Uni\">entreprises de d\u00e9m\u00e9nagement<\/a> qui sont membres de la <a href=\"https:\/\/moverdb.com\/fr\/iam\/\" data-internallinksmanager029f6b8e52c=\"23\" title=\"L&#039;Association internationale des d\u00e9m\u00e9nageurs (IAM) expliqu\u00e9e\">Association internationale des d\u00e9m\u00e9nageurs<\/a> (IAM) et\/ou <a href=\"https:\/\/moverdb.com\/fr\/fidi-faim\/\" data-internallinksmanager029f6b8e52c=\"16\" title=\"Explication de la FIDI et du FAIM (FIDI Accredited International Mover)\">FIDI<\/a> D\u00e9m\u00e9nageur international accr\u00e9dit\u00e9 (FAIM) qui pourrait vous aider dans votre d\u00e9m\u00e9nagement.<\/p>\n<h2><strong>Crown Van Lines<\/strong><\/h2>\n<p><img loading=\"lazy\" decoding=\"async\" class=\"alignnone size-full wp-image-10095\" src=\"https:\/\/moverdb.com\/wp-content\/uploads\/Crown-Van-Lines-Taiwan-international-moving-company.png\" alt=\"Crown Van Lines Soci\u00e9t\u00e9 de d\u00e9m\u00e9nagement international de Ta\u00efwan\" width=\"1440\" height=\"682\" data-wp-pid=\"10095\" srcset=\"https:\/\/moverdb.com\/wp-content\/uploads\/Crown-Van-Lines-Taiwan-international-moving-company.png 1440w, https:\/\/moverdb.com\/wp-content\/uploads\/Crown-Van-Lines-Taiwan-international-moving-company-300x142.png 300w, https:\/\/moverdb.com\/wp-content\/uploads\/Crown-Van-Lines-Taiwan-international-moving-company-1024x485.png 1024w, https:\/\/moverdb.com\/wp-content\/uploads\/Crown-Van-Lines-Taiwan-international-moving-company-18x9.png 18w, https:\/\/moverdb.com\/wp-content\/uploads\/Crown-Van-Lines-Taiwan-international-moving-company-600x284.png 600w\" sizes=\"auto, (max-width: 1440px) 100vw, 1440px\" \/><\/p>\n<ul>\n<li>D\u00e9m\u00e9nagements nationaux<\/li>\n<li>D\u00e9m\u00e9nagements internationaux<\/li>\n<li>D\u00e9m\u00e9nagements de m\u00e9nages<\/li>\n<li>Services aux entreprises<\/li>\n<li>Services de relocalisation<\/li>\n<li>Service d'emballage<\/li>\n<li>Transports terrestres, maritimes et a\u00e9riens<\/li>\n<li>Courtage en douane<\/li>\n<li>D\u00e9placement d'un animal de compagnie<\/li>\n<li>Installations de stockage<\/li>\n<\/ul>\n<p>Crown Van Lines est une soci\u00e9t\u00e9 de d\u00e9m\u00e9nagement international cr\u00e9\u00e9e en 1979 et bas\u00e9e \u00e0 Taipei. Elle dispose d'un r\u00e9seau d'agents cr\u00e9dibles dans le monde entier pour l'assister dans ses d\u00e9m\u00e9nagements internationaux. Elle est membre de l'IAM, avec 44 ans de service, et est accr\u00e9dit\u00e9e par la FIDI.<\/p>\n<p>Crown Van Lines propose des services d'emballage et de livraison de porte \u00e0 porte avec des emballeurs exp\u00e9riment\u00e9s. Ils offrent un emballage de haute qualit\u00e9 pour prot\u00e9ger vos biens pendant le transport et organisent le transport par voie terrestre, maritime ou a\u00e9rienne avec le courtage en douane. Ils peuvent \u00e9galement vous aider \u00e0 emmener vos animaux domestiques avec vous. Ils proposent des services de relocalisation qui comprennent la recherche de logement et d'\u00e9cole, l'assistance m\u00e9dicale et l'orientation.<\/p>\n<p>Site web : <a href=\"http:\/\/www.crownvan.com\/\" target=\"_blank\" rel=\"noopener\">http:\/\/www.crownvan.com\/<\/a><\/p>\n<h2>Autres guides utiles sur Ta\u00efwan<\/h2>\n<ul>\n<li> <a href=\"https:\/\/moverdb.com\/fr\/expedition-par-conteneur\/taiwan\/\">2024 Tarifs d'exp\u00e9dition de conteneurs de fret maritime \u00e0 destination et en provenance de Ta\u00efwan<\/a><\/li>\n<li> <a href=\"https:\/\/moverdb.com\/fr\/living-in-taiwan\/\">21 secrets sur la vie \u00e0 Ta\u00efwan \u00e0 conna\u00eetre avant de d\u00e9m\u00e9nager<\/a><\/li>\n<\/ul>","protected":false},"excerpt":{"rendered":"<p>If you are thinking about moving then you might want to consider engaging the services of a moving company to assist you with packing, transportation arrangements and export\/import requirements if moving abroad. Below we have compiled a list of Taiwan based removal companies that are members of the International Association of Movers (IAM) and\/or FIDI [&hellip;]<\/p>\n","protected":false},"author":4,"featured_media":10095,"parent":190,"menu_order":0,"comment_status":"closed","ping_status":"closed","template":"","meta":{"_genesis_hide_title":false,"_genesis_hide_breadcrumbs":false,"_genesis_hide_singular_image":false,"_genesis_hide_footer_widgets":false,"_genesis_custom_body_class":"","_genesis_custom_post_class":"","_genesis_layout":"","footnotes":""},"class_list":{"0":"post-10225","1":"page","2":"type-page","3":"status-publish","4":"has-post-thumbnail","6":"entry"},"_links":{"self":[{"href":"https:\/\/moverdb.com\/fr\/wp-json\/wp\/v2\/pages\/10225","targetHints":{"allow":["GET"]}}],"collection":[{"href":"https:\/\/moverdb.com\/fr\/wp-json\/wp\/v2\/pages"}],"about":[{"href":"https:\/\/moverdb.com\/fr\/wp-json\/wp\/v2\/types\/page"}],"author":[{"embeddable":true,"href":"https:\/\/moverdb.com\/fr\/wp-json\/wp\/v2\/users\/4"}],"replies":[{"embeddable":true,"href":"https:\/\/moverdb.com\/fr\/wp-json\/wp\/v2\/comments?post=10225"}],"version-history":[{"count":3,"href":"https:\/\/moverdb.com\/fr\/wp-json\/wp\/v2\/pages\/10225\/revisions"}],"predecessor-version":[{"id":18286,"href":"https:\/\/moverdb.com\/fr\/wp-json\/wp\/v2\/pages\/10225\/revisions\/18286"}],"up":[{"embeddable":true,"href":"https:\/\/moverdb.com\/fr\/wp-json\/wp\/v2\/pages\/190"}],"wp:featuredmedia":[{"embeddable":true,"href":"https:\/\/moverdb.com\/fr\/wp-json\/wp\/v2\/media\/10095"}],"wp:attachment":[{"href":"https:\/\/moverdb.com\/fr\/wp-json\/wp\/v2\/media?parent=10225"}],"curies":[{"name":"wp","href":"https:\/\/api.w.org\/{rel}","templated":true}]}}