{"id":10223,"date":"2023-06-22T15:50:48","date_gmt":"2023-06-22T15:50:48","guid":{"rendered":"https:\/\/moverdb.com\/?page_id=10223"},"modified":"2026-01-08T15:30:17","modified_gmt":"2026-01-08T15:30:17","slug":"moving-companies-syria","status":"publish","type":"page","link":"https:\/\/moverdb.com\/fr\/moving-companies\/moving-companies-syria\/","title":{"rendered":"Les meilleures entreprises de d\u00e9m\u00e9nagements internationaux en Syrie"},"content":{"rendered":"<p>Le d\u00e9m\u00e9nagement peut \u00eatre stressant et complexe si vous d\u00e9m\u00e9nagez dans un autre pays. <a href=\"https:\/\/moverdb.com\/fr\/moving-companies\/\" data-internallinksmanager029f6b8e52c=\"79\" title=\"Les 25 meilleures soci\u00e9t\u00e9s de d\u00e9m\u00e9nagement international en ligne\">soci\u00e9t\u00e9 de d\u00e9m\u00e9nagement<\/a> pour vous aider \u00e0 all\u00e9ger votre fardeau. Nous avons dress\u00e9 ci-dessous une liste de Syriens <a href=\"https:\/\/moverdb.com\/fr\/international-removals\/\" data-internallinksmanager029f6b8e52c=\"27\" title=\"36 meilleures entreprises de d\u00e9m\u00e9nagements internationaux au Royaume-Uni\">entreprises de d\u00e9m\u00e9nagement<\/a> qui sont membres de la <a href=\"https:\/\/moverdb.com\/fr\/iam\/\" data-internallinksmanager029f6b8e52c=\"23\" title=\"L&#039;Association internationale des d\u00e9m\u00e9nageurs (IAM) expliqu\u00e9e\">Association internationale des d\u00e9m\u00e9nageurs<\/a> (IAM) et\/ou <a href=\"https:\/\/moverdb.com\/fr\/fidi-faim\/\" data-internallinksmanager029f6b8e52c=\"16\" title=\"Explication de la FIDI et du FAIM (FIDI Accredited International Mover)\">FIDI<\/a> D\u00e9m\u00e9nageur international accr\u00e9dit\u00e9 (FAIM) qui pourrait vous aider dans votre d\u00e9m\u00e9nagement.<\/p>\n<h2><strong>Dahbar International<\/strong><\/h2>\n<p><img loading=\"lazy\" decoding=\"async\" class=\"alignnone size-full wp-image-10096\" src=\"https:\/\/moverdb.com\/wp-content\/uploads\/Dahbar-International-moving-company.png\" alt=\"Dahbar International entreprise de d\u00e9m\u00e9nagement\" width=\"1440\" height=\"882\" data-wp-pid=\"10096\" srcset=\"https:\/\/moverdb.com\/wp-content\/uploads\/Dahbar-International-moving-company.png 1440w, https:\/\/moverdb.com\/wp-content\/uploads\/Dahbar-International-moving-company-300x184.png 300w, https:\/\/moverdb.com\/wp-content\/uploads\/Dahbar-International-moving-company-1024x627.png 1024w, https:\/\/moverdb.com\/wp-content\/uploads\/Dahbar-International-moving-company-18x12.png 18w, https:\/\/moverdb.com\/wp-content\/uploads\/Dahbar-International-moving-company-600x368.png 600w\" sizes=\"auto, (max-width: 1440px) 100vw, 1440px\" \/><\/p>\n<ul>\n<li>Mouvements nationaux<\/li>\n<li>D\u00e9m\u00e9nagements internationaux<\/li>\n<li>D\u00e9m\u00e9nagements de m\u00e9nages<\/li>\n<li>Coordinateur d\u00e9sign\u00e9 pour les d\u00e9m\u00e9nagements<\/li>\n<li>Service porte-\u00e0-porte<\/li>\n<li>Service d'emballage<\/li>\n<li>Fret maritime, a\u00e9rien et terrestre<\/li>\n<li>D\u00e9douanement<\/li>\n<li>Assurance<\/li>\n<li>Installations de stockage s\u00e9curis\u00e9es<\/li>\n<\/ul>\n<p>Dahbar International est une soci\u00e9t\u00e9 de d\u00e9m\u00e9nagement international cr\u00e9\u00e9e en 1963 et bas\u00e9e \u00e0 Damas. Elle dispose d'un r\u00e9seau mondial de 900 partenaires de service dans presque toutes les grandes villes pour l'assister. Elle est membre de l'IAM et compte 60 ans de service.<\/p>\n<p>Dahbar International propose un service de d\u00e9m\u00e9nagement de porte \u00e0 porte et un coordinateur de d\u00e9m\u00e9nagement d\u00e9sign\u00e9 qui vous donnera des conseils personnalis\u00e9s en mati\u00e8re de planification. Ils proposent un service d'emballage pour prot\u00e9ger vos biens, y compris des caisses pour les articles fragiles, et ils \u00e9tiquettent tous les articles avec un code-barres. Elle assure le transport par voie maritime, a\u00e9rienne ou terrestre avec d\u00e9douanement pour les importations et les exportations.<\/p>\n<p>Site web : <a href=\"http:\/\/www.dahbar.com\" target=\"_blank\" rel=\"noopener\">http:\/\/www.dahbar.com<\/a><\/p>","protected":false},"excerpt":{"rendered":"<p>Moving can be stressful and complex if you are moving to another country so employing a moving company to assist you can help lighten your load. Below we have compiled a list of Syrian removal companies that are members of the International Association of Movers (IAM) and\/or FIDI Accredited International Mover (FAIM) who could help [&hellip;]<\/p>\n","protected":false},"author":4,"featured_media":10096,"parent":190,"menu_order":0,"comment_status":"closed","ping_status":"closed","template":"","meta":{"_genesis_hide_title":false,"_genesis_hide_breadcrumbs":false,"_genesis_hide_singular_image":false,"_genesis_hide_footer_widgets":false,"_genesis_custom_body_class":"","_genesis_custom_post_class":"","_genesis_layout":"","footnotes":""},"class_list":{"0":"post-10223","1":"page","2":"type-page","3":"status-publish","4":"has-post-thumbnail","6":"entry"},"_links":{"self":[{"href":"https:\/\/moverdb.com\/fr\/wp-json\/wp\/v2\/pages\/10223","targetHints":{"allow":["GET"]}}],"collection":[{"href":"https:\/\/moverdb.com\/fr\/wp-json\/wp\/v2\/pages"}],"about":[{"href":"https:\/\/moverdb.com\/fr\/wp-json\/wp\/v2\/types\/page"}],"author":[{"embeddable":true,"href":"https:\/\/moverdb.com\/fr\/wp-json\/wp\/v2\/users\/4"}],"replies":[{"embeddable":true,"href":"https:\/\/moverdb.com\/fr\/wp-json\/wp\/v2\/comments?post=10223"}],"version-history":[{"count":1,"href":"https:\/\/moverdb.com\/fr\/wp-json\/wp\/v2\/pages\/10223\/revisions"}],"predecessor-version":[{"id":10224,"href":"https:\/\/moverdb.com\/fr\/wp-json\/wp\/v2\/pages\/10223\/revisions\/10224"}],"up":[{"embeddable":true,"href":"https:\/\/moverdb.com\/fr\/wp-json\/wp\/v2\/pages\/190"}],"wp:featuredmedia":[{"embeddable":true,"href":"https:\/\/moverdb.com\/fr\/wp-json\/wp\/v2\/media\/10096"}],"wp:attachment":[{"href":"https:\/\/moverdb.com\/fr\/wp-json\/wp\/v2\/media?parent=10223"}],"curies":[{"name":"wp","href":"https:\/\/api.w.org\/{rel}","templated":true}]}}