{"id":10215,"date":"2023-06-22T15:54:43","date_gmt":"2023-06-22T15:54:43","guid":{"rendered":"https:\/\/moverdb.com\/?page_id=10215"},"modified":"2026-01-08T15:29:29","modified_gmt":"2026-01-08T15:29:29","slug":"moving-companies-sri-lanka","status":"publish","type":"page","link":"https:\/\/moverdb.com\/fr\/moving-companies\/moving-companies-sri-lanka\/","title":{"rendered":"7 meilleures entreprises de d\u00e9m\u00e9nagements internationaux au Sri Lanka"},"content":{"rendered":"<p>Vous envisagez de d\u00e9m\u00e9nager ? Dans ce cas, vous pouvez faire appel aux services d'un <a href=\"https:\/\/moverdb.com\/fr\/moving-companies\/\" data-internallinksmanager029f6b8e52c=\"79\" title=\"Les 25 meilleures soci\u00e9t\u00e9s de d\u00e9m\u00e9nagement international en ligne\">soci\u00e9t\u00e9 de d\u00e9m\u00e9nagement<\/a> car ils peuvent vous aider \u00e0 emballer, \u00e0 transporter et \u00e0 r\u00e9gler les formalit\u00e9s douani\u00e8res lorsque vous d\u00e9m\u00e9nagez \u00e0 l'\u00e9tranger. Nous avons dress\u00e9 ci-dessous une liste de soci\u00e9t\u00e9s bas\u00e9es au Sri Lanka. <a href=\"https:\/\/moverdb.com\/fr\/international-removals\/\" data-internallinksmanager029f6b8e52c=\"27\" title=\"36 meilleures entreprises de d\u00e9m\u00e9nagements internationaux au Royaume-Uni\">entreprises de d\u00e9m\u00e9nagement<\/a> qui sont membres de la <a href=\"https:\/\/moverdb.com\/fr\/iam\/\" data-internallinksmanager029f6b8e52c=\"23\" title=\"L&#039;Association internationale des d\u00e9m\u00e9nageurs (IAM) expliqu\u00e9e\">Association internationale des d\u00e9m\u00e9nageurs<\/a> (IAM) et\/ou <a href=\"https:\/\/moverdb.com\/fr\/fidi-faim\/\" data-internallinksmanager029f6b8e52c=\"16\" title=\"Explication de la FIDI et du FAIM (FIDI Accredited International Mover)\">FIDI<\/a> D\u00e9m\u00e9nageur international accr\u00e9dit\u00e9 (FAIM) qui pourrait vous aider dans votre d\u00e9m\u00e9nagement.<\/p>\n<div id=\"ez-toc-container\" class=\"ez-toc-v2_0_82_2 ez-toc-wrap-left counter-hierarchy ez-toc-counter ez-toc-transparent ez-toc-container-direction\">\n<div class=\"ez-toc-title-container\">\n<p class=\"ez-toc-title\" style=\"cursor:inherit\">Sections<\/p>\n<span class=\"ez-toc-title-toggle\"><a href=\"#\" class=\"ez-toc-pull-right ez-toc-btn ez-toc-btn-xs ez-toc-btn-default ez-toc-toggle\" aria-label=\"Toggle Table des mati\u00e8res\"><span class=\"ez-toc-js-icon-con\"><span class=\"\"><span class=\"eztoc-hide\" style=\"display:none;\">Toggle<\/span><span class=\"ez-toc-icon-toggle-span\"><svg style=\"fill: #999;color:#999\" xmlns=\"http:\/\/www.w3.org\/2000\/svg\" class=\"list-377408\" width=\"20px\" height=\"20px\" viewbox=\"0 0 24 24\" fill=\"none\"><path d=\"M6 6H4v2h2V6zm14 0H8v2h12V6zM4 11h2v2H4v-2zm16 0H8v2h12v-2zM4 16h2v2H4v-2zm16 0H8v2h12v-2z\" fill=\"currentColor\"><\/path><\/svg><svg style=\"fill: #999;color:#999\" class=\"arrow-unsorted-368013\" xmlns=\"http:\/\/www.w3.org\/2000\/svg\" width=\"10px\" height=\"10px\" viewbox=\"0 0 24 24\" version=\"1.2\" baseprofile=\"tiny\"><path d=\"M18.2 9.3l-6.2-6.3-6.2 6.3c-.2.2-.3.4-.3.7s.1.5.3.7c.2.2.4.3.7.3h11c.3 0 .5-.1.7-.3.2-.2.3-.5.3-.7s-.1-.5-.3-.7zM5.8 14.7l6.2 6.3 6.2-6.3c.2-.2.3-.5.3-.7s-.1-.5-.3-.7c-.2-.2-.4-.3-.7-.3h-11c-.3 0-.5.1-.7.3-.2.2-.3.5-.3.7s.1.5.3.7z\"\/><\/svg><\/span><\/span><\/span><\/a><\/span><\/div>\n<nav><ul class='ez-toc-list ez-toc-list-level-1 eztoc-toggle-hide-by-default' ><li class='ez-toc-page-1 ez-toc-heading-level-2'><a class=\"ez-toc-link ez-toc-heading-1\" href=\"https:\/\/moverdb.com\/fr\/moving-companies\/moving-companies-sri-lanka\/#1_Aitken_Spence\" >1. Aitken Spence<\/a><\/li><li class='ez-toc-page-1 ez-toc-heading-level-2'><a class=\"ez-toc-link ez-toc-heading-2\" href=\"https:\/\/moverdb.com\/fr\/moving-companies\/moving-companies-sri-lanka\/#2_Asian_Movers\" >2. Les d\u00e9m\u00e9nageurs asiatiques<\/a><\/li><li class='ez-toc-page-1 ez-toc-heading-level-2'><a class=\"ez-toc-link ez-toc-heading-3\" href=\"https:\/\/moverdb.com\/fr\/moving-companies\/moving-companies-sri-lanka\/#3_Don_Carolis_Sons\" >3. Don Carolis &amp; Sons<\/a><\/li><li class='ez-toc-page-1 ez-toc-heading-level-2'><a class=\"ez-toc-link ez-toc-heading-4\" href=\"https:\/\/moverdb.com\/fr\/moving-companies\/moving-companies-sri-lanka\/#4_Horizon_Relocations\" >4. D\u00e9placements d'horizons<\/a><\/li><li class='ez-toc-page-1 ez-toc-heading-level-2'><a class=\"ez-toc-link ez-toc-heading-5\" href=\"https:\/\/moverdb.com\/fr\/moving-companies\/moving-companies-sri-lanka\/#5_Trans_World_Movers\" >5. Trans World Movers<\/a><\/li><li class='ez-toc-page-1 ez-toc-heading-level-2'><a class=\"ez-toc-link ez-toc-heading-6\" href=\"https:\/\/moverdb.com\/fr\/moving-companies\/moving-companies-sri-lanka\/#6_Trans-Global_Relocations\" >6. D\u00e9localisations trans-mondiales<\/a><\/li><li class='ez-toc-page-1 ez-toc-heading-level-2'><a class=\"ez-toc-link ez-toc-heading-7\" href=\"https:\/\/moverdb.com\/fr\/moving-companies\/moving-companies-sri-lanka\/#7_Worldwide_Movers\" >7. D\u00e9m\u00e9nageurs du monde entier<\/a><\/li><\/ul><\/nav><\/div>\n<h2><span class=\"ez-toc-section\" id=\"1_Aitken_Spence\"><\/span><strong>1. Aitken Spence<\/strong><span class=\"ez-toc-section-end\"><\/span><\/h2>\n<p><img loading=\"lazy\" decoding=\"async\" class=\"alignnone size-full wp-image-10071\" src=\"https:\/\/moverdb.com\/wp-content\/uploads\/Aitken-Spence-international-moving-company.png\" alt=\"Aitken Spence, soci\u00e9t\u00e9 de d\u00e9m\u00e9nagements internationaux\" width=\"1440\" height=\"676\" data-wp-pid=\"10071\" srcset=\"https:\/\/moverdb.com\/wp-content\/uploads\/Aitken-Spence-international-moving-company.png 1440w, https:\/\/moverdb.com\/wp-content\/uploads\/Aitken-Spence-international-moving-company-300x141.png 300w, https:\/\/moverdb.com\/wp-content\/uploads\/Aitken-Spence-international-moving-company-1024x481.png 1024w, https:\/\/moverdb.com\/wp-content\/uploads\/Aitken-Spence-international-moving-company-18x8.png 18w, https:\/\/moverdb.com\/wp-content\/uploads\/Aitken-Spence-international-moving-company-600x282.png 600w\" sizes=\"auto, (max-width: 1440px) 100vw, 1440px\" \/><\/p>\n<ul>\n<li>Mouvements nationaux<\/li>\n<li>D\u00e9m\u00e9nagements internationaux<\/li>\n<li>D\u00e9m\u00e9nagements de m\u00e9nages<\/li>\n<li>Logistique d'entreprise<\/li>\n<li>Services d'exposition<\/li>\n<li>Solutions de bout en bout<\/li>\n<li>Fret a\u00e9rien, maritime et terrestre<\/li>\n<li>D\u00e9douanement<\/li>\n<li>D\u00e9placement d'animaux de compagnie<\/li>\n<li>Installations de stockage<\/li>\n<\/ul>\n<p>Aitken Spence est une entreprise multisectorielle qui op\u00e8re depuis 1868 et qui est pr\u00e9sente dans huit pays, dont Colombo, au Sri Lanka. Ses activit\u00e9s de transport de fret comprennent les d\u00e9m\u00e9nagements et les r\u00e9installations. Elle utilise ses propres succursales et un r\u00e9seau mondial de soci\u00e9t\u00e9s commerciales et logistiques pour la soutenir. Elle est membre de l'IAM et compte 44 ans de service.<\/p>\n<p>Aitken Spence offre des solutions int\u00e9gr\u00e9es de bout en bout gr\u00e2ce \u00e0 sa pr\u00e9sence mondiale. Elle fournit des services de d\u00e9m\u00e9nagement et de r\u00e9installation sans souci pour les m\u00e9nages qui d\u00e9m\u00e9nagent partout dans le monde. Ils peuvent d\u00e9placer vos biens et vos animaux de compagnie vers votre nouveau domicile. Ils organisent le transport et le d\u00e9douanement.<\/p>\n<p>Site web : <a href=\"http:\/\/www.acecargo.lk\" target=\"_blank\" rel=\"noopener\">http:\/\/www.acecargo.lk<\/a><\/p>\n<h2><span class=\"ez-toc-section\" id=\"2_Asian_Movers\"><\/span><strong>2. Les d\u00e9m\u00e9nageurs asiatiques<\/strong><span class=\"ez-toc-section-end\"><\/span><\/h2>\n<p><img loading=\"lazy\" decoding=\"async\" class=\"alignnone size-full wp-image-10079\" src=\"https:\/\/moverdb.com\/wp-content\/uploads\/Asian-Movers-international-moving-company.png\" alt=\"D\u00e9m\u00e9nagements asiatiques entreprise de d\u00e9m\u00e9nagements internationaux\" width=\"1440\" height=\"681\" data-wp-pid=\"10079\" srcset=\"https:\/\/moverdb.com\/wp-content\/uploads\/Asian-Movers-international-moving-company.png 1440w, https:\/\/moverdb.com\/wp-content\/uploads\/Asian-Movers-international-moving-company-300x142.png 300w, https:\/\/moverdb.com\/wp-content\/uploads\/Asian-Movers-international-moving-company-1024x484.png 1024w, https:\/\/moverdb.com\/wp-content\/uploads\/Asian-Movers-international-moving-company-18x9.png 18w, https:\/\/moverdb.com\/wp-content\/uploads\/Asian-Movers-international-moving-company-600x284.png 600w\" sizes=\"auto, (max-width: 1440px) 100vw, 1440px\" \/><\/p>\n<ul>\n<li>D\u00e9m\u00e9nagements locaux et nationaux<\/li>\n<li>D\u00e9m\u00e9nagements internationaux<\/li>\n<li>D\u00e9m\u00e9nagements de m\u00e9nages<\/li>\n<li>D\u00e9m\u00e9nagement d'entreprises et de bureaux<\/li>\n<li>Service porte-\u00e0-porte<\/li>\n<li>Service d'emballage<\/li>\n<li>Transport routier, maritime et a\u00e9rien<\/li>\n<li>D\u00e9douanement<\/li>\n<li>Assurance<\/li>\n<li>Solutions de stockage<\/li>\n<\/ul>\n<p>Asian Movers est une entreprise de solutions de d\u00e9m\u00e9nagement personnalis\u00e9es fond\u00e9e au Sri Lanka et au Royaume-Uni. <a href=\"https:\/\/moverdb.com\/fr\/moving-to-the-maldives\/\" data-internallinksmanager029f6b8e52c=\"387\" title=\"D\u00e9m\u00e9nager aux Maldives ? 2026 Co\u00fbts de la vie et conseils de relocalisation\">Maldives<\/a> en 2013. Ils ont une port\u00e9e mondiale pour leurs services gr\u00e2ce \u00e0 leur adh\u00e9sion \u00e0 des associations internationales de d\u00e9m\u00e9nageurs. Elle est membre de l'IAM depuis 10 ans.<\/p>\n<p>Asian Movers propose un service de d\u00e9m\u00e9nagement sur mesure, que vous ayez besoin d'un service de d\u00e9m\u00e9nagement complet ou simplement d'un camion et de d\u00e9m\u00e9nageurs. Leur service porte-\u00e0-porte peut inclure l'emballage de tous vos biens en toute s\u00e9curit\u00e9 et la cr\u00e9ation d'un inventaire, le chargement, le transport jusqu'\u00e0 votre destination et le d\u00e9chargement. Ils vous aident \u00e0 remplir les documents relatifs au fret et au d\u00e9douanement, ainsi qu'\u00e0 souscrire une assurance.<\/p>\n<p>Site web : <a href=\"http:\/\/www.asianmovers.com\/\" target=\"_blank\" rel=\"noopener\">http:\/\/www.asianmovers.com\/<\/a><\/p>\n<h2><span class=\"ez-toc-section\" id=\"3_Don_Carolis_Sons\"><\/span><strong>3. Don Carolis &amp; Sons<\/strong><span class=\"ez-toc-section-end\"><\/span><\/h2>\n<p><em><img loading=\"lazy\" decoding=\"async\" class=\"alignnone size-full wp-image-10102\" src=\"https:\/\/moverdb.com\/wp-content\/uploads\/Don-Carolis-Sons-international-moving-company.png\" alt=\"Don Carolis &amp; Sons entreprise de d\u00e9m\u00e9nagements internationaux\" width=\"1440\" height=\"679\" data-wp-pid=\"10102\" srcset=\"https:\/\/moverdb.com\/wp-content\/uploads\/Don-Carolis-Sons-international-moving-company.png 1440w, https:\/\/moverdb.com\/wp-content\/uploads\/Don-Carolis-Sons-international-moving-company-300x141.png 300w, https:\/\/moverdb.com\/wp-content\/uploads\/Don-Carolis-Sons-international-moving-company-1024x483.png 1024w, https:\/\/moverdb.com\/wp-content\/uploads\/Don-Carolis-Sons-international-moving-company-18x8.png 18w, https:\/\/moverdb.com\/wp-content\/uploads\/Don-Carolis-Sons-international-moving-company-600x283.png 600w\" sizes=\"auto, (max-width: 1440px) 100vw, 1440px\" \/><\/em><\/p>\n<ul>\n<li>Mouvements nationaux<\/li>\n<li>D\u00e9m\u00e9nagements internationaux<\/li>\n<li>D\u00e9m\u00e9nagements de m\u00e9nages<\/li>\n<li>Mouvements organisationnels<\/li>\n<li>Un service sur mesure<\/li>\n<li>Coordonnateur des d\u00e9m\u00e9nagements<\/li>\n<li>Service d'emballage<\/li>\n<li>Organisation du transport<\/li>\n<li>Options de d\u00e9ballage<\/li>\n<li>Une protection \u00e0 part enti\u00e8re<\/li>\n<\/ul>\n<p>Don Carolis &amp; Sons est un fabricant, d\u00e9taillant et exportateur de meubles qui op\u00e8re depuis plus de 150 ans et est bas\u00e9 \u00e0 Colombo. Il est membre de l'IAM, ce qui lui permet d'acc\u00e9der \u00e0 un r\u00e9seau international d'agents de d\u00e9m\u00e9nagement pour l'aider dans ses d\u00e9m\u00e9nagements internationaux.<\/p>\n<p>Don Carolis &amp; Sons propose un service d'emballage sur mesure pour r\u00e9pondre \u00e0 vos besoins en termes de d\u00e9lais, de budget et d'effets personnels, et met \u00e0 votre disposition un coordinateur de d\u00e9m\u00e9nagement pour vous aider tout au long de votre d\u00e9m\u00e9nagement. Ils s'occuperont de vos biens, y compris le chargement, le transport et le d\u00e9chargement dans tous leurs plans. Leurs plans comprennent le d\u00e9ballage par vous-m\u00eame, le d\u00e9ballage partiel et le placement des meubles, et le d\u00e9ballage complet.<\/p>\n<p>Site web : <a href=\"http:\/\/www.doncarolis.com\" target=\"_blank\" rel=\"noopener\">http:\/\/www.doncarolis.com<\/a><\/p>\n<h2><span class=\"ez-toc-section\" id=\"4_Horizon_Relocations\"><\/span><strong>4. D\u00e9placements d'horizons<\/strong><span class=\"ez-toc-section-end\"><\/span><\/h2>\n<p><img loading=\"lazy\" decoding=\"async\" class=\"alignnone size-full wp-image-10136\" src=\"https:\/\/moverdb.com\/wp-content\/uploads\/Horizon-Relocations-international-moving-company.png\" alt=\"Horizon Relocations entreprise de d\u00e9m\u00e9nagement international\" width=\"1440\" height=\"626\" data-wp-pid=\"10136\" srcset=\"https:\/\/moverdb.com\/wp-content\/uploads\/Horizon-Relocations-international-moving-company.png 1440w, https:\/\/moverdb.com\/wp-content\/uploads\/Horizon-Relocations-international-moving-company-300x130.png 300w, https:\/\/moverdb.com\/wp-content\/uploads\/Horizon-Relocations-international-moving-company-1024x445.png 1024w, https:\/\/moverdb.com\/wp-content\/uploads\/Horizon-Relocations-international-moving-company-18x8.png 18w, https:\/\/moverdb.com\/wp-content\/uploads\/Horizon-Relocations-international-moving-company-600x261.png 600w\" sizes=\"auto, (max-width: 1440px) 100vw, 1440px\" \/><\/p>\n<ul>\n<li>D\u00e9m\u00e9nagements locaux et nationaux<\/li>\n<li>D\u00e9localisations internationales<\/li>\n<li>D\u00e9m\u00e9nagements de m\u00e9nages<\/li>\n<li>Livraison d'effets personnels<\/li>\n<li>Service porte-\u00e0-porte<\/li>\n<li>Emballage<\/li>\n<li>Dispositions relatives au fret<\/li>\n<li>D\u00e9douanement<\/li>\n<li>Assurance<\/li>\n<li>Installations de stockage<\/li>\n<\/ul>\n<p>Horizon Relocations est une entreprise de d\u00e9m\u00e9nagement national et international bas\u00e9e \u00e0 Colombo. Elle est membre de l'IAM, ce qui lui donne acc\u00e8s \u00e0 un r\u00e9seau international d'agents de d\u00e9m\u00e9nagement qui peuvent l'aider \u00e0 fournir des services internationaux.<\/p>\n<p>Horizon Relocations propose des services de d\u00e9m\u00e9nagement porte-\u00e0-porte pour les d\u00e9m\u00e9nagements locaux, nationaux et internationaux d'effets personnels et domestiques. Ils fournissent des services pour les petits et les grands volumes d'articles, qui peuvent inclure l'emballage et la mise en caisse pour prot\u00e9ger les articles pendant le transport afin qu'ils arrivent en toute s\u00e9curit\u00e9. Ils organisent le transit de vos biens par transport ou exp\u00e9dition jusqu'\u00e0 votre destination, avec d\u00e9douanement.<\/p>\n<p>Site web : <a href=\"http:\/\/www.horizonrelocations.lk\" target=\"_blank\" rel=\"noopener\">http:\/\/www.horizonrelocations.lk<\/a><\/p>\n<h2><span class=\"ez-toc-section\" id=\"5_Trans_World_Movers\"><\/span><strong>5. Trans World Movers<\/strong><span class=\"ez-toc-section-end\"><\/span><\/h2>\n<p><img loading=\"lazy\" decoding=\"async\" class=\"alignnone size-full wp-image-10196\" src=\"https:\/\/moverdb.com\/wp-content\/uploads\/Trans-World-Movers-international-moving-company.png\" alt=\"Trans World Movers entreprise de d\u00e9m\u00e9nagements internationaux\" width=\"1440\" height=\"675\" data-wp-pid=\"10196\" srcset=\"https:\/\/moverdb.com\/wp-content\/uploads\/Trans-World-Movers-international-moving-company.png 1440w, https:\/\/moverdb.com\/wp-content\/uploads\/Trans-World-Movers-international-moving-company-300x141.png 300w, https:\/\/moverdb.com\/wp-content\/uploads\/Trans-World-Movers-international-moving-company-1024x480.png 1024w, https:\/\/moverdb.com\/wp-content\/uploads\/Trans-World-Movers-international-moving-company-18x8.png 18w, https:\/\/moverdb.com\/wp-content\/uploads\/Trans-World-Movers-international-moving-company-600x281.png 600w\" sizes=\"auto, (max-width: 1440px) 100vw, 1440px\" \/><\/p>\n<ul>\n<li>D\u00e9placements locaux<\/li>\n<li>D\u00e9m\u00e9nagements internationaux<\/li>\n<li>D\u00e9m\u00e9nagements de m\u00e9nages<\/li>\n<li>D\u00e9m\u00e9nagements d'entreprises<\/li>\n<li>Solutions porte-\u00e0-porte<\/li>\n<li>Service d'emballage<\/li>\n<li>Transport a\u00e9rien, maritime et routier<\/li>\n<li>D\u00e9douanement<\/li>\n<li>Transport de v\u00e9hicules et d'animaux domestiques<\/li>\n<li>Installations de stockage<\/li>\n<\/ul>\n<p>Trans World Movers est une entreprise de solutions de d\u00e9m\u00e9nagement fond\u00e9e en 1973 et bas\u00e9e \u00e0 Colombo, qui fournit des services aux particuliers, aux diplomates et aux entreprises. Elle dispose d'un r\u00e9seau \u00e9tabli de repr\u00e9sentants et d'agents dans le monde entier pour l'aider dans ses d\u00e9m\u00e9nagements internationaux. Elle est membre de l'IAM et compte 50 ans de service.<\/p>\n<p>Trans World Movers propose des services de d\u00e9m\u00e9nagement porte \u00e0 porte au niveau local et international. Ils fournissent un service d'emballage conforme aux normes internationales afin de prot\u00e9ger les articles en transit. Ils organisent le transit de vos biens par voie routi\u00e8re, a\u00e9rienne et maritime, avec d\u00e9douanement. Ils offrent des services suppl\u00e9mentaires, notamment la prise en charge des animaux de compagnie, <a href=\"https:\/\/moverdb.com\/fr\/car-transport-shipping\/\" data-internallinksmanager029f6b8e52c=\"2\" title=\"2026 Devis pour le transport international de voitures et l&#039;exp\u00e9dition de v\u00e9hicules\">transport de v\u00e9hicules<\/a> et des solutions de stockage.<\/p>\n<p>Site web : <a href=\"http:\/\/www.transworldmovers.com\" target=\"_blank\" rel=\"noopener\">http:\/\/www.transworldmovers.com<\/a><\/p>\n<h2><span class=\"ez-toc-section\" id=\"6_Trans-Global_Relocations\"><\/span><strong>6. D\u00e9localisations trans-mondiales<\/strong><span class=\"ez-toc-section-end\"><\/span><\/h2>\n<p><img loading=\"lazy\" decoding=\"async\" class=\"alignnone size-full wp-image-10197\" src=\"https:\/\/moverdb.com\/wp-content\/uploads\/Trans-Global-Relocations-international-moving-company.png\" alt=\"Trans-Global Relocations entreprise de d\u00e9m\u00e9nagement international\" width=\"1440\" height=\"681\" data-wp-pid=\"10197\" srcset=\"https:\/\/moverdb.com\/wp-content\/uploads\/Trans-Global-Relocations-international-moving-company.png 1440w, https:\/\/moverdb.com\/wp-content\/uploads\/Trans-Global-Relocations-international-moving-company-300x142.png 300w, https:\/\/moverdb.com\/wp-content\/uploads\/Trans-Global-Relocations-international-moving-company-1024x484.png 1024w, https:\/\/moverdb.com\/wp-content\/uploads\/Trans-Global-Relocations-international-moving-company-18x9.png 18w, https:\/\/moverdb.com\/wp-content\/uploads\/Trans-Global-Relocations-international-moving-company-600x284.png 600w\" sizes=\"auto, (max-width: 1440px) 100vw, 1440px\" \/><\/p>\n<ul>\n<li>D\u00e9m\u00e9nagements locaux et nationaux<\/li>\n<li>D\u00e9m\u00e9nagements internationaux<\/li>\n<li>D\u00e9m\u00e9nagements de m\u00e9nages<\/li>\n<li>Service porte-\u00e0-porte<\/li>\n<li>Emballage professionnel<\/li>\n<li>Transports maritimes et a\u00e9riens<\/li>\n<li>D\u00e9douanement<\/li>\n<li>D\u00e9placement d'un animal de compagnie<\/li>\n<li>Manipulation des voitures<\/li>\n<li>Stockage s\u00e9curis\u00e9<\/li>\n<\/ul>\n<p>Trans-Global Relocations est une soci\u00e9t\u00e9 de d\u00e9m\u00e9nagement et de r\u00e9installation bas\u00e9e \u00e0 Colombo. Elle est membre de l'IAM, ce qui lui permet de disposer d'un r\u00e9seau international d'agents de d\u00e9m\u00e9nagement pour travailler sur les d\u00e9m\u00e9nagements \u00e0 l'\u00e9tranger.<\/p>\n<p>Trans-Global Relocations propose une enqu\u00eate \u00e0 domicile afin d'\u00e9valuer vos besoins en mati\u00e8re de d\u00e9m\u00e9nagement et d'\u00e9laborer un plan de d\u00e9m\u00e9nagement en fonction de vos besoins, qui comprendra des conseils sur la pr\u00e9paration et la m\u00e9thode de d\u00e9m\u00e9nagement la plus rentable. Ils fournissent un service porte-\u00e0-porte qui comprend l'emballage de vos biens de mani\u00e8re professionnelle afin de garantir qu'ils voyagent en toute s\u00e9curit\u00e9 \u00e0 l'\u00e9chelle internationale par voie maritime ou a\u00e9rienne, avec le d\u00e9douanement. Ils proposent \u00e9galement des services suppl\u00e9mentaires tels que le transfert d'animaux domestiques, la manutention et le stockage de voitures.<\/p>\n<p>Site web : <a href=\"http:\/\/www.t-grelo.com\" target=\"_blank\" rel=\"noopener\">http:\/\/www.t-grelo.com<\/a><\/p>\n<h2><span class=\"ez-toc-section\" id=\"7_Worldwide_Movers\"><\/span><strong>7. D\u00e9m\u00e9nageurs du monde entier<\/strong><span class=\"ez-toc-section-end\"><\/span><\/h2>\n<p><img loading=\"lazy\" decoding=\"async\" class=\"alignnone size-full wp-image-10209\" src=\"https:\/\/moverdb.com\/wp-content\/uploads\/Worldwide-Movers-international-moving-company.png\" alt=\"Worldwide Movers soci\u00e9t\u00e9 de d\u00e9m\u00e9nagement international\" width=\"1440\" height=\"674\" data-wp-pid=\"10209\" srcset=\"https:\/\/moverdb.com\/wp-content\/uploads\/Worldwide-Movers-international-moving-company.png 1440w, https:\/\/moverdb.com\/wp-content\/uploads\/Worldwide-Movers-international-moving-company-300x140.png 300w, https:\/\/moverdb.com\/wp-content\/uploads\/Worldwide-Movers-international-moving-company-1024x479.png 1024w, https:\/\/moverdb.com\/wp-content\/uploads\/Worldwide-Movers-international-moving-company-18x8.png 18w, https:\/\/moverdb.com\/wp-content\/uploads\/Worldwide-Movers-international-moving-company-600x281.png 600w\" sizes=\"auto, (max-width: 1440px) 100vw, 1440px\" \/><\/p>\n<ul>\n<li>Mouvements nationaux<\/li>\n<li>D\u00e9m\u00e9nagements internationaux<\/li>\n<li>D\u00e9m\u00e9nagements de m\u00e9nages<\/li>\n<li>Services de relocalisation<\/li>\n<li>Porte-\u00e0-porte ou porte-\u00e0-porte<a href=\"https:\/\/moverdb.com\/fr\/top-49-container-ports\/\" data-internallinksmanager029f6b8e52c=\"80\" title=\"Les 49 ports \u00e0 conteneurs les plus importants et les plus fr\u00e9quent\u00e9s en 2025\">port<\/a> service<\/li>\n<li>Service d'emballage<\/li>\n<li>Transport par voie terrestre, a\u00e9rienne ou maritime<\/li>\n<li>Courtage en douane<\/li>\n<li>Manipulation des animaux<\/li>\n<li>Transport de v\u00e9hicules<\/li>\n<\/ul>\n<p>Worldwide Movers est une entreprise d'emballage et de d\u00e9m\u00e9nagement cr\u00e9\u00e9e en 2009 et bas\u00e9e \u00e0 Colombo. Elle est membre de l'IAM avec 15 ans de service et de l'Asian Relocation Association, ce qui lui permet de fournir des services de d\u00e9m\u00e9nagement partout dans le monde.<\/p>\n<p>Worldwide Movers propose des d\u00e9m\u00e9nagements porte-\u00e0-porte ou porte-\u00e0-port au niveau national et international. Ils fournissent un service d'emballage qui comprend l'emballage en toute s\u00e9curit\u00e9 de vos objets, le d\u00e9montage et le remontage des meubles et des installations. Ils peuvent \u00e9galement vous aider \u00e0 d\u00e9m\u00e9nager vos v\u00e9hicules et vos animaux de compagnie. Ils proposent des services de relocalisation qui comprennent la recherche de logements et d'\u00e9coles, l'orientation, les visites de la r\u00e9gion et les services de nettoyage.<\/p>\n<p>Site web : <a href=\"https:\/\/w-movers.com\/\" target=\"_blank\" rel=\"noopener\">https:\/\/w-movers.com\/<\/a><\/p>","protected":false},"excerpt":{"rendered":"<p>Are you planning on moving? Then you may want to enlist the services of a moving company as they can assist you with packing, transportation and handling customs when moving abroad. Below we have compiled a list of Sri Lanka based removal companies that are members of the International Association of Movers (IAM) and\/or FIDI [&hellip;]<\/p>\n","protected":false},"author":4,"featured_media":10071,"parent":190,"menu_order":0,"comment_status":"closed","ping_status":"closed","template":"","meta":{"_genesis_hide_title":false,"_genesis_hide_breadcrumbs":false,"_genesis_hide_singular_image":false,"_genesis_hide_footer_widgets":false,"_genesis_custom_body_class":"","_genesis_custom_post_class":"","_genesis_layout":"","footnotes":""},"class_list":{"0":"post-10215","1":"page","2":"type-page","3":"status-publish","4":"has-post-thumbnail","6":"entry"},"_links":{"self":[{"href":"https:\/\/moverdb.com\/fr\/wp-json\/wp\/v2\/pages\/10215","targetHints":{"allow":["GET"]}}],"collection":[{"href":"https:\/\/moverdb.com\/fr\/wp-json\/wp\/v2\/pages"}],"about":[{"href":"https:\/\/moverdb.com\/fr\/wp-json\/wp\/v2\/types\/page"}],"author":[{"embeddable":true,"href":"https:\/\/moverdb.com\/fr\/wp-json\/wp\/v2\/users\/4"}],"replies":[{"embeddable":true,"href":"https:\/\/moverdb.com\/fr\/wp-json\/wp\/v2\/comments?post=10215"}],"version-history":[{"count":1,"href":"https:\/\/moverdb.com\/fr\/wp-json\/wp\/v2\/pages\/10215\/revisions"}],"predecessor-version":[{"id":10216,"href":"https:\/\/moverdb.com\/fr\/wp-json\/wp\/v2\/pages\/10215\/revisions\/10216"}],"up":[{"embeddable":true,"href":"https:\/\/moverdb.com\/fr\/wp-json\/wp\/v2\/pages\/190"}],"wp:featuredmedia":[{"embeddable":true,"href":"https:\/\/moverdb.com\/fr\/wp-json\/wp\/v2\/media\/10071"}],"wp:attachment":[{"href":"https:\/\/moverdb.com\/fr\/wp-json\/wp\/v2\/media?parent=10215"}],"curies":[{"name":"wp","href":"https:\/\/api.w.org\/{rel}","templated":true}]}}