{"id":955,"date":"2016-07-24T19:52:53","date_gmt":"2016-07-24T19:52:53","guid":{"rendered":"http:\/\/moverdb.com\/?page_id=955"},"modified":"2026-01-08T15:21:02","modified_gmt":"2026-01-08T15:21:02","slug":"us-canada-movers","status":"publish","type":"page","link":"https:\/\/moverdb.com\/fi\/us-canada-movers\/","title":{"rendered":"Top 100 kotimaista ja kansainv\u00e4list\u00e4 muuttajaa Yhdysvalloissa ja Kanadassa"},"content":{"rendered":"<p>Alla on luettelo 100 suurimmasta kotimaisesta ja kotimaisesta <a href=\"https:\/\/moverdb.com\/fi\/muuttoyritykset\/\">kansainv\u00e4liset muuttofirmat<\/a> the <a href=\"https:\/\/moverdb.com\/fi\/moving-to-the-united-states\/\" data-internallinksmanager029f6b8e52c=\"94\" title=\"Muutatko Yhdysvaltoihin? 2022 Elinkustannukset ja muuttovinkit\">Yhdysvallat<\/a> ja <a href=\"https:\/\/moverdb.com\/fi\/moving-to-canada\/\" data-internallinksmanager029f6b8e52c=\"265\" title=\"Muutto Kanadaan? 2023 Elinkustannukset ja muuttovinkit\">Kanada<\/a> rekister\u00f6ityjen kuorma-autojen lukum\u00e4\u00e4r\u00e4n perusteella. <\/p>\n<p>Jokin n\u00e4ist\u00e4 yrityksist\u00e4 on todenn\u00e4k\u00f6isesti oikea kansainv\u00e4liseen, pitk\u00e4n matkan ja\/tai osavaltioiden v\u00e4liseen muuttoon.<\/p>\n<p><img loading=\"lazy\" decoding=\"async\" width=\"720\" height=\"480\" src=\"https:\/\/moverdb.com\/wp-content\/uploads\/Moving-truck.jpeg\" alt=\"Muuttoauto\" class=\"aligncenter size-full wp-image-1083\" srcset=\"https:\/\/moverdb.com\/wp-content\/uploads\/Moving-truck.jpeg 720w, https:\/\/moverdb.com\/wp-content\/uploads\/Moving-truck-300x200.jpeg 300w, https:\/\/moverdb.com\/wp-content\/uploads\/Moving-truck-600x400.jpeg 600w\" sizes=\"auto, (max-width: 720px) 100vw, 720px\" \/><\/p>\n<p>Tiedot ovat per\u00e4isin <a href=\"http:\/\/www.movingcompanyreviews.com\/100-largest-moving-companies-of-the-us-and-canada\" target=\"_blank\" rel=\"noopener\">MovingCompanyReviews.com<\/a> josta k\u00e4y ilmi viimeisimm\u00e4t kaluston koot ja my\u00f6s kunkin yrityksen p\u00e4\u00e4konttorin sijainti.<\/p>\n<p>Voit lukea kunkin yrityksen profiilit alta: <\/p>\n<ol>\n<li> <a href=\"https:\/\/moverdb.com\/fi\/united-van-lines\/\"><strong>United Van Lines<\/strong><\/a> - Tarjoaa sek\u00e4 kotimaisia siirtoja Yhdysvalloissa ja Kanadassa ett\u00e4 kansainv\u00e4lisi\u00e4 siirtoja ymp\u00e4ri maailmaa.<\/li>\n<li> <a href=\"https:\/\/moverdb.com\/fi\/u-pack-moving\/\"><strong>U-Pack Moving<\/strong><\/a> - ABF U-Pack Moving tarjoaa asiakkailleen erilaisia muuttopalveluja sek\u00e4 itse pakkaamista ja purkamista Yhdysvalloissa, Kanadassa ja Puerto Ricossa. <\/li>\n<li> <a href=\"https:\/\/moverdb.com\/fi\/atlas-van-lines-international\/\"><strong>Atlas Van Lines<\/strong><\/a> - Tarjoaa kotimaisia siirtoja Atlas Van Linesin tuotemerkill\u00e4 ja kansainv\u00e4lisi\u00e4 siirtoja Atlas Van Lines Internationalin tuotemerkill\u00e4. Molemmat omistaa Atlas World Group.<\/li>\n<li> <a href=\"https:\/\/moverdb.com\/fi\/mayflower-transit\/\"><strong>Mayflower Transit<\/strong><\/a> - Mayflower Transit tarjoaa monenlaisia palveluita tee se itse -muutto- ja varastointipalveluista r\u00e4\u00e4t\u00e4l\u00f6ityihin kansainv\u00e4lisiin t\u00e4yden palvelun palveluihin. <\/li>\n<li> <a href=\"https:\/\/moverdb.com\/fi\/allied-van-lines\/\"><strong>Allied Van Lines<\/strong><\/a> - Allied Van Lines Inc sijaitsee Fort Waynessa, IN:ss\u00e4, ja yritys tarjoaa asiakkailleen erilaisia palveluita, kuten 24\/7-l\u00e4hetysten seuranta, tulliselvitysapu, englantia puhuva henkil\u00f6kunta muuton molemmissa p\u00e4iss\u00e4 ja pakkausmateriaalin poisto.<\/li>\n<li> <a href=\"https:\/\/moverdb.com\/fi\/north-american-van-lines\/\"><strong>North American Van Lines<\/strong><\/a> - North American Van Lines tarjoaa asiakkailleen palveluja kansainv\u00e4lisiin, yritys- ja kotimaan muuttoihin.<\/li>\n<li> <a href=\"https:\/\/moverdb.com\/fi\/wheaton\/\"><strong>Wheaton World Wide Moving<\/strong><\/a> - Wheaton World Wide Moving (entinen Wheaton Van Lines) tarjoaa asiakkailleen erilaisia palveluja kansainv\u00e4lisist\u00e4 muutoista paikallisiin muuttoihin.<\/li>\n<li> <a href=\"https:\/\/moverdb.com\/fi\/bekins-van-lines\/\"><strong>Bekins Van Lines<\/strong><\/a> - Bekins Van Linesin kotipaikka on Indianapolis IN. He tarjoavat asiakkailleen erilaisia muuttopalveluja, mukaan lukien kansainv\u00e4liset siirrot ja arvokkaat muutot.<\/li>\n<li> <a href=\"https:\/\/moverdb.com\/fi\/graebel-van-lines\/\"><strong>Graebel Van Lines<\/strong><\/a> - Graebel Van Linesin p\u00e4\u00e4konttori sijaitsee Aurorassa, CO:ssa, ja sen asiakkaita ovat Fortune 500 -yritykset sek\u00e4 DEA, FBI, IRS ja CDC.<\/li>\n<li> <a href=\"https:\/\/moverdb.com\/fi\/arpin-van-lines\/\"><strong>Arpin Van Lines<\/strong><\/a> - Arpin Van Lines sijaitsee West Warwickissa, RI:ss\u00e4, ja se tekee sotilas- ja kotitalousmuuttoja sek\u00e4 kotimaassa ett\u00e4 kansainv\u00e4lisesti. Se tarjoaa my\u00f6s varastointipalveluja, kuten ilmasto-ohjattua varastointia ja konttivarastointia.<\/li>\n<li> <a href=\"https:\/\/moverdb.com\/fi\/stevens-worldwide-van-lines\/\">Stevens Worldwide Van Lines<\/a> - Stevens Worldwide Van Lines sijaitsee Saginaw MI: ss\u00e4 ja tarjoaa paikallisia, valtion ulkopuolisia, pitk\u00e4n matkan ja kansainv\u00e4lisi\u00e4 siirtoja kotitalouksille, yrityksille, armeijalle ja papistolle.<\/li>\n<li> <a href=\"https:\/\/moverdb.com\/fi\/amj-campbell-van-lines\/\">AMJ Campbell Van Lines<\/a> - AMJ Campbell Van Linesin kotipaikka on <a href=\"https:\/\/moverdb.com\/fi\/muutto-torontoon\/\">Toronto<\/a>Kanadassa, ja se on yksi Kanadan suurimmista <a href=\"https:\/\/moverdb.com\/fi\/moving-companies\/\" data-internallinksmanager029f6b8e52c=\"79\" title=\"Top 25 Kansainv\u00e4list\u00e4 muuttoyrityksi\u00e4 verkossa\">muuttofirmat<\/a> sek\u00e4 kotimaisiin ett\u00e4 kansainv\u00e4lisiin siirtoihin.<\/li>\n<li> <a href=\"https:\/\/moverdb.com\/fi\/suddath\/\">Suddath<\/a> - Yritysperhe, joka tarjoaa erilaisia kotimaisia ja kansainv\u00e4lisi\u00e4 muuttopalveluja, mukaan lukien asuin-, yritys- ja viranomaissiirrot.<\/li>\n<li> <a href=\"https:\/\/moverdb.com\/fi\/covan-world-wide\/\">Covan WorldWide Moving<\/a> - Covanilla on yli 200 osavaltioiden v\u00e4list\u00e4 toimintayksikk\u00f6\u00e4 ja 600 paikallisia siirtoja varten. Sen teht\u00e4v\u00e4n\u00e4 on olla johtava kansainv\u00e4listen kuljetuspalvelujen tarjoaja.<\/li>\n<li> <a href=\"https:\/\/moverdb.com\/fi\/armstrong-relocation\/\">Armstrong uudelleensijoittaminen<\/a> - Armstrong Relocation on nyky\u00e4\u00e4n United Van Linesin suurin tavaranv\u00e4litt\u00e4j\u00e4, ja sill\u00e4 on 22 toimistoa Yhdysvalloissa.<\/li>\n<li> <a href=\"https:\/\/moverdb.com\/fi\/williams-moving-storage\/\">Williams Muutto ja varastointi<\/a> - Williams Moving and Storage on kanadalainen muuttofirma, joka siirt\u00e4\u00e4 yksityishenkil\u00f6it\u00e4 ja yrityksi\u00e4 sek\u00e4 paikallisesti ett\u00e4 kansainv\u00e4lisesti.<\/li>\n<li> <a href=\"https:\/\/moverdb.com\/fi\/beltmann-relocation\/\">Beltmann Relocation Group<\/a> - Battinan perhe perusti yrityksen vuonna 1955, ja se on edelleen perheomistuksessa. Se on yksi suurimmista ja vanhimmista North American Van Linesin edustajista.<\/li>\n<li> <a href=\"https:\/\/moverdb.com\/fi\/national-van-lines\/\">Kansalliset pakettiautot<\/a> - Yrityksen motto on \"Moving Your Memories\", joka muistuttaa sek\u00e4 henkil\u00f6kuntaa ett\u00e4 asiakkaita siit\u00e4, ett\u00e4 henkil\u00f6kohtaiset tavarat ovat arvokkaita ja niit\u00e4 k\u00e4sitell\u00e4\u00e4n aina huolellisesti.<\/li>\n<li> <a href=\"https:\/\/moverdb.com\/fi\/bergerin-liittolainen\/\">Berger Allied (siirto ja varastointi)<\/a> - Berger Transfer and Storage on toiminut vuodesta 1910 l\u00e4htien. He ty\u00f6skentelev\u00e4t yksityishenkil\u00f6iden, yritysten ja valtion virastojen kanssa. <\/li>\n<li> Lawrence Transportation Systems<\/li>\n<li> <a href=\"https:\/\/moverdb.com\/fi\/mccollisters-moving\/\">McCollisterin kuljetusryhm\u00e4<\/a> - McCollister's on yksityinen yritys, ja se on UniGroup Inc:n, johon kuuluvat United Van Lines ja Mayflower Transit, edustaja. (ks. edell\u00e4)<\/li>\n<li> <a href=\"https:\/\/moverdb.com\/fi\/coleman-worldwide-moving\/\">Coleman Worldwide Moving<\/a> - Coleman Worldwide Moving, joka tunnetaan my\u00f6s nimell\u00e4 Coleman American Moving Services &amp; Coleman Allied, tarjoaa sek\u00e4 Yhdysvaltojen sis\u00e4isi\u00e4 ett\u00e4 kansainv\u00e4lisi\u00e4 muuttoja.<\/li>\n<li> <a href=\"https:\/\/moverdb.com\/fi\/hilldrup-moving-storage\/\">Hilldrup Moving &amp; Storage<\/a> - Tarjoaa palveluja, kuten muuttoapua, muutonhallintaa, varastointia, l\u00e4ht\u00f6palveluja, kohdepalveluja ja paljon muuta.<\/li>\n<li> <a href=\"https:\/\/moverdb.com\/fi\/american-red-ball-transit\/\">American Red Ball Transit Company<\/a> - Perustuu Indianapolisiin ja keskittyy kotimaan palveluihin Yhdysvalloissa.<\/li>\n<li> New World Van Lines<\/li>\n<li> Palmerin muutto ja varastointi<\/li>\n<li> Mergenthalerin siirto ja varastointi<\/li>\n<li> Scobey Moving and Storage LTD<\/li>\n<li> Corriganin siirtoj\u00e4rjestelm\u00e4t<\/li>\n<li> Tri Star Freight System<\/li>\n<li> N\u00e4lk\u00e4iset opiskelijat<\/li>\n<li> A-1 Freeman Muuttoyhti\u00f6t<\/li>\n<li> Daryl Flood Siirto ja logistiikka<\/li>\n<li> JK Moving &amp; Storage<\/li>\n<li> Ace Relocation Systems<\/li>\n<li> Ford Storage &amp; Moving Company<\/li>\n<li> Budd Van Lines<\/li>\n<li> Lentokoneet Muutto ja varastointi<\/li>\n<li> Gentle Giant Moving Company<\/li>\n<li> <a href=\"https:\/\/moverdb.com\/fi\/island-movers\/\">Island Movers<\/a> - Tarjoaa muuttopalveluja Havaijin saarille ja saarilta sek\u00e4 Yhdysvalloista ett\u00e4 kansainv\u00e4lisesti.<\/li>\n<li> Mesa Muutto ja varastointi<\/li>\n<li> Amerikkalaiset kansainv\u00e4liset muuttajat<\/li>\n<li> American Movers<\/li>\n<li> Arnoff Moving &amp; Storage,<\/li>\n<li> Fidelity Moving &amp; Storage Company<\/li>\n<li> Lile International Yhti\u00f6t<\/li>\n<li> Carlyle Van Lines<\/li>\n<li> Oikea liikkuja<\/li>\n<li> Andrews Van Lines<\/li>\n<li> Sherwood Van Lines<\/li>\n<li> Bisson Muutto ja varastointi<\/li>\n<li> Bohrenin muutto ja varastointi,<\/li>\n<li> Select Van &amp; Storage<\/li>\n<li> Broadway Express<\/li>\n<li> FlatRate Moving<\/li>\n<li> Smith Dray Line &amp; Storage<\/li>\n<li> Sourdough Express<\/li>\n<li> South Hills muuttajat<\/li>\n<li> Fisher North American<\/li>\n<li> Interstate Van Lines\/Interstate Worldwide<\/li>\n<li> Ward North American<\/li>\n<li> It\u00e4 <a href=\"https:\/\/moverdb.com\/fi\/moving-to-the-united-states\/moving-to-tennessee\/\" data-internallinksmanager029f6b8e52c=\"406\" title=\"Muutto Tennesseehen? 2023 Elinkustannukset ja muuttovinkit\">Tennessee<\/a> Muutto \/ Two Men &amp; a Truck<\/li>\n<li> Imlach Group<\/li>\n<li> Air Van Moving<\/li>\n<li> Legacy Kuljetuspalvelut<\/li>\n<li> Tippet-Richardson<\/li>\n<li> Atlantic Relocation Systems<\/li>\n<li> Carey Muutto ja varastointi<\/li>\n<li> A Arnold Maailmanluokan siirto<\/li>\n<li> William B. Meyer<\/li>\n<li> Horizon Moving Systems<\/li>\n<li> Parks Muutto ja varastointi<\/li>\n<li> Highland Moving &amp; Storage<\/li>\n<li> Delancey Street Moving &amp; Transportation<\/li>\n<li> Armstrong uudelleensijoittaminen<\/li>\n<li> Liittovaltion yritykset<\/li>\n<li> Hoyt's Moving &amp; Storage<\/li>\n<li> Johnson Storage and Moving<\/li>\n<li> Nor-Cal Muuttopalvelut<\/li>\n<li> <a href=\"https:\/\/moverdb.com\/fi\/royal-hawaiian-movers\/\">Royal Hawaiian Movers<\/a> - Royal Hawaiian Movers on osa DeWitt-yritysryhm\u00e4\u00e4, joka tarjoaa asiakkailleen erilaisia paikallisia, saarten v\u00e4lisi\u00e4, mantereen sis\u00e4isi\u00e4 ja kansainv\u00e4lisi\u00e4 muuttoja.<\/li>\n<li> Central Van &amp; Storage,<\/li>\n<li> <a href=\"https:\/\/moverdb.com\/fi\/kruununsiirto\/\">Crown Moving Co<\/a> - Nyt suljettu, kotipaikka <a href=\"https:\/\/moverdb.com\/fi\/moving-to-seattle\/\" data-internallinksmanager029f6b8e52c=\"65\" title=\"Muutatko Seattleen? 2022 Elinkustannukset ja muuttovinkit\">Seattle<\/a>.<\/li>\n<li> Fry-Wagner Moving and Storage Co.<\/li>\n<li> B. Von <a href=\"https:\/\/moverdb.com\/fi\/moving-to-france\/moving-to-paris\/\" data-internallinksmanager029f6b8e52c=\"407\" title=\"Muutatko Pariisiin? 2023 Elinkustannukset ja muuttovinkit\">Pariisi<\/a> Muutto &amp; varastointi<\/li>\n<li> O'Brienin muutto- ja varastointipalvelut<\/li>\n<li> Piqua Transfer &amp; Storage Company<\/li>\n<li> Joyce Van Lines,<\/li>\n<li> Plycon Transportation Group<\/li>\n<li> AAA Moving &amp; Storage<\/li>\n<li> Aaction Moving &amp; Storage<\/li>\n<li> Alero Muutto ja varastointi<\/li>\n<li> DMS Moving Systems<\/li>\n<li> George Moving &amp; Storage<\/li>\n<li> Glen Ellyn Storage Corporation<\/li>\n<li> Piepho Muutto ja varastointi<\/li>\n<li> Eagle Van Lines<\/li>\n<li> Roadrunner Moving and Storage<\/li>\n<li> Lint Van Lines<\/li>\n<li> Tyynenmeren siirto<\/li>\n<li> Paxton Van Lines<\/li>\n<\/ol>","protected":false},"excerpt":{"rendered":"<p>Below you will find a list of the top 100 largest domestic and international moving companies the United States and Canada based on the number of registered trucks in their fleet. One of these companies is likely to be the right one for your international, long distance and\/or interstate move. The data comes from MovingCompanyReviews.com [&hellip;]<\/p>\n","protected":false},"author":1,"featured_media":1083,"parent":0,"menu_order":0,"comment_status":"closed","ping_status":"closed","template":"","meta":{"_genesis_hide_title":false,"_genesis_hide_breadcrumbs":false,"_genesis_hide_singular_image":false,"_genesis_hide_footer_widgets":false,"_genesis_custom_body_class":"","_genesis_custom_post_class":"","_genesis_layout":"","footnotes":""},"class_list":{"0":"post-955","1":"page","2":"type-page","3":"status-publish","4":"has-post-thumbnail","6":"entry"},"_links":{"self":[{"href":"https:\/\/moverdb.com\/fi\/wp-json\/wp\/v2\/pages\/955","targetHints":{"allow":["GET"]}}],"collection":[{"href":"https:\/\/moverdb.com\/fi\/wp-json\/wp\/v2\/pages"}],"about":[{"href":"https:\/\/moverdb.com\/fi\/wp-json\/wp\/v2\/types\/page"}],"author":[{"embeddable":true,"href":"https:\/\/moverdb.com\/fi\/wp-json\/wp\/v2\/users\/1"}],"replies":[{"embeddable":true,"href":"https:\/\/moverdb.com\/fi\/wp-json\/wp\/v2\/comments?post=955"}],"version-history":[{"count":40,"href":"https:\/\/moverdb.com\/fi\/wp-json\/wp\/v2\/pages\/955\/revisions"}],"predecessor-version":[{"id":6247,"href":"https:\/\/moverdb.com\/fi\/wp-json\/wp\/v2\/pages\/955\/revisions\/6247"}],"wp:featuredmedia":[{"embeddable":true,"href":"https:\/\/moverdb.com\/fi\/wp-json\/wp\/v2\/media\/1083"}],"wp:attachment":[{"href":"https:\/\/moverdb.com\/fi\/wp-json\/wp\/v2\/media?parent=955"}],"curies":[{"name":"wp","href":"https:\/\/api.w.org\/{rel}","templated":true}]}}