{"id":9525,"date":"2023-06-08T12:37:11","date_gmt":"2023-06-08T12:37:11","guid":{"rendered":"https:\/\/moverdb.com\/?page_id=9525"},"modified":"2026-01-08T15:24:26","modified_gmt":"2026-01-08T15:24:26","slug":"moving-companies-slovenia","status":"publish","type":"page","link":"https:\/\/moverdb.com\/fi\/moving-companies\/moving-companies-slovenia\/","title":{"rendered":"3 parasta kansainv\u00e4list\u00e4 muuttoyrityst\u00e4 Sloveniassa"},"content":{"rendered":"<p>Muutto voi olla stressaavaa aikaa, jolloin on paljon j\u00e4rjestelt\u00e4v\u00e4\u00e4, varsinkin jos muutat ulkomaille. Jos suunnittelet muuttoa kotimaassa, kotimaahan tai kotimaasta pois. <a href=\"https:\/\/moverdb.com\/fi\/moving-to-slovenia\/\" data-internallinksmanager029f6b8e52c=\"392\" title=\"Muutatko Sloveniaan? 2023 Elinkustannukset ja muuttovinkit\">Slovenia<\/a> silloin palveluntarjoajaksi on otettava <a href=\"https:\/\/moverdb.com\/fi\/moving-companies\/\" data-internallinksmanager029f6b8e52c=\"79\" title=\"Top 25 Kansainv\u00e4list\u00e4 muuttoyrityksi\u00e4 verkossa\">muuttofirma<\/a> voi auttaa kevent\u00e4m\u00e4\u00e4n kuormaa. Alla on luettelo Sloveniassa sijaitsevista <a href=\"https:\/\/moverdb.com\/fi\/international-removals\/\" data-internallinksmanager029f6b8e52c=\"27\" title=\"36 Parhaat kansainv\u00e4liset muuttoyritykset Yhdistyneess\u00e4 kuningaskunnassa\">muuttofirmat<\/a> jotka ovat j\u00e4seni\u00e4 <a href=\"https:\/\/moverdb.com\/fi\/iam\/\" data-internallinksmanager029f6b8e52c=\"23\" title=\"Kansainv\u00e4linen muuttajien liitto (IAM) selitetty\">Kansainv\u00e4linen muuttajien liitto<\/a> (IAM) ja\/tai <a href=\"https:\/\/moverdb.com\/fi\/fidi-faim\/\" data-internallinksmanager029f6b8e52c=\"16\" title=\"FIDI &amp; FAIM (FIDI Accredited International Mover) selitettyin\u00e4\">FIDI<\/a> Accredited International Mover (FAIM), joka voi auttaa sinua muutossasi.<\/p>\n<h2><strong>1. DB Schenker<\/strong><\/h2>\n<p><img loading=\"lazy\" decoding=\"async\" class=\"alignnone size-full wp-image-9351\" src=\"https:\/\/moverdb.com\/wp-content\/uploads\/DB-Schenker-Slovenvia-international-moving-company.png\" alt=\"DB Schenker Slovenvia kansainv\u00e4linen muuttoliikeyritys\" width=\"1440\" height=\"673\" data-wp-pid=\"9351\" srcset=\"https:\/\/moverdb.com\/wp-content\/uploads\/DB-Schenker-Slovenvia-international-moving-company.png 1440w, https:\/\/moverdb.com\/wp-content\/uploads\/DB-Schenker-Slovenvia-international-moving-company-300x140.png 300w, https:\/\/moverdb.com\/wp-content\/uploads\/DB-Schenker-Slovenvia-international-moving-company-1024x479.png 1024w, https:\/\/moverdb.com\/wp-content\/uploads\/DB-Schenker-Slovenvia-international-moving-company-18x8.png 18w, https:\/\/moverdb.com\/wp-content\/uploads\/DB-Schenker-Slovenvia-international-moving-company-600x280.png 600w\" sizes=\"auto, (max-width: 1440px) 100vw, 1440px\" \/><\/p>\n<ul>\n<li>Kansalliset siirrot<\/li>\n<li>Kansainv\u00e4liset siirrot<\/li>\n<li>Kotitalouksien muutot<\/li>\n<li>Yrityksen siirrot<\/li>\n<li>R\u00e4\u00e4t\u00e4l\u00f6ity pakkaus<\/li>\n<li>Maa-, rautatie-, lento- ja merirahti<\/li>\n<li>Tulliselvitys<\/li>\n<li>Taideteosten k\u00e4sittely<\/li>\n<li>Erikoiskalusto ja -laitteet<\/li>\n<li>Varastointitilat<\/li>\n<\/ul>\n<p>DB Schenker on maailmanlaajuinen logistiikkapalveluiden tarjoaja, jolla on noin 1850 toimipistett\u00e4 ymp\u00e4ri maailmaa ja joka on toiminut vuodesta 1872 l\u00e4htien. <a href=\"https:\/\/moverdb.com\/fi\/moving-to-austria\/\" data-internallinksmanager029f6b8e52c=\"343\" title=\"Muutatko It\u00e4valtaan? 2023 Elinkustannukset ja muuttovinkit\">It\u00e4valta<\/a>. Heill\u00e4 on useita toimipaikkoja Sloveniassa, kuten Ljubljana, Maribor, Koper, Brnik ja Skofja Loka. Ne ovat IAM:n j\u00e4sen.<\/p>\n<p>DB Schenker tarjoaa muutto- ja siirtopalveluja Sloveniassa, Sloveniaan ja Sloveniasta. Heid\u00e4n palveluihinsa kuuluu ammattimainen pakkauspalvelu, jossa on r\u00e4\u00e4t\u00e4l\u00f6ityj\u00e4 ja ymp\u00e4rist\u00f6yst\u00e4v\u00e4llisi\u00e4 pakkauksia. Heill\u00e4 on oma kalusto ilmajousitettuja muuttoautoja ja nostolavoja, joilla tavarat voidaan siirt\u00e4\u00e4. He j\u00e4rjest\u00e4v\u00e4t maa-, rautatie-, ilma- ja merikuljetukset sek\u00e4 muuttoj\u00e4rjestelyjen tulliselvityksen.<\/p>\n<p>Verkkosivusto: <a href=\"https:\/\/www.dbschenker.com\/si-en\/products\/removals\" target=\"_blank\" rel=\"noopener\">https:\/\/www.dbschenker.com\/si-en\/products\/removals<\/a><\/p>\n<h2><strong>2. Siirtym\u00e4t Oy<\/strong><\/h2>\n<p><img loading=\"lazy\" decoding=\"async\" class=\"alignnone size-full wp-image-9417\" src=\"https:\/\/moverdb.com\/wp-content\/uploads\/Relocations-Ltd-international-moving-company.png\" alt=\"Relocations Ltd kansainv\u00e4linen muuttofirma\" width=\"1440\" height=\"673\" data-wp-pid=\"9417\" srcset=\"https:\/\/moverdb.com\/wp-content\/uploads\/Relocations-Ltd-international-moving-company.png 1440w, https:\/\/moverdb.com\/wp-content\/uploads\/Relocations-Ltd-international-moving-company-300x140.png 300w, https:\/\/moverdb.com\/wp-content\/uploads\/Relocations-Ltd-international-moving-company-1024x479.png 1024w, https:\/\/moverdb.com\/wp-content\/uploads\/Relocations-Ltd-international-moving-company-18x8.png 18w, https:\/\/moverdb.com\/wp-content\/uploads\/Relocations-Ltd-international-moving-company-600x280.png 600w\" sizes=\"auto, (max-width: 1440px) 100vw, 1440px\" \/><\/p>\n<ul>\n<li>Kansalliset siirrot<\/li>\n<li>Kansainv\u00e4liset siirrot<\/li>\n<li>Kotitalouksien muutot<\/li>\n<li>Yrityssiirrot<\/li>\n<li>Laadukas pakkaus<\/li>\n<li>Kuljetusj\u00e4rjestelyt<\/li>\n<li>Tulliselvitys<\/li>\n<li>Ajoneuvojen kuljetus<\/li>\n<li>Maahanmuuttopalvelut<\/li>\n<li>Varastointitilat<\/li>\n<\/ul>\n<p>Relocations Ltd on vuonna 2006 perustettu, Ljubljanassa sijaitseva muuttofirma. Yrityksell\u00e4 on muuttoalan ammattilaisten tiimi Sloveniassa, ja se k\u00e4ytt\u00e4\u00e4 ulkomailla varmennettuja yhteisty\u00f6kumppaneita, jotka tarjoavat riippumattomia muutonhallinnan koordinointipalveluja. He ovat IAM:n j\u00e4sen.<\/p>\n<p>Relocations Ltd tarjoaa joko paikallista apua tai t\u00e4ydellisen muuttopalvelun, joka kattaa muutot Sloveniassa, Sloveniaan tai Sloveniasta. Se tarjoaa palveluja kotitalouksille ja yrityksille, joihin kuuluvat ajoneuvojen kuljetus ja maahanmuuttopalvelut. He j\u00e4rjest\u00e4v\u00e4t tavaroidenne kuljetuksen tulliselvityksineen. He tarjoavat lis\u00e4palveluita, kuten kotiutumispalveluita, l\u00e4ht\u00f6palveluita, kodin ja koulun etsimist\u00e4, perehdytyst\u00e4, kulttuurikoulutusta ja askartelupalveluita.<\/p>\n<p>Verkkosivusto: <a href=\"http:\/\/www.relocations.si\" target=\"_blank\" rel=\"noopener\">http:\/\/www.relocations.si<\/a><\/p>\n<h2><strong>3. Vatovec<\/strong><\/h2>\n<p><img loading=\"lazy\" decoding=\"async\" class=\"alignnone size-full wp-image-9443\" src=\"https:\/\/moverdb.com\/wp-content\/uploads\/Vatovec-international-moving-company.png\" alt=\"Vatovecin kansainv\u00e4linen muuttofirma\" width=\"1440\" height=\"680\" data-wp-pid=\"9443\" srcset=\"https:\/\/moverdb.com\/wp-content\/uploads\/Vatovec-international-moving-company.png 1440w, https:\/\/moverdb.com\/wp-content\/uploads\/Vatovec-international-moving-company-300x142.png 300w, https:\/\/moverdb.com\/wp-content\/uploads\/Vatovec-international-moving-company-1024x484.png 1024w, https:\/\/moverdb.com\/wp-content\/uploads\/Vatovec-international-moving-company-18x9.png 18w, https:\/\/moverdb.com\/wp-content\/uploads\/Vatovec-international-moving-company-600x283.png 600w\" sizes=\"auto, (max-width: 1440px) 100vw, 1440px\" \/><\/p>\n<ul>\n<li>Kansalliset siirrot<\/li>\n<li>Kansainv\u00e4liset siirrot<\/li>\n<li>Kotitalouksien muutot<\/li>\n<li>Toimiston siirrot<\/li>\n<li>Ammattimainen pakkauspalvelu<\/li>\n<li>Kuljetukset maalla, ilmassa ja merell\u00e4<\/li>\n<li>Tullimuodollisuudet<\/li>\n<li>Liikkuvat taide-esineet<\/li>\n<li>Pienten el\u00e4inten kuljetus<\/li>\n<li>Varastointitilat<\/li>\n<\/ul>\n<p>Vatovec on vuonna 1998 perustettu Ljubljanassa toimiva muuttofirma. Sill\u00e4 on verkosto laadukkaita kansainv\u00e4lisi\u00e4 yhteisty\u00f6kumppaneita eri puolilla maailmaa, jotka auttavat kansainv\u00e4lisiss\u00e4 muutoissa. Yritys on IAM:n j\u00e4sen 25 vuoden ajan, ja se on FIDI:n akkreditoima.<\/p>\n<p>Vatovec tarjoaa muutto- ja siirtopalveluja Sloveniassa, Sloveniaan ja Sloveniasta. He tarjoavat ammattimaisia pakkauspalveluja, joilla varmistetaan, ett\u00e4 tavarasi pakataan turvallisesti ja kuljetetaan m\u00e4\u00e4r\u00e4np\u00e4\u00e4h\u00e4si maitse, lent\u00e4en tai meritse, ja ett\u00e4 tullimuodollisuudet hoidetaan. Heid\u00e4n muuttopalveluihinsa kuuluvat oleskelu- ja ty\u00f6luvat, koti- ja kouluhaut, perehdytys, korjaajien ja k\u00e4sity\u00f6l\u00e4isten l\u00f6yt\u00e4minen.<\/p>\n<p>Verkkosivusto: <a href=\"http:\/\/www.vatovec.si\" target=\"_blank\" rel=\"noopener\">http:\/\/www.vatovec.si<\/a><\/p>","protected":false},"excerpt":{"rendered":"<p>Moving can be a stressful time with a lot of things to arrange especially if you are moving overseas. If you are planning a move within, to or from Slovenia then employing the services of a moving company can help lighten the load. Below we have compiled a list of Slovenia based removal companies that [&hellip;]<\/p>\n","protected":false},"author":4,"featured_media":9351,"parent":190,"menu_order":0,"comment_status":"closed","ping_status":"closed","template":"","meta":{"_genesis_hide_title":false,"_genesis_hide_breadcrumbs":false,"_genesis_hide_singular_image":false,"_genesis_hide_footer_widgets":false,"_genesis_custom_body_class":"","_genesis_custom_post_class":"","_genesis_layout":"","footnotes":""},"class_list":{"0":"post-9525","1":"page","2":"type-page","3":"status-publish","4":"has-post-thumbnail","6":"entry"},"_links":{"self":[{"href":"https:\/\/moverdb.com\/fi\/wp-json\/wp\/v2\/pages\/9525","targetHints":{"allow":["GET"]}}],"collection":[{"href":"https:\/\/moverdb.com\/fi\/wp-json\/wp\/v2\/pages"}],"about":[{"href":"https:\/\/moverdb.com\/fi\/wp-json\/wp\/v2\/types\/page"}],"author":[{"embeddable":true,"href":"https:\/\/moverdb.com\/fi\/wp-json\/wp\/v2\/users\/4"}],"replies":[{"embeddable":true,"href":"https:\/\/moverdb.com\/fi\/wp-json\/wp\/v2\/comments?post=9525"}],"version-history":[{"count":1,"href":"https:\/\/moverdb.com\/fi\/wp-json\/wp\/v2\/pages\/9525\/revisions"}],"predecessor-version":[{"id":9526,"href":"https:\/\/moverdb.com\/fi\/wp-json\/wp\/v2\/pages\/9525\/revisions\/9526"}],"up":[{"embeddable":true,"href":"https:\/\/moverdb.com\/fi\/wp-json\/wp\/v2\/pages\/190"}],"wp:featuredmedia":[{"embeddable":true,"href":"https:\/\/moverdb.com\/fi\/wp-json\/wp\/v2\/media\/9351"}],"wp:attachment":[{"href":"https:\/\/moverdb.com\/fi\/wp-json\/wp\/v2\/media?parent=9525"}],"curies":[{"name":"wp","href":"https:\/\/api.w.org\/{rel}","templated":true}]}}