{"id":9523,"date":"2023-06-08T12:38:02","date_gmt":"2023-06-08T12:38:02","guid":{"rendered":"https:\/\/moverdb.com\/?page_id=9523"},"modified":"2026-01-08T15:30:15","modified_gmt":"2026-01-08T15:30:15","slug":"moving-companies-slovakia","status":"publish","type":"page","link":"https:\/\/moverdb.com\/fi\/moving-companies\/moving-companies-slovakia\/","title":{"rendered":"Parhaat kansainv\u00e4liset muuttofirmat Slovakiassa"},"content":{"rendered":"<p>Ajatteletko muuttaa kotiisi tai yrityksesi kotimaahan, kotimaahan tai kotimaasta? <a href=\"https:\/\/moverdb.com\/fi\/moving-to-slovakia\/\" data-internallinksmanager029f6b8e52c=\"338\" title=\"Muutatko Slovakiaan? 2023 Elinkustannukset ja muuttovinkit\">Slovakia<\/a>? Jos n\u00e4in on, kannattaa ehk\u00e4 k\u00e4ytt\u00e4\u00e4 muuttoagentin palveluja, jotta ty\u00f6 ja stressi v\u00e4henev\u00e4t. Olemme koonneet alla olevan luettelon slovakialaisista muuttopalveluista. <a href=\"https:\/\/moverdb.com\/fi\/international-removals\/\" data-internallinksmanager029f6b8e52c=\"27\" title=\"36 Parhaat kansainv\u00e4liset muuttoyritykset Yhdistyneess\u00e4 kuningaskunnassa\">muuttofirmat<\/a> jotka ovat j\u00e4seni\u00e4 <a href=\"https:\/\/moverdb.com\/fi\/iam\/\" data-internallinksmanager029f6b8e52c=\"23\" title=\"Kansainv\u00e4linen muuttajien liitto (IAM) selitetty\">Kansainv\u00e4linen muuttajien liitto<\/a> (IAM) ja\/tai <a href=\"https:\/\/moverdb.com\/fi\/fidi-faim\/\" data-internallinksmanager029f6b8e52c=\"16\" title=\"FIDI &amp; FAIM (FIDI Accredited International Mover) selitettyin\u00e4\">FIDI<\/a> Accredited International Mover (FAIM), joka voi auttaa sinua muutossasi.<\/p>\n<h2><strong>Santa Fe uudelleensijoittaminen<\/strong><\/h2>\n<p><img loading=\"lazy\" decoding=\"async\" class=\"alignnone size-full wp-image-9422\" src=\"https:\/\/moverdb.com\/wp-content\/uploads\/Santa-Fe-Relocation-Slovakia-international-moving-company.png\" alt=\"Santa Fe Relocation Slovakia kansainv\u00e4linen muuttofirma\" width=\"1440\" height=\"677\" data-wp-pid=\"9422\" srcset=\"https:\/\/moverdb.com\/wp-content\/uploads\/Santa-Fe-Relocation-Slovakia-international-moving-company.png 1440w, https:\/\/moverdb.com\/wp-content\/uploads\/Santa-Fe-Relocation-Slovakia-international-moving-company-300x141.png 300w, https:\/\/moverdb.com\/wp-content\/uploads\/Santa-Fe-Relocation-Slovakia-international-moving-company-1024x481.png 1024w, https:\/\/moverdb.com\/wp-content\/uploads\/Santa-Fe-Relocation-Slovakia-international-moving-company-18x8.png 18w, https:\/\/moverdb.com\/wp-content\/uploads\/Santa-Fe-Relocation-Slovakia-international-moving-company-600x282.png 600w\" sizes=\"auto, (max-width: 1440px) 100vw, 1440px\" \/><\/p>\n<ul>\n<li>Kansallinen siirto<\/li>\n<li>Kansainv\u00e4liset siirrot<\/li>\n<li>Kotitalouksien muutot<\/li>\n<li>Yritysten uudelleensijoitukset<\/li>\n<li>Pakkauspalvelu<\/li>\n<li>Lento-, meri- ja maantiekuljetukset<\/li>\n<li>Tulliselvitys<\/li>\n<li>Lemmikkiel\u00e4inten uudelleensijoittaminen<\/li>\n<li>Viisumit ja maahanmuutto<\/li>\n<li>Lyhytaikainen ja pitk\u00e4aikainen varastointi<\/li>\n<\/ul>\n<p>Santa Fe Relocation on kansainv\u00e4linen siirtoyritys, jolla on 64 toimistoa 38 maassa. Se avasi Slovakian toimistonsa vuonna 2002 Bratislavassa. Yritys on IAM:n j\u00e4sen, jolla on 21 vuoden kokemus, ja se on FIDI:n akkreditoima.<\/p>\n<p>Santa Fe Relocation tarjoaa koti- tai videokatselmuksen ja muuttoa edelt\u00e4v\u00e4n konsultaation tarpeidesi selvitt\u00e4miseksi. Se tarjoaa pakkauspalvelun tavaroillesi ja huonekaluillesi ja j\u00e4rjest\u00e4\u00e4 lento-, meri- tai maantiekuljetuksen tulliselvityksineen.  He tarjoavat erilaisia lis\u00e4palveluja, kuten l\u00e4hetyksen suojausta, varastointia, kodin ja koulun etsimist\u00e4, kotiutumispalveluja, l\u00e4ht\u00f6tukea ja lemmikkiel\u00e4inten siirtoa, <a href=\"https:\/\/moverdb.com\/fi\/car-transport-shipping\/\" data-internallinksmanager029f6b8e52c=\"2\" title=\"2026 Kansainv\u00e4linen autokuljetus ja ajoneuvojen kuljetus tarjoukset\">ajoneuvojen kuljetus<\/a>sek\u00e4 viisumi- ja maahanmuuttoapua.<\/p>\n<p>Verkkosivusto: <a href=\"https:\/\/www.santaferelo.com\/en\/contact\/our-offices\/slovakia-bratislava\/\" target=\"_blank\" rel=\"noopener\">https:\/\/www.santaferelo.com\/en\/contact\/our-offices\/slovakia-bratislava\/<\/a><\/p>\n<h2>Muita hy\u00f6dyllisi\u00e4 oppaita Slovakiaan<\/h2>\n<ul>\n<li> <a href=\"https:\/\/moverdb.com\/fi\/moving-to-slovakia\/moving-to-slovakia-from-the-uk\/\">Muutto Slovakiaan Yhdistyneest\u00e4 kuningaskunnasta<\/a><\/li>\n<li> <a href=\"https:\/\/moverdb.com\/fi\/moving-to-slovakia\/\">Muutatko Slovakiaan? 2024 Elinkustannukset ja muuttovinkit<\/a><\/li>\n<\/ul>","protected":false},"excerpt":{"rendered":"<p>Are you thinking of moving home or your business within, to or from Slovakia? If you are then you may want to enlist the services of a moving agent to reduce the work involved and the stress. Below we have compiled a list of Slovakian removal companies that are members of the International Association of [&hellip;]<\/p>\n","protected":false},"author":4,"featured_media":9422,"parent":190,"menu_order":0,"comment_status":"closed","ping_status":"closed","template":"","meta":{"_genesis_hide_title":false,"_genesis_hide_breadcrumbs":false,"_genesis_hide_singular_image":false,"_genesis_hide_footer_widgets":false,"_genesis_custom_body_class":"","_genesis_custom_post_class":"","_genesis_layout":"","footnotes":""},"class_list":{"0":"post-9523","1":"page","2":"type-page","3":"status-publish","4":"has-post-thumbnail","6":"entry"},"_links":{"self":[{"href":"https:\/\/moverdb.com\/fi\/wp-json\/wp\/v2\/pages\/9523","targetHints":{"allow":["GET"]}}],"collection":[{"href":"https:\/\/moverdb.com\/fi\/wp-json\/wp\/v2\/pages"}],"about":[{"href":"https:\/\/moverdb.com\/fi\/wp-json\/wp\/v2\/types\/page"}],"author":[{"embeddable":true,"href":"https:\/\/moverdb.com\/fi\/wp-json\/wp\/v2\/users\/4"}],"replies":[{"embeddable":true,"href":"https:\/\/moverdb.com\/fi\/wp-json\/wp\/v2\/comments?post=9523"}],"version-history":[{"count":3,"href":"https:\/\/moverdb.com\/fi\/wp-json\/wp\/v2\/pages\/9523\/revisions"}],"predecessor-version":[{"id":17867,"href":"https:\/\/moverdb.com\/fi\/wp-json\/wp\/v2\/pages\/9523\/revisions\/17867"}],"up":[{"embeddable":true,"href":"https:\/\/moverdb.com\/fi\/wp-json\/wp\/v2\/pages\/190"}],"wp:featuredmedia":[{"embeddable":true,"href":"https:\/\/moverdb.com\/fi\/wp-json\/wp\/v2\/media\/9422"}],"wp:attachment":[{"href":"https:\/\/moverdb.com\/fi\/wp-json\/wp\/v2\/media?parent=9523"}],"curies":[{"name":"wp","href":"https:\/\/api.w.org\/{rel}","templated":true}]}}