{"id":945,"date":"2016-09-03T20:39:51","date_gmt":"2016-09-03T20:39:51","guid":{"rendered":"http:\/\/moverdb.com\/?page_id=945"},"modified":"2026-01-08T14:48:12","modified_gmt":"2026-01-08T14:48:12","slug":"dt-moving","status":"publish","type":"page","link":"https:\/\/moverdb.com\/fi\/dt-moving\/","title":{"rendered":"DT Moving: Muutto: Kansainv\u00e4linen uudelleensijoittaminen ja muutot Arvostelut: International Relocation &amp; Removals"},"content":{"rendered":"<p>DT Moving on <a href=\"https:\/\/moverdb.com\/fi\/moving-to-the-uk\/\" data-internallinksmanager029f6b8e52c=\"93\" title=\"Muutatko Yhdistyneeseen kuningaskuntaan? 2022 Elinkustannukset ja muuttovinkit\">UK<\/a> perustuu <a href=\"https:\/\/moverdb.com\/fi\/moving-companies\/\" data-internallinksmanager029f6b8e52c=\"79\" title=\"Top 25 Kansainv\u00e4list\u00e4 muuttoyrityksi\u00e4 verkossa\">kansainv\u00e4linen muuttofirma<\/a> joka tarjoaa asiakkailleen t\u00e4yden valikoiman palveluja, jotka on lueteltu j\u00e4ljemp\u00e4n\u00e4, sek\u00e4 yritysprofiilin ja arvosteluja.<\/p>\n<p><strong><a href=\"https:\/\/moverdb.com\/fi\/international-removals\/\" data-internallinksmanager029f6b8e52c=\"27\" title=\"36 Parhaat kansainv\u00e4liset muuttoyritykset Yhdistyneess\u00e4 kuningaskunnassa\">Kansainv\u00e4liset muutot<\/a><\/strong><\/p>\n<ul>\n<li> Muuttoa edelt\u00e4v\u00e4 selvitys, tarjous ja resurssit<\/li>\n<li> Pakkaaminen asuinpaikassa<\/li>\n<li> Kuljetus lent\u00e4en, meritse tai maanteitse<\/li>\n<li> J\u00e4rjestetty vakuutus<\/li>\n<li> Jatkuva palvelu, johon kuuluu muutonhallinta ja seurantapalvelu.<\/li>\n<li> Toimitus asuinpaikkaan<\/li>\n<li> Purkaa tavarasi kontista\/rekasta\/laatikosta ja sijoittaa ne haluamaasi huoneeseen.<\/li>\n<li> Aseta tarvittaessa suojamateriaaleja lattioiden ja seinien hoitoa varten.<\/li>\n<li> Tarkista jokainen toimitettu tavara alkuper\u00e4isest\u00e4 pakkausluettelosta (jokaisen pakkauksen huomioon ottamiseksi).<\/li>\n<li> Pura kaikki paperi-, pehmuste- ja pahvipakkausmateriaalit ja poista ne kierr\u00e4tyst\u00e4 varten.<\/li>\n<li> Kokoa kaikki ennalta ilmoitetut tuotteet uudelleen puolestasi, jolloin yksi asia v\u00e4hemm\u00e4n huolenaiheita. Voimme my\u00f6s j\u00e4rjest\u00e4\u00e4 k\u00e4tev\u00e4n miehen auttamaan ylim\u00e4\u00e4r\u00e4isiss\u00e4 t\u00f6iss\u00e4, jos tarvitset.<\/li>\n<li> Voit tarkistaa varaston tuote kerrallaan ja allekirjoittaa, kun olet tyytyv\u00e4inen toimitukseen.<\/li>\n<li> Tulliselvitys<\/li>\n<\/ul>\n<p><strong>Matkakohteen palvelut<\/strong><\/p>\n<ul>\n<li> Kodin vuokraus haku<\/li>\n<li> Kouluhaku<\/li>\n<li> Orientointikierros<\/li>\n<li> Asettautuminen<\/li>\n<li> Kulttuurikoulutus<\/li>\n<li> Avioliittotuki<\/li>\n<li> Huonekalujen vuokraus<\/li>\n<li> V\u00e4liaikainen majoitus<\/li>\n<li> L\u00e4ht\u00f6palvelut<\/li>\n<li> Vero- ja maahanmuuttoneuvonta<\/li>\n<\/ul>\n<p><strong>Taidetta ja antiikkia<\/strong><\/p>\n<ul>\n<li> Kullekin asiakkaalle r\u00e4\u00e4t\u00e4l\u00f6ity palvelu<\/li>\n<li> Konsultointipalvelu<\/li>\n<li> J\u00e4rjest\u00e4 hotellit jne. matkan ostamista\/toimittamista varten.<\/li>\n<li> Antiikkikokoelma<\/li>\n<li> Pakkauspalvelu<\/li>\n<li> Toimitus<\/li>\n<li> Vakuutus<\/li>\n<\/ul>\n<p><strong>Varastointi<\/strong><\/p>\n<ul>\n<li> UK ja <a href=\"https:\/\/moverdb.com\/fi\/moving-to-france\/\" data-internallinksmanager029f6b8e52c=\"315\" title=\"Muutatko Ranskaan? 2023 Elinkustannukset ja muuttovinkit\">Ranska<\/a> - lyhytaikainen ja pitk\u00e4aikainen varastointi erikoisvalmisteisissa varastokonteissa.<\/li>\n<li> 24 tunnin vartiointi ja koodattu p\u00e4\u00e4sy<\/li>\n<li> L\u00e4mp\u00f6tilaohjattu<\/li>\n<li> Palontorjunta ja aseistettu sprinklerij\u00e4rjestelm\u00e4<\/li>\n<li> Muualla maailmassa - verkostokumppanit tarjoavat turvallisen varastoinnin<\/li>\n<\/ul>\n<p><strong>Oheispalvelut<\/strong><\/p>\n<ul>\n<li> Korjausmies (huonekalujen, laitteiden, hyllyjen ja muiden tavaroiden purkaminen ja kokoaminen).<\/li>\n<li> Kuvan ripustaminen<\/li>\n<li> Erikoispakkaukset (hauraille tai arvokkaille tuotteille)<\/li>\n<li> Talon siivous<\/li>\n<li> Siivouspalvelu (pakkausten purkaminen, pesu, siivous <a href=\"https:\/\/moverdb.com\/fi\/moving-to-china\/\" data-internallinksmanager029f6b8e52c=\"357\" title=\"Muutatko Kiinaan? 2023 Elinkustannukset ja muuttovinkit\">Kiina<\/a>, lasitavarat, vaatteet, kodin sekalaiset tavarat)<\/li>\n<li> S\u00e4hk\u00f6asentaja tai putkimies<\/li>\n<li> Satelliitti-TV-antennin purkaminen ja asentaminen<\/li>\n<li> Erikoistunut \"turvallinen\" poisto<\/li>\n<li> Ikkunoiden ja ovenkarmien irrotus ja uudelleenasennus<\/li>\n<li> Ulkopuolinen hissi (erikoishissi), jolla p\u00e4\u00e4see asuntoon yl\u00e4kerran ikkunan tai parvekkeen kautta.<\/li>\n<li> Huonekalujen vuokraus<\/li>\n<li> Huonekalujen entis\u00f6inti ja korjaus<\/li>\n<li> Auton varastointi<\/li>\n<\/ul>\n<h2>DT Moving Yrityksen profiili<\/h2>\n<p>DT Moving tunnettiin aiemmin nimell\u00e4 David Turner Worldwide Movers, ja se on siirt\u00e4nyt ihmisi\u00e4 ymp\u00e4ri maailmaa vuodesta 1870 l\u00e4htien. Perustajaperhe on edelleen mukana yrityksess\u00e4, joka siirt\u00e4\u00e4 korkean profiilin yrityksi\u00e4 ja yksityishenkil\u00f6it\u00e4 ymp\u00e4ri maailmaa. <\/p>\n<p>DT Movingilla on toimistot sek\u00e4 <a href=\"https:\/\/moverdb.com\/fi\/moving-to-london\/\">Lontoo<\/a> ja <a href=\"https:\/\/moverdb.com\/fi\/moving-to-france\/moving-to-paris\/\" data-internallinksmanager029f6b8e52c=\"407\" title=\"Muutatko Pariisiin? 2023 Elinkustannukset ja muuttovinkit\">Pariisi<\/a>. He ovat ylpeit\u00e4 kokemuksestaan ja rehellisyydest\u00e4\u00e4n ja sanovat, ett\u00e4 heid\u00e4n ty\u00f6ntekij\u00f6idens\u00e4 keskim\u00e4\u00e4r\u00e4inen palvelusaika on noin 15 vuotta. Yrityksen arvoihin kuuluvat palvelun laatu, vastuullisuus, s\u00e4\u00e4nt\u00f6jen noudattaminen ja jatkuva parantaminen.<\/p>\n<p>DT Movingin mukaan sill\u00e4 oli <strong>97% asiakastyytyv\u00e4isyys<\/strong> luokitus vuonna 2015, mik\u00e4 oli enemm\u00e4n kuin 95% vuonna 2014.<\/p>\n<p>DT Movingilla on seuraavat akkreditoinnit ja j\u00e4senyydet:<\/p>\n<ul>\n<li> FAIMPLUS-akkreditointi; Ernst &amp; Youngin riippumattomasti tarkastama.<\/li>\n<li> ISO 9001-2008 -akkreditointi, mukaan lukien BS EN 12522\/1 BS EN 12522\/2 BS EN 12522\/2.<\/li>\n<li> OMNI:n (The Overseas Moving Network International) perustajaj\u00e4sen.<\/li>\n<li> <a href=\"https:\/\/moverdb.com\/fi\/fidi-faim\/\">FIDI<\/a> j\u00e4sen vuodesta 1950 (F\u00e9d\u00e9ration Internationale des D\u00e9m\u00e9nageurs Internationaux).<\/li>\n<li> C-TPAT-tarkastanut <a href=\"https:\/\/moverdb.com\/fi\/moving-to-the-united-states\/\" data-internallinksmanager029f6b8e52c=\"94\" title=\"Muutatko Yhdysvaltoihin? 2022 Elinkustannukset ja muuttovinkit\">US<\/a> tulli<\/li>\n<li> Valtuutettu j\u00e4sen The <a href=\"https:\/\/moverdb.com\/fi\/british-association-of-removers\/\">British Association of Removers<\/a>, DBA, DBA <a href=\"https:\/\/moverdb.com\/fi\/mtc\/\">Movers Trading Club<\/a> (<a href=\"https:\/\/moverdb.com\/fi\/mtc\/\" data-internallinksmanager029f6b8e52c=\"30\" title=\"Movers Trading Club (MTC) selitetty\">MTC<\/a>)<\/li>\n<li> J\u00e4sen <a href=\"https:\/\/moverdb.com\/fi\/eura\/\">EuRA<\/a> (The <a href=\"https:\/\/moverdb.com\/fi\/eura\/\" data-internallinksmanager029f6b8e52c=\"13\" title=\"European Relocation Association (EuRA) selitetty\">European Relocation Association<\/a>)<\/li>\n<li> J\u00e4sen <a href=\"https:\/\/moverdb.com\/fi\/association-relocation-professionals\/\">ARP<\/a> (The <a href=\"https:\/\/moverdb.com\/fi\/association-relocation-professionals\/\" data-internallinksmanager029f6b8e52c=\"6\" title=\"Association of Relocation Professionals (ARP) selitetty\">Siirtoalan ammattilaisten yhdistys<\/a>)<\/li>\n<li> J\u00e4sen <a href=\"https:\/\/moverdb.com\/fi\/olen\/\">IAM<\/a> (<a href=\"https:\/\/moverdb.com\/fi\/iam\/\" data-internallinksmanager029f6b8e52c=\"23\" title=\"Kansainv\u00e4linen muuttajien liitto (IAM) selitetty\">Kansainv\u00e4linen muuttajien liitto<\/a>)<\/li>\n<li> J\u00e4sen <a href=\"https:\/\/moverdb.com\/fi\/lacma\/\">LACMA<\/a> (Latinalaisen Amerikan ja Karibian alueen muuttajien yhdistys)<\/li>\n<li> J\u00e4sen <a href=\"https:\/\/moverdb.com\/fi\/tyontekijan-uudelleensijoitusneuvosto\/\">Maailmanlaajuinen ERC<\/a> (Ty\u00f6voiman liikkuvuuden yhdistys)<\/li>\n<li> Kaikkien aikojen ensimm\u00e4inen <a href=\"https:\/\/moverdb.com\/fi\/fidi-faim\/\" data-internallinksmanager029f6b8e52c=\"16\" title=\"FIDI &amp; FAIM (FIDI Accredited International Mover) selitettyin\u00e4\">FAIM<\/a> ISO (nykyisin FAIMPLUS) -akkreditoitu organisaatio<\/li>\n<\/ul>\n<h2>DT Moving Arvostelut<\/h2>\n<p><strong>Positiivinen<\/strong><\/p>\n<ul>\n<li> <em>\"He olivat h\u00e4mm\u00e4stytt\u00e4v\u00e4n ammattitaitoisia, kohteliaita, nopeita ja tehokkaita. Selittiv\u00e4t kaiken, enk\u00e4 voi kuvitella, miten he olisivat voineet tehd\u00e4 kokemuksesta yht\u00e4\u00e4n sujuvamman.\"<\/em> - Z. COHEN DT Movingin kautta <a href=\"http:\/\/www.dtmoving.com\/about-us\/what-our-customers-say\" target=\"_blank\" rel=\"noopener\">Mit\u00e4 asiakkaamme sanovat<\/a>.<\/li>\n<li> \"<em>Muutin juuri Lontoosta <a href=\"https:\/\/moverdb.com\/fi\/muutto-new-yorkiin\/\">New York<\/a> ja olin eritt\u00e4in vaikuttunut muuttopalvelusta alusta loppuun. Se, mik\u00e4 olisi voinut olla hyvin stressaavaa aikaa, tehtiin eritt\u00e4in helpoksi.\"<\/em> - Qype k\u00e4ytt\u00e4j\u00e4, Dan via <a href=\"https:\/\/www.yelp.co.uk\/biz\/dt-moving-london?hrid=_lnG2UpJr3NSw73UR115Pw&#038;utm_campaign=www_review_share_popup&#038;utm_medium=copy_link&#038;utm_source=(direct)\" target=\"_blank\" rel=\"noopener\">Yelp<\/a><\/li>\n<li> \"DT Moving oli erinomainen alusta loppuun asti.\" - MCalder via <a href=\"https:\/\/www.yell.com\/biz\/dt-moving-mitcham-3825953\/\" target=\"_blank\" rel=\"noopener\">Huuda<\/a><\/li>\n<li> \"T\u00e4m\u00e4 on kolmas kerta, kun min\u00e4 ja mieheni olemme muuttaneet ty\u00f6n vuoksi, ja t\u00e4m\u00e4 oli paras palvelu t\u00e4h\u00e4n menness\u00e4.\" - Chris via <a href=\"http:\/\/www.allinlondon.co.uk\/directory\/1318\/74781.php\" target=\"_blank\" rel=\"noopener\">Kaikki Lontoossa<\/a>.<\/li>\n<\/ul>\n<p><strong>Negatiivinen<\/strong><\/p>\n<p><em>Emme l\u00f6yt\u00e4neet verkosta yht\u00e4\u00e4n negatiivista arvostelua<\/em>.<\/p>\n<div itemprop=\"review\" itemscope itemtype=\"http:\/\/schema.org\/Review\">\n<span itemprop=\"author\" itemscope=\"\" itemtype=\"http:\/\/schema.org\/Organization\"><span itemprop=\"name\">MoverDB.com<\/span><\/span> Verkkosivuston arvostelu <span itemprop=\"itemreviewed\" itemscope=\"\" itemtype=\"http:\/\/schema.org\/Brand\"><span itemprop=\"name\">DT Moving<\/span><\/span>:<\/p>\n<ol>\n<li> Selke\u00e4t yhteystiedot verkkosivustolla (my\u00f6s puhelinnumero): <strong>Kyll\u00e4<\/strong><\/li>\n<li> Helppo saada <a href=\"https:\/\/moverdb.com\/fi\/lainauksia\/\">kansainv\u00e4liset muutot tarjoukset<\/a>? (Online-arviolomake): <strong>Kyll\u00e4<\/strong><\/li>\n<li> Selke\u00e4t tiedot verkkosivustolla: <strong>Kyll\u00e4,<\/strong> Verkkosivusto on melko kattava, ja se antaa mahdollisille asiakkaille hyv\u00e4n k\u00e4sityksen siit\u00e4, mit\u00e4 yritys voi tarjota.<\/li>\n<li> J\u00e4senyys kansainv\u00e4lisiss\u00e4 tunnustetuissa liikkuvissa j\u00e4rjest\u00f6iss\u00e4: <strong>Kyll\u00e4<\/strong>, ks. edell\u00e4.<\/li>\n<li> Luettelo asiakkaista ja\/tai aiempien asiakkaiden suosittelut: <strong>Kyll\u00e4,<\/strong>sivustolla on paljon asiakkaiden suositteluja, ja muut arvostelut verkossa ovat my\u00f6nteisi\u00e4.<\/li>\n<\/ol>\n<div itemprop=\"reviewRating\" itemscope itemtype=\"http:\/\/schema.org\/Rating\"><meta itemprop=\"worstRating\" content = \"0\" \/><meta itemprop=\"bestRating\" content=\"5\" \/><meta itemprop=\"ratingValue\" content=\"5\"><\/div>\n<p><strong>Yleisarvosana: 5\/5<\/strong><br \/>\n<strong>Tarkistusp\u00e4iv\u00e4:<\/strong> <span itemprop=\"datePublished\" content=\"2016-09-03\">03\/09\/2016<\/span>\n<\/div>\n<p>Lis\u00e4tietoja <a href=\"https:\/\/moverdb.com\/fi\/international-removals\/\">kansainv\u00e4liset muutot<\/a> ja meid\u00e4n <a href=\"https:\/\/moverdb.com\/fi\/arvostelut\/\">tarkistusprosessi<\/a>.<\/p>\n<p><strong>Verkkosivusto:<\/strong> <a href=\"http:\/\/www.dtmoving.com\" target=\"_blank\" rel=\"noopener\">http:\/\/www.dtmoving.com<\/a><\/p>","protected":false},"excerpt":{"rendered":"<p>DT Moving is a UK based international moving company which offers its clients a full range of services which are listed below, together with a company profile and reviews. International Removals Pre-move survey, quotation and resources Packing at residence Transport by air, sea or road Insurance arranged Ongoing service including a move manager and a [&hellip;]<\/p>\n","protected":false},"author":1,"featured_media":0,"parent":0,"menu_order":0,"comment_status":"closed","ping_status":"closed","template":"","meta":{"_genesis_hide_title":false,"_genesis_hide_breadcrumbs":false,"_genesis_hide_singular_image":false,"_genesis_hide_footer_widgets":false,"_genesis_custom_body_class":"","_genesis_custom_post_class":"","_genesis_layout":"","footnotes":""},"class_list":{"0":"post-945","1":"page","2":"type-page","3":"status-publish","5":"entry"},"_links":{"self":[{"href":"https:\/\/moverdb.com\/fi\/wp-json\/wp\/v2\/pages\/945","targetHints":{"allow":["GET"]}}],"collection":[{"href":"https:\/\/moverdb.com\/fi\/wp-json\/wp\/v2\/pages"}],"about":[{"href":"https:\/\/moverdb.com\/fi\/wp-json\/wp\/v2\/types\/page"}],"author":[{"embeddable":true,"href":"https:\/\/moverdb.com\/fi\/wp-json\/wp\/v2\/users\/1"}],"replies":[{"embeddable":true,"href":"https:\/\/moverdb.com\/fi\/wp-json\/wp\/v2\/comments?post=945"}],"version-history":[{"count":8,"href":"https:\/\/moverdb.com\/fi\/wp-json\/wp\/v2\/pages\/945\/revisions"}],"predecessor-version":[{"id":6201,"href":"https:\/\/moverdb.com\/fi\/wp-json\/wp\/v2\/pages\/945\/revisions\/6201"}],"wp:attachment":[{"href":"https:\/\/moverdb.com\/fi\/wp-json\/wp\/v2\/media?parent=945"}],"curies":[{"name":"wp","href":"https:\/\/api.w.org\/{rel}","templated":true}]}}