{"id":944,"date":"2016-09-04T13:58:08","date_gmt":"2016-09-04T13:58:08","guid":{"rendered":"http:\/\/moverdb.com\/?page_id=944"},"modified":"2026-01-08T14:48:19","modified_gmt":"2026-01-08T14:48:19","slug":"excess-international-movers","status":"publish","type":"page","link":"https:\/\/moverdb.com\/fi\/excess-international-movers\/","title":{"rendered":"Ylim\u00e4\u00e4r\u00e4iset kansainv\u00e4liset muuttajat: International Removals Reviews"},"content":{"rendered":"<p>Excess International Movers tarjoaa yritysasiakkaille, yksityishenkil\u00f6ille ja perheille laajan valikoiman palveluja, jotka on lueteltu alla. Seuraavassa on my\u00f6s yrityksen profiili ja arvosteluja.<\/p>\n<p><strong><a href=\"https:\/\/moverdb.com\/fi\/international-removals\/\" data-internallinksmanager029f6b8e52c=\"27\" title=\"36 Parhaat kansainv\u00e4liset muuttoyritykset Yhdistyneess\u00e4 kuningaskunnassa\">Kansainv\u00e4liset muutot<\/a><\/strong><\/p>\n<ul>\n<li> Lent\u00e4en, meritse tai maanteitse<\/li>\n<li> Palvelu ovelta ovelle<\/li>\n<li> Erityispalvelu kansainv\u00e4lisi\u00e4 siirtoja varten<\/li>\n<li> Muuttokoordinaattori, joka j\u00e4rjest\u00e4\u00e4 muutot alusta loppuun ja vastaa kaikkiin kysymyksiin.<\/li>\n<li> Pakkaajat ja muuttomiehet pakkaavat omaisuutensa alan parhaisiin hyv\u00e4ksyttyihin pakkausmateriaaleihin - my\u00f6s Excess International Moversin tarjoamat tuotteet.<\/li>\n<li> Muutot lastattu <a href=\"https:\/\/moverdb.com\/fi\/konttikuljetukset\/\">kuljetuskontti<\/a> tai vied\u00e4\u00e4n lastattavaksi ilma-alukseen<\/li>\n<li> Tavarat tulliselvitet\u00e4\u00e4n, toimitetaan ja puretaan uuteen kotiin, toimistoon, hotelliin tai muuhun lopulliseen sijaintiin - tai asetetaan noudettavaksi valitulta lentoasemalta.<\/li>\n<li> Kansainv\u00e4liset muuttomaksut, tulliselvitys- ja terminaalimaksut<\/li>\n<\/ul>\n<p><strong>Euroopan muutot<\/strong><\/p>\n<ul>\n<li> Palvelu ovelta ovelle<\/li>\n<li> Suorat suorat palvelut. Tavarasi pakataan kotonasi, lastataan ja kuljetetaan suoraan uuteen kotiisi Eurooppaan. Sin\u00e4 valitset toimitusp\u00e4iv\u00e4n tarpeidesi mukaan. <\/li>\n<li> Jaettu kuorma. Sopii, jos haluat siirt\u00e4\u00e4 tavaroita pienempin\u00e4 erin\u00e4, joissa aikataululla ei ole niin suurta merkityst\u00e4. Vaikka asiakkaille tarjotaan edelleen kiinte\u00e4 noutop\u00e4iv\u00e4m\u00e4\u00e4r\u00e4, sinulle annetaan aikaikkuna toimitukselle ennen noutoa, ja toimitusp\u00e4iv\u00e4 vahvistetaan, kun jaetun kuorman aikataulu on vahvistettu.<\/li>\n<li> Oma muuttokoordinaattori, joka vastaa kyselyihin ja j\u00e4rjest\u00e4\u00e4 EU:n muutot alusta loppuun.<\/li>\n<li> Euroopan muutot, mukaan lukien ammattimainen pakkauspalvelu, jossa k\u00e4ytet\u00e4\u00e4n alan hyv\u00e4ksymi\u00e4 pakkausmateriaaleja, jotta omaisuutesi on turvassa kuljetuksen aikana.<\/li>\n<li> Muutto noudetaan, toimitetaan ja puretaan sitten uuteen kotiin, jossa kaikki sis\u00e4lt\u00f6 on sijoitettu tarpeen mukaan.<\/li>\n<\/ul>\n<p><strong>Varastointipalvelut<\/strong><\/p>\n<ul>\n<li> 24 tunnin vartiointi<\/li>\n<li> Tavaroiden saanti edellytt\u00e4\u00e4 ennakkoilmoitusta ja voi aiheuttaa lis\u00e4maksun.<\/li>\n<li> Opiskelijoiden varastointialennukset<\/li>\n<li> Konttipohjainen varastointi<\/li>\n<\/ul>\n<p><strong>Opiskelijapalvelut<\/strong><\/p>\n<ul>\n<li> Erityiset alennetut miniliikkeet<\/li>\n<li> Erityinen alennettu 5 laatikon varastointivaihtoehto<\/li>\n<li> Opiskelija <a href=\"https:\/\/moverdb.com\/fi\/laivayhtiot\/\">kansainv\u00e4linen merenkulku<\/a><\/li>\n<\/ul>\n<p><strong>Lis\u00e4palvelut<\/strong><\/p>\n<ul>\n<li> Matkatavaroiden kuljetus<\/li>\n<li> Saattamattomat matkatavarat<\/li>\n<li> Ylim\u00e4\u00e4r\u00e4iset matkatavarat<\/li>\n<li> <a href=\"https:\/\/moverdb.com\/fi\/auto-kuljetus-kuljetus\/\">Ajoneuvojen kuljetus<\/a><\/li>\n<li> Yritysten muutto<\/li>\n<li> Kuvataiteen merenkulku<\/li>\n<li> Tuonti<\/li>\n<\/ul>\n<h2>Excess International Movers Yrityksen profiili<\/h2>\n<p>Excess International Movers on toiminut yli 30 vuotta, ja se k\u00e4sittelee vuosittain yli 50 000 l\u00e4hetyst\u00e4 sek\u00e4 kansainv\u00e4lisesti ett\u00e4 paikallisesti. He sanovat pystyv\u00e4ns\u00e4 hoitamaan mink\u00e4 tahansa kokoisen muuton ja tekev\u00e4t sen mink\u00e4 tahansa j\u00e4rkev\u00e4n aikataulun puitteissa. Excess International Movers v\u00e4itt\u00e4\u00e4 toimittavansa yli 25 000 kohteeseen ymp\u00e4ri maailmaa.<\/p>\n<p>Yritys kattaa kaikki ulkomaille muuton osa-alueet alkuper\u00e4isest\u00e4 tarjouksesta aina kohdemaan asettautumispalveluihin. Se tarjoaa kuljetusratkaisuja yksityishenkil\u00f6ille, perheille ja yrityksille, my\u00f6s monille korkean profiilin blue chip -yrityksille.<\/p>\n<p>Excess International Movers -akkreditoinnit ja sidonnaisuudet:<\/p>\n<ul>\n<li> <a href=\"https:\/\/moverdb.com\/fi\/british-association-of-removers\/\">British Association of Removers<\/a> (<a href=\"https:\/\/moverdb.com\/fi\/british-association-of-removers\/\" data-internallinksmanager029f6b8e52c=\"9\" title=\"British Association of Removers (BAR) selitetty\">BAR<\/a>)<\/li>\n<li> <a href=\"https:\/\/moverdb.com\/fi\/fidi-faim\/\">Kansainv\u00e4listen huonekalujen muuttajien liitto<\/a> (<a href=\"https:\/\/moverdb.com\/fi\/fidi-faim\/\" data-internallinksmanager029f6b8e52c=\"16\" title=\"FIDI &amp; FAIM (FIDI Accredited International Mover) selitettyin\u00e4\">FIDI<\/a>)<\/li>\n<li> <a href=\"https:\/\/moverdb.com\/fi\/hgfaa\/\">Household Goods Forwarders Association of America (Amerikan kotitaloustavaroiden huolitsijoiden yhdistys)<\/a> (HHGFAA)<\/li>\n<li> <a href=\"https:\/\/moverdb.com\/fi\/fidi-faim\/\">FAIM Plus<\/a><\/li>\n<li> <a href=\"https:\/\/moverdb.com\/fi\/mtc\/\">The Movers Trading Club<\/a> (<a href=\"https:\/\/moverdb.com\/fi\/mtc\/\" data-internallinksmanager029f6b8e52c=\"30\" title=\"Movers Trading Club (MTC) selitetty\">MTC<\/a>)<\/li>\n<li> The <a href=\"https:\/\/moverdb.com\/fi\/olen\/\">Kansainv\u00e4linen muuttajien liitto<\/a> (<a href=\"https:\/\/moverdb.com\/fi\/iam\/\" data-internallinksmanager029f6b8e52c=\"23\" title=\"Kansainv\u00e4linen muuttajien liitto (IAM) selitetty\">IAM<\/a>)<\/li>\n<li> ISO 9001<\/li>\n<\/ul>\n<h2>Excess International Movers Arvostelut<\/h2>\n<p><strong>Positiivinen<\/strong><\/p>\n<ul>\n<li> <em>\"Alusta alkaen oli ilo tehd\u00e4 kauppaa Excess Internationl Moversin kanssa. He ovat eritt\u00e4in kohtuuhintaisia ja opastavat prosessin aikana. Nouto ja toimitus sujuivat saumattomasti, enk\u00e4 voisi olla tyytyv\u00e4isempi palveluun. Suosittelen l\u00e4mpim\u00e4sti.\"<\/em> - Rouva Sophie Hay kautta <a href=\"http:\/\/www.excess-international.com\/reviews\" target=\"_blank\" rel=\"noopener\">yrityksen arviointisivu<\/a><\/li>\n<li> <em>\"Loistavaa palvelua tarjouksesta laivaan. Suosittelemme t\u00e4t\u00e4 yrityst\u00e4 l\u00e4mpim\u00e4sti.\"<\/em> - Lisa kautta <a href=\"https:\/\/uk.trustpilot.com\/reviews\/57bc88a00000ff00097f3cfc\" target=\"_blank\" rel=\"noopener\">Trustpilot<\/a>.<\/li>\n<li> <em>\"Muutimme hiljattain <a href=\"https:\/\/moverdb.com\/fi\/moving-to-the-uk\/\" data-internallinksmanager029f6b8e52c=\"93\" title=\"Muutatko Yhdistyneeseen kuningaskuntaan? 2022 Elinkustannukset ja muuttovinkit\">UK<\/a> osoitteeseen <a href=\"https:\/\/moverdb.com\/fi\/moving-to-canada\/\" data-internallinksmanager029f6b8e52c=\"265\" title=\"Muutto Kanadaan? 2023 Elinkustannukset ja muuttovinkit\">Kanada<\/a>, ja Excess International teki koko prosessista eritt\u00e4in kivuttoman. Tarjous oli melko tarkka (lopulliset kustannukset olivat itse asiassa hieman alkuper\u00e4ist\u00e4 tarjousta alhaisemmat, mik\u00e4 oli hyv\u00e4 - ei ik\u00e4vi\u00e4 yll\u00e4tyksi\u00e4 viime hetkell\u00e4), pakkaajat tekiv\u00e4t hyv\u00e4\u00e4 ty\u00f6t\u00e4, ja Attila vastasi mielell\u00e4\u00e4n kaikkiin kysymyksiimme.\"<\/em> - kautta <a href=\"http:\/\/www.reviewcentre.com\/Removal-Companies\/Excess-International-Movers-www-excess-international-com-review_2391382\" target=\"_blank\" rel=\"noopener\">Arvostelukeskus<\/a><\/li>\n<li> <em>\"Miehet, jotka tulivat tekem\u00e4\u00e4n kotitalouden muuttoa ja pakkaamista, olivat aivan #1 - ensiluokkaisia kaikessa, omistautuneita ahkeria ty\u00f6ntekij\u00f6it\u00e4 ja eritt\u00e4in kohteliaita.\"<\/em> - Anton kautta <a href=\"http:\/\/www.shipping-international.com\/companies\/excess-international-movers.html\" target=\"_blank\" rel=\"noopener\">Shipping-International.com<\/a><\/li>\n<\/ul>\n<p><strong>Negatiivinen<\/strong><\/p>\n<ul>\n<li> <em>\"Tunsimme, ett\u00e4 olimme tehneet hyv\u00e4n p\u00e4\u00e4t\u00f6ksen saatuamme muutamia tarjouksia, mutta valitettavasti asiat eiv\u00e4t kuitenkaan menneet odotetulla tavalla.\"<\/em> - Lee\/Mrs Alexandria kautta <a href=\"https:\/\/uk.trustpilot.com\/reviews\/57b38afd0000ff00097cab0e\" target=\"_blank\" rel=\"noopener\">Trustpilot<\/a><\/li>\n<li> <em>\"Meill\u00e4 on edelleen ongelma, joka juontaa juurensa vuoden 2015 alusta EIM:n kanssa, kun konttimme saapui Yhdistyneest\u00e4 kuningaskunnasta Neesiaan. EIM:n henkil\u00f6kunta Yhdistyneess\u00e4 kuningaskunnassa teippasi kontin katossa olevan rei\u00e4n kiinni omalla pakkausteipill\u00e4\u00e4n.\"<\/em> - Robert Snijders kautta <a href=\"http:\/\/www.removalreviews.co.uk\/movingreviews\/move-from-uk-to-nz-10229\" target=\"_blank\" rel=\"noopener\">Muutto Arvostelut<\/a><\/li>\n<li> <em>\"S\u00e4\u00e4litt\u00e4v\u00e4\u00e4 palvelua eik\u00e4 asianmukaista viestint\u00e4\u00e4. En suosittele k\u00e4ytt\u00e4m\u00e4\u00e4n n\u00e4it\u00e4 tyyppej\u00e4 ollenkaan. Vuorovaikutukseni on ollut eritt\u00e4in pettymys ja turhauttavaa.\"<\/em> - kautta <a href=\"http:\/\/www.reviewcentre.com\/Removal-Companies\/Excess-International-Movers-www-excess-international-com-review_3918175\" target=\"_blank\" rel=\"noopener\">Arvostelukeskus<\/a><\/li>\n<li> <em>\"Aivan kauhea yritys, jonka kanssa on ollut tekemisiss\u00e4, tuntui kuin olisi ollut tekemisiss\u00e4 velanperij\u00e4n kanssa, kun puhui heid\u00e4n kanssaan puhelimessa.\" -<br \/>\nWill B. kautta <a href=\"https:\/\/www.yelp.co.uk\/biz\/excess-international-movers-london-2?hrid=gh9RC6mlebc__fP5wR0Q8g&#038;utm_campaign=www_review_share_popup&#038;utm_medium=copy_link&#038;utm_source=(direct)\" target=\"_blank\" rel=\"noopener\">Yelp<\/a><\/em><\/li>\n<\/ul>\n<div itemprop=\"review\" itemscope itemtype=\"http:\/\/schema.org\/Review\">\n<span itemprop=\"author\" itemscope=\"\" itemtype=\"http:\/\/schema.org\/Organization\"><span itemprop=\"name\">MoverDB.com<\/span><\/span> Verkkosivuston arvostelu <span itemprop=\"itemreviewed\" itemscope=\"\" itemtype=\"http:\/\/schema.org\/Brand\"><span itemprop=\"name\">Ylim\u00e4\u00e4r\u00e4iset kansainv\u00e4liset muuttajat<\/span><\/span>:<\/p>\n<ol>\n<li> Selke\u00e4t yhteystiedot verkkosivustolla (my\u00f6s puhelinnumero): <strong>Kyll\u00e4<\/strong><\/li>\n<li> Helppo saada <a href=\"https:\/\/moverdb.com\/fi\/lainauksia\/\">kansainv\u00e4liset muutot tarjoukset<\/a>? (Online-arviolomake): <strong>Kyll\u00e4<\/strong><\/li>\n<li> Selke\u00e4t tiedot verkkosivustolla: <strong>Kyll\u00e4,<\/strong> Verkkosivuston tiedot ovat varsin yksityiskohtaiset, ja ne antavat potentiaalisille asiakkaille hyv\u00e4n k\u00e4sityksen tarjonnasta.<\/li>\n<li> J\u00e4senyys kansainv\u00e4lisiss\u00e4 tunnustetuissa liikkuvissa j\u00e4rjest\u00f6iss\u00e4: <strong>Kyll\u00e4<\/strong>, ks. edell\u00e4.<\/li>\n<li> Luettelo asiakkaista ja\/tai aiempien asiakkaiden suosittelut: <strong>Kyll\u00e4,<\/strong> Heid\u00e4n verkkosivuillaan on monia my\u00f6nteisi\u00e4 asiakaskertomuksia, vaikka muualla arviot ovat hieman vaihtelevampia.<\/li>\n<\/ol>\n<div itemprop=\"reviewRating\" itemscope itemtype=\"http:\/\/schema.org\/Rating\"><meta itemprop=\"worstRating\" content = \"0\" \/><meta itemprop=\"bestRating\" content=\"5\" \/><meta itemprop=\"ratingValue\" content=\"4\"><\/div>\n<p><strong>Yleisarvosana: 4\/5<\/strong><br \/>\n<strong>Tarkistusp\u00e4iv\u00e4:<\/strong> <span itemprop=\"datePublished\" content=\"2016-09-04\">04\/09\/2016<\/span>\n<\/div>\n<p>Lis\u00e4tietoja <a href=\"https:\/\/moverdb.com\/fi\/international-removals\/\">kansainv\u00e4liset muutot<\/a> ja meid\u00e4n <a href=\"https:\/\/moverdb.com\/fi\/arvostelut\/\">tarkistusprosessi<\/a>.<\/p>\n<p><strong>Verkkosivusto:<\/strong> <a href=\"http:\/\/www.excess-international.com\/\" target=\"_blank\" rel=\"noopener\">http:\/\/www.excess-international.com<\/a><\/p>","protected":false},"excerpt":{"rendered":"<p>Excess International Movers offer corporate clients, individuals and families a wide range of services which are listed below. There also follows a company profile and reviews. International Removals Air, sea or road Door to door service Dedicated service for international relocations A move co-ordinator to organise removals from start to finish and answer any queries [&hellip;]<\/p>\n","protected":false},"author":1,"featured_media":0,"parent":0,"menu_order":0,"comment_status":"closed","ping_status":"closed","template":"","meta":{"_genesis_hide_title":false,"_genesis_hide_breadcrumbs":false,"_genesis_hide_singular_image":false,"_genesis_hide_footer_widgets":false,"_genesis_custom_body_class":"","_genesis_custom_post_class":"","_genesis_layout":"","footnotes":""},"class_list":{"0":"post-944","1":"page","2":"type-page","3":"status-publish","5":"entry"},"_links":{"self":[{"href":"https:\/\/moverdb.com\/fi\/wp-json\/wp\/v2\/pages\/944","targetHints":{"allow":["GET"]}}],"collection":[{"href":"https:\/\/moverdb.com\/fi\/wp-json\/wp\/v2\/pages"}],"about":[{"href":"https:\/\/moverdb.com\/fi\/wp-json\/wp\/v2\/types\/page"}],"author":[{"embeddable":true,"href":"https:\/\/moverdb.com\/fi\/wp-json\/wp\/v2\/users\/1"}],"replies":[{"embeddable":true,"href":"https:\/\/moverdb.com\/fi\/wp-json\/wp\/v2\/comments?post=944"}],"version-history":[{"count":8,"href":"https:\/\/moverdb.com\/fi\/wp-json\/wp\/v2\/pages\/944\/revisions"}],"predecessor-version":[{"id":6207,"href":"https:\/\/moverdb.com\/fi\/wp-json\/wp\/v2\/pages\/944\/revisions\/6207"}],"wp:attachment":[{"href":"https:\/\/moverdb.com\/fi\/wp-json\/wp\/v2\/media?parent=944"}],"curies":[{"name":"wp","href":"https:\/\/api.w.org\/{rel}","templated":true}]}}