{"id":942,"date":"2016-09-04T17:22:17","date_gmt":"2016-09-04T17:22:17","guid":{"rendered":"http:\/\/moverdb.com\/?page_id=942"},"modified":"2026-01-08T14:47:57","modified_gmt":"2026-01-08T14:47:57","slug":"city-moving-storage","status":"publish","type":"page","link":"https:\/\/moverdb.com\/fi\/city-moving-storage\/","title":{"rendered":"City Moving and Storage: International Removals Reviews"},"content":{"rendered":"<p>City Moving and Storage tarjoaa sek\u00e4 ulkomaisia ett\u00e4 paikallisia muuttoja sek\u00e4 yritys- ett\u00e4 yksityisasiakkaille. Seuraavassa on luettelo n\u00e4ist\u00e4 palveluista sek\u00e4 yrityksen profiili ja arvostelut.<\/p>\n<p><strong>Huom:<\/strong> City Moving and Storage, ei pid\u00e4 sekoittaa City Removals -yritykseen, joka on erillinen yritys, joka sekavasti my\u00f6s tarjoaa <a href=\"https:\/\/moverdb.com\/fi\/international-removals\/\">kansainv\u00e4liset muutot<\/a>.<\/p>\n<p><strong>Muuttopalvelut<\/strong><\/p>\n<ul>\n<li> Purkaminen ja roskien poisto T\u00e4ydellinen pakkauspalvelu<\/li>\n<li> Antiikkiesineiden ja taideteosten laatikointi<\/li>\n<li> Merikuljetuspalvelut LCL (less than container load) tai FCL (full container load) -kuljetuksina. <a href=\"https:\/\/moverdb.com\/fi\/konttikuljetukset\/\">konttikuljetukset<\/a>.<\/li>\n<li> Viikoittaiset muuttoautopalvelut Eurooppaan<\/li>\n<li> Tulliselvitys ja muodollisuudet<\/li>\n<li> Pakkausten purkaminen ja roskien poistaminen<\/li>\n<\/ul>\n<p><strong>Varastointipalvelut<\/strong><\/p>\n<ul>\n<li> Konttien lastaaminen<\/li>\n<li> Pakkausastiat<\/li>\n<li> S\u00e4ili\u00f6iden sinet\u00f6inti<\/li>\n<li> S\u00e4ili\u00f6iden varastointi<\/li>\n<\/ul>\n<h2>City Moving and Storage Yrityksen profiili<\/h2>\n<p>City Moving and Storage on yksityinen osakeyhti\u00f6, joka aloitti toimintansa vuonna 1986. Sen p\u00e4\u00e4konttori sijaitsee <a href=\"https:\/\/moverdb.com\/fi\/moving-to-london\/\">Lontoo<\/a> globaalien liikekumppaneiden kanssa ymp\u00e4ri maailmaa. Yritys l\u00e4hett\u00e4\u00e4 henkil\u00f6kohtaisia ja liiketavaroita kaikkialle maailmaan, ja se on ylpe\u00e4 ammattitaitoisesta ja hyvin koulutetusta henkil\u00f6kunnasta, joka seuraa prosessia ovelta ovelle.<\/p>\n<p>Yritys on erikoistunut antiikkiesineiden, taideteosten, pianojen ja autojen kuljetukseen ymp\u00e4ri maailmaa. Yrityksell\u00e4 on Skandinaviaan erikoistunut osasto, joka l\u00e4htee viikoittain Lontoosta. Asiakkaat pidet\u00e4\u00e4n t\u00e4ysin ajan tasalla l\u00e4hetysten suhteen, ja heille l\u00e4hetet\u00e4\u00e4n ilmoituksia matkan jokaisessa vaiheessa. <\/p>\n<p>City Moving and Storage on akkreditoitu seuraavilta tahoilta:<\/p>\n<ul>\n<li> <a href=\"https:\/\/moverdb.com\/fi\/british-association-of-removers\/\">British Association of Removers<\/a> (<a href=\"https:\/\/moverdb.com\/fi\/british-association-of-removers\/\" data-internallinksmanager029f6b8e52c=\"9\" title=\"British Association of Removers (BAR) selitetty\">BAR<\/a>)<\/li>\n<li> <a href=\"https:\/\/moverdb.com\/fi\/fidi-faim\/\">Kansainv\u00e4listen muuttajien liitto<\/a> (<a href=\"https:\/\/moverdb.com\/fi\/fidi-faim\/\" data-internallinksmanager029f6b8e52c=\"16\" title=\"FIDI &amp; FAIM (FIDI Accredited International Mover) selitettyin\u00e4\">FIDI<\/a>)<\/li>\n<li> Laadunvarmistettu palvelustandardi - BS EN 12522<\/li>\n<\/ul>\n<p><strong>City Moving and Storage Arvostelut<\/strong><\/p>\n<p>Emme l\u00f6yt\u00e4neet netist\u00e4 yht\u00e4\u00e4n positiivista tai negatiivista arviota yrityksest\u00e4 City Moving and Storage.<\/p>\n<div itemprop=\"review\" itemscope itemtype=\"http:\/\/schema.org\/Review\">\n<span itemprop=\"author\" itemscope=\"\" itemtype=\"http:\/\/schema.org\/Organization\"><span itemprop=\"name\">MoverDB.com<\/span><\/span> Verkkosivuston arvostelu <span itemprop=\"itemreviewed\" itemscope=\"\" itemtype=\"http:\/\/schema.org\/Brand\"><span itemprop=\"name\">Kaupunki Muutto ja varastointi<\/span><\/span>:<\/p>\n<ol>\n<li> Selke\u00e4t yhteystiedot verkkosivustolla (my\u00f6s puhelinnumero): <strong>Kyll\u00e4<\/strong><\/li>\n<li> Helppo saada <a href=\"https:\/\/moverdb.com\/fi\/lainauksia\/\">kansainv\u00e4liset muutto tarjoukset<\/a>? (Online-arviolomake): <strong>Basic<\/strong>, heill\u00e4 on yhteydenottolomake kotisivullaan, mutta he eiv\u00e4t ilmoita, tarjoavatko he tarjouksia.<\/li>\n<li> Selke\u00e4t tiedot verkkosivustolla: <strong>Ei,<\/strong> Sivusto perustettiin vuonna 2008, ja se kertoo hyvin v\u00e4h\u00e4n yrityksest\u00e4 tai sen tarjoamista siirroista.<\/li>\n<li> J\u00e4senyys kansainv\u00e4lisiss\u00e4 tunnustetuissa liikkuvissa j\u00e4rjest\u00f6iss\u00e4: <strong>Kyll\u00e4<\/strong>, ks. edell\u00e4.<\/li>\n<li> Luettelo asiakkaista ja\/tai aiempien asiakkaiden suosittelut: <strong>Ei,<\/strong> Sivuston sis\u00e4lt\u00f6 on j\u00e4lleen minimaalinen, eik\u00e4 se sis\u00e4ll\u00e4 asiakkaiden suositteluja tai asiakasluetteloita, eik\u00e4 verkossa n\u00e4yt\u00e4 olevan mit\u00e4\u00e4n arvosteluja.<\/li>\n<\/ol>\n<div itemprop=\"reviewRating\" itemscope itemtype=\"http:\/\/schema.org\/Rating\"><meta itemprop=\"worstRating\" content = \"0\" \/><meta itemprop=\"bestRating\" content=\"5\" \/><meta itemprop=\"ratingValue\" content=\"2.5\"><\/div>\n<p><strong>Yleisarvosana: 2.5\/5<\/strong><br \/>\n<strong>Tarkistusp\u00e4iv\u00e4:<\/strong> <span itemprop=\"datePublished\" content=\"2016-09-04\">04\/09\/2016<\/span>\n<\/div>\n<p>Lis\u00e4tietoja <a href=\"https:\/\/moverdb.com\/fi\/muuttoyritykset\/\">kansainv\u00e4liset muuttofirmat<\/a> ja meid\u00e4n <a href=\"https:\/\/moverdb.com\/fi\/arvostelut\/\">tarkistusprosessi<\/a>.<\/p>\n<p><strong>Verkkosivusto:<\/strong> <a href=\"http:\/\/www.citymoving.co.uk\" target=\"_blank\" rel=\"noopener\">http:\/\/www.citymoving.co.uk<\/a><\/p>","protected":false},"excerpt":{"rendered":"<p>City Moving and Storage offer both overseas and local moves to both business and private clients. There follows a list of these services, together with a company profile and reviews. Note: City Moving and Storage, should not be confused with City Removals, which is a separate company that also confusingly offers international removals. Moving Services [&hellip;]<\/p>\n","protected":false},"author":1,"featured_media":0,"parent":0,"menu_order":0,"comment_status":"closed","ping_status":"closed","template":"","meta":{"_genesis_hide_title":false,"_genesis_hide_breadcrumbs":false,"_genesis_hide_singular_image":false,"_genesis_hide_footer_widgets":false,"_genesis_custom_body_class":"","_genesis_custom_post_class":"","_genesis_layout":"","footnotes":""},"class_list":{"0":"post-942","1":"page","2":"type-page","3":"status-publish","5":"entry"},"_links":{"self":[{"href":"https:\/\/moverdb.com\/fi\/wp-json\/wp\/v2\/pages\/942","targetHints":{"allow":["GET"]}}],"collection":[{"href":"https:\/\/moverdb.com\/fi\/wp-json\/wp\/v2\/pages"}],"about":[{"href":"https:\/\/moverdb.com\/fi\/wp-json\/wp\/v2\/types\/page"}],"author":[{"embeddable":true,"href":"https:\/\/moverdb.com\/fi\/wp-json\/wp\/v2\/users\/1"}],"replies":[{"embeddable":true,"href":"https:\/\/moverdb.com\/fi\/wp-json\/wp\/v2\/comments?post=942"}],"version-history":[{"count":5,"href":"https:\/\/moverdb.com\/fi\/wp-json\/wp\/v2\/pages\/942\/revisions"}],"predecessor-version":[{"id":6191,"href":"https:\/\/moverdb.com\/fi\/wp-json\/wp\/v2\/pages\/942\/revisions\/6191"}],"wp:attachment":[{"href":"https:\/\/moverdb.com\/fi\/wp-json\/wp\/v2\/media?parent=942"}],"curies":[{"name":"wp","href":"https:\/\/api.w.org\/{rel}","templated":true}]}}