{"id":941,"date":"2016-07-25T11:02:02","date_gmt":"2016-07-25T11:02:02","guid":{"rendered":"http:\/\/moverdb.com\/?page_id=941"},"modified":"2026-01-08T15:30:36","modified_gmt":"2026-01-08T15:30:36","slug":"united-van-lines","status":"publish","type":"page","link":"https:\/\/moverdb.com\/fi\/united-van-lines\/","title":{"rendered":"United Van Lines: Van United Lines: International Moving Services &amp; Reviews: International Moving Services &amp; Reviews"},"content":{"rendered":"<p>United Van Lines tarjoaa asiakkailleen monia muuttopalveluja sek\u00e4 kansainv\u00e4lisesti ett\u00e4 maan sis\u00e4ll\u00e4. <a href=\"https:\/\/moverdb.com\/fi\/moving-to-the-united-states\/\" data-internallinksmanager029f6b8e52c=\"94\" title=\"Muutatko Yhdysvaltoihin? 2022 Elinkustannukset ja muuttovinkit\">US<\/a>. Alla on luettelo n\u00e4ist\u00e4 palveluista sek\u00e4 yritysprofiili ja arvosteluja.<\/p>\n<p><strong>Kansainv\u00e4liset muutot<\/strong><\/p>\n<ul>\n<li> Muuton suunnittelu ja valmistelu<\/li>\n<li> Tarpeiden arviointi ja arvio<\/li>\n<li> Kohteen esikatselumatka<\/li>\n<li> Kielikoulutus ja kulttuurinen orientaatio<\/li>\n<li> Muuton hallinta<\/li>\n<li> Suunnittelupalvelut<\/li>\n<li> Kansainv\u00e4linen kauttakulku<\/li>\n<li> Seuranta ja toimitus<\/li>\n<li> Asettautumispalvelut - pankit, l\u00e4\u00e4k\u00e4rit jne.<\/li>\n<li> Viisumi- ja maahanmuuttopalvelut<\/li>\n<li> Yritysten maahanmuuttoprosessit<\/li>\n<li> Yksitt\u00e4iset maahanmuuttoprosessit<\/li>\n<li> Asumistuki - tilap\u00e4inen tai pysyv\u00e4<\/li>\n<li> Talonetsint\u00e4palvelut<\/li>\n<li> V\u00e4liaikainen majoitus<\/li>\n<li> Kiinteist\u00f6jen ja vuokrasopimusten hallinta<\/li>\n<li> Perheen muuttoapu<\/li>\n<li> Viisumi- ja passiprosessi<\/li>\n<li> Kumppanin\/puolison tuki<\/li>\n<li> Kouluapu<\/li>\n<li> Kulttuuri- ja kielikoulutus<\/li>\n<li> Lemmikkiel\u00e4inten uudelleensijoittaminen<\/li>\n<li> Vakuutus<\/li>\n<\/ul>\n<p><strong>Siirry Unitedin kanssa<\/strong><\/p>\n<ul>\n<li> Paikalliset siirrot<\/li>\n<li> Kansainv\u00e4liset siirrot<\/li>\n<li> Pitk\u00e4n matkan siirrot<\/li>\n<li> Yrityssiirrot<\/li>\n<li> Sotilaalliset ja hallinnolliset siirrot<\/li>\n<li> Autoteollisuuden siirrot<\/li>\n<\/ul>\n<p><strong>Pakkaaminen ja varastointi<\/strong><\/p>\n<ul>\n<li> Itsepakkaus<\/li>\n<li> R\u00e4\u00e4t\u00e4l\u00f6ity pakkaus<\/li>\n<li> T\u00e4yden palvelun pakkaus<\/li>\n<li> Pura pakkauksesi<\/li>\n<li> R\u00e4\u00e4t\u00e4l\u00f6ity purkaminen<\/li>\n<li> T\u00e4ydellinen pakkauksen purkaminen<\/li>\n<li> 90 p\u00e4iv\u00e4n varastointi kuljetuksen aikana<\/li>\n<li> Holvivarastointi<\/li>\n<li> Lyhyt ja pitk\u00e4 varastointi ja varastointi<\/li>\n<\/ul>\n<h2>United Van Lines Yrityksen profiili<\/h2>\n<p>United Van Lines aloitti toimintansa vuonna 1928 Clevelandissa nimell\u00e4 Return Loads Service, <a href=\"https:\/\/moverdb.com\/fi\/moving-to-the-united-states\/moving-to-ohio\/\" data-internallinksmanager029f6b8e52c=\"409\" title=\"Muutatko Ohioon? 2023 Elinkustannukset ja muuttovinkit\">Ohio<\/a>. Yritys on kasvanut vahvuudesta vahvuuteen ja laajentunut kansainv\u00e4lisille markkinoille. Vuonna 1995 sen liikevaihto oli ensimm\u00e4isen kerran miljardi dollaria. <\/p>\n<p>United Van Lines on #1 maan muuttajien markkinaosuudessa.<\/p>\n<p>Unitedilla on 340 paikallista agenttia eri puolilla maata, jotka tarjoavat muuttoja ja varastointitiloja. Yritys k\u00e4ytt\u00e4\u00e4 kansainv\u00e4lisiss\u00e4 muutoissaan yli 1000 ammattimaista agenttia 128 maassa.<\/p>\n<p>United Van Linesilla on seuraavat akkreditoinnit ja j\u00e4senyydet:<\/p>\n<ul>\n<li> <a href=\"https:\/\/moverdb.com\/fi\/amsa\/\">American Moving and Storage Association<\/a> (<a href=\"https:\/\/moverdb.com\/fi\/amsa\/\" data-internallinksmanager029f6b8e52c=\"5\" title=\"American Moving &amp; Storage Association (AMSA) selitetty\">AMSA<\/a>)<\/li>\n<li> <a href=\"https:\/\/moverdb.com\/fi\/vanne-promover\/\">ProMover<\/a> (AMSA)<\/li>\n<li> Kansallinen laadunvarmistus USA ISO 9001 2008<\/li>\n<li> <a href=\"https:\/\/moverdb.com\/fi\/canadian-association-of-movers\/\">Kanadan muuttajien liitto<\/a> (<a href=\"https:\/\/moverdb.com\/fi\/canadian-association-of-movers\/\" data-internallinksmanager029f6b8e52c=\"11\" title=\"Kanadan muuttajien yhdistys (CAM) selitetty\">CAM<\/a>)<\/li>\n<\/ul>\n<h2>United Van Lines Arvostelut<\/h2>\n<p><strong>Positiivinen:<\/strong><\/p>\n<ul>\n<li> \"<em>United Van Lines ja heid\u00e4n paikalliset yhteisty\u00f6kumppaninsa olivat loistavia.\"<\/em> - Julia kautta <a href=\"http:\/\/www.yelp.com\/user_details?userid=nPUhNLstAOJEWjHLAb1rpA\" target=\"_blank\" rel=\"noopener\">Yelp<\/a><\/li>\n<li> \"<em>Jos olet muuttamassa Omahaan, olet sen itsellesi velkaa, ett\u00e4 k\u00e4yt\u00e4t t\u00e4t\u00e4 yrityst\u00e4.\"<\/em> - Dean S kautta <a href=\"http:\/\/www.movingcompanyreviews.com\/MO\/Fenton\/united-van-lines-llc-61144\" target=\"_blank\" rel=\"noopener\">MovingCompanyReviews.com<\/a><\/li>\n<\/ul>\n<p><strong>Negatiivinen:<\/strong><\/p>\n<ul>\n<li> \"<em>Kamala asiakaspalvelu.\"<\/em> - Ally kautta <a href=\"http:\/\/www.yelp.com\/user_details?userid=ab4N7Z9Che1cq3g-QrONUw\" target=\"_blank\" rel=\"noopener\">Yelp<\/a> <\/li>\n<li> \"<em>Painajainen. Teimme yhteisty\u00f6t\u00e4 Corrigan Unitedin John Silvernailin kanssa perheemme siirt\u00e4miseksi pois <a href=\"https:\/\/moverdb.com\/fi\/moving-to-the-united-states\/moving-to-colorado\/\" data-internallinksmanager029f6b8e52c=\"399\" title=\"Muutatko Coloradoon? 2023 Elinkustannukset ja muuttovinkit\">Colorado<\/a> osoitteeseen <a href=\"https:\/\/moverdb.com\/fi\/moving-to-the-united-states\/moving-to-california\/\" data-internallinksmanager029f6b8e52c=\"330\" title=\"Muutto Kaliforniaan? 2023 Elinkustannukset ja muuttovinkit\">Kalifornia<\/a> kes\u00e4kuussa 2014.\"<\/em> - Gaea M kautta <a href=\"http:\/\/www.movingcompanyreviews.com\/MO\/Fenton\/united-van-lines-llc-61144\" target=\"_blank\" rel=\"noopener\">MovingCompanyReviews.com<\/a><\/li>\n<\/ul>\n<div itemprop=\"review\" itemscope itemtype=\"http:\/\/schema.org\/Review\">\n<span itemprop=\"author\" itemscope=\"\" itemtype=\"http:\/\/schema.org\/Organization\"><span itemprop=\"name\">MoverDB.com<\/span><\/span> Verkkosivuston arvostelu <span itemprop=\"itemreviewed\" itemscope=\"\" itemtype=\"http:\/\/schema.org\/Brand\"><span itemprop=\"name\">United Van Lines<\/span><\/span>:<\/p>\n<ol>\n<li> Selke\u00e4t yhteystiedot verkkosivustolla (my\u00f6s puhelinnumero): <strong>Kyll\u00e4<\/strong><\/li>\n<li> Helppo saada <a href=\"https:\/\/moverdb.com\/fi\/lainauksia\/\">kansainv\u00e4liset muutto tarjoukset<\/a>? (Online-arviolomake): <strong>Kyll\u00e4<\/strong><\/li>\n<li> Selke\u00e4t tiedot verkkosivustolla: <strong>Kyll\u00e4.<\/strong> Verkkosivustolla esiteltiin selke\u00e4sti kaikki yrityksen tarjoamat palvelut.<\/li>\n<li> J\u00e4senyys kansainv\u00e4lisiss\u00e4 tunnustetuissa liikkuvissa j\u00e4rjest\u00f6iss\u00e4: <strong>Kyll\u00e4<\/strong>, (ks. edell\u00e4)<\/li>\n<li> Luettelo asiakkaista ja\/tai aiempien asiakkaiden suosittelut. <strong>Kyll\u00e4,<\/strong> Burke Inc. on tarkastanut riippumattomasti yrityksen asiakastyytyv\u00e4isyyslomakkeet, ja niiden perusteella yrityksen asiakastyytyv\u00e4isyysaste on 4,22 viidest\u00e4.<\/li>\n<\/ol>\n<div itemprop=\"reviewRating\" itemscope itemtype=\"http:\/\/schema.org\/Rating\"><meta itemprop=\"worstRating\" content = \"0\" \/><meta itemprop=\"bestRating\" content=\"5\" \/><meta itemprop=\"ratingValue\" content=\"5\"><\/div>\n<p><strong>Yleisarvosana: 5\/5<\/strong><br \/>\n<strong>Tarkistusp\u00e4iv\u00e4:<\/strong> <span itemprop=\"datePublished\" content=\"2016-07-25\">25\/07\/2016<\/span>\n<\/div>\n<p>Lue lis\u00e4\u00e4 <a href=\"https:\/\/moverdb.com\/fi\/muuttoyritykset\/\">kansainv\u00e4liset muuttofirmat<\/a>, <a href=\"https:\/\/moverdb.com\/fi\/us-canada-movers\/\">kotimaiset muuttofirmat<\/a> ja meid\u00e4n <a href=\"https:\/\/moverdb.com\/fi\/arvostelut\/\">tarkistusprosessin selitys<\/a>.<\/p>\n<p><strong>Verkkosivut:<\/strong> YHDYSVALLAT: <a href=\"http:\/\/www.unitedvanlines.com\/\" target=\"_blank\" rel=\"noopener\">http:\/\/www.unitedvanlines.com\/<\/a>; <a href=\"https:\/\/moverdb.com\/fi\/moving-to-canada\/\" data-internallinksmanager029f6b8e52c=\"265\" title=\"Muutto Kanadaan? 2023 Elinkustannukset ja muuttovinkit\">Kanada<\/a>: <a href=\"http:\/\/www.uvl.ca\/\" target=\"_blank\" rel=\"noopener\">http:\/\/www.uvl.ca\/<\/a> <\/p>","protected":false},"excerpt":{"rendered":"<p>United Van Lines offers its clients many moving services both international and within the US. Below is a list of these services, plus a company profile and reviews. International Moves Move planning and preparation Needs assessment and estimate Destination preview trip Language training and cultural orientation Move management Planning services International transit Tracking and delivery [&hellip;]<\/p>\n","protected":false},"author":1,"featured_media":0,"parent":0,"menu_order":0,"comment_status":"closed","ping_status":"closed","template":"","meta":{"_genesis_hide_title":false,"_genesis_hide_breadcrumbs":false,"_genesis_hide_singular_image":false,"_genesis_hide_footer_widgets":false,"_genesis_custom_body_class":"","_genesis_custom_post_class":"","_genesis_layout":"","footnotes":""},"class_list":{"0":"post-941","1":"page","2":"type-page","3":"status-publish","5":"entry"},"_links":{"self":[{"href":"https:\/\/moverdb.com\/fi\/wp-json\/wp\/v2\/pages\/941","targetHints":{"allow":["GET"]}}],"collection":[{"href":"https:\/\/moverdb.com\/fi\/wp-json\/wp\/v2\/pages"}],"about":[{"href":"https:\/\/moverdb.com\/fi\/wp-json\/wp\/v2\/types\/page"}],"author":[{"embeddable":true,"href":"https:\/\/moverdb.com\/fi\/wp-json\/wp\/v2\/users\/1"}],"replies":[{"embeddable":true,"href":"https:\/\/moverdb.com\/fi\/wp-json\/wp\/v2\/comments?post=941"}],"version-history":[{"count":10,"href":"https:\/\/moverdb.com\/fi\/wp-json\/wp\/v2\/pages\/941\/revisions"}],"predecessor-version":[{"id":6249,"href":"https:\/\/moverdb.com\/fi\/wp-json\/wp\/v2\/pages\/941\/revisions\/6249"}],"wp:attachment":[{"href":"https:\/\/moverdb.com\/fi\/wp-json\/wp\/v2\/media?parent=941"}],"curies":[{"name":"wp","href":"https:\/\/api.w.org\/{rel}","templated":true}]}}