{"id":940,"date":"2016-09-04T19:16:26","date_gmt":"2016-09-04T19:16:26","guid":{"rendered":"http:\/\/moverdb.com\/?page_id=940"},"modified":"2026-01-08T14:47:53","modified_gmt":"2026-01-08T14:47:53","slug":"btr-international","status":"publish","type":"page","link":"https:\/\/moverdb.com\/fi\/btr-international\/","title":{"rendered":"BTR International: Ty\u00f6voiman liikkuvuus: Relocation &amp; Removals Reviews"},"content":{"rendered":"<p>BTR International tarjoaa yritysmaailmalle monia palveluja, joiden avulla ne voivat siirt\u00e4\u00e4 henkil\u00f6st\u00f6ns\u00e4 tai liiketoimintansa ulkomaille.<\/p>\n<p><strong>Kansainv\u00e4liset muuttopalvelut<\/strong><\/p>\n<ul type=\"circle\">\n<li class=\"m_7262227758002368167MsoListParagraph\"><b>Konsultointipalvelut<\/b><u><\/u><u><\/u>\n<ul type=\"square\">\n<li class=\"m_7262227758002368167MsoListParagraph\">Politiikan suunnittelu ja kehitt\u00e4minen<u><\/u><u><\/u><\/li>\n<li class=\"m_7262227758002368167MsoListParagraph\">Vertailuanalyysi<u><\/u><u><\/u><\/li>\n<li class=\"m_7262227758002368167MsoListParagraph\">Neuvonta<u><\/u><u><\/u><\/li>\n<\/ul>\n<\/li>\n<li class=\"m_7262227758002368167MsoListParagraph\"><b>Ennen toimeksiantoa tarjottavat palvelut<u><\/u><u><\/u><\/b>\n<ul type=\"square\">\n<li class=\"m_7262227758002368167MsoListParagraph\">Ennen teht\u00e4v\u00e4nantoa annettava neuvonta<u><\/u><u><\/u><\/li>\n<li class=\"m_7262227758002368167MsoListParagraph\">Korvausten suunnittelu<u><\/u><u><\/u><\/li>\n<li class=\"m_7262227758002368167MsoListParagraph\">Toimeksiannon kustannusennusteet<u><\/u><u><\/u><\/li>\n<li class=\"m_7262227758002368167MsoListParagraph\">Toimeksiantokirjeen valmistelu<u><\/u><u><\/u><\/li>\n<li class=\"m_7262227758002368167MsoListParagraph\">Verosuunnittelu &amp; strategia<u><\/u><u><\/u><\/li>\n<li class=\"m_7262227758002368167MsoListParagraph\">Alkuper\u00e4isen korvauksen laskenta<u><\/u><u><\/u><\/li>\n<li class=\"m_7262227758002368167MsoListParagraph\">Viisumien\/maahanmuuton koordinointi<u><\/u><u><\/u><\/li>\n<li class=\"m_7262227758002368167MsoListParagraph\">Elinkustannuslis\u00e4n raportointi<u><\/u><u><\/u><\/li>\n<li class=\"m_7262227758002368167MsoListParagraph\">Kulttuuri- ja kielikoulutus<u><\/u><u><\/u><\/li>\n<li class=\"m_7262227758002368167MsoListParagraph\">Koulutusneuvonta ja sijoittaminen<u><\/u><u><\/u><\/li>\n<li class=\"m_7262227758002368167MsoListParagraph\">Kotimarkkinoinnin tuki<u><\/u><u><\/u><\/li>\n<\/ul>\n<\/li>\n<li class=\"m_7262227758002368167MsoListParagraph\"><b>Kulujen hallinta<\/b><u><\/u><u><\/u>\n<ul type=\"square\">\n<li class=\"m_7262227758002368167MsoListParagraph\">Kulujen tarkastus ja maksaminen<u><\/u><u><\/u><\/li>\n<li class=\"m_7262227758002368167MsoListParagraph\">Kulujen suora maksaminen<u><\/u><u><\/u><\/li>\n<li class=\"m_7262227758002368167MsoListParagraph\">Yksityiskohtainen t\u00e4sm\u00e4ytys ja raportointi<u><\/u><u><\/u><\/li>\n<li class=\"m_7262227758002368167MsoListParagraph\">Maailmanlaajuisen liikkuvuuspolitiikan noudattaminen<u><\/u><u><\/u><\/li>\n<li class=\"m_7262227758002368167MsoListParagraph\">Poikkeus toimintalinjan kustannusraportointiin<u><\/u><u><\/u><\/li>\n<\/ul>\n<\/li>\n<li class=\"m_7262227758002368167MsoListParagraph\"><b>Siirron hallinta<\/b><u><\/u><u><\/u>\n<ul type=\"square\">\n<li class=\"m_7262227758002368167MsoListParagraph\">Group Move Management<u><\/u><u><\/u><\/li>\n<li class=\"m_7262227758002368167MsoListParagraph\">Kertakorvausratkaisu<u><\/u><u><\/u><\/li>\n<li class=\"m_7262227758002368167MsoListParagraph\">Varastointipalvelut<u><\/u><u><\/u><\/li>\n<li class=\"m_7262227758002368167MsoListParagraph\">Maailmanlaajuinen liikkuvuusohjelma<u><\/u><u><\/u><\/li>\n<li class=\"m_7262227758002368167MsoListParagraph\">Kansainv\u00e4linen huolinta<u><\/u><u><\/u><\/li>\n<li class=\"m_7262227758002368167MsoListParagraph\">Vakuutusohjelma<u><\/u><u><\/u><\/li>\n<li class=\"m_7262227758002368167MsoListParagraph\">VIP-palvelut<u><\/u><u><\/u><\/li>\n<li class=\"m_7262227758002368167MsoListParagraph\">Varastonhallinta<u><\/u><u><\/u><\/li>\n<li class=\"m_7262227758002368167MsoListParagraph\">Kaupallinen muuttaminen<u><\/u><u><\/u><\/li>\n<li class=\"m_7262227758002368167MsoListParagraph\">Lemmikkiel\u00e4inten muuttopalvelut<u><\/u><u><\/u><\/li>\n<\/ul>\n<\/li>\n<li class=\"m_7262227758002368167MsoListParagraph\"><b>Matkakohteen palvelut<\/b><u><\/u><u><\/u>\n<ul type=\"square\">\n<li class=\"m_7262227758002368167MsoListParagraph\">Kodin hakuapu<u><\/u><u><\/u><\/li>\n<li class=\"m_7262227758002368167MsoListParagraph\">Vuokranm\u00e4\u00e4ritysapu<u><\/u><u><\/u><\/li>\n<li class=\"m_7262227758002368167MsoListParagraph\">Koulun hakuapu<u><\/u><u><\/u><\/li>\n<li class=\"m_7262227758002368167MsoListParagraph\">Tilap\u00e4inen asuminen<u><\/u><u><\/u><\/li>\n<li class=\"m_7262227758002368167MsoListParagraph\">Puolison uraneuvonta<u><\/u><u><\/u><\/li>\n<li class=\"m_7262227758002368167MsoListParagraph\">Vuokrasopimuksen hallinta<u><\/u><u><\/u><\/li>\n<li class=\"m_7262227758002368167MsoListParagraph\">Kiinteist\u00f6jen hallinta<u><\/u><u><\/u><\/li>\n<li class=\"m_7262227758002368167MsoListParagraph\">Asettautumispalvelut<u><\/u><u><\/u><\/li>\n<\/ul>\n<\/li>\n<li class=\"m_7262227758002368167MsoListParagraph\"><b>Raportointipalvelut<\/b><u><\/u><u><\/u>\n<ul type=\"square\">\n<li class=\"m_7262227758002368167MsoListParagraph\">R\u00e4\u00e4t\u00e4l\u00f6ity toimeksiantoraportointi<u><\/u><u><\/u><\/li>\n<li class=\"m_7262227758002368167MsoListParagraph\">Kustannusten hallinta ja varainhoitovuoden lopun verotus<u><\/u><u><\/u><\/li>\n<li class=\"m_7262227758002368167MsoListParagraph\">Poikkeus politiikan seurantaan<u><\/u><u><\/u><\/li>\n<li class=\"m_7262227758002368167MsoListParagraph\">Liikematkustajien seuranta ja raportointi<u><\/u><u><\/u><\/li>\n<li class=\"m_7262227758002368167MsoListParagraph\">Nelj\u00e4nnesvuosittaiset ja vuoden lopun asiakasarvioinnit<\/li>\n<\/ul>\n<\/li>\n<\/ul>\n<h2>BTR International Yrityksen profiili<\/h2>\n<p>BTR International on palkittu kansainv\u00e4linen siirtojen hallinnointiyritys, jolla on yli 35 vuoden kokemus ty\u00f6voiman liikkuvuudesta. BTR International pyrkii kevent\u00e4m\u00e4\u00e4n yrityksen henkil\u00f6st\u00f6osastoa j\u00e4rjest\u00e4m\u00e4ll\u00e4 mahdollisimman suuren osan muutosta ja tukemalla sek\u00e4 yrityst\u00e4 ett\u00e4 muuttavaa henkil\u00f6st\u00f6\u00e4.<\/p>\n<p>BTR:n osti vuonna 2019 Writer Corporation, maailmanlaajuinen organisaatio, jolla on yli 60 vuoden kokemus siirtoalalta. Yhteisty\u00f6 on vahvistanut niiden maailmanlaajuista verkostoa ja palvelun laatua.<\/p>\n<p>T\u00e4ss\u00e4 on luettelo BTR Internationalin akkreditoinneista ja j\u00e4senyyksist\u00e4:<\/p>\n<ul>\n<li><a href=\"https:\/\/moverdb.com\/fi\/british-association-of-removers\/\">British Association of Removers<\/a> (<a href=\"https:\/\/moverdb.com\/fi\/british-association-of-removers\/\" data-internallinksmanager029f6b8e52c=\"9\" title=\"British Association of Removers (BAR) selitetty\">BAR<\/a>)<\/li>\n<li><a href=\"https:\/\/moverdb.com\/fi\/bar-overseas\/\">British Association of Removers Overseas<\/a><\/li>\n<li><a href=\"https:\/\/moverdb.com\/fi\/fidi-faim\/\">Federation of International Movers<\/a> (<a href=\"https:\/\/moverdb.com\/fi\/fidi-faim\/\" data-internallinksmanager029f6b8e52c=\"16\" title=\"FIDI &amp; FAIM (FIDI Accredited International Mover) selitettyin\u00e4\">FIDI<\/a>)<\/li>\n<li><a href=\"https:\/\/moverdb.com\/fi\/fidi-faim\/\">FAIM Plus<\/a><\/li>\n<li><a href=\"https:\/\/moverdb.com\/fi\/olen\/\">Kansainv\u00e4linen muuttajien liitto<\/a> (<a href=\"https:\/\/moverdb.com\/fi\/iam\/\" data-internallinksmanager029f6b8e52c=\"23\" title=\"Kansainv\u00e4linen muuttajien liitto (IAM) selitetty\">IAM<\/a>)<\/li>\n<li><a href=\"https:\/\/moverdb.com\/fi\/fedemac\/\">FEDEMAC<\/a><\/li>\n<li><a href=\"https:\/\/moverdb.com\/fi\/lacma\/\">LACMA<\/a><\/li>\n<li><a href=\"https:\/\/moverdb.com\/fi\/mtc\/\">The Movers Trading Club<\/a> (<a href=\"https:\/\/moverdb.com\/fi\/mtc\/\" data-internallinksmanager029f6b8e52c=\"30\" title=\"Movers Trading Club (MTC) selitetty\">MTC<\/a>)<\/li>\n<li><a href=\"https:\/\/moverdb.com\/fi\/tyontekijan-uudelleensijoitusneuvosto\/\">Maailmanlaajuinen ERC<\/a><\/li>\n<li><a href=\"https:\/\/moverdb.com\/fi\/association-relocation-professionals\/\">Siirtoalan ammattilaisten yhdistys<\/a> (<a href=\"https:\/\/moverdb.com\/fi\/association-relocation-professionals\/\" data-internallinksmanager029f6b8e52c=\"6\" title=\"Association of Relocation Professionals (ARP) selitetty\">ARP<\/a>)<\/li>\n<li><a href=\"https:\/\/moverdb.com\/fi\/eura\/\">European Relocation Association<\/a> (<a href=\"https:\/\/moverdb.com\/fi\/eura\/\" data-internallinksmanager029f6b8e52c=\"13\" title=\"European Relocation Association (EuRA) selitetty\">EuRA<\/a>)<\/li>\n<li>Ulkomailla ty\u00f6skentelevien johdon foorumi<\/li>\n<li>ISO 9001<\/li>\n<li>ISO 14001<\/li>\n<\/ul>\n<p><strong>BTR International Arvostelut<\/strong><\/p>\n<p>Yhti\u00f6ll\u00e4 on useita my\u00f6nteisi\u00e4 arvioita <a href=\"https:\/\/www.google.com\/search?q=btr+international&#038;rlz=1C1GCEU_en-GBGB955GB973&#038;oq=btr+international&#038;aqs=chrome.0.0i355i512j46i175i199i512j69i59l3j69i60l3.8906j0j7&#038;sourceid=chrome&#038;ie=UTF-8#lrd=0x48764eb31a41d6d7:0xb3d5c304f795d7ad,1,,,\" target=\"_blank\" rel=\"noopener\">n\u00e4et t\u00e4\u00e4lt\u00e4<\/a>.<\/p>\n<p><strong>Positiivinen<\/strong><\/p>\n<p><em>\"Emme olisi voineet toivoa parempaa kokemusta kansainv\u00e4lisest\u00e4 muutostamme BTR:n kanssa. Muuttoalan ammattilaiset molemmin puolin olivat huolellisia, miellytt\u00e4vi\u00e4 ja eritt\u00e4in ammattitaitoisia. Kaikki tavarat pakattiin huolellisesti, varastoitiin ja purettiin\/koottiin m\u00e4\u00e4r\u00e4np\u00e4\u00e4ss\u00e4 aikataulun mukaisesti, kuten oli luvattu. Muuttokoordinaattorimme Sarah oli eritt\u00e4in ennakoiva, reagoiva ja huomaavainen. Suosittelen l\u00e4mpim\u00e4sti!\"<\/em> - Tina Cachules<\/p>\n<p><em>\"Olemme k\u00e4ytt\u00e4neet t\u00e4t\u00e4 yrityst\u00e4 molempiin muuttoihin vuosien varrella. Olemme todenneet heid\u00e4n palvelunsa olevan erinomaista. Kilpailukykyinen hinnoittelu molemmilla kerroilla. Heid\u00e4n asiakaspalvelunsa on hyvin tavoitettavissa ja heid\u00e4n muuttomiehist\u00f6ns\u00e4 ovat eritt\u00e4in joustavia ja tehokkaita. En ep\u00e4r\u00f6i suositella BTR:\u00e4\u00e4.\"<\/em> - Geoff White<\/p>\n<p><em>\"Koska muutto oli melko lyhyell\u00e4 varoitusajalla ja tiettyin\u00e4 p\u00e4ivin\u00e4, en voinut varata sit\u00e4 BTR:lt\u00e4. Mutta agentti oli niin avulias ja t\u00e4ynn\u00e4 tietoa ja neuvoja. K\u00e4ytt\u00e4isin ehdottomasti tulevaisuudessa.\"<\/em> - Rachael<\/p>\n<p><strong>Negatiivinen:<\/strong><\/p>\n<ul>\n<li><em>\"Meill\u00e4 oli hyv\u00e4 ensikokemus BTR:st\u00e4 kotitaloustavaral\u00e4hetyksemme toimitusagenttina. <a href=\"https:\/\/moverdb.com\/fi\/moving-to-the-united-states\/\" data-internallinksmanager029f6b8e52c=\"94\" title=\"Muutatko Yhdysvaltoihin? 2022 Elinkustannukset ja muuttovinkit\">US<\/a> toukokuussa 2011, mutta ne olivat painajainen paikallisessa muutossa joulukuussa 2012.\"<\/em> - Tim Emrich kautta <a href=\"http:\/\/www.removalreviews.co.uk\/movingreviews\/avoid-these-movers-1874\" target=\"_blank\" rel=\"noopener\">Muutto Arvostelut<\/a><\/li>\n<\/ul>\n<div>\n<p>MoverDB.com Verkkosivuston arvostelu sivustolle BTR International:<\/p>\n<ol>\n<li>Selke\u00e4t yhteystiedot verkkosivustolla (my\u00f6s puhelinnumero): <strong>Kyll\u00e4<\/strong><\/li>\n<li>Helppo saada <a href=\"https:\/\/moverdb.com\/fi\/lainauksia\/\">kansainv\u00e4liset muutot tarjoukset<\/a>? (Online-arviolomake): <strong>Kyll\u00e4<\/strong><\/li>\n<li>Selke\u00e4t tiedot verkkosivustolla: <strong>Joitakin,<\/strong> Verkkosivustolla ei ole paljon yksityiskohtaisia tietoja, ja siell\u00e4 on hieman vaikea navigoida, mutta perustiedot on esitetty selke\u00e4sti.<\/li>\n<li>J\u00e4senyys kansainv\u00e4lisiss\u00e4 tunnustetuissa liikkuvissa j\u00e4rjest\u00f6iss\u00e4: <strong>Kyll\u00e4<\/strong>, ks. edell\u00e4.<\/li>\n<li>Luettelo asiakkaista ja\/tai aiempien asiakkaiden suosittelut: <strong>Kyll\u00e4,<\/strong> Verkkosivusto sis\u00e4lt\u00e4\u00e4 suosituksia<\/li>\n<\/ol>\n<div>&nbsp;<\/div>\n<p><strong>Yleisarvosana: 4.5\/5<\/strong><br \/>\n<strong>Tarkistusp\u00e4iv\u00e4:<\/strong>03\/04\/2023<\/p>\n<\/div>\n<p>Lis\u00e4tietoja <a href=\"https:\/\/moverdb.com\/fi\/international-removals\/\">kansainv\u00e4liset muuttofirmat<\/a> ja meid\u00e4n <a href=\"https:\/\/moverdb.com\/fi\/arvostelut\/\">tarkistusprosessi<\/a>.<\/p>\n<p><strong>Verkkosivusto:<\/strong> <a href=\"https:\/\/www.btrinternational.com\/\" target=\"_blank\" rel=\"noopener\">https:\/\/www.btrinternational.com\/<\/a><\/p>","protected":false},"excerpt":{"rendered":"<p>BTR International offers the corporate world many services in order for them to relocate their staff or their business abroad. International Moving Services Consulting Services Policy Design &amp; Development Benchmarking Counselling Pre-Assignment Services Pre-Assignment Counselling Compensation Planning Assignment Cost Projections Assignment Letter Preparation Tax Planning &amp; Strategy Initial Compensation Worksheet Calculation Visa\/Immigration Co-ordination Cost Of [&hellip;]<\/p>\n","protected":false},"author":1,"featured_media":0,"parent":0,"menu_order":0,"comment_status":"closed","ping_status":"closed","template":"","meta":{"_genesis_hide_title":false,"_genesis_hide_breadcrumbs":false,"_genesis_hide_singular_image":false,"_genesis_hide_footer_widgets":false,"_genesis_custom_body_class":"","_genesis_custom_post_class":"","_genesis_layout":"","footnotes":""},"class_list":{"0":"post-940","1":"page","2":"type-page","3":"status-publish","5":"entry"},"_links":{"self":[{"href":"https:\/\/moverdb.com\/fi\/wp-json\/wp\/v2\/pages\/940","targetHints":{"allow":["GET"]}}],"collection":[{"href":"https:\/\/moverdb.com\/fi\/wp-json\/wp\/v2\/pages"}],"about":[{"href":"https:\/\/moverdb.com\/fi\/wp-json\/wp\/v2\/types\/page"}],"author":[{"embeddable":true,"href":"https:\/\/moverdb.com\/fi\/wp-json\/wp\/v2\/users\/1"}],"replies":[{"embeddable":true,"href":"https:\/\/moverdb.com\/fi\/wp-json\/wp\/v2\/comments?post=940"}],"version-history":[{"count":8,"href":"https:\/\/moverdb.com\/fi\/wp-json\/wp\/v2\/pages\/940\/revisions"}],"predecessor-version":[{"id":8598,"href":"https:\/\/moverdb.com\/fi\/wp-json\/wp\/v2\/pages\/940\/revisions\/8598"}],"wp:attachment":[{"href":"https:\/\/moverdb.com\/fi\/wp-json\/wp\/v2\/media?parent=940"}],"curies":[{"name":"wp","href":"https:\/\/api.w.org\/{rel}","templated":true}]}}