{"id":938,"date":"2016-09-23T07:14:51","date_gmt":"2016-09-23T07:14:51","guid":{"rendered":"http:\/\/moverdb.com\/?page_id=938"},"modified":"2026-01-08T14:40:14","modified_gmt":"2026-01-08T14:40:14","slug":"momentous-relocation","status":"publish","type":"page","link":"https:\/\/moverdb.com\/fi\/momentous-relocation\/","title":{"rendered":"Merkitt\u00e4v\u00e4 siirto: Kansainv\u00e4linen muuttoliike ja muutot Arvostelut: International Moving &amp; Removals"},"content":{"rendered":"<p>Momentous Relocation on kansainv\u00e4linen muutto- ja siirtoasiantuntijayritys, jonka kotipaikka on... <a href=\"https:\/\/moverdb.com\/fi\/moving-to-london\/\">Lontoo<\/a>. Se tarjoaa asiakkailleen monia palveluita, jotka on lueteltu alla, sek\u00e4 yritysprofiili ja arvosteluja.<\/p>\n<p><strong>Muuttopalvelut<\/strong><\/p>\n<ul>\n<li> Ennen muuttoa tehty kyselytutkimus<\/li>\n<li> <a href=\"https:\/\/moverdb.com\/fi\/konttikuljetukset\/\">Merenkulku ja lentorahtiliikenne<\/a><\/li>\n<li> Matkakohteen palvelut<\/li>\n<li> Vakuutuspalvelut<\/li>\n<li> Kotimaan muutto<\/li>\n<li> Kuvataiteen merenkulku<\/li>\n<li> Lemmikkiel\u00e4inten muuttopalvelu<\/li>\n<li> Muutto kotimaahan oppaat<\/li>\n<\/ul>\n<p><strong>Muuttopalvelut<\/strong><\/p>\n<ul>\n<li> Globaali muutto- ja varastointipalvelu<\/li>\n<li> Viisumit ja maahanmuutto<\/li>\n<li> Kieli- ja kulttuurituki<\/li>\n<li> <a href=\"https:\/\/moverdb.com\/fi\/muuttokustannukset\/\">Elinkustannukset<\/a> analyysi<\/li>\n<li> Yhteisty\u00f6kumppaneiden uudelleensijoittamisen tuki<\/li>\n<li> Alueen suuntautuminen<\/li>\n<li> Kouluhaku<\/li>\n<li> V\u00e4liaikainen asuminen<\/li>\n<li> Helpline<\/li>\n<li> Kotietsint\u00e4<\/li>\n<li> Asettautumisapu<\/li>\n<li> Siirtojen hallinnointi<\/li>\n<li> L\u00e4ht\u00f6palvelut<\/li>\n<\/ul>\n<p><strong>Varastointipalvelut<\/strong><\/p>\n<ul>\n<li> Lyhyt- ja pitk\u00e4aikainen varastointi<\/li>\n<li> Kansainv\u00e4linen varastointi<\/li>\n<li> Varastointi <a href=\"https:\/\/moverdb.com\/fi\/moving-to-the-uk\/\" data-internallinksmanager029f6b8e52c=\"93\" title=\"Muutatko Yhdistyneeseen kuningaskuntaan? 2022 Elinkustannukset ja muuttovinkit\">UK<\/a><\/li>\n<li> Yritysten varastointi<\/li>\n<li> 24 tunnin valvontakameravalvonta<\/li>\n<\/ul>\n<p><strong>Toimiston siirto ja muutto<\/strong><\/p>\n<ul>\n<li> Projektinhallinta<\/li>\n<li> Laatikon vuokraus<\/li>\n<li> Porterage<\/li>\n<li> Suunnittelu ja logistiikka<\/li>\n<li> R\u00e4\u00e4t\u00e4l\u00f6idyt vakuutuspaketit<\/li>\n<li> Toimistokalusteiden varastointi<\/li>\n<li> Asiakirjojen varastointi<\/li>\n<li> Arkistointi<\/li>\n<li> Erikoisvarastointi<\/li>\n<li> Yritysten yhteiskuntavastuu<\/li>\n<li> H\u00e4vitt\u00e4mispalvelut<\/li>\n<li> Turvallinen silppuaminen<\/li>\n<li> Siivouspalvelut<\/li>\n<li> Toimistoselvitykset<\/li>\n<\/ul>\n<p><strong>Kuvataiteen pakkaus- ja l\u00e4hetyspalvelu<\/strong><\/p>\n<ul>\n<li> Koteloiden valmistus ja pakkaaminen<\/li>\n<li> Maantie-, lento- tai merikuljetukset<\/li>\n<li> Varastointi<\/li>\n<li> Pakkaaminen valkoisella k\u00e4sineell\u00e4<\/li>\n<li> N\u00e4yttelypalvelut<\/li>\n<\/ul>\n<p><strong>Erityishankkeet<\/strong><\/p>\n<ul>\n<li> Palvelimen kuljetus<\/li>\n<li> Kansainv\u00e4linen toimiston uudelleensijoittaminen<\/li>\n<li> Erikoisliikkeet<\/li>\n<li> R\u00e4\u00e4t\u00e4l\u00f6ity vakuutus<\/li>\n<\/ul>\n<h2>Momentous Relocation Yrityksen profiili<\/h2>\n<p>Momentous Relocation aloitti kansainv\u00e4lisen toimintansa vuonna 1978. Sen rekister\u00f6ity toimipaikka on Baker Streetill\u00e4 Lontoossa, ja sill\u00e4 on kaksi varasto- ja toimistotilaa Luoteis-Lontoossa (p\u00e4\u00e4konttori) ja Aylesburyssa. <\/p>\n<p>Yritys ja sen henkil\u00f6kunta sanovat, ett\u00e4 he asettavat aina asiakkaansa etusijalle ja pyrkiv\u00e4t tekem\u00e4\u00e4n jokaisen muuton nopeasti ja kivuttomasti asiakkaan kannalta.<\/p>\n<p>Momentous Relocationilla on laaja yhteiskuntavastuuohjelma, joka kattaa sen henkil\u00f6st\u00f6n, asiakkaat, ymp\u00e4rist\u00f6n ja yhteis\u00f6n.<\/p>\n<p>Momentous Relocationin j\u00e4senyydet ja akkreditoinnit:<\/p>\n<ul>\n<li> <a href=\"https:\/\/moverdb.com\/fi\/fidi-faim\/\">FIDI<\/a><\/li>\n<li> <a href=\"https:\/\/moverdb.com\/fi\/fidi-faim\/\">FAIM Plus<\/a><\/li>\n<li> <a href=\"https:\/\/moverdb.com\/fi\/british-association-of-removers\/\">British Association of Removers<\/a> (<a href=\"https:\/\/moverdb.com\/fi\/british-association-of-removers\/\" data-internallinksmanager029f6b8e52c=\"9\" title=\"British Association of Removers (BAR) selitetty\">BAR<\/a>)<\/li>\n<li> <a href=\"https:\/\/moverdb.com\/fi\/bar-overseas\/\">British Association of Removers Overseas Group -ryhm\u00e4<\/a><\/li>\n<li> <a href=\"https:\/\/moverdb.com\/fi\/mtc\/\">The Movers Trading Club<\/a> (<a href=\"https:\/\/moverdb.com\/fi\/mtc\/\" data-internallinksmanager029f6b8e52c=\"30\" title=\"Movers Trading Club (MTC) selitetty\">MTC<\/a>)<\/li>\n<li> <a href=\"https:\/\/moverdb.com\/fi\/eura\/\">EuRA<\/a><\/li>\n<li> ISO-akkreditoinnit<\/li>\n<\/ul>\n<h2>Momentous Relocation Arvostelut<\/h2>\n<p><strong>Positiivinen:<\/strong><\/p>\n<ul>\n<li> \"<em>Erinomainen siirto kaikin puolin, en voi puhua tarpeeksi hyv\u00e4\u00e4 palvelusta. Suosittelen kaikille, jotka kysyv\u00e4t tulevaisuudessa. Cikis ja Scott olivat loistavia!\"\"<\/em> kautta <a href=\"http:\/\/www.momentousrelocation.com\/about-us\/what-our-customers-say-momentous-relocation-reviews\/\" target=\"_blank\" rel=\"noopener\">Hetkellinen Mit\u00e4 asiakkaamme sanovat Sivu<\/a><\/li>\n<li> <em>\"Toinen kerta, kun Momentous on muuttanut minut, en voi suositella heit\u00e4 tarpeeksi hyvin.\"<\/em> - kautta <a href=\"http:\/\/moveaide.com\/movers\/momentous-relocation-london-uk-mover-review\" target=\"_blank\" rel=\"noopener\">MoveAid.com<\/a><\/li>\n<li> <em>\"Muutin Yhdistyneest\u00e4 kuningaskunnasta <a href=\"https:\/\/moverdb.com\/fi\/moving-to-germany\/\" data-internallinksmanager029f6b8e52c=\"321\" title=\"Muutatko Saksaan? 2023 Elinkustannukset ja muuttovinkit\">Saksa<\/a>. Palvelu oli eritt\u00e4in ammattitaitoista, ja j\u00e4rjest\u00e4v\u00e4 tiimi Yhdistyneess\u00e4 kuningaskunnassa oli mukautuva ja joustava.\"<\/em> - Ursula kautta <a href=\"https:\/\/www.facebook.com\/pg\/momentousltd\/reviews\/\" target=\"_blank\" rel=\"noopener\">Facebook<\/a><\/li>\n<li> <em>\"Fantastinen palvelu! Miehist\u00f6, Scott ja Darren olivat kohteliaita ja eritt\u00e4in ammattitaitoisia, he pakkasivat kaiken eritt\u00e4in tehokkaasti, he jopa k\u00e4yttiv\u00e4t lattiasuojia, joten mattoni olivat t\u00e4ysin suojattuja.\"<\/em> - Evelynn kautta <a href=\"http:\/\/www.removalreviews.co.uk\/movers\/momentous-relocation-215#8293\" target=\"_blank\" rel=\"noopener\">RemovalReviews.com<\/a><\/li>\n<\/ul>\n<p><strong>Negatiivinen<\/strong><\/p>\n<ul>\n<li> <em>\"Oli kauhea kokemus t\u00e4st\u00e4 yrityksest\u00e4, joka otti rahani ja tarjosi sitten kauheaa palvelua (osa oli heid\u00e4n kumppaniensa vika), mutta he kielt\u00e4ytyiv\u00e4t ottamasta vastuuta tai omistajuutta tai tapahtumia, jotka sis\u00e4lsiv\u00e4t vakavan onnettomuuden perheenj\u00e4senelle v\u00e4\u00e4rin asennetuista huonekaluista.\"<\/em> - James kautta <a href=\"http:\/\/moveaide.com\/movers\/momentous-relocation-london-uk-mover-review\" target=\"_blank\" rel=\"noopener\">MoveAid.com<\/a><\/li>\n<li> <em>Hetkelliset poistot ovat pahimpia <a href=\"https:\/\/moverdb.com\/fi\/international-removals\/\" data-internallinksmanager029f6b8e52c=\"27\" title=\"36 Parhaat kansainv\u00e4liset muuttoyritykset Yhdistyneess\u00e4 kuningaskunnassa\">muuttofirma<\/a> t\u00e4ss\u00e4 maassa. Olen muuttanut 6 kertaa alle 8 vuoden aikana, joten luulen, ett\u00e4 olen nyt kokenut t\u00e4ss\u00e4 asiassa.<\/em> kautta <a href=\"http:\/\/www.removalreviews.co.uk\/movers\/momentous-relocation-215#714\" target=\"_blank\" rel=\"noopener\">RemovalReviews.com<\/a><\/li>\n<\/ul>\n<div itemprop=\"review\" itemscope itemtype=\"http:\/\/schema.org\/Review\">\n<span itemprop=\"author\" itemscope=\"\" itemtype=\"http:\/\/schema.org\/Organization\"><span itemprop=\"name\">MoverDB.com<\/span><\/span> Verkkosivuston arvostelu <span itemprop=\"itemreviewed\" itemscope=\"\" itemtype=\"http:\/\/schema.org\/Brand\"><span itemprop=\"name\">Merkitt\u00e4v\u00e4 siirto<\/span><\/span>:<\/p>\n<ol>\n<li> Selke\u00e4t yhteystiedot verkkosivustolla (my\u00f6s puhelinnumero): <strong>Kyll\u00e4<\/strong><\/li>\n<li> Helppo saada <a href=\"https:\/\/moverdb.com\/fi\/lainauksia\/\">kansainv\u00e4liset muutot tarjoukset<\/a>? (Online-arviolomake): <strong>Kyll\u00e4<\/strong><\/li>\n<li> Selke\u00e4t tiedot verkkosivustolla: <strong>Kyll\u00e4<\/strong>, Verkkosivustolla kerrotaan tarjolla olevista palveluista, mutta ei anneta paljon yksityiskohtaista tietoa.<\/li>\n<li> J\u00e4senyys kansainv\u00e4lisiss\u00e4 tunnustetuissa liikkuvuutta harjoittavissa j\u00e4rjest\u00f6iss\u00e4: <strong>Kyll\u00e4<\/strong><\/li>\n<li> Luettelo asiakkaista ja\/tai aiempien asiakkaiden suosittelut: <strong>Kyll\u00e4,<\/strong> Asiakkailta on useita my\u00f6nteisi\u00e4 suosituksia, mutta asiakasluetteloa ei ole. Yritys saa my\u00f6s yleens\u00e4 enimm\u00e4kseen my\u00f6nteisi\u00e4 arvioita verkossa.<\/li>\n<\/ol>\n<div itemprop=\"reviewRating\" itemscope itemtype=\"http:\/\/schema.org\/Rating\"><meta itemprop=\"worstRating\" content = \"0\" \/><meta itemprop=\"bestRating\" content=\"5\" \/><meta itemprop=\"ratingValue\" content=\"4.5\"><\/div>\n<p><strong>Yleisarvosana: 4.5\/5<\/strong><br \/>\n<strong>Tarkistusp\u00e4iv\u00e4:<\/strong> <span itemprop=\"datePublished\" content=\"2016-09-23\">23\/09\/16<\/span>\n<\/div>\n<p>Lis\u00e4tietoja <a href=\"https:\/\/moverdb.com\/fi\/international-removals\/\">muuttoyritykset<\/a> ja meid\u00e4n <a href=\"https:\/\/moverdb.com\/fi\/arvostelut\/\">tarkistusprosessi<\/a>.<\/p>\n<p><strong>Verkkosivusto:<\/strong> <a href=\"http:\/\/www.momentousrelocation.com\/\" target=\"_blank\" rel=\"noopener\">http:\/\/www.momentousrelocation.com<\/a><\/p>","protected":false},"excerpt":{"rendered":"<p>Momentous Relocation is an international removal and relocation specialist company based in London. It offers its clients many services which are listed below, together with a company profile and reviews. Moving Services Pre move survey Shipping and airfreight Destination services Insurance services Domestic moving Fine art shipping Pet moving service Moving home country guides Relocation [&hellip;]<\/p>\n","protected":false},"author":1,"featured_media":0,"parent":0,"menu_order":0,"comment_status":"closed","ping_status":"closed","template":"","meta":{"_genesis_hide_title":false,"_genesis_hide_breadcrumbs":false,"_genesis_hide_singular_image":false,"_genesis_hide_footer_widgets":false,"_genesis_custom_body_class":"","_genesis_custom_post_class":"","_genesis_layout":"","footnotes":""},"class_list":{"0":"post-938","1":"page","2":"type-page","3":"status-publish","5":"entry"},"_links":{"self":[{"href":"https:\/\/moverdb.com\/fi\/wp-json\/wp\/v2\/pages\/938","targetHints":{"allow":["GET"]}}],"collection":[{"href":"https:\/\/moverdb.com\/fi\/wp-json\/wp\/v2\/pages"}],"about":[{"href":"https:\/\/moverdb.com\/fi\/wp-json\/wp\/v2\/types\/page"}],"author":[{"embeddable":true,"href":"https:\/\/moverdb.com\/fi\/wp-json\/wp\/v2\/users\/1"}],"replies":[{"embeddable":true,"href":"https:\/\/moverdb.com\/fi\/wp-json\/wp\/v2\/comments?post=938"}],"version-history":[{"count":6,"href":"https:\/\/moverdb.com\/fi\/wp-json\/wp\/v2\/pages\/938\/revisions"}],"predecessor-version":[{"id":13178,"href":"https:\/\/moverdb.com\/fi\/wp-json\/wp\/v2\/pages\/938\/revisions\/13178"}],"wp:attachment":[{"href":"https:\/\/moverdb.com\/fi\/wp-json\/wp\/v2\/media?parent=938"}],"curies":[{"name":"wp","href":"https:\/\/api.w.org\/{rel}","templated":true}]}}