{"id":927,"date":"2016-09-23T21:57:09","date_gmt":"2016-09-23T21:57:09","guid":{"rendered":"http:\/\/moverdb.com\/?page_id=927"},"modified":"2026-01-08T13:19:00","modified_gmt":"2026-01-08T13:19:00","slug":"imove-international","status":"publish","type":"page","link":"https:\/\/moverdb.com\/fi\/imove-international\/","title":{"rendered":"IMove International: Moving &amp; Removals Reviews"},"content":{"rendered":"<p>IMove Internationalin kotipaikka on Surrey. Se tarjoaa asiakkailleen erilaisia palveluja, jotka auttavat heit\u00e4 muuttamaan ulkomaille. Alla on lueteltu n\u00e4m\u00e4 palvelut sek\u00e4 yrityksen profiili ja arvostelut.<\/p>\n<p><strong><a href=\"https:\/\/moverdb.com\/fi\/international-removals\/\" data-internallinksmanager029f6b8e52c=\"27\" title=\"36 Parhaat kansainv\u00e4liset muuttoyritykset Yhdistyneess\u00e4 kuningaskunnassa\">Kansainv\u00e4liset muutot<\/a><\/strong><\/p>\n<ul>\n<li> Henkil\u00f6kohtainen muuttokoordinaattori<\/li>\n<li> Ovelta ovelle<\/li>\n<li> Ovi <a href=\"https:\/\/moverdb.com\/fi\/top-49-container-ports\/\" data-internallinksmanager029f6b8e52c=\"80\" title=\"Top 49 suurinta ja vilkkainta konttisatamaa vuonna 2025\">satama<\/a><\/li>\n<li> Lent\u00e4en, meritse tai maanteitse<\/li>\n<li> Yritysten uudelleensijoitukset<\/li>\n<li> <a href=\"https:\/\/moverdb.com\/fi\/auto-kuljetus-kuljetus\/\">Moottoriajoneuvot<\/a><\/li>\n<li> T\u00e4ydellinen pakkauspalvelu<\/li>\n<li> Itsepakkaus<\/li>\n<li> Hauras pakkaus<\/li>\n<li> Vapaat kartongit, teippi ja pakkausmateriaalit.<\/li>\n<li> Pakkauksen purkamispalvelu<\/li>\n<li> Pitk\u00e4aikainen ja lyhytaikainen varastointi <\/li>\n<li> <a href=\"https:\/\/moverdb.com\/fi\/konttikuljetukset\/\">Konttikuljetukset<\/a><\/li>\n<li> Liiallinen matkatavaroiden kuljetus<\/li>\n<li> Tarjottu vakuutus<\/li>\n<li> Apua tullin ja asiakirjojen kanssa<\/li>\n<\/ul>\n<p><strong>Muut palvelut<\/strong><\/p>\n<ul>\n<li> Pitk\u00e4aikainen ja lyhytaikainen varastointi<\/li>\n<li> Opiskelijoiden kuljetus ja varastointi<\/li>\n<li> <a href=\"https:\/\/moverdb.com\/fi\/car-transport-shipping\/\" data-internallinksmanager029f6b8e52c=\"2\" title=\"2026 Kansainv\u00e4linen autokuljetus ja ajoneuvojen kuljetus tarjoukset\">Autonkuljetus<\/a><\/li>\n<li> Jaettu kontti<\/li>\n<li> Vientipakkauspalvelu<\/li>\n<li> Hyllytt\u00e4minen ja laatikoiden valmistaminen<\/li>\n<\/ul>\n<h2>IMove International Yrityksen profiili<\/h2>\n<p>IMove International on nuori, yksityisomistuksessa oleva yritys, joka perustettiin toukokuussa 2011. Se on erikoistunut <a href=\"https:\/\/moverdb.com\/fi\/international-removals\/\">kansainv\u00e4linen muutto<\/a>, merenkulku- ja siirtoyritys. <\/p>\n<p>IMove j\u00e4rjest\u00e4\u00e4 muuttoja perheille, yritysasiakkaille ja yksityishenkil\u00f6ille alkaen <a href=\"https:\/\/moverdb.com\/fi\/moving-to-the-uk\/\" data-internallinksmanager029f6b8e52c=\"93\" title=\"Muutatko Yhdistyneeseen kuningaskuntaan? 2022 Elinkustannukset ja muuttovinkit\">UK<\/a> useimpiin kohteisiin ymp\u00e4ri maailmaa.<\/p>\n<p>IMove l\u00e4hett\u00e4\u00e4 mit\u00e4 tahansa pienimm\u00e4st\u00e4 paketista huonekalukotitalouteen. Yritys tarjoaa jokaiselle asiakkaalle henkil\u00f6kohtaisen muuttokoordinaattorin, joka on heid\u00e4n yhteyshenkil\u00f6ns\u00e4 koko muuttoprosessin ajan.<\/p>\n<p>IMove Internationalilla on seuraavat akkreditoinnit ja j\u00e4senyydet:<\/p>\n<ul>\n<li> ISO 9001<\/li>\n<\/ul>\n<h2>IMove International Arvostelut<\/h2>\n<p><strong>Positiivinen:<\/strong><\/p>\n<ul>\n<li> <em>\"Asiat sujuivat sujuvasti ja tehokkaasti. Suosittelen ehdottomasti yrityst\u00e4 sen palvelun ja hinta-laatusuhteen vuoksi\"<\/em> - H Fowler kautta <a href=\"http:\/\/www.imoveintl.com\/testimonials.htm\" target=\"_blank\" rel=\"noopener\">Asiakkaiden arvostelut sivu<\/a><\/li>\n<li> \"<em>Haluan onnitella IMovea t\u00e4sm\u00e4llisyydest\u00e4, tarkoituksenmukaisuudesta ja ammattitaidosta, jolla muuttoani Orlandosta, joka tapahtui <a href=\"https:\/\/moverdb.com\/fi\/moving-to-the-united-states\/moving-to-florida\/\" data-internallinksmanager029f6b8e52c=\"331\" title=\"Muutto Floridaan? 2023 Elinkustannukset ja muuttovinkit\">Florida<\/a> Kentiin, toteutettiin.<\/em> - Annette <a href=\"http:\/\/www.removalreviews.co.uk\/movers\/imove-international-191#11473\" target=\"_blank\" rel=\"noopener\">RemovalReviews.com<\/a> <\/li>\n<li> \"<em>Suosittelen l\u00e4mpim\u00e4sti t\u00e4t\u00e4 yrityst\u00e4 - eritt\u00e4in kohtuulliset kustannukset, eritt\u00e4in nopea siirto ja hyv\u00e4 palvelu\"<\/em> - Johathan kautta <a href=\"http:\/\/www.reviews.co.uk\/company-reviews\/store\/imove-international-removals-ltd\" target=\"_blank\" rel=\"noopener\">Reviews.co.uk<\/a> <\/li>\n<\/ul>\n<p><strong>Negatiivinen<\/strong><\/p>\n<ul>\n<li> \"<em>Vaikka toimitusaika <a href=\"https:\/\/moverdb.com\/fi\/moving-to-london\/\">Lontoo<\/a> osoitteeseen <a href=\"https:\/\/moverdb.com\/fi\/moving-to-switzerland\/\" data-internallinksmanager029f6b8e52c=\"327\" title=\"Muutatko Sveitsiin? 2023 Elinkustannukset ja muuttovinkit\">Sveitsi<\/a> oli ripe\u00e4, mutta kehottaisin ket\u00e4\u00e4n k\u00e4ytt\u00e4m\u00e4\u00e4n t\u00e4t\u00e4 yrityst\u00e4, koska yht\u00e4 arvokkaimmista tuotteista ei koskaan toimitettu ja se \"katosi\". Ei tuntunut olevan mit\u00e4\u00e4n aitoa yll\u00e4tyst\u00e4, huolta tai anteeksipyynt\u00f6\u00e4 t\u00e4m\u00e4n kohteen menett\u00e4misest\u00e4.\"\"<\/em> - Ms Laurens kautta <a href=\"http:\/\/www.removalreviews.co.uk\/movingreviews\/stolen-item-1264\" target=\"_blank\" rel=\"noopener\">RemovalReviews.co.uk<\/a> <\/li>\n<li> \"<em>Tavaramme ker\u00e4ttiin ker\u00e4ysp\u00e4iv\u00e4n\u00e4 (02.11.2015), mik\u00e4 oli hienoa, mutta nyt on maaliskuu, emmek\u00e4 ole viel\u00e4k\u00e4\u00e4n saaneet laatikoitamme.\"<\/em> - Samantha kautta <a href=\"http:\/\/www.reviews.co.uk\/company-reviews\/store\/imove-international-removals-ltd\" target=\"_blank\" rel=\"noopener\">Reviews.co.uk<\/a> <\/li>\n<\/ul>\n<div itemprop=\"review\" itemscope itemtype=\"http:\/\/schema.org\/Review\">\n<span itemprop=\"author\" itemscope=\"\" itemtype=\"http:\/\/schema.org\/Organization\"><span itemprop=\"name\">MoverDB.com<\/span><\/span> Verkkosivuston arvostelu <span itemprop=\"itemreviewed\" itemscope=\"\" itemtype=\"http:\/\/schema.org\/Brand\"><span itemprop=\"name\">IMove International<\/span><\/span>:<\/p>\n<ol>\n<li> Selke\u00e4t yhteystiedot verkkosivustolla (my\u00f6s puhelinnumero): <strong>Kyll\u00e4<\/strong><\/li>\n<li> Helppo saada <a href=\"https:\/\/moverdb.com\/fi\/lainauksia\/\">kansainv\u00e4liset muutot tarjoukset<\/a>? (Online-arviolomake): <strong>Kyll\u00e4<\/strong><\/li>\n<li> Selke\u00e4t tiedot verkkosivustolla: <strong>Kyll\u00e4<\/strong>, Sivustolla on paljon tietoa muuttamisesta eri maihin ymp\u00e4ri maailmaa, mukaan lukien tarvittavat asiakirjat.<\/li>\n<li> J\u00e4senyys kansainv\u00e4lisiss\u00e4 tunnustetuissa liikkuvuutta harjoittavissa j\u00e4rjest\u00f6iss\u00e4: <strong>Osittain<\/strong>vaikka ne ovat ISO-rekister\u00f6ityj\u00e4, niilt\u00e4 n\u00e4ytt\u00e4\u00e4 puuttuvan muita akkreditointeja.<\/li>\n<li> Luettelo asiakkaista ja\/tai aiempien asiakkaiden suosittelut: <strong>Kyll\u00e4,<\/strong> Sivustolla on paljon positiivisia asiakasarvioita.<\/li>\n<\/ol>\n<div itemprop=\"reviewRating\" itemscope itemtype=\"http:\/\/schema.org\/Rating\"><meta itemprop=\"worstRating\" content = \"0\" \/><meta itemprop=\"bestRating\" content=\"5\" \/><meta itemprop=\"ratingValue\" content=\"4\"><\/div>\n<p><strong>Yleisarvosana: 4\/5<\/strong><br \/>\n<strong>Tarkistusp\u00e4iv\u00e4:<\/strong> <span itemprop=\"datePublished\" content=\"2016-09-23\">23\/09\/16<\/span>\n<\/div>\n<p>Lue lis\u00e4\u00e4 <a href=\"https:\/\/moverdb.com\/fi\/international-removals\/\">muuttoyritykset<\/a> ja meid\u00e4n <a href=\"https:\/\/moverdb.com\/fi\/arvostelut\/\">tarkistusprosessi<\/a>.<\/p>\n<p><strong>Verkkosivusto:<\/strong> <a href=\"http:\/\/www.imoveintl.com\/\" target=\"_blank\" rel=\"noopener\">http:\/\/www.imoveintl.com\/<\/a><\/p>","protected":false},"excerpt":{"rendered":"<p>IMove International is based in Surrey. It offers its customers a range of services to assist with their move abroad. These are listed below, together with a company profile and reviews. International Removals Personal move coordinator Door to door Door to port Air, sea or road Company relocations Motor vehicles Full packing service Self-packing Fragile [&hellip;]<\/p>\n","protected":false},"author":1,"featured_media":0,"parent":0,"menu_order":0,"comment_status":"closed","ping_status":"closed","template":"","meta":{"_genesis_hide_title":false,"_genesis_hide_breadcrumbs":false,"_genesis_hide_singular_image":false,"_genesis_hide_footer_widgets":false,"_genesis_custom_body_class":"","_genesis_custom_post_class":"","_genesis_layout":"","footnotes":""},"class_list":{"0":"post-927","1":"page","2":"type-page","3":"status-publish","5":"entry"},"_links":{"self":[{"href":"https:\/\/moverdb.com\/fi\/wp-json\/wp\/v2\/pages\/927","targetHints":{"allow":["GET"]}}],"collection":[{"href":"https:\/\/moverdb.com\/fi\/wp-json\/wp\/v2\/pages"}],"about":[{"href":"https:\/\/moverdb.com\/fi\/wp-json\/wp\/v2\/types\/page"}],"author":[{"embeddable":true,"href":"https:\/\/moverdb.com\/fi\/wp-json\/wp\/v2\/users\/1"}],"replies":[{"embeddable":true,"href":"https:\/\/moverdb.com\/fi\/wp-json\/wp\/v2\/comments?post=927"}],"version-history":[{"count":6,"href":"https:\/\/moverdb.com\/fi\/wp-json\/wp\/v2\/pages\/927\/revisions"}],"predecessor-version":[{"id":13160,"href":"https:\/\/moverdb.com\/fi\/wp-json\/wp\/v2\/pages\/927\/revisions\/13160"}],"wp:attachment":[{"href":"https:\/\/moverdb.com\/fi\/wp-json\/wp\/v2\/media?parent=927"}],"curies":[{"name":"wp","href":"https:\/\/api.w.org\/{rel}","templated":true}]}}