{"id":926,"date":"2017-07-04T15:15:07","date_gmt":"2017-07-04T15:15:07","guid":{"rendered":"http:\/\/moverdb.com\/?page_id=926"},"modified":"2026-01-08T14:47:30","modified_gmt":"2026-01-08T14:47:30","slug":"american-red-ball-transit","status":"publish","type":"page","link":"https:\/\/moverdb.com\/fi\/american-red-ball-transit\/","title":{"rendered":"American Red Ball Transit: International Moving Arvostelut"},"content":{"rendered":"<p>American Red Ball Transit tarjoaa asiakkailleen monia kotimaan palveluja alueella <a href=\"https:\/\/moverdb.com\/fi\/moving-to-the-united-states\/\" data-internallinksmanager029f6b8e52c=\"94\" title=\"Muutatko Yhdysvaltoihin? 2022 Elinkustannukset ja muuttovinkit\">US<\/a>, ne on lueteltu j\u00e4ljemp\u00e4n\u00e4 yhdess\u00e4 yrityksen profiilin ja arvostelujen kanssa.<\/p>\n<p><strong>Yrityksen uudelleensijoittaminen<\/strong><\/p>\n<ul>\n<li> Henkil\u00f6kohtainen siirtosuunnitelma<\/li>\n<li> Avustaminen henkil\u00f6st\u00f6n ja toimiston muutoissa<\/li>\n<li> T\u00e4ydellinen pakkauspalvelu<\/li>\n<li> Huonekalujen purkaminen ja kokoaminen<\/li>\n<li> Tietotekniikan siirt\u00e4minen<\/li>\n<li> Pakkauksen purkamispalvelu<\/li>\n<li> Pitk\u00e4aikainen ja lyhytaikainen varastointi<\/li>\n<\/ul>\n<p><strong>Kotimaan muutot<\/strong><\/p>\n<ul>\n<li> Interaktiivinen muuttokalenteri<\/li>\n<li> Ovelta ovelle<\/li>\n<li> T\u00e4ydellinen pakkauspalvelu, hauraat esineet tai tee-se-itse -palvelu.<\/li>\n<li> Huonekalujen purkaminen ja kokoaminen.<\/li>\n<li> Vakuutus saatavilla<\/li>\n<li> Tarjottu pakkauksen purkamispalvelu<\/li>\n<li> Pitk\u00e4- ja lyhytaikaista varastointia saatavilla<\/li>\n<\/ul>\n<h2>American Red Ball Transit Yrityksen profiili<\/h2>\n<p>American Red Ball Transit, joka on perustettu vuonna 1919, on vanhin osavaltioiden v\u00e4linen lentoyhti\u00f6. <a href=\"https:\/\/moverdb.com\/fi\/international-removals\/\" data-internallinksmanager029f6b8e52c=\"27\" title=\"36 Parhaat kansainv\u00e4liset muuttoyritykset Yhdistyneess\u00e4 kuningaskunnassa\">muuttofirma<\/a> Yhdysvalloissa, ja sen kotipaikka on Indianapolis. Yritys on tunnettu asiantuntemuksestaan sotilassiirtojen alalla, ja se on suorittanut monia siirtoja jo toisen maailmansodan aikana. Vuonna 1996 American Red Ball Transit myytiin seuraavalle yritykselle <a href=\"https:\/\/moverdb.com\/fi\/atlas-van-lines-international\/\">Atlas World Group<\/a>. T\u00e4m\u00e4 ryhm\u00e4 siirt\u00e4\u00e4 vuosittain yli 13 000 sotilasperhett\u00e4.<\/p>\n<p>Vuonna 2001 American Red Ball Transit, joka on American Red Ball Internationalin kotimainen tyt\u00e4ryhti\u00f6, myytiin sen johdolle. American Red Ball International jatkaa liiketoiminnan kansainv\u00e4list\u00e4 puolta.<\/p>\n<p>American Red Ball Transitilla on seuraavat liittym\u00e4t ja akkreditoinnit:<\/p>\n<ul>\n<li> Better Business Bureau (BBB)<\/li>\n<li> <a href=\"https:\/\/moverdb.com\/fi\/amsa\/\">American Moving and Storage Association<\/a> (<a href=\"https:\/\/moverdb.com\/fi\/amsa\/\" data-internallinksmanager029f6b8e52c=\"5\" title=\"American Moving &amp; Storage Association (AMSA) selitetty\">AMSA<\/a>)<\/li>\n<li> <a href=\"https:\/\/moverdb.com\/fi\/vanne-promover\/\">ProMover<\/a><\/li>\n<\/ul>\n<h2>American Red Ball Transit Company Arvostelut<\/h2>\n<p><strong>Positiivinen:<\/strong><\/p>\n<ul>\n<li> <em>\"American Red Ball on yksi parhaista yhteisty\u00f6kumppaneistamme, laadukas organisaatio, jossa on laadukkaita henkil\u00f6it\u00e4. Eritt\u00e4in suositeltava.\"<\/em> - John kautta <a href=\"https:\/\/www.yelp.co.uk\/biz\/american-red-ball-transit-company-indianapolis?hrid=mQPsd2n9lj4MbWXdnRerwA&#038;utm_campaign=www_review_share_popup&#038;utm_medium=copy_link&#038;utm_source=(direct)\" target=\"_blank\" rel=\"noopener\">Yelp<\/a><\/li>\n<\/ul>\n<p><strong>Negatiivinen:<\/strong><\/p>\n<ul>\n<li> <em>\"Minulla oli aivan kamala kokemus t\u00e4st\u00e4 yrityksest\u00e4.\"<\/em> - R.R. kautta <a href=\"https:\/\/www.bbb.org\/indy\/business-reviews\/movers\/american-red-ball-transit-company-inc-in-indianapolis-in-753\/reviews-and-complaints?section=reviews&#038;reviewtype=negative\" target=\"_blank\" rel=\"noopener\">BBB.org<\/a><\/li>\n<\/ul>\n<div itemprop=\"review\" itemscope itemtype=\"http:\/\/schema.org\/Review\">\n<span itemprop=\"author\" itemscope=\"\" itemtype=\"http:\/\/schema.org\/Organization\"><span itemprop=\"name\">MoverDB.com<\/span><\/span> Verkkosivuston arvostelu <span itemprop=\"itemreviewed\" itemscope=\"\" itemtype=\"http:\/\/schema.org\/Brand\"><span itemprop=\"name\">Amerikan punainen pallo Transit<\/span><\/span>:<\/p>\n<ol>\n<li> Selke\u00e4t yhteystiedot verkkosivustolla (my\u00f6s puhelinnumero): <strong>Kyll\u00e4<\/strong><\/li>\n<li> Helppo saada <a href=\"https:\/\/moverdb.com\/fi\/lainauksia\/\">kansainv\u00e4liset muutto tarjoukset<\/a>? (Online-arviolomake): <strong>Kyll\u00e4<\/strong><\/li>\n<li> Selke\u00e4t tiedot verkkosivustolla: <strong>Rajoitettu,<\/strong> Sivusto kertoo hyvin v\u00e4h\u00e4n.<\/li>\n<li> J\u00e4senyys kansainv\u00e4lisiss\u00e4 tunnustetuissa liikkuvissa j\u00e4rjest\u00f6iss\u00e4: <strong>Kyll\u00e4<\/strong><\/li>\n<li> Luettelo asiakkaista ja\/tai aiempien asiakkaiden suosittelut: <strong>Ei<\/strong>, ja verkkoarvostelut ovat ristiriitaisia.<\/li>\n<\/ol>\n<div itemprop=\"reviewRating\" itemscope itemtype=\"http:\/\/schema.org\/Rating\"><meta itemprop=\"worstRating\" content = \"0\" \/><meta itemprop=\"bestRating\" content=\"5\" \/><meta itemprop=\"ratingValue\" content=\"3\"><\/div>\n<p><strong>Yleisarvosana: 3\/5<\/strong><br \/>\n<strong>Tarkistusp\u00e4iv\u00e4:<\/strong> <span itemprop=\"datePublished\" content=\"2017-07-04\">04\/07\/2016<\/span>\n<\/div>\n<p>Lue lis\u00e4\u00e4 <a href=\"https:\/\/moverdb.com\/fi\/muuttoyritykset\/\">kansainv\u00e4liset muuttofirmat<\/a>, <a href=\"https:\/\/moverdb.com\/fi\/us-canada-movers\/\">Yhdysvaltain kotimaiset muuttajat<\/a> ja tutustu tarkemmin <a href=\"https:\/\/moverdb.com\/fi\/arvostelut\/\">tarkistusprosessi<\/a>.<\/p>\n<p><strong>Verkkosivusto:<\/strong> <a href=\"http:\/\/www.redball.com\/\" target=\"_blank\" rel=\"noopener\">http:\/\/www.redball.com\/<\/a><\/p>","protected":false},"excerpt":{"rendered":"<p>American Red Ball Transit offers its customers many domestic services within the US, these are listed below, together with a company profile and reviews. Corporate Relocation Personalised relocation plan Assistance with personnel and office moves Full packing service Disassembly and reassembly of furniture IT moving Unpacking service Long and short term storage Domestic Moves Interactive [&hellip;]<\/p>\n","protected":false},"author":1,"featured_media":0,"parent":0,"menu_order":0,"comment_status":"closed","ping_status":"closed","template":"","meta":{"_genesis_hide_title":false,"_genesis_hide_breadcrumbs":false,"_genesis_hide_singular_image":false,"_genesis_hide_footer_widgets":false,"_genesis_custom_body_class":"","_genesis_custom_post_class":"","_genesis_layout":"","footnotes":""},"class_list":{"0":"post-926","1":"page","2":"type-page","3":"status-publish","5":"entry"},"_links":{"self":[{"href":"https:\/\/moverdb.com\/fi\/wp-json\/wp\/v2\/pages\/926","targetHints":{"allow":["GET"]}}],"collection":[{"href":"https:\/\/moverdb.com\/fi\/wp-json\/wp\/v2\/pages"}],"about":[{"href":"https:\/\/moverdb.com\/fi\/wp-json\/wp\/v2\/types\/page"}],"author":[{"embeddable":true,"href":"https:\/\/moverdb.com\/fi\/wp-json\/wp\/v2\/users\/1"}],"replies":[{"embeddable":true,"href":"https:\/\/moverdb.com\/fi\/wp-json\/wp\/v2\/comments?post=926"}],"version-history":[{"count":4,"href":"https:\/\/moverdb.com\/fi\/wp-json\/wp\/v2\/pages\/926\/revisions"}],"predecessor-version":[{"id":6171,"href":"https:\/\/moverdb.com\/fi\/wp-json\/wp\/v2\/pages\/926\/revisions\/6171"}],"wp:attachment":[{"href":"https:\/\/moverdb.com\/fi\/wp-json\/wp\/v2\/media?parent=926"}],"curies":[{"name":"wp","href":"https:\/\/api.w.org\/{rel}","templated":true}]}}