{"id":925,"date":"2016-09-27T05:35:52","date_gmt":"2016-09-27T05:35:52","guid":{"rendered":"http:\/\/moverdb.com\/?page_id=925"},"modified":"2026-01-08T14:40:05","modified_gmt":"2026-01-08T14:40:05","slug":"lopa-removals","status":"publish","type":"page","link":"https:\/\/moverdb.com\/fi\/lopa-removals\/","title":{"rendered":"Lopa Removals: Lopa Moving: International Moving Reviews"},"content":{"rendered":"<p>Lopa Removals sijaitsee Romfordissa ja tarjoaa asiakkailleen erilaisia palveluja, jotka on lueteltu alla, sek\u00e4 yrityksen profiilin ja arvosteluja.<\/p>\n<p><strong>Eurooppalaiset ja kansainv\u00e4liset siirrot<\/strong><\/p>\n<ul>\n<li> Erityinen muuttop\u00e4\u00e4llikk\u00f6<\/li>\n<li> Koko talon muutot valmistuvat 2-5 p\u00e4iv\u00e4ss\u00e4<\/li>\n<li> J\u00e4rjestetty vakuutus<\/li>\n<li> GPS-ajoneuvojen seuranta<\/li>\n<li> T\u00e4ysi pakkaus, hauras pakkaus tai tee se itse.<\/li>\n<li> Ilmaiset laatikot ja pakkausmateriaali<\/li>\n<li> Vahinkovapaa takuu<\/li>\n<li> H\u00e4kitys<\/li>\n<li> Ulkopuoliset hissit esimerkiksi pianoja varten<\/li>\n<li> Osakuormat ja t\u00e4yskuormat<\/li>\n<li> Pakkauksen purkamispalvelu<\/li>\n<li> Lyhyt- ja pitk\u00e4aikainen varastointi<\/li>\n<\/ul>\n<p><strong>Varastointi<\/strong><\/p>\n<ul>\n<li> Lyhyell\u00e4 ja pitk\u00e4ll\u00e4 aikav\u00e4lill\u00e4<\/li>\n<li> Turvallinen ja aidattu<\/li>\n<li> Vakuutettu<\/li>\n<li> Ammattimaisesti pinottu<\/li>\n<li> Tavarat asianmukaisesti suojattu vaurioilta ja lialta.<\/li>\n<\/ul>\n<p><strong>Asiantuntijan siirrot<\/strong><\/p>\n<ul>\n<li> Taidegalleriat<\/li>\n<li> N\u00e4yttelyt<\/li>\n<\/ul>\n<h2>Lopa Removals Yrityksen profiili<\/h2>\n<p>Lopa Removals on erikoistunut kansainv\u00e4lisiin ja erityisesti Euroopan sis\u00e4isiin muuttoihin. Yrityksen kotipaikka on Romford. Kyseess\u00e4 on nuori yritys, jonka p\u00e4\u00e4tavoitteena on parantaa nykyisi\u00e4 Euroopan maiden v\u00e4lisi\u00e4 muuttoja. <\/p>\n<p>Sill\u00e4 on pitk\u00e4 lista merkitt\u00e4vi\u00e4 tyytyv\u00e4isi\u00e4 asiakkaita. Lopa Removals tarjoaa korkeatasoista asiakaspalvelua sek\u00e4 ennen muuttoa, sen aikana ett\u00e4 sen j\u00e4lkeen. Positiivisen asiakaspalautteen ansiosta se keskittyy t\u00e4ll\u00e4 hetkell\u00e4 muuttoihin v\u00e4lill\u00e4 <a href=\"https:\/\/moverdb.com\/fi\/moving-to-london\/\">Lontoo<\/a>, <a href=\"https:\/\/moverdb.com\/fi\/moving-to-france\/moving-to-paris\/\" data-internallinksmanager029f6b8e52c=\"407\" title=\"Muutatko Pariisiin? 2023 Elinkustannukset ja muuttovinkit\">Pariisi<\/a> ja Brysseliss\u00e4 ja tehd\u00e4 n\u00e4ist\u00e4 liikkeist\u00e4 markkinoiden parhaita.<\/p>\n<p>Lopa Removalsilla on seuraavat akkreditoinnit ja j\u00e4senyydet:<\/p>\n<ul>\n<li> Laatustandardi ISO 9001<\/li>\n<li> <a href=\"https:\/\/moverdb.com\/fi\/british-association-of-removers\/\">British Association of Removers<\/a> (<a href=\"https:\/\/moverdb.com\/fi\/british-association-of-removers\/\" data-internallinksmanager029f6b8e52c=\"9\" title=\"British Association of Removers (BAR) selitetty\">BAR<\/a>)<\/li>\n<\/ul>\n<h2>Lopa Removals Arvostelut<\/h2>\n<p><strong>Positiivinen:<\/strong><\/p>\n<ul>\n<li> \"Lopa removals tarjosi eritt\u00e4in hyv\u00e4\u00e4 palvelua ja teki muutostamme Lontoosta Pariisiin sujuvaa ja stressit\u00f6nt\u00e4.\" - S. Gerber via <a href=\"https:\/\/uk.trustpilot.com\/reviews\/57b199dc0000ff00097bf54d\" target=\"_blank\" rel=\"noopener\">Trustpilot<\/a><\/li>\n<\/ul>\n<p><strong>Negatiivinen:<\/strong><\/p>\n<ul>\n<li> \"<em>Olin muuttamassa <a href=\"https:\/\/moverdb.com\/fi\/moving-to-belgium\/\" data-internallinksmanager029f6b8e52c=\"323\" title=\"Muutatko Belgiaan? 2023 Elinkustannukset ja muuttovinkit\">Belgia<\/a> ja olin innoissani l\u00f6yt\u00e4ess\u00e4ni n\u00e4m\u00e4 kaverit, kohtuuhintaisia, eritt\u00e4in hyvi\u00e4 arvosteluja t\u00e4\u00e4ll\u00e4 ja mainostetaan perheomistuksessa ja eritt\u00e4in ymm\u00e4rt\u00e4v\u00e4inen. Minun olisi pit\u00e4nyt tiet\u00e4\u00e4 paremmin.\"<\/em> Andrei kautta <a href=\"https:\/\/uk.trustpilot.com\/reviews\/53ce415d0000640002999120\" target=\"_blank\" rel=\"noopener\">Trustpilot<\/a> <\/li>\n<\/ul>\n<div itemprop=\"review\" itemscope itemtype=\"http:\/\/schema.org\/Review\">\n<span itemprop=\"author\" itemscope=\"\" itemtype=\"http:\/\/schema.org\/Organization\"><span itemprop=\"name\">MoverDB.com<\/span><\/span> Verkkosivuston arvostelu <span itemprop=\"itemreviewed\" itemscope=\"\" itemtype=\"http:\/\/schema.org\/Brand\"><span itemprop=\"name\">Lopa Muutot<\/span><\/span>:<\/p>\n<ol>\n<li> Selke\u00e4t yhteystiedot verkkosivustolla (my\u00f6s puhelinnumero): <strong>Kyll\u00e4<\/strong><\/li>\n<li> Helppo saada <a href=\"https:\/\/moverdb.com\/fi\/lainauksia\/\">muutto tarjoukset<\/a>? (Online-arviolomake): <strong>Kyll\u00e4<\/strong><\/li>\n<li> Selke\u00e4t tiedot verkkosivustolla: <strong>Joitakin,<\/strong> mutta kaiken kaikkiaan sivustolla on suhteellisen v\u00e4h\u00e4n tietoa<\/li>\n<li> J\u00e4senyys kansainv\u00e4lisiss\u00e4 tunnustetuissa liikkuvuutta harjoittavissa j\u00e4rjest\u00f6iss\u00e4: <strong>Kyll\u00e4<\/strong><\/li>\n<li> Luettelo asiakkaista ja\/tai aiempien asiakkaiden suosittelut: <strong>Osittain,<\/strong> vaikka ei is\u00e4nn\u00f6i sivustolla heill\u00e4 on positiivinen luokitus Trustpilotissa.<\/li>\n<\/ol>\n<div itemprop=\"reviewRating\" itemscope itemtype=\"http:\/\/schema.org\/Rating\"><meta itemprop=\"worstRating\" content = \"0\" \/><meta itemprop=\"bestRating\" content=\"5\" \/><meta itemprop=\"ratingValue\" content=\"4\"><\/div>\n<p><strong>Yleisarvosana: 4\/5<\/strong><br \/>\n<strong>Tarkistusp\u00e4iv\u00e4:<\/strong> <span itemprop=\"datePublished\" content=\"2016-09-27\">27\/08\/16<\/span>\n<\/div>\n<p>Lue lis\u00e4\u00e4 <a href=\"https:\/\/moverdb.com\/fi\/international-removals\/\">kansainv\u00e4liset muutot<\/a> ja meid\u00e4n <a href=\"https:\/\/moverdb.com\/fi\/arvostelut\/\">tarkistusprosessi<\/a>.<\/p>\n<p><strong>Verkkosivusto:<\/strong> <a href=\"http:\/\/new.loparemovals.com\/\" target=\"_blank\" rel=\"noopener\">http:\/\/new.loparemovals.com\/<\/a><\/p>","protected":false},"excerpt":{"rendered":"<p>Lopa Removals is based in Romford and offers its customers a range of services which are listed below, together with a company profile and reviews. European and International Moves Dedicated move manager Full house moves complete in 2-5 days Insurance arranged GPS vehicle tracking Full packing, fragile packing or do it yourself Free boxes and [&hellip;]<\/p>\n","protected":false},"author":1,"featured_media":0,"parent":0,"menu_order":0,"comment_status":"closed","ping_status":"closed","template":"","meta":{"_genesis_hide_title":false,"_genesis_hide_breadcrumbs":false,"_genesis_hide_singular_image":false,"_genesis_hide_footer_widgets":false,"_genesis_custom_body_class":"","_genesis_custom_post_class":"","_genesis_layout":"","footnotes":""},"class_list":{"0":"post-925","1":"page","2":"type-page","3":"status-publish","5":"entry"},"_links":{"self":[{"href":"https:\/\/moverdb.com\/fi\/wp-json\/wp\/v2\/pages\/925","targetHints":{"allow":["GET"]}}],"collection":[{"href":"https:\/\/moverdb.com\/fi\/wp-json\/wp\/v2\/pages"}],"about":[{"href":"https:\/\/moverdb.com\/fi\/wp-json\/wp\/v2\/types\/page"}],"author":[{"embeddable":true,"href":"https:\/\/moverdb.com\/fi\/wp-json\/wp\/v2\/users\/1"}],"replies":[{"embeddable":true,"href":"https:\/\/moverdb.com\/fi\/wp-json\/wp\/v2\/comments?post=925"}],"version-history":[{"count":7,"href":"https:\/\/moverdb.com\/fi\/wp-json\/wp\/v2\/pages\/925\/revisions"}],"predecessor-version":[{"id":13171,"href":"https:\/\/moverdb.com\/fi\/wp-json\/wp\/v2\/pages\/925\/revisions\/13171"}],"wp:attachment":[{"href":"https:\/\/moverdb.com\/fi\/wp-json\/wp\/v2\/media?parent=925"}],"curies":[{"name":"wp","href":"https:\/\/api.w.org\/{rel}","templated":true}]}}