{"id":921,"date":"2016-08-29T20:53:00","date_gmt":"2016-08-29T20:53:00","guid":{"rendered":"http:\/\/moverdb.com\/?page_id=921"},"modified":"2026-01-08T15:20:42","modified_gmt":"2026-01-08T15:20:42","slug":"simpsons-removals","status":"publish","type":"page","link":"https:\/\/moverdb.com\/fi\/simpsons-removals\/","title":{"rendered":"Simpsons Removals and Storage: Simpsons Simpsonit: International Moving: International Moving Reviews"},"content":{"rendered":"<p>Simpsons Removals and Storage Ltd sijaitsee Kentiss\u00e4, ja se tarjoaa asiakkailleen valikoiman seuraavia palveluja <a href=\"https:\/\/moverdb.com\/fi\/international-removals\/\" data-internallinksmanager029f6b8e52c=\"27\" title=\"36 Parhaat kansainv\u00e4liset muuttoyritykset Yhdistyneess\u00e4 kuningaskunnassa\">kansainv\u00e4liset muutot<\/a> palvelut, jotka on lueteltu j\u00e4ljemp\u00e4n\u00e4. Seuraavassa on my\u00f6s yrityksen profiili ja arvosteluja.<\/p>\n<p><strong>Kansainv\u00e4liset muutot<\/strong><\/p>\n<ul>\n<li> Ovelta ovelle tai lentoasemalta m\u00e4\u00e4r\u00e4np\u00e4\u00e4h\u00e4n<\/li>\n<li> T\u00e4yden palvelun, hauraat tavarat tai tee-se-itse-pakkaus<\/li>\n<li> Pakkausmateriaalit voidaan toimittaa<\/li>\n<li> Lento- tai merirahti - <a href=\"https:\/\/moverdb.com\/fi\/konttikuljetukset\/\">kansainv\u00e4linen konttikuljetus<\/a><\/li>\n<li> Ylim\u00e4\u00e4r\u00e4inen matkatavara pienille kuormille<\/li>\n<li> J\u00e4rjestetty vakuutus<\/li>\n<li> Terminaalin k\u00e4sittely\/<a href=\"https:\/\/moverdb.com\/fi\/top-49-container-ports\/\" data-internallinksmanager029f6b8e52c=\"80\" title=\"Top 49 suurinta ja vilkkainta konttisatamaa vuonna 2025\">satama<\/a> maksut<\/li>\n<li> Tulliselvitys<\/li>\n<li> Toimitus ja pakkauksen purkaminen<\/li>\n<li> Roskien poistaminen<\/li>\n<li> Kauppiaspalvelut<\/li>\n<li> Siivouspalvelu<\/li>\n<\/ul>\n<p><strong>Pakkausmateriaalit<\/strong><\/p>\n<ul>\n<li> Pakkauskartongit eri kokoisina<\/li>\n<li> Ripustettavat vaatekaappikotelot<\/li>\n<li> Pakkausteippi<\/li>\n<li> Pakkauspaperi<\/li>\n<li> Paperiset huovat<\/li>\n<li> Kankaiset kuljetuspeitteet<\/li>\n<li> Patjapussit<\/li>\n<li> Arkistolaatikot<\/li>\n<li> R\u00e4\u00e4t\u00e4l\u00f6ityj\u00e4 puulaatikoita saatavilla pyynn\u00f6st\u00e4 - 7 p\u00e4iv\u00e4n varoitusajalla.<\/li>\n<\/ul>\n<p><strong>Eurooppalaiset siirrot<\/strong><\/p>\n<ul>\n<li> Lent\u00e4en, meritse tai maanteitse<\/li>\n<li> Omistettu kuormituspalvelu<\/li>\n<li> Osakuormat saatavilla<\/li>\n<li> Ovelta ovelle -palvelu saatavilla<\/li>\n<li> T\u00e4yden palvelun, hauraat tavarat tai tee-se-itse-pakkaus<\/li>\n<li> Pakkausmateriaalit voidaan toimittaa<\/li>\n<li> J\u00e4rjestetty vakuutus<\/li>\n<li> Pakkauksen purkamispalvelu saatavilla<\/li>\n<li> Roskien poisto<\/li>\n<\/ul>\n<p><strong><a href=\"https:\/\/moverdb.com\/fi\/moving-to-the-uk\/\" data-internallinksmanager029f6b8e52c=\"93\" title=\"Muutatko Yhdistyneeseen kuningaskuntaan? 2022 Elinkustannukset ja muuttovinkit\">UK<\/a> Muutto<\/strong><\/p>\n<ul>\n<li> Ovelta ovelle<\/li>\n<li> Henkil\u00f6kohtaiset muutot<\/li>\n<li> Yritysten muutot<\/li>\n<li> T\u00e4yden palvelun, hauraat tavarat tai tee-se-itse-pakkaus<\/li>\n<li> Pakkausmateriaalit voidaan toimittaa<\/li>\n<li> J\u00e4rjestetty vakuutus<\/li>\n<li> Pakkauksen purkamispalvelu saatavilla<\/li>\n<li> Roskien poisto<\/li>\n<\/ul>\n<p><strong>Yrityssiirrot<\/strong><\/p>\n<ul>\n<li> Toimiston siirt\u00e4minen<\/li>\n<li> Yrityssiirrot maailmanlaajuisesti<\/li>\n<li> Eksklusiivinen koti liikkuu maailmanlaajuisesti<\/li>\n<li> IT-siirtoratkaisut<\/li>\n<li> Tehtaiden ja laboratorioiden muutot<\/li>\n<li> Toimistokalusteiden v\u00e4hitt\u00e4ismyynti<\/li>\n<\/ul>\n<p><strong>Varastointi<\/strong><\/p>\n<ul>\n<li> Itses\u00e4ilytys<\/li>\n<li> Kotitalouksien varastointi<\/li>\n<li> Arkistointi<\/li>\n<li> Ulkoinen varastointi<\/li>\n<li> 24\/7 CCTV<\/li>\n<\/ul>\n<h2>Simpsonsin muutot ja varastointi<\/h2>\n<p>Simpsons Removals and Storage Ltd:n perusti vuonna 1979 Barry Simpson. Nyky\u00e4\u00e4n t\u00e4m\u00e4 Kentiss\u00e4 sijaitseva muuttofirma on edelleen perheomistuksessa, ja sit\u00e4 johtavat Barry Simpsonin poika ja tyt\u00e4r. <\/p>\n<p>Yrityksen tavoitteena on tarjota ammattitaitoista ja tehokasta palvelua yksityis-, yritys- ja yritysasiakkaille, jotka muuttavat paikallisesti tai kansainv\u00e4lisesti. <\/p>\n<p>Simpsonsilla on 20 ajoneuvon kalusto, joka sopii kaikkiin muuttoihin. Heill\u00e4 on my\u00f6s 100 000 neli\u00f6jalkaa varastotilaa ja toinen 20 000 neli\u00f6jalkaa tilaa, jota voidaan k\u00e4ytt\u00e4\u00e4 konttien varastointiin. <\/p>\n<p>Yrityksell\u00e4 on nyt 36 vuoden kokemus muuttoliikealalta, ja se tuntee olevansa varustautunut hoitamaan kaikki muutot, olivatpa ne kuinka suuria tai pieni\u00e4 tahansa, miss\u00e4 p\u00e4in maailmaa tahansa.<\/p>\n<p>Simpsons Removals and Storage -yrityksell\u00e4 on seuraavat akkreditoinnit ja sidonnaisuudet:<\/p>\n<ul>\n<li> <a href=\"https:\/\/moverdb.com\/fi\/british-association-of-removers\/\">British Association of Removers<\/a> (<a href=\"https:\/\/moverdb.com\/fi\/british-association-of-removers\/\" data-internallinksmanager029f6b8e52c=\"9\" title=\"British Association of Removers (BAR) selitetty\">BAR<\/a>)<\/li>\n<li> <a href=\"https:\/\/moverdb.com\/fi\/bar-overseas\/\">British Association of Removers - Overseas Remover (Britannian muuttomiesten yhdistys)<\/a><\/li>\n<li> British Association of Removers - Commercial Moving Group (Brittil\u00e4inen muuttoliikkeiden yhdistys)<\/li>\n<li> <a href=\"https:\/\/moverdb.com\/fi\/olen\/\">Kansainv\u00e4linen muuttajien liitto<\/a> - <a href=\"https:\/\/moverdb.com\/fi\/iam\/\" data-internallinksmanager029f6b8e52c=\"23\" title=\"Kansainv\u00e4linen muuttajien liitto (IAM) selitetty\">IAM<\/a><\/li>\n<li> <a href=\"https:\/\/moverdb.com\/fi\/fedemac\/\">Federation of European Movers Association<\/a> - <a href=\"https:\/\/moverdb.com\/fi\/fedemac\/\" data-internallinksmanager029f6b8e52c=\"15\" title=\"Federation of European Movers Association (FEDEMAC) selitetty\">FEDEMAC<\/a><\/li>\n<li> Laadunvarmistettu palvelustandardi BS8564<\/li>\n<li> Laadunvarmistettu palvelustandardi BS8522 - Kaupalliset muutot<\/li>\n<li> Taide- ja antiikkikauppiaiden yhdistys - LAPADA<\/li>\n<li> Movers Traders Club (<a href=\"https:\/\/moverdb.com\/fi\/mtc\/\" data-internallinksmanager029f6b8e52c=\"30\" title=\"Movers Trading Club (MTC) selitetty\">MTC<\/a>)<\/li>\n<\/ul>\n<h2>Simpsons Removals and Storage Arvostelut<\/h2>\n<p><strong>Positiivinen:<\/strong><\/p>\n<ul>\n<li> <em>\"Halusin vain sanoa, ett\u00e4 olin niin tyytyv\u00e4inen Simpsonsin tarjoamaan palveluun aarteideni toimittamisessa eilen! Koko tavaroideni siirt\u00e4minen <a href=\"https:\/\/moverdb.com\/fi\/moving-to-canada\/\" data-internallinksmanager029f6b8e52c=\"265\" title=\"Muutto Kanadaan? 2023 Elinkustannukset ja muuttovinkit\">Kanada<\/a> Yhdistyneeseen kuningaskuntaan on ollut mahtavaa.\"<\/em> - Jane kautta<a href=\"http:\/\/www.simpsons-uk.com\/testimonials\" target=\"_blank\" rel=\"noopener\"> Simpsonien suosittelu<\/a><\/li>\n<li> <em>\"Kun olimme menett\u00e4neet l\u00e4ht\u00f6paikkamme alkuper\u00e4isen muuttofirman kanssa, etsimme uuden yrityksen. Simpsonit olivat kaikkein huomaavaisimpia ja l\u00e4hettiv\u00e4t omistajan katsomaan. <a href=\"https:\/\/moverdb.com\/fi\/moving-to-the-united-states\/\" data-internallinksmanager029f6b8e52c=\"94\" title=\"Muutatko Yhdysvaltoihin? 2022 Elinkustannukset ja muuttovinkit\">us<\/a> ja hinnoittele ty\u00f6.\"<\/em> - Dan kautta <a href=\"http:\/\/www.removalreviews.co.uk\/movingreviews\/surprisingly-good-2361\" target=\"_blank\" rel=\"noopener\">Muutto Arvostelut<\/a><\/li>\n<li> <em>\"Eritt\u00e4in ammattitaitoinen ja eritt\u00e4in yst\u00e4v\u00e4llinen henkil\u00f6kunta avulias.\"<\/em> - Eros kautta <a href=\"https:\/\/www.reallymoving.com\/international-removals\/directory\/216\/simpsons-removals-limited\" target=\"_blank\" rel=\"noopener\">ReallyMoving.com<\/a><\/li>\n<li> <em>\"Olin eritt\u00e4in tyytyv\u00e4inen koko prosessiin. Henkil\u00f6kunta oli yst\u00e4v\u00e4llist\u00e4 ja avuliasta, ja minut pidettiin koko ajan ajan ajan tasalla l\u00e4hetykseni tilasta.\"<\/em> - K Pryce kautta <a href=\"http:\/\/www.reviewcentre.com\/Removal-Companies\/Simpsons-Removals-and-Storage-Ltd-www-simpsons-uk-com-review_2646331\" target=\"_blank\" rel=\"noopener\">Arvostelukeskus<\/a> <\/li>\n<\/ul>\n<p><strong>Negatiivinen:<\/strong><\/p>\n<ul>\n<li> \"<em>\u00c4lk\u00e4\u00e4 koskaan, toistan: \u00c4LK\u00c4\u00c4 koskaan, k\u00e4ytt\u00e4k\u00f6 Simpsonsin poistoja.\"<\/em> - Ruth kautta <a href=\"http:\/\/www.removalreviews.co.uk\/movingreviews\/poor-delivery-men-and-customer-service-2658\" target=\"_blank\" rel=\"noopener\">Muutto Arvostelut<\/a> <\/li>\n<li> \"<em>Yritys ei onnistunut tekem\u00e4\u00e4n poistot\u00f6it\u00e4 ja antoi sopimuksen toiselle yritykselle.\"<\/em> - Mistral kautta <a href=\"https:\/\/www.reallymoving.com\/international-removals\/directory\/216\/simpsons-removals-limited\" target=\"_blank\" rel=\"noopener\">ReallyMoving.com<\/a> <\/li>\n<li> <em>\"T\u00e4m\u00e4 yhti\u00f6 on h\u00e4pe\u00e4ksi.\"<\/em> - kautta <a href=\"http:\/\/www.reviewcentre.com\/Removal-Companies\/Simpsons-Removals-and-Storage-Ltd-www-simpsons-uk-com-review_4006517\" target=\"_blank\" rel=\"noopener\">Arvostelukeskus<\/a> <\/li>\n<\/ul>\n<div itemprop=\"review\" itemscope itemtype=\"http:\/\/schema.org\/Review\">\n<span itemprop=\"author\" itemscope=\"\" itemtype=\"http:\/\/schema.org\/Organization\"><span itemprop=\"name\">MoverDB.com<\/span><\/span> Verkkosivuston arvostelu <span itemprop=\"itemreviewed\" itemscope=\"\" itemtype=\"http:\/\/schema.org\/Brand\"><span itemprop=\"name\">Simpsonsin muutot ja varastointi<\/span><\/span>:<\/p>\n<ol>\n<li> Selke\u00e4t yhteystiedot verkkosivustolla (my\u00f6s puhelinnumero): <strong>Kyll\u00e4<\/strong><\/li>\n<li> Helppo saada <a href=\"https:\/\/moverdb.com\/fi\/lainauksia\/\">kansainv\u00e4liset muutot tarjoukset<\/a>? (Online-arviolomake): <strong>Kyll\u00e4<\/strong><\/li>\n<li> Selke\u00e4t tiedot verkkosivustolla: <strong>Kyll\u00e4<\/strong>, yhteystiedot ja perusoppaat verkossa.<\/li>\n<li> J\u00e4senyys kansainv\u00e4lisiss\u00e4 tunnustetuissa liikkuvissa j\u00e4rjest\u00f6iss\u00e4: <strong>Kyll\u00e4<\/strong>, ks. edell\u00e4.<\/li>\n<li> Luettelo asiakkaista ja\/tai aiempien asiakkaiden suosittelut: <strong>Kyll\u00e4<\/strong>, sivustolla on positiivisia asiakaskertomuksia.<\/li>\n<\/ol>\n<div itemprop=\"reviewRating\" itemscope itemtype=\"http:\/\/schema.org\/Rating\"><meta itemprop=\"worstRating\" content = \"0\" \/><meta itemprop=\"bestRating\" content=\"5\" \/><meta itemprop=\"ratingValue\" content=\"4.5\"><\/div>\n<p><strong>Yleisarvosana: 4.5\/5<\/strong><br \/>\n<strong>Tarkistusp\u00e4iv\u00e4:<\/strong> <span itemprop=\"datePublished\" content=\"2016-08-29\">29\/08\/2016<\/span>\n<\/div>\n<p>Lis\u00e4tietoja <a href=\"https:\/\/moverdb.com\/fi\/international-removals\/\">kansainv\u00e4liset muutot<\/a> ja meid\u00e4n <a href=\"https:\/\/moverdb.com\/fi\/arvostelut\/\">tarkistusprosessi<\/a>.<\/p>\n<p><strong>Verkkosivusto:<\/strong> <a href=\"http:\/\/www.simpsons-uk.com\/\" target=\"_blank\" rel=\"noopener\">http:\/\/www.simpsons-uk.com<\/a><\/p>","protected":false},"excerpt":{"rendered":"<p>Simpsons Removals and Storage Ltd is based in Kent and offers its customers a range of international removals services which are listed below. There also follows a company profile and reviews. International Removals Door to door or airport at destination Full service, fragile items or do-it-yourself packing Packing materials can be provided Air freight or [&hellip;]<\/p>\n","protected":false},"author":1,"featured_media":0,"parent":0,"menu_order":0,"comment_status":"closed","ping_status":"closed","template":"","meta":{"_genesis_hide_title":false,"_genesis_hide_breadcrumbs":false,"_genesis_hide_singular_image":false,"_genesis_hide_footer_widgets":false,"_genesis_custom_body_class":"","_genesis_custom_post_class":"","_genesis_layout":"","footnotes":""},"class_list":{"0":"post-921","1":"page","2":"type-page","3":"status-publish","5":"entry"},"_links":{"self":[{"href":"https:\/\/moverdb.com\/fi\/wp-json\/wp\/v2\/pages\/921","targetHints":{"allow":["GET"]}}],"collection":[{"href":"https:\/\/moverdb.com\/fi\/wp-json\/wp\/v2\/pages"}],"about":[{"href":"https:\/\/moverdb.com\/fi\/wp-json\/wp\/v2\/types\/page"}],"author":[{"embeddable":true,"href":"https:\/\/moverdb.com\/fi\/wp-json\/wp\/v2\/users\/1"}],"replies":[{"embeddable":true,"href":"https:\/\/moverdb.com\/fi\/wp-json\/wp\/v2\/comments?post=921"}],"version-history":[{"count":5,"href":"https:\/\/moverdb.com\/fi\/wp-json\/wp\/v2\/pages\/921\/revisions"}],"predecessor-version":[{"id":6238,"href":"https:\/\/moverdb.com\/fi\/wp-json\/wp\/v2\/pages\/921\/revisions\/6238"}],"wp:attachment":[{"href":"https:\/\/moverdb.com\/fi\/wp-json\/wp\/v2\/media?parent=921"}],"curies":[{"name":"wp","href":"https:\/\/api.w.org\/{rel}","templated":true}]}}