{"id":920,"date":"2016-09-03T16:04:22","date_gmt":"2016-09-03T16:04:22","guid":{"rendered":"http:\/\/moverdb.com\/?page_id=920"},"modified":"2026-01-08T14:47:54","modified_gmt":"2026-01-08T14:47:54","slug":"burke-bros","status":"publish","type":"page","link":"https:\/\/moverdb.com\/fi\/burke-bros\/","title":{"rendered":"Burke Bros Moving Group: Bros Burke Burke: International Removals: International Removals Reviews"},"content":{"rendered":"<p>Burke Bros on maailmanlaajuinen muuttoliikeyritys, varastointiyritys, laivaamo ja maailmanlaajuinen siirtoasiantuntija. Alla on lueteltu heid\u00e4n tarjoamansa palvelut, ja sen j\u00e4lkeen on esitetty yrityksen profiili ja erilaisia arvosteluja.<\/p>\n<p><strong>Yritysten ja yksityishenkil\u00f6iden <a href=\"https:\/\/moverdb.com\/fi\/international-removals\/\" data-internallinksmanager029f6b8e52c=\"27\" title=\"36 Parhaat kansainv\u00e4liset muuttoyritykset Yhdistyneess\u00e4 kuningaskunnassa\">Kansainv\u00e4liset muutot<\/a><\/strong><\/p>\n<ul>\n<li> Asiantunteva yritystiimi<\/li>\n<li> Kattava ovelta ovelle -palvelu<\/li>\n<li> Ilmainen muuttotutkimus<\/li>\n<li> Arvostettujen siirtoasiantuntijoiden verkosto maailmanlaajuisesti<\/li>\n<li> Erityinen vientipakkausryhm\u00e4<\/li>\n<li> Kansainv\u00e4linen karanteenineuvonta<\/li>\n<li> Kansainv\u00e4liset tulli- ja valmisteverotiedot<\/li>\n<li> <a href=\"https:\/\/moverdb.com\/fi\/moving-to-the-uk\/\" data-internallinksmanager029f6b8e52c=\"93\" title=\"Muutatko Yhdistyneeseen kuningaskuntaan? 2022 Elinkustannukset ja muuttovinkit\">UK<\/a> varastointi - ennen l\u00e4hetyst\u00e4<\/li>\n<li> J\u00e4rjestetty vakuutus<\/li>\n<li> Tulliselvitysapu<\/li>\n<\/ul>\n<p><strong>Eurooppalaiset siirrot<\/strong><\/p>\n<ul>\n<li> Kattava ovelta ovelle -palvelu<\/li>\n<li> Asiantunteva pakkaustiimi<\/li>\n<li> J\u00e4rjestetty vakuutus<\/li>\n<li> Viikoittaiset purjehdukset<\/li>\n<li> Tulli- ja valmisteveroapu tarvittaessa<\/li>\n<\/ul>\n<p><strong>Kotimaan muutot Yhdistyneess\u00e4 kuningaskunnassa - Yritysten ja yksityishenkil\u00f6iden muutot<\/strong><\/p>\n<ul>\n<li> Konsultin henkil\u00f6kohtainen vierailu<\/li>\n<li> Projektinhallintapalvelu yrityksille<\/li>\n<li> Kattava ovelta ovelle -palvelu<\/li>\n<li> Asiantunteva pakkaustiimi<\/li>\n<li> J\u00e4rjestetty vakuutus<\/li>\n<li> Erikoispakkaukset<\/li>\n<li> Toimistolaatikoiden vuokraus<\/li>\n<\/ul>\n<p><strong>Varastointi<\/strong><\/p>\n<ul>\n<li> Self-storage - Wolverhampton <\/li>\n<li> Rajoittamaton p\u00e4\u00e4sy aukioloaikoina<\/li>\n<li> Voidaan ostaa erilaisia laatikoita<\/li>\n<li> 24 tunnin valvontakameravalvonta<\/li>\n<li> Asiakirjojen ja arkistojen varastointi<\/li>\n<\/ul>\n<p><strong>Erityispalvelut muuttojen aikana<\/strong><\/p>\n<ul>\n<li> Asiakirjojen silppuaminen<\/li>\n<li> Asiakirjojen varastointi<\/li>\n<li> Vanhojen huonekalujen ja tietotekniikkalaitteiden kierr\u00e4tys<\/li>\n<li> Tietokonej\u00e4rjestelmien purkaminen ja k\u00e4ytt\u00f6\u00f6notto<\/li>\n<li> IT-laitteiden erikoispakkausmateriaali<\/li>\n<\/ul>\n<h2>Burke Bros Moving Group Yrityksen profiili<\/h2>\n<p>Burke Bros perustettiin vuonna 1982, ja se on tuona aikana siirt\u00e4nyt yli 49 000 asiakasta. He ovat tehneet l\u00e4hes puoli miljoonaa tuntia pakkaamista, muuttoa ja purkamista. Yritys sijaitsee Keski-Englannissa, ja sill\u00e4 on seitsem\u00e4n toimistoa ja 52 000 neli\u00f6metrin turvallinen varastotila.<\/p>\n<p>Burke Bros on Burken veljesten, Garyn ja Chrisin, perheyritys. Monet heid\u00e4n ty\u00f6ntekij\u00f6ist\u00e4\u00e4n ovat olleet heid\u00e4n palveluksessaan yli 20 vuotta. Yritys sanoo olevansa ylpe\u00e4 siit\u00e4, ett\u00e4 se suhtautuu jokaiseen muuttoon v\u00e4litt\u00e4m\u00e4ll\u00e4.<\/p>\n<p>Vihre\u00e4t asiat ovat t\u00e4rke\u00e4 osa yrityksen toimintaa, ja Burke Bros on ottanut k\u00e4ytt\u00f6\u00f6n kierr\u00e4tyksen ja j\u00e4tehuollon asiakkaille hiilijalanj\u00e4ljen pienent\u00e4miseksi.<\/p>\n<p>Burke Bros:n j\u00e4senyydet ja akkreditoinnit:<\/p>\n<ul>\n<li> <a href=\"https:\/\/moverdb.com\/fi\/british-association-of-removers\/\">British Association of Removers<\/a> (<a href=\"https:\/\/moverdb.com\/fi\/british-association-of-removers\/\" data-internallinksmanager029f6b8e52c=\"9\" title=\"British Association of Removers (BAR) selitetty\">BAR<\/a>)<\/li>\n<li> <a href=\"https:\/\/moverdb.com\/fi\/fidi-faim\/\">F\u00e9d\u00e9ration Internationale des D\u00e9m\u00e9nageurs Internationaux (Kansainv\u00e4linen matkanj\u00e4rjest\u00e4j\u00e4liitto)<\/a> (<a href=\"https:\/\/moverdb.com\/fi\/fidi-faim\/\" data-internallinksmanager029f6b8e52c=\"16\" title=\"FIDI &amp; FAIM (FIDI Accredited International Mover) selitettyin\u00e4\">FIDI<\/a>)<\/li>\n<li> <a href=\"https:\/\/moverdb.com\/fi\/olen\/\">Kansainv\u00e4linen muuttajien liitto<\/a> (<a href=\"https:\/\/moverdb.com\/fi\/iam\/\" data-internallinksmanager029f6b8e52c=\"23\" title=\"Kansainv\u00e4linen muuttajien liitto (IAM) selitetty\">IAM<\/a>)<\/li>\n<li> Pan American International Movers Association (PAIMA)<\/li>\n<li> The <a href=\"https:\/\/moverdb.com\/fi\/bar-overseas\/\">British Removals Association Overseas<\/a><\/li>\n<li> BS5750<\/li>\n<li> TSI<\/li>\n<\/ul>\n<p><strong>Burke Bros Arvostelut<\/strong><\/p>\n<p><strong>Positiivinen<\/strong><\/p>\n<ul>\n<li> <em>\"Halusimme l\u00e4hett\u00e4\u00e4 kiitosviestin ihanasta palvelusta, jota olemme juuri kokeneet muuttaessamme Englannista Englantiin. <a href=\"https:\/\/moverdb.com\/fi\/moving-to-france\/\" data-internallinksmanager029f6b8e52c=\"315\" title=\"Muutatko Ranskaan? 2023 Elinkustannukset ja muuttovinkit\">Ranska<\/a>. Emme olisi voineet toivoa parempaa joukkoa kavereita pakkaamaan kuormaa ja purkamaan. <a href=\"https:\/\/moverdb.com\/fi\/moving-to-the-united-states\/\" data-internallinksmanager029f6b8e52c=\"94\" title=\"Muutatko Yhdysvaltoihin? 2022 Elinkustannukset ja muuttovinkit\">us<\/a>.\"<\/em> - Sue &amp; David kautta Burke Bros <a href=\"http:\/\/burkebros.co.uk\/about_us\/testimonials\/\" target=\"_blank\" rel=\"noopener\">suosittelusivu<\/a><\/li>\n<li> <em>\"K\u00e4ytimme Burke Bros:ia siirt\u00e4m\u00e4\u00e4n meid\u00e4t Yhdistyneest\u00e4 kuningaskunnasta Dordogneen Ranskassa, ei siksi, ett\u00e4 he olivat kohtuullisia maksujensa kanssa, mutta ammattitaitoinen tapa, jolla he hoitivat ty\u00f6n alusta loppuun.\"<\/em> - Malcolm kautta <a href=\"https:\/\/www.yell.com\/biz\/burke-bros-worldwide-moving-group-wolverhampton-900810900\/\" target=\"_blank\" rel=\"noopener\">Huuda<\/a><\/li>\n<\/ul>\n<p><strong>Negatiivinen <\/strong><\/p>\n<ul>\n<li> <em>Huonoin muuttokokemus 35 vuoteen (8 muuttoa)<\/em> - Herra D Neal kautta <a href=\"http:\/\/www.removalreviews.co.uk\/movingreviews\/appalling-12193\" target=\"_blank\" rel=\"noopener\">Muutto Arvostelut<\/a><\/li>\n<li> \"\u00c4l\u00e4 tuhlaa rahojasi.\" - Thibit kautta <a href=\"https:\/\/www.yell.com\/biz\/burke-bros-worldwide-moving-group-wolverhampton-900810900\/\" target=\"_blank\" rel=\"noopener\">Huuda<\/a><\/li>\n<\/li>\n<\/ul>\n<div itemprop=\"review\" itemscope itemtype=\"http:\/\/schema.org\/Review\">\n<span itemprop=\"author\" itemscope=\"\" itemtype=\"http:\/\/schema.org\/Organization\"><span itemprop=\"name\">MoverDB.com<\/span><\/span> Verkkosivuston arvostelu <span itemprop=\"itemreviewed\" itemscope=\"\" itemtype=\"http:\/\/schema.org\/Brand\"><span itemprop=\"name\">Burke Bros Moving Group<\/span><\/span>:<\/p>\n<ol>\n<li> Selke\u00e4t yhteystiedot verkkosivustolla (my\u00f6s puhelinnumero): <strong>Kyll\u00e4<\/strong><\/li>\n<li> Helppo saada <a href=\"https:\/\/moverdb.com\/fi\/lainauksia\/\">kansainv\u00e4liset muutot tarjoukset<\/a>? (Online-arviolomake): <strong>Kyll\u00e4<\/strong><\/li>\n<li> Selke\u00e4t tiedot verkkosivustolla: <strong>Kyll\u00e4,<\/strong> mukaan lukien oppaat eri maista, joissa ne toimivat.<\/li>\n<li> J\u00e4senyys kansainv\u00e4lisiss\u00e4 tunnustetuissa liikkuvissa j\u00e4rjest\u00f6iss\u00e4: <strong>Kyll\u00e4<\/strong>, ks. edell\u00e4.<\/li>\n<li> Luettelo asiakkaista ja\/tai aiempien asiakkaiden suosittelut: <strong>Joitakin,<\/strong> heill\u00e4 on valikoitu m\u00e4\u00e4r\u00e4 suositteluja verkkosivuillaan, ja yleisesti ottaen yleisesti ottaen my\u00f6nteisi\u00e4 arvioita muilla verkkosivustoilla.<\/li>\n<\/ol>\n<div itemprop=\"reviewRating\" itemscope itemtype=\"http:\/\/schema.org\/Rating\"><meta itemprop=\"worstRating\" content = \"0\" \/><meta itemprop=\"bestRating\" content=\"5\" \/><meta itemprop=\"ratingValue\" content=\"4.5\"><\/div>\n<p><strong>Yleisarvosana: 4.5\/5<\/strong><br \/>\n<strong>Tarkistusp\u00e4iv\u00e4:<\/strong> <span itemprop=\"datePublished\" content=\"2016-09-03\">03\/09\/2016<\/span>\n<\/div>\n<p>Lue lis\u00e4\u00e4 <a href=\"https:\/\/moverdb.com\/fi\/international-removals\/\">kansainv\u00e4liset muutot<\/a> ja meid\u00e4n <a href=\"https:\/\/moverdb.com\/fi\/arvostelut\/\">tarkistusprosessi.<\/a>.<\/p>\n<p><strong>Verkkosivusto:<\/strong> <a href=\"http:\/\/burkebros.co.uk\/\" target=\"_blank\" rel=\"noopener\">http:\/\/burkebros.co.uk<\/a><\/p>","protected":false},"excerpt":{"rendered":"<p>Burke Bros are worldwide movers, storers, shippers and global relocation experts. Listed below are the services they offer, followed by a company profile and various reviews. Corporate and Personal International Removals Dedicated corporate team Comprehensive door to door service Free moving survey Network of reputable relocation experts world wide Dedicated export packing team International quarantine [&hellip;]<\/p>\n","protected":false},"author":1,"featured_media":0,"parent":0,"menu_order":0,"comment_status":"closed","ping_status":"closed","template":"","meta":{"_genesis_hide_title":false,"_genesis_hide_breadcrumbs":false,"_genesis_hide_singular_image":false,"_genesis_hide_footer_widgets":false,"_genesis_custom_body_class":"","_genesis_custom_post_class":"","_genesis_layout":"","footnotes":""},"class_list":{"0":"post-920","1":"page","2":"type-page","3":"status-publish","5":"entry"},"_links":{"self":[{"href":"https:\/\/moverdb.com\/fi\/wp-json\/wp\/v2\/pages\/920","targetHints":{"allow":["GET"]}}],"collection":[{"href":"https:\/\/moverdb.com\/fi\/wp-json\/wp\/v2\/pages"}],"about":[{"href":"https:\/\/moverdb.com\/fi\/wp-json\/wp\/v2\/types\/page"}],"author":[{"embeddable":true,"href":"https:\/\/moverdb.com\/fi\/wp-json\/wp\/v2\/users\/1"}],"replies":[{"embeddable":true,"href":"https:\/\/moverdb.com\/fi\/wp-json\/wp\/v2\/comments?post=920"}],"version-history":[{"count":5,"href":"https:\/\/moverdb.com\/fi\/wp-json\/wp\/v2\/pages\/920\/revisions"}],"predecessor-version":[{"id":6189,"href":"https:\/\/moverdb.com\/fi\/wp-json\/wp\/v2\/pages\/920\/revisions\/6189"}],"wp:attachment":[{"href":"https:\/\/moverdb.com\/fi\/wp-json\/wp\/v2\/media?parent=920"}],"curies":[{"name":"wp","href":"https:\/\/api.w.org\/{rel}","templated":true}]}}