{"id":908,"date":"2016-10-12T05:28:52","date_gmt":"2016-10-12T05:28:52","guid":{"rendered":"http:\/\/moverdb.com\/?page_id=908"},"modified":"2026-01-08T14:47:34","modified_gmt":"2026-01-08T14:47:34","slug":"arpin-international","status":"publish","type":"page","link":"https:\/\/moverdb.com\/fi\/arpin-international\/","title":{"rendered":"Arpin International: Arpin Moving &amp; Removals: Moving &amp; Removals Reviews"},"content":{"rendered":"<p>Arpin International on maailmanlaajuinen <a href=\"https:\/\/moverdb.com\/fi\/international-removals\/\" data-internallinksmanager029f6b8e52c=\"27\" title=\"36 Parhaat kansainv\u00e4liset muuttoyritykset Yhdistyneess\u00e4 kuningaskunnassa\">muuttofirma<\/a> ja monilla palveluilla, jotka on lueteltu alla. Lue my\u00f6s heid\u00e4n yritysprofiilinsa ja arvionsa. Huomaa, ett\u00e4 kyseess\u00e4 on American <a href=\"https:\/\/moverdb.com\/fi\/moving-companies\/\" data-internallinksmanager029f6b8e52c=\"79\" title=\"Top 25 Kansainv\u00e4list\u00e4 muuttoyrityksi\u00e4 verkossa\">muuttofirma<\/a> <a href=\"https:\/\/moverdb.com\/fi\/arpin-van-lines\/\">Arpin Van Lines<\/a>.<\/p>\n<p><strong>Kansainv\u00e4liset muutot<\/strong><\/p>\n<ul>\n<li> Palvelu ovelta ovelle<\/li>\n<li> Pakkaaminen ja purkaminen<\/li>\n<li> Erityinen kansainv\u00e4lisen muuton koordinaattori (IMC)<\/li>\n<li> IMC on aina tavoitettavissa puhelimitse, faksilla tai s\u00e4hk\u00f6postitse.<\/li>\n<li> IMC:t ovat kaikki <a href=\"https:\/\/moverdb.com\/fi\/fidi-faim\/\" data-internallinksmanager029f6b8e52c=\"16\" title=\"FIDI &amp; FAIM (FIDI Accredited International Mover) selitettyin\u00e4\">FIDI<\/a> koulutettu<\/li>\n<li> ArpinTRACin avulla asiakkaat voivat seurata l\u00e4hetyst\u00e4\u00e4n 24\/7.<\/li>\n<li> Yritysten, yksityisten yritysten, valtionhallinnon ja armeijan muutot<\/li>\n<li> Tulliselvitys<\/li>\n<li> Lemmikkiel\u00e4inten uudelleensijoittaminen<\/li>\n<li> Autokuljetukset<\/li>\n<li> Apua talon l\u00f6yt\u00e4misess\u00e4<\/li>\n<li> Koulujen avustaminen<\/li>\n<li> Apu l\u00e4\u00e4ketieteellisiss\u00e4 asioissa<\/li>\n<\/ul>\n<p><strong>Varastointi<\/strong><\/p>\n<ul>\n<li> Pitk\u00e4aikainen tai lyhytaikainen varastointi maailmanlaajuisesti<\/li>\n<li> CCTV-valvonta<\/li>\n<\/ul>\n<h2>Arpin International Yrityksen profiili<\/h2>\n<p>Arpin International on osa Arpin International -konsernia, joka sai alkunsa vuonna 1900. Nykyinen varatoimitusjohtaja Peter Arpin johtaa yrityst\u00e4 jo nelj\u00e4nness\u00e4 sukupolvessa. Arpin International perustettiin vuonna 1989, ja sen p\u00e4\u00e4konttori sijaitsee osoitteessa <a href=\"https:\/\/moverdb.com\/fi\/moving-to-the-united-states\/moving-to-rhode-island\/\" data-internallinksmanager029f6b8e52c=\"450\" title=\"Muutatko Rhode Islandille? 2024 Elinkustannukset ja muuttovinkit\">Rhode Island<\/a>, <a href=\"https:\/\/moverdb.com\/fi\/moving-to-the-united-states\/\" data-internallinksmanager029f6b8e52c=\"94\" title=\"Muutatko Yhdysvaltoihin? 2022 Elinkustannukset ja muuttovinkit\">YHDYSVALLAT<\/a>. <\/p>\n<p>Yhti\u00f6ll\u00e4 on 385 agenttia Yhdysvalloissa ja toimistoja EMEA-alueella ja APAC-alueella. Yrityksen ylimm\u00e4ll\u00e4 johdolla on yli 25 vuoden kokemus ihmisten siirt\u00e4misest\u00e4 ymp\u00e4ri maailmaa.<\/p>\n<p>Arpin Internationalin visiona on tarjota asiakkailleen paras palvelun ja hinnan yhdistelm\u00e4. Monet heid\u00e4n ty\u00f6ntekij\u00f6ist\u00e4\u00e4n ovat joskus el\u00e4m\u00e4ns\u00e4 aikana olleet ulkomailla, joten he ymm\u00e4rt\u00e4v\u00e4t perheiden haasteet, jotka liittyv\u00e4t toiseen maahan muuttamiseen. <\/p>\n<p>Arpin Internationalin ty\u00f6ntekij\u00e4t pyrkiv\u00e4t tekem\u00e4\u00e4n muutosta mahdollisimman kivuttoman huolehtimalla pienist\u00e4 ja suurista ongelmista, joita voi ilmet\u00e4.<\/p>\n<p>Yritys on perustanut kest\u00e4v\u00e4n kehityksen komitean yritt\u00e4ess\u00e4\u00e4n \"rakentaa vihre\u00e4mp\u00e4\u00e4 tulevaisuutta\" tuleville sukupolville. Yritys haluaa antaa takaisin paikallisyhteis\u00f6illeen, teollisuudelle ja maailmalle paljon enemm\u00e4n kuin se on ottanut.<\/p>\n<p>Arpin Internationalilla on seuraavat akkreditoinnit ja j\u00e4senyydet:<\/p>\n<ul>\n<li> <a href=\"https:\/\/moverdb.com\/fi\/fidi-faim\/\">FIDI<\/a><\/li>\n<li> <a href=\"https:\/\/moverdb.com\/fi\/fidi-faim\/\">FAIM<\/a><\/li>\n<li> <a href=\"https:\/\/moverdb.com\/fi\/british-association-of-removers\/\">British Association of Removals<\/a> (<a href=\"https:\/\/moverdb.com\/fi\/british-association-of-removers\/\" data-internallinksmanager029f6b8e52c=\"9\" title=\"British Association of Removers (BAR) selitetty\">BAR<\/a>)<\/li>\n<li> <a href=\"https:\/\/moverdb.com\/fi\/olen\/\">Kansainv\u00e4linen muuttajien yhdistys<\/a> (IMA)<\/li>\n<li> Terrorismin vastainen tulli- ja kauppakumppanuus<\/li>\n<li> <a href=\"https:\/\/moverdb.com\/fi\/lacma\/\">LACMA<\/a><\/li>\n<li> <a href=\"https:\/\/moverdb.com\/fi\/tyontekijan-uudelleensijoitusneuvosto\/\">Maailmanlaajuinen ERC<\/a><\/li>\n<li> <a href=\"https:\/\/moverdb.com\/fi\/eura\/\">EuRA<\/a><\/li>\n<\/ul>\n<h2>Arpin International Arvostelut<\/h2>\n<p><em>Vaikka yrityksest\u00e4 Arpin International ei ole viel\u00e4 arvosteluja verkossa, voit lukea seuraavasta artikkelista <a href=\"https:\/\/moverdb.com\/fi\/arpin-van-lines\/\">Arpin Van Linesin arvostelut t\u00e4\u00e4ll\u00e4<\/a>.<\/em><\/p>\n<div itemprop=\"review\" itemscope itemtype=\"http:\/\/schema.org\/Review\">\n<span itemprop=\"author\" itemscope=\"\" itemtype=\"http:\/\/schema.org\/Organization\"><span itemprop=\"name\">MoverDB.com<\/span><\/span> Verkkosivuston arvostelu <span itemprop=\"itemreviewed\" itemscope=\"\" itemtype=\"http:\/\/schema.org\/Brand\"><span itemprop=\"name\">Arpin International<\/span><\/span>:<\/p>\n<ol>\n<li> Selke\u00e4t yhteystiedot verkkosivustolla (my\u00f6s puhelinnumero): <strong>Kyll\u00e4<\/strong><\/li>\n<li> Helppo saada <a href=\"https:\/\/moverdb.com\/fi\/lainauksia\/\">kansainv\u00e4liset muutot tarjoukset<\/a>? (Online-arviolomake): <strong>Ei<\/strong><\/li>\n<li> Selke\u00e4t tiedot verkkosivustolla: <strong>Ei oikeastaan<\/strong>, verkkosivusto on hidas ja sis\u00e4lt\u00e4\u00e4 vain v\u00e4h\u00e4n tietoa.<\/li>\n<li> J\u00e4senyys kansainv\u00e4lisiss\u00e4 tunnustetuissa liikkuvissa j\u00e4rjest\u00f6iss\u00e4: <strong>Kyll\u00e4<\/strong><\/li>\n<li> Luettelo asiakkaista ja\/tai aiempien asiakkaiden suosittelut: <strong>Ei,<\/strong> emmek\u00e4 l\u00f6yt\u00e4neet arvosteluja verkosta.<\/li>\n<\/ol>\n<div itemprop=\"reviewRating\" itemscope itemtype=\"http:\/\/schema.org\/Rating\"><meta itemprop=\"worstRating\" content = \"0\" \/><meta itemprop=\"bestRating\" content=\"5\" \/><meta itemprop=\"ratingValue\" content=\"4\"><\/div>\n<p><strong>Yleisarvosana: 4\/5<\/strong> - <em>Huomaa, ett\u00e4 t\u00e4m\u00e4 pistem\u00e4\u00e4r\u00e4 kuvastaa Arpin Van Linesia, sill\u00e4 Arpin Internationalin osalta on liian v\u00e4h\u00e4n tietoa erillisen arvion antamiseksi. <\/em><br \/>\n<strong>Tarkistusp\u00e4iv\u00e4:<\/strong> <span itemprop=\"datePublished\" content=\"2016-10-12\">12\/10\/16<\/span>\n<\/div>\n<p>Lue lis\u00e4\u00e4 <a href=\"https:\/\/moverdb.com\/fi\/muuttoyritykset\/\" target=\"_blank\" rel=\"noopener\">kansainv\u00e4liset muuttofirmat<\/a>, <a href=\"https:\/\/moverdb.com\/fi\/international-removals\/\">muuttoyritykset<\/a> ja meid\u00e4n <a href=\"https:\/\/moverdb.com\/fi\/arvostelut\/\">tarkistusprosessi<\/a>.<\/p>\n<p><strong>Verkkosivusto:<\/strong> <a href=\"http:\/\/www.arpinintl.com\/\" target=\"_blank\" rel=\"noopener\">http:\/\/www.arpinintl.com\/<\/a><\/p>","protected":false},"excerpt":{"rendered":"<p>Arpin International is a global removals company and with many services which are listed below. Also read their company profile and reviews. Please note that it&#8217;s the international branch of American moving company Arpin Van Lines. International Moves Door to door service Packing and unpacking Dedicated International Move Coordinator (IMC) IMC available by telephone, fax [&hellip;]<\/p>\n","protected":false},"author":1,"featured_media":0,"parent":0,"menu_order":0,"comment_status":"closed","ping_status":"closed","template":"","meta":{"_genesis_hide_title":false,"_genesis_hide_breadcrumbs":false,"_genesis_hide_singular_image":false,"_genesis_hide_footer_widgets":false,"_genesis_custom_body_class":"","_genesis_custom_post_class":"","_genesis_layout":"","footnotes":""},"class_list":{"0":"post-908","1":"page","2":"type-page","3":"status-publish","5":"entry"},"_links":{"self":[{"href":"https:\/\/moverdb.com\/fi\/wp-json\/wp\/v2\/pages\/908","targetHints":{"allow":["GET"]}}],"collection":[{"href":"https:\/\/moverdb.com\/fi\/wp-json\/wp\/v2\/pages"}],"about":[{"href":"https:\/\/moverdb.com\/fi\/wp-json\/wp\/v2\/types\/page"}],"author":[{"embeddable":true,"href":"https:\/\/moverdb.com\/fi\/wp-json\/wp\/v2\/users\/1"}],"replies":[{"embeddable":true,"href":"https:\/\/moverdb.com\/fi\/wp-json\/wp\/v2\/comments?post=908"}],"version-history":[{"count":4,"href":"https:\/\/moverdb.com\/fi\/wp-json\/wp\/v2\/pages\/908\/revisions"}],"predecessor-version":[{"id":6175,"href":"https:\/\/moverdb.com\/fi\/wp-json\/wp\/v2\/pages\/908\/revisions\/6175"}],"wp:attachment":[{"href":"https:\/\/moverdb.com\/fi\/wp-json\/wp\/v2\/media?parent=908"}],"curies":[{"name":"wp","href":"https:\/\/api.w.org\/{rel}","templated":true}]}}