{"id":906,"date":"2018-01-30T05:37:29","date_gmt":"2018-01-30T05:37:29","guid":{"rendered":"http:\/\/moverdb.com\/?page_id=906"},"modified":"2026-01-08T14:48:24","modified_gmt":"2026-01-08T14:48:24","slug":"fox-moving","status":"publish","type":"page","link":"https:\/\/moverdb.com\/fi\/fox-moving\/","title":{"rendered":"Fox Moving &amp; Storage: Fox Fox muuttoliike: Kansainv\u00e4liset muutot Arvostelut"},"content":{"rendered":"<p>Fox Moving &amp; Storage sijaitsee Cwmbranissa, Walesissa. Alta l\u00f6yd\u00e4t luettelon heid\u00e4n kansainv\u00e4lisist\u00e4 ja paikallisista palveluistaan sek\u00e4 yrityksen profiilin ja arvosteluja.<\/p>\n<p><strong>Kansainv\u00e4linen siirtyminen - Yritykset ja yksityishenkil\u00f6t<\/strong><\/p>\n<ul>\n<li> Henkil\u00f6kohtainen <a href=\"https:\/\/moverdb.com\/fi\/international-removals\/\" data-internallinksmanager029f6b8e52c=\"27\" title=\"36 Parhaat kansainv\u00e4liset muuttoyritykset Yhdistyneess\u00e4 kuningaskunnassa\">kansainv\u00e4liset muutot<\/a> agentti<\/li>\n<li> Kattava tarjous, muuttoaikataulu ja aikataulu<\/li>\n<li> Asiantunteva pakkaustiimi<\/li>\n<li> Tarjoaa tulli- ja valmisteverotusasiakirjat<\/li>\n<li> Paikalliset toimihenkil\u00f6t auttavat kohdemaassa.<\/li>\n<\/ul>\n<p><strong>Muutto Eurooppaan - Yritykset ja yksityishenkil\u00f6t<\/strong><\/p>\n<ul>\n<li> Henkil\u00f6kohtainen eurooppalainen muuttotiimi<\/li>\n<li> Kattava tarjous ja muuttoaikataulu<\/li>\n<li> Asiantunteva pakkaustiimi<\/li>\n<li> Pienet kuormat hyv\u00e4ksyt\u00e4\u00e4n <\/li>\n<li> Toimitukset Manner-Eurooppaan maanteitse<\/li>\n<li> Toimitukset offshore-saarille lautalla tai merikontilla.<\/li>\n<li> Toimitukset It\u00e4-Eurooppaan merikontilla ja\/tai maanteitse<\/li>\n<li> Tarvittaessa tuonti- ja tullitiedot<\/li>\n<\/ul>\n<p><strong>Kansainv\u00e4liset ja paikalliset kaupalliset ja toimistosiirtojen asiantuntijat<\/strong><\/p>\n<ul>\n<li> Vanhempi kaupallinen edustaja on nimetty<\/li>\n<li> Yksityiskohtainen tarjous ja ty\u00f6aikataulu<\/li>\n<li> Tarkoituksenmukaisesti suunnitellut laatikot paperit\u00f6it\u00e4 ja pienten esineiden siirt\u00e4mist\u00e4 varten.<\/li>\n<li> T\u00e4ydellinen valikoima laatikoita (sinet\u00f6ityj\u00e4 ja kannellisia), pakkausmateriaalia, vaunuja, suojakansia ja vaunuja.<\/li>\n<li> IT-laitteet t\u00e4ysin suojattu<\/li>\n<li> IT-henkil\u00f6st\u00f6 purkaa ja kokoaa tietokoneet.<\/li>\n<li> Arkisto- ja asiakirjavarasto<\/li>\n<li> P\u00f6ytien, ty\u00f6pisteiden ja telineiden purkaminen ja uudelleen pystytt\u00e4minen.<\/li>\n<li> T\u00e4ydellinen maailmanlaajuinen ja eurooppalainen kuljetuspalvelu sek\u00e4 IT- ja viestint\u00e4palvelut.<\/li>\n<\/ul>\n<p><strong>Liikkuminen <a href=\"https:\/\/moverdb.com\/fi\/moving-to-the-uk\/\" data-internallinksmanager029f6b8e52c=\"93\" title=\"Muutatko Yhdistyneeseen kuningaskuntaan? 2022 Elinkustannukset ja muuttovinkit\">UK<\/a><\/strong><\/p>\n<ul>\n<li> Henkil\u00f6kohtainen Yhdistyneen kuningaskunnan muuttoagentti<\/li>\n<li> Yksityiskohtainen kirjallinen tarjous<\/li>\n<li> Palvelu ovelta ovelle<\/li>\n<li> Asiantuntevat pakkaajat<\/li>\n<li> Pakkausmateriaalit voidaan toimittaa<\/li>\n<li> J\u00e4rjestetty vakuutus<\/li>\n<li> Varastointi j\u00e4rjestetty<\/li>\n<\/ul>\n<p><strong>Varastointiratkaisut<\/strong><\/p>\n<ul>\n<li> Liiketoiminnalliset, kaupalliset ja yksityiset itses\u00e4ilytysyksik\u00f6t<\/li>\n<li> Konttien varastointi<\/li>\n<li> Opiskelijoiden varastointi<\/li>\n<li> Yritysten varastointi<\/li>\n<li> Arkistointi<\/li>\n<li> 24 tunnin CCTV-valvonta<\/li>\n<li> P\u00e4\u00e4sy ty\u00f6aikana<\/li>\n<\/ul>\n<p>Ne ovat my\u00f6s <a href=\"https:\/\/moverdb.com\/fi\/atlas-van-lines-international\/\" rel=\"noopener\" target=\"_blank\">Atlas Van Lines<\/a> agentti Yhdistyneess\u00e4 kuningaskunnassa.<\/p>\n<h2>Fox Moving &amp; Storage<\/h2>\n<p>Fox Moving &amp; Storage -yrityksen perusti Roy Fox vuonna 1971. H\u00e4nen perheens\u00e4 oli toiminut muutto- ja varastointialalla 1920-luvulta l\u00e4htien. Perustamisensa j\u00e4lkeen yritys on kasvanut Etel\u00e4-Walesia palvelevasta pienest\u00e4 perheyrityksest\u00e4 yritykseksi, joka vastaa nyky\u00e4\u00e4n kansainv\u00e4listen ja paikallisten yritys- ja henkil\u00f6asiakkaiden tarpeisiin. Yrityst\u00e4 johtavat nyky\u00e4\u00e4n Roy Foxin poika ja kaksi pojanpoikaa. <\/p>\n<p>Fox Moving &amp; Storage sitoutuu harjoittamaan liiketoimintaansa tavalla, joka osoittaa t\u00e4ydellist\u00e4 kunnioitusta ymp\u00e4rist\u00f6\u00e4, ty\u00f6ntekij\u00f6it\u00e4\u00e4n ja ennen kaikkea asiakkaitaan kohtaan. Fox &amp; Fox Ltd. sitoutuu my\u00f6s tarjoamaan turvallisen ja tehokkaan ty\u00f6ymp\u00e4rist\u00f6n, joka hy\u00f6dytt\u00e4\u00e4 sek\u00e4 sen henkil\u00f6kuntaa ett\u00e4 sen asiakkaita.<\/p>\n<p>Fox Movingin j\u00e4senyydet ja akkreditoinnit:<\/p>\n<ul>\n<li> <a href=\"https:\/\/moverdb.com\/fi\/british-association-of-removers\/\">British Association of Removers<\/a> (<a href=\"https:\/\/moverdb.com\/fi\/british-association-of-removers\/\" data-internallinksmanager029f6b8e52c=\"9\" title=\"British Association of Removers (BAR) selitetty\">BAR<\/a>)<\/li>\n<li> Kaupan standardointilaitos (TSI)<\/li>\n<li> <a href=\"https:\/\/moverdb.com\/fi\/bar-overseas\/\">British Association of Removers Overseas Group -ryhm\u00e4<\/a><\/li>\n<li> <a href=\"https:\/\/moverdb.com\/fi\/fidi-faim\/\">F\u00e9d\u00e9ration Internationale des D\u00e9m\u00e9nageurs Internationaux (Kansainv\u00e4linen matkanj\u00e4rjest\u00e4j\u00e4liitto)<\/a> (<a href=\"https:\/\/moverdb.com\/fi\/fidi-faim\/\" data-internallinksmanager029f6b8e52c=\"16\" title=\"FIDI &amp; FAIM (FIDI Accredited International Mover) selitettyin\u00e4\">FIDI<\/a>)<\/li>\n<li> <a href=\"https:\/\/moverdb.com\/fi\/fidi-faim\/\">FIDI:n akkreditoima kansainv\u00e4linen maahantuoja<\/a> (FAIM)<\/li>\n<li> Laadunvarmistettu palvelustandardi - Kaupallinen muutto<\/li>\n<li> Quality Assured Service Standard - Laadunhallintaj\u00e4rjestelm\u00e4t<\/li>\n<li> Quality Assured Service Standard - Ymp\u00e4rist\u00f6j\u00e4rjestelm\u00e4t<\/li>\n<\/ul>\n<h2>Fox Moving &amp; Storage Arvostelut<\/h2>\n<p><strong>Positiivinen<\/strong><\/p>\n<ul>\n<li> <em>\"Yst\u00e4v\u00e4llinen ja tehokas muuttomiehist\u00f6.\"<\/em> - Herra Hamer kautta <a href=\"http:\/\/www.fox-moving.com\/reviews\/\" target=\"_blank\" rel=\"noopener\">Fox Moving arvostelut sivu<\/a><\/li>\n<li> <em>\"Erinomainen, ammattitaitoinen ja kohtelias palvelu. Ei yht\u00e4\u00e4n valitusta; kaikki sujui tehokkaan suunnitelman mukaan. Foxes ei ole 'halvin'; mutta saat mit\u00e4 maksat - laatua !\"<\/em> - Patricia kautta <a href=\"http:\/\/ww2.feefo.com\/en-us\/reviews\/fox-moving\/571f3e07498e08d16aafb163\/customer-review-top-notch-service\" target=\"_blank\" rel=\"noopener\">Feefo<\/a><\/li>\n<li> <em>\"Foxilta saamani palvelu oli vertaansa vailla - alkuper\u00e4isest\u00e4 tiedustelusta aina loppuun asti. Minun on my\u00f6s kiitett\u00e4v\u00e4 erityisesti muuttomiehi\u00e4ni sin\u00e4 p\u00e4iv\u00e4n\u00e4.\"<\/em> - Beverley kautta <a href=\"http:\/\/trustedtraders.which.co.uk\/businesses\/fox-moving-storage-cwmbran\/\" target=\"_blank\" rel=\"noopener\">Luotetut kauppiaat<\/a><\/li>\n<li> <em>\"Olemme muuttaneet maata 6 kertaa yht\u00e4 monen vuoden aikana. Viimeksi muutimme Wienist\u00e4 <a href=\"https:\/\/moverdb.com\/fi\/moving-to-london\/\">Lontoo<\/a> ja se oli paras siirto, jonka olemme koskaan kokeneet, emmek\u00e4 voi kiitt\u00e4\u00e4 Foxia tarpeeksi.\"<\/em> - Sarah Facebookin kautta.<\/li>\n<\/ul>\n<p><strong>Negatiivinen<\/strong><\/p>\n<ul>\n<li> <em>\"Vaimoni ja min\u00e4 olimme j\u00e4rkyttyneit\u00e4 siit\u00e4, miten huonoa palvelua saimme. Miehist\u00f6 oli huolimaton tavaroidemme kanssa, eik\u00e4 tehnyt mit\u00e4\u00e4n suojautuakseen hirvitt\u00e4v\u00e4lt\u00e4 s\u00e4\u00e4lt\u00e4 kyseisin\u00e4 p\u00e4ivin\u00e4.\"\"<\/em> - Anthony kautta  <a href=\"http:\/\/ww2.feefo.com\/en-us\/reviews\/fox-moving\/571f3e07498e08d16aafb1a9\/customer-review-a-shockingly-bad-service\" target=\"_blank\" rel=\"noopener\">Feefo<\/a><\/li>\n<li> <em>\"Muuttomiehet aiheuttivat tavaroille paljon vahinkoa. Ei paljon huolellisuutta. Tavaroita j\u00e4tetty kaikkialle, my\u00f6s ulos j\u00e4tettyj\u00e4 tavaroita\"<\/em> - Paul kautta <a href=\"http:\/\/trustedtraders.which.co.uk\/businesses\/fox-moving-storage-cwmbran\/\" target=\"_blank\" rel=\"noopener\">Luotetut kauppiaat<\/a><\/li>\n<li> <em>\"J\u00e4rkytt\u00e4v\u00e4 yritys. Muuttomiehet riiteliv\u00e4t koko p\u00e4iv\u00e4n, riiteliv\u00e4t ja kiroilivat toisilleen tehden koko muuton jo ennest\u00e4\u00e4n stressaavasta muutosta painajaisen\"<\/em> - Mike kautta <a href=\"https:\/\/www.yell.com\/biz\/fox-moving-and-storage-ltd-cwmbran-6113370\/\" target=\"_blank\" rel=\"noopener\">Huuda<\/a><\/li>\n<\/ul>\n<div itemprop=\"review\" itemscope itemtype=\"http:\/\/schema.org\/Review\">\n<span itemprop=\"author\" itemscope=\"\" itemtype=\"http:\/\/schema.org\/Organization\"><span itemprop=\"name\">MoverDB.com<\/span><\/span> Verkkosivuston arvostelu <span itemprop=\"itemreviewed\" itemscope=\"\" itemtype=\"http:\/\/schema.org\/Brand\"><span itemprop=\"name\">Fox Moving &amp; Storage<\/span><\/span>:<\/p>\n<ol>\n<li> Selke\u00e4t yhteystiedot verkkosivustolla (my\u00f6s puhelinnumero): <strong>Kyll\u00e4<\/strong><\/li>\n<li> Helppo saada <a href=\"https:\/\/moverdb.com\/fi\/lainauksia\/\">kansainv\u00e4liset muutot tarjoukset<\/a>? (Online-arviolomake): <strong>Kyll\u00e4<\/strong><\/li>\n<li> Selke\u00e4t tiedot verkkosivustolla: <strong>Kyll\u00e4<\/strong>, Sivusto on t\u00e4ynn\u00e4 hy\u00f6dyllist\u00e4 tietoa, ja sill\u00e4 on informatiivinen blogi.<\/li>\n<li> J\u00e4senyys kansainv\u00e4lisiss\u00e4 tunnustetuissa liikkuvissa j\u00e4rjest\u00f6iss\u00e4: <strong>Kyll\u00e4<\/strong>, ks. edell\u00e4<\/li>\n<li> Luettelo asiakkaista ja\/tai aiempien asiakkaiden suosittelut: <strong>Kyll\u00e4<\/strong>, Sivustolla on sivu, joka on omistettu asiakkaiden suositteluille, ja eri puolilta verkkoa saadut arviot ovat yleens\u00e4 hyvin my\u00f6nteisi\u00e4, ja vain muutama negatiivinen arvostelu l\u00f6ytyy.<\/li>\n<\/ol>\n<div itemprop=\"reviewRating\" itemscope itemtype=\"http:\/\/schema.org\/Rating\"><meta itemprop=\"worstRating\" content = \"0\" \/><meta itemprop=\"bestRating\" content=\"5\" \/><meta itemprop=\"ratingValue\" content=\"5\"><\/div>\n<p><strong>Yleisarvosana: 5\/5<\/strong><br \/>\n<strong>Tarkistusp\u00e4iv\u00e4:<\/strong> <span itemprop=\"datePublished\" content=\"2018-01-30\">30\/01\/18<\/span>\n<\/div>\n<p>Lue lis\u00e4\u00e4 <a href=\"https:\/\/moverdb.com\/fi\/international-removals\/\">kansainv\u00e4liset muutot<\/a> ja meid\u00e4n <a href=\"https:\/\/moverdb.com\/fi\/arvostelut\/\">tarkistusprosessi<\/a>.<\/p>\n<p><strong>Verkkosivusto:<\/strong> <a href=\"http:\/\/www.fox-moving.com\/\" target=\"_blank\" rel=\"noopener\">http:\/\/www.fox-moving.com\/<\/a><\/p>","protected":false},"excerpt":{"rendered":"<p>Fox Moving &#038; Storage is based in Cwmbran, Wales. Below you will find a list of their services both internationally and locally, together with a company profile and reviews. Moving Internationally &#8211; Corporate and Individual Personal international removals agent Comprehensive quotation, moving schedule and timescale Expert packing team Provides customs and excise documentation Local agents [&hellip;]<\/p>\n","protected":false},"author":1,"featured_media":0,"parent":0,"menu_order":0,"comment_status":"closed","ping_status":"closed","template":"","meta":{"_genesis_hide_title":false,"_genesis_hide_breadcrumbs":false,"_genesis_hide_singular_image":false,"_genesis_hide_footer_widgets":false,"_genesis_custom_body_class":"","_genesis_custom_post_class":"","_genesis_layout":"","footnotes":""},"class_list":{"0":"post-906","1":"page","2":"type-page","3":"status-publish","5":"entry"},"_links":{"self":[{"href":"https:\/\/moverdb.com\/fi\/wp-json\/wp\/v2\/pages\/906","targetHints":{"allow":["GET"]}}],"collection":[{"href":"https:\/\/moverdb.com\/fi\/wp-json\/wp\/v2\/pages"}],"about":[{"href":"https:\/\/moverdb.com\/fi\/wp-json\/wp\/v2\/types\/page"}],"author":[{"embeddable":true,"href":"https:\/\/moverdb.com\/fi\/wp-json\/wp\/v2\/users\/1"}],"replies":[{"embeddable":true,"href":"https:\/\/moverdb.com\/fi\/wp-json\/wp\/v2\/comments?post=906"}],"version-history":[{"count":9,"href":"https:\/\/moverdb.com\/fi\/wp-json\/wp\/v2\/pages\/906\/revisions"}],"predecessor-version":[{"id":6211,"href":"https:\/\/moverdb.com\/fi\/wp-json\/wp\/v2\/pages\/906\/revisions\/6211"}],"wp:attachment":[{"href":"https:\/\/moverdb.com\/fi\/wp-json\/wp\/v2\/media?parent=906"}],"curies":[{"name":"wp","href":"https:\/\/api.w.org\/{rel}","templated":true}]}}