{"id":895,"date":"2016-10-11T05:16:54","date_gmt":"2016-10-11T05:16:54","guid":{"rendered":"http:\/\/moverdb.com\/?page_id=895"},"modified":"2026-01-08T14:48:03","modified_gmt":"2026-01-08T14:48:03","slug":"constantine-moving","status":"publish","type":"page","link":"https:\/\/moverdb.com\/fi\/constantine-moving\/","title":{"rendered":"Constantine Moving: Constantine Constantine Removals: International Removals Reviews"},"content":{"rendered":"<p>Constantine Movingin palvelut on lueteltu alla, ja sen j\u00e4lkeen on lueteltu yrityksen profiili ja arvostelut.<\/p>\n<p><strong>Kansainv\u00e4linen kotisiirto<\/strong><\/p>\n<ul>\n<li> Ennen muuttoa tapahtuva tapaaminen<\/li>\n<li> Ilmainen tarjous, muuttosuunnitelma ja aikataulu<\/li>\n<li> Eritt\u00e4in kokenut ammattitaitoinen pakkausmiehist\u00f6<\/li>\n<li> Varastointi k\u00e4ytett\u00e4viss\u00e4<\/li>\n<li> Merikuljetus<\/li>\n<li> Lentol\u00e4hetys<\/li>\n<li> Tieliikenne<\/li>\n<li> Tulliselvitys<\/li>\n<li> Toimitus uuteen kotiin<\/li>\n<li> Huonekalujen purkaminen ja kokoaminen uudelleen<\/li>\n<li> Kaikkien pakkausten poistaminen kierr\u00e4tyst\u00e4 varten<\/li>\n<\/ul>\n<p><strong>Fine Art Moving<\/strong><\/p>\n<ul>\n<li> Suunnittelu ja kangaskotelot kaikenkokoisille esineille<\/li>\n<li> Erityinen hankekoordinaattori<\/li>\n<li> Erikoispakkausmateriaalit<\/li>\n<li> Ammattitaitoiset, eritt\u00e4in kokeneet pakkaajat.<\/li>\n<li> Maantie-, lento- tai merikuljetukset<\/li>\n<li> Asenna kaikkea pienist\u00e4, herkist\u00e4 esineist\u00e4 suuriin museoesineisiin.<\/li>\n<li> Teknikot kantavat k\u00e4sittelyv\u00e4lineit\u00e4, kuten telineit\u00e4, tikkaita jne.<\/li>\n<li> Varastointi kosteuss\u00e4\u00e4dellyss\u00e4 ymp\u00e4rist\u00f6ss\u00e4, jossa on ymp\u00e4rivuorokautinen kameravalvonta.<\/li>\n<li> Museon dekantit<\/li>\n<li> Galleria-asennukset<\/li>\n<li> Koko kokoelman siirrot<\/li>\n<\/ul>\n<p><strong>Varastointi<\/strong><\/p>\n<ul>\n<li> Laajoilla turvatoimilla suojatut varastotilat<\/li>\n<li> Kosteuss\u00e4\u00e4detty ymp\u00e4rist\u00f6 varastoitujen aarteiden suojaamiseksi<\/li>\n<\/ul>\n<p><strong>Oheispalvelut<\/strong><\/p>\n<ul>\n<li> <a href=\"https:\/\/moverdb.com\/fi\/car-transport-shipping\/\" data-internallinksmanager029f6b8e52c=\"2\" title=\"2026 Kansainv\u00e4linen autokuljetus ja ajoneuvojen kuljetus tarjoukset\">Autonkuljetus<\/a> &amp; Varastointi<\/li>\n<li> Lemmikkiel\u00e4inten kuljetus<\/li>\n<li> K\u00e4sity\u00f6l\u00e4inen (erikoishuonekalujen, -laitteiden jne. purkaminen ja uudelleen kokoaminen).<\/li>\n<li> Kuvien ripustaminen\/taideasennus<\/li>\n<li> Erikoispakkaukset (hauraille tai arvokkaille tuotteille)<\/li>\n<li> Talon siivous<\/li>\n<li> Siivouspalvelu (pesu, siivous <a href=\"https:\/\/moverdb.com\/fi\/moving-to-china\/\" data-internallinksmanager029f6b8e52c=\"357\" title=\"Muutatko Kiinaan? 2023 Elinkustannukset ja muuttovinkit\">Kiina<\/a>, lasitavarat, vaatteet jne.)<\/li>\n<li> S\u00e4hk\u00f6asentaja tai putkimies<\/li>\n<li> Satelliitti-tv-antennin irrottaminen ja uudelleenasentaminen<\/li>\n<li> Erikoistunut \"turvallinen\" poisto<\/li>\n<li> Ikkunoiden ja ovenkarmien irrotus ja uudelleenasennus<\/li>\n<li> Ulkopuolinen hissi (erikoishissi), jolla p\u00e4\u00e4see asuntoon ylempien kerrosten kautta.<\/li>\n<li> Huonekalujen vuokraus<\/li>\n<li> Huonekalujen entis\u00f6inti ja korjaus<\/li>\n<\/ul>\n<h2>Constantine Moving Company Profiili<\/h2>\n<p>Constantine-yritysryhm\u00e4 sai alkunsa 1800-luvun puoliv\u00e4liss\u00e4, kun Joseph Constantine ja muut perheenj\u00e4senet ostivat purjelaivoja omistavan yrityksen. Kun h\u00f6yry syrj\u00e4ytti purjeet, Constantine-konserni oli laajentunut niin, ett\u00e4 se oli yksi suurimmista laivanvarustajista maailmassa. <a href=\"https:\/\/moverdb.com\/fi\/moving-to-the-uk\/\" data-internallinksmanager029f6b8e52c=\"93\" title=\"Muutatko Yhdistyneeseen kuningaskuntaan? 2022 Elinkustannukset ja muuttovinkit\">UK<\/a>.<\/p>\n<p>Ensimm\u00e4inen ja toinen maailmansota veiv\u00e4t valitettavasti heid\u00e4n laivansa, joten ryhm\u00e4 siirtyi matkustamaan, <a href=\"https:\/\/moverdb.com\/fi\/huolitsija\/\">huolinta<\/a> ja kiinteist\u00f6sijoittaminen. Nyky\u00e4\u00e4n Constantine Moving keskittyy ihmisten ja taiteen siirt\u00e4miseen ymp\u00e4ri maailmaa. Yrityksell\u00e4 on ylpe\u00e4n\u00e4 kuninkaallinen nimitystodistus tunnustuksena palveluistaan kuningatar Elisabet II:lle.<\/p>\n<p>Constantine Moving -j\u00e4senyydet ja akkreditoinnit:<\/p>\n<ul>\n<li> <a href=\"https:\/\/moverdb.com\/fi\/british-association-of-removers\/\">British Association of Removers<\/a> (<a href=\"https:\/\/moverdb.com\/fi\/british-association-of-removers\/\" data-internallinksmanager029f6b8e52c=\"9\" title=\"British Association of Removers (BAR) selitetty\">BAR<\/a>)<\/li>\n<li> <a href=\"https:\/\/moverdb.com\/fi\/fidi-faim\/\">FIDI<\/a><\/li>\n<li> <a href=\"https:\/\/moverdb.com\/fi\/fidi-faim\/\">FAIM<\/a><\/li>\n<li> Kaupan standardointilaitos (TSI)<\/li>\n<li> <a href=\"https:\/\/moverdb.com\/fi\/olen\/\">Kansainv\u00e4linen muuttajien liitto<\/a> (<a href=\"https:\/\/moverdb.com\/fi\/iam\/\" data-internallinksmanager029f6b8e52c=\"23\" title=\"Kansainv\u00e4linen muuttajien liitto (IAM) selitetty\">IAM<\/a>)<\/li>\n<li> Taidekuljettajien kansainv\u00e4linen kokous (ARTIM)<\/li>\n<li> H\u00e4nen majesteettinsa kuningattaren nimitt\u00e4m\u00e4ll\u00e4.<\/li>\n<\/ul>\n<h2>Constantine Moving Arvostelut<\/h2>\n<p><em>T\u00e4ll\u00e4 hetkell\u00e4 ei ole olemassa positiivisia tai negatiivisia arvosteluja sivustosta Constantine Moving.<\/em><\/p>\n<div itemprop=\"review\" itemscope itemtype=\"http:\/\/schema.org\/Review\">\n<span itemprop=\"author\" itemscope=\"\" itemtype=\"http:\/\/schema.org\/Organization\"><span itemprop=\"name\">MoverDB.com<\/span><\/span> Verkkosivuston arvostelu <span itemprop=\"itemreviewed\" itemscope=\"\" itemtype=\"http:\/\/schema.org\/Brand\"><span itemprop=\"name\">Constantine Moving<\/span><\/span>:<\/p>\n<ol>\n<li> Selke\u00e4t yhteystiedot verkkosivustolla (my\u00f6s puhelinnumero): <strong>Kyll\u00e4<\/strong><\/li>\n<li> Helppo saada <a href=\"https:\/\/moverdb.com\/fi\/lainauksia\/\">kansainv\u00e4liset muutot tarjoukset<\/a>? (Online-arviolomake): <strong>Ei<\/strong><\/li>\n<li> Selke\u00e4t tiedot verkkosivustolla: <strong>Joitakin,<\/strong> Sivustolla ei ole paljon yksityiskohtaisia tietoja. Se toimitetaan suunnitteluvaiheessa.<\/li>\n<li> J\u00e4senyys kansainv\u00e4lisiss\u00e4 tunnustetuissa liikkuvissa j\u00e4rjest\u00f6iss\u00e4: <strong>Kyll\u00e4<\/strong>, ks. edell\u00e4.<\/li>\n<li> Luettelo asiakkaista ja\/tai aiempien asiakkaiden suosittelut: <strong>Ei<\/strong>, vaikka kuningatar Elisabet II ja kuninkaallinen perhe kuuluvat heid\u00e4n asiakkaisiinsa.<\/li>\n<\/ol>\n<div itemprop=\"reviewRating\" itemscope itemtype=\"http:\/\/schema.org\/Rating\"><meta itemprop=\"worstRating\" content = \"0\" \/><meta itemprop=\"bestRating\" content=\"5\" \/><meta itemprop=\"ratingValue\" content=\"4\"><\/div>\n<p><strong>Yleisarvosana: 4\/5<\/strong><br \/>\n<strong>Tarkistusp\u00e4iv\u00e4:<\/strong> <span itemprop=\"datePublished\" content=\"2016-10-11\">11\/10\/16<\/span>\n<\/div>\n<p>Reaad lis\u00e4\u00e4 <a href=\"https:\/\/moverdb.com\/fi\/international-removals\/\">kansainv\u00e4liset muuttofirmat<\/a> ja meid\u00e4n <a href=\"https:\/\/moverdb.com\/fi\/arvostelut\/\">tarkistusprosessi<\/a>.<\/p>\n<p><strong>Verkkosivusto:<\/strong> <a href=\"http:\/\/www.constantinemoving.com\/\" target=\"_blank\" rel=\"noopener\">http:\/\/www.constantinemoving.com\/<\/a><\/p>","protected":false},"excerpt":{"rendered":"<p>The services of Constantine Moving are listed below, following by a company profile and reviews. International Home Moving Pre-move appointment Free quote, move plan and timetable Highly experienced professionally trained packing crew Storage available Sea shipment Air shipment Road transportation Customs clearance Delivery to new home Unpacking and reassembling of furniture Removal of all packing [&hellip;]<\/p>\n","protected":false},"author":1,"featured_media":0,"parent":0,"menu_order":0,"comment_status":"closed","ping_status":"closed","template":"","meta":{"_genesis_hide_title":false,"_genesis_hide_breadcrumbs":false,"_genesis_hide_singular_image":false,"_genesis_hide_footer_widgets":false,"_genesis_custom_body_class":"","_genesis_custom_post_class":"","_genesis_layout":"","footnotes":""},"class_list":{"0":"post-895","1":"page","2":"type-page","3":"status-publish","5":"entry"},"_links":{"self":[{"href":"https:\/\/moverdb.com\/fi\/wp-json\/wp\/v2\/pages\/895","targetHints":{"allow":["GET"]}}],"collection":[{"href":"https:\/\/moverdb.com\/fi\/wp-json\/wp\/v2\/pages"}],"about":[{"href":"https:\/\/moverdb.com\/fi\/wp-json\/wp\/v2\/types\/page"}],"author":[{"embeddable":true,"href":"https:\/\/moverdb.com\/fi\/wp-json\/wp\/v2\/users\/1"}],"replies":[{"embeddable":true,"href":"https:\/\/moverdb.com\/fi\/wp-json\/wp\/v2\/comments?post=895"}],"version-history":[{"count":3,"href":"https:\/\/moverdb.com\/fi\/wp-json\/wp\/v2\/pages\/895\/revisions"}],"predecessor-version":[{"id":6195,"href":"https:\/\/moverdb.com\/fi\/wp-json\/wp\/v2\/pages\/895\/revisions\/6195"}],"wp:attachment":[{"href":"https:\/\/moverdb.com\/fi\/wp-json\/wp\/v2\/media?parent=895"}],"curies":[{"name":"wp","href":"https:\/\/api.w.org\/{rel}","templated":true}]}}