{"id":893,"date":"2016-09-28T05:29:53","date_gmt":"2016-09-28T05:29:53","guid":{"rendered":"http:\/\/moverdb.com\/?page_id=893"},"modified":"2026-01-08T14:40:01","modified_gmt":"2026-01-08T14:40:01","slug":"john-mason","status":"publish","type":"page","link":"https:\/\/moverdb.com\/fi\/john-mason\/","title":{"rendered":"John Mason International Movers: Mason Mason Movals: Removals Reviews"},"content":{"rendered":"<p>John Mason International Movers tarjoaa asiakkailleen erilaisia muuttopalveluja, jotka on lueteltu alla. Seuraavassa on my\u00f6s yrityksen profiili ja arvosteluja.<\/p>\n<p><strong><a href=\"https:\/\/moverdb.com\/fi\/container-shipping\/\" data-internallinksmanager029f6b8e52c=\"3\" title=\"Kansainv\u00e4lisen konttikuljetuksen hinnat: huhtikuu 2026\">Kansainv\u00e4linen merenkulku<\/a> Palvelut - Kohteeseen ja kohteesta <a href=\"https:\/\/moverdb.com\/fi\/moving-to-the-uk\/\" data-internallinksmanager029f6b8e52c=\"93\" title=\"Muutatko Yhdistyneeseen kuningaskuntaan? 2022 Elinkustannukset ja muuttovinkit\">UK<\/a><\/strong><\/p>\n<ul>\n<li> Palvelu ovelta ovelle<\/li>\n<li> Erityinen muuttop\u00e4\u00e4llikk\u00f6<\/li>\n<li> Ammattimainen vientipakkaus kotona<\/li>\n<li> Toimitus lent\u00e4en tai meritse<\/li>\n<li> <a href=\"https:\/\/moverdb.com\/fi\/konttikuljetukset\/\">T\u00e4ysi kontin kuorma tai jaettu kontti<\/a><\/li>\n<li> Yksitt\u00e4isten matkatavaroiden matkatavarapalvelu<\/li>\n<li> Maailmanlaajuinen ammattimaisten edustajien verkosto<\/li>\n<li> Tulliselvitys<\/li>\n<li> Toimitus ja purkaminen uuteen kotiin<\/li>\n<li> Varastointi l\u00e4ht\u00f6- ja m\u00e4\u00e4r\u00e4paikassa<\/li>\n<li> All Risk -merivakuutus<\/li>\n<li> Siivous- ja kotiapulaispalvelut<\/li>\n<\/ul>\n<p><strong>Kansainv\u00e4liset muuttopalvelut<\/strong><\/p>\n<ul>\n<li> Apu kodin myynniss\u00e4<\/li>\n<li> L\u00e4ht\u00f6palvelu - mahdollisten ep\u00e4selvyyksien selvitt\u00e4minen, esim. pienet korjaukset ja siivous.<\/li>\n<li> Muuton hallinta<\/li>\n<li> Tutustumiskierrokset - mukaan lukien kiinteist\u00f6jen ja koulujen katselu<\/li>\n<li> Kulttuuri- ja kielikoulutus<\/li>\n<li> Asettautuminen - pankkitilien avaaminen, l\u00e4\u00e4k\u00e4rille ja hammasl\u00e4\u00e4k\u00e4rille rekister\u00f6ityminen ja lukemattomat muut el\u00e4m\u00e4n helpottamiseen liittyv\u00e4t teht\u00e4v\u00e4t.<\/li>\n<li> Lemmikkiel\u00e4inten uudelleensijoittaminen<\/li>\n<\/ul>\n<p><strong>Eurooppalainen merenkulku ja muutto<\/strong><\/p>\n<ul>\n<li> Tarkoituksenmukainen eurooppalainen ajoneuvokanta<\/li>\n<li> Omistautuneet muutonjohtajat<\/li>\n<li> Palvelu ovelta ovelle<\/li>\n<li> Erityispalvelu - ajoneuvossa on yhden henkil\u00f6n\/yrityksen tavarat.<\/li>\n<li> Osakuormituspalvelu<\/li>\n<li> Pakkausvaihtoehdot - omistaja pakattuna, valitut kohteet ammattimaisesti pakattuna, t\u00e4ysi ammattimainen pakkaus.<\/li>\n<li> Tulli- ja valmisteveroapu tarvittaessa<\/li>\n<li> Varastointi <\/li>\n<li> Vakuutus<\/li>\n<li> Lentorahtia voidaan j\u00e4rjest\u00e4\u00e4<\/li>\n<\/ul>\n<p><strong>Kaupan kuljetuspalvelut<\/strong><\/p>\n<ul>\n<li> Lentorahti<\/li>\n<li> FCL<\/li>\n<li> LCL<\/li>\n<li> Groupage<\/li>\n<li> Euroopan maantieliikennepalvelut<\/li>\n<\/ul>\n<p><strong>Varastointipalvelut<\/strong><\/p>\n<ul>\n<li> Arkistointi<\/li>\n<li> Veneen varastointi<\/li>\n<li> Asuntovaunujen varastointi<\/li>\n<li> Kaupallinen varastointi<\/li>\n<li> Kotitalouksien varastointi<\/li>\n<li> Moottoripy\u00f6r\u00e4n varastointi<\/li>\n<li> Itses\u00e4ilytys<\/li>\n<li> Opiskelijoiden varastointi<\/li>\n<li> Ajoneuvojen varastointi<\/li>\n<\/ul>\n<h2>John Mason International Movers Yrityksen profiili<\/h2>\n<p>John Mason International Moversin perusti Mary Mason vuonna 1884. H\u00e4nen poikansa John Mason liittyi h\u00e4nen mukaansa vuonna 1887, jolloin heid\u00e4n p\u00e4\u00e4toimialansa oli hiilen siirt\u00e4minen. John Mason otti liiketoiminnan haltuunsa \u00e4idilt\u00e4\u00e4n vuonna 1890 ja aloitti yleisen kuljetus- ja kuljetusliikkeen. <a href=\"https:\/\/moverdb.com\/fi\/moving-companies\/\" data-internallinksmanager029f6b8e52c=\"79\" title=\"Top 25 Kansainv\u00e4list\u00e4 muuttoyrityksi\u00e4 verkossa\">muuttofirma<\/a>. Yritys jatkoi laajentumistaan ja vaurastumistaan, ja vuonna 1955 se aloitti p\u00e4ivitt\u00e4isen muuttopalvelun. <a href=\"https:\/\/moverdb.com\/fi\/moving-to-ireland\/\" data-internallinksmanager029f6b8e52c=\"320\" title=\"Muutatko Irlantiin? 2023 Elinkustannukset ja muuttovinkit\">Irlanti<\/a>. <\/p>\n<p>John Mason on jatkanut kasvuaan, ja nyt se suorittaa vuosittain keskim\u00e4\u00e4rin 8 000 muuttoa ymp\u00e4ri maailmaa. Kansainv\u00e4liset muutot, yritys- ja kaupalliset muutot sek\u00e4 kotitalouksien muutot ja varastointi ovat t\u00e4m\u00e4n perheyrityksen perusta. Heid\u00e4n visionaan on t\u00e4ysin joustava muuttopalvelu, jossa korostuvat perhearvot ja rehellisyys.<\/p>\n<p>John Masonin sidonnaisuudet ja akkreditoinnit:<\/p>\n<ul>\n<li> <a href=\"https:\/\/moverdb.com\/fi\/british-association-of-removers\/\">British Association of Removers<\/a> (<a href=\"https:\/\/moverdb.com\/fi\/british-association-of-removers\/\" data-internallinksmanager029f6b8e52c=\"9\" title=\"British Association of Removers (BAR) selitetty\">BAR<\/a>)<\/li>\n<li> <a href=\"https:\/\/moverdb.com\/fi\/bar-overseas\/\">British Association of Removers Overseas Remover (Britannian muuttomiesten yhdistys)<\/a><\/li>\n<li> Overseas Moving Network International (Overseas Moving Network International, OMNI)<\/li>\n<li> <a href=\"https:\/\/moverdb.com\/fi\/fidi-faim\/\">Kansainv\u00e4linen kansainv\u00e4listen muuttajien liitto<\/a> (<a href=\"https:\/\/moverdb.com\/fi\/fidi-faim\/\" data-internallinksmanager029f6b8e52c=\"16\" title=\"FIDI &amp; FAIM (FIDI Accredited International Mover) selitettyin\u00e4\">FIDI<\/a>)<\/li>\n<li> <a href=\"https:\/\/moverdb.com\/fi\/fidi-faim\/\">FAIM<\/a><\/li>\n<li> <a href=\"https:\/\/moverdb.com\/fi\/mtc\/\">The Movers Trading Club<\/a> (<a href=\"https:\/\/moverdb.com\/fi\/mtc\/\" data-internallinksmanager029f6b8e52c=\"30\" title=\"Movers Trading Club (MTC) selitetty\">MTC<\/a>)<\/li>\n<li> Trading Standards Institute<\/li>\n<li> <a href=\"https:\/\/moverdb.com\/fi\/lacma\/\">Latinalaisen Amerikan ja Karibian alueen kansainv\u00e4listen muuttajien yhdistys<\/a> (<a href=\"https:\/\/moverdb.com\/fi\/lacma\/\" data-internallinksmanager029f6b8e52c=\"28\" title=\"Latinalaisen Amerikan ja Karibian alueen kansainv\u00e4listen muuttajien yhdistys (LACMA)\">LACMA<\/a>)<\/li>\n<\/ul>\n<h2>John Mason International Movers Arvostelut<\/h2>\n<p><strong>Positiivinen<\/strong><\/p>\n<ul>\n<li> <em>\"Koko kokemukseni John Masonin kanssa on ollut eritt\u00e4in hyv\u00e4, aina Tonyn kartoituksesta t\u00e4h\u00e4n p\u00e4iv\u00e4\u00e4n asti, jolloin kontti on pakattu, suosittelen ehdottomasti John Masonia muuttopalvelujen tarjoajana.\"<\/em> - M.H. South Shields alkaen <a href=\"http:\/\/www.johnmason.com\/about-us\/\" target=\"_blank\" rel=\"noopener\">John Masonin verkkosivusto<\/a>.<\/li>\n<li> <em>\"John Masonsin tiimi oli mielest\u00e4ni poikkeuksellinen. Kotik\u00e4ynnist\u00e4 alkaen, heid\u00e4n usein toistuvista p\u00e4ivityksist\u00e4\u00e4n, muuttoapulaisista, kaikki olivat fantastisia.\"<\/em> - Jaclyn kautta <a href=\"https:\/\/www.facebook.com\/johnmasoninternational\/reviews\/\" target=\"_blank\" rel=\"noopener\">Facebook-arviointi<\/a><\/li>\n<li><em>\"Teimme saman muuton 3 kuukautta sitten, k\u00e4ytimme John Masonsin kansainv\u00e4lisi\u00e4 muuttomiehi\u00e4. He hoitivat my\u00f6s pakkaamisen ja purkamisen. En voi suositella heit\u00e4 tarpeeksi, ei yht\u00e4\u00e4n asiaa rikki tai hukkaan.\"<\/em> - kautta <a href=\"http:\/\/www.mumsnet.com\/Talk\/living_overseas\/1535416-Shipping-to-Australia\" target=\"_blank\" rel=\"noopener\">Mumsnet<\/a><\/li>\n<\/ul>\n<p><strong>Negatiivinen<\/strong><\/p>\n<p>Vain <strong>6%<\/strong> Trustpilotin arvosteluista on 1 tai 2 t\u00e4hte\u00e4 vs. <strong>93%<\/strong> jotka ovat 4 tai 5 t\u00e4hte\u00e4. Voit lukea kaikki n\u00e4m\u00e4 arvostelut <a href=\"https:\/\/uk.trustpilot.com\/review\/www.johnmason.com\" rel=\"noopener\" target=\"_blank\">t\u00e4\u00e4ll\u00e4<\/a>.  <\/p>\n<div itemprop=\"review\" itemscope itemtype=\"http:\/\/schema.org\/Review\">\n<span itemprop=\"author\" itemscope=\"\" itemtype=\"http:\/\/schema.org\/Organization\"><span itemprop=\"name\">MoverDB.com<\/span><\/span> Verkkosivuston arvostelu <span itemprop=\"itemreviewed\" itemscope=\"\" itemtype=\"http:\/\/schema.org\/Brand\"><span itemprop=\"name\">John Mason International Movers<\/span><\/span>:<\/p>\n<ol>\n<li> Selke\u00e4t yhteystiedot verkkosivustolla (my\u00f6s puhelinnumero): <strong>Kyll\u00e4<\/strong><\/li>\n<li> Helppo saada <a href=\"https:\/\/moverdb.com\/fi\/lainauksia\/\">kansainv\u00e4liset muutot tarjoukset<\/a>? (Online-arviolomake): <strong>Kyll\u00e4<\/strong><\/li>\n<li> Selke\u00e4t tiedot verkkosivustolla: <strong>Kyll\u00e4,<\/strong> Verkkosivusto on melko kattava, mutta yksityiskohtaisempia tietoja annetaan pyynn\u00f6st\u00e4.<\/li>\n<li> J\u00e4senyys kansainv\u00e4lisiss\u00e4 tunnustetuissa liikkuvuutta harjoittavissa j\u00e4rjest\u00f6iss\u00e4: <strong>Kyll\u00e4<\/strong>, ks. edell\u00e4.<\/li>\n<li> Luettelo asiakkaista ja\/tai aiempien asiakkaiden suosittelut: <strong>Joitakin,<\/strong> jokaisen sivun alareunassa on asiakasarvosteluja, mutta niille ei ole omaa sivua. Lis\u00e4ksi, vaikka heill\u00e4 on verkossa enimm\u00e4kseen my\u00f6nteisi\u00e4 arvosteluja, on my\u00f6s muutamia kielteisi\u00e4 arvosteluja.<\/li>\n<\/ol>\n<div itemprop=\"reviewRating\" itemscope itemtype=\"http:\/\/schema.org\/Rating\"><meta itemprop=\"worstRating\" content = \"0\" \/><meta itemprop=\"bestRating\" content=\"5\" \/><meta itemprop=\"ratingValue\" content=\"4\"><\/div>\n<p><strong>Yleisarvosana: 4\/5<\/strong><br \/>\n<strong>Tarkistusp\u00e4iv\u00e4:<\/strong> <span itemprop=\"datePublished\" content=\"2019-01-18\">18\/01\/2019<\/span>\n<\/div>\n<p>Lue lis\u00e4\u00e4 <a href=\"https:\/\/moverdb.com\/fi\/international-removals\/\">kansainv\u00e4liset muuttofirmat<\/a> ja meid\u00e4n <a href=\"https:\/\/moverdb.com\/fi\/arvostelut\/\">tarkistusprosessi<\/a>.<\/p>\n<p><strong>Verkkosivusto:<\/strong> <a href=\"http:\/\/www.johnmason.com\/\" target=\"_blank\" rel=\"noopener\">http:\/\/www.johnmason.com\/<\/a><\/p>","protected":false},"excerpt":{"rendered":"<p>John Mason International Movers offers clients various removal services which are listed below. There also follows a company profile and reviews. International Shipping Services &#8211; To and From the UK Door to door service Dedicated move manager Professional export packing at home Shipping by air or sea Full container load or shared container Baggage service [&hellip;]<\/p>\n","protected":false},"author":1,"featured_media":0,"parent":0,"menu_order":0,"comment_status":"closed","ping_status":"closed","template":"","meta":{"_genesis_hide_title":false,"_genesis_hide_breadcrumbs":false,"_genesis_hide_singular_image":false,"_genesis_hide_footer_widgets":false,"_genesis_custom_body_class":"","_genesis_custom_post_class":"","_genesis_layout":"","footnotes":""},"class_list":{"0":"post-893","1":"page","2":"type-page","3":"status-publish","5":"entry"},"_links":{"self":[{"href":"https:\/\/moverdb.com\/fi\/wp-json\/wp\/v2\/pages\/893","targetHints":{"allow":["GET"]}}],"collection":[{"href":"https:\/\/moverdb.com\/fi\/wp-json\/wp\/v2\/pages"}],"about":[{"href":"https:\/\/moverdb.com\/fi\/wp-json\/wp\/v2\/types\/page"}],"author":[{"embeddable":true,"href":"https:\/\/moverdb.com\/fi\/wp-json\/wp\/v2\/users\/1"}],"replies":[{"embeddable":true,"href":"https:\/\/moverdb.com\/fi\/wp-json\/wp\/v2\/comments?post=893"}],"version-history":[{"count":8,"href":"https:\/\/moverdb.com\/fi\/wp-json\/wp\/v2\/pages\/893\/revisions"}],"predecessor-version":[{"id":13168,"href":"https:\/\/moverdb.com\/fi\/wp-json\/wp\/v2\/pages\/893\/revisions\/13168"}],"wp:attachment":[{"href":"https:\/\/moverdb.com\/fi\/wp-json\/wp\/v2\/media?parent=893"}],"curies":[{"name":"wp","href":"https:\/\/api.w.org\/{rel}","templated":true}]}}