{"id":8910,"date":"2023-04-27T14:29:00","date_gmt":"2023-04-27T14:29:00","guid":{"rendered":"https:\/\/moverdb.com\/?page_id=8910"},"modified":"2026-01-08T15:29:43","modified_gmt":"2026-01-08T15:29:43","slug":"moving-companies-peru","status":"publish","type":"page","link":"https:\/\/moverdb.com\/fi\/moving-companies\/moving-companies-peru\/","title":{"rendered":"9 parasta kansainv\u00e4list\u00e4 muuttoa harjoittavaa yrityst\u00e4 Perussa"},"content":{"rendered":"<p>Muutto voi olla hektist\u00e4 aikaa, jolloin on paljon j\u00e4rjestelt\u00e4v\u00e4\u00e4, varsinkin jos muutat eri maihin ja sinulla on paperit\u00f6it\u00e4 hoidettavana. T\u00e4ss\u00e4 tilanteessa <a href=\"https:\/\/moverdb.com\/fi\/moving-companies\/\" data-internallinksmanager029f6b8e52c=\"79\" title=\"Top 25 Kansainv\u00e4list\u00e4 muuttoyrityksi\u00e4 verkossa\">muuttofirma<\/a> voi auttaa helpottamaan muuttoa. Alla on luettelo perulaisista yrityksist\u00e4. <a href=\"https:\/\/moverdb.com\/fi\/international-removals\/\" data-internallinksmanager029f6b8e52c=\"27\" title=\"36 Parhaat kansainv\u00e4liset muuttoyritykset Yhdistyneess\u00e4 kuningaskunnassa\">muuttofirmat<\/a> jotka ovat j\u00e4seni\u00e4 <a href=\"https:\/\/moverdb.com\/fi\/iam\/\" data-internallinksmanager029f6b8e52c=\"23\" title=\"Kansainv\u00e4linen muuttajien liitto (IAM) selitetty\">Kansainv\u00e4linen muuttajien liitto<\/a> (IAM) ja\/tai <a href=\"https:\/\/moverdb.com\/fi\/fidi-faim\/\" data-internallinksmanager029f6b8e52c=\"16\" title=\"FIDI &amp; FAIM (FIDI Accredited International Mover) selitettyin\u00e4\">FIDI<\/a> Accredited International Mover (FAIM), joka voi auttaa sinua muutossasi.<\/p>\n<div id=\"ez-toc-container\" class=\"ez-toc-v2_0_82_2 ez-toc-wrap-left counter-hierarchy ez-toc-counter ez-toc-transparent ez-toc-container-direction\">\n<div class=\"ez-toc-title-container\">\n<p class=\"ez-toc-title\" style=\"cursor:inherit\">Jaksot<\/p>\n<span class=\"ez-toc-title-toggle\"><a href=\"#\" class=\"ez-toc-pull-right ez-toc-btn ez-toc-btn-xs ez-toc-btn-default ez-toc-toggle\" aria-label=\"Sis\u00e4llysluettelon vaihtaminen\"><span class=\"ez-toc-js-icon-con\"><span class=\"\"><span class=\"eztoc-hide\" style=\"display:none;\">Toggle<\/span><span class=\"ez-toc-icon-toggle-span\"><svg style=\"fill: #999;color:#999\" xmlns=\"http:\/\/www.w3.org\/2000\/svg\" class=\"list-377408\" width=\"20px\" height=\"20px\" viewbox=\"0 0 24 24\" fill=\"none\"><path d=\"M6 6H4v2h2V6zm14 0H8v2h12V6zM4 11h2v2H4v-2zm16 0H8v2h12v-2zM4 16h2v2H4v-2zm16 0H8v2h12v-2z\" fill=\"currentColor\"><\/path><\/svg><svg style=\"fill: #999;color:#999\" class=\"arrow-unsorted-368013\" xmlns=\"http:\/\/www.w3.org\/2000\/svg\" width=\"10px\" height=\"10px\" viewbox=\"0 0 24 24\" version=\"1.2\" baseprofile=\"tiny\"><path d=\"M18.2 9.3l-6.2-6.3-6.2 6.3c-.2.2-.3.4-.3.7s.1.5.3.7c.2.2.4.3.7.3h11c.3 0 .5-.1.7-.3.2-.2.3-.5.3-.7s-.1-.5-.3-.7zM5.8 14.7l6.2 6.3 6.2-6.3c.2-.2.3-.5.3-.7s-.1-.5-.3-.7c-.2-.2-.4-.3-.7-.3h-11c-.3 0-.5.1-.7.3-.2.2-.3.5-.3.7s.1.5.3.7z\"\/><\/svg><\/span><\/span><\/span><\/a><\/span><\/div>\n<nav><ul class='ez-toc-list ez-toc-list-level-1 eztoc-toggle-hide-by-default' ><li class='ez-toc-page-1 ez-toc-heading-level-2'><a class=\"ez-toc-link ez-toc-heading-1\" href=\"https:\/\/moverdb.com\/fi\/moving-companies\/moving-companies-peru\/#1_Atlas\" >1. Atlas<\/a><\/li><li class='ez-toc-page-1 ez-toc-heading-level-2'><a class=\"ez-toc-link ez-toc-heading-2\" href=\"https:\/\/moverdb.com\/fi\/moving-companies\/moving-companies-peru\/#2_Class_International_Movers\" >2. Luokan kansainv\u00e4liset muuttajat<\/a><\/li><li class='ez-toc-page-1 ez-toc-heading-level-2'><a class=\"ez-toc-link ez-toc-heading-3\" href=\"https:\/\/moverdb.com\/fi\/moving-companies\/moving-companies-peru\/#3_Door_to_Door_Transports\" >3. Kuljetukset ovelta ovelle<\/a><\/li><li class='ez-toc-page-1 ez-toc-heading-level-2'><a class=\"ez-toc-link ez-toc-heading-4\" href=\"https:\/\/moverdb.com\/fi\/moving-companies\/moving-companies-peru\/#4_Express_Transports\" >4. Pikakuljetukset<\/a><\/li><li class='ez-toc-page-1 ez-toc-heading-level-2'><a class=\"ez-toc-link ez-toc-heading-5\" href=\"https:\/\/moverdb.com\/fi\/moving-companies\/moving-companies-peru\/#5_Gil_International_Movers\" >5. Gil International Movers<\/a><\/li><li class='ez-toc-page-1 ez-toc-heading-level-2'><a class=\"ez-toc-link ez-toc-heading-6\" href=\"https:\/\/moverdb.com\/fi\/moving-companies\/moving-companies-peru\/#6_Global_Moving\" >6. Maailmanlaajuinen liikkuminen<\/a><\/li><li class='ez-toc-page-1 ez-toc-heading-level-2'><a class=\"ez-toc-link ez-toc-heading-7\" href=\"https:\/\/moverdb.com\/fi\/moving-companies\/moving-companies-peru\/#7_Moving_Systems\" >7. Liikkuvat j\u00e4rjestelm\u00e4t<\/a><\/li><li class='ez-toc-page-1 ez-toc-heading-level-2'><a class=\"ez-toc-link ez-toc-heading-8\" href=\"https:\/\/moverdb.com\/fi\/moving-companies\/moving-companies-peru\/#8_Security_International_Moving\" >8. Turvallisuus Kansainv\u00e4linen muuttoliike<\/a><\/li><li class='ez-toc-page-1 ez-toc-heading-level-2'><a class=\"ez-toc-link ez-toc-heading-9\" href=\"https:\/\/moverdb.com\/fi\/moving-companies\/moving-companies-peru\/#9_World_Shipping_The_Movers\" >9. World Shipping The Movers<\/a><\/li><\/ul><\/nav><\/div>\n<h2><span class=\"ez-toc-section\" id=\"1_Atlas\"><\/span><strong>1. Atlas<\/strong><span class=\"ez-toc-section-end\"><\/span><\/h2>\n<p><img loading=\"lazy\" decoding=\"async\" class=\"alignnone size-full wp-image-8763\" src=\"https:\/\/moverdb.com\/wp-content\/uploads\/Atlas-international-moving-company-1.png\" alt=\"Atlas kansainv\u00e4linen muuttoyhti\u00f6\" width=\"1440\" height=\"683\" data-wp-pid=\"8763\" srcset=\"https:\/\/moverdb.com\/wp-content\/uploads\/Atlas-international-moving-company-1.png 1440w, https:\/\/moverdb.com\/wp-content\/uploads\/Atlas-international-moving-company-1-300x142.png 300w, https:\/\/moverdb.com\/wp-content\/uploads\/Atlas-international-moving-company-1-1024x486.png 1024w, https:\/\/moverdb.com\/wp-content\/uploads\/Atlas-international-moving-company-1-18x9.png 18w, https:\/\/moverdb.com\/wp-content\/uploads\/Atlas-international-moving-company-1-600x285.png 600w\" sizes=\"auto, (max-width: 1440px) 100vw, 1440px\" \/><\/p>\n<ul>\n<li>Paikalliset ja kansalliset muutot<\/li>\n<li>Kansainv\u00e4liset muutot<\/li>\n<li>Asuntojen muutot<\/li>\n<li>Yritysten muutot<\/li>\n<li>Ovelta ovelle -palvelu<\/li>\n<li>Pakkauspalvelu<\/li>\n<li>Tulliselvitys<\/li>\n<li>Taideteosten k\u00e4sittely<\/li>\n<li>Vakuutus<\/li>\n<li>Varastointitilat<\/li>\n<\/ul>\n<p>Atlas on Chorrillosissa sijaitseva muuttofirma, jolla on yli 30 vuoden kokemus yksityis- ja yritysasiakkaille. He ty\u00f6skentelev\u00e4t kansainv\u00e4listen yhdistysten ja muuttofirmojen kanssa tarjotakseen kansainv\u00e4lisesti korkeatasoisia palveluita, ja he ovat IAM:n j\u00e4sen 34 vuoden ajan.<\/p>\n<p>Atlas tarjoaa muuttopalveluja koko Perun alueella sek\u00e4 Peruun ja Perusta. Se tekee tarvittavat j\u00e4rjestelyt muuttoa varten, mukaan lukien tavaroiden kuljetus ja tulliselvitys. Atlas tarjoaa korkeasti koulutettua henkil\u00f6kuntaa ja erikoispakkauksia, jotka suojaavat tavaroitasi kuljetuksen aikana. Heill\u00e4 on erikoismuuttoon erikoistuneita kuorma-autoja, jotka on varustettu GPS-satelliittipaikannuksella, jotta voit seurata, miss\u00e4 tavarasi ovat.<\/p>\n<p>Verkkosivusto: <a href=\"http:\/\/www.atlasperucorp.com\" target=\"_blank\" rel=\"noopener\">http:\/\/www.atlasperucorp.com<\/a><\/p>\n<h2><span class=\"ez-toc-section\" id=\"2_Class_International_Movers\"><\/span><strong>2. Luokan kansainv\u00e4liset muuttajat<\/strong><span class=\"ez-toc-section-end\"><\/span><\/h2>\n<p><img loading=\"lazy\" decoding=\"async\" class=\"alignnone size-full wp-image-8774\" src=\"https:\/\/moverdb.com\/wp-content\/uploads\/Class-International-Movers-moving-company.png\" alt=\"Class International Movers muuttoyritys\" width=\"1440\" height=\"671\" data-wp-pid=\"8774\" srcset=\"https:\/\/moverdb.com\/wp-content\/uploads\/Class-International-Movers-moving-company.png 1440w, https:\/\/moverdb.com\/wp-content\/uploads\/Class-International-Movers-moving-company-300x140.png 300w, https:\/\/moverdb.com\/wp-content\/uploads\/Class-International-Movers-moving-company-1024x477.png 1024w, https:\/\/moverdb.com\/wp-content\/uploads\/Class-International-Movers-moving-company-18x8.png 18w, https:\/\/moverdb.com\/wp-content\/uploads\/Class-International-Movers-moving-company-600x280.png 600w\" sizes=\"auto, (max-width: 1440px) 100vw, 1440px\" \/><\/p>\n<ul>\n<li>Paikalliset ja kansalliset muutot<\/li>\n<li>Kansainv\u00e4liset muutot<\/li>\n<li>Kotitalouksien muutot<\/li>\n<li>Toimiston muutot<\/li>\n<li>Muuttopalvelut<\/li>\n<li>Pakkauspalvelu<\/li>\n<li>Tullimenettelyt<\/li>\n<li>Taideteosten siirrot<\/li>\n<li>Lemmikkiel\u00e4inten siirrot<\/li>\n<li>Varastointitilat<\/li>\n<\/ul>\n<p>Class International Movers on vuonna 1996 perustettu, Limassa sijaitseva muutto- ja kuljetusyritys. Se tekee yhteisty\u00f6t\u00e4 valittujen edustajien kanssa ymp\u00e4ri maailmaa tarjotakseen palveluitaan kansainv\u00e4lisesti. Se on IAM:n j\u00e4sen 27 vuoden palvelusaikana, ja se on FIDI:n akkreditoima.<\/p>\n<p>Class International Movers tarjoaa muutto- ja siirtopalveluja kotitalouksille ja toimistoille Perussa, Peruun ja Perusta. Heid\u00e4n palveluihinsa kuuluu tavaroiden turvallinen pakkaaminen kuljetusta varten, ja kansainv\u00e4lisiss\u00e4 muutoissa he auttavat tullimenettelyiss\u00e4. He tarjoavat lis\u00e4palveluita, kuten taideteosten ja lemmikkiel\u00e4inten siirt\u00e4minen sek\u00e4 varastointitilat.<\/p>\n<p>Verkkosivusto: <a href=\"http:\/\/www.classmoving.com\" target=\"_blank\" rel=\"noopener\">http:\/\/www.classmoving.com<\/a><\/p>\n<h2><span class=\"ez-toc-section\" id=\"3_Door_to_Door_Transports\"><\/span><strong>3. Kuljetukset ovelta ovelle<\/strong><span class=\"ez-toc-section-end\"><\/span><\/h2>\n<p><img loading=\"lazy\" decoding=\"async\" class=\"alignnone size-full wp-image-8790\" src=\"https:\/\/moverdb.com\/wp-content\/uploads\/Door-to-Door-Transports-international-moving-company.png\" alt=\"Door to Door Transports kansainv\u00e4linen muuttoliikeyritys\" width=\"1440\" height=\"681\" data-wp-pid=\"8790\" srcset=\"https:\/\/moverdb.com\/wp-content\/uploads\/Door-to-Door-Transports-international-moving-company.png 1440w, https:\/\/moverdb.com\/wp-content\/uploads\/Door-to-Door-Transports-international-moving-company-300x142.png 300w, https:\/\/moverdb.com\/wp-content\/uploads\/Door-to-Door-Transports-international-moving-company-1024x484.png 1024w, https:\/\/moverdb.com\/wp-content\/uploads\/Door-to-Door-Transports-international-moving-company-18x9.png 18w, https:\/\/moverdb.com\/wp-content\/uploads\/Door-to-Door-Transports-international-moving-company-600x284.png 600w\" sizes=\"auto, (max-width: 1440px) 100vw, 1440px\" \/><\/p>\n<ul>\n<li>Kansalliset ja paikalliset siirrot<\/li>\n<li>Kansainv\u00e4liset siirrot<\/li>\n<li>Kotitalouksien muutot<\/li>\n<li>Toimiston muutot<\/li>\n<li>Muuttopalvelut<\/li>\n<li>Pakkauspalvelu<\/li>\n<li>Lemmikkiel\u00e4inten siirrot<\/li>\n<li>Taideteosten k\u00e4sittely<\/li>\n<li>Vakuutus<\/li>\n<li>Varastointitilat<\/li>\n<\/ul>\n<p>Door to Door Transports on kansainv\u00e4linen muutto- ja logistiikkaratkaisuja tarjoava yritys, joka sijaitsee Callaossa. Heill\u00e4 on ammattitaitoisten ammattilaisten tiimi ja strategisia sopimuksia edustajien kanssa ymp\u00e4ri maailmaa, jotka toimittavat palveluja heid\u00e4n kanssaan. He ovat IAM:n j\u00e4sen, ja heill\u00e4 on 25 vuoden kokemus.<\/p>\n<p>Door to Door Transports tarjoaa r\u00e4\u00e4t\u00e4l\u00f6ity\u00e4 ovelta ovelle -muuttopalvelua kotitalouksille ja toimistoille sek\u00e4 yksityiskohtaisen logistiikkasuunnitelman toimistosiirtoja varten. He tarjoavat pakkauspalvelua, jossa k\u00e4ytet\u00e4\u00e4n innovatiivisia materiaaleja, jotka turvaavat tavarasi siirron tai varastoinnin aikana. Heid\u00e4n muuttopalveluihinsa kuuluu kodin ja koulun etsiminen, kodin perustaminen ja perehdytt\u00e4minen.<\/p>\n<p>Verkkosivusto: <a href=\"http:\/\/www.doortodoor.com.pe\" target=\"_blank\" rel=\"noopener\">http:\/\/www.doortodoor.com.pe<\/a><\/p>\n<h2><span class=\"ez-toc-section\" id=\"4_Express_Transports\"><\/span><strong>4. Pikakuljetukset<\/strong><span class=\"ez-toc-section-end\"><\/span><\/h2>\n<p><img loading=\"lazy\" decoding=\"async\" class=\"alignnone size-full wp-image-8794\" src=\"https:\/\/moverdb.com\/wp-content\/uploads\/Express-Transports-international-moving-company.png\" alt=\"Express Transports kansainv\u00e4linen muuttoliikeyritys\" width=\"1440\" height=\"683\" data-wp-pid=\"8794\" srcset=\"https:\/\/moverdb.com\/wp-content\/uploads\/Express-Transports-international-moving-company.png 1440w, https:\/\/moverdb.com\/wp-content\/uploads\/Express-Transports-international-moving-company-300x142.png 300w, https:\/\/moverdb.com\/wp-content\/uploads\/Express-Transports-international-moving-company-1024x486.png 1024w, https:\/\/moverdb.com\/wp-content\/uploads\/Express-Transports-international-moving-company-18x9.png 18w, https:\/\/moverdb.com\/wp-content\/uploads\/Express-Transports-international-moving-company-600x285.png 600w\" sizes=\"auto, (max-width: 1440px) 100vw, 1440px\" \/><\/p>\n<ul>\n<li>Paikalliset ja kansalliset muutot<\/li>\n<li>Kansainv\u00e4liset muutot<\/li>\n<li>Asuntojen muutot<\/li>\n<li>Toimiston muutot<\/li>\n<li>Pakkauspalvelu<\/li>\n<li>Kuljetuksen j\u00e4rjest\u00e4minen<\/li>\n<li>Tulliselvitys<\/li>\n<li>Taideteosten k\u00e4sittely<\/li>\n<li>Lemmikkiel\u00e4inten siirto<\/li>\n<li>Varastointitilat<\/li>\n<\/ul>\n<p>Express Transports on vuonna 1975 perustettu perulainen muuttofirma, jonka kotipaikka on Chorrillos. Heill\u00e4 on verkosto edustajia ymp\u00e4ri maailmaa, jotka avustavat heit\u00e4 kansainv\u00e4listen palvelujen toimittamisessa. Se on IAM:n j\u00e4sen 48 vuoden ajan, ja se on FIDI:n akkreditoima.<\/p>\n<p>Express Transports tarjoaa muuttosuunnittelupalvelua, joka on r\u00e4\u00e4t\u00e4l\u00f6ity tarpeidesi mukaan. Se koordinoi muuttosi, mukaan lukien pakkaaminen, inventaarion laatiminen, kuljetuksen j\u00e4rjest\u00e4minen ja tulliselvitys. Heid\u00e4n pakkauspalveluunsa kuuluu tavaroiden turvallinen pakkaaminen huolellisesti valituilla materiaaleilla, ja he purkavat tavarat saapuessaan ja tarkistavat sis\u00e4ll\u00f6n kunnon.<\/p>\n<p>Verkkosivusto: <a href=\"http:\/\/www.express.com.pe\" target=\"_blank\" rel=\"noopener\">http:\/\/www.express.com.pe<\/a><\/p>\n<h2><span class=\"ez-toc-section\" id=\"5_Gil_International_Movers\"><\/span><strong>5. Gil International Movers<\/strong><span class=\"ez-toc-section-end\"><\/span><\/h2>\n<p><img loading=\"lazy\" decoding=\"async\" class=\"alignnone size-full wp-image-8803\" src=\"https:\/\/moverdb.com\/wp-content\/uploads\/Gil-International-Movers-international-moving-company.png\" alt=\"Gil International Movers kansainv\u00e4linen muuttofirma\" width=\"1440\" height=\"680\" data-wp-pid=\"8803\" srcset=\"https:\/\/moverdb.com\/wp-content\/uploads\/Gil-International-Movers-international-moving-company.png 1440w, https:\/\/moverdb.com\/wp-content\/uploads\/Gil-International-Movers-international-moving-company-300x142.png 300w, https:\/\/moverdb.com\/wp-content\/uploads\/Gil-International-Movers-international-moving-company-1024x484.png 1024w, https:\/\/moverdb.com\/wp-content\/uploads\/Gil-International-Movers-international-moving-company-18x9.png 18w, https:\/\/moverdb.com\/wp-content\/uploads\/Gil-International-Movers-international-moving-company-600x283.png 600w\" sizes=\"auto, (max-width: 1440px) 100vw, 1440px\" \/><\/p>\n<ul>\n<li>Paikalliset ja kansalliset muutot<\/li>\n<li>Kansainv\u00e4liset muutot<\/li>\n<li>Kotitalouksien muutot<\/li>\n<li>Toimiston muutot<\/li>\n<li>Ovelta ovelle -palvelu<\/li>\n<li>Pakkauspalvelu<\/li>\n<li>Kuljetuksen j\u00e4rjest\u00e4minen<\/li>\n<li>Taideteosten k\u00e4sittely<\/li>\n<li>Lemmikkiel\u00e4inten ja ajoneuvojen kuljetukset<\/li>\n<li>Lyhyt- ja pitk\u00e4aikaisvarastot<\/li>\n<\/ul>\n<p>Gil International Movers on vuonna 2014 perustettu muutto- ja logistiikkayritys, jonka kotipaikka on Lima. Se on IAM:n j\u00e4sen yhdeks\u00e4n vuoden ajan, mik\u00e4 antaa sille p\u00e4\u00e4syn kansainv\u00e4liseen muuttovirkailijoiden verkostoon, joka voi tukea sen palveluja.<\/p>\n<p>Gil International Movers tarjoaa ovelta ovelle -palvelun, johon kuuluu ammattimainen pakkauspalvelu, jonka koulutettu henkil\u00f6kunta suojelee tavarasi korkeatasoisesti ja huolehtii erityisesti hauraiden esineiden k\u00e4sittelyst\u00e4. He tarjoavat erilaisia lis\u00e4palveluja, joihin kuuluvat taideteosten k\u00e4sittely, lemmikkiel\u00e4inten siirrot, ajoneuvojen siirrot, tilap\u00e4inen huonekalujen vuokraus ja lyhytaikaiset ja pitk\u00e4aikaiset varastointitilat.<\/p>\n<p>Verkkosivusto: <a href=\"http:\/\/www.gilmovers.com\" target=\"_blank\" rel=\"noopener\">http:\/\/www.gilmovers.com<\/a><\/p>\n<h2><span class=\"ez-toc-section\" id=\"6_Global_Moving\"><\/span><strong>6. Maailmanlaajuinen liikkuminen<\/strong><span class=\"ez-toc-section-end\"><\/span><\/h2>\n<p><img loading=\"lazy\" decoding=\"async\" class=\"alignnone size-full wp-image-8808\" src=\"https:\/\/moverdb.com\/wp-content\/uploads\/Global-Moving-international-moving-company-1.png\" alt=\"Global Moving kansainv\u00e4linen muuttofirma\" width=\"1440\" height=\"681\" data-wp-pid=\"8808\" srcset=\"https:\/\/moverdb.com\/wp-content\/uploads\/Global-Moving-international-moving-company-1.png 1440w, https:\/\/moverdb.com\/wp-content\/uploads\/Global-Moving-international-moving-company-1-300x142.png 300w, https:\/\/moverdb.com\/wp-content\/uploads\/Global-Moving-international-moving-company-1-1024x484.png 1024w, https:\/\/moverdb.com\/wp-content\/uploads\/Global-Moving-international-moving-company-1-18x9.png 18w, https:\/\/moverdb.com\/wp-content\/uploads\/Global-Moving-international-moving-company-1-600x284.png 600w\" sizes=\"auto, (max-width: 1440px) 100vw, 1440px\" \/><\/p>\n<ul>\n<li>Kansalliset ja paikalliset siirrot<\/li>\n<li>Kansainv\u00e4liset siirrot<\/li>\n<li>Asuntojen muutot<\/li>\n<li>Toimiston muutot<\/li>\n<li>Kansainv\u00e4linen koordinaattori<\/li>\n<li>Pakkauspalvelu<\/li>\n<li>Kuljetusten koordinointi<\/li>\n<li>Tullimenettelyt<\/li>\n<li>Vakuutus<\/li>\n<li>Varastointitilat<\/li>\n<\/ul>\n<p>Global Moving on Limassa toimiva kansainv\u00e4linen muuttofirma. Heill\u00e4 on p\u00e4tev\u00e4 henkil\u00f6kunta ja infrastruktuuri kansainv\u00e4listen muuttojen toteuttamiseen, sill\u00e4 heill\u00e4 on edustajien verkosto ymp\u00e4ri maailmaa. He ovat IAM:n j\u00e4sen, jolla on seitsem\u00e4n vuoden kokemus.<\/p>\n<p>Global Moving tarjoaa muuttopalveluja asuin- ja toimistoasiakkaille kansallisesti ja kansainv\u00e4lisesti. He tarjoavat pakkauspalvelua, jossa k\u00e4ytet\u00e4\u00e4n huolellisesti valittuja materiaaleja, ja laativat pakkausluettelon ja inventaarion. He hoitavat tarvittavat tullimenettelyt ja tulliselvitykset. Perill\u00e4 he purkavat pakkaukset ja asentavat huonekalut paikoilleen.<\/p>\n<p>Verkkosivusto: <a href=\"http:\/\/www.globalperumoving.com\" target=\"_blank\" rel=\"noopener\">http:\/\/www.globalperumoving.com<\/a><\/p>\n<h2><span class=\"ez-toc-section\" id=\"7_Moving_Systems\"><\/span><strong>7. Liikkuvat j\u00e4rjestelm\u00e4t<\/strong><span class=\"ez-toc-section-end\"><\/span><\/h2>\n<p><img loading=\"lazy\" decoding=\"async\" class=\"alignnone size-full wp-image-8830\" src=\"https:\/\/moverdb.com\/wp-content\/uploads\/Moving-Systems-international-moving-company.png\" alt=\"Moving Systems kansainv\u00e4linen muuttofirma\" width=\"1440\" height=\"680\" data-wp-pid=\"8830\" srcset=\"https:\/\/moverdb.com\/wp-content\/uploads\/Moving-Systems-international-moving-company.png 1440w, https:\/\/moverdb.com\/wp-content\/uploads\/Moving-Systems-international-moving-company-300x142.png 300w, https:\/\/moverdb.com\/wp-content\/uploads\/Moving-Systems-international-moving-company-1024x484.png 1024w, https:\/\/moverdb.com\/wp-content\/uploads\/Moving-Systems-international-moving-company-18x9.png 18w, https:\/\/moverdb.com\/wp-content\/uploads\/Moving-Systems-international-moving-company-600x283.png 600w\" sizes=\"auto, (max-width: 1440px) 100vw, 1440px\" \/><\/p>\n<ul>\n<li>Paikalliset ja kansalliset muutot<\/li>\n<li>Kansainv\u00e4liset muutot<\/li>\n<li>Kotitalouksien muutot<\/li>\n<li>Toimiston muutot<\/li>\n<li>Pakkauspalvelu<\/li>\n<li>Kuljetusten suunnittelu<\/li>\n<li>Tullin tuki<\/li>\n<li>Ajoneuvojen siirrot<\/li>\n<li>Lemmikkiel\u00e4inten kuljetus<\/li>\n<li>Varastointitilat<\/li>\n<\/ul>\n<p>Moving Systems tarjoaa muutto-, pakkaus- ja varastointipalveluja Perussa, Peruun ja Perusta. Yrityksell\u00e4 on yli 20 vuoden kokemus, ja sen toimipaikka on Limassa. He ovat IAM:n j\u00e4sen, mik\u00e4 antaa heille p\u00e4\u00e4syn kansainv\u00e4liseen muuttovirkailijoiden verkostoon, joka auttaa heit\u00e4 tarjoamaan palvelujaan kaikkialla maailmassa.<\/p>\n<p>Moving Systems tarjoaa paikallisia, kansallisia ja kansainv\u00e4lisi\u00e4 muuttoja kotitalouksille ja toimistoille. He suunnittelevat muuttosi huolellisesti, mukaan lukien parhaan reitin ja optimaaliset kuljetusolosuhteet tavaroillesi. He avustavat sinua tullis\u00e4\u00e4nn\u00f6sten noudattamisessa ja varmistavat, ett\u00e4 tavarasi saapuvat perille turvallisesti.<\/p>\n<p>Verkkosivusto: <a href=\"http:\/\/www.movisystems.com\" target=\"_blank\" rel=\"noopener\">http:\/\/www.movisystems.com<\/a><\/p>\n<h2><span class=\"ez-toc-section\" id=\"8_Security_International_Moving\"><\/span><strong>8. Turvallisuus Kansainv\u00e4linen muuttoliike<\/strong><span class=\"ez-toc-section-end\"><\/span><\/h2>\n<p><img loading=\"lazy\" decoding=\"async\" class=\"alignnone size-full wp-image-8854\" src=\"https:\/\/moverdb.com\/wp-content\/uploads\/Security-International-Moving-company.png\" alt=\"Turvallisuus Kansainv\u00e4linen muuttoliikeyritys\" width=\"1440\" height=\"685\" data-wp-pid=\"8854\" srcset=\"https:\/\/moverdb.com\/wp-content\/uploads\/Security-International-Moving-company.png 1440w, https:\/\/moverdb.com\/wp-content\/uploads\/Security-International-Moving-company-300x143.png 300w, https:\/\/moverdb.com\/wp-content\/uploads\/Security-International-Moving-company-1024x487.png 1024w, https:\/\/moverdb.com\/wp-content\/uploads\/Security-International-Moving-company-18x9.png 18w, https:\/\/moverdb.com\/wp-content\/uploads\/Security-International-Moving-company-600x285.png 600w\" sizes=\"auto, (max-width: 1440px) 100vw, 1440px\" \/><\/p>\n<ul>\n<li>Kansalliset siirrot<\/li>\n<li>Kansainv\u00e4liset siirrot<\/li>\n<li>Kotitalouksien muutot<\/li>\n<li>Yrityssiirrot<\/li>\n<li>Muuttopalvelut<\/li>\n<li>Kuljetuksen j\u00e4rjest\u00e4minen<\/li>\n<li>Tukea asiakirjojen avulla<\/li>\n<li>Taiteen ja antiikkiesineiden k\u00e4sittely<\/li>\n<li>Lemmikkiel\u00e4inten siirrot<\/li>\n<li>Turvalliset varastotilat<\/li>\n<\/ul>\n<p>Security International Moving on kansallinen ja kansainv\u00e4linen muuttopalvelujen tarjoaja, joka on perustettu Limassa vuonna 1969. He ty\u00f6skentelev\u00e4t edustajien verkoston kanssa, joka voi auttaa sinua muuttamaan mihin tahansa kohteeseen ja mist\u00e4 tahansa kohteesta maailmassa. He ovat IAM:n j\u00e4sen, jolla on 54 vuoden kokemus, ja FIDI on akkreditoinut heid\u00e4t.<\/p>\n<p>Security International Moving tarjoaa muutto- ja siirtopalveluja Perussa, Peruun ja Perusta. He j\u00e4rjest\u00e4v\u00e4t omaisuutesi kuljetuksen turvallisesti m\u00e4\u00e4r\u00e4np\u00e4\u00e4h\u00e4si ja neuvovat tarvittavien asiakirjojen suhteen. He tarjoavat muuttopalveluja, jotka tarjoavat opastusta ja apua, jotta ihmiset voivat muuttaa ja asettua uuteen kotiinsa.<\/p>\n<p>Verkkosivusto: <a href=\"http:\/\/www.simoving.com.pe\" target=\"_blank\" rel=\"noopener\">http:\/\/www.simoving.com.pe<\/a><\/p>\n<h2><span class=\"ez-toc-section\" id=\"9_World_Shipping_The_Movers\"><\/span><strong>9. World Shipping The Movers<\/strong><span class=\"ez-toc-section-end\"><\/span><\/h2>\n<p><img loading=\"lazy\" decoding=\"async\" class=\"alignnone size-full wp-image-8878\" src=\"https:\/\/moverdb.com\/wp-content\/uploads\/World-Shipping-international-moving-company.png\" alt=\"World Shipping kansainv\u00e4linen muuttoliikeyritys\" width=\"1440\" height=\"681\" data-wp-pid=\"8878\" srcset=\"https:\/\/moverdb.com\/wp-content\/uploads\/World-Shipping-international-moving-company.png 1440w, https:\/\/moverdb.com\/wp-content\/uploads\/World-Shipping-international-moving-company-300x142.png 300w, https:\/\/moverdb.com\/wp-content\/uploads\/World-Shipping-international-moving-company-1024x484.png 1024w, https:\/\/moverdb.com\/wp-content\/uploads\/World-Shipping-international-moving-company-18x9.png 18w, https:\/\/moverdb.com\/wp-content\/uploads\/World-Shipping-international-moving-company-600x284.png 600w\" sizes=\"auto, (max-width: 1440px) 100vw, 1440px\" \/><\/p>\n<ul>\n<li>Paikalliset ja kansalliset muutot<\/li>\n<li>Kansainv\u00e4liset muutot<\/li>\n<li>Asuntojen muutot<\/li>\n<li>Toimiston muutot<\/li>\n<li>Pakkauspalvelu<\/li>\n<li>Varastointi ja seuranta<\/li>\n<li>Maa-, meri- ja ilmakuljetukset<\/li>\n<li>Vienti- ja tuontitullien k\u00e4sittely<\/li>\n<li>Taideteoksen siirt\u00e4minen<\/li>\n<li>Varastointitilat<\/li>\n<\/ul>\n<p>World Shipping The Movers on San Isidrossa toimiva muutto- ja siirtoyritys, jolla on yli 47 vuoden kokemus. He ty\u00f6skentelev\u00e4t 1 000 p\u00e4tev\u00e4n edustajan kanssa eri puolilla maailmaa, jotka tukevat heit\u00e4 muutoissa mihin tahansa maahan, ja he ovat IAM:n j\u00e4sen.<\/p>\n<p>World Shipping The Movers tarjoaa pakkauspalvelua, jossa on koulutettua henkil\u00f6kuntaa ja erikoismateriaaleja, mukaan lukien hauraiden esineiden suojaaminen. He valmistelevat kaikki asiakirjat l\u00e4hetyksi\u00e4 varten, mukaan lukien tullimenettelyt. He seuraavat l\u00e4hetyst\u00e4si ja antavat p\u00e4ivityksi\u00e4. Saapuessasi he purkavat tavarasi ja poistavat mahdolliset j\u00e4temateriaalit.<\/p>\n<p>Verkkosivusto: <a href=\"http:\/\/www.wsthemovers.com.pe\" target=\"_blank\" rel=\"noopener\">http:\/\/www.wsthemovers.com.pe<\/a><\/p>","protected":false},"excerpt":{"rendered":"<p>Moving can be a hectic time with so much to organise especially if you are moving countries and have paperwork to complete. This is where a moving company can assist in making the move easier. Below we have compiled a list of Peruvian removal companies that are members of the International Association of Movers (IAM) [&hellip;]<\/p>\n","protected":false},"author":4,"featured_media":0,"parent":190,"menu_order":0,"comment_status":"closed","ping_status":"closed","template":"","meta":{"_genesis_hide_title":false,"_genesis_hide_breadcrumbs":false,"_genesis_hide_singular_image":false,"_genesis_hide_footer_widgets":false,"_genesis_custom_body_class":"","_genesis_custom_post_class":"","_genesis_layout":"","footnotes":""},"class_list":{"0":"post-8910","1":"page","2":"type-page","3":"status-publish","5":"entry","6":"has-post-thumbnail"},"_links":{"self":[{"href":"https:\/\/moverdb.com\/fi\/wp-json\/wp\/v2\/pages\/8910","targetHints":{"allow":["GET"]}}],"collection":[{"href":"https:\/\/moverdb.com\/fi\/wp-json\/wp\/v2\/pages"}],"about":[{"href":"https:\/\/moverdb.com\/fi\/wp-json\/wp\/v2\/types\/page"}],"author":[{"embeddable":true,"href":"https:\/\/moverdb.com\/fi\/wp-json\/wp\/v2\/users\/4"}],"replies":[{"embeddable":true,"href":"https:\/\/moverdb.com\/fi\/wp-json\/wp\/v2\/comments?post=8910"}],"version-history":[{"count":1,"href":"https:\/\/moverdb.com\/fi\/wp-json\/wp\/v2\/pages\/8910\/revisions"}],"predecessor-version":[{"id":8911,"href":"https:\/\/moverdb.com\/fi\/wp-json\/wp\/v2\/pages\/8910\/revisions\/8911"}],"up":[{"embeddable":true,"href":"https:\/\/moverdb.com\/fi\/wp-json\/wp\/v2\/pages\/190"}],"wp:attachment":[{"href":"https:\/\/moverdb.com\/fi\/wp-json\/wp\/v2\/media?parent=8910"}],"curies":[{"name":"wp","href":"https:\/\/api.w.org\/{rel}","templated":true}]}}