{"id":891,"date":"2016-09-03T21:06:56","date_gmt":"2016-09-03T21:06:56","guid":{"rendered":"http:\/\/moverdb.com\/?page_id=891"},"modified":"2026-01-08T14:47:50","modified_gmt":"2026-01-08T14:47:50","slug":"bournes","status":"publish","type":"page","link":"https:\/\/moverdb.com\/fi\/bournes\/","title":{"rendered":"Bournes Moves: International Moving &amp; Removals Reviews"},"content":{"rendered":"<p>Bournes tarjoaa asiakkailleen valikoiman <a href=\"https:\/\/moverdb.com\/fi\/international-removals\/\" data-internallinksmanager029f6b8e52c=\"27\" title=\"36 Parhaat kansainv\u00e4liset muuttoyritykset Yhdistyneess\u00e4 kuningaskunnassa\">kansainv\u00e4liset muutot<\/a> j\u00e4ljemp\u00e4n\u00e4 lueteltuja ulkomailla tapahtuvaan muuttoon liittyvi\u00e4 palveluja. Seuraavassa on my\u00f6s yrityksen profiili ja arvosteluja.<\/p>\n<p><strong>Kansainv\u00e4linen muuttaminen<\/strong><\/p>\n<ul>\n<li> T\u00e4ydellinen pakkauspalvelu<\/li>\n<li> Osapakkauspalvelu<\/li>\n<li> Itsepakkaus<\/li>\n<li> Huonekalujen erityishuoltoon tarkoitettu vientipakkaus<\/li>\n<li> Apu dokumentoinnissa<\/li>\n<li> Kokoelma<\/li>\n<li> Kuljetus laivalla - <a href=\"https:\/\/moverdb.com\/fi\/konttikuljetukset\/\">t\u00e4yden kontin merenkulku<\/a>, osakuorma, puinen kontti<\/li>\n<li> Lentorahti<\/li>\n<li> Lemmikkiel\u00e4inten uudelleensijoittaminen<\/li>\n<li> <a href=\"https:\/\/moverdb.com\/fi\/auto-kuljetus-kuljetus\/\">Ajoneuvon siirt\u00e4minen<\/a><\/li>\n<li> Siivouspalvelu<\/li>\n<li> Korjausmiespalvelu<\/li>\n<li> J\u00e4rjestetty vakuutus<\/li>\n<\/ul>\n<p><strong>Muuttoapu<\/strong><\/p>\n<ul>\n<li> L\u00e4ht\u00f6\u00e4 edelt\u00e4v\u00e4\u00e4n suunnitteluun sis\u00e4ltyy tarpeiden arviointi (koulut jne.).<\/li>\n<li> Kulttuurienv\u00e4linen koulutus<\/li>\n<li> Look-see-ohjelma<\/li>\n<li> Kodin l\u00f6yt\u00e4minen ja perehdytyspalvelu<\/li>\n<li> Kouluhaku<\/li>\n<li> Palveluun asettuminen<\/li>\n<li> Liiketoimintatavat<\/li>\n<li> Palauttamisapu<\/li>\n<\/ul>\n<p><strong>Kaupalliset muutot<\/strong><\/p>\n<ul>\n<li> Projektinhallinta<\/li>\n<li> Muuttoa edelt\u00e4v\u00e4 suunnittelu<\/li>\n<li> Pakkaus- ja purkamispalvelut<\/li>\n<li> Varastointi<\/li>\n<li> Kuljetus maailmanlaajuisesti<\/li>\n<li> Sis\u00e4toimitus<\/li>\n<li> Asennus ja kokoonpano<\/li>\n<li> K\u00e4\u00e4nteinen logistiikka ja realisoinnit<\/li>\n<\/ul>\n<p><strong>Varastointi<\/strong><\/p>\n<ul>\n<li> Yli 1200 toimipistett\u00e4 6 maanosassa<\/li>\n<li> Pitk\u00e4ll\u00e4 ja lyhyell\u00e4 aikav\u00e4lill\u00e4<\/li>\n<li> CCTV 24\/7 tai turvaryhm\u00e4t<\/li>\n<li> Kaikki turvalliset sijainnit<\/li>\n<\/ul>\n<h2>Bournes Yrityksen profiili<\/h2>\n<p>Thomas Bourne perusti Bournesin vuonna 1875 yleiseksi kuljetusyhti\u00f6ksi, joka toimitti tavaroita ja hiilt\u00e4. Toisen maailmansodan j\u00e4lkeen yritys laajensi toimintaansa muuttoihin ja varastointiin. Yritys kasvoi huomattavasti 1960- ja 70-luvuilla ostamalla pienempi\u00e4 yrityksi\u00e4 ja rakentamalla erityisi\u00e4 varastotiloja.<\/p>\n<p>Bournes aloitti Euroopan-liikkeet vuonna 1993, ja vuonna 2001 he aloittivat <a href=\"https:\/\/moverdb.com\/fi\/muuttoyritykset\/\">kansainv\u00e4linen muutto<\/a>. He pystyiv\u00e4t nyt siirt\u00e4m\u00e4\u00e4n ihmisi\u00e4 ja yrityksi\u00e4 1500 paikkaan yli 120 maassa.<\/p>\n<p>Yritys on edelleen perheyritys, jota johtaa Bournesien viides sukupolvi, jonka perhe- ja yritysarvoja ovat rehellisyys, rehellisyys ja avoimuus. Bournesilla on omistautunut, hyvin koulutettu henkil\u00f6kunta, joka on yhteydess\u00e4 satoihin maailmanlaajuisiin muuttoasiantuntijoihin ymp\u00e4ri maailmaa.<\/p>\n<p>Bournesilla on seuraavat akkreditoinnit ja j\u00e4senyydet:<\/p>\n<ul>\n<li> <a href=\"https:\/\/moverdb.com\/fi\/harmony-relocation-network\/\">Harmony Relocation Network<\/a><\/li>\n<li> Brittil\u00e4inen ISO 9001:2008 -standardin mukainen muuttofirma<\/li>\n<li> <a href=\"https:\/\/moverdb.com\/fi\/british-association-of-removers\/\">British Association of Removers<\/a> (<a href=\"https:\/\/moverdb.com\/fi\/british-association-of-removers\/\" data-internallinksmanager029f6b8e52c=\"9\" title=\"British Association of Removers (BAR) selitetty\">BAR<\/a>)<\/li>\n<li> <a href=\"https:\/\/moverdb.com\/fi\/bar-overseas\/\">British Association of Removers Overseas Group -ryhm\u00e4<\/a><\/li>\n<li> Mik\u00e4? Trusted Trader<\/li>\n<li> <a href=\"https:\/\/moverdb.com\/fi\/fidi-faim\/\">FIDI<\/a><\/li>\n<li> <a href=\"https:\/\/moverdb.com\/fi\/fidi-faim\/\" data-internallinksmanager029f6b8e52c=\"16\" title=\"FIDI &amp; FAIM (FIDI Accredited International Mover) selitettyin\u00e4\">FAIM<\/a><\/li>\n<li> The <a href=\"https:\/\/moverdb.com\/fi\/olen\/\">Kansainv\u00e4linen muuttajien liitto<\/a> (<a href=\"https:\/\/moverdb.com\/fi\/iam\/\" data-internallinksmanager029f6b8e52c=\"23\" title=\"Kansainv\u00e4linen muuttajien liitto (IAM) selitetty\">IAM<\/a>)<\/li>\n<li> <a href=\"https:\/\/moverdb.com\/fi\/eura\/\">European Relocation Association<\/a> (<a href=\"https:\/\/moverdb.com\/fi\/eura\/\" data-internallinksmanager029f6b8e52c=\"13\" title=\"European Relocation Association (EuRA) selitetty\">EuRA<\/a>)<\/li>\n<li> <a href=\"https:\/\/moverdb.com\/fi\/mtc\/\">The Movers Trading Club<\/a> (<a href=\"https:\/\/moverdb.com\/fi\/mtc\/\" data-internallinksmanager029f6b8e52c=\"30\" title=\"Movers Trading Club (MTC) selitetty\">MTC<\/a>)<\/li>\n<\/ul>\n<h2>Bournes Moves Arvostelut<\/h2>\n<p><strong>Positiivinen<\/strong><\/p>\n<ul>\n<li> <em>\"Bournes oli uskomaton alkuper\u00e4isest\u00e4 arvioinnista alkaen siit\u00e4, mit\u00e4 minun pit\u00e4isi ja mit\u00e4 minun ei pit\u00e4isi l\u00e4hett\u00e4\u00e4. <a href=\"https:\/\/moverdb.com\/fi\/moving-to-australia\/living-in-australia\/\" data-internallinksmanager029f6b8e52c=\"240\" title=\"21 salaisuuksia asumisesta Australiassa tiet\u00e4\u00e4 ennen muuttoa\">Australia<\/a>, pakkaaminen ja purkaminen Australiassa. Palvelu teki muutosta niin stressitt\u00f6m\u00e4n kuin t\u00e4llainen muutto voi olla, enk\u00e4 voi suositella heit\u00e4 tarpeeksi.\"<\/em> - kautta <a href=\"http:\/\/bournesmoves.com\/international-removals\/international-customer-reviews.htm\" target=\"_blank\" rel=\"noopener\">Bournes Review sivu<\/a><\/li>\n<li> <em>\"Nopea palvelu ja kilpailukykyiset hinnat. Tiimi oli eritt\u00e4in kohtelias ja avulias ja hoiti hyvin valmistumisp\u00e4iv\u00e4m\u00e4\u00e4r\u00e4mme muutokset. Lis\u00e4varastoa saatiin helposti y\u00f6n yli, jotta pystyimme siivoamaan uuden kiinteist\u00f6n ennen muuttoa. Kaiken kaikkiaan hyv\u00e4\u00e4 palvelua.\"<\/em> - kautta <a href=\"https:\/\/www.trustedmover.org\/questionnaire\/4587\" target=\"_blank\" rel=\"noopener\">BAR arvostelusivu<\/a><\/li>\n<li> <em>\"Erinomainen palvelu asiantuntevasta ja rauhoittavasta lainauksesta avuliaaseen ja yst\u00e4v\u00e4lliseen tiimiin, joka auttoi <a href=\"https:\/\/moverdb.com\/fi\/moving-to-the-united-states\/\" data-internallinksmanager029f6b8e52c=\"94\" title=\"Muutatko Yhdysvaltoihin? 2022 Elinkustannukset ja muuttovinkit\">us<\/a> muuton my\u00f6t\u00e4\"<\/em> - Susanna kautta <a href=\"http:\/\/trustedtraders.which.co.uk\/businesses\/bournes-moves\/#reviews\" target=\"_blank\" rel=\"noopener\">Mik\u00e4?<\/a><\/li>\n<li> <em>\"Olin eritt\u00e4in tyytyv\u00e4inen. Varsinkin kun l\u00e4hetykseni saapui turvallisesti kotiini vuonna <a href=\"https:\/\/moverdb.com\/fi\/moving-to-the-uk\/\" data-internallinksmanager029f6b8e52c=\"93\" title=\"Muutatko Yhdistyneeseen kuningaskuntaan? 2022 Elinkustannukset ja muuttovinkit\">UK<\/a> koska miehist\u00f6 oli eritt\u00e4in kohteliasta ja eritt\u00e4in avuliasta.\"<\/em> - Susan kautta <a href=\"https:\/\/www.facebook.com\/BournesRemovals\/reviews\/\" target=\"_blank\" rel=\"noopener\">Facebook<\/a><\/li>\n<\/ul>\n<p><strong>Negatiivinen<\/strong><\/p>\n<ul>\n<li> \"Meill\u00e4 oli ep\u00e4onni valita Bournes, joka oli ensimm\u00e4inen muuttomme 19 vuoteen, joten se oli iso asia koko perheelle. Olkaa eritt\u00e4in varovaisia valitessanne t\u00e4m\u00e4n yrityksen.\"\" - Ali via <a href=\"http:\/\/www.removalreviews.co.uk\/movingreviews\/miserable-move-12090\" target=\"_blank\" rel=\"noopener\">Muutto Arvostelut<\/a><\/li>\n<\/ul>\n<div itemprop=\"review\" itemscope itemtype=\"http:\/\/schema.org\/Review\">\n<span itemprop=\"author\" itemscope=\"\" itemtype=\"http:\/\/schema.org\/Organization\"><span itemprop=\"name\">MoverDB.com<\/span><\/span> Verkkosivuston arvostelu <span itemprop=\"itemreviewed\" itemscope=\"\" itemtype=\"http:\/\/schema.org\/Brand\"><span itemprop=\"name\">Bournes Moves<\/span><\/span>:<\/p>\n<ol>\n<li> Selke\u00e4t yhteystiedot verkkosivustolla (my\u00f6s puhelinnumero): <strong>Kyll\u00e4<\/strong><\/li>\n<li> Helppo saada <a href=\"https:\/\/moverdb.com\/fi\/lainauksia\/\">kansainv\u00e4liset muutot tarjoukset<\/a>? (Online-arviolomake): <strong>Kyll\u00e4<\/strong><\/li>\n<li> Selke\u00e4t tiedot verkkosivustolla: <strong>Kyll\u00e4,<\/strong> Verkkosivusto sis\u00e4lt\u00e4\u00e4 melko paljon hy\u00f6dyllist\u00e4 tietoa.<\/li>\n<li> J\u00e4senyys kansainv\u00e4lisiss\u00e4 tunnustetuissa liikkuvissa j\u00e4rjest\u00f6iss\u00e4: <strong>Kyll\u00e4<\/strong>, ks. edell\u00e4.<\/li>\n<li> Luettelo asiakkaista ja\/tai aiempien asiakkaiden suosittelut: <strong>Joitakin,<\/strong> Sivustolla on asiakasarvosteluja, mutta niit\u00e4 ei ole helpointa l\u00f6yt\u00e4\u00e4, mik\u00e4 on outoa, koska ne ovat hyvin my\u00f6nteisi\u00e4.<\/li>\n<\/ol>\n<div itemprop=\"reviewRating\" itemscope itemtype=\"http:\/\/schema.org\/Rating\"><meta itemprop=\"worstRating\" content = \"0\" \/><meta itemprop=\"bestRating\" content=\"5\" \/><meta itemprop=\"ratingValue\" content=\"4.5\"><\/div>\n<p><strong>Yleisarvosana: 4.5\/5<\/strong><br \/>\n<strong>Tarkistusp\u00e4iv\u00e4:<\/strong> <span itemprop=\"datePublished\" content=\"2016-09-03\">03\/09\/2016<\/span>\n<\/div>\n<p>Lue lis\u00e4\u00e4 muista <a href=\"https:\/\/moverdb.com\/fi\/international-removals\/\">muuttoyritykset<\/a> ja lis\u00e4\u00e4 meid\u00e4n <a href=\"https:\/\/moverdb.com\/fi\/arvostelut\/\">tarkistusprosessi<\/a>.<\/p>\n<p><strong>Verkkosivusto:<\/strong> <a href=\"http:\/\/bournesmoves.com\" target=\"_blank\" rel=\"noopener\">http:\/\/bournesmoves.com<\/a><\/p>","protected":false},"excerpt":{"rendered":"<p>Bournes offers its clients a selection of international removals services for moving overseas which are listed below. There also follows a company profile and reviews. International Moving Full packing service Part packing service Self-packing Special care furniture export wrapping Assistance with documentation Collection Transport by ship &#8211; full container shipping, part load, wooden container Airfreight [&hellip;]<\/p>\n","protected":false},"author":1,"featured_media":0,"parent":0,"menu_order":0,"comment_status":"closed","ping_status":"closed","template":"","meta":{"_genesis_hide_title":false,"_genesis_hide_breadcrumbs":false,"_genesis_hide_singular_image":false,"_genesis_hide_footer_widgets":false,"_genesis_custom_body_class":"","_genesis_custom_post_class":"","_genesis_layout":"","footnotes":""},"class_list":{"0":"post-891","1":"page","2":"type-page","3":"status-publish","5":"entry"},"_links":{"self":[{"href":"https:\/\/moverdb.com\/fi\/wp-json\/wp\/v2\/pages\/891","targetHints":{"allow":["GET"]}}],"collection":[{"href":"https:\/\/moverdb.com\/fi\/wp-json\/wp\/v2\/pages"}],"about":[{"href":"https:\/\/moverdb.com\/fi\/wp-json\/wp\/v2\/types\/page"}],"author":[{"embeddable":true,"href":"https:\/\/moverdb.com\/fi\/wp-json\/wp\/v2\/users\/1"}],"replies":[{"embeddable":true,"href":"https:\/\/moverdb.com\/fi\/wp-json\/wp\/v2\/comments?post=891"}],"version-history":[{"count":6,"href":"https:\/\/moverdb.com\/fi\/wp-json\/wp\/v2\/pages\/891\/revisions"}],"predecessor-version":[{"id":6185,"href":"https:\/\/moverdb.com\/fi\/wp-json\/wp\/v2\/pages\/891\/revisions\/6185"}],"wp:attachment":[{"href":"https:\/\/moverdb.com\/fi\/wp-json\/wp\/v2\/media?parent=891"}],"curies":[{"name":"wp","href":"https:\/\/api.w.org\/{rel}","templated":true}]}}