{"id":8908,"date":"2023-04-27T14:29:46","date_gmt":"2023-04-27T14:29:46","guid":{"rendered":"https:\/\/moverdb.com\/?page_id=8908"},"modified":"2026-01-08T15:29:02","modified_gmt":"2026-01-08T15:29:02","slug":"moving-companies-panama","status":"publish","type":"page","link":"https:\/\/moverdb.com\/fi\/moving-companies\/moving-companies-panama\/","title":{"rendered":"5 parasta kansainv\u00e4list\u00e4 muuttoa harjoittavaa yrityst\u00e4 Panamassa"},"content":{"rendered":"<p>Oletko muuttamassa kotiin tai toimistoon sis\u00e4ll\u00e4, sinne tai sielt\u00e4 pois? <a href=\"https:\/\/moverdb.com\/fi\/moving-to-panama\/\" data-internallinksmanager029f6b8e52c=\"432\" title=\"Muutatko Panamaan? 2023 Elinkustannukset ja muuttovinkit\">Panama<\/a>? Silloin saatat haluta palkata palveluksiaan <a href=\"https:\/\/moverdb.com\/fi\/moving-companies\/\" data-internallinksmanager029f6b8e52c=\"79\" title=\"Top 25 Kansainv\u00e4list\u00e4 muuttoyrityksi\u00e4 verkossa\">muuttofirma<\/a> auttaa sinua pakkaamisessa, kuljetuksen j\u00e4rjest\u00e4misess\u00e4 ja kansainv\u00e4listen muuttojen asiakirjojen j\u00e4rjest\u00e4misess\u00e4. Olemme koonneet alla olevan luettelon Panamassa toimivista yrityksist\u00e4. <a href=\"https:\/\/moverdb.com\/fi\/international-removals\/\" data-internallinksmanager029f6b8e52c=\"27\" title=\"36 Parhaat kansainv\u00e4liset muuttoyritykset Yhdistyneess\u00e4 kuningaskunnassa\">muuttofirmat<\/a> jotka ovat j\u00e4seni\u00e4 <a href=\"https:\/\/moverdb.com\/fi\/iam\/\" data-internallinksmanager029f6b8e52c=\"23\" title=\"Kansainv\u00e4linen muuttajien liitto (IAM) selitetty\">Kansainv\u00e4linen muuttajien liitto<\/a> (IAM) ja\/tai <a href=\"https:\/\/moverdb.com\/fi\/fidi-faim\/\" data-internallinksmanager029f6b8e52c=\"16\" title=\"FIDI &amp; FAIM (FIDI Accredited International Mover) selitettyin\u00e4\">FIDI<\/a> Accredited International Mover (FAIM), joka voi auttaa sinua muutossasi.<\/p>\n<div id=\"ez-toc-container\" class=\"ez-toc-v2_0_82_2 ez-toc-wrap-left counter-hierarchy ez-toc-counter ez-toc-transparent ez-toc-container-direction\">\n<div class=\"ez-toc-title-container\">\n<p class=\"ez-toc-title\" style=\"cursor:inherit\">Jaksot<\/p>\n<span class=\"ez-toc-title-toggle\"><a href=\"#\" class=\"ez-toc-pull-right ez-toc-btn ez-toc-btn-xs ez-toc-btn-default ez-toc-toggle\" aria-label=\"Sis\u00e4llysluettelon vaihtaminen\"><span class=\"ez-toc-js-icon-con\"><span class=\"\"><span class=\"eztoc-hide\" style=\"display:none;\">Toggle<\/span><span class=\"ez-toc-icon-toggle-span\"><svg style=\"fill: #999;color:#999\" xmlns=\"http:\/\/www.w3.org\/2000\/svg\" class=\"list-377408\" width=\"20px\" height=\"20px\" viewbox=\"0 0 24 24\" fill=\"none\"><path d=\"M6 6H4v2h2V6zm14 0H8v2h12V6zM4 11h2v2H4v-2zm16 0H8v2h12v-2zM4 16h2v2H4v-2zm16 0H8v2h12v-2z\" fill=\"currentColor\"><\/path><\/svg><svg style=\"fill: #999;color:#999\" class=\"arrow-unsorted-368013\" xmlns=\"http:\/\/www.w3.org\/2000\/svg\" width=\"10px\" height=\"10px\" viewbox=\"0 0 24 24\" version=\"1.2\" baseprofile=\"tiny\"><path d=\"M18.2 9.3l-6.2-6.3-6.2 6.3c-.2.2-.3.4-.3.7s.1.5.3.7c.2.2.4.3.7.3h11c.3 0 .5-.1.7-.3.2-.2.3-.5.3-.7s-.1-.5-.3-.7zM5.8 14.7l6.2 6.3 6.2-6.3c.2-.2.3-.5.3-.7s-.1-.5-.3-.7c-.2-.2-.4-.3-.7-.3h-11c-.3 0-.5.1-.7.3-.2.2-.3.5-.3.7s.1.5.3.7z\"\/><\/svg><\/span><\/span><\/span><\/a><\/span><\/div>\n<nav><ul class='ez-toc-list ez-toc-list-level-1 eztoc-toggle-hide-by-default' ><li class='ez-toc-page-1 ez-toc-heading-level-2'><a class=\"ez-toc-link ez-toc-heading-1\" href=\"https:\/\/moverdb.com\/fi\/moving-companies\/moving-companies-panama\/#1_Canal_Movers_Logistics\" >1. Canal Movers &amp; Logistics<\/a><\/li><li class='ez-toc-page-1 ez-toc-heading-level-2'><a class=\"ez-toc-link ez-toc-heading-2\" href=\"https:\/\/moverdb.com\/fi\/moving-companies\/moving-companies-panama\/#2_Logisfashion\" >2. Logisfashion<\/a><\/li><li class='ez-toc-page-1 ez-toc-heading-level-2'><a class=\"ez-toc-link ez-toc-heading-3\" href=\"https:\/\/moverdb.com\/fi\/moving-companies\/moving-companies-panama\/#3_Mudanzas_Express\" >3. Mudanzas Express<\/a><\/li><li class='ez-toc-page-1 ez-toc-heading-level-2'><a class=\"ez-toc-link ez-toc-heading-4\" href=\"https:\/\/moverdb.com\/fi\/moving-companies\/moving-companies-panama\/#4_Panama_Moving_Solutions\" >4. Panama Moving Solutions<\/a><\/li><li class='ez-toc-page-1 ez-toc-heading-level-2'><a class=\"ez-toc-link ez-toc-heading-5\" href=\"https:\/\/moverdb.com\/fi\/moving-companies\/moving-companies-panama\/#5_Panama_Packing_Storage\" >5. Panaman pakkaus ja varastointi<\/a><\/li><\/ul><\/nav><\/div>\n<h2><span class=\"ez-toc-section\" id=\"1_Canal_Movers_Logistics\"><\/span><strong>1. Canal Movers &amp; Logistics<\/strong><span class=\"ez-toc-section-end\"><\/span><\/h2>\n<p><img loading=\"lazy\" decoding=\"async\" class=\"alignnone size-full wp-image-8770\" src=\"https:\/\/moverdb.com\/wp-content\/uploads\/Canal-Movers-Logistics-international-moving-company.png\" alt=\"Canal Movers &amp; Logistics kansainv\u00e4linen muuttofirma\" width=\"1440\" height=\"679\" data-wp-pid=\"8770\" srcset=\"https:\/\/moverdb.com\/wp-content\/uploads\/Canal-Movers-Logistics-international-moving-company.png 1440w, https:\/\/moverdb.com\/wp-content\/uploads\/Canal-Movers-Logistics-international-moving-company-300x141.png 300w, https:\/\/moverdb.com\/wp-content\/uploads\/Canal-Movers-Logistics-international-moving-company-1024x483.png 1024w, https:\/\/moverdb.com\/wp-content\/uploads\/Canal-Movers-Logistics-international-moving-company-18x8.png 18w, https:\/\/moverdb.com\/wp-content\/uploads\/Canal-Movers-Logistics-international-moving-company-600x283.png 600w\" sizes=\"auto, (max-width: 1440px) 100vw, 1440px\" \/><\/p>\n<ul>\n<li>Paikalliset ja kansalliset siirrot<\/li>\n<li>Kansainv\u00e4liset muutot<\/li>\n<li>Kotitalouksien muutot<\/li>\n<li>Toimiston muutot<\/li>\n<li>R\u00e4\u00e4t\u00e4l\u00f6idyt palvelut<\/li>\n<li>Ammattimainen pakkauspalvelu<\/li>\n<li>Taideteosten k\u00e4sittely<\/li>\n<li>Ajoneuvojen ja lemmikkiel\u00e4inten kuljetus<\/li>\n<li>Vakuutus<\/li>\n<li>Varastointitilat<\/li>\n<\/ul>\n<p>Canal Movers &amp; Logistics on muutto- ja logistiikkayritys, joka palvelee monikansallisia yrityksi\u00e4 ja yksityishenkil\u00f6it\u00e4. He ty\u00f6skentelev\u00e4t maailmanlaajuisen logistiikka- ja muuttoagenttiverkoston kanssa. Se on IAM:n j\u00e4sen 22 vuoden ajan, ja se on FIDI:n akkreditoima.<\/p>\n<p>Canal Movers &amp; Logistics tarjoaa muuttokoordinaattorin, joka auttaa sinua paikallisessa, kansallisessa ja kansainv\u00e4lisess\u00e4 muutossa, olipa kyseess\u00e4 sitten kotisi tai yrityksesi muutto. He tarjoavat ammattitaitoista pakkauspalvelua, joka suojaa tavaroitasi kuljetuksen aikana ja tarjoaa vakuutusturvan. He tarjoavat my\u00f6s lis\u00e4palveluja, joihin kuuluvat huonekalujen vuokraus, autojen, moottoripy\u00f6rien ja veneiden kuljetus, lemmikkiel\u00e4inten kuljetus ja taideteosten k\u00e4sittely.<\/p>\n<p>Verkkosivusto: <a href=\"http:\/\/www.canalmovers.com\" target=\"_blank\" rel=\"noopener\">http:\/\/www.canalmovers.com<\/a><\/p>\n<h2><span class=\"ez-toc-section\" id=\"2_Logisfashion\"><\/span><strong>2. Logisfashion<\/strong><span class=\"ez-toc-section-end\"><\/span><\/h2>\n<p><img loading=\"lazy\" decoding=\"async\" class=\"alignnone size-full wp-image-8822\" src=\"https:\/\/moverdb.com\/wp-content\/uploads\/Logisfashion-international-moving-company.png\" alt=\"Logisfashion kansainv\u00e4linen muuttoyhti\u00f6\" width=\"1440\" height=\"680\" data-wp-pid=\"8822\" srcset=\"https:\/\/moverdb.com\/wp-content\/uploads\/Logisfashion-international-moving-company.png 1440w, https:\/\/moverdb.com\/wp-content\/uploads\/Logisfashion-international-moving-company-300x142.png 300w, https:\/\/moverdb.com\/wp-content\/uploads\/Logisfashion-international-moving-company-1024x484.png 1024w, https:\/\/moverdb.com\/wp-content\/uploads\/Logisfashion-international-moving-company-18x9.png 18w, https:\/\/moverdb.com\/wp-content\/uploads\/Logisfashion-international-moving-company-600x283.png 600w\" sizes=\"auto, (max-width: 1440px) 100vw, 1440px\" \/><\/p>\n<ul>\n<li>Kansallinen liikenne<\/li>\n<li>Kansainv\u00e4liset kuljetukset<\/li>\n<li>Yksityinen kuljetus<\/li>\n<li>Kaupalliset kuljetukset<\/li>\n<li>R\u00e4\u00e4t\u00e4l\u00f6ity ovelta ovelle -palvelu<\/li>\n<li>Erilaiset toimituskoot<\/li>\n<li>Lento-, meri- ja maakuljetukset<\/li>\n<li>Tullin tuki<\/li>\n<li>Vakuutus<\/li>\n<li>Varastointitilat<\/li>\n<\/ul>\n<p>Logisfashion on vuonna 1997 perustettu kansainv\u00e4linen logistiikkayritys, jolla on toimipisteit\u00e4 yhdeks\u00e4ss\u00e4 maassa eri puolilla maailmaa ja Panama Cityss\u00e4 sijaitseva Panama-toimisto. Se on IAM:n j\u00e4sen, jolla on 42 vuoden kokemus, mik\u00e4 antaa sille p\u00e4\u00e4syn kansainv\u00e4liseen muuttoagenttiverkostoon.<\/p>\n<p>Logisfashion tarjoaa kansainv\u00e4lisi\u00e4 lento-, meri- ja maakuljetuksia, jotka sis\u00e4lt\u00e4v\u00e4t sek\u00e4 t\u00e4ysi\u00e4 konttikuormia ett\u00e4 alle konttikuormia. Se tarjoaa r\u00e4\u00e4t\u00e4l\u00f6ity\u00e4 ovelta ovelle -palvelua, johon sis\u00e4ltyy l\u00e4hetyksen j\u00e4ljitett\u00e4vyys, tulliselvitys ja tavaravakuutus. He tarjoavat my\u00f6s varasto- ja varastointitiloja jakelun ja tuonti- tai vientitoiminnan tueksi.<\/p>\n<p>Verkkosivusto: <a href=\"http:\/\/www.logisfashion.com\" target=\"_blank\" rel=\"noopener\">http:\/\/www.logisfashion.com<\/a><\/p>\n<h2><span class=\"ez-toc-section\" id=\"3_Mudanzas_Express\"><\/span><strong>3. Mudanzas Express<\/strong><span class=\"ez-toc-section-end\"><\/span><\/h2>\n<p><img loading=\"lazy\" decoding=\"async\" class=\"alignnone size-full wp-image-8833\" src=\"https:\/\/moverdb.com\/wp-content\/uploads\/Mudanzas-Express-international-moving-company.png\" alt=\"Mudanzas Express kansainv\u00e4linen muuttofirma\" width=\"1440\" height=\"686\" data-wp-pid=\"8833\" srcset=\"https:\/\/moverdb.com\/wp-content\/uploads\/Mudanzas-Express-international-moving-company.png 1440w, https:\/\/moverdb.com\/wp-content\/uploads\/Mudanzas-Express-international-moving-company-300x143.png 300w, https:\/\/moverdb.com\/wp-content\/uploads\/Mudanzas-Express-international-moving-company-1024x488.png 1024w, https:\/\/moverdb.com\/wp-content\/uploads\/Mudanzas-Express-international-moving-company-18x9.png 18w, https:\/\/moverdb.com\/wp-content\/uploads\/Mudanzas-Express-international-moving-company-600x286.png 600w\" sizes=\"auto, (max-width: 1440px) 100vw, 1440px\" \/><\/p>\n<ul>\n<li>Paikalliset siirrot<\/li>\n<li>Kansainv\u00e4liset siirrot<\/li>\n<li>Kotitalouksien muutot<\/li>\n<li>Kaupalliset ja toimistosiirrot<\/li>\n<li>Ovelta ovelle -palvelu<\/li>\n<li>Valvottu hallinnointiprosessi<\/li>\n<li>Pakkauspalvelu<\/li>\n<li>Lento- ja merikuljetukset<\/li>\n<li>Tulliv\u00e4litys<\/li>\n<li>Autokuljetukset<\/li>\n<\/ul>\n<p>Mudanzas Express on Tocumenissa sijaitseva kansainv\u00e4linen muuttofirma, jolla on yli 12 vuoden kokemus. Se on IAM:n j\u00e4sen 15 vuoden ajan, ja t\u00e4m\u00e4 tarjoaa sille kansainv\u00e4lisen muuttovirkailijoiden verkoston, joka tukee sit\u00e4 palveluissa Panaman ulkopuolella.<\/p>\n<p>Mudanzas Express tarjoaa Panamaan tai Panamasta muuttaville muuttopalvelua, joka tarjoaa ovelta ovelle -palvelun. Se tarjoaa pakkauspalvelua, jolla suojellaan tavaroitasi kuljetuksen aikana, huonekalujen purkamista ja kokoamista sek\u00e4 hauraiden esineiden ja pianojen k\u00e4sittely\u00e4.  He j\u00e4rjest\u00e4v\u00e4t kuljetuksen ja hoitavat prosessin, mukaan lukien tulliv\u00e4litys.<\/p>\n<p>Verkkosivusto: <a href=\"http:\/\/www.mudanzasexpresspanama.com\" target=\"_blank\" rel=\"noopener\">http:\/\/www.mudanzasexpresspanama.com<\/a><\/p>\n<h2><span class=\"ez-toc-section\" id=\"4_Panama_Moving_Solutions\"><\/span><strong>4. Panama Moving Solutions<\/strong><span class=\"ez-toc-section-end\"><\/span><\/h2>\n<p><img loading=\"lazy\" decoding=\"async\" class=\"alignnone size-full wp-image-8843\" src=\"https:\/\/moverdb.com\/wp-content\/uploads\/Panama-Moving-Solutions-international-moving-company.png\" alt=\"Panama Moving Solutions kansainv\u00e4linen muuttofirma\" width=\"1440\" height=\"681\" data-wp-pid=\"8843\" srcset=\"https:\/\/moverdb.com\/wp-content\/uploads\/Panama-Moving-Solutions-international-moving-company.png 1440w, https:\/\/moverdb.com\/wp-content\/uploads\/Panama-Moving-Solutions-international-moving-company-300x142.png 300w, https:\/\/moverdb.com\/wp-content\/uploads\/Panama-Moving-Solutions-international-moving-company-1024x484.png 1024w, https:\/\/moverdb.com\/wp-content\/uploads\/Panama-Moving-Solutions-international-moving-company-18x9.png 18w, https:\/\/moverdb.com\/wp-content\/uploads\/Panama-Moving-Solutions-international-moving-company-600x284.png 600w\" sizes=\"auto, (max-width: 1440px) 100vw, 1440px\" \/><\/p>\n<ul>\n<li>Paikalliset ja kansalliset muutot<\/li>\n<li>Kansainv\u00e4liset muutot<\/li>\n<li>Kotitalouksien muutot<\/li>\n<li>Yritysten muutot<\/li>\n<li>Ovelta ovelle ja ovelta<a href=\"https:\/\/moverdb.com\/fi\/top-49-container-ports\/\" data-internallinksmanager029f6b8e52c=\"80\" title=\"Top 49 suurinta ja vilkkainta konttisatamaa vuonna 2025\">satama<\/a> palvelut<\/li>\n<li>Pakkauspalvelut<\/li>\n<li>Kuljetuksen j\u00e4rjest\u00e4minen<\/li>\n<li>Lemmikkiel\u00e4inten kuljetus<\/li>\n<li>Ajoneuvojen kuljetus<\/li>\n<li>Varastointitilat<\/li>\n<\/ul>\n<p>Panama Moving Solutions tarjoaa kansainv\u00e4lisi\u00e4 muuttoja ja rahtikuljetuksia yli 20 vuoden kokemuksella, ja se sijaitsee Panama Cityss\u00e4. He ty\u00f6skentelev\u00e4t kansainv\u00e4lisesti tunnustettujen muuttoagenttien kanssa, jotka tukevat heit\u00e4 palvelujen tarjoamisessa, ja he ovat IAM:n j\u00e4sen, jolla on kuusi vuotta palvelua.<\/p>\n<p>Panama Moving Solutions tarjoaa r\u00e4\u00e4t\u00e4l\u00f6ityj\u00e4 muuttoja Panaman sis\u00e4ll\u00e4, Panamaan ja Panamasta, jotka voivat olla ovelta ovelle tai ovelta satamaan -palveluja. He tarjoavat pakkauspalvelua, jossa k\u00e4ytet\u00e4\u00e4n parhaita pakkaustuotteita ja uusimpia pakkaustekniikoita vaurioiden ja kosteuden v\u00e4hent\u00e4miseksi. He tarjoavat lis\u00e4palveluita, joihin kuuluvat lemmikkiel\u00e4inten ja ajoneuvojen kuljetus sek\u00e4 varastointi.<\/p>\n<p>Verkkosivusto: <a href=\"http:\/\/www.pmovings.com\" target=\"_blank\" rel=\"noopener\">http:\/\/www.pmovings.com<\/a><\/p>\n<h2><span class=\"ez-toc-section\" id=\"5_Panama_Packing_Storage\"><\/span><strong>5. Panaman pakkaus ja varastointi<\/strong><span class=\"ez-toc-section-end\"><\/span><\/h2>\n<p><img loading=\"lazy\" decoding=\"async\" class=\"alignnone size-full wp-image-8844\" src=\"https:\/\/moverdb.com\/wp-content\/uploads\/Panama-Packing-Storage-international-moving-company.png\" alt=\"Panama Packing &amp; Storage kansainv\u00e4linen muuttoyhti\u00f6\" width=\"1440\" height=\"682\" data-wp-pid=\"8844\" srcset=\"https:\/\/moverdb.com\/wp-content\/uploads\/Panama-Packing-Storage-international-moving-company.png 1440w, https:\/\/moverdb.com\/wp-content\/uploads\/Panama-Packing-Storage-international-moving-company-300x142.png 300w, https:\/\/moverdb.com\/wp-content\/uploads\/Panama-Packing-Storage-international-moving-company-1024x485.png 1024w, https:\/\/moverdb.com\/wp-content\/uploads\/Panama-Packing-Storage-international-moving-company-18x9.png 18w, https:\/\/moverdb.com\/wp-content\/uploads\/Panama-Packing-Storage-international-moving-company-600x284.png 600w\" sizes=\"auto, (max-width: 1440px) 100vw, 1440px\" \/><\/p>\n<ul>\n<li>Paikalliset siirrot<\/li>\n<li>Kansainv\u00e4liset siirrot<\/li>\n<li>Kotitalouksien muutot<\/li>\n<li>Toimistopalvelut<\/li>\n<li>Ovelta ovelle tai ovelta satamaan -palvelut<\/li>\n<li>Pakkauspalvelu<\/li>\n<li>Tie-, meri- ja ilmakuljetukset<\/li>\n<li>Tuonti- ja vientituki<\/li>\n<li>Kuvataiteen k\u00e4sittely<\/li>\n<li>Lyhyest\u00e4 pitk\u00e4\u00e4n varastointitilat<\/li>\n<\/ul>\n<p>Panama Packing &amp; Storage on vuonna 1971 perustettu latinalaisamerikkalainen muuttofirma, jonka kotipaikka on Panama City. Heill\u00e4 on maailmanlaajuinen muuttovirkailijoiden verkosto, joka voi tukea heit\u00e4 palveluillaan toiminta-alueidensa ulkopuolella. He ovat IAM:n j\u00e4sen ja FIDI:n akkreditoimia.<\/p>\n<p>Panama Packing &amp; Storage tarjoaa kansainv\u00e4lisi\u00e4 siirtoja ja paikallisia siirtoja, joihin kuuluu my\u00f6s taidek\u00e4sittelypalvelu. He tarjoavat pakkaus- ja purkamispalvelua, joka sis\u00e4lt\u00e4\u00e4 hauraiden esineiden k\u00e4\u00e4rimisen ja hyllytt\u00e4misen. He tarjoavat turvallisia varastointitiloja, jotka soveltuvat lyhyen tai pitk\u00e4n aikav\u00e4lin ratkaisuihin.<\/p>\n<p>Verkkosivusto: <a href=\"http:\/\/www.panamapacking.com\" target=\"_blank\" rel=\"noopener\">http:\/\/www.panamapacking.com<\/a><\/p>","protected":false},"excerpt":{"rendered":"<p>Are you moving home or office within, to or from Panama? Then you may want to employ the services of a moving company to assist you with packing, organising transportation and arrangement of documentation for international moves. Below we have compiled a list of Panama based removal companies that are members of the International Association [&hellip;]<\/p>\n","protected":false},"author":4,"featured_media":0,"parent":190,"menu_order":0,"comment_status":"closed","ping_status":"closed","template":"","meta":{"_genesis_hide_title":false,"_genesis_hide_breadcrumbs":false,"_genesis_hide_singular_image":false,"_genesis_hide_footer_widgets":false,"_genesis_custom_body_class":"","_genesis_custom_post_class":"","_genesis_layout":"","footnotes":""},"class_list":{"0":"post-8908","1":"page","2":"type-page","3":"status-publish","5":"entry","6":"has-post-thumbnail"},"_links":{"self":[{"href":"https:\/\/moverdb.com\/fi\/wp-json\/wp\/v2\/pages\/8908","targetHints":{"allow":["GET"]}}],"collection":[{"href":"https:\/\/moverdb.com\/fi\/wp-json\/wp\/v2\/pages"}],"about":[{"href":"https:\/\/moverdb.com\/fi\/wp-json\/wp\/v2\/types\/page"}],"author":[{"embeddable":true,"href":"https:\/\/moverdb.com\/fi\/wp-json\/wp\/v2\/users\/4"}],"replies":[{"embeddable":true,"href":"https:\/\/moverdb.com\/fi\/wp-json\/wp\/v2\/comments?post=8908"}],"version-history":[{"count":1,"href":"https:\/\/moverdb.com\/fi\/wp-json\/wp\/v2\/pages\/8908\/revisions"}],"predecessor-version":[{"id":8909,"href":"https:\/\/moverdb.com\/fi\/wp-json\/wp\/v2\/pages\/8908\/revisions\/8909"}],"up":[{"embeddable":true,"href":"https:\/\/moverdb.com\/fi\/wp-json\/wp\/v2\/pages\/190"}],"wp:attachment":[{"href":"https:\/\/moverdb.com\/fi\/wp-json\/wp\/v2\/media?parent=8908"}],"curies":[{"name":"wp","href":"https:\/\/api.w.org\/{rel}","templated":true}]}}