{"id":8906,"date":"2023-04-27T14:30:32","date_gmt":"2023-04-27T14:30:32","guid":{"rendered":"https:\/\/moverdb.com\/?page_id=8906"},"modified":"2026-01-08T15:24:24","modified_gmt":"2026-01-08T15:24:24","slug":"moving-companies-paraguay","status":"publish","type":"page","link":"https:\/\/moverdb.com\/fi\/moving-companies\/moving-companies-paraguay\/","title":{"rendered":"3 parasta kansainv\u00e4list\u00e4 muuttoa harjoittavaa yrityst\u00e4 Paraguayssa"},"content":{"rendered":"<p>Suunnitteletko muuttoa Paraguayn sis\u00e4ll\u00e4, sinne tai sielt\u00e4? Jos tarvitset apua pakkaamisessa ja muuton j\u00e4rjest\u00e4misess\u00e4, erityisesti jos muutat maasta toiseen ja sinun on t\u00e4ytett\u00e4v\u00e4 tuonti- ja vientipaperit. Alla on luettelo Paraguayhin sijoittautuneista yrityksist\u00e4. <a href=\"https:\/\/moverdb.com\/fi\/international-removals\/\" data-internallinksmanager029f6b8e52c=\"27\" title=\"36 Parhaat kansainv\u00e4liset muuttoyritykset Yhdistyneess\u00e4 kuningaskunnassa\">muuttofirmat<\/a> jotka ovat j\u00e4seni\u00e4 <a href=\"https:\/\/moverdb.com\/fi\/iam\/\" data-internallinksmanager029f6b8e52c=\"23\" title=\"Kansainv\u00e4linen muuttajien liitto (IAM) selitetty\">Kansainv\u00e4linen muuttajien liitto<\/a> (IAM) ja\/tai <a href=\"https:\/\/moverdb.com\/fi\/fidi-faim\/\" data-internallinksmanager029f6b8e52c=\"16\" title=\"FIDI &amp; FAIM (FIDI Accredited International Mover) selitettyin\u00e4\">FIDI<\/a> Accredited International Mover (FAIM), joka voi auttaa sinua muutossasi.<\/p>\n<h2><strong>1. Servimex<\/strong><\/h2>\n<p><img loading=\"lazy\" decoding=\"async\" class=\"alignnone size-full wp-image-8856\" src=\"https:\/\/moverdb.com\/wp-content\/uploads\/Servimex-international-moving-company.png\" alt=\"Servimex kansainv\u00e4linen muuttoliikeyritys\" width=\"1440\" height=\"674\" data-wp-pid=\"8856\" srcset=\"https:\/\/moverdb.com\/wp-content\/uploads\/Servimex-international-moving-company.png 1440w, https:\/\/moverdb.com\/wp-content\/uploads\/Servimex-international-moving-company-300x140.png 300w, https:\/\/moverdb.com\/wp-content\/uploads\/Servimex-international-moving-company-1024x479.png 1024w, https:\/\/moverdb.com\/wp-content\/uploads\/Servimex-international-moving-company-18x8.png 18w, https:\/\/moverdb.com\/wp-content\/uploads\/Servimex-international-moving-company-600x281.png 600w\" sizes=\"auto, (max-width: 1440px) 100vw, 1440px\" \/><\/p>\n<ul>\n<li>Paikalliset kansalliset muutot<\/li>\n<li>Kansainv\u00e4liset muutot<\/li>\n<li>Asuntojen muutot<\/li>\n<li>Toimiston muutot<\/li>\n<li>Ovelta ovelle -palvelut<\/li>\n<li>Pakkauspalvelu<\/li>\n<li>Tie-, meri- ja lentoliikenne<\/li>\n<li>Tulliselvitys<\/li>\n<li>Vakuutus<\/li>\n<li>Varastointitilat<\/li>\n<\/ul>\n<p>Servimex on <a href=\"https:\/\/moverdb.com\/fi\/moving-companies\/\" data-internallinksmanager029f6b8e52c=\"79\" title=\"Top 25 Kansainv\u00e4list\u00e4 muuttoyrityksi\u00e4 verkossa\">muuttofirma<\/a> joka perustettiin vuonna 1979 ja jonka toimipaikka on Asuncionissa. Se on IAM:n j\u00e4sen, jolla on 44 vuoden kokemus, ja se on FIDI:n akkreditoima, mik\u00e4 antaa sille p\u00e4\u00e4syn kansainv\u00e4liseen muuttoagenttiverkostoon.<\/p>\n<p>Servimex tarjoaa pakkauspalvelua kotitaloustavaroille ja taideteoksille, jotka pakataan teollisuuspakkauksiin niiden suojaamiseksi kuljetuksen aikana. Se tarjoaa multimodaalisia kuljetusratkaisuja, mukaan lukien maantie-, meri- ja ilmakuljetukset konttien avulla, ja se auttaa vienti- ja tuontitullauksissa. Ne tarjoavat muuttopalveluja, kuten maahanmuuttopalveluja, perehdytyst\u00e4, asettautumisapua, asunto- ja kouluhakuja sek\u00e4 l\u00e4ht\u00f6apua.<\/p>\n<p>Verkkosivusto: <a href=\"http:\/\/www.servimex.com.py\" target=\"_blank\" rel=\"noopener\">http:\/\/www.servimex.com.py<\/a><\/p>\n<h2><strong>2. Benkovics<\/strong><\/h2>\n<p><img loading=\"lazy\" decoding=\"async\" class=\"alignnone size-full wp-image-8766\" src=\"https:\/\/moverdb.com\/wp-content\/uploads\/Benkovics-international-moving-company.png\" alt=\"Benkovicsin kansainv\u00e4linen muuttofirma\" width=\"1440\" height=\"679\" data-wp-pid=\"8766\" srcset=\"https:\/\/moverdb.com\/wp-content\/uploads\/Benkovics-international-moving-company.png 1440w, https:\/\/moverdb.com\/wp-content\/uploads\/Benkovics-international-moving-company-300x141.png 300w, https:\/\/moverdb.com\/wp-content\/uploads\/Benkovics-international-moving-company-1024x483.png 1024w, https:\/\/moverdb.com\/wp-content\/uploads\/Benkovics-international-moving-company-18x8.png 18w, https:\/\/moverdb.com\/wp-content\/uploads\/Benkovics-international-moving-company-600x283.png 600w\" sizes=\"auto, (max-width: 1440px) 100vw, 1440px\" \/><\/p>\n<ul>\n<li>Kansalliset muutot<\/li>\n<li>Kansainv\u00e4liset muutot<\/li>\n<li>Kotitalouksien muutot<\/li>\n<li>Ennen muuttoa teht\u00e4v\u00e4 kyselytutkimus<\/li>\n<li>Siirtymisohjeet<\/li>\n<li>Pakkauspalvelu<\/li>\n<li>Maa-, ilma- ja merikuljetukset<\/li>\n<li>Vientiselvitys<\/li>\n<li>Vakuutus<\/li>\n<li>Lyhytaikainen ja pitk\u00e4aikainen varastointi<\/li>\n<\/ul>\n<p>Benkovics on muuttofirma, jonka kotipaikka on Asunci\u00f3n. Se tekee yhteisty\u00f6t\u00e4 kansainv\u00e4lisesti akkreditoitujen muuttoyritysten kanssa eri puolilla maailmaa tarjotakseen palveluitaan kansainv\u00e4lisesti. He ovat IAM:n j\u00e4sen, jolla on 64 vuoden kokemus.<\/p>\n<p>Benkovics tarjoaa muuttoa edelt\u00e4v\u00e4n kartoituksen, jossa arvioidaan muuttotarpeesi laajuus ja annetaan sinulle arvio. He tarjoavat pakkauspalvelua, jossa k\u00e4ytet\u00e4\u00e4n laadukkaimpia pakkausmateriaaleja, kuten puisia luurankoja ja vahvoja laatikoita, jotka suojaavat tavaroitasi. Heid\u00e4n logistiikka-asiantuntijansa j\u00e4rjest\u00e4v\u00e4t maantie-, lento- tai merikuljetuksen ja auttavat vientiselvityksess\u00e4. Perill\u00e4 he purkavat tavarat ja poistavat kaikki j\u00e4tteet.<\/p>\n<p>Verkkosivusto: <a href=\"http:\/\/www.benkovics.com.py\" target=\"_blank\" rel=\"noopener\">http:\/\/www.benkovics.com.py<\/a><\/p>\n<h2><strong>3. Asuncion Vanpack<\/strong><\/h2>\n<p><img loading=\"lazy\" decoding=\"async\" class=\"alignnone size-full wp-image-8761\" src=\"https:\/\/moverdb.com\/wp-content\/uploads\/Asuncion-Vanpack-international-moving-company.png\" alt=\"Asuncion Vanpack kansainv\u00e4linen muuttofirma\" width=\"1440\" height=\"677\" data-wp-pid=\"8761\" srcset=\"https:\/\/moverdb.com\/wp-content\/uploads\/Asuncion-Vanpack-international-moving-company.png 1440w, https:\/\/moverdb.com\/wp-content\/uploads\/Asuncion-Vanpack-international-moving-company-300x141.png 300w, https:\/\/moverdb.com\/wp-content\/uploads\/Asuncion-Vanpack-international-moving-company-1024x481.png 1024w, https:\/\/moverdb.com\/wp-content\/uploads\/Asuncion-Vanpack-international-moving-company-18x8.png 18w, https:\/\/moverdb.com\/wp-content\/uploads\/Asuncion-Vanpack-international-moving-company-600x282.png 600w\" sizes=\"auto, (max-width: 1440px) 100vw, 1440px\" \/><\/p>\n<ul>\n<li>Kansalliset siirrot<\/li>\n<li>Kansainv\u00e4liset siirrot<\/li>\n<li>Kotitalouksien muutot<\/li>\n<li>Kotona teht\u00e4v\u00e4 tutkimus<\/li>\n<li>Pakkauspalvelu<\/li>\n<li>Erikoispakkaukset<\/li>\n<li>Kuljetuksen j\u00e4rjest\u00e4minen<\/li>\n<li>Vakuutus<\/li>\n<li>Tiedostonhallinta<\/li>\n<li>Varastointitilat<\/li>\n<\/ul>\n<p>Asuncion Vanpack on kuljetus- ja logistiikkayritys, jolla on yli 30 vuoden kokemus, ja sen kotipaikka on Asuncion. Yritys on IAM:n j\u00e4sen 35 vuoden ajan, mik\u00e4 antaa sille p\u00e4\u00e4syn kansainv\u00e4liseen muuttoagenttiverkostoon, joka tukee sit\u00e4 Paraguayn ulkopuolella.<\/p>\n<p>Asuncion Vanpack tekee kyselyn, jossa selvitet\u00e4\u00e4n muuttosi m\u00e4\u00e4r\u00e4, jotta voimme suositella sinulle parhaita vaihtoehtoja ja laatia tarjouksen. He tarjoavat pakkauspalvelua, joka tarjoaa parhaat pakkausmateriaalit, jotka suojaavat tavaroitasi kuljetuksen aikana, ja he k\u00e4ytt\u00e4v\u00e4t erityist\u00e4 pakkaussuunnittelua kullekin tavaralle, ja heill\u00e4 on puusep\u00e4nty\u00f6t\u00e4 erityisvaatimuksia varten.<\/p>\n<p>Verkkosivusto: <a href=\"http:\/\/www.asuncionvanpack.com\" target=\"_blank\" rel=\"noopener\">http:\/\/www.asuncionvanpack.com<\/a><\/p>","protected":false},"excerpt":{"rendered":"<p>Are you planning a move within, to or from Paraguay? If you need help with packing and organising your move especially if you are moving countries and need to complete import\/export paperwork. Below we have compiled a list of Paraguay based removal companies that are members of the International Association of Movers (IAM) and\/or FIDI [&hellip;]<\/p>\n","protected":false},"author":4,"featured_media":0,"parent":190,"menu_order":0,"comment_status":"closed","ping_status":"closed","template":"","meta":{"_genesis_hide_title":false,"_genesis_hide_breadcrumbs":false,"_genesis_hide_singular_image":false,"_genesis_hide_footer_widgets":false,"_genesis_custom_body_class":"","_genesis_custom_post_class":"","_genesis_layout":"","footnotes":""},"class_list":{"0":"post-8906","1":"page","2":"type-page","3":"status-publish","5":"entry","6":"has-post-thumbnail"},"_links":{"self":[{"href":"https:\/\/moverdb.com\/fi\/wp-json\/wp\/v2\/pages\/8906","targetHints":{"allow":["GET"]}}],"collection":[{"href":"https:\/\/moverdb.com\/fi\/wp-json\/wp\/v2\/pages"}],"about":[{"href":"https:\/\/moverdb.com\/fi\/wp-json\/wp\/v2\/types\/page"}],"author":[{"embeddable":true,"href":"https:\/\/moverdb.com\/fi\/wp-json\/wp\/v2\/users\/4"}],"replies":[{"embeddable":true,"href":"https:\/\/moverdb.com\/fi\/wp-json\/wp\/v2\/comments?post=8906"}],"version-history":[{"count":1,"href":"https:\/\/moverdb.com\/fi\/wp-json\/wp\/v2\/pages\/8906\/revisions"}],"predecessor-version":[{"id":8907,"href":"https:\/\/moverdb.com\/fi\/wp-json\/wp\/v2\/pages\/8906\/revisions\/8907"}],"up":[{"embeddable":true,"href":"https:\/\/moverdb.com\/fi\/wp-json\/wp\/v2\/pages\/190"}],"wp:attachment":[{"href":"https:\/\/moverdb.com\/fi\/wp-json\/wp\/v2\/media?parent=8906"}],"curies":[{"name":"wp","href":"https:\/\/api.w.org\/{rel}","templated":true}]}}