{"id":890,"date":"2016-08-29T10:10:27","date_gmt":"2016-08-29T10:10:27","guid":{"rendered":"http:\/\/moverdb.com\/?page_id=890"},"modified":"2026-01-08T15:20:31","modified_gmt":"2026-01-08T15:20:31","slug":"pearson","status":"publish","type":"page","link":"https:\/\/moverdb.com\/fi\/pearson\/","title":{"rendered":"Pearson Home Moving: Pearson Pearson Pearson: International Removals Reviews"},"content":{"rendered":"<p>Pearson Home Moving on muutto- ja siirtoyritys, joka tarjoaa asiakkailleen seuraavia palveluja. Palveluluettelon j\u00e4lkeen on heid\u00e4n yritysprofiilinsa ja arvionsa.<\/p>\n<p><strong>Kansainv\u00e4liset koti muutto palvelut<\/strong><\/p>\n<ul>\n<li> Erityinen muuttop\u00e4\u00e4llikk\u00f6<\/li>\n<li> Palvelu ovelta ovelle<\/li>\n<li> Kiinte\u00e4 ajoneuvokanta<\/li>\n<li> Ammattitaitoiset pakkaajat - purkaa ja pakkaa<\/li>\n<li> Toimitetut pakkausmateriaalit<\/li>\n<li> <a href=\"https:\/\/moverdb.com\/fi\/konttikuljetukset\/\">Lento- tai merirahti<\/a><\/li>\n<li> Tullin apu<\/li>\n<li> Pura pakkauksesta ja kokoa uudelleen<\/li>\n<li> Lemmikkiel\u00e4inten uudelleensijoittaminen<\/li>\n<li> <a href=\"https:\/\/moverdb.com\/fi\/auto-kuljetus-kuljetus\/\">Ajoneuvon siirt\u00e4minen<\/a><\/li>\n<li> Siivouspalvelu<\/li>\n<li> J\u00e4rjestetty vakuutus<\/li>\n<li> Varastointi k\u00e4ytett\u00e4viss\u00e4<\/li>\n<\/ul>\n<h2>Pearson Home Moving Company Profiili<\/h2>\n<p>Edward Pearson perusti Pearson Home Movingin vuonna 1917, ja t\u00e4h\u00e4n menness\u00e4 se on suorittanut yli 250 000 onnistunutta muuttoa kaikissa maanosissa, jopa Etel\u00e4mantereella. Edward Pearsonin tavoitteena oli tulla parhaaksi muuttoliikkeeksi. <a href=\"https:\/\/moverdb.com\/fi\/international-removals\/\" data-internallinksmanager029f6b8e52c=\"27\" title=\"36 Parhaat kansainv\u00e4liset muuttoyritykset Yhdistyneess\u00e4 kuningaskunnassa\">muuttofirma<\/a> alalla.<\/p>\n<p>Yhti\u00f6 sanoo, ett\u00e4 se on k\u00e4ytt\u00e4nyt viimeiset 100 vuotta rakentaakseen yhden maailman parhaista muuttoalan ammattilaisten verkostoista. Pearson Home Moving asettaa asiakkaat etusijalle, olipa kyseess\u00e4 kuinka pieni muutto tahansa.<\/p>\n<p>Pearson Home Movingin ymp\u00e4rist\u00f6politiikkaan kuuluu ymp\u00e4rist\u00f6yst\u00e4v\u00e4llisten tuotteiden k\u00e4ytt\u00f6 ja kierr\u00e4tys aina kun se on mahdollista sek\u00e4 pyrkimys k\u00e4ytt\u00e4\u00e4 aina t\u00e4yteen lastattuja ajoneuvoja hiilijalanj\u00e4ljen pienent\u00e4miseksi.<\/p>\n<p>Heill\u00e4 on seuraavat akkreditoinnit ja j\u00e4senyydet:<\/p>\n<ul>\n<li> <a href=\"https:\/\/moverdb.com\/fi\/british-association-of-removers\/\">British Association of Removers<\/a> (<a href=\"https:\/\/moverdb.com\/fi\/british-association-of-removers\/\" data-internallinksmanager029f6b8e52c=\"9\" title=\"British Association of Removers (BAR) selitetty\">BAR<\/a>)<\/li>\n<li> <a href=\"https:\/\/moverdb.com\/fi\/harmony-relocation-network\/\">Harmony Relocation Network<\/a><\/li>\n<li> DNV ISO9001<\/li>\n<li> <a href=\"https:\/\/moverdb.com\/fi\/fedemac\/\">Federation of European Movers Association<\/a> (<a href=\"https:\/\/moverdb.com\/fi\/fedemac\/\" data-internallinksmanager029f6b8e52c=\"15\" title=\"Federation of European Movers Association (FEDEMAC) selitetty\">FEDEMAC<\/a>)<\/li>\n<li> <a href=\"https:\/\/moverdb.com\/fi\/fidi-faim\/\">FIDI<\/a><\/li>\n<\/ul>\n<h2>Pearson Home Moving Arvostelut<\/h2>\n<p><strong>Positiivinen:<\/strong><\/p>\n<ul>\n<li> \"T\u00e4m\u00e4 oli 19. muuttomme 40 vuoden aikana. Paras koskaan, eritt\u00e4in ammattitaitoinen toimistohenkil\u00f6kunta ja muuttomiehet olivat ensiluokkaisia. Hyvin tehty! Suosittelemme Pearsonia vilpitt\u00f6m\u00e4sti kaikille.\" - Peter via <a href=\"http:\/\/www.pearsonhomemoving.com\/\" target=\"_blank\" rel=\"noopener\">Pearson Home Moving verkkosivusto<\/a><\/li>\n<li> <em>\"T\u00e4m\u00e4 yritys oli fantastinen alusta loppuun. Heid\u00e4n hintansa oli todella kilpailukykyinen ja he antoivat <a href=\"https:\/\/moverdb.com\/fi\/moving-to-the-united-states\/\" data-internallinksmanager029f6b8e52c=\"94\" title=\"Muutatko Yhdysvaltoihin? 2022 Elinkustannukset ja muuttovinkit\">us<\/a> erinomaista palvelua.\"<\/em> - Steve kautta <a href=\"http:\/\/www.mymovingreviews.com\/movers\/pearson-home-moving-2276#56936\" target=\"_blank\" rel=\"noopener\">MyMovingReviews.com<\/a><\/li>\n<li> <em>\"Saimme eritt\u00e4in ammattitaitoista palvelua muuttaessamme osoitteesta <a href=\"https:\/\/moverdb.com\/fi\/moving-to-germany\/\" data-internallinksmanager029f6b8e52c=\"321\" title=\"Muutatko Saksaan? 2023 Elinkustannukset ja muuttovinkit\">Saksa<\/a> osoitteeseen <a href=\"https:\/\/moverdb.com\/fi\/moving-to-the-uk\/\" data-internallinksmanager029f6b8e52c=\"93\" title=\"Muutatko Yhdistyneeseen kuningaskuntaan? 2022 Elinkustannukset ja muuttovinkit\">UK<\/a>.\"<\/em> - Kerry kautta <a href=\"http:\/\/www.removalreviews.co.uk\/movingreviews\/home-move-to-uk-10941\" target=\"_blank\" rel=\"noopener\">Muutto Arvostelut<\/a><\/li>\n<li> \"<em>Suuri asiakaspalvelu \/ suuri yleinen palvelu .\"<\/em> - Bruce kautta <a href=\"http:\/\/www.ciao.co.uk\/Pearson_Home_Moving__Review_6008009\" target=\"_blank\" rel=\"noopener\">Ciao!<\/a> <\/li>\n<\/ul>\n<p><strong>Negatiivinen:<\/strong><\/p>\n<ul>\n<li> <em>\"Toimitus tuli kaksi p\u00e4iv\u00e4\u00e4 my\u00f6h\u00e4ss\u00e4. Ymm\u00e4rr\u00e4mme, ett\u00e4 rajalla oli ongelmia ja viivytyksi\u00e4, joihin he eiv\u00e4t voi vaikuttaa, mutta emme sit\u00e4, ett\u00e4 meille ei koskaan ilmoitettu toimituksen tilasta.\"<\/em> - Christoph kautta <a href=\"http:\/\/www.mymovingreviews.com\/movers\/pearson-home-moving-2276#57516\" target=\"_blank\" rel=\"noopener\">MyMovingReviews.com<\/a> <\/li>\n<li> <em>\"Toimitettaessa laatikot olivat sek\u00e4 likaisia ett\u00e4 m\u00e4rki\u00e4. N\u00e4in ollen ne olivat my\u00f6s vahingoittuneet.\"<\/em> - Harald in Glos kautta <a href=\"http:\/\/www.removalreviews.co.uk\/movingreviews\/never-again-10123\" target=\"_blank\" rel=\"noopener\">Muutto Arvostelut<\/a><\/li>\n<li> <em>\"Lopulta tavarani toimitettiin syyskuun puoliv\u00e4liss\u00e4, 81 p\u00e4iv\u00e4\u00e4 sen j\u00e4lkeen, kun ne oli noudettu.\"<\/em> - Imoena kautta <a href=\"http:\/\/www.ciao.co.uk\/Pearson_Home_Moving__Review_6113468\" target=\"_blank\" rel=\"noopener\">Ciao!<\/a> <\/li>\n<\/ul>\n<div itemprop=\"review\" itemscope itemtype=\"http:\/\/schema.org\/Review\">\n<span itemprop=\"author\" itemscope=\"\" itemtype=\"http:\/\/schema.org\/Organization\"><span itemprop=\"name\">MoverDB.com<\/span><\/span> Verkkosivuston arvostelu <span itemprop=\"itemreviewed\" itemscope=\"\" itemtype=\"http:\/\/schema.org\/Brand\"><span itemprop=\"name\">Pearsonin koti muutto<\/span><\/span>:<\/p>\n<ol>\n<li> Selke\u00e4t yhteystiedot verkkosivustolla (my\u00f6s puhelinnumero): <strong>Kyll\u00e4<\/strong><\/li>\n<li> Helppo saada <a href=\"https:\/\/moverdb.com\/fi\/lainauksia\/\">kansainv\u00e4liset muutot tarjoukset<\/a>? (Online-arviolomake): <strong>Kyll\u00e4<\/strong><\/li>\n<li> Selke\u00e4t tiedot verkkosivustolla: <strong>Jotkut<\/strong>Vaikka sivustolla on selke\u00e4t yhteystiedot ja yleiskatsaus palveluihin, sielt\u00e4 puuttuvat yksityiskohtaiset tiedot muuton suunnittelusta.<\/li>\n<li> J\u00e4senyys kansainv\u00e4lisiss\u00e4 tunnustetuissa liikkuvuutta harjoittavissa j\u00e4rjest\u00f6iss\u00e4: <strong>Kyll\u00e4<\/strong>, ks. edell\u00e4.<\/li>\n<li> Luettelo asiakkaista ja\/tai aiempien asiakkaiden suosittelut: <strong>Kyll\u00e4,<\/strong> Sivustolla on useita asiakkaiden suositteluja.<\/li>\n<\/ol>\n<div itemprop=\"reviewRating\" itemscope itemtype=\"http:\/\/schema.org\/Rating\"><meta itemprop=\"worstRating\" content = \"0\" \/><meta itemprop=\"bestRating\" content=\"5\" \/><meta itemprop=\"ratingValue\" content=\"4.5\"><\/div>\n<p><strong>Yleisarvosana: 4.5\/5<\/strong><br \/>\n<strong>Tarkistusp\u00e4iv\u00e4:<\/strong> <span itemprop=\"datePublished\" content=\"2016-08-29\">29\/08\/2016<\/span>\n<\/div>\n<p>Lis\u00e4tietoja <a href=\"https:\/\/moverdb.com\/fi\/international-removals\/\">kansainv\u00e4liset muutot<\/a> ja meid\u00e4n <a href=\"https:\/\/moverdb.com\/fi\/arvostelut\/\">tarkistusprosessi<\/a>.<\/p>\n<p><strong>Verkkosivusto:<\/strong> <a href=\"http:\/\/www.pearsonhomemoving.com\" target=\"_blank\" rel=\"noopener\">http:\/\/www.pearsonhomemoving.com<\/a><\/p>","protected":false},"excerpt":{"rendered":"<p>Pearson Home Moving are a removal and relocation company which offer the following services to their clients. The service list is followed by their company profile and reviews. International Home Moving Services Dedicated move manager Door to door service Dedicated vehicle fleet Professional packers &#8211; disassemble and pack Packing materials suppled Air freight or sea [&hellip;]<\/p>\n","protected":false},"author":1,"featured_media":0,"parent":0,"menu_order":0,"comment_status":"closed","ping_status":"closed","template":"","meta":{"_genesis_hide_title":false,"_genesis_hide_breadcrumbs":false,"_genesis_hide_singular_image":false,"_genesis_hide_footer_widgets":false,"_genesis_custom_body_class":"","_genesis_custom_post_class":"","_genesis_layout":"","footnotes":""},"class_list":{"0":"post-890","1":"page","2":"type-page","3":"status-publish","5":"entry"},"_links":{"self":[{"href":"https:\/\/moverdb.com\/fi\/wp-json\/wp\/v2\/pages\/890","targetHints":{"allow":["GET"]}}],"collection":[{"href":"https:\/\/moverdb.com\/fi\/wp-json\/wp\/v2\/pages"}],"about":[{"href":"https:\/\/moverdb.com\/fi\/wp-json\/wp\/v2\/types\/page"}],"author":[{"embeddable":true,"href":"https:\/\/moverdb.com\/fi\/wp-json\/wp\/v2\/users\/1"}],"replies":[{"embeddable":true,"href":"https:\/\/moverdb.com\/fi\/wp-json\/wp\/v2\/comments?post=890"}],"version-history":[{"count":6,"href":"https:\/\/moverdb.com\/fi\/wp-json\/wp\/v2\/pages\/890\/revisions"}],"predecessor-version":[{"id":6229,"href":"https:\/\/moverdb.com\/fi\/wp-json\/wp\/v2\/pages\/890\/revisions\/6229"}],"wp:attachment":[{"href":"https:\/\/moverdb.com\/fi\/wp-json\/wp\/v2\/media?parent=890"}],"curies":[{"name":"wp","href":"https:\/\/api.w.org\/{rel}","templated":true}]}}