{"id":8897,"date":"2023-04-27T14:33:01","date_gmt":"2023-04-27T14:33:01","guid":{"rendered":"https:\/\/moverdb.com\/?page_id=8897"},"modified":"2026-01-08T15:29:01","modified_gmt":"2026-01-08T15:29:01","slug":"moving-companies-norway","status":"publish","type":"page","link":"https:\/\/moverdb.com\/fi\/moving-companies\/moving-companies-norway\/","title":{"rendered":"5 parasta kansainv\u00e4list\u00e4 muuttofirmaa Norjassa"},"content":{"rendered":"<p>Jos olet muuttamassa kotiin tai liikkeelle kotimaassa, sinne tai sielt\u00e4 pois <a href=\"https:\/\/moverdb.com\/fi\/moving-to-norway\/\" data-internallinksmanager029f6b8e52c=\"325\" title=\"Muutatko Norjaan? 2023 Elinkustannukset ja muuttovinkit\">Norja<\/a> niin saatat haluta palkata palvelukseensa <a href=\"https:\/\/moverdb.com\/fi\/moving-companies\/\" data-internallinksmanager029f6b8e52c=\"79\" title=\"Top 25 Kansainv\u00e4list\u00e4 muuttoyrityksi\u00e4 verkossa\">muuttofirma<\/a> auttamaan sinua. He voivat auttaa sinua pakkaamisessa, kuljetuksen j\u00e4rjest\u00e4misess\u00e4 ja paperit\u00f6iden hoitamisessa. Alla on luettelo Norjassa toimivista yrityksist\u00e4, jotka ovat <a href=\"https:\/\/moverdb.com\/fi\/international-removals\/\" data-internallinksmanager029f6b8e52c=\"27\" title=\"36 Parhaat kansainv\u00e4liset muuttoyritykset Yhdistyneess\u00e4 kuningaskunnassa\">muuttofirmat<\/a> jotka ovat j\u00e4seni\u00e4 <a href=\"https:\/\/moverdb.com\/fi\/iam\/\" data-internallinksmanager029f6b8e52c=\"23\" title=\"Kansainv\u00e4linen muuttajien liitto (IAM) selitetty\">Kansainv\u00e4linen muuttajien liitto<\/a> (IAM) ja\/tai <a href=\"https:\/\/moverdb.com\/fi\/fidi-faim\/\" data-internallinksmanager029f6b8e52c=\"16\" title=\"FIDI &amp; FAIM (FIDI Accredited International Mover) selitettyin\u00e4\">FIDI<\/a> Accredited International Mover (FAIM), joka voi auttaa sinua muutossasi.<\/p>\n<div id=\"ez-toc-container\" class=\"ez-toc-v2_0_83 ez-toc-wrap-left counter-hierarchy ez-toc-counter ez-toc-transparent ez-toc-container-direction\">\n<div class=\"ez-toc-title-container\">\n<p class=\"ez-toc-title\" style=\"cursor:inherit\">Jaksot<\/p>\n<span class=\"ez-toc-title-toggle\"><a href=\"#\" class=\"ez-toc-pull-right ez-toc-btn ez-toc-btn-xs ez-toc-btn-default ez-toc-toggle\" aria-label=\"Sis\u00e4llysluettelon vaihtaminen\"><span class=\"ez-toc-js-icon-con\"><span class=\"\"><span class=\"eztoc-hide\" style=\"display:none;\">Toggle<\/span><span class=\"ez-toc-icon-toggle-span\"><svg style=\"fill: #999;color:#999\" xmlns=\"http:\/\/www.w3.org\/2000\/svg\" class=\"list-377408\" width=\"20px\" height=\"20px\" viewbox=\"0 0 24 24\" fill=\"none\"><path d=\"M6 6H4v2h2V6zm14 0H8v2h12V6zM4 11h2v2H4v-2zm16 0H8v2h12v-2zM4 16h2v2H4v-2zm16 0H8v2h12v-2z\" fill=\"currentColor\"><\/path><\/svg><svg style=\"fill: #999;color:#999\" class=\"arrow-unsorted-368013\" xmlns=\"http:\/\/www.w3.org\/2000\/svg\" width=\"10px\" height=\"10px\" viewbox=\"0 0 24 24\" version=\"1.2\" baseprofile=\"tiny\"><path d=\"M18.2 9.3l-6.2-6.3-6.2 6.3c-.2.2-.3.4-.3.7s.1.5.3.7c.2.2.4.3.7.3h11c.3 0 .5-.1.7-.3.2-.2.3-.5.3-.7s-.1-.5-.3-.7zM5.8 14.7l6.2 6.3 6.2-6.3c.2-.2.3-.5.3-.7s-.1-.5-.3-.7c-.2-.2-.4-.3-.7-.3h-11c-.3 0-.5.1-.7.3-.2.2-.3.5-.3.7s.1.5.3.7z\"\/><\/svg><\/span><\/span><\/span><\/a><\/span><\/div>\n<nav><ul class='ez-toc-list ez-toc-list-level-1 eztoc-toggle-hide-by-default' ><li class='ez-toc-page-1 ez-toc-heading-level-2'><a class=\"ez-toc-link ez-toc-heading-1\" href=\"https:\/\/moverdb.com\/fi\/moving-companies\/moving-companies-norway\/#1_Adams_Express\" >1. Adams Express<\/a><\/li><li class='ez-toc-page-1 ez-toc-heading-level-2'><a class=\"ez-toc-link ez-toc-heading-2\" href=\"https:\/\/moverdb.com\/fi\/moving-companies\/moving-companies-norway\/#2_Hakull\" >2. Hakull<\/a><\/li><li class='ez-toc-page-1 ez-toc-heading-level-2'><a class=\"ez-toc-link ez-toc-heading-3\" href=\"https:\/\/moverdb.com\/fi\/moving-companies\/moving-companies-norway\/#3_NFB_International_Relocations\" >3. NFB:n kansainv\u00e4liset siirrot<\/a><\/li><li class='ez-toc-page-1 ez-toc-heading-level-2'><a class=\"ez-toc-link ez-toc-heading-4\" href=\"https:\/\/moverdb.com\/fi\/moving-companies\/moving-companies-norway\/#4_SIRVA\" >4. SIRVA<\/a><\/li><li class='ez-toc-page-1 ez-toc-heading-level-2'><a class=\"ez-toc-link ez-toc-heading-5\" href=\"https:\/\/moverdb.com\/fi\/moving-companies\/moving-companies-norway\/#5_Vinjes\" >5. Vinjes<\/a><\/li><li class='ez-toc-page-1 ez-toc-heading-level-2'><a class=\"ez-toc-link ez-toc-heading-6\" href=\"https:\/\/moverdb.com\/fi\/moving-companies\/moving-companies-norway\/#Other_Useful_Guides_to_Norway\" >Muita hy\u00f6dyllisi\u00e4 oppaita Norjaan<\/a><\/li><\/ul><\/nav><\/div>\n<h2><span class=\"ez-toc-section\" id=\"1_Adams_Express\"><\/span><strong>1. Adams Express<\/strong><span class=\"ez-toc-section-end\"><\/span><\/h2>\n<p><img loading=\"lazy\" decoding=\"async\" class=\"alignnone size-full wp-image-8750\" src=\"https:\/\/moverdb.com\/wp-content\/uploads\/Adams-Express-international-moving-company.png\" alt=\"Adams Express kansainv\u00e4linen muuttofirma\" width=\"1440\" height=\"674\" data-wp-pid=\"8750\" srcset=\"https:\/\/moverdb.com\/wp-content\/uploads\/Adams-Express-international-moving-company.png 1440w, https:\/\/moverdb.com\/wp-content\/uploads\/Adams-Express-international-moving-company-300x140.png 300w, https:\/\/moverdb.com\/wp-content\/uploads\/Adams-Express-international-moving-company-1024x479.png 1024w, https:\/\/moverdb.com\/wp-content\/uploads\/Adams-Express-international-moving-company-18x8.png 18w, https:\/\/moverdb.com\/wp-content\/uploads\/Adams-Express-international-moving-company-600x281.png 600w\" sizes=\"auto, (max-width: 1440px) 100vw, 1440px\" \/><\/p>\n<ul>\n<li>Kansalliset siirrot<\/li>\n<li>Kansainv\u00e4liset siirrot<\/li>\n<li>Kotitalouksien muutot<\/li>\n<li>Toimiston muutot<\/li>\n<li>Pakkauspalvelu<\/li>\n<li>Kuljetuksen j\u00e4rjest\u00e4minen<\/li>\n<li>Tulliselvitys<\/li>\n<li>Kuvataiteen k\u00e4sittely<\/li>\n<li>Vakuutus<\/li>\n<li>Lyhytaikainen ja pitk\u00e4aikainen varastointi<\/li>\n<\/ul>\n<p>Adams Express on muutto-, varastointi- ja logistiikkayritys, jolla on toimipisteet Bergeniss\u00e4, Oslossa ja Stavangerissa. Heill\u00e4 on laaja agenttiverkosto eri puolilla maailmaa, joka voi auttaa kansainv\u00e4lisiss\u00e4 palveluissa. Se on IAM:n j\u00e4sen, jolla on 125 vuoden kokemus, ja se on FIDI:n akkreditoima.<\/p>\n<p>Adams Express tarjoaa muuttopalveluja pienist\u00e4 l\u00e4hetyksist\u00e4 suuriin sopimuksiin. He tarjoavat ovelta ovelle -palvelua, johon sis\u00e4ltyy tavaroiden tarkastaminen ja muuton suunnittelu. He tarjoavat pakkauspalvelua tavaroittenne suojaamiseksi ja purkavat tavarat saapuessanne. Se kuljettaa tavarasi m\u00e4\u00e4r\u00e4np\u00e4\u00e4h\u00e4si ja auttaa tulliselvityksess\u00e4 ja vakuutuksissa.<\/p>\n<p>Verkkosivusto: <a href=\"http:\/\/www.adamsexpress.no\" target=\"_blank\" rel=\"noopener\">http:\/\/www.adamsexpress.no<\/a><\/p>\n<h2><span class=\"ez-toc-section\" id=\"2_Hakull\"><\/span><strong>2. Hakull<\/strong><span class=\"ez-toc-section-end\"><\/span><\/h2>\n<p><img loading=\"lazy\" decoding=\"async\" class=\"alignnone size-full wp-image-8812\" src=\"https:\/\/moverdb.com\/wp-content\/uploads\/Hakull-international-moving-company.png\" alt=\"Hakull international moving company\" width=\"1440\" height=\"680\" data-wp-pid=\"8812\" srcset=\"https:\/\/moverdb.com\/wp-content\/uploads\/Hakull-international-moving-company.png 1440w, https:\/\/moverdb.com\/wp-content\/uploads\/Hakull-international-moving-company-300x142.png 300w, https:\/\/moverdb.com\/wp-content\/uploads\/Hakull-international-moving-company-1024x484.png 1024w, https:\/\/moverdb.com\/wp-content\/uploads\/Hakull-international-moving-company-18x9.png 18w, https:\/\/moverdb.com\/wp-content\/uploads\/Hakull-international-moving-company-600x283.png 600w\" sizes=\"auto, (max-width: 1440px) 100vw, 1440px\" \/><\/p>\n<ul>\n<li>Paikalliset ja kansalliset muutot<\/li>\n<li>Kansainv\u00e4liset muutot<\/li>\n<li>Kotitalouksien muutot<\/li>\n<li>Toimiston muutot<\/li>\n<li>Muuttopalvelut<\/li>\n<li>Ovelta ovelle -palvelu<\/li>\n<li>Pakkauspalvelu<\/li>\n<li>Tie-, meri- ja lentorahtiliikenne<\/li>\n<li>Tulliselvitys<\/li>\n<li>Varastointitilat<\/li>\n<\/ul>\n<p>Hakull on vuonna 1946 perustettu kansainv\u00e4linen kuljetus- ja muuttopalveluyritys, jolla on toimipisteet Sandesissa, Kristiansandissa, Oslossa ja Norresundbyss\u00e4. Yritys on IAM:n j\u00e4sen, jolla on 77 vuoden kokemus, ja se on FIDI:n akkreditoima.<\/p>\n<p>Hakull tarjoaa muuttopalveluja erilaisille tavaroille, kuten huonekaluille ja kaikelle muulle kodin tavaralle, ovelta ovelle -palvelun avulla. He tarjoavat pakkauspalvelua tavarasi suojaamiseksi kuljetuksen aikana. Kuljetus tapahtuu maantie-, meri- tai lentorahtina, johon sis\u00e4ltyy valikoima kontteja, kuten t\u00e4ysi\u00e4 ja vajaita kontteja. He auttavat tulliselvityksess\u00e4 ja voivat tarvittaessa tarjota varastointia ja vakuutuksen.<\/p>\n<p>Verkkosivusto: <a href=\"http:\/\/www.haakull.no\" target=\"_blank\" rel=\"noopener\">http:\/\/www.haakull.no<\/a><\/p>\n<h2><span class=\"ez-toc-section\" id=\"3_NFB_International_Relocations\"><\/span><strong>3. NFB:n kansainv\u00e4liset siirrot<\/strong><span class=\"ez-toc-section-end\"><\/span><\/h2>\n<p><img loading=\"lazy\" decoding=\"async\" class=\"alignnone size-full wp-image-8837\" src=\"https:\/\/moverdb.com\/wp-content\/uploads\/NFB-International-Relocations-company.png\" alt=\"NFB International Relocations -yritys\" width=\"1440\" height=\"677\" data-wp-pid=\"8837\" srcset=\"https:\/\/moverdb.com\/wp-content\/uploads\/NFB-International-Relocations-company.png 1440w, https:\/\/moverdb.com\/wp-content\/uploads\/NFB-International-Relocations-company-300x141.png 300w, https:\/\/moverdb.com\/wp-content\/uploads\/NFB-International-Relocations-company-1024x481.png 1024w, https:\/\/moverdb.com\/wp-content\/uploads\/NFB-International-Relocations-company-18x8.png 18w, https:\/\/moverdb.com\/wp-content\/uploads\/NFB-International-Relocations-company-600x282.png 600w\" sizes=\"auto, (max-width: 1440px) 100vw, 1440px\" \/><\/p>\n<ul>\n<li>Kansalliset siirrot<\/li>\n<li>Kansainv\u00e4liset siirrot<\/li>\n<li>Kotitalouksien muutot<\/li>\n<li>Yrityksen siirrot<\/li>\n<li>Pakkauspalvelu<\/li>\n<li>Tie-, meri- ja lentoliikenne<\/li>\n<li>Korjausmies- ja siivouspalvelut<\/li>\n<li>Koti- ja kouluhaut<\/li>\n<li>Kauttakuljetusvakuutus<\/li>\n<li>Lyhytaikainen ja pitk\u00e4aikainen varastointi<\/li>\n<\/ul>\n<p>NFB International Relocations on kansainv\u00e4linen muuttofirma, jonka kotipaikka on Skui. He tekev\u00e4t yhteisty\u00f6t\u00e4 ammattimaisten muuttofirmojen maailmanlaajuisen verkoston kanssa ymp\u00e4ri maailmaa 150 maassa tarjotakseen kansainv\u00e4lisi\u00e4 palveluita. He ovat IAM:n j\u00e4sen, jolla on 15 vuoden kokemus, ja FIDI on akkreditoinut heid\u00e4t.<\/p>\n<p>NFB International Relocations tarjoaa ovelta ovelle -muuttopalveluja, jotka alkavat muuttoa edelt\u00e4v\u00e4ll\u00e4 kartoituksella. He tarjoavat laajan valikoiman muuttopalveluja, kuten pakkaamista, kuljetuksia Norjassa, Euroopassa ja kansainv\u00e4lisesti, muutonhallintapalveluja, askartelu- ja siivouspalveluja, varastointia ja vakuutuksia. He tarjoavat muuttopalveluja, joihin kuuluvat asunto- ja kouluhaut, maahanmuutto ja viisumit, perehdytys ja apu paikallisiin palveluihin rekister\u00f6itymisess\u00e4.<\/p>\n<p>Verkkosivusto: <a href=\"http:\/\/www.nfbir.com\" target=\"_blank\" rel=\"noopener\">http:\/\/www.nfbir.com<\/a><\/p>\n<h2><span class=\"ez-toc-section\" id=\"4_SIRVA\"><\/span><strong>4. SIRVA<\/strong><span class=\"ez-toc-section-end\"><\/span><\/h2>\n<p><img loading=\"lazy\" decoding=\"async\" class=\"alignnone size-full wp-image-8859\" src=\"https:\/\/moverdb.com\/wp-content\/uploads\/SIRVA-Norway-international-moving-company.png\" alt=\"SIRVA Norja kansainv\u00e4linen muuttofirma\" width=\"1440\" height=\"681\" data-wp-pid=\"8859\" srcset=\"https:\/\/moverdb.com\/wp-content\/uploads\/SIRVA-Norway-international-moving-company.png 1440w, https:\/\/moverdb.com\/wp-content\/uploads\/SIRVA-Norway-international-moving-company-300x142.png 300w, https:\/\/moverdb.com\/wp-content\/uploads\/SIRVA-Norway-international-moving-company-1024x484.png 1024w, https:\/\/moverdb.com\/wp-content\/uploads\/SIRVA-Norway-international-moving-company-18x9.png 18w, https:\/\/moverdb.com\/wp-content\/uploads\/SIRVA-Norway-international-moving-company-600x284.png 600w\" sizes=\"auto, (max-width: 1440px) 100vw, 1440px\" \/><\/p>\n<ul>\n<li>Kansalliset siirrot<\/li>\n<li>Kansainv\u00e4liset siirrot<\/li>\n<li>Kotitalouksien muutot<\/li>\n<li>Kaupalliset siirrot<\/li>\n<li>L\u00e4pivientihallinta<\/li>\n<li>Muuttoasiantuntijat opastavat sinua<\/li>\n<li>Yksi yhteyspiste<\/li>\n<li>Pakkausvaihtoehtojen valinta<\/li>\n<li>Kuljetuksen j\u00e4rjest\u00e4minen<\/li>\n<li>Varastointitilat<\/li>\n<\/ul>\n<p>SIRVA on maailmanlaajuinen muutto- ja siirtopalvelujen tarjoaja, jolla on 77 toimipistett\u00e4, jotka palvelevat yli 190 maata, ja toimistot Oslossa ja Stavangerissa. Heid\u00e4n muuttobr\u00e4ndeihins\u00e4 kuuluvat muun muassa SIRVA, Allied, North American Van Lines ja SMARTBOX. Se on IAM:n j\u00e4sen, jolla on 46 vuoden kokemus, ja se on FIDI:n akkreditoima.<\/p>\n<p>SIRVA k\u00e4ytt\u00e4\u00e4 huippuluokan ty\u00f6kaluja ja ratkaisuja palvelujensa tuottamiseen. Se tarjoaa t\u00e4ydellisi\u00e4 muuttopalveluja tai tee-se-itse -muuttopalveluja. He ovat erikoistuneet palvelujen tarjoamiseen yrityksille, jotka muuttavat ty\u00f6ntekij\u00f6it\u00e4\u00e4n yksitt\u00e4in tai ryhmiss\u00e4. He tarjoavat muuttoasiantuntijoita, jotka opastavat sinua prosessin aikana ja toimivat yhten\u00e4 yhteyspisteen\u00e4.<\/p>\n<p>Verkkosivusto: <a href=\"http:\/\/www.teamrelocations.com\" target=\"_blank\" rel=\"noopener\">http:\/\/www.teamrelocations.com<\/a><\/p>\n<h2><span class=\"ez-toc-section\" id=\"5_Vinjes\"><\/span><strong>5. Vinjes<\/strong><span class=\"ez-toc-section-end\"><\/span><\/h2>\n<p><img loading=\"lazy\" decoding=\"async\" class=\"alignnone size-full wp-image-8874\" src=\"https:\/\/moverdb.com\/wp-content\/uploads\/Vinjes-international-moving-company.png\" alt=\"Vinjes kansainv\u00e4linen muuttofirma\" width=\"1440\" height=\"681\" data-wp-pid=\"8874\" srcset=\"https:\/\/moverdb.com\/wp-content\/uploads\/Vinjes-international-moving-company.png 1440w, https:\/\/moverdb.com\/wp-content\/uploads\/Vinjes-international-moving-company-300x142.png 300w, https:\/\/moverdb.com\/wp-content\/uploads\/Vinjes-international-moving-company-1024x484.png 1024w, https:\/\/moverdb.com\/wp-content\/uploads\/Vinjes-international-moving-company-18x9.png 18w, https:\/\/moverdb.com\/wp-content\/uploads\/Vinjes-international-moving-company-600x284.png 600w\" sizes=\"auto, (max-width: 1440px) 100vw, 1440px\" \/><\/p>\n<ul>\n<li>Kansalliset siirrot<\/li>\n<li>Kansainv\u00e4liset siirrot<\/li>\n<li>Kotitalouksien muutot<\/li>\n<li>Toimiston siirrot<\/li>\n<li>Pakkausvaihtoehtojen valinta<\/li>\n<li>Pakkauspalvelu<\/li>\n<li>Kuljetuksen j\u00e4rjest\u00e4minen<\/li>\n<li>Per\u00e4vaunujen vuokraus<\/li>\n<li>Vakuutus<\/li>\n<li>Varastointitilat<\/li>\n<\/ul>\n<p>Vinjes on vuonna 1889 perustettu kuljetusliike, joka tarjoaa muutto- ja varastointipalveluita ja jonka kotipaikka on Tilleriss\u00e4. He tekev\u00e4t yhteisty\u00f6t\u00e4 muiden luotettavien muuttofirmojen kanssa, jotka avustavat heit\u00e4 kansainv\u00e4listen palvelujen tarjoamisessa. He ovat IAM:n j\u00e4sen, jolla on 134 vuoden kokemus.<\/p>\n<p>Vinjes tarjoaa erilaisia muuttovaihtoehtoja, joihin kuuluvat tee-se-itse-pakkaus ja per\u00e4vaunun vuokraus, osittainen pakkaus ja t\u00e4ydellinen pakkauspalvelu. Heid\u00e4n pakkauspalveluunsa kuuluu tavaroitten turvallinen pakkaaminen sopiviin pakkausmateriaaleihin ja tavaroiden purkaminen uudessa osoitteessa. He tarjoavat my\u00f6s muuton aikaisen vakuutuksen sis\u00e4ll\u00f6lle ja tarvittaessa varastointimahdollisuuden.<\/p>\n<p>Verkkosivusto: <a href=\"http:\/\/www.vinjes.no\" target=\"_blank\" rel=\"noopener\">http:\/\/www.vinjes.no<\/a><\/p>\n<h2><span class=\"ez-toc-section\" id=\"Other_Useful_Guides_to_Norway\"><\/span>Muita hy\u00f6dyllisi\u00e4 oppaita Norjaan<span class=\"ez-toc-section-end\"><\/span><\/h2>\n<ul>\n<li> <a href=\"https:\/\/moverdb.com\/fi\/konttikuljetukset\/norja\/\">2024 Merikuljetusten konttihinnat Norjaan ja Norjasta<\/a><\/li>\n<li> <a href=\"https:\/\/moverdb.com\/fi\/moving-to-norway\/\">Muutatko Norjaan? 2023 Elinkustannukset ja muuttovinkit<\/a><\/li>\n<li> <a href=\"https:\/\/moverdb.com\/fi\/moving-to-norway\/best-places-to-live-norway\/\">13 parasta asuinpaikkaa Norjassa\/a&gt;<\/li>\n<li> <a href=\"https:\/\/moverdb.com\/fi\/moving-to-norway\/living-in-norway\/\">21 salaisuutta Norjassa asumisesta, jotka on hyv\u00e4 tiet\u00e4\u00e4 ennen muuttoa<\/a><\/li>\n<\/ul>","protected":false},"excerpt":{"rendered":"<p>If you are moving home or business within, to or from Norway then you may want to employ the services of a moving company to assist you. They can help you with packing, organising transportation and sorting out paperwork. Below we have compiled a list of Norway based removal companies that are members of the [&hellip;]<\/p>\n","protected":false},"author":4,"featured_media":0,"parent":190,"menu_order":0,"comment_status":"closed","ping_status":"closed","template":"","meta":{"_genesis_hide_title":false,"_genesis_hide_breadcrumbs":false,"_genesis_hide_singular_image":false,"_genesis_hide_footer_widgets":false,"_genesis_custom_body_class":"","_genesis_custom_post_class":"","_genesis_layout":"","footnotes":""},"class_list":{"0":"post-8897","1":"page","2":"type-page","3":"status-publish","5":"entry","6":"has-post-thumbnail"},"_links":{"self":[{"href":"https:\/\/moverdb.com\/fi\/wp-json\/wp\/v2\/pages\/8897","targetHints":{"allow":["GET"]}}],"collection":[{"href":"https:\/\/moverdb.com\/fi\/wp-json\/wp\/v2\/pages"}],"about":[{"href":"https:\/\/moverdb.com\/fi\/wp-json\/wp\/v2\/types\/page"}],"author":[{"embeddable":true,"href":"https:\/\/moverdb.com\/fi\/wp-json\/wp\/v2\/users\/4"}],"replies":[{"embeddable":true,"href":"https:\/\/moverdb.com\/fi\/wp-json\/wp\/v2\/comments?post=8897"}],"version-history":[{"count":2,"href":"https:\/\/moverdb.com\/fi\/wp-json\/wp\/v2\/pages\/8897\/revisions"}],"predecessor-version":[{"id":17049,"href":"https:\/\/moverdb.com\/fi\/wp-json\/wp\/v2\/pages\/8897\/revisions\/17049"}],"up":[{"embeddable":true,"href":"https:\/\/moverdb.com\/fi\/wp-json\/wp\/v2\/pages\/190"}],"wp:attachment":[{"href":"https:\/\/moverdb.com\/fi\/wp-json\/wp\/v2\/media?parent=8897"}],"curies":[{"name":"wp","href":"https:\/\/api.w.org\/{rel}","templated":true}]}}