{"id":888,"date":"2016-08-31T21:15:38","date_gmt":"2016-08-31T21:15:38","guid":{"rendered":"http:\/\/moverdb.com\/?page_id=888"},"modified":"2026-01-08T14:47:24","modified_gmt":"2026-01-08T14:47:24","slug":"abels-removals","status":"publish","type":"page","link":"https:\/\/moverdb.com\/fi\/abels-removals\/","title":{"rendered":"Abels Moving Services: Abels Removals: International Removals Reviews"},"content":{"rendered":"<p>Abels Moving Services sijaitsee Brandonissa, Suffolkissa, mutta sill\u00e4 on toimipisteit\u00e4 seuraavissa paikoissa <a href=\"https:\/\/moverdb.com\/fi\/moving-to-london\/\">Lontoo<\/a>, <a href=\"\" data-internallinksmanager029f6b8e52c=\"37\" title=\"Cambridge\">Cambridge<\/a> ja Lutterworthin alueella, mutta palvelee koko alueen <a href=\"https:\/\/moverdb.com\/fi\/moving-to-the-uk\/\" data-internallinksmanager029f6b8e52c=\"93\" title=\"Muutatko Yhdistyneeseen kuningaskuntaan? 2022 Elinkustannukset ja muuttovinkit\">UK<\/a>. <\/p>\n<p>Se tarjoaa asiakkailleen monia tarkoituksellisia muuttopalveluja, jotka on lueteltu alla. Siit\u00e4 seuraa my\u00f6s yrityksen profiili ja yrityksen arvostelut.<\/p>\n<p><strong>Kansainv\u00e4liset muutot<\/strong><\/p>\n<ul>\n<li> Lentorahti pienille m\u00e4\u00e4rille<\/li>\n<li> Suurten m\u00e4\u00e4rien merirahti<\/li>\n<li> T\u00e4ydellinen muutonhallinta saatavilla<\/li>\n<li> Lemmikkiel\u00e4inten poisto<\/li>\n<li> Auton poisto<\/li>\n<li> Palvelu ovelta ovelle<\/li>\n<li> Korkeasti koulutetut pakkaajat<\/li>\n<li> Korkealaatuiset pakkausmateriaalit<\/li>\n<li> Tullin apu<\/li>\n<li> Toimitus- ja purkamispalvelu<\/li>\n<li> Siirtoa koskevat tiedot<\/li>\n<li> J\u00e4rjestetty vakuutus<\/li>\n<li> Siivouspalvelu<\/li>\n<li> Puutarhapalvelu<\/li>\n<\/ul>\n<p><strong>Muuttopalvelut<\/strong><\/p>\n<ul>\n<li> Maakohtaiset muuttooppaat saatavilla 60 maata varten<\/li>\n<li> Alkuper\u00e4inen tarvearviointi<\/li>\n<li> Suuntautuminen - ostokset, viihde, pankkitoiminta, vapaa-ajan palvelut<\/li>\n<li> Yleiskatsaus koulutukseen<\/li>\n<li> Kiinteist\u00f6n yleiskuvaus<\/li>\n<li> Huonekalujen vuokraus<\/li>\n<li> Yleishy\u00f6dyllisten laitosten liit\u00e4nt\u00e4<\/li>\n<li> Siivouspalvelu<\/li>\n<li> Puutarhapalvelu<\/li>\n<\/ul>\n<p><strong>Eurooppalaiset siirrot<\/strong><\/p>\n<ul>\n<li> Palvelu ovelta ovelle<\/li>\n<li> Abels on t\u00e4ytt\u00e4nyt kaikki paperity\u00f6t<\/li>\n<li> Pakkaaminen ja purkaminen<\/li>\n<li> Erikoispakkausmateriaalit<\/li>\n<li> Lyhyt- ja pitk\u00e4aikainen varastointi<\/li>\n<li> Henkil\u00f6kohtainen avustaja - mit\u00e4 tahansa ja kaikkea<\/li>\n<li> Muuttooppaat<\/li>\n<li> Siivouspalvelu<\/li>\n<li> Puutarhapalvelu<\/li>\n<\/ul>\n<p><strong>Pakkauspalvelut<\/strong><\/p>\n<ul>\n<li> Hauraat esineet, mukaan lukien kristalli, <a href=\"https:\/\/moverdb.com\/fi\/moving-to-china\/\" data-internallinksmanager029f6b8e52c=\"357\" title=\"Muutatko Kiinaan? 2023 Elinkustannukset ja muuttovinkit\">Kiina<\/a>, lasi jne.<\/li>\n<li> Maalauksia, kuvia<\/li>\n<li> Vaatteet<\/li>\n<li> Antiikkihuonekalut, arvokkaat esineet<\/li>\n<li> Kaappien sis\u00e4lt\u00f6 yleens\u00e4<\/li>\n<\/ul>\n<p><strong>Varastointi<\/strong><\/p>\n<ul>\n<li> Pitk\u00e4ll\u00e4 ja lyhyell\u00e4 aikav\u00e4lill\u00e4<\/li>\n<li> Varastointi Yhdistyneess\u00e4 kuningaskunnassa, Euroopassa ja ulkomailla<\/li>\n<li> Tarkoituksenmukaisesti rakennettu<\/li>\n<li> Optimaalinen ymp\u00e4rist\u00f6<\/li>\n<li> Tiukka palontorjunta<\/li>\n<li> CCTV:n kattavuus<\/li>\n<li> Jatkuva turvallisuus l\u00e4sn\u00e4olo<\/li>\n<li> S\u00e4ili\u00f6t sinet\u00f6id\u00e4\u00e4n ker\u00e4yksen yhteydess\u00e4<\/li>\n<li> Pehme\u00e4t kalusteet varastoidaan ihanteellisissa l\u00e4mp\u00f6tilaolosuhteissa<\/li>\n<li> Tiedostojen ja arkistojen tallennus<\/li>\n<li> Opiskelijoiden varastointi<\/li>\n<\/ul>\n<p><strong>Asiantuntijapalvelut<\/strong><\/p>\n<ul>\n<li> Yritysten ja yritysten muutot<\/li>\n<li> Asiakirjapalvelut<\/li>\n<li> Huonekalujen, kalusteiden ja laitteiden huolto<\/li>\n<li> V\u00e4hitt\u00e4ismyynti ja kotiinkuljetuspalvelut<\/li>\n<li> Huonekalujen asennuspalvelut<\/li>\n<li> Asennusratkaisut sisustussuunnittelijoille ja rakennuttajille<\/li>\n<\/ul>\n<h2>Abels Moving Services Yrityksen profiili<\/h2>\n<p>Abels Moving Services aloitti perheyrityksen\u00e4 vuonna 1958 toimittamalla tavaroita kauppoihin. Yritys on kasvanut siit\u00e4 l\u00e4htien, ja nyt sill\u00e4 on 1 500 palvelukeskusta 56 maassa eri puolilla maailmaa. <\/p>\n<p>Yritykselle my\u00f6nnettiin vuonna 1989 kuningattaren kuninkaallinen valtuutus, jolla kiitettiin sen kruunulle tarjoamia palveluja, joihin kuului muun muassa kaikkien prinssi Charlesin ja prinsessa Dianan h\u00e4\u00e4lahjojen siirt\u00e4minen vuonna 1981. <\/p>\n<p>Abels Moving Services on ylpe\u00e4 tarkoitusta varten rakennetuista, ymp\u00e4rist\u00f6yst\u00e4v\u00e4llisist\u00e4 kuorma-autoistaan. He uskovat, ett\u00e4 he antavat takaisin yhteis\u00f6lle ja tukevat erilaisia hyv\u00e4ntekev\u00e4isyysj\u00e4rjest\u00f6j\u00e4 kaikkialla maailmassa. <\/p>\n<p>He uskovat vakaasti siihen, ett\u00e4 asiakkaiden kanssa ei ole ongelmia, ja he uskovat, ett\u00e4 hymyll\u00e4 p\u00e4\u00e4see pitk\u00e4lle.<\/p>\n<p>Abels Moving Servicesill\u00e4 on seuraavat j\u00e4senyydet ja akkreditoinnit:<\/p>\n<ul>\n<li> Kuninkaallinen valtuutus H\u00e4nen Majesteetilleen kuningattarelle<\/li>\n<li> <a href=\"https:\/\/moverdb.com\/fi\/fidi-faim\/\">FIDI<\/a><\/li>\n<li> <a href=\"https:\/\/moverdb.com\/fi\/fidi-faim\/\" data-internallinksmanager029f6b8e52c=\"16\" title=\"FIDI &amp; FAIM (FIDI Accredited International Mover) selitettyin\u00e4\">FAIM<\/a><\/li>\n<li> Investors in People<\/li>\n<li> <a href=\"https:\/\/moverdb.com\/fi\/british-association-of-removers\/\">British Association of Movers<\/a> (<a href=\"https:\/\/moverdb.com\/fi\/british-association-of-removers\/\" data-internallinksmanager029f6b8e52c=\"9\" title=\"British Association of Removers (BAR) selitetty\">BAR<\/a>)<\/li>\n<li> <a href=\"https:\/\/moverdb.com\/fi\/bar-overseas\/\">BAR Overseas Group<\/a><\/li>\n<li> Rahoituspalveluviranomainen<\/li>\n<li> <a href=\"https:\/\/moverdb.com\/fi\/fedemac\/\">Federation of European Movers Association<\/a> (<a href=\"https:\/\/moverdb.com\/fi\/fedemac\/\" data-internallinksmanager029f6b8e52c=\"15\" title=\"Federation of European Movers Association (FEDEMAC) selitetty\">FEDEMAC<\/a>)<\/li>\n<li> Kansainv\u00e4linen keskin\u00e4inen muuttajien vakuutus (IMMI)<\/li>\n<li> BS EN ISO 9001<\/li>\n<\/ul>\n<h2>Abels Muuttopalvelut<\/h2>\n<p><strong>Positiivinen:<\/strong><\/p>\n<ul>\n<li> <em>\"Muuttotiimit molemmissa p\u00e4iss\u00e4 olivat loistavia - p\u00e4tevi\u00e4, ty\u00f6skenteliv\u00e4t tasaisesti ja olivat yksinkertaisesti mukavia tyyppej\u00e4, jotka olivat todella avuliaita ja auttoivat enemm\u00e4n kuin mik\u00e4 oli ehdottoman v\u00e4ltt\u00e4m\u00e4t\u00f6nt\u00e4.\"<\/em> - Ms Jenson kautta <a href=\"http:\/\/www.abels.co.uk\/reviews\/\" target=\"_blank\" rel=\"noopener\">Abelsin asiakkaiden arvostelut sivu<\/a>.<\/li>\n<li> <em>\"Kaikki, joiden kanssa olin tekemisiss\u00e4 Abelsissa joko puhelimitse, s\u00e4hk\u00f6postitse tai henkil\u00f6kohtaisesti, olivat eritt\u00e4in avuliaita, yst\u00e4v\u00e4llisi\u00e4 ja tehokkaita, k\u00e4ytt\u00e4isin heit\u00e4 ehdottomasti uudelleen ja suosittelisin heit\u00e4 ep\u00e4r\u00f6im\u00e4tt\u00e4 muille.\"<\/em> Ms Pledge kautta <a href=\"http:\/\/moveaide.com\/movers\/abels-moving-cambrige-uk-mover-reviews\" target=\"_blank\" rel=\"noopener\">MoveAide<\/a><\/li>\n<li> <em>\"Halusimme vain ilmoittaa, ett\u00e4 olemme iloisia siit\u00e4, ett\u00e4 siirtomme on nyt saatu onnistuneesti p\u00e4\u00e4t\u00f6kseen.\"<\/em> - kautta <a href=\"http:\/\/removal-company-reviews.com\/view-removal-company-review.php?c=Abels%20Moving%20Services%20Ltd&#038;id=384\" target=\"_blank\" rel=\"noopener\">Muutto Yritys Arvostelut<\/a><\/li>\n<\/ul>\n<p><strong>Negatiivinen:<\/strong><\/p>\n<ul>\n<li> <em>\"Kauhea viestint\u00e4 tarpeettomista viiv\u00e4styksist\u00e4. Pelk\u00e4\u00e4tte, ett\u00e4 kaikki el\u00e4m\u00e4nne tavarat ovat kadonneet.\"<\/em> - Jeanie C. kautta <a href=\"https:\/\/www.yelp.co.uk\/biz\/abels-moving-services-ltd-brandon-2?hrid=qZqRG6iZsRo2GEP-XgQefQ&#038;utm_campaign=www_review_share_popup&#038;utm_medium=copy_link&#038;utm_source=(direct)\" target=\"_blank\" rel=\"noopener\">Yelp<\/a><\/li>\n<li> <em>\"Jos et ole kuningatar, he eiv\u00e4t v\u00e4lit\u00e4 kovin paljon.\"<\/em> - Simon kautta <a href=\"http:\/\/www.removalreviews.co.uk\/movingreviews\/far-from-their-advertising-image-7304\" target=\"_blank\" rel=\"noopener\">Muutto Arvostelut<\/a><\/li>\n<li> <em>\"Huono palvelu kaikkialla ja huono viestint\u00e4 molempien osapuolten v\u00e4lill\u00e4. <a href=\"https:\/\/moverdb.com\/fi\/muutto-singaporeen\/\">Singapore<\/a> tiimi ja uk-tiimi.\"<\/em> - Herra Crapper kautta <a href=\"http:\/\/moveaide.com\/movers\/abels-moving-cambrige-uk-mover-reviews\" target=\"_blank\" rel=\"noopener\">MoveAide<\/a><\/li>\n<\/li>\n<\/ul>\n<div itemprop=\"review\" itemscope itemtype=\"http:\/\/schema.org\/Review\">\n<span itemprop=\"author\" itemscope=\"\" itemtype=\"http:\/\/schema.org\/Organization\"><span itemprop=\"name\">MoverDB.com<\/span><\/span> Verkkosivuston arvostelu <span itemprop=\"itemreviewed\" itemscope=\"\" itemtype=\"http:\/\/schema.org\/Brand\"><span itemprop=\"name\">Abels Muuttopalvelut<\/span><\/span>:<\/p>\n<ol>\n<li> Selke\u00e4t yhteystiedot verkkosivustolla (my\u00f6s puhelinnumero): <strong>Kyll\u00e4<\/strong><\/li>\n<li> Helppo saada <a href=\"https:\/\/moverdb.com\/fi\/lainauksia\/\">kansainv\u00e4liset muutot tarjoukset<\/a>? (Online-arviolomake): <strong>Kyll\u00e4<\/strong><\/li>\n<li> Selke\u00e4t tiedot verkkosivustolla: <strong>Kyll\u00e4,<\/strong> kohtuullisen paljon tietoa verkkosivuilla niiden palveluista, vaikka jotkut <\/li>\n<li> J\u00e4senyys kansainv\u00e4lisiss\u00e4 tunnustetuissa liikkuvissa j\u00e4rjest\u00f6iss\u00e4: <strong>Kyll\u00e4<\/strong>, ks. edell\u00e4.<\/li>\n<li> Luettelo asiakkaista ja\/tai aiempien asiakkaiden suosittelut: <strong>Kyll\u00e4<\/strong> Sivustolla on my\u00f6nteisi\u00e4 asiakaskertomuksia.<\/li>\n<\/ol>\n<div itemprop=\"reviewRating\" itemscope itemtype=\"http:\/\/schema.org\/Rating\"><meta itemprop=\"worstRating\" content = \"0\" \/><meta itemprop=\"bestRating\" content=\"5\" \/><meta itemprop=\"ratingValue\" content=\"4.5\"><\/div>\n<p><strong>Yleisarvosana: 4.5\/5<\/strong><br \/>\n<strong>Tarkistusp\u00e4iv\u00e4:<\/strong> <span itemprop=\"datePublished\" content=\"2016-08-31\">31\/08\/2016<\/span>\n<\/div>\n<p>Lis\u00e4tietoja <a href=\"https:\/\/moverdb.com\/fi\/international-removals\/\">kansainv\u00e4liset muutot<\/a> ja meid\u00e4n <a href=\"https:\/\/moverdb.com\/fi\/arvostelut\/\">tarkistusprosessi<\/a>.<\/p>\n<p><strong>Verkkosivusto:<\/strong> <a href=\"http:\/\/www.abels.co.uk\" target=\"_blank\" rel=\"noopener\">http:\/\/www.abels.co.uk<\/a><\/p>","protected":false},"excerpt":{"rendered":"<p>Abels Moving Services is based in Brandon, Suffolk but has facilities in London, Cambridge and Lutterworth but serves the whole of the UK. It offers its clients many intentional moving services which are listed below. There also follows a company profile and company reviews. International Moves Airfreight for small volumes Sea freight for large volumes [&hellip;]<\/p>\n","protected":false},"author":1,"featured_media":0,"parent":0,"menu_order":0,"comment_status":"closed","ping_status":"closed","template":"","meta":{"_genesis_hide_title":false,"_genesis_hide_breadcrumbs":false,"_genesis_hide_singular_image":false,"_genesis_hide_footer_widgets":false,"_genesis_custom_body_class":"","_genesis_custom_post_class":"","_genesis_layout":"","footnotes":""},"class_list":{"0":"post-888","1":"page","2":"type-page","3":"status-publish","5":"entry"},"_links":{"self":[{"href":"https:\/\/moverdb.com\/fi\/wp-json\/wp\/v2\/pages\/888","targetHints":{"allow":["GET"]}}],"collection":[{"href":"https:\/\/moverdb.com\/fi\/wp-json\/wp\/v2\/pages"}],"about":[{"href":"https:\/\/moverdb.com\/fi\/wp-json\/wp\/v2\/types\/page"}],"author":[{"embeddable":true,"href":"https:\/\/moverdb.com\/fi\/wp-json\/wp\/v2\/users\/1"}],"replies":[{"embeddable":true,"href":"https:\/\/moverdb.com\/fi\/wp-json\/wp\/v2\/comments?post=888"}],"version-history":[{"count":8,"href":"https:\/\/moverdb.com\/fi\/wp-json\/wp\/v2\/pages\/888\/revisions"}],"predecessor-version":[{"id":6166,"href":"https:\/\/moverdb.com\/fi\/wp-json\/wp\/v2\/pages\/888\/revisions\/6166"}],"wp:attachment":[{"href":"https:\/\/moverdb.com\/fi\/wp-json\/wp\/v2\/media?parent=888"}],"curies":[{"name":"wp","href":"https:\/\/api.w.org\/{rel}","templated":true}]}}