{"id":8879,"date":"2023-04-27T14:40:42","date_gmt":"2023-04-27T14:40:42","guid":{"rendered":"https:\/\/moverdb.com\/?page_id=8879"},"modified":"2026-01-08T15:29:24","modified_gmt":"2026-01-08T15:29:24","slug":"moving-companies-myanmar","status":"publish","type":"page","link":"https:\/\/moverdb.com\/fi\/moving-companies\/moving-companies-myanmar\/","title":{"rendered":"6 parasta kansainv\u00e4list\u00e4 muuttoliikett\u00e4 Myanmarissa"},"content":{"rendered":"<p>Kun olet muuttamassa kotiin tai yritykseen, se voi olla stressaavaa aikaa, koska on niin paljon suunniteltavaa ja teht\u00e4v\u00e4\u00e4, varsinkin jos muutat toiseen maahan. Muuttopalveluiden k\u00e4ytt\u00e4minen <a href=\"https:\/\/moverdb.com\/fi\/moving-companies\/\" data-internallinksmanager029f6b8e52c=\"79\" title=\"Top 25 Kansainv\u00e4list\u00e4 muuttoyrityksi\u00e4 verkossa\">muuttofirma<\/a> voi auttaa v\u00e4hent\u00e4m\u00e4\u00e4n stressi\u00e4si ja poistaa paljon n\u00e4ist\u00e4 teht\u00e4vist\u00e4. Olemme koonneet alla olevan luettelon Myanmariin (Burmaan) sijoittautuneista <a href=\"https:\/\/moverdb.com\/fi\/international-removals\/\" data-internallinksmanager029f6b8e52c=\"27\" title=\"36 Parhaat kansainv\u00e4liset muuttoyritykset Yhdistyneess\u00e4 kuningaskunnassa\">muuttofirmat<\/a> jotka ovat j\u00e4seni\u00e4 <a href=\"https:\/\/moverdb.com\/fi\/iam\/\" data-internallinksmanager029f6b8e52c=\"23\" title=\"Kansainv\u00e4linen muuttajien liitto (IAM) selitetty\">Kansainv\u00e4linen muuttajien liitto<\/a> (IAM) ja\/tai <a href=\"https:\/\/moverdb.com\/fi\/fidi-faim\/\" data-internallinksmanager029f6b8e52c=\"16\" title=\"FIDI &amp; FAIM (FIDI Accredited International Mover) selitettyin\u00e4\">FIDI<\/a> Accredited International Mover (FAIM), joka voi auttaa sinua muutossasi.<\/p>\n<div id=\"ez-toc-container\" class=\"ez-toc-v2_0_82_2 ez-toc-wrap-left counter-hierarchy ez-toc-counter ez-toc-transparent ez-toc-container-direction\">\n<div class=\"ez-toc-title-container\">\n<p class=\"ez-toc-title\" style=\"cursor:inherit\">Jaksot<\/p>\n<span class=\"ez-toc-title-toggle\"><a href=\"#\" class=\"ez-toc-pull-right ez-toc-btn ez-toc-btn-xs ez-toc-btn-default ez-toc-toggle\" aria-label=\"Sis\u00e4llysluettelon vaihtaminen\"><span class=\"ez-toc-js-icon-con\"><span class=\"\"><span class=\"eztoc-hide\" style=\"display:none;\">Toggle<\/span><span class=\"ez-toc-icon-toggle-span\"><svg style=\"fill: #999;color:#999\" xmlns=\"http:\/\/www.w3.org\/2000\/svg\" class=\"list-377408\" width=\"20px\" height=\"20px\" viewbox=\"0 0 24 24\" fill=\"none\"><path d=\"M6 6H4v2h2V6zm14 0H8v2h12V6zM4 11h2v2H4v-2zm16 0H8v2h12v-2zM4 16h2v2H4v-2zm16 0H8v2h12v-2z\" fill=\"currentColor\"><\/path><\/svg><svg style=\"fill: #999;color:#999\" class=\"arrow-unsorted-368013\" xmlns=\"http:\/\/www.w3.org\/2000\/svg\" width=\"10px\" height=\"10px\" viewbox=\"0 0 24 24\" version=\"1.2\" baseprofile=\"tiny\"><path d=\"M18.2 9.3l-6.2-6.3-6.2 6.3c-.2.2-.3.4-.3.7s.1.5.3.7c.2.2.4.3.7.3h11c.3 0 .5-.1.7-.3.2-.2.3-.5.3-.7s-.1-.5-.3-.7zM5.8 14.7l6.2 6.3 6.2-6.3c.2-.2.3-.5.3-.7s-.1-.5-.3-.7c-.2-.2-.4-.3-.7-.3h-11c-.3 0-.5.1-.7.3-.2.2-.3.5-.3.7s.1.5.3.7z\"\/><\/svg><\/span><\/span><\/span><\/a><\/span><\/div>\n<nav><ul class='ez-toc-list ez-toc-list-level-1 eztoc-toggle-hide-by-default' ><li class='ez-toc-page-1 ez-toc-heading-level-2'><a class=\"ez-toc-link ez-toc-heading-1\" href=\"https:\/\/moverdb.com\/fi\/moving-companies\/moving-companies-myanmar\/#1_Dawood_Worldwide_Movers\" >1. Dawood Worldwide Movers<\/a><\/li><li class='ez-toc-page-1 ez-toc-heading-level-2'><a class=\"ez-toc-link ez-toc-heading-2\" href=\"https:\/\/moverdb.com\/fi\/moving-companies\/moving-companies-myanmar\/#2_DNS_Mobility_Ltd\" >2. DNS Mobility Ltd<\/a><\/li><li class='ez-toc-page-1 ez-toc-heading-level-2'><a class=\"ez-toc-link ez-toc-heading-3\" href=\"https:\/\/moverdb.com\/fi\/moving-companies\/moving-companies-myanmar\/#3_Global_Moving_Storage_Ltd\" >3. Global Moving &amp; Storage Ltd<\/a><\/li><li class='ez-toc-page-1 ez-toc-heading-level-2'><a class=\"ez-toc-link ez-toc-heading-4\" href=\"https:\/\/moverdb.com\/fi\/moving-companies\/moving-companies-myanmar\/#4_Legendary_Myanmar_International_Moving_Logistics_Co_Ltd\" >4. Legendaarinen Myanmarin kansainv\u00e4linen siirto- ja logistiikka Co Ltd.<\/a><\/li><li class='ez-toc-page-1 ez-toc-heading-level-2'><a class=\"ez-toc-link ez-toc-heading-5\" href=\"https:\/\/moverdb.com\/fi\/moving-companies\/moving-companies-myanmar\/#5_Myanmar_Express_Moving\" >5. Myanmar Express Moving<\/a><\/li><li class='ez-toc-page-1 ez-toc-heading-level-2'><a class=\"ez-toc-link ez-toc-heading-6\" href=\"https:\/\/moverdb.com\/fi\/moving-companies\/moving-companies-myanmar\/#6_NMT_Ltd\" >6. NMT Ltd<\/a><\/li><\/ul><\/nav><\/div>\n<h2><span class=\"ez-toc-section\" id=\"1_Dawood_Worldwide_Movers\"><\/span><strong>1. Dawood Worldwide Movers<\/strong><span class=\"ez-toc-section-end\"><\/span><\/h2>\n<p><img loading=\"lazy\" decoding=\"async\" class=\"alignnone size-full wp-image-8783\" src=\"https:\/\/moverdb.com\/wp-content\/uploads\/Dawood-Worldwide-Moving-international-moving-company.png\" alt=\"Dawood Worldwide Moving kansainv\u00e4linen muuttofirma\" width=\"1440\" height=\"682\" data-wp-pid=\"8783\" srcset=\"https:\/\/moverdb.com\/wp-content\/uploads\/Dawood-Worldwide-Moving-international-moving-company.png 1440w, https:\/\/moverdb.com\/wp-content\/uploads\/Dawood-Worldwide-Moving-international-moving-company-300x142.png 300w, https:\/\/moverdb.com\/wp-content\/uploads\/Dawood-Worldwide-Moving-international-moving-company-1024x485.png 1024w, https:\/\/moverdb.com\/wp-content\/uploads\/Dawood-Worldwide-Moving-international-moving-company-18x9.png 18w, https:\/\/moverdb.com\/wp-content\/uploads\/Dawood-Worldwide-Moving-international-moving-company-600x284.png 600w\" sizes=\"auto, (max-width: 1440px) 100vw, 1440px\" \/><\/p>\n<ul>\n<li>Kansalliset muutot<\/li>\n<li>Kansainv\u00e4liset muutot<\/li>\n<li>Kotitalouksien muutot<\/li>\n<li>Toimiston muutot<\/li>\n<li>Pakkauspalvelu<\/li>\n<li>Kuljetusj\u00e4rjestelyt<\/li>\n<li>Tulliselvitys<\/li>\n<li>L\u00e4ht\u00f6- ja m\u00e4\u00e4r\u00e4paikkapalvelut<\/li>\n<li>Lemmikkiel\u00e4inten uudelleensijoittaminen<\/li>\n<li>Turvallinen varastointi<\/li>\n<\/ul>\n<p>Dawood Worldwide Movers on vuonna 1963 perustettu kansainv\u00e4linen muuttofirma, jonka kotipaikka on Yangon. Se tekee yhteisty\u00f6t\u00e4 kansainv\u00e4listen muuttopalveluiden ja rahdinantajien kanssa tarjotakseen palveluitaan kaikkialla maailmassa. He ovat IAM:n j\u00e4sen, ja heill\u00e4 on 47 vuoden kokemus.<\/p>\n<p>Dawood Worldwide Movers tarjoaa t\u00e4ydellisen muuttopalvelun, joka sis\u00e4lt\u00e4\u00e4 tuen ennen muuttoa l\u00e4ht\u00f6- ja perill\u00e4olopalveluilla sek\u00e4 perill\u00e4olopalvelut, ja se voi my\u00f6s siirt\u00e4\u00e4 lemmikkisi. He tarjoavat t\u00e4ydellisen pakkauspalvelun, johon sis\u00e4ltyy pakkausmateriaaleja tavaroitesi suojaamiseksi kuljetuksen aikana. He j\u00e4rjest\u00e4v\u00e4t tavarasi kuljetuksen m\u00e4\u00e4r\u00e4np\u00e4\u00e4h\u00e4si tulliselvityksen kera.<\/p>\n<p>Verkkosivusto: <a href=\"http:\/\/www.dawoodmovers.com\" target=\"_blank\" rel=\"noopener\">http:\/\/www.dawoodmovers.com<\/a><\/p>\n<h2><span class=\"ez-toc-section\" id=\"2_DNS_Mobility_Ltd\"><\/span><strong>2. DNS Mobility Ltd<\/strong><span class=\"ez-toc-section-end\"><\/span><\/h2>\n<p><img loading=\"lazy\" decoding=\"async\" class=\"alignnone size-full wp-image-8789\" src=\"https:\/\/moverdb.com\/wp-content\/uploads\/DNS-Mobility-Ltd-international-moving-company.png\" alt=\"DNS Mobility Ltd kansainv\u00e4linen muuttofirma\" width=\"1440\" height=\"680\" data-wp-pid=\"8789\" srcset=\"https:\/\/moverdb.com\/wp-content\/uploads\/DNS-Mobility-Ltd-international-moving-company.png 1440w, https:\/\/moverdb.com\/wp-content\/uploads\/DNS-Mobility-Ltd-international-moving-company-300x142.png 300w, https:\/\/moverdb.com\/wp-content\/uploads\/DNS-Mobility-Ltd-international-moving-company-1024x484.png 1024w, https:\/\/moverdb.com\/wp-content\/uploads\/DNS-Mobility-Ltd-international-moving-company-18x9.png 18w, https:\/\/moverdb.com\/wp-content\/uploads\/DNS-Mobility-Ltd-international-moving-company-600x283.png 600w\" sizes=\"auto, (max-width: 1440px) 100vw, 1440px\" \/><\/p>\n<ul>\n<li>Kansalliset muutot<\/li>\n<li>Kansainv\u00e4liset siirrot<\/li>\n<li>Kotitalouksien muutot<\/li>\n<li>T\u00e4yden palvelun pakkaus<\/li>\n<li>R\u00e4\u00e4t\u00e4l\u00f6idyt pakkauslaitteet<\/li>\n<li>Kuljetuksen j\u00e4rjest\u00e4minen<\/li>\n<li><a href=\"https:\/\/moverdb.com\/fi\/car-transport-shipping\/\" data-internallinksmanager029f6b8e52c=\"2\" title=\"2026 Kansainv\u00e4linen autokuljetus ja ajoneuvojen kuljetus tarjoukset\">Ajoneuvojen kuljetus<\/a><\/li>\n<li>Kuvataiteen k\u00e4sittely<\/li>\n<li>Lemmikkiel\u00e4inten siirrot<\/li>\n<li>Turvalliset varastotilat<\/li>\n<\/ul>\n<p>DNS Mobility Ltd on vuonna 2013 perustettu kansainv\u00e4linen logistiikka- ja lemmikkiel\u00e4inten siirtoyritys, jonka kotipaikka on Yangon. Se tekee yhteisty\u00f6t\u00e4 yli 100 kumppanuus- ja tyt\u00e4ryhti\u00f6toimiston kanssa eri puolilla maailmaa tarjotakseen palvelujaan kansainv\u00e4lisesti. He ovat IAM:n j\u00e4sen, jolla on 11 vuoden kokemus.<\/p>\n<p>DNS Mobility Ltd tarjoaa kotitalouksille kattavia muuttopalveluja, jotka voivat tarjota t\u00e4ydellisen pakkauspalvelun, joka suojaa tavaroitasi kuljetuksen aikana ja sis\u00e4lt\u00e4\u00e4 r\u00e4\u00e4t\u00e4l\u00f6ityj\u00e4 pakkauslaitteita ja -laatikoita. He j\u00e4rjest\u00e4v\u00e4t tavaroitesi kuljetuksen ja seuraavat l\u00e4hetyst\u00e4si verkossa. Perill\u00e4 he purkavat pakkaukset ja poistavat roskat.<\/p>\n<p>Verkkosivusto: <a href=\"http:\/\/www.dnsmyanmar.com\" target=\"_blank\" rel=\"noopener\">http:\/\/www.dnsmyanmar.com<\/a><\/p>\n<h2><span class=\"ez-toc-section\" id=\"3_Global_Moving_Storage_Ltd\"><\/span><strong>3. Global Moving &amp; Storage Ltd<\/strong><span class=\"ez-toc-section-end\"><\/span><\/h2>\n<p><img loading=\"lazy\" decoding=\"async\" class=\"alignnone size-full wp-image-8806\" src=\"https:\/\/moverdb.com\/wp-content\/uploads\/Global-Moving-Storage-Ltd-international-moving-company.png\" alt=\"Global Moving &amp; Storage Ltd kansainv\u00e4linen muuttofirma\" width=\"1440\" height=\"675\" data-wp-pid=\"8806\" srcset=\"https:\/\/moverdb.com\/wp-content\/uploads\/Global-Moving-Storage-Ltd-international-moving-company.png 1440w, https:\/\/moverdb.com\/wp-content\/uploads\/Global-Moving-Storage-Ltd-international-moving-company-300x141.png 300w, https:\/\/moverdb.com\/wp-content\/uploads\/Global-Moving-Storage-Ltd-international-moving-company-1024x480.png 1024w, https:\/\/moverdb.com\/wp-content\/uploads\/Global-Moving-Storage-Ltd-international-moving-company-18x8.png 18w, https:\/\/moverdb.com\/wp-content\/uploads\/Global-Moving-Storage-Ltd-international-moving-company-600x281.png 600w\" sizes=\"auto, (max-width: 1440px) 100vw, 1440px\" \/><\/p>\n<ul>\n<li>Kansalliset siirrot<\/li>\n<li>Kansainv\u00e4liset siirrot<\/li>\n<li>Kotitalouksien muutot<\/li>\n<li>Toimiston muutot<\/li>\n<li>Pakkauspalvelut<\/li>\n<li>Kuljetusj\u00e4rjestelyt<\/li>\n<li>Tulliselvitys<\/li>\n<li>Kuvataiteen pakkaaminen<\/li>\n<li>Lemmikkiel\u00e4inten muuttopalvelu<\/li>\n<li>Varastointitilat<\/li>\n<\/ul>\n<p>Global Moving &amp; Storage Ltd on maailmanlaajuinen muutto- ja logistiikkayritys, jolla on yli kahden vuosikymmenen kokemus. Se on IAM:n j\u00e4sen 12 vuoden ajan, mik\u00e4 tarjoaa sille kansainv\u00e4lisen muuttovirkailijoiden verkoston, joka voi auttaa sit\u00e4 tarjoamaan palvelua ymp\u00e4ri maailmaa.<\/p>\n<p>Global Moving &amp; Storage Ltd tarjoaa ovelta ovelle, ovelta ovelle, ovelta ovelle.<a href=\"https:\/\/moverdb.com\/fi\/top-49-container-ports\/\" data-internallinksmanager029f6b8e52c=\"80\" title=\"Top 49 suurinta ja vilkkainta konttisatamaa vuonna 2025\">satama<\/a> tai satamasta ovelle -palvelut, joihin sis\u00e4ltyy tulliselvitys ja kuljetuksen j\u00e4rjest\u00e4minen. Ne tarjoavat kansainv\u00e4listen standardien mukaisia pakkauspalveluja, jotka suojaavat tavaroitasi kuljetuksen aikana. Ne tarjoavat erikoispalveluja diplomaateille, taideteollisuudelle ja lemmikkiel\u00e4inten muuttopalveluja.<\/p>\n<p>Verkkosivusto: <a href=\"http:\/\/www.globalmovingstorage.com\" target=\"_blank\" rel=\"noopener\">http:\/\/www.globalmovingstorage.com<\/a><\/p>\n<h2><span class=\"ez-toc-section\" id=\"4_Legendary_Myanmar_International_Moving_Logistics_Co_Ltd\"><\/span><strong>4. Legendaarinen Myanmarin kansainv\u00e4linen siirto- ja logistiikka Co Ltd.<\/strong><span class=\"ez-toc-section-end\"><\/span><\/h2>\n<p><img loading=\"lazy\" decoding=\"async\" class=\"alignnone size-full wp-image-8821\" src=\"https:\/\/moverdb.com\/wp-content\/uploads\/Legendary-Myanmar-International-Moving-Logistics-Co-Ltd.png\" alt=\"Legendaarinen Myanmarin kansainv\u00e4linen muutto- ja logistiikkayhti\u00f6 Co Ltd\" width=\"1440\" height=\"682\" data-wp-pid=\"8821\" srcset=\"https:\/\/moverdb.com\/wp-content\/uploads\/Legendary-Myanmar-International-Moving-Logistics-Co-Ltd.png 1440w, https:\/\/moverdb.com\/wp-content\/uploads\/Legendary-Myanmar-International-Moving-Logistics-Co-Ltd-300x142.png 300w, https:\/\/moverdb.com\/wp-content\/uploads\/Legendary-Myanmar-International-Moving-Logistics-Co-Ltd-1024x485.png 1024w, https:\/\/moverdb.com\/wp-content\/uploads\/Legendary-Myanmar-International-Moving-Logistics-Co-Ltd-18x9.png 18w, https:\/\/moverdb.com\/wp-content\/uploads\/Legendary-Myanmar-International-Moving-Logistics-Co-Ltd-600x284.png 600w\" sizes=\"auto, (max-width: 1440px) 100vw, 1440px\" \/><\/p>\n<ul>\n<li>Kansalliset siirrot<\/li>\n<li>Kansainv\u00e4liset siirrot<\/li>\n<li>Kotitalouksien muutot<\/li>\n<li>Yrityssiirrot<\/li>\n<li>Pakkauspalvelu<\/li>\n<li>Tie-, meri- ja lentorahtiliikenne<\/li>\n<li>Dokumentoinnin tuki<\/li>\n<li>Auton kuljetus<\/li>\n<li>Lemmikkiel\u00e4inten uudelleensijoittaminen<\/li>\n<li>Varastointitilat<\/li>\n<\/ul>\n<p>Legendaarinen Myanmar International Moving &amp; Logistics Co Ltd (LMSL) on merenkulku-, liikkuva ja <a href=\"https:\/\/moverdb.com\/fi\/relocation-agents\/\" data-internallinksmanager029f6b8e52c=\"1\" title=\"7 syyt\u00e4, miksi sinun pit\u00e4isi k\u00e4ytt\u00e4\u00e4 muuttoagenttia?\">muuttoasiamies<\/a> perustettiin vuonna 2010 ja sill\u00e4 on toimistot Yangonissa, Mandalayssa ja Baganissa. He ovat luoneet maailmanlaajuiset suhteet kuljetus- ja muuttoagentteihin kansainv\u00e4listen palvelujen tarjoamiseksi, ja he ovat IAM:n j\u00e4sen 13 vuoden ajan.<\/p>\n<p>LMSL tarjoaa kokonaisvaltaisia muuttopalveluja paikallisiin ja kansainv\u00e4lisiin muuttoihin, joihin kuuluu my\u00f6s avustaminen asiakirjojen kanssa. Se tarjoaa pakkauspalvelua tavaroittenne suojaamiseksi ja j\u00e4rjest\u00e4\u00e4 maantie-, lento- ja merikuljetuksen, johon sis\u00e4ltyy tukipalvelut, kuten tulliselvitys. He tarjoavat muuttopalveluja, joihin kuuluvat perehdytys, kodin ja koulun haku sek\u00e4 vuokrasopimusneuvottelut.<\/p>\n<p>Verkkosivusto: <a href=\"http:\/\/www.lmsl-shipping.com\" target=\"_blank\" rel=\"noopener\">http:\/\/www.lmsl-shipping.com<\/a><\/p>\n<h2><span class=\"ez-toc-section\" id=\"5_Myanmar_Express_Moving\"><\/span><strong>5. Myanmar Express Moving<\/strong><span class=\"ez-toc-section-end\"><\/span><\/h2>\n<p><img loading=\"lazy\" decoding=\"async\" class=\"alignnone size-full wp-image-8835\" src=\"https:\/\/moverdb.com\/wp-content\/uploads\/Myanmar-Express-Moving-international-moving-company.png\" alt=\"Myanmar Express Moving kansainv\u00e4linen muuttofirma\" width=\"1440\" height=\"677\" data-wp-pid=\"8835\" srcset=\"https:\/\/moverdb.com\/wp-content\/uploads\/Myanmar-Express-Moving-international-moving-company.png 1440w, https:\/\/moverdb.com\/wp-content\/uploads\/Myanmar-Express-Moving-international-moving-company-300x141.png 300w, https:\/\/moverdb.com\/wp-content\/uploads\/Myanmar-Express-Moving-international-moving-company-1024x481.png 1024w, https:\/\/moverdb.com\/wp-content\/uploads\/Myanmar-Express-Moving-international-moving-company-18x8.png 18w, https:\/\/moverdb.com\/wp-content\/uploads\/Myanmar-Express-Moving-international-moving-company-600x282.png 600w\" sizes=\"auto, (max-width: 1440px) 100vw, 1440px\" \/><\/p>\n<ul>\n<li>Paikalliset muutot<\/li>\n<li>Kansainv\u00e4liset muutot<\/li>\n<li>Kotitalouksien muutot<\/li>\n<li>Kaupallinen rahti<\/li>\n<li>Pakkauspalvelu<\/li>\n<li>Tie-, ilma- ja merikuljetukset<\/li>\n<li>Tulliselvitys<\/li>\n<li>Lemmikkiel\u00e4inten uudelleensijoittaminen<\/li>\n<li>Vakuutus<\/li>\n<li>Varastointitilat<\/li>\n<\/ul>\n<p>Myanmar Express Moving on Yangonissa sijaitseva muutto- ja pakkausyritys, jolla on yli 57 vuoden kokemus. Sill\u00e4 on kansainv\u00e4lisi\u00e4 strategisia kumppanuuksia ja liittoutumia ymp\u00e4ri maailmaa kansainv\u00e4listen palvelujen tarjoamiseksi. Se on IAM:n j\u00e4sen, jolla on 29 vuoden kokemus.<\/p>\n<p>Myanmar Express Moving tarjoaa ilmaisen kartoituksen, jossa arvioidaan muuttotarpeesi ja annetaan tarjous. He tarjoavat pakkauspalvelun, joka suojaa huonekalujasi k\u00e4ytt\u00e4m\u00e4ll\u00e4 nykyaikaisia pakkausmateriaaleja, jotka ovat korkeatasoisia, he purkavat pakkauksen saapuessaan ja poistavat mahdolliset roskat. He j\u00e4rjest\u00e4v\u00e4t maantie-, ilma- ja merikuljetuksen, tulliselvityksen ja vakuutuksen.<\/p>\n<p>Verkkosivusto: <a href=\"http:\/\/www.myanmarexpressmoving.com\" target=\"_blank\" rel=\"noopener\">http:\/\/www.myanmarexpressmoving.com<\/a><\/p>\n<h2><span class=\"ez-toc-section\" id=\"6_NMT_Ltd\"><\/span><strong>6. NMT Ltd<\/strong><span class=\"ez-toc-section-end\"><\/span><\/h2>\n<p><img loading=\"lazy\" decoding=\"async\" class=\"alignnone size-full wp-image-8838\" src=\"https:\/\/moverdb.com\/wp-content\/uploads\/NMT-Ltd-international-moving-company.png\" alt=\"NMT Ltd kansainv\u00e4linen muuttofirma\" width=\"1440\" height=\"683\" data-wp-pid=\"8838\" srcset=\"https:\/\/moverdb.com\/wp-content\/uploads\/NMT-Ltd-international-moving-company.png 1440w, https:\/\/moverdb.com\/wp-content\/uploads\/NMT-Ltd-international-moving-company-300x142.png 300w, https:\/\/moverdb.com\/wp-content\/uploads\/NMT-Ltd-international-moving-company-1024x486.png 1024w, https:\/\/moverdb.com\/wp-content\/uploads\/NMT-Ltd-international-moving-company-18x9.png 18w, https:\/\/moverdb.com\/wp-content\/uploads\/NMT-Ltd-international-moving-company-600x285.png 600w\" sizes=\"auto, (max-width: 1440px) 100vw, 1440px\" \/><\/p>\n<ul>\n<li>Kansalliset muutot<\/li>\n<li>Kansainv\u00e4liset muutot<\/li>\n<li>Kotitalouksien muutot<\/li>\n<li>Toimiston muutot<\/li>\n<li>Diplomaatin siirto<\/li>\n<li>Pakkauspalvelu<\/li>\n<li>Meri- ja lentorahdit<\/li>\n<li>Tulliv\u00e4litys<\/li>\n<li>Ajoneuvojen kuljetus<\/li>\n<li>Varastointitilat<\/li>\n<\/ul>\n<p>NMT Ltd on vuonna 1993 perustettu kansainv\u00e4linen pakkaus-, merenkulku-, siirto-, logistiikka- ja kuljetusyritys, joka sijaitsee Pohjois-Dagonissa ja Yangonissa. Se tarjoaa my\u00f6s messu- ja tapahtumapalveluja, jotka k\u00e4sittelev\u00e4t kuljetuksia ja j\u00e4rjestelyj\u00e4. He ovat IAM:n j\u00e4sen 30 vuoden palvelusaikana, mik\u00e4 antaa heille p\u00e4\u00e4syn kansainv\u00e4liseen muuttoagenttiverkostoon, jonka kautta he voivat tarjota palvelujaan maailmanlaajuisesti.<\/p>\n<p>NMT Ltd tarjoaa kotitalouksien ja toimistojen muuttoja Myanmarissa, Myanmariin ja Myanmarista, mukaan lukien suurl\u00e4hetyst\u00f6t ja diplomaatit. Heill\u00e4 on kokenut henkil\u00f6kunta, joka tukee sinua koko muuton ajan, mukaan lukien kokeneet pakkaajat, jotka pakkaavat tavarasi turvallisesti ja j\u00e4rjest\u00e4v\u00e4t kuljetuksen meri- tai lentorahtina tulliv\u00e4lityksineen.<\/p>\n<p>Verkkosivusto: <a href=\"http:\/\/www.ntmyanmar.com\" target=\"_blank\" rel=\"noopener\">http:\/\/www.ntmyanmar.com<\/a><\/p>","protected":false},"excerpt":{"rendered":"<p>When you are moving home or business it can be such a stressful time as there is so much to plan and do especially if you are moving to another country. Engaging the services of a moving company can help reduce your stress and take away a lot of those tasks. Below we have compiled [&hellip;]<\/p>\n","protected":false},"author":4,"featured_media":0,"parent":190,"menu_order":0,"comment_status":"closed","ping_status":"closed","template":"","meta":{"_genesis_hide_title":false,"_genesis_hide_breadcrumbs":false,"_genesis_hide_singular_image":false,"_genesis_hide_footer_widgets":false,"_genesis_custom_body_class":"","_genesis_custom_post_class":"","_genesis_layout":"","footnotes":""},"class_list":{"0":"post-8879","1":"page","2":"type-page","3":"status-publish","5":"entry","6":"has-post-thumbnail"},"_links":{"self":[{"href":"https:\/\/moverdb.com\/fi\/wp-json\/wp\/v2\/pages\/8879","targetHints":{"allow":["GET"]}}],"collection":[{"href":"https:\/\/moverdb.com\/fi\/wp-json\/wp\/v2\/pages"}],"about":[{"href":"https:\/\/moverdb.com\/fi\/wp-json\/wp\/v2\/types\/page"}],"author":[{"embeddable":true,"href":"https:\/\/moverdb.com\/fi\/wp-json\/wp\/v2\/users\/4"}],"replies":[{"embeddable":true,"href":"https:\/\/moverdb.com\/fi\/wp-json\/wp\/v2\/comments?post=8879"}],"version-history":[{"count":1,"href":"https:\/\/moverdb.com\/fi\/wp-json\/wp\/v2\/pages\/8879\/revisions"}],"predecessor-version":[{"id":8881,"href":"https:\/\/moverdb.com\/fi\/wp-json\/wp\/v2\/pages\/8879\/revisions\/8881"}],"up":[{"embeddable":true,"href":"https:\/\/moverdb.com\/fi\/wp-json\/wp\/v2\/pages\/190"}],"wp:attachment":[{"href":"https:\/\/moverdb.com\/fi\/wp-json\/wp\/v2\/media?parent=8879"}],"curies":[{"name":"wp","href":"https:\/\/api.w.org\/{rel}","templated":true}]}}