{"id":8434,"date":"2023-04-27T14:43:29","date_gmt":"2023-04-27T14:43:29","guid":{"rendered":"https:\/\/moverdb.com\/?page_id=8434"},"modified":"2026-01-08T15:23:49","modified_gmt":"2026-01-08T15:23:49","slug":"moving-companies-mongolia","status":"publish","type":"page","link":"https:\/\/moverdb.com\/fi\/moving-companies\/moving-companies-mongolia\/","title":{"rendered":"2 parasta kansainv\u00e4list\u00e4 muuttofirmaa Mongoliassa"},"content":{"rendered":"<p>Muutto voi olla stressaavaa aikaa, varsinkin jos muutat ulkomaille. Jos olet muuttamassa Mongoliassa, Mongoliaan tai Mongoliasta, saatat haluta ottaa k\u00e4ytt\u00f6\u00f6n <a href=\"https:\/\/moverdb.com\/fi\/moving-companies\/\" data-internallinksmanager029f6b8e52c=\"79\" title=\"Top 25 Kansainv\u00e4list\u00e4 muuttoyrityksi\u00e4 verkossa\">muuttofirma<\/a> helpottaa el\u00e4m\u00e4\u00e4si. Alla olemme koonneet luettelon mongolialaisista <a href=\"https:\/\/moverdb.com\/fi\/international-removals\/\" data-internallinksmanager029f6b8e52c=\"27\" title=\"36 Parhaat kansainv\u00e4liset muuttoyritykset Yhdistyneess\u00e4 kuningaskunnassa\">muuttofirmat<\/a> jotka ovat j\u00e4seni\u00e4 <a href=\"https:\/\/moverdb.com\/fi\/iam\/\" data-internallinksmanager029f6b8e52c=\"23\" title=\"Kansainv\u00e4linen muuttajien liitto (IAM) selitetty\">Kansainv\u00e4linen muuttajien liitto<\/a> (IAM) ja\/tai <a href=\"https:\/\/moverdb.com\/fi\/fidi-faim\/\" data-internallinksmanager029f6b8e52c=\"16\" title=\"FIDI &amp; FAIM (FIDI Accredited International Mover) selitettyin\u00e4\">FIDI<\/a> Accredited International Mover (FAIM), joka voi auttaa sinua muutossasi.<\/p>\n<h2><strong>1. Nice Move Logistics<\/strong><\/h2>\n<p><img loading=\"lazy\" decoding=\"async\" class=\"alignnone size-full wp-image-8349\" src=\"https:\/\/moverdb.com\/wp-content\/uploads\/Nice-Move-Logistics-international-moving-company.png\" alt=\"Nice Move Logistics kansainv\u00e4linen muuttofirma\" width=\"1440\" height=\"670\" data-wp-pid=\"8349\" srcset=\"https:\/\/moverdb.com\/wp-content\/uploads\/Nice-Move-Logistics-international-moving-company.png 1440w, https:\/\/moverdb.com\/wp-content\/uploads\/Nice-Move-Logistics-international-moving-company-300x140.png 300w, https:\/\/moverdb.com\/wp-content\/uploads\/Nice-Move-Logistics-international-moving-company-1024x476.png 1024w, https:\/\/moverdb.com\/wp-content\/uploads\/Nice-Move-Logistics-international-moving-company-18x8.png 18w, https:\/\/moverdb.com\/wp-content\/uploads\/Nice-Move-Logistics-international-moving-company-600x279.png 600w\" sizes=\"auto, (max-width: 1440px) 100vw, 1440px\" \/><\/p>\n<ul>\n<li>Paikalliset ja kansalliset siirrot<\/li>\n<li>Kansainv\u00e4liset siirrot<\/li>\n<li>Kotitalouksien muutot<\/li>\n<li>Toimiston muutot<\/li>\n<li>Ammattimainen pakkauspalvelu<\/li>\n<li>Meri- ja ilmakuljetukset<\/li>\n<li>Tulliselvitys<\/li>\n<li>Lemmikkiel\u00e4inten siirrot<\/li>\n<li>Autokuljetukset<\/li>\n<li>Varastointitilat<\/li>\n<\/ul>\n<p>Nice Move Logistics on vuonna 2021 perustettu muutto- ja siirtoyritys, jonka kotipaikka on Ulaanbaatar. Se on IAM:n j\u00e4sen 2 vuoden palvelussuhteella, mik\u00e4 antaa sille p\u00e4\u00e4syn kansainv\u00e4liseen muuttoagenttiverkostoon, joka auttaa sit\u00e4 toimittamaan palveluita kaikkialla maailmassa.<\/p>\n<p>Nice Move Logistics tarjoaa muuttopalveluja kotitalouksille ja toimistoille Mongoliassa, Mongoliaan ja Mongoliasta. He tarjoavat ammattitaitoista pakkauspalvelua, joka auttaa suojaamaan tavaroitasi kuljetuksen aikana, ja he j\u00e4rjest\u00e4v\u00e4t meri- tai lentokuljetuksen tulliselvityksineen. He tarjoavat my\u00f6s lis\u00e4palveluita, kuten lemmikkiel\u00e4inten siirtoja, autojen k\u00e4sittely\u00e4 ja varastointitiloja.<\/p>\n<p>Verkkosivusto: <a href=\"http:\/\/www.nicelogistics.mn\" target=\"_blank\" rel=\"noopener\">http:\/\/www.nicelogistics.mn<\/a><\/p>\n<h2><strong>2. Monex Mongolian Express<\/strong><\/h2>\n<p><img loading=\"lazy\" decoding=\"async\" class=\"alignnone size-full wp-image-8342\" src=\"https:\/\/moverdb.com\/wp-content\/uploads\/Monex-Mongolian-Express-international-moving-company.png\" alt=\"Monex Mongolian Express kansainv\u00e4linen muuttofirma\" width=\"1440\" height=\"637\" data-wp-pid=\"8342\" srcset=\"https:\/\/moverdb.com\/wp-content\/uploads\/Monex-Mongolian-Express-international-moving-company.png 1440w, https:\/\/moverdb.com\/wp-content\/uploads\/Monex-Mongolian-Express-international-moving-company-300x133.png 300w, https:\/\/moverdb.com\/wp-content\/uploads\/Monex-Mongolian-Express-international-moving-company-1024x453.png 1024w, https:\/\/moverdb.com\/wp-content\/uploads\/Monex-Mongolian-Express-international-moving-company-18x8.png 18w, https:\/\/moverdb.com\/wp-content\/uploads\/Monex-Mongolian-Express-international-moving-company-600x265.png 600w\" sizes=\"auto, (max-width: 1440px) 100vw, 1440px\" \/><\/p>\n<ul>\n<li>Kansalliset siirrot<\/li>\n<li>Kansainv\u00e4liset siirrot<\/li>\n<li>Kotitalouksien muutot<\/li>\n<li>Kaupalliset l\u00e4hetykset<\/li>\n<li>L\u00e4hetysten j\u00e4rjest\u00e4minen<\/li>\n<li><a href=\"https:\/\/moverdb.com\/fi\/container-shipping\/\" data-internallinksmanager029f6b8e52c=\"3\" title=\"Kansainv\u00e4lisen konttikuljetuksen hinnat: huhtikuu 2026\">Konttikuljetukset<\/a><\/li>\n<li>Pakkauspalvelut<\/li>\n<li>Tie-, rautatie-, meri- ja ilmakuljetukset<\/li>\n<li>Tulliselvitys<\/li>\n<li>Varastointitilat<\/li>\n<\/ul>\n<p>Monex Mongolian Express on vuonna 1999 perustettu kuljetus- ja logistiikkayritys, jonka kotipaikka on Ulaanbaatarissa. Se on IAM:n j\u00e4sen 24 vuoden ajan, mik\u00e4 tarjoaa sille kansainv\u00e4lisen muuttoagenttiverkoston, joka auttaa sit\u00e4 tarjoamaan palveluja ymp\u00e4ri maailmaa.<\/p>\n<p>Monex Mongolian Express tarjoaa kuljetuspalveluja, joihin kuuluvat kansainv\u00e4liset muutot ja toimitukset. Se j\u00e4rjest\u00e4\u00e4 tavarasi kuljetuksen maanteitse, rautateitse, meritse tai ilmateitse ja auttaa tulliselvityksess\u00e4. He tarjoavat 20- ja 40-jalkaisia kontteja tavaroiden l\u00e4hett\u00e4miseen sek\u00e4 valikoiman erikokoisia ajoneuvoja.<\/p>\n<p>Verkkosivusto: <a href=\"http:\/\/www.monex.mn\" target=\"_blank\" rel=\"noopener\">http:\/\/www.monex.mn<\/a><\/p>","protected":false},"excerpt":{"rendered":"<p>Moving can be a stressful time especially if you are moving countries. If you are moving within, to or from Mongolia you may want to engage the services of a moving company to make your life easier. Below we have compiled a list of Mongolian removal companies that are members of the International Association of [&hellip;]<\/p>\n","protected":false},"author":4,"featured_media":0,"parent":190,"menu_order":0,"comment_status":"closed","ping_status":"closed","template":"","meta":{"_genesis_hide_title":false,"_genesis_hide_breadcrumbs":false,"_genesis_hide_singular_image":false,"_genesis_hide_footer_widgets":false,"_genesis_custom_body_class":"","_genesis_custom_post_class":"","_genesis_layout":"","footnotes":""},"class_list":{"0":"post-8434","1":"page","2":"type-page","3":"status-publish","5":"entry","6":"has-post-thumbnail"},"_links":{"self":[{"href":"https:\/\/moverdb.com\/fi\/wp-json\/wp\/v2\/pages\/8434","targetHints":{"allow":["GET"]}}],"collection":[{"href":"https:\/\/moverdb.com\/fi\/wp-json\/wp\/v2\/pages"}],"about":[{"href":"https:\/\/moverdb.com\/fi\/wp-json\/wp\/v2\/types\/page"}],"author":[{"embeddable":true,"href":"https:\/\/moverdb.com\/fi\/wp-json\/wp\/v2\/users\/4"}],"replies":[{"embeddable":true,"href":"https:\/\/moverdb.com\/fi\/wp-json\/wp\/v2\/comments?post=8434"}],"version-history":[{"count":1,"href":"https:\/\/moverdb.com\/fi\/wp-json\/wp\/v2\/pages\/8434\/revisions"}],"predecessor-version":[{"id":8435,"href":"https:\/\/moverdb.com\/fi\/wp-json\/wp\/v2\/pages\/8434\/revisions\/8435"}],"up":[{"embeddable":true,"href":"https:\/\/moverdb.com\/fi\/wp-json\/wp\/v2\/pages\/190"}],"wp:attachment":[{"href":"https:\/\/moverdb.com\/fi\/wp-json\/wp\/v2\/media?parent=8434"}],"curies":[{"name":"wp","href":"https:\/\/api.w.org\/{rel}","templated":true}]}}