{"id":8432,"date":"2023-04-27T14:44:07","date_gmt":"2023-04-27T14:44:07","guid":{"rendered":"https:\/\/moverdb.com\/?page_id=8432"},"modified":"2026-01-08T15:30:08","modified_gmt":"2026-01-08T15:30:08","slug":"moving-companies-moldova","status":"publish","type":"page","link":"https:\/\/moverdb.com\/fi\/moving-companies\/moving-companies-moldova\/","title":{"rendered":"Parhaat kansainv\u00e4liset muuttofirmat Moldovassa"},"content":{"rendered":"<p>Jos suunnittelet kotisi tai liiketoimintasi muuttoa Moldovassa, Moldovaan tai Moldovasta, kannattaa harkita, ett\u00e4 palkkaat <a href=\"https:\/\/moverdb.com\/fi\/moving-companies\/\" data-internallinksmanager029f6b8e52c=\"79\" title=\"Top 25 Kansainv\u00e4list\u00e4 muuttoyrityksi\u00e4 verkossa\">muuttofirma<\/a> helpottaa muuttoa. Alla on luettelo Moldovassa sijaitsevista yrityksist\u00e4. <a href=\"https:\/\/moverdb.com\/fi\/international-removals\/\" data-internallinksmanager029f6b8e52c=\"27\" title=\"36 Parhaat kansainv\u00e4liset muuttoyritykset Yhdistyneess\u00e4 kuningaskunnassa\">muuttofirmat<\/a> jotka ovat j\u00e4seni\u00e4 <a href=\"https:\/\/moverdb.com\/fi\/iam\/\" data-internallinksmanager029f6b8e52c=\"23\" title=\"Kansainv\u00e4linen muuttajien liitto (IAM) selitetty\">Kansainv\u00e4linen muuttajien liitto<\/a> (IAM) ja\/tai <a href=\"https:\/\/moverdb.com\/fi\/fidi-faim\/\" data-internallinksmanager029f6b8e52c=\"16\" title=\"FIDI &amp; FAIM (FIDI Accredited International Mover) selitettyin\u00e4\">FIDI<\/a> Accredited International Mover (FAIM), joka voi auttaa sinua muutossasi.<\/p>\n<h2><strong>Moldovan muuttajat<\/strong><\/h2>\n<p><img loading=\"lazy\" decoding=\"async\" class=\"alignnone size-full wp-image-8341\" src=\"https:\/\/moverdb.com\/wp-content\/uploads\/Moldovan-Movers-international-moving-company.png\" alt=\"Moldovan Movers kansainv\u00e4linen muuttofirma\" width=\"1440\" height=\"682\" data-wp-pid=\"8341\" srcset=\"https:\/\/moverdb.com\/wp-content\/uploads\/Moldovan-Movers-international-moving-company.png 1440w, https:\/\/moverdb.com\/wp-content\/uploads\/Moldovan-Movers-international-moving-company-300x142.png 300w, https:\/\/moverdb.com\/wp-content\/uploads\/Moldovan-Movers-international-moving-company-1024x485.png 1024w, https:\/\/moverdb.com\/wp-content\/uploads\/Moldovan-Movers-international-moving-company-18x9.png 18w, https:\/\/moverdb.com\/wp-content\/uploads\/Moldovan-Movers-international-moving-company-600x284.png 600w\" sizes=\"auto, (max-width: 1440px) 100vw, 1440px\" \/><\/p>\n<ul>\n<li>Kansalliset siirrot<\/li>\n<li>Kansainv\u00e4liset siirrot<\/li>\n<li>Asuntojen muutot<\/li>\n<li>Toimiston muutot<\/li>\n<li>Ammattimainen pakkauspalvelu<\/li>\n<li>Kuljetuksen j\u00e4rjest\u00e4minen<\/li>\n<li>Tulliselvitys<\/li>\n<li>Lemmikkiel\u00e4inten uudelleensijoittaminen<\/li>\n<li>Ajoneuvojen kuljetus<\/li>\n<li>Varastointitilat<\/li>\n<\/ul>\n<p>Moldovan on yksi Moldovan suurimmista muuttofirmoista, ja se perustettiin vuonna 1995, ja sen kotipaikka on Chi\u015fin\u0103u. Heill\u00e4 on luotettavien yhteisty\u00f6kumppaneiden verkosto, jonka kanssa he tekev\u00e4t yhteisty\u00f6t\u00e4 ymp\u00e4ri maailmaa tarjotakseen muuttopalveluja kansainv\u00e4lisesti. He ovat IAM:n j\u00e4sen, ja heill\u00e4 on 25 vuoden kokemus.<\/p>\n<p>Moldovan tarjoaa ilmaisen muuttoa edelt\u00e4v\u00e4n kartoituksen tarpeidesi arvioimiseksi ja tarjouksen laatimiseksi. He tarjoavat t\u00e4ydellisen muuttopalvelun, joka sis\u00e4lt\u00e4\u00e4 ammattimaisen pakkauspalvelun, joka pakkaa tavarasi turvallisesti ja purkaa ne, j\u00e4rjest\u00e4\u00e4 kuljetuksen ja tulliselvityksen. He tarjoavat my\u00f6s ajoneuvojen ja lemmikkiel\u00e4inten muuttoon erikoistuneita palveluja.<\/p>\n<p>Verkkosivusto: <a href=\"http:\/\/www.movers.md\" target=\"_blank\" rel=\"noopener\">http:\/\/www.movers.md<\/a><\/p>","protected":false},"excerpt":{"rendered":"<p>If you are planning on moving home or business within, to or from Moldova then you might want to consider employing a moving company to make the move easier. Below we have compiled a list of Moldova based removal companies that are members of the International Association of Movers (IAM) and\/or FIDI Accredited International Mover [&hellip;]<\/p>\n","protected":false},"author":4,"featured_media":0,"parent":190,"menu_order":0,"comment_status":"closed","ping_status":"closed","template":"","meta":{"_genesis_hide_title":false,"_genesis_hide_breadcrumbs":false,"_genesis_hide_singular_image":false,"_genesis_hide_footer_widgets":false,"_genesis_custom_body_class":"","_genesis_custom_post_class":"","_genesis_layout":"","footnotes":""},"class_list":{"0":"post-8432","1":"page","2":"type-page","3":"status-publish","5":"entry","6":"has-post-thumbnail"},"_links":{"self":[{"href":"https:\/\/moverdb.com\/fi\/wp-json\/wp\/v2\/pages\/8432","targetHints":{"allow":["GET"]}}],"collection":[{"href":"https:\/\/moverdb.com\/fi\/wp-json\/wp\/v2\/pages"}],"about":[{"href":"https:\/\/moverdb.com\/fi\/wp-json\/wp\/v2\/types\/page"}],"author":[{"embeddable":true,"href":"https:\/\/moverdb.com\/fi\/wp-json\/wp\/v2\/users\/4"}],"replies":[{"embeddable":true,"href":"https:\/\/moverdb.com\/fi\/wp-json\/wp\/v2\/comments?post=8432"}],"version-history":[{"count":1,"href":"https:\/\/moverdb.com\/fi\/wp-json\/wp\/v2\/pages\/8432\/revisions"}],"predecessor-version":[{"id":8433,"href":"https:\/\/moverdb.com\/fi\/wp-json\/wp\/v2\/pages\/8432\/revisions\/8433"}],"up":[{"embeddable":true,"href":"https:\/\/moverdb.com\/fi\/wp-json\/wp\/v2\/pages\/190"}],"wp:attachment":[{"href":"https:\/\/moverdb.com\/fi\/wp-json\/wp\/v2\/media?parent=8432"}],"curies":[{"name":"wp","href":"https:\/\/api.w.org\/{rel}","templated":true}]}}