{"id":8429,"date":"2023-04-27T14:44:53","date_gmt":"2023-04-27T14:44:53","guid":{"rendered":"https:\/\/moverdb.com\/?page_id=8429"},"modified":"2026-01-08T15:29:22","modified_gmt":"2026-01-08T15:29:22","slug":"moving-companies-mauritius","status":"publish","type":"page","link":"https:\/\/moverdb.com\/fi\/moving-companies\/moving-companies-mauritius\/","title":{"rendered":"6 parasta kansainv\u00e4list\u00e4 muuttoa harjoittavaa yrityst\u00e4 Mauritiuksella"},"content":{"rendered":"<p>Muutto Mauritiukselle tai Mauritiukselta voi olla stressaavaa aikaa, sill\u00e4 ulkomaille muuttaessa on paljon j\u00e4rjestelt\u00e4v\u00e4\u00e4 ja paperit\u00f6it\u00e4. T\u00e4m\u00e4n vuoksi monet ihmiset ottavat palvelukseensa muuttopalvelun. <a href=\"https:\/\/moverdb.com\/fi\/moving-companies\/\" data-internallinksmanager029f6b8e52c=\"79\" title=\"Top 25 Kansainv\u00e4list\u00e4 muuttoyrityksi\u00e4 verkossa\">muuttofirma<\/a> tehd\u00e4 heid\u00e4n el\u00e4m\u00e4st\u00e4\u00e4n helpompaa. Alla on luettelo Mauritiuksella toimivista yrityksist\u00e4. <a href=\"https:\/\/moverdb.com\/fi\/international-removals\/\" data-internallinksmanager029f6b8e52c=\"27\" title=\"36 Parhaat kansainv\u00e4liset muuttoyritykset Yhdistyneess\u00e4 kuningaskunnassa\">muuttofirmat<\/a> jotka ovat j\u00e4seni\u00e4 <a href=\"https:\/\/moverdb.com\/fi\/iam\/\" data-internallinksmanager029f6b8e52c=\"23\" title=\"Kansainv\u00e4linen muuttajien liitto (IAM) selitetty\">Kansainv\u00e4linen muuttajien liitto<\/a> (IAM) ja\/tai <a href=\"https:\/\/moverdb.com\/fi\/fidi-faim\/\" data-internallinksmanager029f6b8e52c=\"16\" title=\"FIDI &amp; FAIM (FIDI Accredited International Mover) selitettyin\u00e4\">FIDI<\/a> Accredited International Mover (FAIM), joka voi auttaa sinua muutossasi.<\/p>\n<div id=\"ez-toc-container\" class=\"ez-toc-v2_0_82_2 ez-toc-wrap-left counter-hierarchy ez-toc-counter ez-toc-transparent ez-toc-container-direction\">\n<div class=\"ez-toc-title-container\">\n<p class=\"ez-toc-title\" style=\"cursor:inherit\">Jaksot<\/p>\n<span class=\"ez-toc-title-toggle\"><a href=\"#\" class=\"ez-toc-pull-right ez-toc-btn ez-toc-btn-xs ez-toc-btn-default ez-toc-toggle\" aria-label=\"Sis\u00e4llysluettelon vaihtaminen\"><span class=\"ez-toc-js-icon-con\"><span class=\"\"><span class=\"eztoc-hide\" style=\"display:none;\">Toggle<\/span><span class=\"ez-toc-icon-toggle-span\"><svg style=\"fill: #999;color:#999\" xmlns=\"http:\/\/www.w3.org\/2000\/svg\" class=\"list-377408\" width=\"20px\" height=\"20px\" viewbox=\"0 0 24 24\" fill=\"none\"><path d=\"M6 6H4v2h2V6zm14 0H8v2h12V6zM4 11h2v2H4v-2zm16 0H8v2h12v-2zM4 16h2v2H4v-2zm16 0H8v2h12v-2z\" fill=\"currentColor\"><\/path><\/svg><svg style=\"fill: #999;color:#999\" class=\"arrow-unsorted-368013\" xmlns=\"http:\/\/www.w3.org\/2000\/svg\" width=\"10px\" height=\"10px\" viewbox=\"0 0 24 24\" version=\"1.2\" baseprofile=\"tiny\"><path d=\"M18.2 9.3l-6.2-6.3-6.2 6.3c-.2.2-.3.4-.3.7s.1.5.3.7c.2.2.4.3.7.3h11c.3 0 .5-.1.7-.3.2-.2.3-.5.3-.7s-.1-.5-.3-.7zM5.8 14.7l6.2 6.3 6.2-6.3c.2-.2.3-.5.3-.7s-.1-.5-.3-.7c-.2-.2-.4-.3-.7-.3h-11c-.3 0-.5.1-.7.3-.2.2-.3.5-.3.7s.1.5.3.7z\"\/><\/svg><\/span><\/span><\/span><\/a><\/span><\/div>\n<nav><ul class='ez-toc-list ez-toc-list-level-1 eztoc-toggle-hide-by-default' ><li class='ez-toc-page-1 ez-toc-heading-level-2'><a class=\"ez-toc-link ez-toc-heading-1\" href=\"https:\/\/moverdb.com\/fi\/moving-companies\/moving-companies-mauritius\/#1_Celero\" >1. Celero<\/a><\/li><li class='ez-toc-page-1 ez-toc-heading-level-2'><a class=\"ez-toc-link ez-toc-heading-2\" href=\"https:\/\/moverdb.com\/fi\/moving-companies\/moving-companies-mauritius\/#2_Freight_and_Transit_Co_Ltd\" >2. Rahti- ja kauttakulkuliikenne Co Ltd<\/a><\/li><li class='ez-toc-page-1 ez-toc-heading-level-2'><a class=\"ez-toc-link ez-toc-heading-3\" href=\"https:\/\/moverdb.com\/fi\/moving-companies\/moving-companies-mauritius\/#3_Relocation_and_Moving_Solutions_Ltd\" >3. Muutto- ja muuttoratkaisut Oy<\/a><\/li><li class='ez-toc-page-1 ez-toc-heading-level-2'><a class=\"ez-toc-link ez-toc-heading-4\" href=\"https:\/\/moverdb.com\/fi\/moving-companies\/moving-companies-mauritius\/#4_Somatrans\" >4. Somatrans<\/a><\/li><li class='ez-toc-page-1 ez-toc-heading-level-2'><a class=\"ez-toc-link ez-toc-heading-5\" href=\"https:\/\/moverdb.com\/fi\/moving-companies\/moving-companies-mauritius\/#5_Velogic\" >5. Velogic<\/a><\/li><li class='ez-toc-page-1 ez-toc-heading-level-2'><a class=\"ez-toc-link ez-toc-heading-6\" href=\"https:\/\/moverdb.com\/fi\/moving-companies\/moving-companies-mauritius\/#6_Worldwide_Relocation_Services\" >6. Maailmanlaajuiset siirtopalvelut<\/a><\/li><\/ul><\/nav><\/div>\n<h2><span class=\"ez-toc-section\" id=\"1_Celero\"><\/span><strong>1. Celero<\/strong><span class=\"ez-toc-section-end\"><\/span><\/h2>\n<p><img loading=\"lazy\" decoding=\"async\" class=\"alignnone size-full wp-image-8296\" src=\"https:\/\/moverdb.com\/wp-content\/uploads\/Celero-international-moving-company.png\" alt=\"Celero kansainv\u00e4linen muuttoliike\" width=\"1440\" height=\"671\" data-wp-pid=\"8296\" srcset=\"https:\/\/moverdb.com\/wp-content\/uploads\/Celero-international-moving-company.png 1440w, https:\/\/moverdb.com\/wp-content\/uploads\/Celero-international-moving-company-300x140.png 300w, https:\/\/moverdb.com\/wp-content\/uploads\/Celero-international-moving-company-1024x477.png 1024w, https:\/\/moverdb.com\/wp-content\/uploads\/Celero-international-moving-company-18x8.png 18w, https:\/\/moverdb.com\/wp-content\/uploads\/Celero-international-moving-company-600x280.png 600w\" sizes=\"auto, (max-width: 1440px) 100vw, 1440px\" \/><\/p>\n<ul>\n<li>Kansainv\u00e4liset siirrot<\/li>\n<li>Asuntojen muutot<\/li>\n<li>Toimiston muutot<\/li>\n<li>Ammattimainen pakkauspalvelu<\/li>\n<li>Meri- ja lentorahdit<\/li>\n<li>Konsolidointipalvelu<\/li>\n<li>Tulliselvitys<\/li>\n<li>Lemmikkiel\u00e4inten kuljetus<\/li>\n<li>Vakuutus<\/li>\n<li>Turvallinen varastointi<\/li>\n<\/ul>\n<p>Celero on vuonna 2009 perustettu itsen\u00e4inen logistiikkayritys, jonka kotipaikka on Mauritius ja toimipiste on Mauritiuksella. <a href=\"https:\/\/moverdb.com\/fi\/moving-companies\/moving-companies-madagascar\/\" data-internallinksmanager029f6b8e52c=\"297\" title=\"Parhaat kansainv\u00e4liset muuttofirmat Madagaskarissa\">Madagaskar<\/a> my\u00f6s. He ovat IAM:n j\u00e4sen 14 vuoden ajan, mik\u00e4 antaa heille p\u00e4\u00e4syn kansainv\u00e4liseen muuttoagenttiverkostoon, joka auttaa heit\u00e4 kansainv\u00e4lisiss\u00e4 muutoissa.<\/p>\n<p>Celero tarjoaa muuttopalveluja asuin- ja toimistosiirtoihin. Se tarjoaa ammattitaitoista pakkaus- ja k\u00e4\u00e4repalvelua, joka suojaa tavarasi kuljetuksen aikana, purkaa tavarat ja poistaa roskat. Celero j\u00e4rjest\u00e4\u00e4 tavaroiden turvallisen kuljetuksen meri- tai lentorahtina ja auttaa tulliselvityksess\u00e4. He tarjoavat my\u00f6s lemmikkiel\u00e4inten kuljetuksia, vakuutuksia ja turvallisia varastotiloja.<\/p>\n<p>Verkkosivusto: <a href=\"http:\/\/www.celerogroup.com\" target=\"_blank\" rel=\"noopener\">http:\/\/www.celerogroup.com<\/a><\/p>\n<h2><span class=\"ez-toc-section\" id=\"2_Freight_and_Transit_Co_Ltd\"><\/span><strong>2. Rahti- ja kauttakulkuliikenne Co Ltd<\/strong><span class=\"ez-toc-section-end\"><\/span><\/h2>\n<p><img loading=\"lazy\" decoding=\"async\" class=\"alignnone size-full wp-image-8315\" src=\"https:\/\/moverdb.com\/wp-content\/uploads\/Freight-and-Transit-Co-Ltd-international-moving-company.png\" alt=\"Freight and Transit Co Ltd kansainv\u00e4linen muuttoyritys\" width=\"1440\" height=\"655\" data-wp-pid=\"8315\" srcset=\"https:\/\/moverdb.com\/wp-content\/uploads\/Freight-and-Transit-Co-Ltd-international-moving-company.png 1440w, https:\/\/moverdb.com\/wp-content\/uploads\/Freight-and-Transit-Co-Ltd-international-moving-company-300x136.png 300w, https:\/\/moverdb.com\/wp-content\/uploads\/Freight-and-Transit-Co-Ltd-international-moving-company-1024x466.png 1024w, https:\/\/moverdb.com\/wp-content\/uploads\/Freight-and-Transit-Co-Ltd-international-moving-company-18x8.png 18w, https:\/\/moverdb.com\/wp-content\/uploads\/Freight-and-Transit-Co-Ltd-international-moving-company-600x273.png 600w\" sizes=\"auto, (max-width: 1440px) 100vw, 1440px\" \/><\/p>\n<ul>\n<li>Paikalliset muutot<\/li>\n<li>Kansainv\u00e4liset muutot<\/li>\n<li>Kotitalouksien muutot<\/li>\n<li>Ovelta ovelle -ratkaisut<\/li>\n<li>Ammattimainen pakkaus<\/li>\n<li>Meri- ja lentorahdit<\/li>\n<li>Tulliselvitys<\/li>\n<li>Lemmikkiel\u00e4inten kuljetus<\/li>\n<li>Vakuutus<\/li>\n<li>Turvallinen varastointi<\/li>\n<\/ul>\n<p>Freight and Transit Co Ltd on vuonna 1994 perustettu kuljetus- ja huolintayhti\u00f6. Yritys on IAM:n j\u00e4sen 29 vuoden ajan, mik\u00e4 antaa sille p\u00e4\u00e4syn kansainv\u00e4liseen muuttoagenttiverkostoon.<\/p>\n<p>Freight and Transit Co Ltd tarjoaa ovelta ovelle -muuttopalvelua kansallisesti ja kansainv\u00e4lisesti. He tarjoavat ammattitaitoista pakkauspalvelua, joka sis\u00e4lt\u00e4\u00e4 tavaroiden pakkaamisen ja k\u00e4\u00e4rimisen, huonekalujen purkamisen ja kokoamisen, pakkausten purkamisen ja mahdollisten roskien poistamisen. He auttavat sinua valitsemaan optimaalisimman muuttovaihtoehdon, mukaan lukien lento- ja merirahti. He auttavat tulliselvityksess\u00e4 ja asiakirjojen laadinnassa sek\u00e4 tarjoavat tarvittaessa vakuutuksen ja turvallisen varastoinnin.<\/p>\n<p>Verkkosivusto: <a href=\"http:\/\/www.ftl.mu\" target=\"_blank\" rel=\"noopener\">http:\/\/www.ftl.mu<\/a><\/p>\n<h2><span class=\"ez-toc-section\" id=\"3_Relocation_and_Moving_Solutions_Ltd\"><\/span><strong>3. Muutto- ja muuttoratkaisut Oy<\/strong><span class=\"ez-toc-section-end\"><\/span><\/h2>\n<p><img loading=\"lazy\" decoding=\"async\" class=\"alignnone size-full wp-image-8359\" src=\"https:\/\/moverdb.com\/wp-content\/uploads\/Relocation-and-Moving-Solutions-Ltd-international-moving-company.png\" alt=\"Relocation and Moving Solutions Ltd kansainv\u00e4linen muuttofirma\" width=\"1440\" height=\"679\" data-wp-pid=\"8359\" srcset=\"https:\/\/moverdb.com\/wp-content\/uploads\/Relocation-and-Moving-Solutions-Ltd-international-moving-company.png 1440w, https:\/\/moverdb.com\/wp-content\/uploads\/Relocation-and-Moving-Solutions-Ltd-international-moving-company-300x141.png 300w, https:\/\/moverdb.com\/wp-content\/uploads\/Relocation-and-Moving-Solutions-Ltd-international-moving-company-1024x483.png 1024w, https:\/\/moverdb.com\/wp-content\/uploads\/Relocation-and-Moving-Solutions-Ltd-international-moving-company-18x8.png 18w, https:\/\/moverdb.com\/wp-content\/uploads\/Relocation-and-Moving-Solutions-Ltd-international-moving-company-600x283.png 600w\" sizes=\"auto, (max-width: 1440px) 100vw, 1440px\" \/><\/p>\n<ul>\n<li>Kansalliset siirrot<\/li>\n<li>Kansainv\u00e4liset siirrot<\/li>\n<li>Kotitalouksien muutot<\/li>\n<li>Toimiston muutto<\/li>\n<li>R\u00e4\u00e4t\u00e4l\u00f6idyt ratkaisut<\/li>\n<li>Ovelta ovelle -palvelut<\/li>\n<li>Pakkauspalvelu<\/li>\n<li>Kuljetus maanteitse, meritse tai ilmateitse<\/li>\n<li>Tulliselvitys<\/li>\n<li>Lyhytaikainen ja pitk\u00e4aikainen varastointi<\/li>\n<\/ul>\n<p>Relocation and Moving Solutions Ltd on ovelta ovelle -palveluntarjoaja, joka tarjoaa muuttopalveluja Mauritiuksella, Mauritiukselle ja Mauritiukselta. Se tekee yhteisty\u00f6t\u00e4 akkreditoitujen kumppaneiden kanssa palvelujensa toimittamiseksi kansainv\u00e4lisesti ja on IAM:n j\u00e4sen.<\/p>\n<p>Relocation and Moving Solutions Ltd tarjoaa r\u00e4\u00e4t\u00e4l\u00f6ityj\u00e4 muuttopalveluja, joihin kuuluu ovelta ovelle -palvelu kansallisiin ja kansainv\u00e4lisiin muuttoihin. Yritys tarjoaa pakkauspalvelua, jossa k\u00e4ytet\u00e4\u00e4n korkealaatuisia materiaaleja, jotta tavarat ovat suojattuja, mukaan lukien laatikointi ja kiinnitys. He j\u00e4rjest\u00e4v\u00e4t tavaroittenne kuljetuksen maanteitse, lent\u00e4en ja meritse ja avustavat tulliselvityksess\u00e4.<\/p>\n<p>Verkkosivusto: <a href=\"http:\/\/mauritius-relocation.com\/\" target=\"_blank\" rel=\"noopener\">http:\/\/mauritius-relocation.com\/<\/a><\/p>\n<h2><span class=\"ez-toc-section\" id=\"4_Somatrans\"><\/span><strong>4. Somatrans<\/strong><span class=\"ez-toc-section-end\"><\/span><\/h2>\n<p><img loading=\"lazy\" decoding=\"async\" class=\"alignnone size-full wp-image-8366\" src=\"https:\/\/moverdb.com\/wp-content\/uploads\/Somatrans-international-moving-company.png\" alt=\"Somatrans kansainv\u00e4linen muuttoyhti\u00f6\" width=\"1440\" height=\"632\" data-wp-pid=\"8366\" srcset=\"https:\/\/moverdb.com\/wp-content\/uploads\/Somatrans-international-moving-company.png 1440w, https:\/\/moverdb.com\/wp-content\/uploads\/Somatrans-international-moving-company-300x132.png 300w, https:\/\/moverdb.com\/wp-content\/uploads\/Somatrans-international-moving-company-1024x449.png 1024w, https:\/\/moverdb.com\/wp-content\/uploads\/Somatrans-international-moving-company-18x8.png 18w, https:\/\/moverdb.com\/wp-content\/uploads\/Somatrans-international-moving-company-600x263.png 600w\" sizes=\"auto, (max-width: 1440px) 100vw, 1440px\" \/><\/p>\n<ul>\n<li>Kansalliset siirrot<\/li>\n<li>Kansainv\u00e4liset siirrot<\/li>\n<li>Kotitalouksien muutot<\/li>\n<li>Ovelta ovelle -palvelu<\/li>\n<li>Pakkauspalvelu<\/li>\n<li>Meri- ja lentorahdit<\/li>\n<li>Valinta <a href=\"https:\/\/moverdb.com\/fi\/shipping-container-sizes-and-dimensions\/\" data-internallinksmanager029f6b8e52c=\"247\" title=\"Perimm\u00e4inen opas laivakonttien kokoja ja mittoja varten\">s\u00e4ili\u00f6koot<\/a><\/li>\n<li>Tulliv\u00e4litys<\/li>\n<li>Vakuutus<\/li>\n<li>Varastointitilat<\/li>\n<\/ul>\n<p>Somatrans on kansainv\u00e4linen <a href=\"https:\/\/moverdb.com\/fi\/freight-forwarder\/\" data-internallinksmanager029f6b8e52c=\"17\" title=\"Huolitsijan &amp; NVOCC:n kansainv\u00e4liset kustannukset ja yritykset -opas\">huolitsija<\/a> jonka toimipaikka on Ruche Terress\u00e4 ja toimisto SSR:n kansainv\u00e4lisell\u00e4 lentoasemalla. Heill\u00e4 on yhteyksi\u00e4 hyv\u00e4maineisiin ja p\u00e4teviin kansainv\u00e4lisiin muuttajiin, jotka auttavat heit\u00e4 tarjoamaan palveluja maailmanlaajuisesti. He ovat my\u00f6s IAM:n j\u00e4sen, jolla on 50 vuoden kokemus.<\/p>\n<p>Somatrans tarjoaa ovelta ovelle -muuttopalveluja ammattitaitoisten, kansainv\u00e4lisiss\u00e4 muutoissa kokeneiden muuttomiesten kanssa. Voit pakata tavarasi itse tai antaa heid\u00e4n pakata puolestasi, ja he tarjoavat my\u00f6s kuormalavoja ja laatikkovaihtoehtoja. Tarjolla on lento- ja merirahti, joka sis\u00e4lt\u00e4\u00e4 t\u00e4ysi\u00e4 konttikuormia ja alle konttikuormia sek\u00e4 yhdist\u00e4misvaihtoehtoja.<\/p>\n<p>Verkkosivusto: <a href=\"http:\/\/www.somatrans.mu\" target=\"_blank\" rel=\"noopener\">http:\/\/www.somatrans.mu<\/a><\/p>\n<h2><span class=\"ez-toc-section\" id=\"5_Velogic\"><\/span><strong>5. Velogic<\/strong><span class=\"ez-toc-section-end\"><\/span><\/h2>\n<p><img loading=\"lazy\" decoding=\"async\" class=\"alignnone size-full wp-image-8380\" src=\"https:\/\/moverdb.com\/wp-content\/uploads\/Velogic-international-moving-company.png\" alt=\"Velogic kansainv\u00e4linen muuttoliikeyritys\" width=\"1440\" height=\"678\" data-wp-pid=\"8380\" srcset=\"https:\/\/moverdb.com\/wp-content\/uploads\/Velogic-international-moving-company.png 1440w, https:\/\/moverdb.com\/wp-content\/uploads\/Velogic-international-moving-company-300x141.png 300w, https:\/\/moverdb.com\/wp-content\/uploads\/Velogic-international-moving-company-1024x482.png 1024w, https:\/\/moverdb.com\/wp-content\/uploads\/Velogic-international-moving-company-18x8.png 18w, https:\/\/moverdb.com\/wp-content\/uploads\/Velogic-international-moving-company-600x283.png 600w\" sizes=\"auto, (max-width: 1440px) 100vw, 1440px\" \/><\/p>\n<ul>\n<li>Kansalliset siirrot<\/li>\n<li>Kansainv\u00e4liset siirrot<\/li>\n<li>Kotitalouksien muutot<\/li>\n<li>Yrityspalvelut<\/li>\n<li>R\u00e4\u00e4t\u00e4l\u00f6idyt ratkaisut<\/li>\n<li>Maa-, meri- ja ilmakuljetukset<\/li>\n<li>Kuormitusvaihtoehtojen valikoima<\/li>\n<li>Tulliselvitys<\/li>\n<li>Seuranta-alusta<\/li>\n<li>Varastointitilat<\/li>\n<\/ul>\n<p>Velogic on logistiikkayritys, jolla on toimintaa eri puolilla maailmaa 38 paikkakunnalla, Mauritius mukaan lukien, <a href=\"https:\/\/moverdb.com\/fi\/moving-to-france\/\" data-internallinksmanager029f6b8e52c=\"315\" title=\"Muutatko Ranskaan? 2023 Elinkustannukset ja muuttovinkit\">Ranska<\/a>, <a href=\"https:\/\/moverdb.com\/fi\/moving-to-india\/\" data-internallinksmanager029f6b8e52c=\"356\" title=\"Muutatko Intiaan? 2023 Elinkustannukset ja muuttovinkit\">Intia<\/a>, Madagaskar, <a href=\"https:\/\/moverdb.com\/fi\/moving-companies\/moving-companies-kenya\/\" data-internallinksmanager029f6b8e52c=\"305\" title=\"4 parasta kansainv\u00e4list\u00e4 muuttoliikett\u00e4 Keniassa\">Kenia<\/a> ja R\u00e9unionin saarella. He tekev\u00e4t yhteisty\u00f6t\u00e4 kansainv\u00e4listen muuttov\u00e4litt\u00e4jien verkoston kanssa laajentaakseen resurssejaan ja valmiuksiaan tarjota palveluja kansainv\u00e4lisesti. He ovat IAM:n j\u00e4sen 30 vuoden ajan.<\/p>\n<p>Velogic tarjoaa r\u00e4\u00e4t\u00e4l\u00f6ityj\u00e4 ratkaisuja tuontiin ja vientiin, joihin kuuluvat my\u00f6s muuttopalvelut. Se tarjoaa erilaisia kuljetusvaihtoehtoja, joihin kuuluvat lento-, meri- ja maantiekuljetukset tulliselvityksineen. Merikuljetukset sis\u00e4lt\u00e4v\u00e4t alle konttikuorman ja t\u00e4yden konttikuorman.<\/p>\n<p>Verkkosivusto: <a href=\"http:\/\/www.velogic.net\" target=\"_blank\" rel=\"noopener\">http:\/\/www.velogic.net<\/a><\/p>\n<h2><span class=\"ez-toc-section\" id=\"6_Worldwide_Relocation_Services\"><\/span><strong>6. Maailmanlaajuiset siirtopalvelut<\/strong><span class=\"ez-toc-section-end\"><\/span><\/h2>\n<p>&nbsp;<img loading=\"lazy\" decoding=\"async\" class=\"alignnone size-full wp-image-8430\" src=\"https:\/\/moverdb.com\/wp-content\/uploads\/Worldwide-Relocation-Services-international-moving-company.png\" alt=\"Worldwide Relocation Services kansainv\u00e4linen muuttoliikeyritys\" width=\"1440\" height=\"683\" data-wp-pid=\"8430\" srcset=\"https:\/\/moverdb.com\/wp-content\/uploads\/Worldwide-Relocation-Services-international-moving-company.png 1440w, https:\/\/moverdb.com\/wp-content\/uploads\/Worldwide-Relocation-Services-international-moving-company-300x142.png 300w, https:\/\/moverdb.com\/wp-content\/uploads\/Worldwide-Relocation-Services-international-moving-company-1024x486.png 1024w, https:\/\/moverdb.com\/wp-content\/uploads\/Worldwide-Relocation-Services-international-moving-company-18x9.png 18w, https:\/\/moverdb.com\/wp-content\/uploads\/Worldwide-Relocation-Services-international-moving-company-600x285.png 600w\" sizes=\"auto, (max-width: 1440px) 100vw, 1440px\" \/><\/p>\n<ul>\n<li>Kansalliset siirrot<\/li>\n<li>Kansainv\u00e4liset siirrot<\/li>\n<li>Kotitalouksien muutot ja uudelleensijoitukset<\/li>\n<li>Toimiston muutot<\/li>\n<li>Henkil\u00f6kohtaisen muuton johtaja<\/li>\n<li>Ovelta ovelle -palvelu<\/li>\n<li>Pakkauspalvelu<\/li>\n<li>Kuljetus ja tullikonsultointi<\/li>\n<li>Lemmikkiel\u00e4inten matkapalvelu<\/li>\n<li>Varastointitilat<\/li>\n<\/ul>\n<p>Worldwide Relocation Services on muutto- ja siirtoyritys, joka tarjoaa maailmanlaajuista kattavuutta kotitalouksien muuttoihin. Se tekee yhteisty\u00f6t\u00e4 eri puolilla maailmaa toimivien muuttoagenttien kanssa kansainv\u00e4listen muuttojen toteuttamiseksi, ja se on my\u00f6s IAM:n j\u00e4sen.<\/p>\n<p>Worldwide Relocation Services tarjoaa ketter\u00e4n l\u00e4hestymistavan kuljetukseen ja antaa henkil\u00f6kohtaisen muuttop\u00e4\u00e4llik\u00f6n ja kokeneen kansainv\u00e4lisen muuttokonsultin avuksesi. He tarjoavat ovelta ovelle -palvelua, mukaan lukien ammattimainen pakkauspalvelu, huonekalujen ja antiikkiesineiden laatikointi, taide-esineiden muutto ja lemmikkiel\u00e4inten matkapalvelut. He j\u00e4rjest\u00e4v\u00e4t tavaroiden kuljetuksen, johon sis\u00e4ltyy tullikonsultointi ja vakuutus.<\/p>\n<p>Verkkosivusto: <a href=\"http:\/\/www.relocation.mu\" target=\"_blank\" rel=\"noopener\">http:\/\/www.relocation.mu<\/a><\/p>","protected":false},"excerpt":{"rendered":"<p>Moving home or business within, to or from Mauritius can be a stressful time as there is so much to organise and paperwork to complete if you are moving abroad. This is why many people engage the services of a moving company to make their life easier. Below we have compiled a list of Mauritius [&hellip;]<\/p>\n","protected":false},"author":4,"featured_media":0,"parent":190,"menu_order":0,"comment_status":"closed","ping_status":"closed","template":"","meta":{"_genesis_hide_title":false,"_genesis_hide_breadcrumbs":false,"_genesis_hide_singular_image":false,"_genesis_hide_footer_widgets":false,"_genesis_custom_body_class":"","_genesis_custom_post_class":"","_genesis_layout":"","footnotes":""},"class_list":{"0":"post-8429","1":"page","2":"type-page","3":"status-publish","5":"entry","6":"has-post-thumbnail"},"_links":{"self":[{"href":"https:\/\/moverdb.com\/fi\/wp-json\/wp\/v2\/pages\/8429","targetHints":{"allow":["GET"]}}],"collection":[{"href":"https:\/\/moverdb.com\/fi\/wp-json\/wp\/v2\/pages"}],"about":[{"href":"https:\/\/moverdb.com\/fi\/wp-json\/wp\/v2\/types\/page"}],"author":[{"embeddable":true,"href":"https:\/\/moverdb.com\/fi\/wp-json\/wp\/v2\/users\/4"}],"replies":[{"embeddable":true,"href":"https:\/\/moverdb.com\/fi\/wp-json\/wp\/v2\/comments?post=8429"}],"version-history":[{"count":1,"href":"https:\/\/moverdb.com\/fi\/wp-json\/wp\/v2\/pages\/8429\/revisions"}],"predecessor-version":[{"id":8431,"href":"https:\/\/moverdb.com\/fi\/wp-json\/wp\/v2\/pages\/8429\/revisions\/8431"}],"up":[{"embeddable":true,"href":"https:\/\/moverdb.com\/fi\/wp-json\/wp\/v2\/pages\/190"}],"wp:attachment":[{"href":"https:\/\/moverdb.com\/fi\/wp-json\/wp\/v2\/media?parent=8429"}],"curies":[{"name":"wp","href":"https:\/\/api.w.org\/{rel}","templated":true}]}}