{"id":8404,"date":"2023-04-27T14:48:01","date_gmt":"2023-04-27T14:48:01","guid":{"rendered":"https:\/\/moverdb.com\/?page_id=8404"},"modified":"2026-01-08T15:23:47","modified_gmt":"2026-01-08T15:23:47","slug":"moving-companies-lesotho","status":"publish","type":"page","link":"https:\/\/moverdb.com\/fi\/moving-companies\/moving-companies-lesotho\/","title":{"rendered":"2 parasta kansainv\u00e4list\u00e4 muuttoa harjoittavaa yrityst\u00e4 Lesothossa"},"content":{"rendered":"<p>Muutto voi olla stressaavaa aikaa riippumatta siit\u00e4, oletko muuttamassa kotiasi vai yrityst\u00e4si, ja stressitaso nousee entisest\u00e4\u00e4n, kun olet muuttamassa maita. T\u00e4m\u00e4n vuoksi monet ihmiset k\u00e4ytt\u00e4v\u00e4tkin muuttopalveluja. <a href=\"https:\/\/moverdb.com\/fi\/moving-companies\/\" data-internallinksmanager029f6b8e52c=\"79\" title=\"Top 25 Kansainv\u00e4list\u00e4 muuttoyrityksi\u00e4 verkossa\">muuttofirma<\/a>. Alla olemme koonneet luettelon Lesothossa sijaitsevista <a href=\"https:\/\/moverdb.com\/fi\/international-removals\/\" data-internallinksmanager029f6b8e52c=\"27\" title=\"36 Parhaat kansainv\u00e4liset muuttoyritykset Yhdistyneess\u00e4 kuningaskunnassa\">muuttofirmat<\/a> jotka ovat j\u00e4seni\u00e4 <a href=\"https:\/\/moverdb.com\/fi\/iam\/\" data-internallinksmanager029f6b8e52c=\"23\" title=\"Kansainv\u00e4linen muuttajien liitto (IAM) selitetty\">Kansainv\u00e4linen muuttajien liitto<\/a> (IAM) ja\/tai <a href=\"https:\/\/moverdb.com\/fi\/fidi-faim\/\" data-internallinksmanager029f6b8e52c=\"16\" title=\"FIDI &amp; FAIM (FIDI Accredited International Mover) selitettyin\u00e4\">FIDI<\/a> Accredited International Mover (FAIM), joka voi auttaa sinua muutossasi.<\/p>\n<h2><strong>1. Stuttaford Van Lines<\/strong><\/h2>\n<p><img loading=\"lazy\" decoding=\"async\" class=\"alignnone size-full wp-image-8368\" src=\"https:\/\/moverdb.com\/wp-content\/uploads\/Stuttaford-Van-Lines-international-moving-company.png\" alt=\"Stuttaford Van Lines kansainv\u00e4linen muuttofirma\" width=\"1440\" height=\"680\" data-wp-pid=\"8368\" srcset=\"https:\/\/moverdb.com\/wp-content\/uploads\/Stuttaford-Van-Lines-international-moving-company.png 1440w, https:\/\/moverdb.com\/wp-content\/uploads\/Stuttaford-Van-Lines-international-moving-company-300x142.png 300w, https:\/\/moverdb.com\/wp-content\/uploads\/Stuttaford-Van-Lines-international-moving-company-1024x484.png 1024w, https:\/\/moverdb.com\/wp-content\/uploads\/Stuttaford-Van-Lines-international-moving-company-18x9.png 18w, https:\/\/moverdb.com\/wp-content\/uploads\/Stuttaford-Van-Lines-international-moving-company-600x283.png 600w\" sizes=\"auto, (max-width: 1440px) 100vw, 1440px\" \/><\/p>\n<ul>\n<li>Kansalliset siirrot<\/li>\n<li>Kansainv\u00e4liset siirrot<\/li>\n<li>Asuntojen muutot<\/li>\n<li>Liiketoiminnan siirrot<\/li>\n<li>R\u00e4\u00e4t\u00e4l\u00f6idyt palvelut<\/li>\n<li>Pakkauspalvelu<\/li>\n<li>Ajoneuvojen ja lemmikkiel\u00e4inten siirt\u00e4minen<\/li>\n<li>Kuvataiteen k\u00e4sittely<\/li>\n<li>Vakuutus<\/li>\n<li>Lyhytaikainen ja pitk\u00e4aikainen varastointi<\/li>\n<\/ul>\n<p>Stuttaford Van Lines on muuttofirma, joka on palvellut perheit\u00e4 ja yrityksi\u00e4 1800-luvun puoliv\u00e4list\u00e4 l\u00e4htien. <a href=\"https:\/\/moverdb.com\/fi\/moving-to-south-africa\/\" data-internallinksmanager029f6b8e52c=\"347\" title=\"Muutatko Etel\u00e4-Afrikkaan? 2023 Elinkustannukset ja muuttovinkit\">Etel\u00e4-Afrikka<\/a> mukaan lukien Masero, Lesotho. Yritys on IAM:n j\u00e4sen 47 vuoden ajan, ja sen ansiosta se voi k\u00e4ytt\u00e4\u00e4 tukenaan kansainv\u00e4list\u00e4 muuttovirkailijoiden verkostoa,<\/p>\n<p>Stuffaford Van Lines auttaa sinua suunnittelemaan ja valmistelemaan muuttosi huolellisesti. He antavat sinulle yhden yhteyshenkil\u00f6n, joka tukee sinua kaikissa vaiheissa. He tarjoavat pakkauspalvelua, johon kuuluu laadukkaiden pakkausten ja suojapeitteiden k\u00e4ytt\u00f6, he merkitsev\u00e4t kaikki pahvilaatikot ja laativat inventaarion.<\/p>\n<p>Verkkosivusto: <a href=\"http:\/\/www.stuttafordvanlines.co.za\" target=\"_blank\" rel=\"noopener\">http:\/\/www.stuttafordvanlines.co.za<\/a><\/p>\n<h2><strong>2. Varma logistiikka<\/strong><\/h2>\n<p><img loading=\"lazy\" decoding=\"async\" class=\"alignnone size-full wp-image-8371\" src=\"https:\/\/moverdb.com\/wp-content\/uploads\/Sure-Logistics-international-moving-company.png\" alt=\"Sure Logistics kansainv\u00e4linen muuttoliikeyritys\" width=\"1440\" height=\"678\" data-wp-pid=\"8371\" srcset=\"https:\/\/moverdb.com\/wp-content\/uploads\/Sure-Logistics-international-moving-company.png 1440w, https:\/\/moverdb.com\/wp-content\/uploads\/Sure-Logistics-international-moving-company-300x141.png 300w, https:\/\/moverdb.com\/wp-content\/uploads\/Sure-Logistics-international-moving-company-1024x482.png 1024w, https:\/\/moverdb.com\/wp-content\/uploads\/Sure-Logistics-international-moving-company-18x8.png 18w, https:\/\/moverdb.com\/wp-content\/uploads\/Sure-Logistics-international-moving-company-600x283.png 600w\" sizes=\"auto, (max-width: 1440px) 100vw, 1440px\" \/><\/p>\n<ul>\n<li>Paikalliset siirrot<\/li>\n<li>Ulkomaiset siirrot<\/li>\n<li>Kotiin siirtymiset<\/li>\n<li>Toimiston muutot<\/li>\n<li>Muuttopalvelut<\/li>\n<li>R\u00e4\u00e4t\u00e4l\u00f6ity muuttopalvelu<\/li>\n<li>Kuljetuksen j\u00e4rjest\u00e4minen<\/li>\n<li>S\u00e4ili\u00f6vaihtoehdot<\/li>\n<li><a href=\"https:\/\/moverdb.com\/fi\/car-transport-shipping\/\" data-internallinksmanager029f6b8e52c=\"2\" title=\"2026 Kansainv\u00e4linen autokuljetus ja ajoneuvojen kuljetus tarjoukset\">Ajoneuvojen kuljetus<\/a><\/li>\n<li>Turvallinen lyhyt- ja pitk\u00e4aikainen varastointi<\/li>\n<\/ul>\n<p>Sure Logistics on Maserossa sijaitseva logistiikkaan erikoistunut yritys, joka tarjoaa erilaisia kuljetuspalveluja ja toimitusketjuratkaisuja. Se tekee yhteisty\u00f6t\u00e4 kansainv\u00e4listen muuttokumppaneiden kanssa toimittaakseen palveluitaan muihin maihin. He ovat IAM:n j\u00e4sen yhdeks\u00e4n vuoden ajan.<\/p>\n<p>Sure Logistics tarjoaa kotien ja yritysten muuttopalveluja Lesothossa, Lesothoon ja Lesothosta, jotka on r\u00e4\u00e4t\u00e4l\u00f6ity tarpeidesi mukaan. Se tarjoaa my\u00f6s muuttopalveluja, jotka tarjoavat henkil\u00f6st\u00f6hallinnon tukea ty\u00f6ntekij\u00f6ille ja erikoistuneita maailmanlaajuisia liikkuvuuspaketteja yli 150 maassa. He kuljettavat tavarasi turvallisesti ja voivat tarjota t\u00e4ysi\u00e4 ja v\u00e4hemm\u00e4n kuin konttikuormia.<\/p>\n<p>Verkkosivusto: <a href=\"http:\/\/www.surelogistics.co.ls\" target=\"_blank\" rel=\"noopener\">http:\/\/www.surelogistics.co.ls<\/a><\/p>","protected":false},"excerpt":{"rendered":"<p>Moving can be a stressful time whether you are moving your home or your business, and the stress level increases when you are moving countries. This is why so many people employ the services of a moving company. Below we have compiled a list of Lesotho based removal companies that are members of the International [&hellip;]<\/p>\n","protected":false},"author":4,"featured_media":0,"parent":190,"menu_order":0,"comment_status":"closed","ping_status":"closed","template":"","meta":{"_genesis_hide_title":false,"_genesis_hide_breadcrumbs":false,"_genesis_hide_singular_image":false,"_genesis_hide_footer_widgets":false,"_genesis_custom_body_class":"","_genesis_custom_post_class":"","_genesis_layout":"","footnotes":""},"class_list":{"0":"post-8404","1":"page","2":"type-page","3":"status-publish","5":"entry","6":"has-post-thumbnail"},"_links":{"self":[{"href":"https:\/\/moverdb.com\/fi\/wp-json\/wp\/v2\/pages\/8404","targetHints":{"allow":["GET"]}}],"collection":[{"href":"https:\/\/moverdb.com\/fi\/wp-json\/wp\/v2\/pages"}],"about":[{"href":"https:\/\/moverdb.com\/fi\/wp-json\/wp\/v2\/types\/page"}],"author":[{"embeddable":true,"href":"https:\/\/moverdb.com\/fi\/wp-json\/wp\/v2\/users\/4"}],"replies":[{"embeddable":true,"href":"https:\/\/moverdb.com\/fi\/wp-json\/wp\/v2\/comments?post=8404"}],"version-history":[{"count":2,"href":"https:\/\/moverdb.com\/fi\/wp-json\/wp\/v2\/pages\/8404\/revisions"}],"predecessor-version":[{"id":8418,"href":"https:\/\/moverdb.com\/fi\/wp-json\/wp\/v2\/pages\/8404\/revisions\/8418"}],"up":[{"embeddable":true,"href":"https:\/\/moverdb.com\/fi\/wp-json\/wp\/v2\/pages\/190"}],"wp:attachment":[{"href":"https:\/\/moverdb.com\/fi\/wp-json\/wp\/v2\/media?parent=8404"}],"curies":[{"name":"wp","href":"https:\/\/api.w.org\/{rel}","templated":true}]}}