{"id":8402,"date":"2023-04-27T14:51:30","date_gmt":"2023-04-27T14:51:30","guid":{"rendered":"https:\/\/moverdb.com\/?page_id=8402"},"modified":"2026-01-08T15:29:28","modified_gmt":"2026-01-08T15:29:28","slug":"moving-companies-lebanon","status":"publish","type":"page","link":"https:\/\/moverdb.com\/fi\/moving-companies\/moving-companies-lebanon\/","title":{"rendered":"7 parasta kansainv\u00e4list\u00e4 muuttoa harjoittavaa yrityst\u00e4 Libanonissa"},"content":{"rendered":"<p>Pelk\u00e4st\u00e4\u00e4n kodin tai yrityksen muuttaminen voi olla stressaavaa ja tuntua monimutkaiselta, jos aiot muuttaa ulkomaille. <a href=\"https:\/\/moverdb.com\/fi\/moving-companies\/\" data-internallinksmanager029f6b8e52c=\"79\" title=\"Top 25 Kansainv\u00e4list\u00e4 muuttoyrityksi\u00e4 verkossa\">muuttofirma<\/a> voi auttaa kevent\u00e4m\u00e4ll\u00e4 kuormaa. Alla on luettelo Libanonissa toimivista yrityksist\u00e4. <a href=\"https:\/\/moverdb.com\/fi\/international-removals\/\" data-internallinksmanager029f6b8e52c=\"27\" title=\"36 Parhaat kansainv\u00e4liset muuttoyritykset Yhdistyneess\u00e4 kuningaskunnassa\">muuttofirmat<\/a> jotka ovat j\u00e4seni\u00e4 <a href=\"https:\/\/moverdb.com\/fi\/iam\/\" data-internallinksmanager029f6b8e52c=\"23\" title=\"Kansainv\u00e4linen muuttajien liitto (IAM) selitetty\">Kansainv\u00e4linen muuttajien liitto<\/a> (IAM) ja\/tai <a href=\"https:\/\/moverdb.com\/fi\/fidi-faim\/\" data-internallinksmanager029f6b8e52c=\"16\" title=\"FIDI &amp; FAIM (FIDI Accredited International Mover) selitettyin\u00e4\">FIDI<\/a> Accredited International Mover (FAIM), joka voi auttaa sinua muutossasi.<\/p>\n<div id=\"ez-toc-container\" class=\"ez-toc-v2_0_82_2 ez-toc-wrap-left counter-hierarchy ez-toc-counter ez-toc-transparent ez-toc-container-direction\">\n<div class=\"ez-toc-title-container\">\n<p class=\"ez-toc-title\" style=\"cursor:inherit\">Jaksot<\/p>\n<span class=\"ez-toc-title-toggle\"><a href=\"#\" class=\"ez-toc-pull-right ez-toc-btn ez-toc-btn-xs ez-toc-btn-default ez-toc-toggle\" aria-label=\"Sis\u00e4llysluettelon vaihtaminen\"><span class=\"ez-toc-js-icon-con\"><span class=\"\"><span class=\"eztoc-hide\" style=\"display:none;\">Toggle<\/span><span class=\"ez-toc-icon-toggle-span\"><svg style=\"fill: #999;color:#999\" xmlns=\"http:\/\/www.w3.org\/2000\/svg\" class=\"list-377408\" width=\"20px\" height=\"20px\" viewbox=\"0 0 24 24\" fill=\"none\"><path d=\"M6 6H4v2h2V6zm14 0H8v2h12V6zM4 11h2v2H4v-2zm16 0H8v2h12v-2zM4 16h2v2H4v-2zm16 0H8v2h12v-2z\" fill=\"currentColor\"><\/path><\/svg><svg style=\"fill: #999;color:#999\" class=\"arrow-unsorted-368013\" xmlns=\"http:\/\/www.w3.org\/2000\/svg\" width=\"10px\" height=\"10px\" viewbox=\"0 0 24 24\" version=\"1.2\" baseprofile=\"tiny\"><path d=\"M18.2 9.3l-6.2-6.3-6.2 6.3c-.2.2-.3.4-.3.7s.1.5.3.7c.2.2.4.3.7.3h11c.3 0 .5-.1.7-.3.2-.2.3-.5.3-.7s-.1-.5-.3-.7zM5.8 14.7l6.2 6.3 6.2-6.3c.2-.2.3-.5.3-.7s-.1-.5-.3-.7c-.2-.2-.4-.3-.7-.3h-11c-.3 0-.5.1-.7.3-.2.2-.3.5-.3.7s.1.5.3.7z\"\/><\/svg><\/span><\/span><\/span><\/a><\/span><\/div>\n<nav><ul class='ez-toc-list ez-toc-list-level-1 eztoc-toggle-hide-by-default' ><li class='ez-toc-page-1 ez-toc-heading-level-2'><a class=\"ez-toc-link ez-toc-heading-1\" href=\"https:\/\/moverdb.com\/fi\/moving-companies\/moving-companies-lebanon\/#1_I-Movers\" >1. I-Movers<\/a><\/li><li class='ez-toc-page-1 ez-toc-heading-level-2'><a class=\"ez-toc-link ez-toc-heading-2\" href=\"https:\/\/moverdb.com\/fi\/moving-companies\/moving-companies-lebanon\/#2_Adam_International_Movers\" >2. Adam International Movers<\/a><\/li><li class='ez-toc-page-1 ez-toc-heading-level-2'><a class=\"ez-toc-link ez-toc-heading-3\" href=\"https:\/\/moverdb.com\/fi\/moving-companies\/moving-companies-lebanon\/#3_Orbit_International_Forwarders\" >3. Orbit International Forwarders<\/a><\/li><li class='ez-toc-page-1 ez-toc-heading-level-2'><a class=\"ez-toc-link ez-toc-heading-4\" href=\"https:\/\/moverdb.com\/fi\/moving-companies\/moving-companies-lebanon\/#4_All_Transportation_Agency\" >4. Kaikki liikennevirasto<\/a><\/li><li class='ez-toc-page-1 ez-toc-heading-level-2'><a class=\"ez-toc-link ez-toc-heading-5\" href=\"https:\/\/moverdb.com\/fi\/moving-companies\/moving-companies-lebanon\/#5_Beirut_Express\" >5. Beirut Express<\/a><\/li><li class='ez-toc-page-1 ez-toc-heading-level-2'><a class=\"ez-toc-link ez-toc-heading-6\" href=\"https:\/\/moverdb.com\/fi\/moving-companies\/moving-companies-lebanon\/#6_Domex\" >6. Domex<\/a><\/li><li class='ez-toc-page-1 ez-toc-heading-level-2'><a class=\"ez-toc-link ez-toc-heading-7\" href=\"https:\/\/moverdb.com\/fi\/moving-companies\/moving-companies-lebanon\/#7_BCC_Logistics\" >7. BCC Logistiikka<\/a><\/li><\/ul><\/nav><\/div>\n<h2><span class=\"ez-toc-section\" id=\"1_I-Movers\"><\/span><strong>1. I-Movers<\/strong><span class=\"ez-toc-section-end\"><\/span><\/h2>\n<p><img loading=\"lazy\" decoding=\"async\" class=\"alignnone size-full wp-image-8327\" src=\"https:\/\/moverdb.com\/wp-content\/uploads\/I-Movers-international-moving-company.png\" alt=\"I-Movers kansainv\u00e4linen muuttofirma\" width=\"1440\" height=\"680\" data-wp-pid=\"8327\" srcset=\"https:\/\/moverdb.com\/wp-content\/uploads\/I-Movers-international-moving-company.png 1440w, https:\/\/moverdb.com\/wp-content\/uploads\/I-Movers-international-moving-company-300x142.png 300w, https:\/\/moverdb.com\/wp-content\/uploads\/I-Movers-international-moving-company-1024x484.png 1024w, https:\/\/moverdb.com\/wp-content\/uploads\/I-Movers-international-moving-company-18x9.png 18w, https:\/\/moverdb.com\/wp-content\/uploads\/I-Movers-international-moving-company-600x283.png 600w\" sizes=\"auto, (max-width: 1440px) 100vw, 1440px\" \/><\/p>\n<ul>\n<li>Paikalliset siirrot<\/li>\n<li>Kansainv\u00e4liset siirrot<\/li>\n<li>Kotitalouksien muutot<\/li>\n<li>Yrityssiirrot<\/li>\n<li>R\u00e4\u00e4t\u00e4l\u00f6ity palvelu<\/li>\n<li>Ammattimainen pakkauspalvelu<\/li>\n<li>Lento- ja merikuljetukset<\/li>\n<li>Tullipaperit<\/li>\n<li><a href=\"https:\/\/moverdb.com\/fi\/car-transport-shipping\/\" data-internallinksmanager029f6b8e52c=\"2\" title=\"2026 Kansainv\u00e4linen autokuljetus ja ajoneuvojen kuljetus tarjoukset\">Ajoneuvojen kuljetus<\/a><\/li>\n<li>S\u00e4ilytysvaihtoehdot<\/li>\n<\/ul>\n<p>I-Movers on Beirutissa toimiva kansainv\u00e4linen muuttofirma, joka palvelee kotitalouksia ja yrityksi\u00e4. Se on IAM:n j\u00e4sen kahdeksan vuoden ajan, ja t\u00e4m\u00e4 j\u00e4senyys antaa sille p\u00e4\u00e4syn kansainv\u00e4liseen muuttoagenttien verkostoon.<\/p>\n<p>I-Movers tarjoaa virtuaalisen katsastuksen nopeutta ja tehokkuutta varten. He tarjoavat r\u00e4\u00e4t\u00e4l\u00f6ity\u00e4 muuttopalvelua, jossa on oma muuttop\u00e4\u00e4llikk\u00f6, joka hallinnoi muuttoasi. He tarjoavat pakkauspalvelua, jossa k\u00e4ytet\u00e4\u00e4n ensiluokkaista pakkausmateriaalia ja hyvin koulutettuja pakkaajaryhmi\u00e4, jotka on my\u00f6s vakuutettu kaikkia riskej\u00e4 vastaan. He tarjoavat lento- ja meril\u00e4hetysten seuranta- ja j\u00e4ljitysj\u00e4rjestelm\u00e4n ja tukevat paperity\u00f6ss\u00e4, mukaan lukien tulliselvitys.<\/p>\n<p>Verkkosivusto: <a href=\"http:\/\/www.i-movers.com\" target=\"_blank\" rel=\"noopener\">http:\/\/www.i-movers.com<\/a><\/p>\n<h2><span class=\"ez-toc-section\" id=\"2_Adam_International_Movers\"><\/span><strong>2. Adam International Movers<\/strong><span class=\"ez-toc-section-end\"><\/span><\/h2>\n<p><img loading=\"lazy\" decoding=\"async\" class=\"alignnone size-full wp-image-8279\" src=\"https:\/\/moverdb.com\/wp-content\/uploads\/Adam-International-Movers-company.png\" alt=\"Adam International Movers yritys\" width=\"1440\" height=\"679\" data-wp-pid=\"8279\" srcset=\"https:\/\/moverdb.com\/wp-content\/uploads\/Adam-International-Movers-company.png 1440w, https:\/\/moverdb.com\/wp-content\/uploads\/Adam-International-Movers-company-300x141.png 300w, https:\/\/moverdb.com\/wp-content\/uploads\/Adam-International-Movers-company-1024x483.png 1024w, https:\/\/moverdb.com\/wp-content\/uploads\/Adam-International-Movers-company-18x8.png 18w, https:\/\/moverdb.com\/wp-content\/uploads\/Adam-International-Movers-company-600x283.png 600w\" sizes=\"auto, (max-width: 1440px) 100vw, 1440px\" \/><\/p>\n<ul>\n<li>Kansalliset siirrot<\/li>\n<li>Kansainv\u00e4liset siirrot<\/li>\n<li>Kotitalouksien muutot<\/li>\n<li>Toimiston muutot<\/li>\n<li>R\u00e4\u00e4t\u00e4l\u00f6it\u00e4v\u00e4t tarjoukset, jotka ovat budjettiyst\u00e4v\u00e4llisi\u00e4<\/li>\n<li>Ammattimainen pakkauspalvelu<\/li>\n<li>Kuljetus maanteitse, lent\u00e4en tai meritse<\/li>\n<li>Tulliselvitys<\/li>\n<li>Vakuutus<\/li>\n<li>Varastointitilat<\/li>\n<\/ul>\n<p>Adam International Movers on pakkaus- ja muuttopalveluyritys yksityishenkil\u00f6ille, kodeille ja toimistoille, jolla on toimipisteit\u00e4 Beirutissa, Libanonissa ja Armeniassa. Heill\u00e4 on agenttien ja rahdinantajien verkosto eri puolilla maailmaa, joka tukee heit\u00e4 kansainv\u00e4listen palvelujen tarjoamisessa. He ovat IAM:n j\u00e4sen, jolla on kuusi vuotta palvelua.<\/p>\n<p>Adam International Movers tarjoaa muuttoa edelt\u00e4v\u00e4n selvityksen, jonka tarkoituksena on ymm\u00e4rt\u00e4\u00e4 muuttotarpeesi ja antaa sinulle tarjous. He tarjoavat ammattitaitoista pakkauspalvelua, jonka tarjoaa koulutettu henkil\u00f6kunta, joka k\u00e4ytt\u00e4\u00e4 uusimpia tekniikoita ja korkealaatuisia pakkausmateriaaleja. He hoitavat tavarasi kuljetuksen maanteitse, ilmassa tai meritse sek\u00e4 tarvittaessa tulliselvityksen.<\/p>\n<p>Verkkosivusto: <a href=\"http:\/\/www.adam-movers.com\" target=\"_blank\" rel=\"noopener\">http:\/\/www.adam-movers.com<\/a><\/p>\n<h2><span class=\"ez-toc-section\" id=\"3_Orbit_International_Forwarders\"><\/span><strong>3. Orbit International Forwarders<\/strong><span class=\"ez-toc-section-end\"><\/span><\/h2>\n<p><img loading=\"lazy\" decoding=\"async\" class=\"alignnone size-full wp-image-8351\" src=\"https:\/\/moverdb.com\/wp-content\/uploads\/Orbit-International-Forwarders-Lebanon-moving-company.png\" alt=\"Orbit International Forwarders Libanon liikkuva yritys\" width=\"1440\" height=\"679\" data-wp-pid=\"8351\" srcset=\"https:\/\/moverdb.com\/wp-content\/uploads\/Orbit-International-Forwarders-Lebanon-moving-company.png 1440w, https:\/\/moverdb.com\/wp-content\/uploads\/Orbit-International-Forwarders-Lebanon-moving-company-300x141.png 300w, https:\/\/moverdb.com\/wp-content\/uploads\/Orbit-International-Forwarders-Lebanon-moving-company-1024x483.png 1024w, https:\/\/moverdb.com\/wp-content\/uploads\/Orbit-International-Forwarders-Lebanon-moving-company-18x8.png 18w, https:\/\/moverdb.com\/wp-content\/uploads\/Orbit-International-Forwarders-Lebanon-moving-company-600x283.png 600w\" sizes=\"auto, (max-width: 1440px) 100vw, 1440px\" \/><\/p>\n<ul>\n<li>Paikalliset ja kansalliset siirrot<\/li>\n<li>Maailmanlaajuiset muutot<\/li>\n<li>Kotitalouksien muutot<\/li>\n<li>Yritysten uudelleensijoitukset<\/li>\n<li>Ovelta ovelle -palvelu<\/li>\n<li>Pakkauspalvelu<\/li>\n<li>Maa-, meri- tai lentorahdit<\/li>\n<li>Kuvataiteen k\u00e4sittely<\/li>\n<li>Moottoriajoneuvojen kuljetus<\/li>\n<li>Varastointitilat<\/li>\n<\/ul>\n<p>Orbit International Forwarders on vuonna 1983 perustettu pakkaus- ja muuttoyritys. Sill\u00e4 on yhdeks\u00e4n toimipistett\u00e4 Euroopassa ja Aasiassa, mukaan lukien Beirut Libanonissa. Se tekee yhteisty\u00f6t\u00e4 yli tuhannen valitun edustajan kanssa l\u00e4hes kaikissa maailman maissa, jotta se voi toimittaa palvelujaan kansainv\u00e4lisesti. He ovat IAM:n j\u00e4sen, ja heill\u00e4 on 26 vuoden kokemus.<\/p>\n<p>Orbit International Forwarders tarjoaa henkil\u00f6kohtaista ovelta ovelle -muuttopalvelua, joka alkaa alkukartoituksella. He tarjoavat laadukasta pakkauspalvelua tavaroiden suojaamiseksi ja tarjoavat laatikoita hauraille tavaroille. Yritys tarjoaa lis\u00e4palveluja, joihin kuuluvat moottoriajoneuvojen kuljetus, kuvataiteen k\u00e4sittely, n\u00e4yttelylogistiikka, media- ja viihdelogistiikka sek\u00e4 varastointitilat.<\/p>\n<p>Verkkosivusto: <a href=\"http:\/\/www.orbitlb.com\" target=\"_blank\" rel=\"noopener\">http:\/\/www.orbitlb.com<\/a><\/p>\n<h2><span class=\"ez-toc-section\" id=\"4_All_Transportation_Agency\"><\/span><strong>4. Kaikki liikennevirasto<\/strong><span class=\"ez-toc-section-end\"><\/span><\/h2>\n<p><img loading=\"lazy\" decoding=\"async\" class=\"alignnone size-full wp-image-8285\" src=\"https:\/\/moverdb.com\/wp-content\/uploads\/All-Transportation-Agency-international-moving-company.png\" alt=\"Kaikki Kuljetusvirasto kansainv\u00e4linen muuttoliikeyritys\" width=\"1440\" height=\"680\" data-wp-pid=\"8285\" srcset=\"https:\/\/moverdb.com\/wp-content\/uploads\/All-Transportation-Agency-international-moving-company.png 1440w, https:\/\/moverdb.com\/wp-content\/uploads\/All-Transportation-Agency-international-moving-company-300x142.png 300w, https:\/\/moverdb.com\/wp-content\/uploads\/All-Transportation-Agency-international-moving-company-1024x484.png 1024w, https:\/\/moverdb.com\/wp-content\/uploads\/All-Transportation-Agency-international-moving-company-18x9.png 18w, https:\/\/moverdb.com\/wp-content\/uploads\/All-Transportation-Agency-international-moving-company-600x283.png 600w\" sizes=\"auto, (max-width: 1440px) 100vw, 1440px\" \/><\/p>\n<ul>\n<li>Kansalliset siirrot<\/li>\n<li>Kansainv\u00e4liset siirrot<\/li>\n<li>Kotitalouksien muutot<\/li>\n<li>Kaupalliset hankkeet<\/li>\n<li>Ovelta ovelle -palvelu<\/li>\n<li>Ammattimainen pakkauspalvelu<\/li>\n<li>Maa-, meri- ja ilmakuljetukset<\/li>\n<li>Tulliselvitys<\/li>\n<li>Kuvataiteen k\u00e4sittely<\/li>\n<li>Turvallinen varastointi<\/li>\n<\/ul>\n<p>All Transportation Agency on vuonna 1985 perustettu selvitys- ja huolintatoimisto, jonka toimipaikka on Beirutissa. Sill\u00e4 on toimipisteet my\u00f6s Tripolissa, Saidassa ja Tyriss\u00e4. Se on IAM:n j\u00e4sen, mik\u00e4 antaa sille p\u00e4\u00e4syn kansainv\u00e4liseen muuttoagenttien verkostoon, joka voi auttaa sit\u00e4 tarjoamaan palveluja kansainv\u00e4lisesti.<\/p>\n<p>All Transportation Agency tarjoaa ovelta ovelle -palvelua kotitalouksille, jotka muuttavat Libanonissa, Libanoniin tai Libanonista. He tarjoavat ammattitaitoista pakkauspalvelua tavaroittenne suojaamiseksi, johon kuuluu my\u00f6s taidealan asiantuntijapalvelu. Heid\u00e4n pakkauspalveluunsa kuuluu my\u00f6s huonekalujen purkaminen ja kokoaminen sek\u00e4 laatikoiden merkitseminen.<\/p>\n<p>Verkkosivusto: <a href=\"http:\/\/www.ata-lebanon.com\" target=\"_blank\" rel=\"noopener\">http:\/\/www.ata-lebanon.com<\/a><\/p>\n<h2><span class=\"ez-toc-section\" id=\"5_Beirut_Express\"><\/span><strong>5. Beirut Express<\/strong><span class=\"ez-toc-section-end\"><\/span><\/h2>\n<p><img loading=\"lazy\" decoding=\"async\" class=\"alignnone size-full wp-image-8293\" src=\"https:\/\/moverdb.com\/wp-content\/uploads\/Beirut-Express-international-moving-company.png\" alt=\"Beirut Express kansainv\u00e4linen muuttoliikeyritys\" width=\"1440\" height=\"681\" data-wp-pid=\"8293\" srcset=\"https:\/\/moverdb.com\/wp-content\/uploads\/Beirut-Express-international-moving-company.png 1440w, https:\/\/moverdb.com\/wp-content\/uploads\/Beirut-Express-international-moving-company-300x142.png 300w, https:\/\/moverdb.com\/wp-content\/uploads\/Beirut-Express-international-moving-company-1024x484.png 1024w, https:\/\/moverdb.com\/wp-content\/uploads\/Beirut-Express-international-moving-company-18x9.png 18w, https:\/\/moverdb.com\/wp-content\/uploads\/Beirut-Express-international-moving-company-600x284.png 600w\" sizes=\"auto, (max-width: 1440px) 100vw, 1440px\" \/><\/p>\n<ul>\n<li>Paikalliset muutot<\/li>\n<li>Kansainv\u00e4liset siirrot<\/li>\n<li>Kotitalouksien muutot<\/li>\n<li>Toimiston muutot<\/li>\n<li>Ammattimainen pakkauspalvelu<\/li>\n<li>Laadukkaat pakkausmateriaalit<\/li>\n<li>Lento- ja merirahti<\/li>\n<li>Tulliselvitys<\/li>\n<li>Ajoneuvojen kuljetus<\/li>\n<li>Matkat ja lipunmyynti<\/li>\n<\/ul>\n<p>Beirut Express on paikallinen ja kansainv\u00e4linen muutto- ja siirtopalvelu, joka on toiminut 56 vuotta ja jonka kotipaikka on Beirut. Sill\u00e4 on maailmanlaajuinen verkosto yhteisty\u00f6kumppaneina toimivia yrityksi\u00e4 ja akkreditoituja agentteja, ja se on IAM:n j\u00e4sen.<\/p>\n<p>Beirut Express tarjoaa muuttopalveluja kotitalouksille, yrityksille ja yhteis\u00f6ille, jotta muutto olisi mahdollisimman vaivaton. Se tarjoaa ammattitaitoista pakkauspalvelua, jossa on koulutettu henkil\u00f6kunta, joka k\u00e4ytt\u00e4\u00e4 korkeatasoisia suojaustekniikoita suojellakseen tavaroitasi kuljetuksen aikana. He j\u00e4rjest\u00e4v\u00e4t tavaroillesi kuljetuksen lento- ja merirahdissa ja avustavat tulliselvityksess\u00e4.<\/p>\n<p>Verkkosivusto: <a href=\"http:\/\/www.beirutexpress.com\" target=\"_blank\" rel=\"noopener\">http:\/\/www.beirutexpress.com<\/a><\/p>\n<h2><span class=\"ez-toc-section\" id=\"6_Domex\"><\/span><strong>6. Domex<\/strong><span class=\"ez-toc-section-end\"><\/span><\/h2>\n<p><img loading=\"lazy\" decoding=\"async\" class=\"alignnone size-full wp-image-8306\" src=\"https:\/\/moverdb.com\/wp-content\/uploads\/Domex-international-moving-company.png\" alt=\"Domex kansainv\u00e4linen muuttofirma\" width=\"1440\" height=\"681\" data-wp-pid=\"8306\" srcset=\"https:\/\/moverdb.com\/wp-content\/uploads\/Domex-international-moving-company.png 1440w, https:\/\/moverdb.com\/wp-content\/uploads\/Domex-international-moving-company-300x142.png 300w, https:\/\/moverdb.com\/wp-content\/uploads\/Domex-international-moving-company-1024x484.png 1024w, https:\/\/moverdb.com\/wp-content\/uploads\/Domex-international-moving-company-18x9.png 18w, https:\/\/moverdb.com\/wp-content\/uploads\/Domex-international-moving-company-600x284.png 600w\" sizes=\"auto, (max-width: 1440px) 100vw, 1440px\" \/><\/p>\n<ul>\n<li>Kansainv\u00e4liset siirrot<\/li>\n<li>Kotitalouksien muutot<\/li>\n<li>Toimiston muutot<\/li>\n<li>Ovelta ovelle -palvelu<\/li>\n<li>Pakkauspalvelu<\/li>\n<li>Korkealaatuiset pakkausmateriaalit<\/li>\n<li>Tulliselvitys<\/li>\n<li>Kuvataiteen k\u00e4sittely<\/li>\n<li>Vakuutus<\/li>\n<li>Varastointitilat<\/li>\n<\/ul>\n<p>Domex on Beirutissa toimiva muutto- ja varastointiyritys, joka tarjoaa kansainv\u00e4lisi\u00e4 palveluja Libanoniin ja Libanonista. Se tekee yhteisty\u00f6t\u00e4 valittujen muuttofirmojen kanssa ymp\u00e4ri maailmaa tarjotakseen palveluja Libanonin ulkopuolella, ja se on IAM:n j\u00e4sen.<\/p>\n<p>Domex tarjoaa kotitalouksille ja toimistoille ovelta ovelle -palvelua. He tarjoavat pakkauspalvelua, jossa k\u00e4ytet\u00e4\u00e4n korkealaatuisia pakkausmateriaaleja tavaroiden suojaamiseksi ja koulutettua henkil\u00f6kuntaa. He tarjoavat my\u00f6s erityispalvelua hauraille esineille ja kuvataiteelle. Se j\u00e4rjest\u00e4\u00e4 sopivimman reitin ja kuljetuksen meri- ja lentorahtia k\u00e4ytt\u00e4en ja auttaa sinua tulliselvityksess\u00e4.<\/p>\n<p>Verkkosivusto: <a href=\"http:\/\/www.domexco.net\" target=\"_blank\" rel=\"noopener\">http:\/\/www.domexco.net<\/a><\/p>\n<h2><span class=\"ez-toc-section\" id=\"7_BCC_Logistics\"><\/span><strong>7. BCC Logistiikka<\/strong><span class=\"ez-toc-section-end\"><\/span><\/h2>\n<p><img loading=\"lazy\" decoding=\"async\" class=\"alignnone size-full wp-image-7673\" src=\"https:\/\/moverdb.com\/wp-content\/uploads\/BCC-Logistics-international-moving-company.png\" alt=\"BCC Logistics kansainv\u00e4linen muuttoliikeyritys\" width=\"1440\" height=\"634\" data-wp-pid=\"7673\" srcset=\"https:\/\/moverdb.com\/wp-content\/uploads\/BCC-Logistics-international-moving-company.png 1440w, https:\/\/moverdb.com\/wp-content\/uploads\/BCC-Logistics-international-moving-company-300x132.png 300w, https:\/\/moverdb.com\/wp-content\/uploads\/BCC-Logistics-international-moving-company-1024x451.png 1024w, https:\/\/moverdb.com\/wp-content\/uploads\/BCC-Logistics-international-moving-company-18x8.png 18w, https:\/\/moverdb.com\/wp-content\/uploads\/BCC-Logistics-international-moving-company-600x264.png 600w\" sizes=\"auto, (max-width: 1440px) 100vw, 1440px\" \/><\/p>\n<ul>\n<li>Kansalliset siirrot<\/li>\n<li>Kansainv\u00e4liset siirrot<\/li>\n<li>Asuntojen muutot<\/li>\n<li>Yrityssiirrot<\/li>\n<li>Ovelta ovelle -palvelu<\/li>\n<li>Pakkauspalvelu<\/li>\n<li>Maa-, meri- ja lentorahdit<\/li>\n<li>Tulliselvitys<\/li>\n<li>Kuvataiteen k\u00e4sittely<\/li>\n<li>Varastointitilat<\/li>\n<\/ul>\n<p>BCC Logistics on Beirutissa sijaitseva maailmanlaajuinen huolintayhti\u00f6, joka on perustettu vuonna 1993. <a href=\"https:\/\/moverdb.com\/fi\/moving-to-qatar\/\" data-internallinksmanager029f6b8e52c=\"334\" title=\"Muutat Qatariin? 2023 Elinkustannukset ja muuttovinkit\">Qatar<\/a>, <a href=\"https:\/\/moverdb.com\/fi\/moving-companies\/moving-companies-iraq\/\" data-internallinksmanager029f6b8e52c=\"314\" title=\"2 parasta kansainv\u00e4list\u00e4 muuttofirmaa Irakissa\">Irak<\/a> ja <a href=\"https:\/\/moverdb.com\/fi\/moving-to-saudi-arabia\/\" data-internallinksmanager029f6b8e52c=\"319\" title=\"Muutatko Saudi-Arabiaan? 2023 Elinkustannukset ja muuttovinkit\">Saudi-Arabia<\/a>. Heill\u00e4 on hyv\u00e4t yhteydet kansainv\u00e4lisiin muuttoagentteihin, mink\u00e4 ansiosta he voivat tarjota palveluja ymp\u00e4ri maailmaa. He ovat IAM:n j\u00e4sen ja FIDI:n akkreditoimia.<\/p>\n<p>BCC Logistics tarjoaa ovelta ovelle -muuttopalvelua yhdell\u00e4 yhteyspisteell\u00e4. Se tarjoaa pakkauspalvelua laadukkailla pakkausmateriaaleilla, ja se tarjoaa konttikuljetuksia merikuljetuksissa ja kolmisein\u00e4pakkauksia lentokuljetuksia varten tullimuodollisuuksineen. He auttavat pakkaamisessa, pakkausten purkamisessa ja huonekalujen pystytt\u00e4misess\u00e4. He tarjoavat my\u00f6s raskaiden tavaroiden k\u00e4sittely\u00e4, ajoneuvokuljetuksia ja vakuutuksia.<\/p>\n<p>Verkkosivusto: <a href=\"http:\/\/www.bcclogistics.com\/\" target=\"_blank\" rel=\"noopener\">http:\/\/www.bcclogistics.com\/<\/a><\/p>","protected":false},"excerpt":{"rendered":"<p>Just thinking about moving your home or business can be stressful and seem complicated if you are planning on moving abroad, which is where a moving company can assist by lightening the load. Below we have compiled a list of Lebanon based removal companies that are members of the International Association of Movers (IAM) and\/or [&hellip;]<\/p>\n","protected":false},"author":4,"featured_media":0,"parent":190,"menu_order":0,"comment_status":"closed","ping_status":"closed","template":"","meta":{"_genesis_hide_title":false,"_genesis_hide_breadcrumbs":false,"_genesis_hide_singular_image":false,"_genesis_hide_footer_widgets":false,"_genesis_custom_body_class":"","_genesis_custom_post_class":"","_genesis_layout":"","footnotes":""},"class_list":{"0":"post-8402","1":"page","2":"type-page","3":"status-publish","5":"entry","6":"has-post-thumbnail"},"_links":{"self":[{"href":"https:\/\/moverdb.com\/fi\/wp-json\/wp\/v2\/pages\/8402","targetHints":{"allow":["GET"]}}],"collection":[{"href":"https:\/\/moverdb.com\/fi\/wp-json\/wp\/v2\/pages"}],"about":[{"href":"https:\/\/moverdb.com\/fi\/wp-json\/wp\/v2\/types\/page"}],"author":[{"embeddable":true,"href":"https:\/\/moverdb.com\/fi\/wp-json\/wp\/v2\/users\/4"}],"replies":[{"embeddable":true,"href":"https:\/\/moverdb.com\/fi\/wp-json\/wp\/v2\/comments?post=8402"}],"version-history":[{"count":1,"href":"https:\/\/moverdb.com\/fi\/wp-json\/wp\/v2\/pages\/8402\/revisions"}],"predecessor-version":[{"id":8403,"href":"https:\/\/moverdb.com\/fi\/wp-json\/wp\/v2\/pages\/8402\/revisions\/8403"}],"up":[{"embeddable":true,"href":"https:\/\/moverdb.com\/fi\/wp-json\/wp\/v2\/pages\/190"}],"wp:attachment":[{"href":"https:\/\/moverdb.com\/fi\/wp-json\/wp\/v2\/media?parent=8402"}],"curies":[{"name":"wp","href":"https:\/\/api.w.org\/{rel}","templated":true}]}}