{"id":8396,"date":"2023-04-27T14:53:30","date_gmt":"2023-04-27T14:53:30","guid":{"rendered":"https:\/\/moverdb.com\/?page_id=8396"},"modified":"2026-01-08T15:24:46","modified_gmt":"2026-01-08T15:24:46","slug":"moving-companies-kenya","status":"publish","type":"page","link":"https:\/\/moverdb.com\/fi\/moving-companies\/moving-companies-kenya\/","title":{"rendered":"4 parasta kansainv\u00e4list\u00e4 muuttoliikett\u00e4 Keniassa"},"content":{"rendered":"<p>Jos olet muuttamassa kotiin tai yrityst\u00e4si, se voi tuntua hieman pelottavalta, varsinkin jos muutat ulkomaille, kun on teht\u00e4v\u00e4 ylim\u00e4\u00e4r\u00e4ist\u00e4 paperity\u00f6t\u00e4 ja j\u00e4rjestelyj\u00e4. T\u00e4ss\u00e4 tilanteessa <a href=\"https:\/\/moverdb.com\/fi\/moving-companies\/\" data-internallinksmanager029f6b8e52c=\"79\" title=\"Top 25 Kansainv\u00e4list\u00e4 muuttoyrityksi\u00e4 verkossa\">muuttofirma<\/a> voi todella kevent\u00e4\u00e4 kuormaa. Joten alla olemme listanneet Kenian pohjainen <a href=\"https:\/\/moverdb.com\/fi\/international-removals\/\" data-internallinksmanager029f6b8e52c=\"27\" title=\"36 Parhaat kansainv\u00e4liset muuttoyritykset Yhdistyneess\u00e4 kuningaskunnassa\">muuttofirmat<\/a> jotka ovat j\u00e4seni\u00e4 <a href=\"https:\/\/moverdb.com\/fi\/iam\/\" data-internallinksmanager029f6b8e52c=\"23\" title=\"Kansainv\u00e4linen muuttajien liitto (IAM) selitetty\">Kansainv\u00e4linen muuttajien liitto<\/a> (IAM) ja\/tai <a href=\"https:\/\/moverdb.com\/fi\/fidi-faim\/\" data-internallinksmanager029f6b8e52c=\"16\" title=\"FIDI &amp; FAIM (FIDI Accredited International Mover) selitettyin\u00e4\">FIDI<\/a> Accredited International Mover (FAIM), joka voi auttaa sinua muutossasi.<\/p>\n<div id=\"ez-toc-container\" class=\"ez-toc-v2_0_82_2 ez-toc-wrap-left counter-hierarchy ez-toc-counter ez-toc-transparent ez-toc-container-direction\">\n<div class=\"ez-toc-title-container\">\n<p class=\"ez-toc-title\" style=\"cursor:inherit\">Jaksot<\/p>\n<span class=\"ez-toc-title-toggle\"><a href=\"#\" class=\"ez-toc-pull-right ez-toc-btn ez-toc-btn-xs ez-toc-btn-default ez-toc-toggle\" aria-label=\"Sis\u00e4llysluettelon vaihtaminen\"><span class=\"ez-toc-js-icon-con\"><span class=\"\"><span class=\"eztoc-hide\" style=\"display:none;\">Toggle<\/span><span class=\"ez-toc-icon-toggle-span\"><svg style=\"fill: #999;color:#999\" xmlns=\"http:\/\/www.w3.org\/2000\/svg\" class=\"list-377408\" width=\"20px\" height=\"20px\" viewbox=\"0 0 24 24\" fill=\"none\"><path d=\"M6 6H4v2h2V6zm14 0H8v2h12V6zM4 11h2v2H4v-2zm16 0H8v2h12v-2zM4 16h2v2H4v-2zm16 0H8v2h12v-2z\" fill=\"currentColor\"><\/path><\/svg><svg style=\"fill: #999;color:#999\" class=\"arrow-unsorted-368013\" xmlns=\"http:\/\/www.w3.org\/2000\/svg\" width=\"10px\" height=\"10px\" viewbox=\"0 0 24 24\" version=\"1.2\" baseprofile=\"tiny\"><path d=\"M18.2 9.3l-6.2-6.3-6.2 6.3c-.2.2-.3.4-.3.7s.1.5.3.7c.2.2.4.3.7.3h11c.3 0 .5-.1.7-.3.2-.2.3-.5.3-.7s-.1-.5-.3-.7zM5.8 14.7l6.2 6.3 6.2-6.3c.2-.2.3-.5.3-.7s-.1-.5-.3-.7c-.2-.2-.4-.3-.7-.3h-11c-.3 0-.5.1-.7.3-.2.2-.3.5-.3.7s.1.5.3.7z\"\/><\/svg><\/span><\/span><\/span><\/a><\/span><\/div>\n<nav><ul class='ez-toc-list ez-toc-list-level-1 eztoc-toggle-hide-by-default' ><li class='ez-toc-page-1 ez-toc-heading-level-2'><a class=\"ez-toc-link ez-toc-heading-1\" href=\"https:\/\/moverdb.com\/fi\/moving-companies\/moving-companies-kenya\/#1_Quick_Task_Freight_Limited\" >1. Quick Task Freight Limited<\/a><\/li><li class='ez-toc-page-1 ez-toc-heading-level-2'><a class=\"ez-toc-link ez-toc-heading-2\" href=\"https:\/\/moverdb.com\/fi\/moving-companies\/moving-companies-kenya\/#2_Nellions_Moving_Relocations\" >2. Nellions Moving &amp; Relocations<\/a><\/li><li class='ez-toc-page-1 ez-toc-heading-level-2'><a class=\"ez-toc-link ez-toc-heading-3\" href=\"https:\/\/moverdb.com\/fi\/moving-companies\/moving-companies-kenya\/#3_Benfi_Global_Logistics\" >3. Benfi Global Logistics<\/a><\/li><li class='ez-toc-page-1 ez-toc-heading-level-2'><a class=\"ez-toc-link ez-toc-heading-4\" href=\"https:\/\/moverdb.com\/fi\/moving-companies\/moving-companies-kenya\/#4_DB_Schenker\" >4. DB Schenker<\/a><\/li><\/ul><\/nav><\/div>\n<h2><span class=\"ez-toc-section\" id=\"1_Quick_Task_Freight_Limited\"><\/span><strong>1. Quick Task Freight Limited<\/strong><span class=\"ez-toc-section-end\"><\/span><\/h2>\n<p><img loading=\"lazy\" decoding=\"async\" class=\"alignnone size-full wp-image-8356\" src=\"https:\/\/moverdb.com\/wp-content\/uploads\/Quick-Task-Freight-international-moving-company.png\" alt=\"Quick Task Freight kansainv\u00e4linen muuttofirma\" width=\"1440\" height=\"682\" data-wp-pid=\"8356\" srcset=\"https:\/\/moverdb.com\/wp-content\/uploads\/Quick-Task-Freight-international-moving-company.png 1440w, https:\/\/moverdb.com\/wp-content\/uploads\/Quick-Task-Freight-international-moving-company-300x142.png 300w, https:\/\/moverdb.com\/wp-content\/uploads\/Quick-Task-Freight-international-moving-company-1024x485.png 1024w, https:\/\/moverdb.com\/wp-content\/uploads\/Quick-Task-Freight-international-moving-company-18x9.png 18w, https:\/\/moverdb.com\/wp-content\/uploads\/Quick-Task-Freight-international-moving-company-600x284.png 600w\" sizes=\"auto, (max-width: 1440px) 100vw, 1440px\" \/><\/p>\n<ul>\n<li>Paikalliset siirrot<\/li>\n<li>Kansainv\u00e4liset siirrot<\/li>\n<li>Kotitalouden muutto<\/li>\n<li>Yrityssiirrot<\/li>\n<li>R\u00e4\u00e4t\u00e4l\u00f6ity ovelta ovelle -palvelu<\/li>\n<li>Pakkauspalvelu<\/li>\n<li>Tie-, meri- ja ilmakuljetukset<\/li>\n<li>Tulliv\u00e4litys<\/li>\n<li>Vakuutusneuvonta<\/li>\n<li>Varastointitilat<\/li>\n<\/ul>\n<p>Quick Task Freight Limited on vuonna 2013 perustettu huolinta- ja logistiikkayritys, jonka p\u00e4\u00e4konttori sijaitsee Keniassa, ja sill\u00e4 on toimipisteet Nairobissa ja Mombasassa sek\u00e4 muita toimistoja It\u00e4-Afrikassa. He ty\u00f6skentelev\u00e4t kansainv\u00e4listen kumppaneiden kanssa ihmisten siirt\u00e4miseksi ymp\u00e4ri maailmaa. He ovat IAM:n j\u00e4sen kahdeksan vuoden ajan.<\/p>\n<p>Quick Task Freight Limited tarjoaa r\u00e4\u00e4t\u00e4l\u00f6ityj\u00e4 ovelta ovelle -muuttopalveluja kotitalouksille ja yrityksille. He tarjoavat pakkauspalvelua, joka suojaa tavarasi kuljetuksen aikana, olipa kyseess\u00e4 sitten maantie-, meri- tai ilmakuljetus. He tarjoavat apua tulliv\u00e4lityksess\u00e4 ja vakuutuksissa.<\/p>\n<p>Verkkosivusto: <a href=\"http:\/\/www.quicktaskfreight.com\" target=\"_blank\" rel=\"noopener\">http:\/\/www.quicktaskfreight.com<\/a><\/p>\n<h2><span class=\"ez-toc-section\" id=\"2_Nellions_Moving_Relocations\"><\/span><strong>2. Nellions Moving &amp; Relocations<\/strong><span class=\"ez-toc-section-end\"><\/span><\/h2>\n<p><img loading=\"lazy\" decoding=\"async\" class=\"alignnone size-full wp-image-8348\" src=\"https:\/\/moverdb.com\/wp-content\/uploads\/Nellions-international-moving-company.png\" alt=\"Nellions kansainv\u00e4linen muuttofirma\" width=\"1440\" height=\"680\" data-wp-pid=\"8348\" srcset=\"https:\/\/moverdb.com\/wp-content\/uploads\/Nellions-international-moving-company.png 1440w, https:\/\/moverdb.com\/wp-content\/uploads\/Nellions-international-moving-company-300x142.png 300w, https:\/\/moverdb.com\/wp-content\/uploads\/Nellions-international-moving-company-1024x484.png 1024w, https:\/\/moverdb.com\/wp-content\/uploads\/Nellions-international-moving-company-18x9.png 18w, https:\/\/moverdb.com\/wp-content\/uploads\/Nellions-international-moving-company-600x283.png 600w\" sizes=\"auto, (max-width: 1440px) 100vw, 1440px\" \/><\/p>\n<ul>\n<li>Kansalliset siirrot<\/li>\n<li>Kansainv\u00e4liset siirrot<\/li>\n<li>Asuntojen muutot<\/li>\n<li>Yritys- ja toimistosiirrot<\/li>\n<li>Ovelta ovelle -palvelu<\/li>\n<li>Lento-, meri- tai maantieliikenne<\/li>\n<li>Toimitusvaihtoehdot, mukaan lukien ryhm\u00e4kuljetus<\/li>\n<li>Tulliselvitys<\/li>\n<li>Vakuutus<\/li>\n<li>Varastointitilat<\/li>\n<\/ul>\n<p>Nellions Moving &amp; Relocations on Nairobissa toimiva kansainv\u00e4linen muuttofirma. Se on IAM:n j\u00e4sen, jolla on yhdeks\u00e4n vuoden kokemus, mink\u00e4 ansiosta sill\u00e4 on k\u00e4yt\u00f6ss\u00e4\u00e4n kansainv\u00e4linen muuttoagenttien verkosto, joka tukee sit\u00e4.<\/p>\n<p>Nellions Moving &amp; Relocations tarjoaa muuttoa edelt\u00e4v\u00e4n kartoituksen ja muuttokonsultteja, jotka tukevat sinua muuton suunnittelussa. He tarjoavat ovelta ovelle, ovelta ovelle<a href=\"https:\/\/moverdb.com\/fi\/top-49-container-ports\/\" data-internallinksmanager029f6b8e52c=\"80\" title=\"Top 49 suurinta ja vilkkainta konttisatamaa vuonna 2025\">satama<\/a> tai satamasta ovelle -ratkaisut. He pakkaavat tavarasi turvallisesti, mukaan lukien huonekalujen asennus ja kokoaminen sek\u00e4 paperittoman pakkauslistan laatiminen. He j\u00e4rjest\u00e4v\u00e4t kuljetuksen lento-, meri- tai maantiekuljetuksena ja hoitavat tuonti- ja vientitullit. Kuljetukseen sis\u00e4ltyy t\u00e4ysi\u00e4 tai alle konttikuormia ja ryhm\u00e4kuljetusvaihtoehtoja.<\/p>\n<p>Verkkosivusto: <a href=\"http:\/\/www.nellions.co.ke\" target=\"_blank\" rel=\"noopener\">http:\/\/www.nellions.co.ke<\/a><\/p>\n<h2><span class=\"ez-toc-section\" id=\"3_Benfi_Global_Logistics\"><\/span><strong>3. <\/strong><strong>Benfi Global Logistics<\/strong><span class=\"ez-toc-section-end\"><\/span><\/h2>\n<p><img loading=\"lazy\" decoding=\"async\" class=\"alignnone size-full wp-image-8294\" src=\"https:\/\/moverdb.com\/wp-content\/uploads\/Benfi-Global-Logistics-international-moving-company.png\" alt=\"Benfi Global Logistics kansainv\u00e4linen muuttofirma\" width=\"1440\" height=\"683\" data-wp-pid=\"8294\" srcset=\"https:\/\/moverdb.com\/wp-content\/uploads\/Benfi-Global-Logistics-international-moving-company.png 1440w, https:\/\/moverdb.com\/wp-content\/uploads\/Benfi-Global-Logistics-international-moving-company-300x142.png 300w, https:\/\/moverdb.com\/wp-content\/uploads\/Benfi-Global-Logistics-international-moving-company-1024x486.png 1024w, https:\/\/moverdb.com\/wp-content\/uploads\/Benfi-Global-Logistics-international-moving-company-18x9.png 18w, https:\/\/moverdb.com\/wp-content\/uploads\/Benfi-Global-Logistics-international-moving-company-600x285.png 600w\" sizes=\"auto, (max-width: 1440px) 100vw, 1440px\" \/><\/p>\n<ul>\n<li>Paikallinen ja kansallinen logistiikka<\/li>\n<li><a href=\"https:\/\/moverdb.com\/fi\/container-shipping\/\" data-internallinksmanager029f6b8e52c=\"3\" title=\"Kansainv\u00e4lisen konttikuljetuksen hinnat: huhtikuu 2026\">Kansainv\u00e4linen merenkulku<\/a><\/li>\n<li>Yksitt\u00e4iset l\u00e4hetykset<\/li>\n<li>Yritysten l\u00e4hetykset<\/li>\n<li>Henkil\u00f6kohtainen l\u00e4hestymistapa<\/li>\n<li>Maanteiden rahdin kuljettaminen niiden kalustoa k\u00e4ytt\u00e4en<\/li>\n<li>Lentorahtivaihtoehdot<\/li>\n<li>Merikuljetusvaihtoehdot<\/li>\n<li>Tulliv\u00e4litys<\/li>\n<li>Varastointitilat<\/li>\n<\/ul>\n<p>Benfi Global Logistics on Nairobissa sijaitseva yhden luukun logistiikkaratkaisujen tarjoaja, joka voi toimittaa tuotteita kaikkialle maailmaan. Heill\u00e4 on yhdistyksi\u00e4 ymp\u00e4ri maailmaa laajentaakseen toimintaansa ja tarjotakseen toimituksia kansainv\u00e4lisesti. Se on IAM:n j\u00e4sen, jolla on 10 vuoden kokemus.<\/p>\n<p>Benfi Global Logistics tarjoaa ainoastaan huolinta- ja varastointitiloja, mutta se voi palvella my\u00f6s yksityishenkil\u00f6it\u00e4 ja yrityksi\u00e4. Ne tarjoavat erilaisia kuljetusvaihtoehtoja, joihin kuuluvat rahtikuljetukset kuorma-autokalustollaan, lentorahtikuljetukset pienist\u00e4 l\u00e4hetyksist\u00e4 tilauslentoihin ja merirahtikuljetukset joko t\u00e4yteen tai alle konttikuormaan.<\/p>\n<p>Verkkosivusto: <a href=\"http:\/\/www.benfifreightkenya.co.ke\" target=\"_blank\" rel=\"noopener\">http:\/\/www.benfifreightkenya.co.ke<\/a><\/p>\n<h2><span class=\"ez-toc-section\" id=\"4_DB_Schenker\"><\/span><strong>4. DB Schenker<\/strong><span class=\"ez-toc-section-end\"><\/span><\/h2>\n<p><img loading=\"lazy\" decoding=\"async\" class=\"alignnone size-full wp-image-8303\" src=\"https:\/\/moverdb.com\/wp-content\/uploads\/DB-Schenker-Kenya-international-moving-company.png\" alt=\"DB Schenker Kenya kansainv\u00e4linen muuttoliikeyritys\" width=\"1440\" height=\"677\" data-wp-pid=\"8303\" srcset=\"https:\/\/moverdb.com\/wp-content\/uploads\/DB-Schenker-Kenya-international-moving-company.png 1440w, https:\/\/moverdb.com\/wp-content\/uploads\/DB-Schenker-Kenya-international-moving-company-300x141.png 300w, https:\/\/moverdb.com\/wp-content\/uploads\/DB-Schenker-Kenya-international-moving-company-1024x481.png 1024w, https:\/\/moverdb.com\/wp-content\/uploads\/DB-Schenker-Kenya-international-moving-company-18x8.png 18w, https:\/\/moverdb.com\/wp-content\/uploads\/DB-Schenker-Kenya-international-moving-company-600x282.png 600w\" sizes=\"auto, (max-width: 1440px) 100vw, 1440px\" \/><\/p>\n<ul>\n<li>Kansalliset siirrot<\/li>\n<li>Kansainv\u00e4liset siirrot<\/li>\n<li>Asuntojen muutot<\/li>\n<li>Yrityksen siirrot<\/li>\n<li>Pakkauspalvelu<\/li>\n<li>Ammattimaiset pakkaajat<\/li>\n<li>Maa-, rautatie-, lento- ja merirahti<\/li>\n<li>Tulliselvitys<\/li>\n<li>Seurantapalvelu<\/li>\n<li>Varastointitilat<\/li>\n<\/ul>\n<p>DB Schenker on maailmanlaajuinen logistiikkapalveluiden tarjoaja, jolla on l\u00e4hes 725 toimipistett\u00e4 yli 60 maassa ja joka on toiminut yli 150 vuotta. Yrityksen Kenian-tukikohta sijaitsee Nairobissa, jossa se tarjoaa kansallisia ja kansainv\u00e4lisi\u00e4 palveluja. Yrityksell\u00e4 on kansainv\u00e4linen verkosto, joka tarjoaa maailmanlaajuisia palveluja, ja se on IAM:n j\u00e4sen.<\/p>\n<p>DB Schenker tarjoaa pakkauspalvelua, joka suojaa tavarasi ymp\u00e4rist\u00f6yst\u00e4v\u00e4llisill\u00e4 pakkausmateriaaleilla ja sis\u00e4lt\u00e4\u00e4 huonekalujen purkamisen ja kokoamisen. Se j\u00e4rjest\u00e4\u00e4 kuljetuksen maa-, rautatie-, lento- tai merikuljetuksena, johon liittyy tulliselvitys ja seurantapalvelu, jonka avulla voit seurata kuljetuksen etenemist\u00e4.<\/p>\n<p>Verkkosivusto: <a href=\"http:\/\/www.dbschenker.com\" target=\"_blank\" rel=\"noopener\">http:\/\/www.dbschenker.com<\/a><\/p>","protected":false},"excerpt":{"rendered":"<p>If you are moving home or your business, it might seem a bit daunting especially if you are moving countries with the additional paperwork and arrangements to make. This is where a moving company can really lighten your load. So below we\u2019ve listed Kenyan based removal companies that are members of the International Association of [&hellip;]<\/p>\n","protected":false},"author":4,"featured_media":0,"parent":190,"menu_order":0,"comment_status":"closed","ping_status":"closed","template":"","meta":{"_genesis_hide_title":false,"_genesis_hide_breadcrumbs":false,"_genesis_hide_singular_image":false,"_genesis_hide_footer_widgets":false,"_genesis_custom_body_class":"","_genesis_custom_post_class":"","_genesis_layout":"","footnotes":""},"class_list":{"0":"post-8396","1":"page","2":"type-page","3":"status-publish","5":"entry","6":"has-post-thumbnail"},"_links":{"self":[{"href":"https:\/\/moverdb.com\/fi\/wp-json\/wp\/v2\/pages\/8396","targetHints":{"allow":["GET"]}}],"collection":[{"href":"https:\/\/moverdb.com\/fi\/wp-json\/wp\/v2\/pages"}],"about":[{"href":"https:\/\/moverdb.com\/fi\/wp-json\/wp\/v2\/types\/page"}],"author":[{"embeddable":true,"href":"https:\/\/moverdb.com\/fi\/wp-json\/wp\/v2\/users\/4"}],"replies":[{"embeddable":true,"href":"https:\/\/moverdb.com\/fi\/wp-json\/wp\/v2\/comments?post=8396"}],"version-history":[{"count":1,"href":"https:\/\/moverdb.com\/fi\/wp-json\/wp\/v2\/pages\/8396\/revisions"}],"predecessor-version":[{"id":8397,"href":"https:\/\/moverdb.com\/fi\/wp-json\/wp\/v2\/pages\/8396\/revisions\/8397"}],"up":[{"embeddable":true,"href":"https:\/\/moverdb.com\/fi\/wp-json\/wp\/v2\/pages\/190"}],"wp:attachment":[{"href":"https:\/\/moverdb.com\/fi\/wp-json\/wp\/v2\/media?parent=8396"}],"curies":[{"name":"wp","href":"https:\/\/api.w.org\/{rel}","templated":true}]}}