{"id":8394,"date":"2023-04-27T14:54:05","date_gmt":"2023-04-27T14:54:05","guid":{"rendered":"https:\/\/moverdb.com\/?page_id=8394"},"modified":"2026-01-08T15:24:20","modified_gmt":"2026-01-08T15:24:20","slug":"moving-companies-kazakhstan","status":"publish","type":"page","link":"https:\/\/moverdb.com\/fi\/moving-companies\/moving-companies-kazakhstan\/","title":{"rendered":"3 parasta kansainv\u00e4list\u00e4 muuttoyrityst\u00e4 Kazakstanissa"},"content":{"rendered":"<p>Muutto voi olla stressaavaa aikaa, mutta jos haluat v\u00e4hent\u00e4\u00e4 sit\u00e4, voit ottaa palvelukseensa <a href=\"https:\/\/moverdb.com\/fi\/moving-companies\/\" data-internallinksmanager029f6b8e52c=\"79\" title=\"Top 25 Kansainv\u00e4list\u00e4 muuttoyrityksi\u00e4 verkossa\">muuttofirma<\/a>. He voivat huolehtia muuton organisoinnista, pakkaamisesta ja hallinnoinnista. Alla on luettelo Kazakstanissa toimivista muuttopalveluista. <a href=\"https:\/\/moverdb.com\/fi\/international-removals\/\" data-internallinksmanager029f6b8e52c=\"27\" title=\"36 Parhaat kansainv\u00e4liset muuttoyritykset Yhdistyneess\u00e4 kuningaskunnassa\">muuttofirmat<\/a> jotka ovat j\u00e4seni\u00e4 <a href=\"https:\/\/moverdb.com\/fi\/iam\/\" data-internallinksmanager029f6b8e52c=\"23\" title=\"Kansainv\u00e4linen muuttajien liitto (IAM) selitetty\">Kansainv\u00e4linen muuttajien liitto<\/a> (IAM) ja\/tai <a href=\"https:\/\/moverdb.com\/fi\/fidi-faim\/\" data-internallinksmanager029f6b8e52c=\"16\" title=\"FIDI &amp; FAIM (FIDI Accredited International Mover) selitettyin\u00e4\">FIDI<\/a> Accredited International Mover (FAIM), joka voi auttaa sinua muutossasi.<\/p>\n<h2><strong>1. Intermovex<\/strong><\/h2>\n<p><img loading=\"lazy\" decoding=\"async\" class=\"alignnone size-full wp-image-8330\" src=\"https:\/\/moverdb.com\/wp-content\/uploads\/Intermovex-international-moving-company.png\" alt=\"Intermovex kansainv\u00e4linen muuttofirma\" width=\"1440\" height=\"680\" data-wp-pid=\"8330\" srcset=\"https:\/\/moverdb.com\/wp-content\/uploads\/Intermovex-international-moving-company.png 1440w, https:\/\/moverdb.com\/wp-content\/uploads\/Intermovex-international-moving-company-300x142.png 300w, https:\/\/moverdb.com\/wp-content\/uploads\/Intermovex-international-moving-company-1024x484.png 1024w, https:\/\/moverdb.com\/wp-content\/uploads\/Intermovex-international-moving-company-18x9.png 18w, https:\/\/moverdb.com\/wp-content\/uploads\/Intermovex-international-moving-company-600x283.png 600w\" sizes=\"auto, (max-width: 1440px) 100vw, 1440px\" \/><\/p>\n<ul>\n<li>Kansalliset siirrot<\/li>\n<li>Kansainv\u00e4liset siirrot<\/li>\n<li>Kotitalouksien muutot<\/li>\n<li>Toimiston siirrot<\/li>\n<li>Ovelta ovelle -palvelu<\/li>\n<li>Pakkauspalvelu<\/li>\n<li>Tulliselvitys<\/li>\n<li>Kuvataiteen k\u00e4sittely<\/li>\n<li>El\u00e4inten ja autojen kuljetus<\/li>\n<li>Lyhytaikainen ja pitk\u00e4aikainen varastointi<\/li>\n<\/ul>\n<p>Intermovex on vuonna 2009 perustettu kansainv\u00e4linen muuttofirma, jolla on toimistot Almatyssa ja Astanassa. Se tekee yhteisty\u00f6t\u00e4 ulkomaisten kumppaneiden kanssa auttaakseen niit\u00e4 tarjoamaan palvelujaan kansainv\u00e4lisesti. He ovat IAM:n j\u00e4sen, ja heill\u00e4 on 14 vuoden kokemus.<\/p>\n<p>Intermovex tarjoaa ovelta ovelle -palvelun, jossa henkil\u00f6kohtainen johtaja tukee sinua kaikissa muuton vaiheissa. Heid\u00e4n pakkauspalvelussaan k\u00e4ytet\u00e4\u00e4n korkealaatuisia pakkausmateriaaleja, he auttavat sinua valitsemaan sopivimman kuljetusmuodon ja avustavat tulliselvityksess\u00e4. Se tarjoaa erilaisia lis\u00e4palveluja, joihin kuuluvat autojen, n\u00e4yttelyiden, el\u00e4inten, kulttuuriomaisuuden ja taideteosten kuljetukset sek\u00e4 rahtivakuutukset ja varastointimahdollisuudet.<\/p>\n<p>Verkkosivusto: <a href=\"http:\/\/www.intermovex.kz\" target=\"_blank\" rel=\"noopener\">http:\/\/www.intermovex.kz<\/a><\/p>\n<h2><strong>2. Gosselin<\/strong><\/h2>\n<p><img loading=\"lazy\" decoding=\"async\" class=\"alignnone size-full wp-image-8321\" src=\"https:\/\/moverdb.com\/wp-content\/uploads\/Gosselin-Kazakhstan-international-moving-company.png\" alt=\"Gosselin Kazakstanin kansainv\u00e4linen muuttofirma\" width=\"1440\" height=\"680\" data-wp-pid=\"8321\" srcset=\"https:\/\/moverdb.com\/wp-content\/uploads\/Gosselin-Kazakhstan-international-moving-company.png 1440w, https:\/\/moverdb.com\/wp-content\/uploads\/Gosselin-Kazakhstan-international-moving-company-300x142.png 300w, https:\/\/moverdb.com\/wp-content\/uploads\/Gosselin-Kazakhstan-international-moving-company-1024x484.png 1024w, https:\/\/moverdb.com\/wp-content\/uploads\/Gosselin-Kazakhstan-international-moving-company-18x9.png 18w, https:\/\/moverdb.com\/wp-content\/uploads\/Gosselin-Kazakhstan-international-moving-company-600x283.png 600w\" sizes=\"auto, (max-width: 1440px) 100vw, 1440px\" \/><\/p>\n<ul>\n<li>Kansalliset siirrot<\/li>\n<li>Kansainv\u00e4liset siirrot<\/li>\n<li>Asuntojen muutot<\/li>\n<li>Toimiston muutot<\/li>\n<li>R\u00e4\u00e4t\u00e4l\u00f6ity ovelta ovelle -palvelu<\/li>\n<li>Pakkauspalvelu<\/li>\n<li>Kuljetuksen j\u00e4rjest\u00e4minen<\/li>\n<li>Lemmikkiel\u00e4inten ja ajoneuvojen kuljetus<\/li>\n<li>Vakuutus<\/li>\n<li>Joustava lyhytaikainen ja pitk\u00e4aikainen varastointi<\/li>\n<\/ul>\n<p>Gosselin on kansainv\u00e4linen muutto- ja siirtoyritys, jolla on 34 toimipistett\u00e4 eri puolilla Eurooppaa ja Ven\u00e4j\u00e4\u00e4, my\u00f6s Kazakstanissa. Yrityksell\u00e4 on oma toimipisteiden ja yhteisty\u00f6kumppaneiden verkosto, joka avustaa kansainv\u00e4lisiss\u00e4 muutoissa, ja se on IAM:n j\u00e4sen.<\/p>\n<p>Gosselin tarjoaa ovelta ovelle -muuttopalvelua, jossa on verkkokyselyty\u00f6kalu nopean arvion ja sit\u00e4 seuraavan luotettavan arvion laatimiseksi. He tarjoavat pakkauspalvelua ammattitaitoisten muuttomiesten kanssa, jotka k\u00e4ytt\u00e4v\u00e4t ymp\u00e4rist\u00f6yst\u00e4v\u00e4llisi\u00e4 pakkausmateriaaleja suojellakseen tavaroitasi, ja he tarjoavat my\u00f6s huonekalujen purkamisen ja uudelleen kokoamisen sek\u00e4 pakkausten purkupalvelun. He tarjoavat my\u00f6s lis\u00e4palveluita, kuten lemmikkiel\u00e4inten muuttoa, taidek\u00e4sittely\u00e4, autonkuljetusta ja varastointiratkaisuja.<\/p>\n<p>Verkkosivusto: <a href=\"http:\/\/www.moving.gosselingroup.eu\" target=\"_blank\" rel=\"noopener\">http:\/\/www.moving.gosselingroup.eu<\/a><\/p>\n<h2><strong>3. Globalink Logistiikka<\/strong><\/h2>\n<p><img loading=\"lazy\" decoding=\"async\" class=\"alignnone size-full wp-image-8320\" src=\"https:\/\/moverdb.com\/wp-content\/uploads\/Globalink-Logistics-international-moving-company.png\" alt=\"Globalink Logistics kansainv\u00e4linen muuttoyritys\" width=\"1440\" height=\"680\" data-wp-pid=\"8320\" srcset=\"https:\/\/moverdb.com\/wp-content\/uploads\/Globalink-Logistics-international-moving-company.png 1440w, https:\/\/moverdb.com\/wp-content\/uploads\/Globalink-Logistics-international-moving-company-300x142.png 300w, https:\/\/moverdb.com\/wp-content\/uploads\/Globalink-Logistics-international-moving-company-1024x484.png 1024w, https:\/\/moverdb.com\/wp-content\/uploads\/Globalink-Logistics-international-moving-company-18x9.png 18w, https:\/\/moverdb.com\/wp-content\/uploads\/Globalink-Logistics-international-moving-company-600x283.png 600w\" sizes=\"auto, (max-width: 1440px) 100vw, 1440px\" \/><\/p>\n<ul>\n<li>Kansalliset siirrot<\/li>\n<li>Kansainv\u00e4liset siirrot<\/li>\n<li>Asuntojen muutot<\/li>\n<li>Yritysten uudelleensijoitukset<\/li>\n<li>Ovelta ovelle -palvelu<\/li>\n<li>Pakkauspalvelu<\/li>\n<li>Maantie-, rautatie-, meri- ja lentorahdit<\/li>\n<li>Tulliv\u00e4litys<\/li>\n<li>Lemmikkiel\u00e4inten siirt\u00e4minen<\/li>\n<li>Varastointitilat<\/li>\n<\/ul>\n<p>Globalink Logistics on Euroopan ja Aasian logistiikkaan erikoistunut yritys, joka tarjoaa muuttopalveluja. Yrityksell\u00e4 on toimipisteet Almatyssa, Astanassa, Atyraussa, Aktobessa, Oskemenissa, Uralskissa ja Shymkentiss\u00e4. Heill\u00e4 on maailmanlaajuinen verkosto 55 maassa, joka tarjoaa palveluja kansainv\u00e4lisesti. He ovat IAM:n j\u00e4sen 24 vuoden ajan, ja FIDI on akkreditoinut heid\u00e4t.<\/p>\n<p>Globalink Logistics tarjoaa muuttoa edelt\u00e4v\u00e4n kartoituksen ja muuton suunnitteluprosessin sek\u00e4 hinta-arvion. Se tarjoaa ovelta ovelle -muuttopalvelun, johon sis\u00e4ltyy lemmikkiel\u00e4inten ja ajoneuvojen kuljetus, vakuutus ja muuton seuranta. Se tarjoaa pakkauspalvelun, jossa k\u00e4ytet\u00e4\u00e4n korkealaatuisia materiaaleja ja kuljetus tapahtuu maanteitse, rautateitse, meritse tai ilmateitse, ja se tukee tulliv\u00e4lityksess\u00e4.<\/p>\n<p>Verkkosivusto: <a href=\"https:\/\/globalinklogistics.com\/\" target=\"_blank\" rel=\"noopener\">https:\/\/globalinklogistics.com\/<\/a><\/p>","protected":false},"excerpt":{"rendered":"<p>Moving can be a stressful time but if you want to reduce it, you can employ the services of a moving company. They can take over the organisation, packing and administration of your move. Below we have compiled a list of Kazakhstan based removal companies that are members of the International Association of Movers (IAM) [&hellip;]<\/p>\n","protected":false},"author":4,"featured_media":0,"parent":190,"menu_order":0,"comment_status":"closed","ping_status":"closed","template":"","meta":{"_genesis_hide_title":false,"_genesis_hide_breadcrumbs":false,"_genesis_hide_singular_image":false,"_genesis_hide_footer_widgets":false,"_genesis_custom_body_class":"","_genesis_custom_post_class":"","_genesis_layout":"","footnotes":""},"class_list":{"0":"post-8394","1":"page","2":"type-page","3":"status-publish","5":"entry","6":"has-post-thumbnail"},"_links":{"self":[{"href":"https:\/\/moverdb.com\/fi\/wp-json\/wp\/v2\/pages\/8394","targetHints":{"allow":["GET"]}}],"collection":[{"href":"https:\/\/moverdb.com\/fi\/wp-json\/wp\/v2\/pages"}],"about":[{"href":"https:\/\/moverdb.com\/fi\/wp-json\/wp\/v2\/types\/page"}],"author":[{"embeddable":true,"href":"https:\/\/moverdb.com\/fi\/wp-json\/wp\/v2\/users\/4"}],"replies":[{"embeddable":true,"href":"https:\/\/moverdb.com\/fi\/wp-json\/wp\/v2\/comments?post=8394"}],"version-history":[{"count":1,"href":"https:\/\/moverdb.com\/fi\/wp-json\/wp\/v2\/pages\/8394\/revisions"}],"predecessor-version":[{"id":8395,"href":"https:\/\/moverdb.com\/fi\/wp-json\/wp\/v2\/pages\/8394\/revisions\/8395"}],"up":[{"embeddable":true,"href":"https:\/\/moverdb.com\/fi\/wp-json\/wp\/v2\/pages\/190"}],"wp:attachment":[{"href":"https:\/\/moverdb.com\/fi\/wp-json\/wp\/v2\/media?parent=8394"}],"curies":[{"name":"wp","href":"https:\/\/api.w.org\/{rel}","templated":true}]}}