{"id":8390,"date":"2023-04-27T14:54:37","date_gmt":"2023-04-27T14:54:37","guid":{"rendered":"https:\/\/moverdb.com\/?page_id=8390"},"modified":"2026-01-08T15:29:21","modified_gmt":"2026-01-08T15:29:21","slug":"moving-companies-jordan","status":"publish","type":"page","link":"https:\/\/moverdb.com\/fi\/moving-companies\/moving-companies-jordan\/","title":{"rendered":"6 parasta kansainv\u00e4list\u00e4 muuttoliikett\u00e4 Jordaniassa"},"content":{"rendered":"<p>Oletko muuttamassa kotiin tai yritykseesi? J\u00e4rjestelyt ja paperity\u00f6t saattavat alkaa pelottaa sinua, joten saatat haluta apua asunnonv\u00e4litt\u00e4j\u00e4lt\u00e4. <a href=\"https:\/\/moverdb.com\/fi\/moving-companies\/\" data-internallinksmanager029f6b8e52c=\"79\" title=\"Top 25 Kansainv\u00e4list\u00e4 muuttoyrityksi\u00e4 verkossa\">muuttofirma<\/a>. Jos haluat muuttaa Jordaniassa, Jordaniaan tai Jordaniasta, olemme koonneet alla olevan luettelon seuraavista paikoista <a href=\"https:\/\/moverdb.com\/fi\/international-removals\/\" data-internallinksmanager029f6b8e52c=\"27\" title=\"36 Parhaat kansainv\u00e4liset muuttoyritykset Yhdistyneess\u00e4 kuningaskunnassa\">muuttofirmat<\/a> jotka ovat j\u00e4seni\u00e4 <a href=\"https:\/\/moverdb.com\/fi\/iam\/\" data-internallinksmanager029f6b8e52c=\"23\" title=\"Kansainv\u00e4linen muuttajien liitto (IAM) selitetty\">Kansainv\u00e4linen muuttajien liitto<\/a> (IAM) ja\/tai <a href=\"https:\/\/moverdb.com\/fi\/fidi-faim\/\" data-internallinksmanager029f6b8e52c=\"16\" title=\"FIDI &amp; FAIM (FIDI Accredited International Mover) selitettyin\u00e4\">FIDI<\/a> Accredited International Mover (FAIM), joka voi auttaa sinua muutossasi.<\/p>\n<div id=\"ez-toc-container\" class=\"ez-toc-v2_0_82_2 ez-toc-wrap-left counter-hierarchy ez-toc-counter ez-toc-transparent ez-toc-container-direction\">\n<div class=\"ez-toc-title-container\">\n<p class=\"ez-toc-title\" style=\"cursor:inherit\">Jaksot<\/p>\n<span class=\"ez-toc-title-toggle\"><a href=\"#\" class=\"ez-toc-pull-right ez-toc-btn ez-toc-btn-xs ez-toc-btn-default ez-toc-toggle\" aria-label=\"Sis\u00e4llysluettelon vaihtaminen\"><span class=\"ez-toc-js-icon-con\"><span class=\"\"><span class=\"eztoc-hide\" style=\"display:none;\">Toggle<\/span><span class=\"ez-toc-icon-toggle-span\"><svg style=\"fill: #999;color:#999\" xmlns=\"http:\/\/www.w3.org\/2000\/svg\" class=\"list-377408\" width=\"20px\" height=\"20px\" viewbox=\"0 0 24 24\" fill=\"none\"><path d=\"M6 6H4v2h2V6zm14 0H8v2h12V6zM4 11h2v2H4v-2zm16 0H8v2h12v-2zM4 16h2v2H4v-2zm16 0H8v2h12v-2z\" fill=\"currentColor\"><\/path><\/svg><svg style=\"fill: #999;color:#999\" class=\"arrow-unsorted-368013\" xmlns=\"http:\/\/www.w3.org\/2000\/svg\" width=\"10px\" height=\"10px\" viewbox=\"0 0 24 24\" version=\"1.2\" baseprofile=\"tiny\"><path d=\"M18.2 9.3l-6.2-6.3-6.2 6.3c-.2.2-.3.4-.3.7s.1.5.3.7c.2.2.4.3.7.3h11c.3 0 .5-.1.7-.3.2-.2.3-.5.3-.7s-.1-.5-.3-.7zM5.8 14.7l6.2 6.3 6.2-6.3c.2-.2.3-.5.3-.7s-.1-.5-.3-.7c-.2-.2-.4-.3-.7-.3h-11c-.3 0-.5.1-.7.3-.2.2-.3.5-.3.7s.1.5.3.7z\"\/><\/svg><\/span><\/span><\/span><\/a><\/span><\/div>\n<nav><ul class='ez-toc-list ez-toc-list-level-1 eztoc-toggle-hide-by-default' ><li class='ez-toc-page-1 ez-toc-heading-level-2'><a class=\"ez-toc-link ez-toc-heading-1\" href=\"https:\/\/moverdb.com\/fi\/moving-companies\/moving-companies-jordan\/#1_CML_Safe_Pak\" >1. CML Safe Pak<\/a><\/li><li class='ez-toc-page-1 ez-toc-heading-level-2'><a class=\"ez-toc-link ez-toc-heading-2\" href=\"https:\/\/moverdb.com\/fi\/moving-companies\/moving-companies-jordan\/#2_Jirpac\" >2. Jirpac<\/a><\/li><li class='ez-toc-page-1 ez-toc-heading-level-2'><a class=\"ez-toc-link ez-toc-heading-3\" href=\"https:\/\/moverdb.com\/fi\/moving-companies\/moving-companies-jordan\/#3_Jordanian_Coast_Cargo_Service\" >3. Jordanian Coast Cargo Service<\/a><\/li><li class='ez-toc-page-1 ez-toc-heading-level-2'><a class=\"ez-toc-link ez-toc-heading-4\" href=\"https:\/\/moverdb.com\/fi\/moving-companies\/moving-companies-jordan\/#4_Levant_Express\" >4. Levant Express<\/a><\/li><li class='ez-toc-page-1 ez-toc-heading-level-2'><a class=\"ez-toc-link ez-toc-heading-5\" href=\"https:\/\/moverdb.com\/fi\/moving-companies\/moving-companies-jordan\/#5_Logistimania\" >5. Logistimania<\/a><\/li><li class='ez-toc-page-1 ez-toc-heading-level-2'><a class=\"ez-toc-link ez-toc-heading-6\" href=\"https:\/\/moverdb.com\/fi\/moving-companies\/moving-companies-jordan\/#6_Naouri_Group\" >6. Naouri Group<\/a><\/li><\/ul><\/nav><\/div>\n<h2><span class=\"ez-toc-section\" id=\"1_CML_Safe_Pak\"><\/span><strong>1. CML Safe Pak<\/strong><span class=\"ez-toc-section-end\"><\/span><\/h2>\n<p><img loading=\"lazy\" decoding=\"async\" class=\"alignnone size-full wp-image-8391\" src=\"https:\/\/moverdb.com\/wp-content\/uploads\/CML-Safe-Pak-international-moving-company.png\" alt=\"CML Safe Pak kansainv\u00e4linen muuttoliikeyritys\" width=\"1440\" height=\"667\" data-wp-pid=\"8391\" srcset=\"https:\/\/moverdb.com\/wp-content\/uploads\/CML-Safe-Pak-international-moving-company.png 1440w, https:\/\/moverdb.com\/wp-content\/uploads\/CML-Safe-Pak-international-moving-company-300x139.png 300w, https:\/\/moverdb.com\/wp-content\/uploads\/CML-Safe-Pak-international-moving-company-1024x474.png 1024w, https:\/\/moverdb.com\/wp-content\/uploads\/CML-Safe-Pak-international-moving-company-18x8.png 18w, https:\/\/moverdb.com\/wp-content\/uploads\/CML-Safe-Pak-international-moving-company-600x278.png 600w\" sizes=\"auto, (max-width: 1440px) 100vw, 1440px\" \/><\/p>\n<ul>\n<li>Paikalliset ja kansalliset siirrot<\/li>\n<li>Kansainv\u00e4liset siirrot<\/li>\n<li>Asuntojen muutot<\/li>\n<li>Muuttokoordinaattori<\/li>\n<li>Pakkauspalvelu<\/li>\n<li>Maa-, meri- ja ilmakuljetukset<\/li>\n<li>Tulliselvitys<\/li>\n<li>Lemmikkiel\u00e4inten kuljetus<\/li>\n<li>Siivouspalvelut<\/li>\n<li>Turvallinen varastointi<\/li>\n<\/ul>\n<p>CML Safe Pak on Ammanissa sijaitseva muutto-, logistiikka- ja rahtiliikenteen palveluyritys, joka on auttanut ihmisi\u00e4 muuttamaan vuodesta 1992 l\u00e4htien. Se on j\u00e4senen\u00e4 <a href=\"https:\/\/moverdb.com\/fi\/harmony-relocation-network\/\" data-internallinksmanager029f6b8e52c=\"20\" title=\"Harmony Relocation Network (HRN) selitetty\">Harmony Relocation Network<\/a> ja IAM:n palveluksessa 31 vuoden ajan, ja FIDI on akkreditoinut ne. N\u00e4iden yhdistysten ansiosta heill\u00e4 on p\u00e4\u00e4sy kansainv\u00e4liseen muuttoagenttiverkostoon.<\/p>\n<p>CML Safe Pak tarjoaa muuttoa edelt\u00e4v\u00e4n konsultaation, jossa muuttokonsultti arvioi tarpeesi. Muuttokoordinaattori hoitaa muuton logistiikan, mukaan lukien paperity\u00f6t ja tulliselvitykset. Yritys tarjoaa lis\u00e4palveluita, joihin kuuluvat muuttosiivouspalvelut, taide- ja antiikkiesineiden muutto sek\u00e4 lemmikkiel\u00e4inten kuljetus.<\/p>\n<p>Verkkosivusto: <a href=\"http:\/\/www.cml-jo.com\" target=\"_blank\" rel=\"noopener\">http:\/\/www.cml-jo.com<\/a><\/p>\n<h2><span class=\"ez-toc-section\" id=\"2_Jirpac\"><\/span><strong>2. Jirpac<\/strong><span class=\"ez-toc-section-end\"><\/span><\/h2>\n<p><img loading=\"lazy\" decoding=\"async\" class=\"alignnone size-full wp-image-8333\" src=\"https:\/\/moverdb.com\/wp-content\/uploads\/Jirpac-international-moving-company.png\" alt=\"Jirpac kansainv\u00e4linen muuttofirma\" width=\"1440\" height=\"679\" data-wp-pid=\"8333\" srcset=\"https:\/\/moverdb.com\/wp-content\/uploads\/Jirpac-international-moving-company.png 1440w, https:\/\/moverdb.com\/wp-content\/uploads\/Jirpac-international-moving-company-300x141.png 300w, https:\/\/moverdb.com\/wp-content\/uploads\/Jirpac-international-moving-company-1024x483.png 1024w, https:\/\/moverdb.com\/wp-content\/uploads\/Jirpac-international-moving-company-18x8.png 18w, https:\/\/moverdb.com\/wp-content\/uploads\/Jirpac-international-moving-company-600x283.png 600w\" sizes=\"auto, (max-width: 1440px) 100vw, 1440px\" \/><\/p>\n<ul>\n<li>Kansalliset siirrot<\/li>\n<li>Kansainv\u00e4liset siirrot<\/li>\n<li>Kotitalouksien muutot<\/li>\n<li>Ty\u00f6ntekij\u00f6iden siirrot<\/li>\n<li>Yritys- ja toimistosiirrot<\/li>\n<li>Pakkauspalvelu<\/li>\n<li>Maa-, meri- ja ilmakuljetukset<\/li>\n<li>Tulliv\u00e4litys<\/li>\n<li>Vakuutus<\/li>\n<li>Turvalliset varastotilat<\/li>\n<\/ul>\n<p>Jirpac on vuonna 1978 perustettu kansainv\u00e4linen muutto- ja pakkausyritys, jonka kotipaikka on Ammanissa. Yrityksell\u00e4 on ymp\u00e4ri maailmaa 170 maassa toimiva yhteyshenkil\u00f6verkosto, joka avustaa sit\u00e4 palvelujen tarjoamisessa kansainv\u00e4lisesti. Se on IAM:n j\u00e4sen, jolla on 45 vuoden kokemus.<\/p>\n<p>Jirpac tarjoaa kansallisia ja kansainv\u00e4lisi\u00e4 muuttopalveluja kotitalouksille ja organisaatioille. He tarjoavat pakkauspalvelua, joka tarjoaa erilaisia pakkausmateriaaleja ja kartonkipakkauksia, jotka suojaavat tavaroitasi kuljetuksen aikana ja jotka t\u00e4ytt\u00e4v\u00e4t kansainv\u00e4liset standardit. He tarjoavat maa-, ilma- ja merikuljetuksia sek\u00e4 tullauspalveluja.<\/p>\n<p>Verkkosivusto: <a href=\"http:\/\/www.jirpac.com\" target=\"_blank\" rel=\"noopener\">http:\/\/www.jirpac.com<\/a><\/p>\n<h2><span class=\"ez-toc-section\" id=\"3_Jordanian_Coast_Cargo_Service\"><\/span><strong>3. Jordanian Coast Cargo Service<\/strong><span class=\"ez-toc-section-end\"><\/span><\/h2>\n<p><img loading=\"lazy\" decoding=\"async\" class=\"alignnone size-full wp-image-8334\" src=\"https:\/\/moverdb.com\/wp-content\/uploads\/Jordanian-Coast-Cargo-Services-international-moving-company.png\" alt=\"Jordanian Coast Cargo Services kansainv\u00e4linen muuttoyhti\u00f6\" width=\"1440\" height=\"677\" data-wp-pid=\"8334\" srcset=\"https:\/\/moverdb.com\/wp-content\/uploads\/Jordanian-Coast-Cargo-Services-international-moving-company.png 1440w, https:\/\/moverdb.com\/wp-content\/uploads\/Jordanian-Coast-Cargo-Services-international-moving-company-300x141.png 300w, https:\/\/moverdb.com\/wp-content\/uploads\/Jordanian-Coast-Cargo-Services-international-moving-company-1024x481.png 1024w, https:\/\/moverdb.com\/wp-content\/uploads\/Jordanian-Coast-Cargo-Services-international-moving-company-18x8.png 18w, https:\/\/moverdb.com\/wp-content\/uploads\/Jordanian-Coast-Cargo-Services-international-moving-company-600x282.png 600w\" sizes=\"auto, (max-width: 1440px) 100vw, 1440px\" \/><\/p>\n<ul>\n<li>Kansalliset muutot<\/li>\n<li>Kansainv\u00e4liset muutot<\/li>\n<li>Kotitalouksien muutot<\/li>\n<li>Kaupalliset palvelut<\/li>\n<li>Ovelta ovelle -palvelu<\/li>\n<li>Ammattimainen pakkauspalvelu<\/li>\n<li>Maa-, ilma- ja merikuljetukset<\/li>\n<li>Tulliselvitys<\/li>\n<li>Ajoneuvojen ja lemmikkiel\u00e4inten kuljetus<\/li>\n<li>Turvallinen lyhyt- ja pitk\u00e4aikainen varastointi<\/li>\n<\/ul>\n<p>Jordanian Coast Cargo Services on merenkulkuyritys, <a href=\"https:\/\/moverdb.com\/fi\/freight-forwarder\/\" data-internallinksmanager029f6b8e52c=\"17\" title=\"Huolitsijan &amp; NVOCC:n kansainv\u00e4liset kustannukset ja yritykset -opas\">huolitsija<\/a> ja varastointiyritys, joka tarjoaa muuttopalveluja ja diplomaattisia siirtoja. Yritys perustettiin vuonna 2000, ja sen toimipaikka on Ammanissa. Se tekee yhteisty\u00f6t\u00e4 kansainv\u00e4listen organisaatioiden kanssa tarjotakseen palvelujaan kaikkialla maailmassa. Yritys on IAM:n j\u00e4sen, ja se on toiminut 23 vuotta.<\/p>\n<p>Jordanian Coast Cargo Services tarjoaa ovelta ovelle -palvelun, jossa on eritt\u00e4in p\u00e4tevi\u00e4 pakkaajia, jotka k\u00e4ytt\u00e4v\u00e4t korkealaatuisia pakkausmateriaaleja ja laatikoita siirt\u00e4\u00e4kseen tavarasi turvallisesti. He j\u00e4rjest\u00e4v\u00e4t kuljetuksen tulliselvityksineen, t\u00e4m\u00e4 voi tapahtua maalla, ilmassa tai merell\u00e4 alle kontti- tai t\u00e4yskontti-kuormina.<\/p>\n<p>Verkkosivusto: <a href=\"http:\/\/www.jordaniancoastco.com\" target=\"_blank\" rel=\"noopener\">http:\/\/www.jordaniancoastco.com<\/a><\/p>\n<h2><span class=\"ez-toc-section\" id=\"4_Levant_Express\"><\/span><strong>4. Levant Express<\/strong><span class=\"ez-toc-section-end\"><\/span><\/h2>\n<p><img loading=\"lazy\" decoding=\"async\" class=\"alignnone size-full wp-image-8392\" src=\"https:\/\/moverdb.com\/wp-content\/uploads\/Levant-Express-international-moving-company.png\" alt=\"Levant Express kansainv\u00e4linen muuttofirma\" width=\"1440\" height=\"683\" data-wp-pid=\"8392\" srcset=\"https:\/\/moverdb.com\/wp-content\/uploads\/Levant-Express-international-moving-company.png 1440w, https:\/\/moverdb.com\/wp-content\/uploads\/Levant-Express-international-moving-company-300x142.png 300w, https:\/\/moverdb.com\/wp-content\/uploads\/Levant-Express-international-moving-company-1024x486.png 1024w, https:\/\/moverdb.com\/wp-content\/uploads\/Levant-Express-international-moving-company-18x9.png 18w, https:\/\/moverdb.com\/wp-content\/uploads\/Levant-Express-international-moving-company-600x285.png 600w\" sizes=\"auto, (max-width: 1440px) 100vw, 1440px\" \/><\/p>\n<ul>\n<li>Kansalliset muutot<\/li>\n<li>Kansainv\u00e4liset muutot<\/li>\n<li>Kotitalouksien muutot<\/li>\n<li>Alkukartoitus<\/li>\n<li>Pakkauspalvelu<\/li>\n<li>Inventaario<\/li>\n<li>Kuljetukset maalla, merell\u00e4 ja ilmassa<\/li>\n<li>Tulliselvitys<\/li>\n<li>Vakuutus<\/li>\n<li>Varastointitilat<\/li>\n<\/ul>\n<p>Levant Express on kokonaisvaltaisten toimitusketjuratkaisujen tarjoaja, joka tarjoaa muuttopalveluja. Se perustettiin vuonna 1930, ja sill\u00e4 on toimipisteit\u00e4 Jordaniassa ja Jordaniassa. <a href=\"https:\/\/moverdb.com\/fi\/moving-companies\/moving-companies-lebanon\/\" data-internallinksmanager029f6b8e52c=\"302\" title=\"7 parasta kansainv\u00e4list\u00e4 muuttoa harjoittavaa yrityst\u00e4 Libanonissa\">Libanon<\/a>. He ovat IAM:n j\u00e4sen, jolla on 93 vuoden kokemus, mik\u00e4 antaa heille mahdollisuuden k\u00e4ytt\u00e4\u00e4 kansainv\u00e4list\u00e4 muuttoagenttiverkostoa tukenaan.<\/p>\n<p>Levant Express tarjoaa muuttoa edelt\u00e4v\u00e4n kartoituksen, jonka avulla voidaan arvioida muuton m\u00e4\u00e4r\u00e4 ja laatia tarjous. Se tarjoaa pakkauspalvelun, joka suojaa tavarasi kuljetuksen aikana k\u00e4ytt\u00e4m\u00e4ll\u00e4 sopivimpia pakkausmateriaaleja, kuten pahvilaatikoita ja laatikoita. Kaikki pakkaukset merkit\u00e4\u00e4n ja niist\u00e4 laaditaan inventaario.<\/p>\n<p>Verkkosivusto: <a href=\"http:\/\/www.levantexpress.net\" target=\"_blank\" rel=\"noopener\">http:\/\/www.levantexpress.net<\/a><\/p>\n<h2><span class=\"ez-toc-section\" id=\"5_Logistimania\"><\/span><strong>5. <\/strong><strong>Logistimania<\/strong><span class=\"ez-toc-section-end\"><\/span><\/h2>\n<p><img loading=\"lazy\" decoding=\"async\" class=\"alignnone size-full wp-image-8337\" src=\"https:\/\/moverdb.com\/wp-content\/uploads\/Logistimania-international-moving-company.png\" alt=\"Logistimania kansainv\u00e4linen muuttoliikeyritys\" width=\"1440\" height=\"676\" data-wp-pid=\"8337\" srcset=\"https:\/\/moverdb.com\/wp-content\/uploads\/Logistimania-international-moving-company.png 1440w, https:\/\/moverdb.com\/wp-content\/uploads\/Logistimania-international-moving-company-300x141.png 300w, https:\/\/moverdb.com\/wp-content\/uploads\/Logistimania-international-moving-company-1024x481.png 1024w, https:\/\/moverdb.com\/wp-content\/uploads\/Logistimania-international-moving-company-18x8.png 18w, https:\/\/moverdb.com\/wp-content\/uploads\/Logistimania-international-moving-company-600x282.png 600w\" sizes=\"auto, (max-width: 1440px) 100vw, 1440px\" \/><\/p>\n<ul>\n<li>Kansalliset siirrot<\/li>\n<li>Kansainv\u00e4liset siirrot<\/li>\n<li>Kotitalouksien muutot<\/li>\n<li>Kaupallinen rahti<\/li>\n<li>Ovelta ovelle -palvelu<\/li>\n<li>Ammattimainen pakkauspalvelu<\/li>\n<li>Korkealaatuiset pakkausmateriaalit<\/li>\n<li>Kuljetukset lent\u00e4en, meritse ja maanteitse<\/li>\n<li>Tulliselvitys<\/li>\n<li>Varastointitilat<\/li>\n<\/ul>\n<p>Logistimania on kansainv\u00e4linen muutto- ja huolintayritys, joka on perustettu Tukholmassa, mutta sill\u00e4 on my\u00f6s sivuliike Ammanissa, Jordaniassa. Yrityksell\u00e4 on pitk\u00e4aikaiset suhteet varustamoihin, rahdinv\u00e4litt\u00e4jiin ja kuorma-autojen tavarantoimittajiin, jotta se voi tarjota palveluitaan kaikkialla maailmassa, ja se on my\u00f6s IAM:n j\u00e4sen.<\/p>\n<p>Logistimania tarjoaa ovelta ovelle muutto- ja siirtopalveluja. He tarjoavat ammattitaitoista pakkauspalvelua, jossa k\u00e4ytet\u00e4\u00e4n korkealaatuisia pakkausmateriaaleja, jotka suojaavat tavaroitasi kuljetuksen aikana. He j\u00e4rjest\u00e4v\u00e4t kuljetukset lento-, meri- ja maantiekuljetuksina sek\u00e4 tarvittaessa tulliselvityksen. He avustavat tavaroitten purkamisessa saapumisen j\u00e4lkeen.<\/p>\n<p>Verkkosivusto: <a href=\"http:\/\/www.logistimania.com\" target=\"_blank\" rel=\"noopener\">http:\/\/www.logistimania.com<\/a><\/p>\n<h2><span class=\"ez-toc-section\" id=\"6_Naouri_Group\"><\/span><strong>6. Naouri Group<\/strong><span class=\"ez-toc-section-end\"><\/span><\/h2>\n<p><img loading=\"lazy\" decoding=\"async\" class=\"alignnone size-full wp-image-8347\" src=\"https:\/\/moverdb.com\/wp-content\/uploads\/Naouri-Group-international-moving-company.png\" alt=\"Naouri Group kansainv\u00e4linen muuttofirma\" width=\"1440\" height=\"680\" data-wp-pid=\"8347\" srcset=\"https:\/\/moverdb.com\/wp-content\/uploads\/Naouri-Group-international-moving-company.png 1440w, https:\/\/moverdb.com\/wp-content\/uploads\/Naouri-Group-international-moving-company-300x142.png 300w, https:\/\/moverdb.com\/wp-content\/uploads\/Naouri-Group-international-moving-company-1024x484.png 1024w, https:\/\/moverdb.com\/wp-content\/uploads\/Naouri-Group-international-moving-company-18x9.png 18w, https:\/\/moverdb.com\/wp-content\/uploads\/Naouri-Group-international-moving-company-600x283.png 600w\" sizes=\"auto, (max-width: 1440px) 100vw, 1440px\" \/><\/p>\n<ul>\n<li>Kansalliset siirrot<\/li>\n<li>Kansainv\u00e4liset siirrot<\/li>\n<li>Yrityksen l\u00e4hetykset<\/li>\n<li>Yksitt\u00e4iset l\u00e4hetykset<\/li>\n<li>Hankkeiden v\u00e4litt\u00e4minen<\/li>\n<li>R\u00e4\u00e4t\u00e4l\u00f6ity palvelu<\/li>\n<li>Tie-, meri- ja ilmakuljetukset<\/li>\n<li>Ryhmittelyvaihtoehdot<\/li>\n<li>Tulliselvitys<\/li>\n<li>Konttiterminaali<\/li>\n<\/ul>\n<p>Naouri Group on vuonna 1994 perustettu huolitsija ja logistiikkayritys, jonka p\u00e4\u00e4konttori sijaitsee Ammanissa ja joka toimii my\u00f6s seuraavissa maissa <a href=\"https:\/\/moverdb.com\/fi\/moving-companies\/moving-companies-iraq\/\" data-internallinksmanager029f6b8e52c=\"314\" title=\"2 parasta kansainv\u00e4list\u00e4 muuttofirmaa Irakissa\">Irak<\/a> ja Palestiina. Se on IAM:n j\u00e4sen 13 vuoden ajan, ja FIDI on akkreditoinut sen. N\u00e4iden yhdistysten ansiosta heill\u00e4 on k\u00e4yt\u00f6ss\u00e4\u00e4n kansainv\u00e4linen asiamiesten verkosto, joka auttaa heit\u00e4 palvelujen tarjoamisessa ulkomailla.<\/p>\n<p>Naouri Group tarjoaa r\u00e4\u00e4t\u00e4l\u00f6ity\u00e4 palvelua tarpeidesi mukaan, ja se v\u00e4itt\u00e4\u00e4 olevansa yksi Jordanian johtavista logistiikkaryhmist\u00e4. Se tarjoaa erilaisia kuljetus- ja huolintapalveluja, joihin kuuluvat maantie-, lento- ja merikuljetukset sek\u00e4 ryhm\u00e4kuljetusvaihtoehdot pienemmille kuin konttikuormille.<\/p>\n<p>Verkkosivusto: <a href=\"http:\/\/www.naouri.com\" target=\"_blank\" rel=\"noopener\">http:\/\/www.naouri.com<\/a><\/p>","protected":false},"excerpt":{"rendered":"<p>Are you moving home or your business? Then the organisation and paperwork may be starting to daunt you, so you may want the assistance of a moving company. If you are looking to move within, to or from Jordan we have compiled the below list of removal companies that are members of the International Association [&hellip;]<\/p>\n","protected":false},"author":4,"featured_media":0,"parent":190,"menu_order":0,"comment_status":"closed","ping_status":"closed","template":"","meta":{"_genesis_hide_title":false,"_genesis_hide_breadcrumbs":false,"_genesis_hide_singular_image":false,"_genesis_hide_footer_widgets":false,"_genesis_custom_body_class":"","_genesis_custom_post_class":"","_genesis_layout":"","footnotes":""},"class_list":{"0":"post-8390","1":"page","2":"type-page","3":"status-publish","5":"entry","6":"has-post-thumbnail"},"_links":{"self":[{"href":"https:\/\/moverdb.com\/fi\/wp-json\/wp\/v2\/pages\/8390","targetHints":{"allow":["GET"]}}],"collection":[{"href":"https:\/\/moverdb.com\/fi\/wp-json\/wp\/v2\/pages"}],"about":[{"href":"https:\/\/moverdb.com\/fi\/wp-json\/wp\/v2\/types\/page"}],"author":[{"embeddable":true,"href":"https:\/\/moverdb.com\/fi\/wp-json\/wp\/v2\/users\/4"}],"replies":[{"embeddable":true,"href":"https:\/\/moverdb.com\/fi\/wp-json\/wp\/v2\/comments?post=8390"}],"version-history":[{"count":1,"href":"https:\/\/moverdb.com\/fi\/wp-json\/wp\/v2\/pages\/8390\/revisions"}],"predecessor-version":[{"id":8393,"href":"https:\/\/moverdb.com\/fi\/wp-json\/wp\/v2\/pages\/8390\/revisions\/8393"}],"up":[{"embeddable":true,"href":"https:\/\/moverdb.com\/fi\/wp-json\/wp\/v2\/pages\/190"}],"wp:attachment":[{"href":"https:\/\/moverdb.com\/fi\/wp-json\/wp\/v2\/media?parent=8390"}],"curies":[{"name":"wp","href":"https:\/\/api.w.org\/{rel}","templated":true}]}}