{"id":7781,"date":"2023-04-27T14:57:02","date_gmt":"2023-04-27T14:57:02","guid":{"rendered":"https:\/\/moverdb.com\/?page_id=7781"},"modified":"2026-01-08T15:23:46","modified_gmt":"2026-01-08T15:23:46","slug":"moving-companies-jamaica","status":"publish","type":"page","link":"https:\/\/moverdb.com\/fi\/moving-companies\/moving-companies-jamaica\/","title":{"rendered":"2 parasta kansainv\u00e4list\u00e4 muuttoliikett\u00e4 Jamaikalla"},"content":{"rendered":"<p>Kotisi tai yrityksesi muuttaminen voi olla vaikeaa ja aiheuttaa paljon paineita, varsinkin jos suunnittelet muuttoa ulkomaille, joten on hyv\u00e4 palkata palveluntarjoaja. <a href=\"https:\/\/moverdb.com\/fi\/moving-companies\/\" data-internallinksmanager029f6b8e52c=\"79\" title=\"Top 25 Kansainv\u00e4list\u00e4 muuttoyrityksi\u00e4 verkossa\">muuttofirma<\/a> voi todella auttaa sinua. Alla olemme koonneet luettelon jamaikalaisista <a href=\"https:\/\/moverdb.com\/fi\/international-removals\/\" data-internallinksmanager029f6b8e52c=\"27\" title=\"36 Parhaat kansainv\u00e4liset muuttoyritykset Yhdistyneess\u00e4 kuningaskunnassa\">muuttofirmat<\/a> jotka ovat j\u00e4seni\u00e4 <a href=\"https:\/\/moverdb.com\/fi\/iam\/\" data-internallinksmanager029f6b8e52c=\"23\" title=\"Kansainv\u00e4linen muuttajien liitto (IAM) selitetty\">Kansainv\u00e4linen muuttajien liitto<\/a> (IAM) ja\/tai <a href=\"https:\/\/moverdb.com\/fi\/fidi-faim\/\" data-internallinksmanager029f6b8e52c=\"16\" title=\"FIDI &amp; FAIM (FIDI Accredited International Mover) selitettyin\u00e4\">FIDI<\/a> Accredited International Mover (FAIM), joka voi auttaa sinua muutossasi.<\/p>\n<h2><strong>1. Aero International Shipping<\/strong><\/h2>\n<p><img loading=\"lazy\" decoding=\"async\" class=\"alignnone size-full wp-image-7656\" src=\"https:\/\/moverdb.com\/wp-content\/uploads\/Aero-International-Shipping-moving-company.png\" alt=\"Aero International Shipping muuttoyritys\" width=\"1440\" height=\"686\" data-wp-pid=\"7656\" srcset=\"https:\/\/moverdb.com\/wp-content\/uploads\/Aero-International-Shipping-moving-company.png 1440w, https:\/\/moverdb.com\/wp-content\/uploads\/Aero-International-Shipping-moving-company-300x143.png 300w, https:\/\/moverdb.com\/wp-content\/uploads\/Aero-International-Shipping-moving-company-1024x488.png 1024w, https:\/\/moverdb.com\/wp-content\/uploads\/Aero-International-Shipping-moving-company-18x9.png 18w, https:\/\/moverdb.com\/wp-content\/uploads\/Aero-International-Shipping-moving-company-600x286.png 600w\" sizes=\"auto, (max-width: 1440px) 100vw, 1440px\" \/><\/p>\n<ul>\n<li><a href=\"https:\/\/moverdb.com\/fi\/container-shipping\/\" data-internallinksmanager029f6b8e52c=\"3\" title=\"Kansainv\u00e4lisen konttikuljetuksen hinnat: 2026\">Kansainv\u00e4linen merenkulku<\/a><\/li>\n<li>Kotitalouksien merenkulku<\/li>\n<li>Kaupallinen merenkulku<\/li>\n<li>Erityishankkeet<\/li>\n<li>Vientipakkaukset<\/li>\n<li>Maa-, ilma- ja merirahti<\/li>\n<li>Konsolidointivaihtoehdot<\/li>\n<li>Mukautettu tulliselvitys<\/li>\n<li>Vakuutusturva<\/li>\n<li>Varastointitilat<\/li>\n<\/ul>\n<p>Aero International Shipping on kansainv\u00e4linen kuljetus- ja logistiikkayritys, joka kuljettaa my\u00f6s kotitaloustavaroita. Yritys on perustettu vuonna 1974, ja sen kotipaikka on Kingston. He ty\u00f6skentelev\u00e4t kansainv\u00e4lisen toimistoverkoston kanssa toimittaakseen palveluja ymp\u00e4ri maailmaa. He ovat IAM:n j\u00e4sen, ja heill\u00e4 on takanaan 49 vuotta palvelua.<\/p>\n<p>Aero International Shipping tarjoaa pienist\u00e4 suuriin kuljetuspalveluihin. He tarjoavat tukea vientipakkausten kanssa varmistaakseen, ett\u00e4 tavarasi on turvallisesti pakattu kuljetusta varten. He j\u00e4rjest\u00e4v\u00e4t maa-, ilma- ja merikuljetukset huolellisesti valituilla reiteill\u00e4, tulliselvityksen ja vakuutusturvan. He tarjoavat yhdist\u00e4misvaihtoehtoja lento- ja merikuljetuksiin kustannusten alentamiseksi.<\/p>\n<p>Verkkosivusto: <a href=\"http:\/\/www.aerointel.com\/\" target=\"_blank\" rel=\"noopener\">http:\/\/www.aerointel.com\/<\/a><\/p>\n<h2><strong>2. B.L. Williams<\/strong><\/h2>\n<p><img loading=\"lazy\" decoding=\"async\" class=\"alignnone size-full wp-image-7675\" src=\"https:\/\/moverdb.com\/wp-content\/uploads\/Bliss-Moving-international-moving-company.png\" alt=\"BL Williams kansainv\u00e4linen muuttofirma\" width=\"1440\" height=\"684\" data-wp-pid=\"7675\" srcset=\"https:\/\/moverdb.com\/wp-content\/uploads\/Bliss-Moving-international-moving-company.png 1440w, https:\/\/moverdb.com\/wp-content\/uploads\/Bliss-Moving-international-moving-company-300x143.png 300w, https:\/\/moverdb.com\/wp-content\/uploads\/Bliss-Moving-international-moving-company-1024x486.png 1024w, https:\/\/moverdb.com\/wp-content\/uploads\/Bliss-Moving-international-moving-company-18x9.png 18w, https:\/\/moverdb.com\/wp-content\/uploads\/Bliss-Moving-international-moving-company-600x285.png 600w\" sizes=\"auto, (max-width: 1440px) 100vw, 1440px\" \/><\/p>\n<ul>\n<li>Kansalliset siirrot<\/li>\n<li>Kansainv\u00e4liset siirrot<\/li>\n<li>Kotitalouksien uudelleensijoittaminen<\/li>\n<li>Ovelta ovelle -palvelu<\/li>\n<li>Pakkauspalvelu<\/li>\n<li>Meri- ja lentorahdit<\/li>\n<li>Vienti- ja tuontipalvelut<\/li>\n<li>L\u00e4ht\u00f6- ja m\u00e4\u00e4r\u00e4paikkapalvelut<\/li>\n<li>Kauttakuljetusvakuutus<\/li>\n<li>Varastointitilat<\/li>\n<\/ul>\n<p>B.L. Williams on <a href=\"https:\/\/moverdb.com\/fi\/freight-forwarder\/\" data-internallinksmanager029f6b8e52c=\"17\" title=\"Huolitsijan &amp; NVOCC:n kansainv\u00e4liset kustannukset ja yritykset -opas\">huolitsija<\/a> ja kansainv\u00e4linen rahdinkuljettaja, joka perustettiin vuonna 1924 ja jonka kotipaikka on Kingston. Heid\u00e4n tukenaan on paikallisten edustajien verkosto, joka toimii eri puolilla maailmaa. Se on IAM:n j\u00e4sen, joka on toiminut 34 vuotta.<\/p>\n<p>B.L. Williams tekee alkukartoituksen tarpeidesi m\u00e4\u00e4ritt\u00e4miseksi ja antaa tarjouksen. He tarjoavat omistautunutta henkil\u00f6kuntaa, joka tukee sinua koko muuton ajan ovelta ovelle -palvelun avulla. He tarjoavat pakkauspalvelua, jossa k\u00e4ytet\u00e4\u00e4n erilaisia materiaaleja tavaroiden suojaamiseen ja laatikointiin. He j\u00e4rjest\u00e4v\u00e4t meri- ja lentorahtikuljetuksen, joka sis\u00e4lt\u00e4\u00e4 kaikki vienti- ja tuontipalvelut.<\/p>\n<p>Verkkosivusto: <a href=\"http:\/\/www.blwilliams.com\/\" target=\"_blank\" rel=\"noopener\">http:\/\/www.blwilliams.com\/<\/a><\/p>","protected":false},"excerpt":{"rendered":"<p>Moving your home or business can be difficult and add a lot of pressure especially if you are planning a move abroad, so employing a moving company can really assist you. Below we have compiled a list of Jamaican removal companies that are members of the International Association of Movers (IAM) and\/or FIDI Accredited International [&hellip;]<\/p>\n","protected":false},"author":4,"featured_media":0,"parent":190,"menu_order":0,"comment_status":"closed","ping_status":"closed","template":"","meta":{"_genesis_hide_title":false,"_genesis_hide_breadcrumbs":false,"_genesis_hide_singular_image":false,"_genesis_hide_footer_widgets":false,"_genesis_custom_body_class":"","_genesis_custom_post_class":"","_genesis_layout":"","footnotes":""},"class_list":{"0":"post-7781","1":"page","2":"type-page","3":"status-publish","5":"entry","6":"has-post-thumbnail"},"_links":{"self":[{"href":"https:\/\/moverdb.com\/fi\/wp-json\/wp\/v2\/pages\/7781","targetHints":{"allow":["GET"]}}],"collection":[{"href":"https:\/\/moverdb.com\/fi\/wp-json\/wp\/v2\/pages"}],"about":[{"href":"https:\/\/moverdb.com\/fi\/wp-json\/wp\/v2\/types\/page"}],"author":[{"embeddable":true,"href":"https:\/\/moverdb.com\/fi\/wp-json\/wp\/v2\/users\/4"}],"replies":[{"embeddable":true,"href":"https:\/\/moverdb.com\/fi\/wp-json\/wp\/v2\/comments?post=7781"}],"version-history":[{"count":1,"href":"https:\/\/moverdb.com\/fi\/wp-json\/wp\/v2\/pages\/7781\/revisions"}],"predecessor-version":[{"id":7782,"href":"https:\/\/moverdb.com\/fi\/wp-json\/wp\/v2\/pages\/7781\/revisions\/7782"}],"up":[{"embeddable":true,"href":"https:\/\/moverdb.com\/fi\/wp-json\/wp\/v2\/pages\/190"}],"wp:attachment":[{"href":"https:\/\/moverdb.com\/fi\/wp-json\/wp\/v2\/media?parent=7781"}],"curies":[{"name":"wp","href":"https:\/\/api.w.org\/{rel}","templated":true}]}}