{"id":7779,"date":"2023-04-27T14:57:32","date_gmt":"2023-04-27T14:57:32","guid":{"rendered":"https:\/\/moverdb.com\/?page_id=7779"},"modified":"2026-01-08T15:29:20","modified_gmt":"2026-01-08T15:29:20","slug":"moving-companies-israel","status":"publish","type":"page","link":"https:\/\/moverdb.com\/fi\/moving-companies\/moving-companies-israel\/","title":{"rendered":"6 parasta kansainv\u00e4list\u00e4 muuttofirmaa Israelissa"},"content":{"rendered":"<p>Kotisi tai yrityksesi muuttaminen voi olla stressaavaa, joten palveluiden k\u00e4ytt\u00e4minen <a href=\"https:\/\/moverdb.com\/fi\/moving-companies\/\" data-internallinksmanager029f6b8e52c=\"79\" title=\"Top 25 Kansainv\u00e4list\u00e4 muuttoyrityksi\u00e4 verkossa\">muuttofirma<\/a> voisi v\u00e4hent\u00e4\u00e4 ty\u00f6taakkaa ja helpottaa muuttoa. Olemme siis koonneet alla olevan luettelon <a href=\"https:\/\/moverdb.com\/fi\/moving-to-israel\/\" data-internallinksmanager029f6b8e52c=\"333\" title=\"Muutat Israeliin? 2023 Elinkustannukset ja muuttovinkit\">Israel<\/a> perustuu <a href=\"https:\/\/moverdb.com\/fi\/international-removals\/\" data-internallinksmanager029f6b8e52c=\"27\" title=\"36 Parhaat kansainv\u00e4liset muuttoyritykset Yhdistyneess\u00e4 kuningaskunnassa\">muuttofirmat<\/a> jotka ovat j\u00e4seni\u00e4 <a href=\"https:\/\/moverdb.com\/fi\/iam\/\" data-internallinksmanager029f6b8e52c=\"23\" title=\"Kansainv\u00e4linen muuttajien liitto (IAM) selitetty\">Kansainv\u00e4linen muuttajien liitto<\/a> (IAM) ja\/tai <a href=\"https:\/\/moverdb.com\/fi\/fidi-faim\/\" data-internallinksmanager029f6b8e52c=\"16\" title=\"FIDI &amp; FAIM (FIDI Accredited International Mover) selitettyin\u00e4\">FIDI<\/a> Akkreditoitu kansainv\u00e4linen muuttaja (FAIM), joka voi auttaa sinua muutossa Israeliin, Israelista tai Israelin sis\u00e4ll\u00e4.<\/p>\n<div id=\"ez-toc-container\" class=\"ez-toc-v2_0_82_2 ez-toc-wrap-left counter-hierarchy ez-toc-counter ez-toc-transparent ez-toc-container-direction\">\n<div class=\"ez-toc-title-container\">\n<p class=\"ez-toc-title\" style=\"cursor:inherit\">Jaksot<\/p>\n<span class=\"ez-toc-title-toggle\"><a href=\"#\" class=\"ez-toc-pull-right ez-toc-btn ez-toc-btn-xs ez-toc-btn-default ez-toc-toggle\" aria-label=\"Sis\u00e4llysluettelon vaihtaminen\"><span class=\"ez-toc-js-icon-con\"><span class=\"\"><span class=\"eztoc-hide\" style=\"display:none;\">Toggle<\/span><span class=\"ez-toc-icon-toggle-span\"><svg style=\"fill: #999;color:#999\" xmlns=\"http:\/\/www.w3.org\/2000\/svg\" class=\"list-377408\" width=\"20px\" height=\"20px\" viewbox=\"0 0 24 24\" fill=\"none\"><path d=\"M6 6H4v2h2V6zm14 0H8v2h12V6zM4 11h2v2H4v-2zm16 0H8v2h12v-2zM4 16h2v2H4v-2zm16 0H8v2h12v-2z\" fill=\"currentColor\"><\/path><\/svg><svg style=\"fill: #999;color:#999\" class=\"arrow-unsorted-368013\" xmlns=\"http:\/\/www.w3.org\/2000\/svg\" width=\"10px\" height=\"10px\" viewbox=\"0 0 24 24\" version=\"1.2\" baseprofile=\"tiny\"><path d=\"M18.2 9.3l-6.2-6.3-6.2 6.3c-.2.2-.3.4-.3.7s.1.5.3.7c.2.2.4.3.7.3h11c.3 0 .5-.1.7-.3.2-.2.3-.5.3-.7s-.1-.5-.3-.7zM5.8 14.7l6.2 6.3 6.2-6.3c.2-.2.3-.5.3-.7s-.1-.5-.3-.7c-.2-.2-.4-.3-.7-.3h-11c-.3 0-.5.1-.7.3-.2.2-.3.5-.3.7s.1.5.3.7z\"\/><\/svg><\/span><\/span><\/span><\/a><\/span><\/div>\n<nav><ul class='ez-toc-list ez-toc-list-level-1 eztoc-toggle-hide-by-default' ><li class='ez-toc-page-1 ez-toc-heading-level-2'><a class=\"ez-toc-link ez-toc-heading-1\" href=\"https:\/\/moverdb.com\/fi\/moving-companies\/moving-companies-israel\/#1_Globus_Relocation\" >1. Globuksen uudelleensijoittaminen<\/a><\/li><li class='ez-toc-page-1 ez-toc-heading-level-2'><a class=\"ez-toc-link ez-toc-heading-2\" href=\"https:\/\/moverdb.com\/fi\/moving-companies\/moving-companies-israel\/#2_Infinity_Pack_Ship\" >2. Infinity Pack &amp; Ship<\/a><\/li><li class='ez-toc-page-1 ez-toc-heading-level-2'><a class=\"ez-toc-link ez-toc-heading-3\" href=\"https:\/\/moverdb.com\/fi\/moving-companies\/moving-companies-israel\/#3_Ocean\" >3. Ocean<\/a><\/li><li class='ez-toc-page-1 ez-toc-heading-level-2'><a class=\"ez-toc-link ez-toc-heading-4\" href=\"https:\/\/moverdb.com\/fi\/moving-companies\/moving-companies-israel\/#4_Sonigo\" >4. Sonigo<\/a><\/li><li class='ez-toc-page-1 ez-toc-heading-level-2'><a class=\"ez-toc-link ez-toc-heading-5\" href=\"https:\/\/moverdb.com\/fi\/moving-companies\/moving-companies-israel\/#5_A_Univers_Transit\" >5. A. Univers Transit<\/a><\/li><li class='ez-toc-page-1 ez-toc-heading-level-2'><a class=\"ez-toc-link ez-toc-heading-6\" href=\"https:\/\/moverdb.com\/fi\/moving-companies\/moving-companies-israel\/#6_Teamnet\" >6. Teamnet<\/a><\/li><li class='ez-toc-page-1 ez-toc-heading-level-2'><a class=\"ez-toc-link ez-toc-heading-7\" href=\"https:\/\/moverdb.com\/fi\/moving-companies\/moving-companies-israel\/#Other_Useful_Guides_to_Israel\" >Muita hy\u00f6dyllisi\u00e4 oppaita Israeliin<\/a><\/li><\/ul><\/nav><\/div>\n<h2><span class=\"ez-toc-section\" id=\"1_Globus_Relocation\"><\/span><strong>1. Globuksen uudelleensijoittaminen<\/strong><span class=\"ez-toc-section-end\"><\/span><\/h2>\n<p><img loading=\"lazy\" decoding=\"async\" class=\"alignnone size-full wp-image-7699\" src=\"https:\/\/moverdb.com\/wp-content\/uploads\/Globus-Relocation-international-moving-company.png\" alt=\"Globus Relocation kansainv\u00e4linen muuttofirma\" width=\"1440\" height=\"681\" data-wp-pid=\"7699\" srcset=\"https:\/\/moverdb.com\/wp-content\/uploads\/Globus-Relocation-international-moving-company.png 1440w, https:\/\/moverdb.com\/wp-content\/uploads\/Globus-Relocation-international-moving-company-300x142.png 300w, https:\/\/moverdb.com\/wp-content\/uploads\/Globus-Relocation-international-moving-company-1024x484.png 1024w, https:\/\/moverdb.com\/wp-content\/uploads\/Globus-Relocation-international-moving-company-18x9.png 18w, https:\/\/moverdb.com\/wp-content\/uploads\/Globus-Relocation-international-moving-company-600x284.png 600w\" sizes=\"auto, (max-width: 1440px) 100vw, 1440px\" \/><\/p>\n<ul>\n<li>Kansainv\u00e4liset siirrot<\/li>\n<li>Henkil\u00f6kohtaiset siirrot<\/li>\n<li>Kaupalliset siirrot<\/li>\n<li>Muuttopalvelut<\/li>\n<li>Ovelta ovelle -palvelu<\/li>\n<li>Pakkausapu<\/li>\n<li>Kehittyneet ja mukautetut pakkausmateriaalit<\/li>\n<li>Maa-, meri- ja ilmakuljetukset<\/li>\n<li>Vakuutus<\/li>\n<li>Turvallinen varastointi<\/li>\n<\/ul>\n<p>Globus Relocation on kansainv\u00e4linen pakkaus- ja kuljetusliike. <a href=\"https:\/\/moverdb.com\/fi\/shipping-companies\/\" data-internallinksmanager029f6b8e52c=\"4\" title=\"Top 10 kansainv\u00e4list\u00e4 konttikuljetusyrityst\u00e4\">varustamo<\/a> joka perustettiin vuonna 2014 ja jonka kotipaikka on Ashdod. Se on IAM:n j\u00e4sen ja FIDI:n akkreditoima. N\u00e4m\u00e4 j\u00e4senyydet tai akkreditoinnit antavat heille p\u00e4\u00e4syn kansainv\u00e4liseen agenttiverkostoon.<\/p>\n<p>Globus Relocation osoittaa yhden asiantuntijansa tukemaan sinua koko muuton ajan. He tarjoavat ovelta ovelle -palvelua, joka tarjoaa edistyksellisi\u00e4 pakkausmateriaaleja ja r\u00e4\u00e4t\u00e4l\u00f6ityj\u00e4 pakkausratkaisuja, jotka sopivat kaikkiin tavaroihin. He j\u00e4rjest\u00e4v\u00e4t tavarasi kuljetuksen maa-, meri- tai ilmateitse. He tarjoavat muita muuttopalveluja, joihin kuuluvat ty\u00f6viisumit, koti- ja kouluhaut, huonekalujen vuokraus, saapumispalvelut ja siivouspalvelu.<\/p>\n<p>Verkkosivusto: <a href=\"http:\/\/www.globus-relocation.com\" target=\"_blank\" rel=\"noopener\">http:\/\/www.globus-relocation.com<\/a><\/p>\n<h2><span class=\"ez-toc-section\" id=\"2_Infinity_Pack_Ship\"><\/span><strong>2. Infinity Pack &amp; Ship<\/strong><span class=\"ez-toc-section-end\"><\/span><\/h2>\n<p><img loading=\"lazy\" decoding=\"async\" class=\"alignnone size-full wp-image-7707\" src=\"https:\/\/moverdb.com\/wp-content\/uploads\/Infinity-Pack-Ship-international-moving-company.png\" alt=\"Infinity Pack &amp; Ship kansainv\u00e4linen muuttofirma\" width=\"1440\" height=\"680\" data-wp-pid=\"7707\" srcset=\"https:\/\/moverdb.com\/wp-content\/uploads\/Infinity-Pack-Ship-international-moving-company.png 1440w, https:\/\/moverdb.com\/wp-content\/uploads\/Infinity-Pack-Ship-international-moving-company-300x142.png 300w, https:\/\/moverdb.com\/wp-content\/uploads\/Infinity-Pack-Ship-international-moving-company-1024x484.png 1024w, https:\/\/moverdb.com\/wp-content\/uploads\/Infinity-Pack-Ship-international-moving-company-18x9.png 18w, https:\/\/moverdb.com\/wp-content\/uploads\/Infinity-Pack-Ship-international-moving-company-600x283.png 600w\" sizes=\"auto, (max-width: 1440px) 100vw, 1440px\" \/><\/p>\n<ul>\n<li>Kansalliset siirrot<\/li>\n<li>Kansainv\u00e4liset siirrot<\/li>\n<li>Asuntojen muutot<\/li>\n<li>Kaupalliset l\u00e4hetykset<\/li>\n<li>Ovelta ovelle tai ovelta<a href=\"https:\/\/moverdb.com\/fi\/top-49-container-ports\/\" data-internallinksmanager029f6b8e52c=\"80\" title=\"Top 49 suurinta ja vilkkainta konttisatamaa vuonna 2025\">satama<\/a> palvelu<\/li>\n<li>Pakkausapu<\/li>\n<li>Tie-, meri- ja lentoliikenne<\/li>\n<li>Tulliselvitys<\/li>\n<li>Vakuutus<\/li>\n<li>Lyhytaikainen ja pitk\u00e4aikainen varastointi<\/li>\n<\/ul>\n<p>Infinity Pack &amp; Ship on vuonna 2005 Jerusalemissa perustettu siirto- ja logistiikkayritys. Se tekee yhteisty\u00f6t\u00e4 kansainv\u00e4lisen muutto- ja logistiikkayritysten verkoston kanssa tarjotakseen palveluitaan. He ovat IAM:n j\u00e4sen, ja heill\u00e4 on 16 vuoden kokemus.<\/p>\n<p>Infinity Pack &amp; Ship tarjoaa ilmaisen kotikatselmuksen ja hoitaa kaikki muuttoasi koskevat paperity\u00f6t, mukaan lukien tulliselvitys. He tarjoavat ammattitaitoisen pakkausryhm\u00e4n pakkaamaan tavarasi turvallisesti. He tarjoavat erilaisia kuljetusvaihtoehtoja, mukaan lukien maantiekuljetukset, kuten suljetut ilmatyynyt, per\u00e4vaunut ja j\u00e4\u00e4hdytyslaitteet, sek\u00e4 lentorahtia ja merirahtia, kuten t\u00e4ysi\u00e4 tai kontteja pienempi\u00e4 kuormia.<\/p>\n<p>Verkkosivusto: <a href=\"http:\/\/infinitypack.co.il\" target=\"_blank\" rel=\"noopener\">http:\/\/infinitypack.co.il<\/a><\/p>\n<h2><span class=\"ez-toc-section\" id=\"3_Ocean\"><\/span><strong>3. <\/strong><strong>Ocean<\/strong><span class=\"ez-toc-section-end\"><\/span><\/h2>\n<p><img loading=\"lazy\" decoding=\"async\" class=\"alignnone size-full wp-image-7731\" src=\"https:\/\/moverdb.com\/wp-content\/uploads\/Ocean-international-moving-company.png\" alt=\"Ocean kansainv\u00e4linen muuttoliikeyritys\" width=\"1440\" height=\"682\" data-wp-pid=\"7731\" srcset=\"https:\/\/moverdb.com\/wp-content\/uploads\/Ocean-international-moving-company.png 1440w, https:\/\/moverdb.com\/wp-content\/uploads\/Ocean-international-moving-company-300x142.png 300w, https:\/\/moverdb.com\/wp-content\/uploads\/Ocean-international-moving-company-1024x485.png 1024w, https:\/\/moverdb.com\/wp-content\/uploads\/Ocean-international-moving-company-18x9.png 18w, https:\/\/moverdb.com\/wp-content\/uploads\/Ocean-international-moving-company-600x284.png 600w\" sizes=\"auto, (max-width: 1440px) 100vw, 1440px\" \/><\/p>\n<ul>\n<li>Kansainv\u00e4liset siirrot<\/li>\n<li>Kotitalouksien muutot<\/li>\n<li>Muuttopalvelut<\/li>\n<li>Asiakasp\u00e4\u00e4llikk\u00f6 tukenasi<\/li>\n<li>Pakkauspalvelu<\/li>\n<li>Tie-, meri- ja ilmakuljetukset<\/li>\n<li>Tulliselvitys<\/li>\n<li>L\u00e4hetyksen seuranta<\/li>\n<li>FIDI:n hyv\u00e4ksym\u00e4<\/li>\n<li>Maailmanlaajuiset varastointipalvelut<\/li>\n<\/ul>\n<p>Ocean on Kibbutz Yakumissa toimiva muutto- ja siirtoyritys. Se tekee yhteisty\u00f6t\u00e4 kansainv\u00e4listen kumppaneiden kanssa tarjotakseen muutto- ja siirtopalveluja kansainv\u00e4lisesti. Se on IAM:n j\u00e4sen, jolla on 79 vuoden kokemus, ja se on FIDI:n akkreditoima.<\/p>\n<p>Ocean tarjoaa muutonjohtajan, joka tukee sinua koko muuton ajan ja laatii kuljetussuunnitelman. He tarjoavat arvioijan, joka arvioi tarpeesi ja laatii suunnitelman siit\u00e4, mit\u00e4 kaikkea on kuljetettava lent\u00e4en, meritse tai matkatavaroissa. Heid\u00e4n muuttopalveluihinsa kuuluvat kodin ja koulujen l\u00f6yt\u00e4minen, sopeutumispalvelut, tilap\u00e4isasuminen, huonekalujen vuokraus, ty\u00f6viisumit, kieltenopiskelu ja varastointiratkaisut.<\/p>\n<p>Verkkosivusto: <a href=\"http:\/\/www.ocean-il.co.il\" target=\"_blank\" rel=\"noopener\">http:\/\/www.ocean-il.co.il<\/a><\/p>\n<h2><span class=\"ez-toc-section\" id=\"4_Sonigo\"><\/span><strong>4. Sonigo<\/strong><span class=\"ez-toc-section-end\"><\/span><\/h2>\n<p><img loading=\"lazy\" decoding=\"async\" class=\"alignnone size-full wp-image-7750\" src=\"https:\/\/moverdb.com\/wp-content\/uploads\/Sonigo-international-moving-company.png\" alt=\"Sonigo kansainv\u00e4linen muuttoyhti\u00f6\" width=\"1440\" height=\"679\" data-wp-pid=\"7750\" srcset=\"https:\/\/moverdb.com\/wp-content\/uploads\/Sonigo-international-moving-company.png 1440w, https:\/\/moverdb.com\/wp-content\/uploads\/Sonigo-international-moving-company-300x141.png 300w, https:\/\/moverdb.com\/wp-content\/uploads\/Sonigo-international-moving-company-1024x483.png 1024w, https:\/\/moverdb.com\/wp-content\/uploads\/Sonigo-international-moving-company-18x8.png 18w, https:\/\/moverdb.com\/wp-content\/uploads\/Sonigo-international-moving-company-600x283.png 600w\" sizes=\"auto, (max-width: 1440px) 100vw, 1440px\" \/><\/p>\n<ul>\n<li>Paikalliset ja kansalliset siirrot<\/li>\n<li>Kansainv\u00e4liset muutot ja uudelleensijoitukset<\/li>\n<li>Kotitalouksien muutot<\/li>\n<li>Kaupalliset siirrot<\/li>\n<li>Ovelta ovelle -palvelu<\/li>\n<li>Pakkauspalvelu<\/li>\n<li>Tulliselvitys<\/li>\n<li>Kuvataiteen k\u00e4sittely<\/li>\n<li>Vakuutus<\/li>\n<li>Lyhytaikainen ja pitk\u00e4aikainen varastointi<\/li>\n<\/ul>\n<p>Sonigo on <a href=\"https:\/\/moverdb.com\/fi\/container-shipping\/\" data-internallinksmanager029f6b8e52c=\"3\" title=\"Kansainv\u00e4lisen konttikuljetuksen hinnat: huhtikuu 2026\">kansainv\u00e4linen merenkulku<\/a> Gan Yavnessa sijaitseva yritys, joka on toiminut vuodesta 1986 ja tarjoaa kotitalouksien ja yritysten pakkaus- ja kuljetuspalveluja. Heill\u00e4 on tukenaan maailmanlaajuinen verkosto k\u00e4sin valittuja kansainv\u00e4lisi\u00e4 kuljetusagentteja. Yritys on IAM:n j\u00e4sen, jolla on 36 vuoden kokemus, ja se on FIDI:n akkreditoima.<\/p>\n<p>Sonigo tarjoaa ovelta ovelle -muutto- ja uudelleensijoituspalveluja, jotka alkavat kotikatselmuksella, jossa arvioidaan tarpeet ja laaditaan tarjous. He tarjoavat ammattitaitoista pakkauspalvelua, asiakirjojen t\u00e4ytt\u00e4mist\u00e4 ja kuljetuksen j\u00e4rjest\u00e4mist\u00e4. Heid\u00e4n muuttopalveluihinsa kuuluvat viisumit, verokonsultointi, koti- ja kouluhaku, huonekalujen vuokraus, saapumispalvelut, perehdytyspalvelut ja yleishy\u00f6dyllinen apu.<\/p>\n<p>Verkkosivusto: <a href=\"http:\/\/www.sonigo.com\" target=\"_blank\" rel=\"noopener\">http:\/\/www.sonigo.com<\/a><\/p>\n<h2><span class=\"ez-toc-section\" id=\"5_A_Univers_Transit\"><\/span><strong>5. A. Univers Transit<\/strong><span class=\"ez-toc-section-end\"><\/span><\/h2>\n<p><img loading=\"lazy\" decoding=\"async\" class=\"alignnone size-full wp-image-7654\" src=\"https:\/\/moverdb.com\/wp-content\/uploads\/A-Univers-Transit-international-moving-company.png\" alt=\"A Univers Transit kansainv\u00e4linen muuttofirma\" width=\"1440\" height=\"691\" data-wp-pid=\"7654\" srcset=\"https:\/\/moverdb.com\/wp-content\/uploads\/A-Univers-Transit-international-moving-company.png 1440w, https:\/\/moverdb.com\/wp-content\/uploads\/A-Univers-Transit-international-moving-company-300x144.png 300w, https:\/\/moverdb.com\/wp-content\/uploads\/A-Univers-Transit-international-moving-company-1024x491.png 1024w, https:\/\/moverdb.com\/wp-content\/uploads\/A-Univers-Transit-international-moving-company-18x9.png 18w, https:\/\/moverdb.com\/wp-content\/uploads\/A-Univers-Transit-international-moving-company-600x288.png 600w\" sizes=\"auto, (max-width: 1440px) 100vw, 1440px\" \/><\/p>\n<ul>\n<li>Kansainv\u00e4liset siirrot<\/li>\n<li>Kotitalouksien muutot<\/li>\n<li>Kaupalliset siirrot<\/li>\n<li>Muuttopalvelut<\/li>\n<li>Ovelta ovelle -palvelu<\/li>\n<li>Ammattimainen pakkaus<\/li>\n<li>Lento- ja merikuljetukset<\/li>\n<li>Paperity\u00f6n tekeminen<\/li>\n<li>Koti- ja kouluhaut<\/li>\n<li>Turvallinen varastointi<\/li>\n<\/ul>\n<p>Univers Transit on 1980-luvun lopulla perustettu merenkulku-, kuljetus- ja siirtoyritys, joka tarjoaa my\u00f6s pakkaus- ja varastointiratkaisuja. Yrityksell\u00e4 on toimipisteit\u00e4 Tel Avivissa, Ashdodissa ja Haifassa. Se on IAM:n j\u00e4sen 28 vuoden ajan, ja se on FIDI:n akkreditoima.<\/p>\n<p>Univers Transit tarjoaa ovelta ovelle -muutto- ja uudelleensijoituspalveluja, jotka alkavat konsultaatiotapaamisella, jossa arvioidaan tarpeesi ja laaditaan muuttosuunnitelma. He tarjoavat ammattimaisia pakkauspalveluja ja sopivia laatikoita tavaroillesi. He lastaavat kontit ja laatikot kuljetusta varten ja viev\u00e4t ne lentokent\u00e4lle tai satamaan toimitusta varten.<\/p>\n<p>Verkkosivusto: <a href=\"http:\/\/www.univers-transit.co.il\" target=\"_blank\" rel=\"noopener\">http:\/\/www.univers-transit.co.il<\/a><\/p>\n<h2><span class=\"ez-toc-section\" id=\"6_Teamnet\"><\/span><strong>6. Teamnet<\/strong><span class=\"ez-toc-section-end\"><\/span><\/h2>\n<p><img loading=\"lazy\" decoding=\"async\" class=\"alignnone size-full wp-image-7752\" src=\"https:\/\/moverdb.com\/wp-content\/uploads\/Teamnet-international-moving-company.png\" alt=\"Teamnet kansainv\u00e4linen muuttoyhti\u00f6\" width=\"1440\" height=\"685\" data-wp-pid=\"7752\" srcset=\"https:\/\/moverdb.com\/wp-content\/uploads\/Teamnet-international-moving-company.png 1440w, https:\/\/moverdb.com\/wp-content\/uploads\/Teamnet-international-moving-company-300x143.png 300w, https:\/\/moverdb.com\/wp-content\/uploads\/Teamnet-international-moving-company-1024x487.png 1024w, https:\/\/moverdb.com\/wp-content\/uploads\/Teamnet-international-moving-company-18x9.png 18w, https:\/\/moverdb.com\/wp-content\/uploads\/Teamnet-international-moving-company-600x285.png 600w\" sizes=\"auto, (max-width: 1440px) 100vw, 1440px\" \/><\/p>\n<ul>\n<li>Kansainv\u00e4liset siirrot<\/li>\n<li>Henkil\u00f6kohtaiset siirrot<\/li>\n<li>Kaupalliset l\u00e4hetykset<\/li>\n<li>Muuttopalvelut<\/li>\n<li>Ovelta ovelle -palvelu<\/li>\n<li>Pakkauspalvelut<\/li>\n<li>Merenkulun tai lentorahdin j\u00e4rjest\u00e4minen<\/li>\n<li>Tullimuodollisuudet<\/li>\n<li>Vakuutus<\/li>\n<li>Varastointitilat<\/li>\n<\/ul>\n<p>Teamnet on Haifassa toimiva muutto- ja siirtoyritys. Se tarjoaa erilaisia palveluja yksityishenkil\u00f6ille ja yrityksille, jotka kuljettavat tavaroita Israeliin tai Israelista. He tekev\u00e4t yhteisty\u00f6t\u00e4 kansainv\u00e4listen agenttien verkoston kanssa tarjotakseen palveluja Israelin ulkopuolella, ja he ovat IAM:n j\u00e4sen.<\/p>\n<p>Teamnet tarjoaa ovelta ovelle -muutto- ja uudelleensijoituspalvelua Israeliin l\u00e4hteville ja sinne saapuville asiakkaille. He tarjoavat kotik\u00e4ynnin muuttotarpeiden arvioimiseksi. He laativat yksityiskohtaisen suunnitelman ja tarjoavat pakkauspalvelun, jossa k\u00e4ytet\u00e4\u00e4n meri- tai ilmakuljetukseen soveltuvia edistyksellisi\u00e4 pakkausmateriaaleja. He hoitavat viranomais- ja tullimuodollisuudet.<\/p>\n<p>Verkkosivusto: <a href=\"http:\/\/www.en.team-net.co.il\" target=\"_blank\" rel=\"noopener\">http:\/\/www.en.team-net.co.il<\/a><\/p>\n<h2><span class=\"ez-toc-section\" id=\"Other_Useful_Guides_to_Israel\"><\/span>Muita hy\u00f6dyllisi\u00e4 oppaita Israeliin<span class=\"ez-toc-section-end\"><\/span><\/h2>\n<ul>\n<li> <a href=\"https:\/\/moverdb.com\/fi\/konttikuljetukset\/israel\/\">2024 Merirahti konttien laivaushinnat Israeliin ja Israelista<\/a><\/li>\n<li> <a href=\"https:\/\/moverdb.com\/fi\/moving-to-israel\/\">Muutat Israeliin? 2023 Elinkustannukset ja muuttovinkit<\/a><\/li>\n<li> <a href=\"https:\/\/moverdb.com\/fi\/moving-to-israel\/best-places-to-live-israel\/\">13 parasta asuinpaikkaa Israelissa<\/a><\/li>\n<li> <a href=\"https:\/\/moverdb.com\/fi\/moving-to-israel\/living-in-israel\/\">21 salaisuutta Israelissa asumisesta, jotka on hyv\u00e4 tiet\u00e4\u00e4 ennen muuttoa<\/a><\/li>\n<\/ul>","protected":false},"excerpt":{"rendered":"<p>Moving your home or business can be stressful so employing the services of a moving company could reduce the workload and ease the move. So below we have compiled a list of Israel based removal companies that are members of the International Association of Movers (IAM) and\/or FIDI Accredited International Mover (FAIM) who could assist [&hellip;]<\/p>\n","protected":false},"author":4,"featured_media":0,"parent":190,"menu_order":0,"comment_status":"closed","ping_status":"closed","template":"","meta":{"_genesis_hide_title":false,"_genesis_hide_breadcrumbs":false,"_genesis_hide_singular_image":false,"_genesis_hide_footer_widgets":false,"_genesis_custom_body_class":"","_genesis_custom_post_class":"","_genesis_layout":"","footnotes":""},"class_list":{"0":"post-7779","1":"page","2":"type-page","3":"status-publish","5":"entry","6":"has-post-thumbnail"},"_links":{"self":[{"href":"https:\/\/moverdb.com\/fi\/wp-json\/wp\/v2\/pages\/7779","targetHints":{"allow":["GET"]}}],"collection":[{"href":"https:\/\/moverdb.com\/fi\/wp-json\/wp\/v2\/pages"}],"about":[{"href":"https:\/\/moverdb.com\/fi\/wp-json\/wp\/v2\/types\/page"}],"author":[{"embeddable":true,"href":"https:\/\/moverdb.com\/fi\/wp-json\/wp\/v2\/users\/4"}],"replies":[{"embeddable":true,"href":"https:\/\/moverdb.com\/fi\/wp-json\/wp\/v2\/comments?post=7779"}],"version-history":[{"count":4,"href":"https:\/\/moverdb.com\/fi\/wp-json\/wp\/v2\/pages\/7779\/revisions"}],"predecessor-version":[{"id":17076,"href":"https:\/\/moverdb.com\/fi\/wp-json\/wp\/v2\/pages\/7779\/revisions\/17076"}],"up":[{"embeddable":true,"href":"https:\/\/moverdb.com\/fi\/wp-json\/wp\/v2\/pages\/190"}],"wp:attachment":[{"href":"https:\/\/moverdb.com\/fi\/wp-json\/wp\/v2\/media?parent=7779"}],"curies":[{"name":"wp","href":"https:\/\/api.w.org\/{rel}","templated":true}]}}