{"id":7525,"date":"2023-02-01T14:03:46","date_gmt":"2023-02-01T14:03:46","guid":{"rendered":"https:\/\/moverdb.com\/?page_id=7525"},"modified":"2026-01-08T15:25:10","modified_gmt":"2026-01-08T15:25:10","slug":"moving-companies-iran","status":"publish","type":"page","link":"https:\/\/moverdb.com\/fi\/moving-companies\/moving-companies-iran\/","title":{"rendered":"5 parasta kansainv\u00e4list\u00e4 muuttoyrityst\u00e4 Iranissa"},"content":{"rendered":"<p>Suunnitteletko muuttoa? Olitpa sitten muuttamassa kotiin ja\/tai yritykseen, saatat haluta apua paineiden v\u00e4hent\u00e4miseksi, ja juuri t\u00e4ss\u00e4 tilanteessa apuv\u00e4line on <a href=\"https:\/\/moverdb.com\/fi\/moving-companies\/\" data-internallinksmanager029f6b8e52c=\"79\" title=\"Top 25 Kansainv\u00e4list\u00e4 muuttoyrityksi\u00e4 verkossa\">muuttofirma<\/a> voi auttaa. Alla on luettelo Iranissa toimivista yrityksist\u00e4. <a href=\"https:\/\/moverdb.com\/fi\/international-removals\/\" data-internallinksmanager029f6b8e52c=\"27\" title=\"36 Parhaat kansainv\u00e4liset muuttoyritykset Yhdistyneess\u00e4 kuningaskunnassa\">muuttofirmat<\/a> jotka ovat j\u00e4seni\u00e4 <a href=\"https:\/\/moverdb.com\/fi\/iam\/\" data-internallinksmanager029f6b8e52c=\"23\" title=\"Kansainv\u00e4linen muuttajien liitto (IAM) selitetty\">Kansainv\u00e4linen muuttajien liitto<\/a> (IAM) ja\/tai <a href=\"https:\/\/moverdb.com\/fi\/fidi-faim\/\" data-internallinksmanager029f6b8e52c=\"16\" title=\"FIDI &amp; FAIM (FIDI Accredited International Mover) selitettyin\u00e4\">FIDI<\/a> Accredited International Mover (FAIM), joka voi auttaa sinua muutossasi.<\/p>\n<div id=\"ez-toc-container\" class=\"ez-toc-v2_0_82_2 ez-toc-wrap-left counter-hierarchy ez-toc-counter ez-toc-transparent ez-toc-container-direction\">\n<div class=\"ez-toc-title-container\">\n<p class=\"ez-toc-title\" style=\"cursor:inherit\">Jaksot<\/p>\n<span class=\"ez-toc-title-toggle\"><a href=\"#\" class=\"ez-toc-pull-right ez-toc-btn ez-toc-btn-xs ez-toc-btn-default ez-toc-toggle\" aria-label=\"Sis\u00e4llysluettelon vaihtaminen\"><span class=\"ez-toc-js-icon-con\"><span class=\"\"><span class=\"eztoc-hide\" style=\"display:none;\">Toggle<\/span><span class=\"ez-toc-icon-toggle-span\"><svg style=\"fill: #999;color:#999\" xmlns=\"http:\/\/www.w3.org\/2000\/svg\" class=\"list-377408\" width=\"20px\" height=\"20px\" viewbox=\"0 0 24 24\" fill=\"none\"><path d=\"M6 6H4v2h2V6zm14 0H8v2h12V6zM4 11h2v2H4v-2zm16 0H8v2h12v-2zM4 16h2v2H4v-2zm16 0H8v2h12v-2z\" fill=\"currentColor\"><\/path><\/svg><svg style=\"fill: #999;color:#999\" class=\"arrow-unsorted-368013\" xmlns=\"http:\/\/www.w3.org\/2000\/svg\" width=\"10px\" height=\"10px\" viewbox=\"0 0 24 24\" version=\"1.2\" baseprofile=\"tiny\"><path d=\"M18.2 9.3l-6.2-6.3-6.2 6.3c-.2.2-.3.4-.3.7s.1.5.3.7c.2.2.4.3.7.3h11c.3 0 .5-.1.7-.3.2-.2.3-.5.3-.7s-.1-.5-.3-.7zM5.8 14.7l6.2 6.3 6.2-6.3c.2-.2.3-.5.3-.7s-.1-.5-.3-.7c-.2-.2-.4-.3-.7-.3h-11c-.3 0-.5.1-.7.3-.2.2-.3.5-.3.7s.1.5.3.7z\"\/><\/svg><\/span><\/span><\/span><\/a><\/span><\/div>\n<nav><ul class='ez-toc-list ez-toc-list-level-1 eztoc-toggle-hide-by-default' ><li class='ez-toc-page-1 ez-toc-heading-level-2'><a class=\"ez-toc-link ez-toc-heading-1\" href=\"https:\/\/moverdb.com\/fi\/moving-companies\/moving-companies-iran\/#1_Barad_Air_Sea_Co\" >1. Barad Air &amp; Sea Co<\/a><\/li><li class='ez-toc-page-1 ez-toc-heading-level-2'><a class=\"ez-toc-link ez-toc-heading-2\" href=\"https:\/\/moverdb.com\/fi\/moving-companies\/moving-companies-iran\/#2_Kar_Kia_Co_Ltd\" >2. Kar Kia Co Ltd<\/a><\/li><li class='ez-toc-page-1 ez-toc-heading-level-2'><a class=\"ez-toc-link ez-toc-heading-3\" href=\"https:\/\/moverdb.com\/fi\/moving-companies\/moving-companies-iran\/#3_Simorgh_Pack_Express\" >3. Simorgh Pack Express<\/a><\/li><li class='ez-toc-page-1 ez-toc-heading-level-2'><a class=\"ez-toc-link ez-toc-heading-4\" href=\"https:\/\/moverdb.com\/fi\/moving-companies\/moving-companies-iran\/#4_Simorgh_Pack\" >4. Simorgh Pack<\/a><\/li><li class='ez-toc-page-1 ez-toc-heading-level-2'><a class=\"ez-toc-link ez-toc-heading-5\" href=\"https:\/\/moverdb.com\/fi\/moving-companies\/moving-companies-iran\/#5_Unipack\" >5. Unipack<\/a><\/li><\/ul><\/nav><\/div>\n<h2><span class=\"ez-toc-section\" id=\"1_Barad_Air_Sea_Co\"><\/span><strong>1. Barad Air &amp; Sea Co<\/strong><span class=\"ez-toc-section-end\"><\/span><\/h2>\n<p><img loading=\"lazy\" decoding=\"async\" class=\"alignnone size-full wp-image-7418\" src=\"https:\/\/moverdb.com\/wp-content\/uploads\/Barad-international-moving-company.png\" alt=\"Baradin kansainv\u00e4linen muuttofirma\" width=\"1440\" height=\"687\" data-wp-pid=\"7418\" srcset=\"https:\/\/moverdb.com\/wp-content\/uploads\/Barad-international-moving-company.png 1440w, https:\/\/moverdb.com\/wp-content\/uploads\/Barad-international-moving-company-300x143.png 300w, https:\/\/moverdb.com\/wp-content\/uploads\/Barad-international-moving-company-1024x489.png 1024w, https:\/\/moverdb.com\/wp-content\/uploads\/Barad-international-moving-company-18x9.png 18w, https:\/\/moverdb.com\/wp-content\/uploads\/Barad-international-moving-company-600x286.png 600w\" sizes=\"auto, (max-width: 1440px) 100vw, 1440px\" \/><\/p>\n<ul>\n<li>Kansalliset siirrot<\/li>\n<li>Kansainv\u00e4liset siirrot<\/li>\n<li>Kotitalouksien muutot<\/li>\n<li>Toimiston muutot<\/li>\n<li>Asiakasp\u00e4\u00e4llik\u00f6t<\/li>\n<li>Ammattimainen pakkauspalvelu<\/li>\n<li>Tie-, meri- ja ilmakuljetukset<\/li>\n<li>Tulliselvitys<\/li>\n<li>Taideteosten kuljetus<\/li>\n<li>Lyhytaikainen ja pitk\u00e4aikainen varastointi<\/li>\n<\/ul>\n<p>Barad on kuorma-auto- ja logistiikkayritys, joka tarjoaa muuttoratkaisuja Iranissa ja yli 150 maassa maailmanlaajuisesti muuttokumppanien verkoston kautta. Se tarjoaa my\u00f6s huolintaa, varastopalveluja ja tulliselvityspalveluja. He ovat my\u00f6s IAM:n j\u00e4sen.<\/p>\n<p>Barad tarjoaa palveluunsa omistautuneita asiakasp\u00e4\u00e4llik\u00f6it\u00e4, jotka auttavat kuljetustarpeissasi. Barad tarjoaa ovelta ovelle -muuttopalvelua, joka voidaan toteuttaa maantie-, meri- tai lentoteitse ja joka sis\u00e4lt\u00e4\u00e4 tulliselvityksen. Barad tarjoaa ammattitaitoista pakkauspalvelua, joka sis\u00e4lt\u00e4\u00e4 laatikoinnin, pakkausten purkamisen ja roskien poistamisen. He huolehtivat henkil\u00f6kohtaisista tavaroista, ylim\u00e4\u00e4r\u00e4isist\u00e4 matkatavaroista, taideteoksista, toimistolaitteista ja suurl\u00e4hetyst\u00f6ist\u00e4.<\/p>\n<p>Verkkosivusto: <a href=\"http:\/\/baradairsea.com\" target=\"_blank\" rel=\"noopener\">http:\/\/baradairsea.com<\/a><\/p>\n<h2><span class=\"ez-toc-section\" id=\"2_Kar_Kia_Co_Ltd\"><\/span><strong>2. Kar Kia Co Ltd<\/strong><span class=\"ez-toc-section-end\"><\/span><\/h2>\n<p><img loading=\"lazy\" decoding=\"async\" class=\"alignnone size-full wp-image-7526\" src=\"https:\/\/moverdb.com\/wp-content\/uploads\/Kat-Kia-international-moving-company.png\" alt=\"Kat Kia kansainv\u00e4linen muuttoyhti\u00f6\" width=\"1440\" height=\"680\" data-wp-pid=\"7526\" srcset=\"https:\/\/moverdb.com\/wp-content\/uploads\/Kat-Kia-international-moving-company.png 1440w, https:\/\/moverdb.com\/wp-content\/uploads\/Kat-Kia-international-moving-company-300x142.png 300w, https:\/\/moverdb.com\/wp-content\/uploads\/Kat-Kia-international-moving-company-1024x484.png 1024w, https:\/\/moverdb.com\/wp-content\/uploads\/Kat-Kia-international-moving-company-18x9.png 18w, https:\/\/moverdb.com\/wp-content\/uploads\/Kat-Kia-international-moving-company-600x283.png 600w\" sizes=\"auto, (max-width: 1440px) 100vw, 1440px\" \/><\/p>\n<ul>\n<li>Kansalliset siirrot<\/li>\n<li>Kansainv\u00e4liset siirrot<\/li>\n<li>Kotitalouksien muutot<\/li>\n<li>Ovelta ovelle -palvelu<\/li>\n<li>Pakkauspalvelu<\/li>\n<li>Kuljetus maitse, meritse tai ilmateitse<\/li>\n<li>Tulliselvitys<\/li>\n<li>Taidekuljetukset<\/li>\n<li>Vakuutus<\/li>\n<li>Varastointi<\/li>\n<\/ul>\n<p>Kar Kia on Teheranissa sijaitseva muutto- ja varastointiyritys, joka tarjoaa muuttoratkaisuja paikallisesti Teheranissa, koko Iranissa ja kansainv\u00e4lisi\u00e4 muuttoja Iraniin ja Iranista. Yrityst\u00e4 tukee muuttoagenttiverkosto ymp\u00e4ri maailmaa, ja se on IAM:n j\u00e4sen 39 vuoden kokemuksella.<\/p>\n<p>Kar Kia tarjoaa kotitalouksien muuttoihin ovelta ovelle -palvelun, johon kuuluu kaikkien tavaroiden turvallinen pakkaaminen kuljetusta varten. Kia Kia j\u00e4rjest\u00e4\u00e4 tavarasi kuljetuksen m\u00e4\u00e4r\u00e4np\u00e4\u00e4h\u00e4n maanteitse, meritse tai ilmateitse ja avustaa tuonti- ja vientiselvityksiss\u00e4. He tarjoavat my\u00f6s lis\u00e4palveluita, joihin kuuluvat taide-esineiden siirto, vakuutus ja varastointi.<\/p>\n<p>Verkkosivusto: <a href=\"http:\/\/www.karkiamovers.com\" target=\"_blank\" rel=\"noopener\">http:\/\/www.karkiamovers.com<\/a><\/p>\n<h2><span class=\"ez-toc-section\" id=\"3_Simorgh_Pack_Express\"><\/span><strong>3. <\/strong><strong>Simorgh Pack Express<\/strong><span class=\"ez-toc-section-end\"><\/span><\/h2>\n<p><img loading=\"lazy\" decoding=\"async\" class=\"alignnone size-full wp-image-7486\" src=\"https:\/\/moverdb.com\/wp-content\/uploads\/Simorgh-Pack-Express-international-moving-company.png\" alt=\"Simorgh Pack Express kansainv\u00e4linen muuttofirma\" width=\"1440\" height=\"678\" data-wp-pid=\"7486\" srcset=\"https:\/\/moverdb.com\/wp-content\/uploads\/Simorgh-Pack-Express-international-moving-company.png 1440w, https:\/\/moverdb.com\/wp-content\/uploads\/Simorgh-Pack-Express-international-moving-company-300x141.png 300w, https:\/\/moverdb.com\/wp-content\/uploads\/Simorgh-Pack-Express-international-moving-company-1024x482.png 1024w, https:\/\/moverdb.com\/wp-content\/uploads\/Simorgh-Pack-Express-international-moving-company-18x8.png 18w, https:\/\/moverdb.com\/wp-content\/uploads\/Simorgh-Pack-Express-international-moving-company-600x283.png 600w\" sizes=\"auto, (max-width: 1440px) 100vw, 1440px\" \/><\/p>\n<ul>\n<li>Kansalliset siirrot<\/li>\n<li>Kansainv\u00e4liset siirrot<\/li>\n<li>Kotitalouksien muutot<\/li>\n<li>Kotona teht\u00e4v\u00e4 tutkimus<\/li>\n<li>Pakkauspalvelu<\/li>\n<li>Kuljetukset meritse, ilmassa ja maalla<\/li>\n<li>Tullin apu<\/li>\n<li>Ajoneuvojen kuljetus<\/li>\n<li>Vakuutus<\/li>\n<li>Varastointitilat<\/li>\n<\/ul>\n<p>Simorgh Pack Express on Teheranissa toimiva muuttofirma. Heill\u00e4 on maailmanlaajuinen yhteisty\u00f6kumppanien verkosto, joka auttaa kansainv\u00e4lisiss\u00e4 muutoissa kaikkialla maailmassa. He ovat IAM:n j\u00e4sen, ja heill\u00e4 on 31 vuoden kokemus.<\/p>\n<p>Simorgh Pack Express koordinoi koko muuton ja varmistaa, ett\u00e4 se sujuu sujuvasti, olipa kyseess\u00e4 sitten paikallinen tai maailmanlaajuinen muutto. Koulutettu henkil\u00f6kunta pakkaa tavarasi turvallisesti ja suojaa ne kuljetuksen aikana k\u00e4ytt\u00e4m\u00e4ll\u00e4 korkealaatuisia materiaaleja. He hoitavat kuljetuksesi maalla, ilmassa tai meritse ja varmistavat, ett\u00e4 he l\u00f6yt\u00e4v\u00e4t tarpeisiisi parhaan ratkaisun ja alhaisimmat maksut.<\/p>\n<p>Verkkosivusto: <a href=\"http:\/\/www.simorghpackexpress.com\" target=\"_blank\" rel=\"noopener\">http:\/\/www.simorghpackexpress.com<\/a><\/p>\n<h2><span class=\"ez-toc-section\" id=\"4_Simorgh_Pack\"><\/span><strong>4. Simorgh Pack<\/strong><span class=\"ez-toc-section-end\"><\/span><\/h2>\n<p><img loading=\"lazy\" decoding=\"async\" class=\"alignnone size-full wp-image-7487\" src=\"https:\/\/moverdb.com\/wp-content\/uploads\/Simorgh-Pack-international-moving-company.png\" alt=\"Simorgh Pack kansainv\u00e4linen muuttofirma\" width=\"1440\" height=\"680\" data-wp-pid=\"7487\" srcset=\"https:\/\/moverdb.com\/wp-content\/uploads\/Simorgh-Pack-international-moving-company.png 1440w, https:\/\/moverdb.com\/wp-content\/uploads\/Simorgh-Pack-international-moving-company-300x142.png 300w, https:\/\/moverdb.com\/wp-content\/uploads\/Simorgh-Pack-international-moving-company-1024x484.png 1024w, https:\/\/moverdb.com\/wp-content\/uploads\/Simorgh-Pack-international-moving-company-18x9.png 18w, https:\/\/moverdb.com\/wp-content\/uploads\/Simorgh-Pack-international-moving-company-600x283.png 600w\" sizes=\"auto, (max-width: 1440px) 100vw, 1440px\" \/><\/p>\n<ul>\n<li>Paikalliset ja kansalliset siirrot<\/li>\n<li>Kansainv\u00e4liset siirrot<\/li>\n<li>Kotitalouksien muutot<\/li>\n<li>Kaupalliset siirrot<\/li>\n<li>Ovelta ovelle -palvelu<\/li>\n<li>Ammattimainen pakkaus<\/li>\n<li>Kuljetus maalla, ilmassa tai merell\u00e4<\/li>\n<li>Ajoneuvojen kuljetus<\/li>\n<li>Vakuutus<\/li>\n<li>Turvalliset varastotilat<\/li>\n<\/ul>\n<p>Simorgh Pack on Teheranissa sijaitseva maailmanlaajuinen muuttofirma, joka on auttanut ihmisi\u00e4 muuttamaan vuodesta 1992 l\u00e4htien. Heill\u00e4 on maailmanlaajuinen verkosto kuljetus- ja muuttoagentteja ja asiantuntijoita, jotka tukevat heit\u00e4. He ovat IAM:n j\u00e4sen, ja heill\u00e4 on 31 vuoden kokemus.<\/p>\n<p>Simorgh Packilla on oma muuttokoordinaattori, joka tukee sinua kaikissa vaiheissa. Se alkaa alkukartoituksella, jossa kartoitetaan tarpeesi, mink\u00e4 j\u00e4lkeen he etsiv\u00e4t parhaat reitit oikeaan hintaan. Heid\u00e4n ammattitaitoiset pakkaajansa pakkaavat tavarasi maa-, ilma- tai merikuljetusta varten yksityiskohtaisen inventaarion avulla.<\/p>\n<p>Verkkosivusto: <a href=\"http:\/\/www.simorghpack.com\" target=\"_blank\" rel=\"noopener\">http:\/\/www.simorghpack.com<\/a><\/p>\n<h2><span class=\"ez-toc-section\" id=\"5_Unipack\"><\/span><strong>5. Unipack<\/strong><span class=\"ez-toc-section-end\"><\/span><\/h2>\n<p><img loading=\"lazy\" decoding=\"async\" class=\"alignnone size-full wp-image-7494\" src=\"https:\/\/moverdb.com\/wp-content\/uploads\/Unipack-international-moving-company-1.png\" alt=\"Unipack kansainv\u00e4linen muuttoyhti\u00f6\" width=\"1440\" height=\"681\" data-wp-pid=\"7494\" srcset=\"https:\/\/moverdb.com\/wp-content\/uploads\/Unipack-international-moving-company-1.png 1440w, https:\/\/moverdb.com\/wp-content\/uploads\/Unipack-international-moving-company-1-300x142.png 300w, https:\/\/moverdb.com\/wp-content\/uploads\/Unipack-international-moving-company-1-1024x484.png 1024w, https:\/\/moverdb.com\/wp-content\/uploads\/Unipack-international-moving-company-1-18x9.png 18w, https:\/\/moverdb.com\/wp-content\/uploads\/Unipack-international-moving-company-1-600x284.png 600w\" sizes=\"auto, (max-width: 1440px) 100vw, 1440px\" \/><\/p>\n<ul>\n<li>Kansainv\u00e4liset siirrot<\/li>\n<li>Kotitalouksien muutot<\/li>\n<li>Kaupalliset ja toimistosiirrot<\/li>\n<li>Ovelta ovelle -palvelu<\/li>\n<li>Pakkauspalvelut<\/li>\n<li>Tullimuodollisuudet<\/li>\n<li>Maa-, meri- ja ilmakuljetukset<\/li>\n<li>Lemmikkiel\u00e4inten kuljetus<\/li>\n<li>Ajoneuvojen kuljetus<\/li>\n<li>Varastointitilat<\/li>\n<\/ul>\n<p>Unipack on Iranissa toimiva kansainv\u00e4linen pakkaus- ja huolintayritys, joka perustettiin vuonna 1975. Se tekee yhteisty\u00f6t\u00e4 valittujen kansainv\u00e4listen muutto- ja uudelleensijoituskumppaneiden verkoston kanssa kaikkialla maailmassa toimittaakseen muuttoja minne tahansa. He ovat IAM:n j\u00e4sen, ja heill\u00e4 on 49 vuoden kokemus.<\/p>\n<p>Unipack tarjoaa monenlaisia kuljetuspalveluja, kuten kotitaloustavaroita, n\u00e4yttelytavaroita, taideteoksia, ajoneuvoja, lemmikkiel\u00e4imi\u00e4, ruumiita ja toimistosiirtoja. He tarjoavat ovelta ovelle -palvelua muutoissa, joihin kuuluu tavaroiden turvallinen pakkaaminen ja puulaatikoiden k\u00e4ytt\u00f6 hauraille esineille. He j\u00e4rjest\u00e4v\u00e4t maalla, ilmassa ja merell\u00e4 tapahtuvat kuljetukset ja hoitavat tullimuodollisuudet.<\/p>\n<p>Verkkosivusto: <a href=\"http:\/\/www.unipack.ir\" target=\"_blank\" rel=\"noopener\">http:\/\/www.unipack.ir<\/a><\/p>","protected":false},"excerpt":{"rendered":"<p>Are you planning on moving? Whether you are moving home and\/or business, you might want some help to reduce the pressure which is where a moving company can help. Below we have compiled a list of Iran based removal companies that are members of the International Association of Movers (IAM) and\/or FIDI Accredited International Mover [&hellip;]<\/p>\n","protected":false},"author":4,"featured_media":0,"parent":190,"menu_order":0,"comment_status":"closed","ping_status":"closed","template":"","meta":{"_genesis_hide_title":false,"_genesis_hide_breadcrumbs":false,"_genesis_hide_singular_image":false,"_genesis_hide_footer_widgets":false,"_genesis_custom_body_class":"","_genesis_custom_post_class":"","_genesis_layout":"","footnotes":""},"class_list":{"0":"post-7525","1":"page","2":"type-page","3":"status-publish","5":"entry","6":"has-post-thumbnail"},"_links":{"self":[{"href":"https:\/\/moverdb.com\/fi\/wp-json\/wp\/v2\/pages\/7525","targetHints":{"allow":["GET"]}}],"collection":[{"href":"https:\/\/moverdb.com\/fi\/wp-json\/wp\/v2\/pages"}],"about":[{"href":"https:\/\/moverdb.com\/fi\/wp-json\/wp\/v2\/types\/page"}],"author":[{"embeddable":true,"href":"https:\/\/moverdb.com\/fi\/wp-json\/wp\/v2\/users\/4"}],"replies":[{"embeddable":true,"href":"https:\/\/moverdb.com\/fi\/wp-json\/wp\/v2\/comments?post=7525"}],"version-history":[{"count":1,"href":"https:\/\/moverdb.com\/fi\/wp-json\/wp\/v2\/pages\/7525\/revisions"}],"predecessor-version":[{"id":7527,"href":"https:\/\/moverdb.com\/fi\/wp-json\/wp\/v2\/pages\/7525\/revisions\/7527"}],"up":[{"embeddable":true,"href":"https:\/\/moverdb.com\/fi\/wp-json\/wp\/v2\/pages\/190"}],"wp:attachment":[{"href":"https:\/\/moverdb.com\/fi\/wp-json\/wp\/v2\/media?parent=7525"}],"curies":[{"name":"wp","href":"https:\/\/api.w.org\/{rel}","templated":true}]}}